{"id":9708,"date":"2023-12-12T19:35:42","date_gmt":"2023-12-12T19:35:42","guid":{"rendered":"https:\/\/grow.ee\/?page_id=9708"},"modified":"2026-04-08T12:13:09","modified_gmt":"2026-04-08T09:13:09","slug":"kirjanpito","status":"publish","type":"page","link":"https:\/\/grow.ee\/fi\/teenused\/raamatupidamine\/","title":{"rendered":"Kirjanpito"},"content":{"rendered":"<div class=\"banner has-hover\" id=\"banner-426579084\">\n          <div class=\"banner-inner fill\">\n        <div class=\"banner-bg fill\" >\n            <img loading=\"lazy\" decoding=\"async\" width=\"720\" height=\"480\" src=\"https:\/\/grow.ee\/wp-content\/uploads\/2024\/05\/Arianaluutika-2-720x480.jpg\" class=\"bg attachment-large size-large\" alt=\"\" \/>                        <div class=\"overlay\"><\/div>            \n                    <\/div>\n\t\t\n        <div class=\"banner-layers container\">\n            <div class=\"fill banner-link\"><\/div>            \n\n   <div id=\"text-box-585961981\" class=\"text-box banner-layer x50 md-x50 lg-x50 y50 md-y50 lg-y50 res-text\">\n                                <div class=\"text-box-content text dark\">\n              \n              <div class=\"text-inner text-center\">\n                  \n\n<h3 class=\"uppercase\"><span style=\"color: #1b1a46;\"><strong>Kirjanpito<\/strong><\/span><\/h3>\n<p style=\"text-align: left;\"><span style=\"color: #1b1a46;\"><br \/><span style=\"font-size: 120%; color: #57595d;\"><strong>Teetk\u00f6 yrityksesi kirjanpidon itse vai ulkoistatko sen?<\/strong> Jos tavoitteena on kasvattaa ja kehitt\u00e4\u00e4 yrityst\u00e4, on j\u00e4rkev\u00e4\u00e4 ulkoistaa kirjanpito ja keskitty\u00e4 itse tavoitteiden saavuttamiseen.<\/span><\/span><\/p>\n<p style=\"text-align: left;\"><span style=\"color: #57595d;\"><span style=\"font-size: 120%;\">Grow Finance -kirjanpitopalvelu tarjoaa mielenrauhan, jonka ansiosta voit keskitty\u00e4 tavoitteidesi saavuttamiseen.<\/span><\/span><\/p>\n<a href=\"https:\/\/grow.ee\/fi\/ota-meihin-yhteytta\/\" class=\"button alert is-shade\" style=\"border-radius:8px;\">\n\t\t<span>V\u00d5TA MEIEGA \u00dcHENDUST<\/span>\n\t<\/a>\n\n\n\n              <\/div>\n           <\/div>\n                            \n<style>\n#text-box-585961981 .text-box-content {\n  background-color: rgba(255, 255, 255, 0.913);\n  border-radius: 16px;\n  font-size: 100%;\n}\n#text-box-585961981 .text-inner {\n  padding: 10px 10px 5px 10px;\n}\n#text-box-585961981 {\n  width: 84%;\n}\n<\/style>\n    <\/div>\n \n\n        <\/div>\n      <\/div>\n\n            \n<style>\n#banner-426579084 {\n  padding-top: 500px;\n}\n#banner-426579084 .overlay {\n  background-color: rgba(0, 0, 0, 0.17);\n}\n<\/style>\n  <\/div>\n\n\n<div class=\"row\"  id=\"row-2016796208\">\n\n\n\t<div id=\"col-858700739\" class=\"col small-12 large-12\"  >\n\t\t\t\t<div class=\"col-inner\"  >\n\t\t\t\n\t\t\t\n\n<div class=\"elementor-element elementor-element-71a9495 elementor-widget elementor-widget-heading\" data-id=\"71a9495\" data-element_type=\"widget\" data-widget_type=\"heading.default\">\n<div class=\"elementor-widget-container\">\n<h2 class=\"elementor-heading-title elementor-size-default\">Miksi valita Grow Finance kirjanpitopalveluksi?<\/h2>\n<\/div>\n<\/div>\n<div class=\"elementor-element elementor-element-6df2233b color-scheme-inherit text-left elementor-widget elementor-widget-text-editor\" data-id=\"6df2233b\" data-element_type=\"widget\" data-widget_type=\"text-editor.default\">\n<div class=\"elementor-widget-container\">\n<p data-pm-slice=\"1 1 &#091;&#093;\"><span data-color=\"rgb(246, 249, 252)\">Asianmukainen kirjanpito on v\u00e4ltt\u00e4m\u00e4t\u00f6nt\u00e4 jokaiselle yritykselle ja <\/span><a href=\"https:\/\/grow.ee\/fi\/palvelut\/e-residenssi\/\" target=\"_blank\" rel=\"noopener noreferrer\"><span data-color=\"rgb(246, 249, 252)\">e-asukas<\/span><\/a><span data-color=\"rgb(246, 249, 252)\"> yksi tukikohdista, ei vain lakis\u00e4\u00e4teisen velvoitteen vuoksi, vaan my\u00f6s siksi, ett\u00e4 taloudelliset tiedot ovat t\u00e4rkeit\u00e4 indikaattoreita yrityksen kokonaisvaltaisen kehityksen analysoinnissa. Kuukausittainen yleiskatsaus kuiteista, laskuista, muuttuvista kustannuksista ja taseesta antaa sinulle mahdollisuuden p\u00e4\u00e4tt\u00e4\u00e4 yrityksen tulevasta suunnasta ja tehd\u00e4 oikeita johdon p\u00e4\u00e4t\u00f6ksi\u00e4.<\/span><\/p>\n<p>Ammattilaiset voivat ajatella kanssasi, neuvoa yrityksen taloudellista tilannetta, perustella kustannusten tarpeellisuutta, tehd\u00e4 taloudellisia ennusteita ja <a href=\"https:\/\/grow.ee\/fi\/palvelut\/veroneuvonta\/\" target=\"_blank\" rel=\"noopener noreferrer\">neuvoa sinua veroasioissa<\/a>Jatkuvat lains\u00e4\u00e4d\u00e4nn\u00f6n muutokset, laaja kokemus, ty\u00f6lains\u00e4\u00e4d\u00e4nn\u00f6n tuntemus ja kirjanpito-ohjelmistojen edistynyt k\u00e4ytt\u00f6 takaavat huippuluokan ja ammattitaitoisen palvelun.<\/p>\n<\/div>\n<\/div>\n\n\t\t<\/div>\n\t\t\t\t\t<\/div>\n\n\t\n\n\t<div id=\"col-563912472\" class=\"col small-12 large-12\"  >\n\t\t\t\t<div class=\"col-inner\"  >\n\t\t\t\n\t\t\t\n\n<div class=\"message-box relative dark\" style=\"padding-top:15px;padding-bottom:15px;\"><div class=\"message-box-bg-image bg-fill fill\" ><\/div><div class=\"message-box-bg-overlay bg-fill fill\" style=\"background-color:rgb(27, 26, 70);\"><\/div><div class=\"container relative\"><div class=\"inner last-reset\">\n\n<div class=\"row align-middle align-center\"  id=\"row-1025792832\">\n\n\n\t<div id=\"col-1201044109\" class=\"col medium-9 small-12 large-9\"  >\n\t\t\t\t<div class=\"col-inner\"  >\n\t\t\t\n\t\t\t\n\n<h2>Keskustele talousasiantuntijamme kanssa<\/h2>\n\n\t\t<\/div>\n\t\t\t\t\t<\/div>\n\n\t\n\n\t<div id=\"col-1354508103\" class=\"col medium-3 small-12 large-3\"  >\n\t\t\t\t<div class=\"col-inner text-center\"  >\n\t\t\t\n\t\t\t\n\n<a href=\"https:\/\/grow.ee\/fi\/ota-meihin-yhteytta\/\" class=\"button alert is-large expand\" style=\"border-radius:8px;\">\n\t\t<span>OTA YHTEYTT\u00c4 YHTEIS\u00d6\u00d6N<\/span>\n\t<\/a>\n\n\n\n\t\t<\/div>\n\t\t\t\t\n<style>\n#col-1354508103 > .col-inner {\n  margin: 10px 0px 0px 0px;\n}\n<\/style>\n\t<\/div>\n\n\t\n\n<\/div>\n\n<\/div><\/div><\/div>\n\n\t\t<\/div>\n\t\t\t\t\t<\/div>\n\n\t\n\n\t<div id=\"col-523983808\" class=\"col medium-7 small-12 large-7\"  >\n\t\t\t\t<div class=\"col-inner\"  >\n\t\t\t\n\t\t\t\n\n<ul class=\"elementor-icon-list-items\">\n<li class=\"elementor-icon-list-item\"><span class=\"elementor-icon-list-text\">Grow Finance pyrkii tarjoamaan yrityksellesi parhaat ja monipuolisimmat laadukkaat kirjanpitopalvelut, joita tukee sen j\u00e4senyys kansainv\u00e4lisess\u00e4 rahoituspalveluj\u00e4rjest\u00f6ss\u00e4 GGI Alliance.<\/span><\/li>\n<li class=\"elementor-icon-list-item\"><i class=\"fas fa-check-circle\" aria-hidden=\"true\"><\/i><span class=\"elementor-icon-list-text\">Viron ensimm\u00e4isen\u00e4 100%-paperittomana tilitoimistona voimme kutsua itse\u00e4mme tulevaisuuteen suuntautuneeksi ja innovatiiviseksi yritykseksi.<\/span><\/li>\n<li class=\"elementor-icon-list-item\"><i class=\"fas fa-check-circle\" aria-hidden=\"true\"><\/i><span class=\"elementor-icon-list-text\">Grow Financen tarjoamien kirjanpito- ja rahoituspalvelujen laatu on aina ammattimaista ja perustuu parhaisiin k\u00e4yt\u00e4nt\u00f6ihin, laajaan kokemukseen ja laajaan tiet\u00e4mykseen.<\/span><\/li>\n<li class=\"elementor-icon-list-item\"><i class=\"fas fa-check-circle\" aria-hidden=\"true\"><\/i><span class=\"elementor-icon-list-text\">Grow Finance tekee yrityksesi talouden hallinnasta helppoa ja k\u00e4tev\u00e4\u00e4 ja auttaa yrityst\u00e4si kasvamaan.<\/span><\/li>\n<\/ul>\n\n\t\t<\/div>\n\t\t\t\t\t<\/div>\n\n\t\n\n\t<div id=\"col-179093774\" class=\"col medium-5 small-12 large-5\"  >\n\t\t\t\t<div class=\"col-inner\"  >\n\t\t\t\n\t\t\t\n\n\t<div class=\"img has-hover x md-x lg-x y md-y lg-y\" id=\"image_753513409\">\n\t\t\t\t\t\t\t\t<div class=\"img-inner dark\" >\n\t\t\t<img loading=\"lazy\" decoding=\"async\" width=\"892\" height=\"595\" src=\"https:\/\/grow.ee\/wp-content\/uploads\/2024\/02\/cfo-as-a-service-pic-1.jpg\" class=\"attachment-original size-original\" alt=\"\" srcset=\"https:\/\/grow.ee\/wp-content\/uploads\/2024\/02\/cfo-as-a-service-pic-1.jpg 892w, https:\/\/grow.ee\/wp-content\/uploads\/2024\/02\/cfo-as-a-service-pic-1-300x200.jpg 300w, https:\/\/grow.ee\/wp-content\/uploads\/2024\/02\/cfo-as-a-service-pic-1-720x480.jpg 720w, https:\/\/grow.ee\/wp-content\/uploads\/2024\/02\/cfo-as-a-service-pic-1-768x512.jpg 768w\" sizes=\"auto, (max-width: 892px) 100vw, 892px\" \/>\t\t\t\t\t\t\n\t\t\t\t\t<\/div>\n\t\t\t\t\t\t\t\t\n<style>\n#image_753513409 {\n  width: 100%;\n}\n<\/style>\n\t<\/div>\n\t\n\n\n\t\t<\/div>\n\t\t\t\t\t<\/div>\n\n\t\n\n\t<div id=\"col-209641919\" class=\"col medium-4 small-12 large-4\"  >\n\t\t\t\t<div class=\"col-inner\" style=\"background-color:rgb(232, 237, 244);\" >\n\t\t\t\n\t<div class=\"is-border\"\n\t\tstyle=\"border-color:rgb(210, 35, 42);border-radius:8px;border-width:0px 0px 0px 5px;margin:0px 0px 0px 0px;\">\n\t<\/div>\n\t\t\t\n\n\t<div id=\"text-481642665\" class=\"text\">\n\t\t\n\n<div class=\"elementor-element elementor-element-a913100 elementor-widget elementor-widget-heading\" data-id=\"a913100\" data-element_type=\"widget\" data-widget_type=\"heading.default\">\n<div class=\"elementor-widget-container\">\n<h3 class=\"elementor-heading-title elementor-size-default\">Menestyv\u00e4 yritys<\/h3>\n<hr><\/div>\n<\/div>\n<div class=\"elementor-element elementor-element-234f7b0f color-scheme-inherit text-left elementor-widget elementor-widget-text-editor\" data-id=\"234f7b0f\" data-element_type=\"widget\" data-widget_type=\"text-editor.default\">\n<div class=\"elementor-widget-container\">Nykymaailmassa tulevaisuuden painopiste on menestyv\u00e4ss\u00e4 yritt\u00e4jyydess\u00e4. Taitavien liiketoimintak\u00e4yt\u00e4nt\u00f6jen lis\u00e4ksi \u00e4lyk\u00e4s kirjanpito ja nopea p\u00e4\u00e4t\u00f6ksenteko ovat v\u00e4ltt\u00e4m\u00e4tt\u00f6mi\u00e4 jatkuvalle menestykselle.<\/div>\n<\/div>\n\t\t\n<style>\n#text-481642665 {\n  text-align: center;\n}\n<\/style>\n\t<\/div>\n\t\n\n\t\t<\/div>\n\t\t\t\t\n<style>\n#col-209641919 > .col-inner {\n  padding: 5px 15px 5px 15px;\n  margin: 0px 0px 0px 0px;\n}\n<\/style>\n\t<\/div>\n\n\t\n\n\t<div id=\"col-1868738444\" class=\"col medium-4 small-12 large-4\"  >\n\t\t\t\t<div class=\"col-inner\" style=\"background-color:rgb(232, 237, 244);\" >\n\t\t\t\n\t<div class=\"is-border\"\n\t\tstyle=\"border-color:rgb(210, 35, 42);border-radius:8px;border-width:0px 0px 5px 0px;margin:0px 0px 0px 0px;\">\n\t<\/div>\n\t\t\t\n\n\t<div id=\"text-884301140\" class=\"text\">\n\t\t\n\n<div class=\"elementor-element elementor-element-a913100 elementor-widget elementor-widget-heading\" data-id=\"a913100\" data-element_type=\"widget\" data-widget_type=\"heading.default\">\n<div class=\"elementor-widget-container\">\n<div class=\"elementor-element elementor-element-2bb524de elementor-widget elementor-widget-heading\" data-id=\"2bb524de\" data-element_type=\"widget\" data-widget_type=\"heading.default\">\n<div class=\"elementor-widget-container\">\n<div class=\"elementor-element elementor-element-2bb524de elementor-widget elementor-widget-heading\" data-id=\"2bb524de\" data-element_type=\"widget\" data-widget_type=\"heading.default\">\n<div class=\"elementor-widget-container\">\n<h3 class=\"elementor-heading-title elementor-size-default\">Asiantunteva kirjanpitotiimi<\/h3>\n<\/div>\n<\/div>\n<\/div>\n<\/div>\n<hr><\/div>\n<\/div>\n<div class=\"elementor-element elementor-element-234f7b0f color-scheme-inherit text-left elementor-widget elementor-widget-text-editor\" data-id=\"234f7b0f\" data-element_type=\"widget\" data-widget_type=\"text-editor.default\">\n<div class=\"elementor-widget-container\">Me huolehdimme taloudestasi. Hyvin j\u00e4rjestetty kirjanpitopalvelu antaa yritysjohtajille mahdollisuuden n\u00e4hd\u00e4, mit\u00e4 yrityksess\u00e4 ja sen ulkopuolella tapahtuu.<\/div>\n<div>&nbsp;<\/div>\n<\/div>\n\t\t\n<style>\n#text-884301140 {\n  text-align: center;\n}\n<\/style>\n\t<\/div>\n\t\n\n\t\t<\/div>\n\t\t\t\t\n<style>\n#col-1868738444 > .col-inner {\n  padding: 5px 15px 5px 15px;\n  margin: 0px 0px 0px 0px;\n}\n<\/style>\n\t<\/div>\n\n\t\n\n\t<div id=\"col-541282148\" class=\"col medium-4 small-12 large-4\"  >\n\t\t\t\t<div class=\"col-inner\" style=\"background-color:rgb(232, 237, 244);\" >\n\t\t\t\n\t<div class=\"is-border\"\n\t\tstyle=\"border-color:rgb(210, 35, 42);border-radius:8px;border-width:0px 5px 0px 0px;margin:0px 0px 0px 0px;\">\n\t<\/div>\n\t\t\t\n\n\t<div id=\"text-1288388085\" class=\"text\">\n\t\t\n\n<div class=\"elementor-element elementor-element-a913100 elementor-widget elementor-widget-heading\" data-id=\"a913100\" data-element_type=\"widget\" data-widget_type=\"heading.default\">\n<div class=\"elementor-widget-container\">\n<div class=\"elementor-element elementor-element-2bb524de elementor-widget elementor-widget-heading\" data-id=\"2bb524de\" data-element_type=\"widget\" data-widget_type=\"heading.default\">\n<div class=\"elementor-widget-container\">\n<div class=\"elementor-element elementor-element-2e947251 elementor-widget elementor-widget-heading\" data-id=\"2e947251\" data-element_type=\"widget\" data-widget_type=\"heading.default\">\n<div class=\"elementor-widget-container\">\n<h3 class=\"elementor-heading-title elementor-size-default\">Kirjanpito v\u00e4lineen\u00e4<\/h3>\n<\/div>\n<\/div>\n<\/div>\n<\/div>\n<hr><\/div>\n<\/div>\n<div class=\"elementor-element elementor-element-234f7b0f color-scheme-inherit text-left elementor-widget elementor-widget-text-editor\" data-id=\"234f7b0f\" data-element_type=\"widget\" data-widget_type=\"text-editor.default\">\n<div class=\"elementor-widget-container\">Oikein systematisoitu kirjanpito tekee kustannuksista l\u00e4pin\u00e4kyvi\u00e4, jolloin voit erottaa merkityksett\u00f6m\u00e4t kustannukset t\u00e4rkeist\u00e4 ja havaita tehottomat toiminnot.<\/div>\n<div>&nbsp;<\/div>\n<\/div>\n\t\t\n<style>\n#text-1288388085 {\n  text-align: center;\n}\n<\/style>\n\t<\/div>\n\t\n\n\t\t<\/div>\n\t\t\t\t\n<style>\n#col-541282148 > .col-inner {\n  padding: 5px 15px 5px 15px;\n  margin: 0px 0px 0px 0px;\n}\n<\/style>\n\t<\/div>\n\n\t\n\n\t<div id=\"col-1666196280\" class=\"col small-12 large-12\"  >\n\t\t\t\t<div class=\"col-inner\"  >\n\t\t\t\n\t\t\t\n\n<h2 data-pm-slice=\"1 1 &#091;&#093;\"><strong>P\u00e4ivitt\u00e4isen kirjanpidon lis\u00e4ksi teemme seuraavia teht\u00e4vi\u00e4:<\/strong><\/h2>\n<ul>\n<li>\n<p>Asiakirjojen tallennus\/arkistointi<\/p>\n<\/li>\n<li>\n<p><a href=\"https:\/\/grow.ee\/fi\/palvelut\/palkanlaskenta\/\" target=\"_blank\" rel=\"noopener noreferrer\">Palkanlaskenta<\/a><\/p>\n<\/li>\n<li>\n<p>Lis\u00e4- ja lomapalkan laskeminen<\/p>\n<\/li>\n<li>\n<p>Sairausp\u00e4ivien laskeminen<\/p>\n<\/li>\n<li>\n<p>Lomavarauksen laskeminen<\/p>\n<\/li>\n<li>\n<p>Viestint\u00e4 verohallituksen kanssa<\/p>\n<\/li>\n<li>\n<p>Viestint\u00e4 sairausvakuutuskassan kanssa<\/p>\n<\/li>\n<\/ul>\n<h3><strong>Jotta yrityksesi py\u00f6ritt\u00e4minen olisi entist\u00e4 helpompaa<\/strong><\/h3>\n<ul>\n<li>\n<p>Tarjoamme sinulle kuukausittaisen taulukon keskeisist\u00e4 indikaattoreista, jotta saat ajantasaisen yleiskuvan yrityksesi suorituskyvyst\u00e4. Kuukausittaiset talousindikaattorit tarjoavat nopean mutta hyv\u00e4n yleiskuvan yrityksen muuttujista.<\/p>\n<\/li>\n<li>\n<p>Autamme sinua siirtym\u00e4\u00e4n nopeasti ja helposti. Tarvittaessa j\u00e4rjestelemme ja tarkistamme aiempien vuosien kirjanpitosi.<\/p>\n<\/li>\n<li>\n<p>Tarjoamme nopeita ja ammattimaisia vastauksia kaikkiin kysymyksiisi. Koko tiimimme on t\u00e4\u00e4ll\u00e4 sinua varten.<\/p>\n<\/li>\n<li>\n<p>Neuvomme <a href=\"https:\/\/grow.ee\/fi\/palvelut\/paaoman-keraaminen\/\" target=\"_blank\" rel=\"noopener noreferrer\">p\u00e4\u00e4omaa ker\u00e4tt\u00e4ess\u00e4<\/a>Yritysten fuusioiden tai jakautumisten yhteydess\u00e4 virallistamme yritysten johtoelinten p\u00e4\u00e4t\u00f6kset.<\/p>\n<\/li>\n<li>\n<p>Tarjoamme neuvontaa arvonlis\u00e4verovelvolliseksi rekister\u00f6itymisess\u00e4 Vero- ja tullihallitukseen, mukaan lukien autamme sinua hakemaan k\u00e4tev\u00e4sti ja nopeasti liikaa maksetun arvonlis\u00e4veron palautusta;<\/p>\n<\/li>\n<li>\n<p>Laadimme vuosikertomuksen.<\/p>\n<\/li>\n<\/ul>\n<h2><strong>Milloin kirjanpidon ulkoistaminen on j\u00e4rkev\u00e4\u00e4?<\/strong><\/h2>\n<h3><strong>Itsen\u00e4inen kirjanpito<\/strong><\/h3>\n<p>Pienten yritysten kirjanpito ei ole erityisen vaikeaa. Henkil\u00f6, joka on aiemmin opiskellut kirjanpitoa tai taloustiedett\u00e4, pystyy todenn\u00e4k\u00f6isesti hoitamaan sen eritt\u00e4in hyvin itsen\u00e4isesti. Itse asiassa on aina mahdollista k\u00e4ytt\u00e4\u00e4 kirjanpitokonsultointia tai osallistua koulutukseen saadakseen selke\u00e4mm\u00e4n kuvan.<\/p>\n<p>Kun p\u00e4\u00e4t\u00e4t tehd\u00e4 oman kirjanpidon, sinun ei pid\u00e4 unohtaa, ett\u00e4 kirjanpito on aina teht\u00e4v\u00e4 eritt\u00e4in perusteellisesti ja huolellisesti, eik\u00e4 sit\u00e4 voida tehd\u00e4 kovin nopeasti.<\/p>\n<p>Kirjanpidon m\u00e4\u00e4r\u00e4n kasvun ajankohtaa on usein vaikea ennustaa. Yrityksen kasvaessa my\u00f6s kirjanpidosta tulee monimutkaisempaa.<\/p>\n<h3><strong>Kirjanpito ulkopuolelta<\/strong><\/h3>\n<p>Nyky\u00e4\u00e4n kirjanpit\u00e4j\u00e4n rooli ei ole en\u00e4\u00e4 vain kirjanpidon hoitaminen. Usein yritt\u00e4j\u00e4t eiv\u00e4t itse tied\u00e4, millaista apua he tarvitsevat kirjanpit\u00e4j\u00e4lt\u00e4. Hyv\u00e4 kirjanpit\u00e4j\u00e4 osaa my\u00f6s antaa neuvoja ja tietenkin laatia tarvittavat ennusteet ja raportit.<\/p>\n<p>Yrityksen kasvaessa ja kirjanpidon muuttuessa suuremmaksi ja monimutkaisemmaksi voi olla j\u00e4rkev\u00e4mp\u00e4\u00e4 <a href=\"https:\/\/grow.ee\/fi\/kirjanpitopalvelu\/\" target=\"_blank\" rel=\"noopener noreferrer\"><u>kirjanpitopalvelu<\/u><\/a><u> <\/u>ostakaa mukaan. T\u00e4m\u00e4 johtuu juuri siit\u00e4, ett\u00e4 asianmukainen kirjanpito vie aikaa. On my\u00f6s viisasta k\u00e4ytt\u00e4\u00e4 kirjanpito-ohjelmistoa.<\/p>\n<p>Jos uskot yrityksesi kirjanpidon kokeneen kirjanpit\u00e4j\u00e4n turvallisiin k\u00e4siin, v\u00e4lt\u00e4t kirjanpidossasi tapahtuvien virheiden aiheuttaman p\u00e4\u00e4ns\u00e4ryn ja niiden korjaamiseen kuluvan paljon aikaa.<\/p>\n<p>Kirjanpidon ulkoistaminen kannattaa, jos:<\/p>\n<ul>\n<li>\n<p>Olet asettanut p\u00e4\u00e4tavoitteeksi liiketoimintasi kasvattamisen. Hoitamalla kirjanpitoasi itse tuhlaat arvokasta aikaa, jonka voisit k\u00e4ytt\u00e4\u00e4 liiketoimintasi laajentamiseen.<\/p>\n<\/li>\n<li>\n<p>yritys on kasvanut niin suureksi, ett\u00e4 kirjanpitoon k\u00e4ytet\u00e4\u00e4n paljon aikaa. Keskittym\u00e4ll\u00e4 omaan liiketoimintaasi autat yrityst\u00e4si enemm\u00e4n kuin vain s\u00e4\u00e4st\u00e4m\u00e4ll\u00e4 kirjanpidossa;<\/p>\n<\/li>\n<li>\n<p>Kirjanpidosta on tullut monimutkaisempaa, joten ammattitaitoinen kirjanpit\u00e4j\u00e4 on hyv\u00e4 apulainen, koska h\u00e4n tiet\u00e4\u00e4, mit\u00e4 s\u00e4\u00e4nt\u00f6j\u00e4 sinun on oltava tietoinen. Lis\u00e4ksi, jos yritys suunnittelee laajentumista, kirjanpit\u00e4j\u00e4 voi auttaa sinua ymm\u00e4rt\u00e4m\u00e4\u00e4n muiden maiden verolakeja;<\/p>\n<\/li>\n<li>\n<p>Yrityksen on k\u00e4sitelt\u00e4v\u00e4 suuria rahasummia. Jos teet kirjanpidon itse, on helppo tehd\u00e4 virheit\u00e4, ja suurten rahasummien siirrot voivat olla eritt\u00e4in kalliita. On t\u00e4rke\u00e4\u00e4, ett\u00e4 kaikki tapahtumat on ilmoitettu laillisesti ja velat maksettu.<\/p>\n<\/li>\n<\/ul>\n<p>Ammattimainen kirjanpito auttaa minimoimaan riskej\u00e4, ja kirjanpit\u00e4j\u00e4 osaa hy\u00f6dynt\u00e4\u00e4 verov\u00e4hennyksi\u00e4 mahdollisimman tehokkaasti.<\/p>\n<h3><strong>Miten edet\u00e4?<\/strong><\/h3>\n<p>Vaikka olisitkin p\u00e4\u00e4tt\u00e4nyt hoitaa yrityksesi kirjanpidon itse, on viisasta k\u00e4\u00e4nty\u00e4 ammattitaitoisen kirjanpit\u00e4j\u00e4n puoleen saadaksesi kokonaiskuvan. Jos kuitenkin olet p\u00e4\u00e4tt\u00e4nyt uskoa kirjanpitosi kokeneelle kirjanpit\u00e4j\u00e4lle, Grow Finance on t\u00e4\u00e4ll\u00e4 auttamassa!<\/p>\n\n\t\t<\/div>\n\t\t\t\t\t<\/div>\n\n\t\n\n<\/div>\n\n\n\n<p><\/p>","protected":false},"excerpt":{"rendered":"","protected":false},"author":10,"featured_media":0,"parent":9004,"menu_order":0,"comment_status":"closed","ping_status":"closed","template":"page-blank.php","meta":{"footnotes":""},"class_list":["post-9708","page","type-page","status-publish","hentry"],"_links":{"self":[{"href":"https:\/\/grow.ee\/fi\/wp-json\/wp\/v2\/pages\/9708","targetHints":{"allow":["GET"]}}],"collection":[{"href":"https:\/\/grow.ee\/fi\/wp-json\/wp\/v2\/pages"}],"about":[{"href":"https:\/\/grow.ee\/fi\/wp-json\/wp\/v2\/types\/page"}],"author":[{"embeddable":true,"href":"https:\/\/grow.ee\/fi\/wp-json\/wp\/v2\/users\/10"}],"replies":[{"embeddable":true,"href":"https:\/\/grow.ee\/fi\/wp-json\/wp\/v2\/comments?post=9708"}],"version-history":[{"count":50,"href":"https:\/\/grow.ee\/fi\/wp-json\/wp\/v2\/pages\/9708\/revisions"}],"predecessor-version":[{"id":15097,"href":"https:\/\/grow.ee\/fi\/wp-json\/wp\/v2\/pages\/9708\/revisions\/15097"}],"up":[{"embeddable":true,"href":"https:\/\/grow.ee\/fi\/wp-json\/wp\/v2\/pages\/9004"}],"wp:attachment":[{"href":"https:\/\/grow.ee\/fi\/wp-json\/wp\/v2\/media?parent=9708"}],"curies":[{"name":"wp","href":"https:\/\/api.w.org\/{rel}","templated":true}]}}