{"id":9611,"date":"2023-11-13T21:02:40","date_gmt":"2023-11-13T21:02:40","guid":{"rendered":"https:\/\/grow.ee\/?page_id=9611"},"modified":"2024-06-04T14:32:33","modified_gmt":"2024-06-04T11:32:33","slug":"kirjanpitopalvelupaketit-3","status":"publish","type":"page","link":"https:\/\/grow.ee\/fi\/raamatupidamisteenuse-paketid-2\/","title":{"rendered":"Kirjanpidon palvelukokonaisuudet"},"content":{"rendered":"<h1>Kirjanpidon palvelukokonaisuudet<\/h1>\n<p><style>\n\/* Style the parent menu items *\/\n.page-id-5032  .grid__col--md-8.grid__col--lg-8 {\n    display: flex;\n}\n.menu-item {\n    display: inline-block;\n    margin-right: 20px; \/* Adjust this to your preferred spacing *\/\n}\n#hide-now{\n\tdisplay: none;\n}\n\/* Style the submenu items *\/\n.sub-menu {\n    display: none;  \/* Hide submenus by default *\/\n    position: absolute;\n    background-color: #fff; \/* Background color for the submenu *\/\n    z-index: 999; \/* Ensure the submenu appears above other content *\/\n}\n.menu-item:hover .sub-menu {\n    display: block; \/* Show the submenu when the parent menu item is hovered over *\/\n}\n tr.table-had-main{\n    height: 100px;\n    border-bottom: 1px solid #E6001E;\n    background: #fff;\n  border-bottom: 1px solid #f4f4f4;\n  }\n\/* table td:first-child, *\/\n\/* .only-for-first-table table td:last-child {\n    background:#E6001E;\n    color: #fff;\n    box-shadow: 5px 0 5px -5px #888; \/* Adjust the values as needed \n} *\/\ntable, th, td {\n    padding: 10px;\n    padding-left: 20px;\n    padding-right: 20px;\n\twidth: 93%;\n}\n.customers-new-table {\n  width: 100%;\n}\n.only-for-first-table tr:nth-child(2n) td:not(:first-child) {\n  background: rgba(0, 0, 0, 0.02);\n}\n .Second-table-whole-site tr:nth-child(2n) td:not(:first-child) {\n  background: rgba(0, 0, 0, 0.02);\n  box-shadow: green;\n}\ntd:not(:first-child) {\n            text-align: center; \/* You can change this to your preferred alignment *\/\n        }\n\/* a.white-Buy-Now-btn {\n    color: #fff;\n} *\/\n.only-for-first-table tr:last-child td:not(:first-child) {\n   background:#E6001E;\n    color: #fff;\n}\n .only-for-first-table a.Buy-Now-btn {\n    color: #fff;\n}\n.only-for-first-table a.white-Buy-Now-btn {\n\tcolor: #fff;\n}\n.terms-page tr:last-child td:not(:first-child) strong{\n    color: #fff;\n}\n<\/style><\/p>\n<h1>\u00a0<\/h1>\n<article>\n<table id=\"customers-new-table\"><!--  Row subscribe -->\n<tbody>\n<tr>\n<th>\u00a0<\/th>\n<th>START<\/th>\n<th>MICRO<\/th>\n<th>STANDARD<\/th>\n<th>PREMIUM<\/th>\n<th>PREMIUM+<\/th>\n<\/tr>\n<!--  ROw 1 -->\n<tr>\n<td>Kuukausimaksu<\/td>\n<td>39 \u20ac<\/td>\n<td>99 \u20ac<\/td>\n<td>149 \u20ac<\/td>\n<td>290 \u20ac<\/td>\n<td>alkaen. 490\u20ac<\/td>\n<\/tr>\n<!--  ROw 2 -->\n<tr>\n<td>Palvelujen tarjoamisen tiheys<\/td>\n<td>nelj\u00e4nnes<\/td>\n<td>Kuu<\/td>\n<td>Kuu<\/td>\n<td>viikko<\/td>\n<td>P\u00e4ivitt\u00e4in<\/td>\n<\/tr>\n<!--  ROw 3 -->\n<tr>\n<td>Alkuper\u00e4isten asiakirjojen k\u00e4sittely enint\u00e4\u00e4n... (kpl)<\/td>\n<td>15<\/td>\n<td>15<\/td>\n<td>30<\/td>\n<td>60<\/td>\n<td>150<\/td>\n<\/tr>\n<!--  ROw 4 -->\n<tr>\n<td>Paperiton ratkaisu<\/td>\n<td>\u2713<\/td>\n<td>\u2713<\/td>\n<td>\u2713<\/td>\n<td>\u2713<\/td>\n<td>\u2713<\/td>\n<\/tr>\n<!--  R0w 5 -->\n<tr>\n<td>Verkko-ohjelma<\/td>\n<td>\u2713<\/td>\n<td>\u2713<\/td>\n<td>\u2713<\/td>\n<td>\u2713<\/td>\n<td>\u2713<\/td>\n<\/tr>\n<!--  Row 6 -->\n<tr>\n<td>Myyntilaskuratkaisu (pdf- ja verkkolasku)<\/td>\n<td>\u2713<\/td>\n<td>\u2713<\/td>\n<td>\u2713<\/td>\n<td>\u2713<\/td>\n<td>\u2713<\/td>\n<\/tr>\n<!--  Row 7 -->\n<tr>\n<td>Pankkisiirrot (jos pankkitiedosto on tuontistandardin mukainen)<\/td>\n<td>\u2713<\/td>\n<td>\u2713<\/td>\n<td>\u2713<\/td>\n<td>\u2713<\/td>\n<td>\u2713<\/td>\n<\/tr>\n<!--  Row 8 -->\n<tr>\n<td>Raportointi<\/td>\n<td>\u2713<\/td>\n<td>\u2713<\/td>\n<td>\u2713<\/td>\n<td>\u2713<\/td>\n<td>\u2713<\/td>\n<\/tr>\n<!--  Row 9 -->\n<tr>\n<td>Arvonlis\u00e4veroilmoitus<\/td>\n<td>x<\/td>\n<td>\u2713<\/td>\n<td>\u2713<\/td>\n<td>\u2713<\/td>\n<td>\u2713<\/td>\n<\/tr>\n<!--  Row 10 -->\n<tr>\n<td>TSD-ilmoitus + liite 1 (palkat)<\/td>\n<td>x<\/td>\n<td>x<\/td>\n<td>\u2713<\/td>\n<td>\u2713<\/td>\n<td>\u2713<\/td>\n<\/tr>\n<!--  Row 11 -->\n<tr>\n<td>Maksujen j\u00e4rjest\u00e4minen pankkiin (kerran viikossa).<\/td>\n<td>x<\/td>\n<td>x<\/td>\n<td>x<\/td>\n<td>\u2713<\/td>\n<td>\u2713<\/td>\n<\/tr>\n<!--  Row 12 -->\n<tr>\n<td>Rahoitusanalyytikon katsaus (kerran vuodessa)<\/td>\n<td>x<\/td>\n<td>x<\/td>\n<td>x<\/td>\n<td>x<\/td>\n<td>\u2713<\/td>\n<\/tr>\n<tr>\n<td>\u00a0<\/td>\n<td><a href=\"https:\/\/grow.ee\/fi\/paketit-alkavat\/\">Telli<\/a><\/td>\n<td><a href=\"https:\/\/grow.ee\/fi\/mikropaketit\/\">Telli<\/a><\/td>\n<td><a href=\"https:\/\/grow.ee\/fi\/vakiopaketit\/\">Telli<\/a><\/td>\n<td><a href=\"https:\/\/grow.ee\/fi\/premium-paketit\/\">Telli<\/a><\/td>\n<td><a href=\"https:\/\/grow.ee\/fi\/arsyttava-tarjous\/\"> Pyyd\u00e4 tarjous<\/a><\/td>\n<\/tr>\n<\/tbody>\n<\/table>\n<p><i>L\u00e4hdeasiakirjat ovat laskuja, pankki- tai k\u00e4teistapahtumia (lukuun ottamatta laskujen maksuja). Muut kirjaukset hinnoitellaan tuntiperusteisesti (sopimukset jne.). Kaikkiin hintoihin lis\u00e4t\u00e4\u00e4n arvonlis\u00e4vero 22%.<\/i><\/p>\n<h3>LIS\u00c4PALVELUT<\/h3>\n<br \/>\n<table id=\"customers-new-table\"><!--  Row 1 For additional SErvice  -->\n<tbody>\n<tr>\n<td>Ohjelmisto(t) asiakkaan tarpeiden mukaan alkaen<\/td>\n<td>99 \u20ac\/kk<\/td>\n<td>99\u20ac\/kk<\/td>\n<td>99\u20ac\/kk<\/td>\n<td>99\u20ac\/kk<\/td>\n<td>99\u20ac\/kk<\/td>\n<\/tr>\n<!--  Row 2 For additional SErvice  -->\n<tr>\n<td>Alkuper\u00e4isten asiakirjojen k\u00e4sittely (kun kyseess\u00e4 ovat pakkauskokoa suuremmat asiakirjat).<\/td>\n<td>1.5 \u20ac<\/td>\n<td>1.5 \u20ac<\/td>\n<td>1.5 \u20ac<\/td>\n<td>1.5 \u20ac<\/td>\n<td>1.5 \u20ac<\/td>\n<\/tr>\n<!--  Row 3 For additional SErvice  -->\n<tr>\n<td>Maksujen j\u00e4rjest\u00e4minen pankkiin (kpl)<\/td>\n<td>5 \u20ac<\/td>\n<td>5 \u20ac<\/td>\n<td>5 \u20ac<\/td>\n<td>5 \u20ac<\/td>\n<td>5 \u20ac<\/td>\n<\/tr>\n<!--  Row 4 For additional SErvice  -->\n<tr>\n<td>Pankkisiirrot (jos pankkitiedosto ei t\u00e4yt\u00e4 tuontistandardia).<\/td>\n<td>20\u20ac\/kk<\/td>\n<td>20\u20ac\/kk<\/td>\n<td>20\u20ac\/kk<\/td>\n<td>20\u20ac\/kk<\/td>\n<td>20\u20ac\/kk<\/td>\n<\/tr>\n<!--  Row 5 For additional SErvice  -->\n<tr>\n<td>Palkanmaksu (ty\u00f6ntekij\u00e4\u00e4 kohti)<\/td>\n<td>10 \u20ac<\/td>\n<td>10 \u20ac<\/td>\n<td>10 \u20ac<\/td>\n<td>10 \u20ac<\/td>\n<td>10 \u20ac<\/td>\n<\/tr>\n<!--  Row 6 For additional SErvice  -->\n<tr>\n<td>TSD-ilmoitus + liite 1<\/td>\n<td>30 \u20ac<\/td>\n<td>30 \u20ac<\/td>\n<td>x<\/td>\n<td>x<\/td>\n<td>x<\/td>\n<\/tr>\n<!--  Row 7 For additional SErvice  -->\n<tr>\n<td>Arvonlis\u00e4veroilmoitus<\/td>\n<td>30 \u20ac<\/td>\n<td>x<\/td>\n<td>x<\/td>\n<td>x<\/td>\n<td>x<\/td>\n<\/tr>\n<!--  Row 8 For additional SErvice  -->\n<tr>\n<td>VD-ilmoitus<\/td>\n<td>15 \u20ac<\/td>\n<td>15 \u20ac<\/td>\n<td>15 \u20ac<\/td>\n<td>15 \u20ac<\/td>\n<td>15 \u20ac<\/td>\n<\/tr>\n<!--  Row 9 For additional SErvice  -->\n<tr>\n<td>Tilastoraporttien laatiminen<\/td>\n<td>55\u20ac\/h<\/td>\n<td>55\u20ac\/h<\/td>\n<td>55\u20ac\/h<\/td>\n<td>55\u20ac\/h<\/td>\n<td>55\u20ac\/h<\/td>\n<\/tr>\n<!--  Row 10 For additional SErvice  -->\n<tr>\n<td>Muut kirjanpitopalvelut<\/td>\n<td>55\u20ac\/h<\/td>\n<td>55\u20ac\/h<\/td>\n<td>55\u20ac\/h<\/td>\n<td>55\u20ac\/h<\/td>\n<td>55\u20ac\/h<\/td>\n<\/tr>\n<!--  Row 11 For additional SErvice  -->\n<tr>\n<td>Vuosikertomus<\/td>\n<td>1 keskim\u00e4\u00e4r\u00e4inen kuukausimaksu<\/td>\n<td>1 keskim\u00e4\u00e4r\u00e4inen kuukausimaksu<\/td>\n<td>1 keskim\u00e4\u00e4r\u00e4inen kuukausimaksu<\/td>\n<td>1 keskim\u00e4\u00e4r\u00e4inen kuukausimaksu<\/td>\n<td>1 keskim\u00e4\u00e4r\u00e4inen kuukausimaksu<\/td>\n<\/tr>\n<!--  Row 12 For additional SErvice  -->\n<tr>\n<td>Talousjohtajan palvelu<\/td>\n<td>85\u20ac\/h<\/td>\n<td>85\u20ac\/h<\/td>\n<td>85\u20ac\/h<\/td>\n<td>85\u20ac\/h<\/td>\n<td>85\u20ac\/h<\/td>\n<\/tr>\n<!--  Row 13 For additional SErvice  -->\n<tr>\n<td>Tilintarkastukseen liittyv\u00e4t toimet<\/td>\n<td>55\u20ac\/h<\/td>\n<td>55\u20ac\/h<\/td>\n<td>55\u20ac\/h<\/td>\n<td>55\u20ac\/h<\/td>\n<td>55\u20ac\/h<\/td>\n<\/tr>\n<!--  Row 14 For additional SErvice  -->\n<tr>\n<td>Rahoitusanalyytikon yleiskatsaus<\/td>\n<td>100\u20ac<\/td>\n<td>100\u20ac<\/td>\n<td>100\u20ac<\/td>\n<td>100\u20ac<\/td>\n<td>\u2014<\/td>\n<\/tr>\n<!--  Row 15 For additional SErvice  -->\n<tr>\n<td>Toiminta-ala: riskialttiit rahanpesutapahtumat.<\/td>\n<td>Ei<\/td>\n<td>Ei<\/td>\n<td>Ei<\/td>\n<td>Ei<\/td>\n<td>Kyll\u00e4<\/td>\n<\/tr>\n<!-- \t\t\n\n<tr>\n    \n\n<td><\/td>\n\n\n\t\t\t\n\n<td><a href=\"#\">Ask Offer<\/a><\/td>\n\n\n    \n\n<td><a  href=\"#\">Ask Offer<\/a><\/td>\n\n\n\t\t\n\n<td><a  href=\"#\">Ask Offer<\/a><\/td>\n\n\n\t\t\n\n<td><a  href=\"#\">Ask Offer<\/a><\/td>\n\n\n\t\t\n\n<td><a  href=\"#\">Ask Offer<\/a><\/td>\n\n\n  <\/tr>\n\n --><\/tbody>\n<\/table>\n<\/article>","protected":false},"excerpt":{"rendered":"","protected":false},"author":10,"featured_media":0,"parent":0,"menu_order":0,"comment_status":"closed","ping_status":"closed","template":"","meta":{"footnotes":""},"class_list":["post-9611","page","type-page","status-publish","hentry"],"_links":{"self":[{"href":"https:\/\/grow.ee\/fi\/wp-json\/wp\/v2\/pages\/9611","targetHints":{"allow":["GET"]}}],"collection":[{"href":"https:\/\/grow.ee\/fi\/wp-json\/wp\/v2\/pages"}],"about":[{"href":"https:\/\/grow.ee\/fi\/wp-json\/wp\/v2\/types\/page"}],"author":[{"embeddable":true,"href":"https:\/\/grow.ee\/fi\/wp-json\/wp\/v2\/users\/10"}],"replies":[{"embeddable":true,"href":"https:\/\/grow.ee\/fi\/wp-json\/wp\/v2\/comments?post=9611"}],"version-history":[{"count":7,"href":"https:\/\/grow.ee\/fi\/wp-json\/wp\/v2\/pages\/9611\/revisions"}],"predecessor-version":[{"id":14130,"href":"https:\/\/grow.ee\/fi\/wp-json\/wp\/v2\/pages\/9611\/revisions\/14130"}],"wp:attachment":[{"href":"https:\/\/grow.ee\/fi\/wp-json\/wp\/v2\/media?parent=9611"}],"curies":[{"name":"wp","href":"https:\/\/api.w.org\/{rel}","templated":true}]}}