{"id":9024,"date":"2023-10-27T20:46:02","date_gmt":"2023-10-27T20:46:02","guid":{"rendered":"https:\/\/grow.ee\/?page_id=9024"},"modified":"2025-12-19T14:29:21","modified_gmt":"2025-12-19T11:29:21","slug":"yrityksen-perustaminen","status":"publish","type":"page","link":"https:\/\/grow.ee\/fi\/teenused\/ettevotte-asutamine\/","title":{"rendered":"Yrityksen perustaminen"},"content":{"rendered":"<div id=\"pl-9024\"  class=\"panel-layout\" ><div id=\"pg-9024-0\"  class=\"panel-grid panel-no-style\"  data-style=\"{&quot;background_image_attachment&quot;:false,&quot;background_display&quot;:&quot;tile&quot;,&quot;background_image_size&quot;:&quot;full&quot;,&quot;background_image_opacity&quot;:&quot;100&quot;,&quot;border_thickness&quot;:&quot;1px&quot;,&quot;full_height&quot;:&quot;&quot;,&quot;bottom_margin&quot;:&quot;100px&quot;,&quot;cell_alignment&quot;:&quot;flex-start&quot;}\" ><div id=\"pgc-9024-0-0\"  class=\"panel-grid-cell\"  data-weight=\"1\" ><div id=\"panel-9024-0-0-0\" class=\"so-panel widget widget_siteorigin-panels-builder panel-first-child panel-last-child\" data-index=\"0\" data-style=\"{&quot;background_image_attachment&quot;:false,&quot;background_display&quot;:&quot;tile&quot;,&quot;background_image_size&quot;:&quot;full&quot;,&quot;background_image_opacity&quot;:&quot;100&quot;,&quot;border_thickness&quot;:&quot;1px&quot;}\" ><div id=\"pl-w653f66f7e84b0\"  class=\"panel-layout\" ><div id=\"pg-w653f66f7e84b0-0\"  class=\"panel-grid panel-no-style\"  data-style=\"{&quot;background_image_attachment&quot;:false,&quot;background_display&quot;:&quot;tile&quot;,&quot;background_image_size&quot;:&quot;full&quot;,&quot;background_image_opacity&quot;:&quot;100&quot;,&quot;border_thickness&quot;:&quot;1px&quot;,&quot;full_height&quot;:&quot;&quot;,&quot;cell_alignment&quot;:&quot;flex-start&quot;}\" ><div id=\"pgc-w653f66f7e84b0-0-0\"  class=\"panel-grid-cell\"  data-style=\"{&quot;class&quot;:&quot;fade-in-right&quot;,&quot;background_image_attachment&quot;:false,&quot;background_display&quot;:&quot;tile&quot;,&quot;background_image_size&quot;:&quot;full&quot;,&quot;background_image_opacity&quot;:&quot;100&quot;,&quot;border_thickness&quot;:&quot;1px&quot;,&quot;vertical_alignment&quot;:&quot;auto&quot;}\"  data-weight=\"0.5\" ><div class=\"fade-in-right panel-cell-style panel-cell-style-for-w653f66f7e84b0-0-0\" ><div id=\"panel-w653f66f7e84b0-0-0-0\" class=\"so-panel widget widget_sow-editor panel-first-child panel-last-child\" data-index=\"0\" data-style=\"{&quot;class&quot;:&quot;single-Accounting-service-page&quot;,&quot;background_image_attachment&quot;:false,&quot;background_display&quot;:&quot;tile&quot;,&quot;background_image_size&quot;:&quot;full&quot;,&quot;background_image_opacity&quot;:&quot;100&quot;,&quot;border_thickness&quot;:&quot;1px&quot;}\" ><div class=\"single-Accounting-service-page panel-widget-style panel-widget-style-for-w653f66f7e84b0-0-0-0\" ><div\n\t\t\t\n\t\t\tclass=\"so-widget-sow-editor so-widget-sow-editor-base\"\n\t\t\t\n\t\t>\n<div class=\"siteorigin-widget-tinymce textwidget\">\n\t<p><strong>Yrityksen perustaminen<\/strong><\/p>\n<h2>Yrityksen rekister\u00f6inti Virossa<\/h2>\n<p>Aiotko perustaa yrityksen Viroon? \u00c4l\u00e4 huoli, voimme auttaa sinua helpon liitt\u00e4misen ja kaikkien tarvittavien asiakirjojen kanssa.<\/p>\n<p><a href=\"https:\/\/grow.ee\/fi\/palvelut-2\/company-formation-packages\/\">Tutvu pakettidega<\/a><\/p>\n<\/div>\n<\/div><\/div><\/div><\/div><\/div><div id=\"pgc-w653f66f7e84b0-0-1\"  class=\"panel-grid-cell\"  data-style=\"{&quot;class&quot;:&quot;fade-in-left&quot;,&quot;background_image_attachment&quot;:false,&quot;background_display&quot;:&quot;tile&quot;,&quot;background_image_size&quot;:&quot;full&quot;,&quot;background_image_opacity&quot;:&quot;100&quot;,&quot;border_thickness&quot;:&quot;1px&quot;,&quot;vertical_alignment&quot;:&quot;auto&quot;}\"  data-weight=\"0.5\" ><div class=\"fade-in-left panel-cell-style panel-cell-style-for-w653f66f7e84b0-0-1\" ><div id=\"panel-w653f66f7e84b0-0-1-0\" class=\"so-panel widget widget_sow-editor panel-first-child panel-last-child\" data-index=\"1\" data-style=\"{&quot;background_image_attachment&quot;:false,&quot;background_display&quot;:&quot;tile&quot;,&quot;background_image_size&quot;:&quot;full&quot;,&quot;background_image_opacity&quot;:&quot;100&quot;,&quot;border_thickness&quot;:&quot;1px&quot;}\" ><div\n\t\t\t\n\t\t\tclass=\"so-widget-sow-editor so-widget-sow-editor-base\"\n\t\t\t\n\t\t>\n<div class=\"siteorigin-widget-tinymce textwidget\">\n\t<img loading=\"lazy\" decoding=\"async\" class=\"alignnone wp-image-8619 size-full\" src=\"https:\/\/grow.ee\/wp-content\/uploads\/2023\/10\/alexander-grey-tn57JI3CewI-unsplash-scaled.webp\" alt=\"\" width=\"1707\" height=\"2560\" srcset=\"https:\/\/grow.ee\/wp-content\/uploads\/2023\/10\/alexander-grey-tn57JI3CewI-unsplash-scaled.webp 1707w, https:\/\/grow.ee\/wp-content\/uploads\/2023\/10\/alexander-grey-tn57JI3CewI-unsplash-200x300.webp 200w, https:\/\/grow.ee\/wp-content\/uploads\/2023\/10\/alexander-grey-tn57JI3CewI-unsplash-480x720.webp 480w, https:\/\/grow.ee\/wp-content\/uploads\/2023\/10\/alexander-grey-tn57JI3CewI-unsplash-768x1152.webp 768w, https:\/\/grow.ee\/wp-content\/uploads\/2023\/10\/alexander-grey-tn57JI3CewI-unsplash-1024x1536.webp 1024w, https:\/\/grow.ee\/wp-content\/uploads\/2023\/10\/alexander-grey-tn57JI3CewI-unsplash-1365x2048.webp 1365w, https:\/\/grow.ee\/wp-content\/uploads\/2023\/10\/alexander-grey-tn57JI3CewI-unsplash-800x1200.webp 800w\" sizes=\"auto, (max-width: 1707px) 100vw, 1707px\" \/><\/div>\n<\/div><\/div><\/div><\/div><\/div><\/div><\/div><\/div><\/div><div id=\"pg-9024-1\"  class=\"panel-grid panel-no-style\"  data-style=\"{&quot;background_image_attachment&quot;:false,&quot;background_display&quot;:&quot;tile&quot;,&quot;background_image_size&quot;:&quot;full&quot;,&quot;background_image_opacity&quot;:&quot;100&quot;,&quot;border_thickness&quot;:&quot;1px&quot;,&quot;full_height&quot;:&quot;&quot;,&quot;bottom_margin&quot;:&quot;100px&quot;,&quot;cell_alignment&quot;:&quot;flex-start&quot;}\" ><div id=\"pgc-9024-1-0\"  class=\"panel-grid-cell\"  data-weight=\"1\" ><div id=\"panel-9024-1-0-0\" class=\"so-panel widget widget_siteorigin-panels-builder panel-first-child panel-last-child\" data-index=\"1\" data-style=\"{&quot;background_image_attachment&quot;:false,&quot;background_display&quot;:&quot;tile&quot;,&quot;background_image_size&quot;:&quot;full&quot;,&quot;background_image_opacity&quot;:&quot;100&quot;,&quot;border_thickness&quot;:&quot;1px&quot;}\" ><div id=\"pl-w653f66f7e8799\"  class=\"panel-layout\" ><div id=\"pg-w653f66f7e8799-0\"  class=\"panel-grid panel-has-style\"  data-style=\"{&quot;class&quot;:&quot;fade-in-down&quot;,&quot;background_image_attachment&quot;:false,&quot;background_display&quot;:&quot;tile&quot;,&quot;background_image_size&quot;:&quot;full&quot;,&quot;background_image_opacity&quot;:&quot;100&quot;,&quot;border_thickness&quot;:&quot;1px&quot;,&quot;full_height&quot;:&quot;&quot;,&quot;cell_alignment&quot;:&quot;flex-start&quot;}\" ><div class=\"fade-in-down panel-row-style panel-row-style-for-w653f66f7e8799-0\" ><div id=\"pgc-w653f66f7e8799-0-0\"  class=\"panel-grid-cell\"  data-weight=\"1\" ><div id=\"panel-w653f66f7e8799-0-0-0\" class=\"so-panel widget widget_sow-editor panel-first-child panel-last-child\" data-index=\"0\" data-style=\"{&quot;class&quot;:&quot;adv-Accounting-service-mind&quot;,&quot;background_image_attachment&quot;:false,&quot;background_display&quot;:&quot;tile&quot;,&quot;background_image_size&quot;:&quot;full&quot;,&quot;background_image_opacity&quot;:&quot;100&quot;,&quot;border_thickness&quot;:&quot;1px&quot;}\" ><div class=\"adv-Accounting-service-mind panel-widget-style panel-widget-style-for-w653f66f7e8799-0-0-0\" ><div\n\t\t\t\n\t\t\tclass=\"so-widget-sow-editor so-widget-sow-editor-base\"\n\t\t\t\n\t\t>\n<div class=\"siteorigin-widget-tinymce textwidget\">\n\t<strong>Yrityksen perustaminen<\/strong>\n<h2>Rekister\u00f6i yrityksesi verkossa Grown avulla<\/h2>\nRekister\u00f6imme t\u00e4ysin toimivan oikeushenkil\u00f6n (yksityinen osakeyhti\u00f6) Viron yritysrekisteriin, jotta voit aloittaa globaalin yritysprojektisi. Grow k\u00e4ytt\u00e4\u00e4 online-rekister\u00f6intiprosessia kattaakseen kaikki t\u00e4rke\u00e4t vivahteet, mukaan lukien yrityksen nimen, fyysisen osoitteen, postiosoitteen Virossa ja alkuper\u00e4isen osakep\u00e4\u00e4oman maksun.<\/div>\n<\/div><\/div><\/div><\/div><\/div><\/div><div id=\"pg-w653f66f7e8799-1\"  class=\"panel-grid panel-no-style\"  data-style=\"{&quot;background_image_attachment&quot;:false,&quot;background_display&quot;:&quot;tile&quot;,&quot;background_image_size&quot;:&quot;full&quot;,&quot;background_image_opacity&quot;:&quot;100&quot;,&quot;border_thickness&quot;:&quot;1px&quot;,&quot;full_height&quot;:&quot;&quot;,&quot;cell_alignment&quot;:&quot;flex-start&quot;}\" ><div id=\"pgc-w653f66f7e8799-1-0\"  class=\"panel-grid-cell\"  data-style=\"{&quot;class&quot;:&quot;fade-in-right&quot;,&quot;background_image_attachment&quot;:false,&quot;background_display&quot;:&quot;tile&quot;,&quot;background_image_size&quot;:&quot;full&quot;,&quot;background_image_opacity&quot;:&quot;100&quot;,&quot;border_thickness&quot;:&quot;1px&quot;,&quot;vertical_alignment&quot;:&quot;auto&quot;}\"  data-weight=\"0.5\" ><div class=\"fade-in-right panel-cell-style panel-cell-style-for-w653f66f7e8799-1-0\" ><div id=\"panel-w653f66f7e8799-1-0-0\" class=\"so-panel widget widget_sow-editor panel-first-child panel-last-child\" data-index=\"1\" data-style=\"{&quot;class&quot;:&quot;adv-Accounting-service&quot;,&quot;padding&quot;:&quot;20px 20px 20px 20px&quot;,&quot;background&quot;:&quot;#ebeff4&quot;,&quot;background_image_attachment&quot;:false,&quot;background_display&quot;:&quot;tile&quot;,&quot;background_image_size&quot;:&quot;full&quot;,&quot;background_image_opacity&quot;:&quot;100&quot;,&quot;border_thickness&quot;:&quot;1px&quot;}\" ><div class=\"adv-Accounting-service panel-widget-style panel-widget-style-for-w653f66f7e8799-1-0-0\" ><div\n\t\t\t\n\t\t\tclass=\"so-widget-sow-editor so-widget-sow-editor-base\"\n\t\t\t\n\t\t>\n<div class=\"siteorigin-widget-tinymce textwidget\">\n\t<h3>Optimaalinen yritysrakenne<\/h3>\nValitsemme ja selit\u00e4mme sinulle parhaan saatavilla olevan rakenteen yrityksellesi. Koska osakeyhti\u00f6 on t\u00e4ysin vastuussa velvoitteistaan ja veloistaan, sinun ei tarvitse huolehtia henkil\u00f6kohtaisesta omaisuudestasi. Se on t\u00e4ysin (kaupallisesti) riskit\u00f6nt\u00e4.<\/div>\n<\/div><\/div><\/div><\/div><\/div><div id=\"pgc-w653f66f7e8799-1-1\"  class=\"panel-grid-cell\"  data-style=\"{&quot;class&quot;:&quot;fade-in-left&quot;,&quot;background_image_attachment&quot;:false,&quot;background_display&quot;:&quot;tile&quot;,&quot;background_image_size&quot;:&quot;full&quot;,&quot;background_image_opacity&quot;:&quot;100&quot;,&quot;border_thickness&quot;:&quot;1px&quot;,&quot;vertical_alignment&quot;:&quot;auto&quot;}\"  data-weight=\"0.5\" ><div class=\"fade-in-left panel-cell-style panel-cell-style-for-w653f66f7e8799-1-1\" ><div id=\"panel-w653f66f7e8799-1-1-0\" class=\"so-panel widget widget_sow-editor panel-first-child panel-last-child\" data-index=\"2\" data-style=\"{&quot;class&quot;:&quot;adv-Accounting-service&quot;,&quot;padding&quot;:&quot;20px 20px 20px 20px&quot;,&quot;background&quot;:&quot;#ebeff4&quot;,&quot;background_image_attachment&quot;:false,&quot;background_display&quot;:&quot;tile&quot;,&quot;background_image_size&quot;:&quot;full&quot;,&quot;background_image_opacity&quot;:&quot;100&quot;,&quot;border_thickness&quot;:&quot;1px&quot;}\" ><div class=\"adv-Accounting-service panel-widget-style panel-widget-style-for-w653f66f7e8799-1-1-0\" ><div\n\t\t\t\n\t\t\tclass=\"so-widget-sow-editor so-widget-sow-editor-base\"\n\t\t\t\n\t\t>\n<div class=\"siteorigin-widget-tinymce textwidget\">\n\t<h3>S\u00e4\u00e4nn\u00f6ist\u00e4 huolehtiminen<\/h3>\nRakenne on joustava ja voi mahdollisesti mukautua muuttuviin liiketoimintatarpeisiisi tulevaisuudessa. Huolehdimme Viron ja EU-m\u00e4\u00e4r\u00e4ysten noudattamisesta. HUOM! Koska sen omistaa ja yll\u00e4pit\u00e4\u00e4 yksi henkil\u00f6, se on loistava valinta freelancereille.<\/div>\n<\/div><\/div><\/div><\/div><\/div><\/div><\/div><\/div><\/div><\/div><div id=\"pg-9024-2\"  class=\"panel-grid panel-has-style\"  data-style=\"{&quot;class&quot;:&quot;for-stop-sec&quot;,&quot;padding&quot;:&quot;50px 50px 50px 50px&quot;,&quot;background&quot;:&quot;#1d1b47&quot;,&quot;background_image_attachment&quot;:false,&quot;background_display&quot;:&quot;tile&quot;,&quot;background_image_size&quot;:&quot;full&quot;,&quot;background_image_opacity&quot;:&quot;100&quot;,&quot;border_thickness&quot;:&quot;1px&quot;,&quot;full_height&quot;:&quot;&quot;,&quot;bottom_margin&quot;:&quot;100px&quot;,&quot;cell_alignment&quot;:&quot;flex-start&quot;}\"  data-label=\"talk to expert\" ><div class=\"for-stop-sec panel-row-style panel-row-style-for-9024-2\" ><div id=\"pgc-9024-2-0\"  class=\"panel-grid-cell\"  data-weight=\"1\" ><div id=\"panel-9024-2-0-0\" class=\"so-panel widget widget_siteorigin-panels-builder panel-first-child panel-last-child\" data-index=\"2\" data-style=\"{&quot;background_image_attachment&quot;:false,&quot;background_display&quot;:&quot;tile&quot;,&quot;background_image_size&quot;:&quot;full&quot;,&quot;background_image_opacity&quot;:&quot;100&quot;,&quot;border_thickness&quot;:&quot;1px&quot;}\" ><div id=\"pl-w653f5982da7fa\"  class=\"panel-layout\" ><div id=\"pg-w653f5982da7fa-0\"  class=\"panel-grid panel-no-style\"  data-style=\"{&quot;background_image_attachment&quot;:false,&quot;background_display&quot;:&quot;tile&quot;,&quot;background_image_size&quot;:&quot;full&quot;,&quot;background_image_opacity&quot;:&quot;100&quot;,&quot;border_thickness&quot;:&quot;1px&quot;,&quot;full_height&quot;:&quot;&quot;,&quot;cell_alignment&quot;:&quot;flex-start&quot;}\" ><div id=\"pgc-w653f5982da7fa-0-0\"  class=\"panel-grid-cell\"  data-style=\"{&quot;background_image_attachment&quot;:false,&quot;background_display&quot;:&quot;tile&quot;,&quot;background_image_size&quot;:&quot;full&quot;,&quot;background_image_opacity&quot;:&quot;100&quot;,&quot;border_thickness&quot;:&quot;1px&quot;,&quot;vertical_alignment&quot;:&quot;auto&quot;}\"  data-weight=\"0.5\" ><div id=\"panel-w653f5982da7fa-0-0-0\" class=\"so-panel widget widget_sow-editor panel-first-child panel-last-child\" data-index=\"0\" data-style=\"{&quot;class&quot;:&quot;Talk-to-our-expert1&quot;,&quot;background_image_attachment&quot;:false,&quot;background_display&quot;:&quot;tile&quot;,&quot;background_image_size&quot;:&quot;full&quot;,&quot;background_image_opacity&quot;:&quot;100&quot;,&quot;border_thickness&quot;:&quot;1px&quot;}\" ><div class=\"Talk-to-our-expert1 panel-widget-style panel-widget-style-for-w653f5982da7fa-0-0-0\" ><div\n\t\t\t\n\t\t\tclass=\"so-widget-sow-editor so-widget-sow-editor-base\"\n\t\t\t\n\t\t>\n<div class=\"siteorigin-widget-tinymce textwidget\">\n\t<h2>Keskustele talousasiantuntijamme kanssa<\/h2><\/div>\n<\/div><\/div><\/div><\/div><div id=\"pgc-w653f5982da7fa-0-1\"  class=\"panel-grid-cell\"  data-style=\"{&quot;background_image_attachment&quot;:false,&quot;background_display&quot;:&quot;tile&quot;,&quot;background_image_size&quot;:&quot;full&quot;,&quot;background_image_opacity&quot;:&quot;100&quot;,&quot;border_thickness&quot;:&quot;1px&quot;,&quot;vertical_alignment&quot;:&quot;auto&quot;}\"  data-weight=\"0.5\" ><div id=\"panel-w653f5982da7fa-0-1-0\" class=\"so-panel widget widget_sow-editor panel-first-child panel-last-child\" data-index=\"1\" data-style=\"{&quot;class&quot;:&quot;Talk-to-our-expert&quot;,&quot;background_image_attachment&quot;:false,&quot;background_display&quot;:&quot;tile&quot;,&quot;background_image_size&quot;:&quot;full&quot;,&quot;background_image_opacity&quot;:&quot;100&quot;,&quot;border_thickness&quot;:&quot;1px&quot;}\" ><div class=\"Talk-to-our-expert panel-widget-style panel-widget-style-for-w653f5982da7fa-0-1-0\" ><div\n\t\t\t\n\t\t\tclass=\"so-widget-sow-editor so-widget-sow-editor-base\"\n\t\t\t\n\t\t>\n<div class=\"siteorigin-widget-tinymce textwidget\">\n\t<p><a href=\"https:\/\/grow.ee\/fi\/kontakt\/\">Ota yhteytt\u00e4<\/a><\/p>\n<\/div>\n<\/div><\/div><\/div><\/div><\/div><\/div><\/div><\/div><\/div><\/div><div id=\"pg-9024-3\"  class=\"panel-grid panel-no-style\"  data-style=\"{&quot;background_image_attachment&quot;:false,&quot;background_display&quot;:&quot;tile&quot;,&quot;background_image_size&quot;:&quot;full&quot;,&quot;background_image_opacity&quot;:&quot;100&quot;,&quot;border_thickness&quot;:&quot;1px&quot;,&quot;full_height&quot;:&quot;&quot;,&quot;cell_alignment&quot;:&quot;flex-start&quot;}\" ><div id=\"pgc-9024-3-0\"  class=\"panel-grid-cell\"  data-weight=\"1\" ><div id=\"panel-9024-3-0-0\" class=\"so-panel widget widget_siteorigin-panels-builder panel-first-child panel-last-child\" data-index=\"3\" data-style=\"{&quot;background_image_attachment&quot;:false,&quot;background_display&quot;:&quot;tile&quot;,&quot;background_image_size&quot;:&quot;full&quot;,&quot;background_image_opacity&quot;:&quot;100&quot;,&quot;border_thickness&quot;:&quot;1px&quot;}\" ><div id=\"pl-w653f66f7e8a69\"  class=\"panel-layout\" ><div id=\"pg-w653f66f7e8a69-0\"  class=\"panel-grid panel-has-style\"  data-style=\"{&quot;class&quot;:&quot;fade-in-down&quot;,&quot;background_image_attachment&quot;:false,&quot;background_display&quot;:&quot;tile&quot;,&quot;background_image_size&quot;:&quot;full&quot;,&quot;background_image_opacity&quot;:&quot;100&quot;,&quot;border_thickness&quot;:&quot;1px&quot;,&quot;full_height&quot;:&quot;&quot;,&quot;cell_alignment&quot;:&quot;flex-start&quot;}\" ><div class=\"fade-in-down panel-row-style panel-row-style-for-w653f66f7e8a69-0\" ><div id=\"pgc-w653f66f7e8a69-0-0\"  class=\"panel-grid-cell\"  data-weight=\"1\" ><div id=\"panel-w653f66f7e8a69-0-0-0\" class=\"so-panel widget widget_sow-editor panel-first-child panel-last-child\" data-index=\"0\" data-style=\"{&quot;class&quot;:&quot;adv-Accounting-service-mind&quot;,&quot;background_image_attachment&quot;:false,&quot;background_display&quot;:&quot;tile&quot;,&quot;background_image_size&quot;:&quot;full&quot;,&quot;background_image_opacity&quot;:&quot;100&quot;,&quot;border_thickness&quot;:&quot;1px&quot;}\" ><div class=\"adv-Accounting-service-mind panel-widget-style panel-widget-style-for-w653f66f7e8a69-0-0-0\" ><div\n\t\t\t\n\t\t\tclass=\"so-widget-sow-editor so-widget-sow-editor-base\"\n\t\t\t\n\t\t>\n<div class=\"siteorigin-widget-tinymce textwidget\">\n\t<strong>Yrityksen perustaminen<\/strong>\n<h2>Mit\u00e4 Grow Business -rekister\u00f6intipalvelu sis\u00e4lt\u00e4\u00e4?<\/h2><\/div>\n<\/div><\/div><\/div><\/div><\/div><\/div><div id=\"pg-w653f66f7e8a69-1\"  class=\"panel-grid panel-no-style\"  data-style=\"{&quot;background_image_attachment&quot;:false,&quot;background_display&quot;:&quot;tile&quot;,&quot;background_image_size&quot;:&quot;full&quot;,&quot;background_image_opacity&quot;:&quot;100&quot;,&quot;border_thickness&quot;:&quot;1px&quot;,&quot;full_height&quot;:&quot;&quot;,&quot;cell_alignment&quot;:&quot;flex-start&quot;}\" ><div id=\"pgc-w653f66f7e8a69-1-0\"  class=\"panel-grid-cell\"  data-style=\"{&quot;class&quot;:&quot;fade-in-right&quot;,&quot;background_image_attachment&quot;:false,&quot;background_display&quot;:&quot;tile&quot;,&quot;background_image_size&quot;:&quot;full&quot;,&quot;background_image_opacity&quot;:&quot;100&quot;,&quot;border_thickness&quot;:&quot;1px&quot;,&quot;vertical_alignment&quot;:&quot;auto&quot;}\"  data-weight=\"0.5\" ><div class=\"fade-in-right panel-cell-style panel-cell-style-for-w653f66f7e8a69-1-0\" ><div id=\"panel-w653f66f7e8a69-1-0-0\" class=\"so-panel widget widget_sow-editor panel-first-child panel-last-child\" data-index=\"1\" data-style=\"{&quot;class&quot;:&quot;adv-Accounting-service &quot;,&quot;background_image_attachment&quot;:false,&quot;background_display&quot;:&quot;tile&quot;,&quot;background_image_size&quot;:&quot;full&quot;,&quot;background_image_opacity&quot;:&quot;100&quot;,&quot;border_thickness&quot;:&quot;1px&quot;}\" ><div class=\"adv-Accounting-service  panel-widget-style panel-widget-style-for-w653f66f7e8a69-1-0-0\" ><div\n\t\t\t\n\t\t\tclass=\"so-widget-sow-editor so-widget-sow-editor-base\"\n\t\t\t\n\t\t>\n<div class=\"siteorigin-widget-tinymce textwidget\">\n\t<ul>\n \t<li>Suojattu online-yhteys yrityksesi tietoihin (oikeudelliset tosiasiat, kirjanpito, pankkiasiat, verot jne.) ja mahdollisuus harjoittaa liiketoimintaa mist\u00e4 p\u00e4in maailmaa tahansa. Sinun ei tarvitse olla fyysisesti Virossa;<\/li>\n \t<li>Viron digitaalinen henkil\u00f6kortti antaa sinulle suoran hallinnan tapahtumistasi ja omaisuuksistasi;<\/li>\n \t<li>Se on eritt\u00e4in yksinkertaista: ei v\u00e4lik\u00e4si\u00e4, p\u00e4\u00e4t\u00f6ksentekij\u00f6iden et\u00e4hallitusta tai piilokuluja.<\/li>\n<\/ul>\n<h2>e-residenssi<\/h2>\n<ul>\n \t<li><a href=\"https:\/\/e-resident.gov.ee\/\">e-residenssi<\/a>\u00a0\u2013 Viron digitaalinen henkil\u00f6kortti antaa sinulle suoran hallinnan tapahtumiisi ja varoihin.<\/li>\n<\/ul><\/div>\n<\/div><\/div><\/div><\/div><\/div><div id=\"pgc-w653f66f7e8a69-1-1\"  class=\"panel-grid-cell\"  data-style=\"{&quot;class&quot;:&quot;fade-in-left&quot;,&quot;background_image_attachment&quot;:false,&quot;background_display&quot;:&quot;tile&quot;,&quot;background_image_size&quot;:&quot;full&quot;,&quot;background_image_opacity&quot;:&quot;100&quot;,&quot;border_thickness&quot;:&quot;1px&quot;,&quot;vertical_alignment&quot;:&quot;auto&quot;}\"  data-weight=\"0.5\" ><div class=\"fade-in-left panel-cell-style panel-cell-style-for-w653f66f7e8a69-1-1\" ><div id=\"panel-w653f66f7e8a69-1-1-0\" class=\"so-panel widget widget_sow-editor panel-first-child panel-last-child\" data-index=\"2\" data-style=\"{&quot;widget_css&quot;:&quot;Added-values-accounting-service&quot;,&quot;background_image_attachment&quot;:false,&quot;background_display&quot;:&quot;tile&quot;,&quot;background_image_size&quot;:&quot;full&quot;,&quot;background_image_opacity&quot;:&quot;100&quot;,&quot;border_thickness&quot;:&quot;1px&quot;}\" ><div\n\t\t\t\n\t\t\tclass=\"so-widget-sow-editor so-widget-sow-editor-base\"\n\t\t\t\n\t\t>\n<div class=\"siteorigin-widget-tinymce textwidget\">\n\t<p><img loading=\"lazy\" decoding=\"async\" class=\"alignnone wp-image-8072 size-full\" src=\"https:\/\/grow.ee\/wp-content\/uploads\/2023\/08\/cfo-as-a-service-pic.jpg\" alt=\"kirjanpitopalvelu_1\" width=\"892\" height=\"595\" srcset=\"https:\/\/grow.ee\/wp-content\/uploads\/2023\/08\/cfo-as-a-service-pic.jpg 892w, https:\/\/grow.ee\/wp-content\/uploads\/2023\/08\/cfo-as-a-service-pic-300x200.jpg 300w, https:\/\/grow.ee\/wp-content\/uploads\/2023\/08\/cfo-as-a-service-pic-720x480.jpg 720w, https:\/\/grow.ee\/wp-content\/uploads\/2023\/08\/cfo-as-a-service-pic-768x512.jpg 768w, https:\/\/grow.ee\/wp-content\/uploads\/2023\/08\/cfo-as-a-service-pic-360x240.jpg 360w, https:\/\/grow.ee\/wp-content\/uploads\/2023\/08\/cfo-as-a-service-pic-800x534.jpg 800w, https:\/\/grow.ee\/wp-content\/uploads\/2023\/08\/cfo-as-a-service-pic-150x100.jpg 150w, https:\/\/grow.ee\/wp-content\/uploads\/2023\/08\/cfo-as-a-service-pic-600x400.jpg 600w\" sizes=\"auto, (max-width: 892px) 100vw, 892px\" \/><\/p>\n<\/div>\n<\/div><\/div><\/div><\/div><\/div><\/div><\/div><\/div><\/div><\/div>","protected":false},"excerpt":{"rendered":"<p>Ettev\u00f5tte asutamine Ettev\u00f5tte registreerimine Eestis Kavatsete alustada ettev\u00f5tet Eestis? \u00c4rge muretsege, saame teid aidata lihtsa asutamise ja k\u00f5igi vajalike dokumentidega. Tutvu pakettidega Ettev\u00f5tte asutamine Registreeri oma ettev\u00f5te internetis koos Grow abiga Me registreerime t\u00e4ielikult toimiva juriidilise isiku (osa\u00fchingu) Eesti \u00c4riregistris, et saaksite alustada oma globaalset \u00e4riprojekti. Grow kasutab veebip\u00f5hist registreerimisprotsessi, et katta k\u00f5ik olulised n\u00fcansid, [&#8230;]\n","protected":false},"author":10,"featured_media":0,"parent":9004,"menu_order":0,"comment_status":"closed","ping_status":"closed","template":"","meta":{"footnotes":""},"class_list":["post-9024","page","type-page","status-publish","hentry"],"_links":{"self":[{"href":"https:\/\/grow.ee\/fi\/wp-json\/wp\/v2\/pages\/9024","targetHints":{"allow":["GET"]}}],"collection":[{"href":"https:\/\/grow.ee\/fi\/wp-json\/wp\/v2\/pages"}],"about":[{"href":"https:\/\/grow.ee\/fi\/wp-json\/wp\/v2\/types\/page"}],"author":[{"embeddable":true,"href":"https:\/\/grow.ee\/fi\/wp-json\/wp\/v2\/users\/10"}],"replies":[{"embeddable":true,"href":"https:\/\/grow.ee\/fi\/wp-json\/wp\/v2\/comments?post=9024"}],"version-history":[{"count":1,"href":"https:\/\/grow.ee\/fi\/wp-json\/wp\/v2\/pages\/9024\/revisions"}],"predecessor-version":[{"id":15003,"href":"https:\/\/grow.ee\/fi\/wp-json\/wp\/v2\/pages\/9024\/revisions\/15003"}],"up":[{"embeddable":true,"href":"https:\/\/grow.ee\/fi\/wp-json\/wp\/v2\/pages\/9004"}],"wp:attachment":[{"href":"https:\/\/grow.ee\/fi\/wp-json\/wp\/v2\/media?parent=9024"}],"curies":[{"name":"wp","href":"https:\/\/api.w.org\/{rel}","templated":true}]}}