{"id":8883,"date":"2023-10-25T21:35:29","date_gmt":"2023-10-25T21:35:29","guid":{"rendered":"https:\/\/grow.ee\/?page_id=8883"},"modified":"2023-12-08T04:39:03","modified_gmt":"2023-12-08T04:39:03","slug":"liiketoimintatiedon-palvelupaketit","status":"publish","type":"page","link":"https:\/\/grow.ee\/fi\/business-intelligencee-service-packages\/","title":{"rendered":"Business Intelligence -palvelupaketit"},"content":{"rendered":"<h2>According to the Money Laundering and Terrorist Financing Prevention Act we are obliged to ask the following:<\/h2>\n<script type=\"text\/javascript\">\n\/* <![CDATA[ *\/\nvar gform;gform||(document.addEventListener(\"gform_main_scripts_loaded\",function(){gform.scriptsLoaded=!0}),document.addEventListener(\"gform\/theme\/scripts_loaded\",function(){gform.themeScriptsLoaded=!0}),window.addEventListener(\"DOMContentLoaded\",function(){gform.domLoaded=!0}),gform={domLoaded:!1,scriptsLoaded:!1,themeScriptsLoaded:!1,isFormEditor:()=>\"function\"==typeof InitializeEditor,callIfLoaded:function(o){return!(!gform.domLoaded||!gform.scriptsLoaded||!gform.themeScriptsLoaded&&!gform.isFormEditor()||(gform.isFormEditor()&&console.warn(\"The use of gform.initializeOnLoaded() is deprecated in the form editor context and will be removed in Gravity Forms 3.1.\"),o(),0))},initializeOnLoaded:function(o){gform.callIfLoaded(o)||(document.addEventListener(\"gform_main_scripts_loaded\",()=>{gform.scriptsLoaded=!0,gform.callIfLoaded(o)}),document.addEventListener(\"gform\/theme\/scripts_loaded\",()=>{gform.themeScriptsLoaded=!0,gform.callIfLoaded(o)}),window.addEventListener(\"DOMContentLoaded\",()=>{gform.domLoaded=!0,gform.callIfLoaded(o)}))},hooks:{action:{},filter:{}},addAction:function(o,r,e,t){gform.addHook(\"action\",o,r,e,t)},addFilter:function(o,r,e,t){gform.addHook(\"filter\",o,r,e,t)},doAction:function(o){gform.doHook(\"action\",o,arguments)},applyFilters:function(o){return gform.doHook(\"filter\",o,arguments)},removeAction:function(o,r){gform.removeHook(\"action\",o,r)},removeFilter:function(o,r,e){gform.removeHook(\"filter\",o,r,e)},addHook:function(o,r,e,t,n){null==gform.hooks[o][r]&&(gform.hooks[o][r]=[]);var d=gform.hooks[o][r];null==n&&(n=r+\"_\"+d.length),gform.hooks[o][r].push({tag:n,callable:e,priority:t=null==t?10:t})},doHook:function(r,o,e){var t;if(e=Array.prototype.slice.call(e,1),null!=gform.hooks[r][o]&&((o=gform.hooks[r][o]).sort(function(o,r){return o.priority-r.priority}),o.forEach(function(o){\"function\"!=typeof(t=o.callable)&&(t=window[t]),\"action\"==r?t.apply(null,e):e[0]=t.apply(null,e)})),\"filter\"==r)return e[0]},removeHook:function(o,r,t,n){var e;null!=gform.hooks[o][r]&&(e=(e=gform.hooks[o][r]).filter(function(o,r,e){return!!(null!=n&&n!=o.tag||null!=t&&t!=o.priority)}),gform.hooks[o][r]=e)}});\n\/* ]]> *\/\n<\/script>\n\n                <div class='gf_browser_gecko gform_wrapper gravity-theme gform-theme--no-framework' data-form-theme='gravity-theme' data-form-index='0' id='gform_wrapper_42' >\n                        <div class='gform_heading'>\n                            <h2 class=\"gform_title\">Business Intelligencee service Packages<\/h2>\n                            <p class='gform_description'><\/p>\n\t\t\t\t\t\t\t<p class='gform_required_legend'><\/p>\n                        <\/div><form method='post' enctype='multipart\/form-data'  id='gform_42'  action='\/fi\/wp-json\/wp\/v2\/pages\/8883' data-formid='42' novalidate>\n                        <div class='gform-body gform_body'><div id='gform_fields_42' class='gform_fields top_label form_sublabel_below description_below validation_below'><div id=\"field_42_29\" class=\"gfield gfield--type-honeypot gform_validation_container field_sublabel_below gfield--has-description field_description_below field_validation_below gfield_visibility_visible\"  ><label class='gfield_label gform-field-label' for='input_42_29'>Email<\/label><div class='ginput_container'><input name='input_29' id='input_42_29' type='text' value='' autocomplete='new-password'\/><\/div><div class='gfield_description' id='gfield_description_42_29'>Kentt\u00e4 on validointitarkoituksiin ja tulee j\u00e4tt\u00e4\u00e4 koskemattomaksi.<\/div><\/div><div id=\"field_42_10\" class=\"gfield gfield--type-html gfield--width-full gfield_html gfield_html_formatted gfield_no_follows_desc field_sublabel_below gfield--no-description field_description_below field_validation_below gfield_visibility_visible\"  ><\/div><div id=\"field_42_11\" class=\"gfield gfield--type-text gfield--width-full field_sublabel_below gfield--no-description field_description_below field_validation_below gfield_visibility_visible\"  ><label class='gfield_label gform-field-label' for='input_42_11'>Company name<\/label><div class='ginput_container ginput_container_text'><input name='input_11' id='input_42_11' type='text' value='' class='medium'      aria-invalid=\"false\"   \/><\/div><\/div><div id=\"field_42_23\" class=\"gfield gfield--type-text gfield--width-full field_sublabel_below gfield--no-description field_description_below field_validation_below gfield_visibility_visible\"  ><label class='gfield_label gform-field-label' for='input_42_23'>Registry code<\/label><div class='ginput_container ginput_container_text'><input name='input_23' id='input_42_23' type='text' value='' class='medium'      aria-invalid=\"false\"   \/><\/div><\/div><div id=\"field_42_1\" class=\"gfield gfield--type-text gfield_contains_required field_sublabel_below gfield--no-description field_description_below field_validation_below gfield_visibility_visible\"  ><label class='gfield_label gform-field-label' for='input_42_1'>Name of the board member<span class=\"gfield_required\"><span class=\"gfield_required gfield_required_asterisk\">*<\/span><\/span><\/label><div class='ginput_container ginput_container_text'><input name='input_1' id='input_42_1' type='text' value='' class='medium'     aria-required=\"true\" aria-invalid=\"false\"   \/><\/div><\/div><div id=\"field_42_24\" class=\"gfield gfield--type-text gfield--width-full gfield_contains_required field_sublabel_below gfield--has-description field_description_below field_validation_below gfield_visibility_visible\"  ><label class='gfield_label gform-field-label' for='input_42_24'>Identification code or date of birth<span class=\"gfield_required\"><span class=\"gfield_required gfield_required_asterisk\">*<\/span><\/span><\/label><div class='ginput_container ginput_container_text'><input name='input_24' id='input_42_24' type='text' value='' class='medium'  aria-describedby=\"gfield_description_42_24\"   aria-required=\"true\" aria-invalid=\"false\"   \/><\/div><div class='gfield_description' id='gfield_description_42_24'>Date of birth example: 05221973<\/div><\/div><div id=\"field_42_25\" class=\"gfield gfield--type-text gfield--width-full gfield_contains_required field_sublabel_below gfield--no-description field_description_below field_validation_below gfield_visibility_visible\"  ><label class='gfield_label gform-field-label' for='input_42_25'>Email<span class=\"gfield_required\"><span class=\"gfield_required gfield_required_asterisk\">*<\/span><\/span><\/label><div class='ginput_container ginput_container_text'><input name='input_25' id='input_42_25' type='text' value='' class='medium'     aria-required=\"true\" aria-invalid=\"false\"   \/><\/div><\/div><div id=\"field_42_26\" class=\"gfield gfield--type-text gfield--width-full gfield_contains_required field_sublabel_below gfield--no-description field_description_below field_validation_below gfield_visibility_visible\"  ><label class='gfield_label gform-field-label' for='input_42_26'>Phone number<span class=\"gfield_required\"><span class=\"gfield_required gfield_required_asterisk\">*<\/span><\/span><\/label><div class='ginput_container ginput_container_text'><input name='input_26' id='input_42_26' type='text' value='' class='medium'     aria-required=\"true\" aria-invalid=\"false\"   \/><\/div><\/div><div id=\"field_42_6\" class=\"gfield gfield--type-text gfield--width-full gfield_contains_required field_sublabel_below gfield--no-description field_description_below field_validation_below gfield_visibility_visible\"  ><label class='gfield_label gform-field-label' for='input_42_6'>The country of residency<span class=\"gfield_required\"><span class=\"gfield_required gfield_required_asterisk\">*<\/span><\/span><\/label><div class='ginput_container ginput_container_text'><input name='input_6' id='input_42_6' type='text' value='' class='medium'     aria-required=\"true\" aria-invalid=\"false\"   \/><\/div><\/div><fieldset id=\"field_42_17\" class=\"gfield gfield--type-radio gfield--type-choice gfield--width-full gfield_contains_required field_sublabel_below gfield--no-description field_description_below field_validation_below gfield_visibility_visible\"  ><legend class='gfield_label gform-field-label' >I confirm being a politically exposed person\/ a family member or close co-worker of a politically exposed person<span class=\"gfield_required\"><span class=\"gfield_required gfield_required_asterisk\">*<\/span><\/span><\/legend><div class='ginput_container ginput_container_radio'><div class='gfield_radio' id='input_42_17'>\n\t\t\t<div class='gchoice gchoice_42_17_0'>\n\t\t\t\t\t<input class='gfield-choice-input' name='input_17' type='radio' value='Yes'  id='choice_42_17_0' onchange='gformToggleRadioOther( this )'    \/>\n\t\t\t\t\t<label for='choice_42_17_0' id='label_42_17_0' class='gform-field-label gform-field-label--type-inline'>Yes<\/label>\n\t\t\t<\/div>\n\t\t\t<div class='gchoice gchoice_42_17_1'>\n\t\t\t\t\t<input class='gfield-choice-input' name='input_17' type='radio' value='No'  id='choice_42_17_1' onchange='gformToggleRadioOther( this )'    \/>\n\t\t\t\t\t<label for='choice_42_17_1' id='label_42_17_1' class='gform-field-label gform-field-label--type-inline'>No<\/label>\n\t\t\t<\/div><\/div><\/div><\/fieldset><div id=\"field_42_20\" class=\"gfield gfield--type-select gfield--width-full field_sublabel_below gfield--no-description field_description_below field_validation_below gfield_visibility_visible\"  ><label class='gfield_label gform-field-label' for='input_42_20'>How did you find out about Grow?<\/label><div class='ginput_container ginput_container_select'><select name='input_20' id='input_42_20' class='large gfield_select'     aria-invalid=\"false\" ><option value='' ><\/option><option value='Heard from a friend' >Heard from a friend<\/option><option value='Google' >Google<\/option><option value='Social media' >Social media<\/option><option value='Other' >Other<\/option><\/select><\/div><\/div><fieldset id=\"field_42_27\" class=\"gfield gfield--type-checkbox gfield--type-choice gfield--width-half field_sublabel_below gfield--no-description field_description_below field_validation_below gfield_visibility_visible\"  ><legend class='gfield_label gform-field-label gfield_label_before_complex' >Which bank does your company use?<\/legend><div class='ginput_container ginput_container_checkbox'><div class='gfield_checkbox ' id='input_42_27'><div class='gchoice gchoice_42_27_1'>\n\t\t\t\t\t\t\t\t<input class='gfield-choice-input' name='input_27.1' type='checkbox'  value='LHV'  id='choice_42_27_1'   \/>\n\t\t\t\t\t\t\t\t<label for='choice_42_27_1' id='label_42_27_1' class='gform-field-label gform-field-label--type-inline'>LHV<\/label>\n\t\t\t\t\t\t\t<\/div><div class='gchoice gchoice_42_27_2'>\n\t\t\t\t\t\t\t\t<input class='gfield-choice-input' name='input_27.2' type='checkbox'  value='Swedbank'  id='choice_42_27_2'   \/>\n\t\t\t\t\t\t\t\t<label for='choice_42_27_2' id='label_42_27_2' class='gform-field-label gform-field-label--type-inline'>Swedbank<\/label>\n\t\t\t\t\t\t\t<\/div><div class='gchoice gchoice_42_27_3'>\n\t\t\t\t\t\t\t\t<input class='gfield-choice-input' name='input_27.3' type='checkbox'  value='Wise'  id='choice_42_27_3'   \/>\n\t\t\t\t\t\t\t\t<label for='choice_42_27_3' id='label_42_27_3' class='gform-field-label gform-field-label--type-inline'>Wise<\/label>\n\t\t\t\t\t\t\t<\/div><div class='gchoice gchoice_42_27_4'>\n\t\t\t\t\t\t\t\t<input class='gfield-choice-input' name='input_27.4' type='checkbox'  value='Revolut'  id='choice_42_27_4'   \/>\n\t\t\t\t\t\t\t\t<label for='choice_42_27_4' id='label_42_27_4' class='gform-field-label gform-field-label--type-inline'>Revolut<\/label>\n\t\t\t\t\t\t\t<\/div><div class='gchoice gchoice_42_27_5'>\n\t\t\t\t\t\t\t\t<input class='gfield-choice-input' name='input_27.5' type='checkbox'  value='Other'  id='choice_42_27_5'   \/>\n\t\t\t\t\t\t\t\t<label for='choice_42_27_5' id='label_42_27_5' class='gform-field-label gform-field-label--type-inline'>Other<\/label>\n\t\t\t\t\t\t\t<\/div><\/div><\/div><\/fieldset><fieldset id=\"field_42_28\" class=\"gfield gfield--type-checkbox gfield--type-choice gfield--width-half field_sublabel_below gfield--no-description field_description_below field_validation_below gfield_visibility_visible\"  ><legend class='gfield_label gform-field-label gfield_label_before_complex' >Which package do you want to select?<\/legend><div class='ginput_container ginput_container_checkbox'><div class='gfield_checkbox ' id='input_42_28'><div class='gchoice gchoice_42_28_1'>\n\t\t\t\t\t\t\t\t<input class='gfield-choice-input' name='input_28.1' type='checkbox'  value='LHV'  id='choice_42_28_1'   \/>\n\t\t\t\t\t\t\t\t<label for='choice_42_28_1' id='label_42_28_1' class='gform-field-label gform-field-label--type-inline'>START<\/label>\n\t\t\t\t\t\t\t<\/div><div class='gchoice gchoice_42_28_2'>\n\t\t\t\t\t\t\t\t<input class='gfield-choice-input' name='input_28.2' type='checkbox'  value='Swedbank'  id='choice_42_28_2'   \/>\n\t\t\t\t\t\t\t\t<label for='choice_42_28_2' id='label_42_28_2' class='gform-field-label gform-field-label--type-inline'>MICRO<\/label>\n\t\t\t\t\t\t\t<\/div><div class='gchoice gchoice_42_28_3'>\n\t\t\t\t\t\t\t\t<input class='gfield-choice-input' name='input_28.3' type='checkbox'  value='Wise'  id='choice_42_28_3'   \/>\n\t\t\t\t\t\t\t\t<label for='choice_42_28_3' id='label_42_28_3' class='gform-field-label gform-field-label--type-inline'>STANDARD<\/label>\n\t\t\t\t\t\t\t<\/div><div class='gchoice gchoice_42_28_4'>\n\t\t\t\t\t\t\t\t<input class='gfield-choice-input' name='input_28.4' type='checkbox'  value='Revolut'  id='choice_42_28_4'   \/>\n\t\t\t\t\t\t\t\t<label for='choice_42_28_4' id='label_42_28_4' class='gform-field-label gform-field-label--type-inline'>PREMIUM<\/label>\n\t\t\t\t\t\t\t<\/div><div class='gchoice gchoice_42_28_5'>\n\t\t\t\t\t\t\t\t<input class='gfield-choice-input' name='input_28.5' type='checkbox'  value='Other'  id='choice_42_28_5'   \/>\n\t\t\t\t\t\t\t\t<label for='choice_42_28_5' id='label_42_28_5' class='gform-field-label gform-field-label--type-inline'>ADVANCED<\/label>\n\t\t\t\t\t\t\t<\/div><\/div><\/div><\/fieldset><div id=\"field_42_13\" class=\"gfield gfield--type-textarea gfield--width-full field_sublabel_below gfield--no-description field_description_below field_validation_below gfield_visibility_visible\"  ><label class='gfield_label gform-field-label' for='input_42_13'>The names of the beneficial owners, ID-codes and their residential countries<\/label><div class='ginput_container ginput_container_textarea'><textarea name='input_13' id='input_42_13' class='textarea medium'      aria-invalid=\"false\"   rows='10' cols='50'><\/textarea><\/div><\/div><fieldset id=\"field_42_18\" class=\"gfield gfield--type-radio gfield--type-choice gfield--width-full field_sublabel_below gfield--no-description field_description_below field_validation_below gfield_visibility_visible\"  ><legend class='gfield_label gform-field-label' >I confirm being a politically exposed person\/ a family member or close co-worker of a politically exposed person<\/legend><div class='ginput_container ginput_container_radio'><div class='gfield_radio' id='input_42_18'>\n\t\t\t<div class='gchoice gchoice_42_18_0'>\n\t\t\t\t\t<input class='gfield-choice-input' name='input_18' type='radio' value='Yes'  id='choice_42_18_0' onchange='gformToggleRadioOther( this )'    \/>\n\t\t\t\t\t<label for='choice_42_18_0' id='label_42_18_0' class='gform-field-label gform-field-label--type-inline'>Yes<\/label>\n\t\t\t<\/div>\n\t\t\t<div class='gchoice gchoice_42_18_1'>\n\t\t\t\t\t<input class='gfield-choice-input' name='input_18' type='radio' value='No'  id='choice_42_18_1' onchange='gformToggleRadioOther( this )'    \/>\n\t\t\t\t\t<label for='choice_42_18_1' id='label_42_18_1' class='gform-field-label gform-field-label--type-inline'>No<\/label>\n\t\t\t<\/div><\/div><\/div><\/fieldset><div id=\"field_42_15\" class=\"gfield gfield--type-textarea gfield--width-full field_sublabel_below gfield--has-description field_description_below field_validation_below gfield_visibility_visible\"  ><label class='gfield_label gform-field-label' for='input_42_15'>The description of the company&#039;s activity (described freely, please don\u00b4t add only the EMTAK code):<\/label><div class='ginput_container ginput_container_textarea'><textarea name='input_15' id='input_42_15' class='textarea medium'  aria-describedby=\"gfield_description_42_15\"    aria-invalid=\"false\"   rows='10' cols='50'><\/textarea><\/div><div class='gfield_description' id='gfield_description_42_15'>Please give us an overview how your company is related to Estonia (have you an office here or just employees, management etc).<\/div><\/div><\/div><\/div>\n        <div class='gform-footer gform_footer top_label'> <input type='submit' id='gform_submit_button_42' class='gform_button button' onclick='gform.submission.handleButtonClick(this);' data-submission-type='submit' value='Submit'  \/> \n            <input type='hidden' class='gform_hidden' name='gform_submission_method' data-js='gform_submission_method_42' value='postback' \/>\n            <input type='hidden' class='gform_hidden' name='gform_theme' data-js='gform_theme_42' id='gform_theme_42' value='gravity-theme' \/>\n            <input type='hidden' class='gform_hidden' name='gform_style_settings' data-js='gform_style_settings_42' id='gform_style_settings_42' value='[]' \/>\n            <input type='hidden' class='gform_hidden' name='is_submit_42' value='1' \/>\n            <input type='hidden' class='gform_hidden' name='gform_submit' value='42' \/>\n            \n            <input type='hidden' class='gform_hidden' name='gform_currency' data-currency='EUR' value='rzL55z4xqINits3FLzHNI3txTRiMRDMN1hyUsMaszYfNolQOjKgaXLlpnYtJ5EGxBK2Rmd3WvuGL6v6+4fPvbkaAazEJhQM4I2XGjHaevX\/sq\/E=' \/>\n            <input type='hidden' class='gform_hidden' name='gform_unique_id' value='' \/>\n            <input type='hidden' class='gform_hidden' name='state_42' value='WyJ7XCIxN1wiOltcIjVlOTRiODUxZjhhM2E5ZGJhNjZkZDY3N2E1OGZiNjFiXCIsXCI1ODllMWMyOTAwYzEyNWU5YTVlYzMyYmZhMGIwNmFhM1wiXSxcIjE4XCI6W1wiNWU5NGI4NTFmOGEzYTlkYmE2NmRkNjc3YTU4ZmI2MWJcIixcIjU4OWUxYzI5MDBjMTI1ZTlhNWVjMzJiZmEwYjA2YWEzXCJdfSIsIjMyMWJjZGFkYjg1ZDJmZjkyMTVkMDIwYmY5ZjFhMTI3Il0=' \/>\n            <input type='hidden' autocomplete='off' class='gform_hidden' name='gform_target_page_number_42' id='gform_target_page_number_42' value='0' \/>\n            <input type='hidden' autocomplete='off' class='gform_hidden' name='gform_source_page_number_42' id='gform_source_page_number_42' value='1' \/>\n            <input type='hidden' name='gform_field_values' value='' \/>\n            \n        <\/div>\n                        <\/form>\n                        <\/div><script type=\"text\/javascript\">\n\/* <![CDATA[ *\/\n gform.initializeOnLoaded( function() {gformInitSpinner( 42, 'https:\/\/grow.ee\/wp-content\/plugins\/gravityforms\/images\/spinner.svg', true );jQuery('#gform_ajax_frame_42').on('load',function(){var contents = jQuery(this).contents().find('*').html();var is_postback = contents.indexOf('GF_AJAX_POSTBACK') >= 0;if(!is_postback){return;}var form_content = jQuery(this).contents().find('#gform_wrapper_42');var is_confirmation = jQuery(this).contents().find('#gform_confirmation_wrapper_42').length > 0;var is_redirect = contents.indexOf('gformRedirect(){') >= 0;var is_form = form_content.length > 0 && ! is_redirect && ! is_confirmation;var mt = parseInt(jQuery('html').css('margin-top'), 10) + parseInt(jQuery('body').css('margin-top'), 10) + 100;if(is_form){jQuery('#gform_wrapper_42').html(form_content.html());if(form_content.hasClass('gform_validation_error')){jQuery('#gform_wrapper_42').addClass('gform_validation_error');} else {jQuery('#gform_wrapper_42').removeClass('gform_validation_error');}setTimeout( function() { \/* delay the scroll by 50 milliseconds to fix a bug in chrome *\/  }, 50 );if(window['gformInitDatepicker']) {gformInitDatepicker();}if(window['gformInitPriceFields']) {gformInitPriceFields();}var current_page = jQuery('#gform_source_page_number_42').val();gformInitSpinner( 42, 'https:\/\/grow.ee\/wp-content\/plugins\/gravityforms\/images\/spinner.svg', true );jQuery(document).trigger('gform_page_loaded', [42, current_page]);window['gf_submitting_42'] = false;}else if(!is_redirect){var confirmation_content = jQuery(this).contents().find('.GF_AJAX_POSTBACK').html();if(!confirmation_content){confirmation_content = contents;}jQuery('#gform_wrapper_42').replaceWith(confirmation_content);jQuery(document).trigger('gform_confirmation_loaded', [42]);window['gf_submitting_42'] = false;wp.a11y.speak(jQuery('#gform_confirmation_message_42').text());}else{jQuery('#gform_42').append(contents);if(window['gformRedirect']) {gformRedirect();}}jQuery(document).trigger(\"gform_pre_post_render\", [{ formId: \"42\", currentPage: \"current_page\", abort: function() { this.preventDefault(); } }]);        if (event && event.defaultPrevented) {                return;        }        const gformWrapperDiv = document.getElementById( \"gform_wrapper_42\" );        if ( gformWrapperDiv ) {            const visibilitySpan = document.createElement( \"span\" );            visibilitySpan.id = \"gform_visibility_test_42\";            gformWrapperDiv.insertAdjacentElement( \"afterend\", visibilitySpan );        }        const visibilityTestDiv = document.getElementById( \"gform_visibility_test_42\" );        let postRenderFired = false;        function triggerPostRender() {            if ( postRenderFired ) {                return;            }            postRenderFired = true;            gform.core.triggerPostRenderEvents( 42, current_page );            if ( visibilityTestDiv ) {                visibilityTestDiv.parentNode.removeChild( visibilityTestDiv );            }        }        function debounce( func, wait, immediate ) {            var timeout;            return function() {                var context = this, args = arguments;                var later = function() {                    timeout = null;                    if ( !immediate ) func.apply( context, args );                };                var callNow = immediate && !timeout;                clearTimeout( timeout );                timeout = setTimeout( later, wait );                if ( callNow ) func.apply( context, args );            };        }        const debouncedTriggerPostRender = debounce( function() {            triggerPostRender();        }, 200 );        if ( visibilityTestDiv && visibilityTestDiv.offsetParent === null ) {            const observer = new MutationObserver( ( mutations ) => {                mutations.forEach( ( mutation ) => {                    if ( mutation.type === 'attributes' && visibilityTestDiv.offsetParent !== null ) {                        debouncedTriggerPostRender();                        observer.disconnect();                    }                });            });            observer.observe( document.body, {                attributes: true,                childList: false,                subtree: true,                attributeFilter: [ 'style', 'class' ],            });        } else {            triggerPostRender();        }    } );} ); \n\/* ]]> *\/\n<\/script>\n\n","protected":false},"excerpt":{"rendered":"<p>According to the Money Laundering and Terrorist Financing Prevention Act we are obliged to ask the following:<\/p>","protected":false},"author":10,"featured_media":0,"parent":0,"menu_order":0,"comment_status":"closed","ping_status":"closed","template":"","meta":{"footnotes":""},"class_list":["post-8883","page","type-page","status-publish","hentry"],"_links":{"self":[{"href":"https:\/\/grow.ee\/fi\/wp-json\/wp\/v2\/pages\/8883","targetHints":{"allow":["GET"]}}],"collection":[{"href":"https:\/\/grow.ee\/fi\/wp-json\/wp\/v2\/pages"}],"about":[{"href":"https:\/\/grow.ee\/fi\/wp-json\/wp\/v2\/types\/page"}],"author":[{"embeddable":true,"href":"https:\/\/grow.ee\/fi\/wp-json\/wp\/v2\/users\/10"}],"replies":[{"embeddable":true,"href":"https:\/\/grow.ee\/fi\/wp-json\/wp\/v2\/comments?post=8883"}],"version-history":[{"count":0,"href":"https:\/\/grow.ee\/fi\/wp-json\/wp\/v2\/pages\/8883\/revisions"}],"wp:attachment":[{"href":"https:\/\/grow.ee\/fi\/wp-json\/wp\/v2\/media?parent=8883"}],"curies":[{"name":"wp","href":"https:\/\/api.w.org\/{rel}","templated":true}]}}