{"id":8848,"date":"2023-10-23T23:01:51","date_gmt":"2023-10-23T23:01:51","guid":{"rendered":"https:\/\/grow.ee\/?page_id=8848"},"modified":"2025-11-03T13:36:09","modified_gmt":"2025-11-03T10:36:09","slug":"talouspaallikkopalvelu","status":"publish","type":"page","link":"https:\/\/grow.ee\/fi\/teenused\/finantsjuhi-teenus\/","title":{"rendered":"CFO-palvelu"},"content":{"rendered":"<div class=\"banner has-hover\" id=\"banner-1092929089\">\n          <div class=\"banner-inner fill\">\n        <div class=\"banner-bg fill\" >\n            <img loading=\"lazy\" decoding=\"async\" width=\"720\" height=\"403\" src=\"https:\/\/grow.ee\/wp-content\/uploads\/2024\/05\/Finantsjuhi-teenus-720x403.webp\" class=\"bg attachment-large size-large\" alt=\"Talousjohtajan palvelu\" \/>                        <div class=\"overlay\"><\/div>            \n                    <\/div>\n\t\t\n        <div class=\"banner-layers container\">\n            <div class=\"fill banner-link\"><\/div>            \n\n   <div id=\"text-box-1718018684\" class=\"text-box banner-layer x50 md-x50 lg-x50 y50 md-y50 lg-y50 res-text\">\n                                <div class=\"text-box-content text dark\">\n              \n              <div class=\"text-inner text-center\">\n                  \n\n<h3 class=\"uppercase\"><strong><span style=\"color: #1b1a46;\">Talousjohtajan (CFO) palvelu<\/span><\/strong><\/h3>\n<p><span style=\"color: #57595d; font-size: 110%;\">CFO-palvelu on suunniteltu tarjoamaan strategista taloudellista tukea kokop\u00e4iv\u00e4isen talousjohtajan tilalle.\u00a0<\/span><\/p>\n<a href=\"https:\/\/grow.ee\/fi\/ota-meihin-yhteytta\/\" class=\"button alert is-shade\" style=\"border-radius:8px;\">\n\t\t<span>V\u00d5TA MEIEGA \u00dcHENDUST<\/span>\n\t<\/a>\n\n\n\n              <\/div>\n           <\/div>\n                            \n<style>\n#text-box-1718018684 .text-box-content {\n  background-color: rgba(255, 255, 255, 0.872);\n  border-radius: 10px;\n  font-size: 100%;\n}\n#text-box-1718018684 .text-inner {\n  padding: 10px 10px 5px 10px;\n}\n#text-box-1718018684 {\n  width: 60%;\n}\n<\/style>\n    <\/div>\n \n\n        <\/div>\n      <\/div>\n\n            \n<style>\n#banner-1092929089 {\n  padding-top: 500px;\n}\n#banner-1092929089 .overlay {\n  background-color: rgba(0, 0, 0, 0.17);\n}\n<\/style>\n  <\/div>\n\n\n<div class=\"row\"  id=\"row-603028365\">\n\n\n\t<div id=\"col-411640255\" class=\"col medium-6 small-12 large-6\"  >\n\t\t\t\t<div class=\"col-inner\"  >\n\t\t\t\n\t\t\t\n\n<div class=\"elementor-element elementor-element-107f84eb elementor-widget elementor-widget-heading\" data-id=\"107f84eb\" data-element_type=\"widget\" data-widget_type=\"heading.default\">\n<div class=\"elementor-widget-container\">\n<h2 class=\"elementor-heading-title elementor-size-default elementor-inline-editing pen\" data-elementor-setting-key=\"title\" data-pen-placeholder=\"Type Here...\">Mit\u00e4 talousp\u00e4\u00e4llikk\u00f6palvelu kattaa?<\/h2>\n<\/div>\n<\/div>\n<div class=\"elementor-element elementor-element-23611ec elementor-icon-list--layout-traditional elementor-list-item-link-full_width elementor-widget elementor-widget-icon-list\" data-id=\"23611ec\" data-element_type=\"widget\" data-widget_type=\"icon-list.default\">\n<div class=\"elementor-widget-container\">\n<ul class=\"elementor-icon-list-items\">\n<li class=\"elementor-icon-list-item\"><i class=\"fas fa-check-circle\" aria-hidden=\"true\"><\/i><span class=\"elementor-icon-list-text\">Taloudellinen suunnittelu<\/span><\/li>\n<li class=\"elementor-icon-list-item\"><i class=\"fas fa-check-circle\" aria-hidden=\"true\"><\/i><span class=\"elementor-icon-list-text\">Budjetointi<\/span><\/li>\n<li class=\"elementor-icon-list-item\"><i class=\"fas fa-check-circle\" aria-hidden=\"true\"><\/i><span class=\"elementor-icon-list-text\">Liiketoiminnan mallintaminen<\/span><\/li>\n<li class=\"elementor-icon-list-item\"><i class=\"fas fa-check-circle\" aria-hidden=\"true\"><\/i><span class=\"elementor-icon-list-text\">Kassavirran hallinta<\/span><\/li>\n<li class=\"elementor-icon-list-item\"><i class=\"fas fa-check-circle\" aria-hidden=\"true\"><\/i><span class=\"elementor-icon-list-text\">Hallinnointiraportointi<\/span><\/li>\n<li class=\"elementor-icon-list-item\"><i class=\"fas fa-check-circle\" aria-hidden=\"true\"><\/i><span class=\"elementor-icon-list-text\">Taloudellinen analyysi<\/span><\/li>\n<\/ul>\n<\/div>\n<\/div>\n\n\t\t<\/div>\n\t\t\t\t\t<\/div>\n\n\t\n\n\t<div id=\"col-2025572275\" class=\"col medium-6 small-12 large-6\"  >\n\t\t\t\t<div class=\"col-inner\"  >\n\t\t\t\n\t\t\t\n\n\t<div class=\"img has-hover x md-x lg-x y md-y lg-y\" id=\"image_1794816930\">\n\t\t\t\t\t\t\t\t<div class=\"img-inner image-cover dark\" style=\"padding-top:60.25%;\">\n\t\t\t<img loading=\"lazy\" decoding=\"async\" width=\"848\" height=\"848\" src=\"https:\/\/grow.ee\/wp-content\/uploads\/2024\/05\/finantsjuht.webp\" class=\"attachment-original size-original\" alt=\"talousp\u00e4\u00e4llikk\u00f6\" srcset=\"https:\/\/grow.ee\/wp-content\/uploads\/2024\/05\/finantsjuht.webp 848w, https:\/\/grow.ee\/wp-content\/uploads\/2024\/05\/finantsjuht-300x300.webp 300w, https:\/\/grow.ee\/wp-content\/uploads\/2024\/05\/finantsjuht-720x720.webp 720w, https:\/\/grow.ee\/wp-content\/uploads\/2024\/05\/finantsjuht-150x150.webp 150w, https:\/\/grow.ee\/wp-content\/uploads\/2024\/05\/finantsjuht-768x768.webp 768w\" sizes=\"auto, (max-width: 848px) 100vw, 848px\" \/>\t\t\t\t\t\t\n\t\t\t\t\t<\/div>\n\t\t\t\t\t\t\t\t\n<style>\n#image_1794816930 {\n  width: 100%;\n}\n<\/style>\n\t<\/div>\n\t\n\n\n\t\t<\/div>\n\t\t\t\t\t<\/div>\n\n\t\n\n<\/div>\n<div class=\"row\"  id=\"row-246261259\">\n\n\n\t<div id=\"col-2026094856\" class=\"col medium-4 small-12 large-4\"  >\n\t\t\t\t<div class=\"col-inner\" style=\"background-color:rgb(232, 237, 244);\" >\n\t\t\t\n\t<div class=\"is-border\"\n\t\tstyle=\"border-color:rgb(210, 35, 42);border-radius:8px;border-width:0px 0px 0px 5px;\">\n\t<\/div>\n\t\t\t\n\n<div class=\"elementor-element elementor-element-5d1241bc elementor-widget elementor-widget-heading\" data-id=\"5d1241bc\" data-element_type=\"widget\" data-widget_type=\"heading.default\">\n<div class=\"elementor-widget-container\">\n<h2 class=\"elementor-heading-title elementor-size-default\" style=\"text-align: center;\">Kustannustehokkuus<\/h2>\n<\/div>\n<\/div>\n<div class=\"elementor-element elementor-element-262e2955 elementor-widget elementor-widget-spacer\" data-id=\"262e2955\" data-element_type=\"widget\" data-widget_type=\"spacer.default\">\n<div class=\"elementor-widget-container\">\n<div class=\"elementor-spacer\">\n<div class=\"elementor-spacer-inner\">\n<hr \/>\n<\/div>\n<\/div>\n<\/div>\n<\/div>\n<div class=\"elementor-element elementor-element-385b12b4 color-scheme-inherit text-left elementor-widget elementor-widget-text-editor\" data-id=\"385b12b4\" data-element_type=\"widget\" data-widget_type=\"text-editor.default\">\n<div class=\"elementor-widget-container\">\n<p>Talousp\u00e4\u00e4llik\u00f6n palvelun arvo perustuu sen kustannustehokkuuteen. Kokoaikaisen talousjohtajan palkkaaminen aiheuttaa yritykselle huomattavia kustannuksia: palkat, ohjelmistot ja muut edut.<\/p>\n<\/div>\n<\/div>\n\n\t\t<\/div>\n\t\t\t\t\n<style>\n#col-2026094856 > .col-inner {\n  padding: 5px 15px 5px 15px;\n  margin: 0px 0px 0px 0px;\n}\n<\/style>\n\t<\/div>\n\n\t\n\n\t<div id=\"col-208726256\" class=\"col medium-4 small-12 large-4\"  >\n\t\t\t\t<div class=\"col-inner\" style=\"background-color:rgb(232, 237, 244);\" >\n\t\t\t\n\t<div class=\"is-border\"\n\t\tstyle=\"border-color:rgb(210, 35, 42);border-radius:8px;border-width:0px 0px 5px 0px;\">\n\t<\/div>\n\t\t\t\n\n<div class=\"elementor-element elementor-element-5d1241bc elementor-widget elementor-widget-heading\" data-id=\"5d1241bc\" data-element_type=\"widget\" data-widget_type=\"heading.default\">\n<div class=\"elementor-widget-container\">\n<div class=\"elementor-element elementor-element-27a3156b elementor-widget elementor-widget-heading\" data-id=\"27a3156b\" data-element_type=\"widget\" data-widget_type=\"heading.default\">\n<div class=\"elementor-widget-container\">\n<h2 class=\"elementor-heading-title elementor-size-default\" style=\"text-align: center;\">K\u00e4tev\u00e4t ratkaisut<\/h2>\n<\/div>\n<\/div>\n<\/div>\n<\/div>\n<div class=\"elementor-element elementor-element-262e2955 elementor-widget elementor-widget-spacer\" data-id=\"262e2955\" data-element_type=\"widget\" data-widget_type=\"spacer.default\">\n<div class=\"elementor-widget-container\">\n<div class=\"elementor-spacer\">\n<div class=\"elementor-spacer-inner\">\n<hr \/>\n<\/div>\n<\/div>\n<\/div>\n<\/div>\n<div class=\"elementor-element elementor-element-385b12b4 color-scheme-inherit text-left elementor-widget elementor-widget-text-editor\" data-id=\"385b12b4\" data-element_type=\"widget\" data-widget_type=\"text-editor.default\">\n<div class=\"elementor-widget-container\">\n<p>Talousp\u00e4\u00e4llikk\u00f6palvelu antaa yrityksille joustavuutta. Hinnoittelumallimme, mukaan lukien tuntihinnat, projektipohjaiset palkkiot ja s\u00e4\u00e4nn\u00f6lliset asiakassopimukset, sopivat erilaisiin tarpeisiin ja budjetteihin.<\/p>\n<\/div>\n<\/div>\n\n\t\t<\/div>\n\t\t\t\t\n<style>\n#col-208726256 > .col-inner {\n  padding: 5px 15px 5px 15px;\n  margin: 0px 0px 0px 0px;\n}\n<\/style>\n\t<\/div>\n\n\t\n\n\t<div id=\"col-1478189033\" class=\"col medium-4 small-12 large-4\"  >\n\t\t\t\t<div class=\"col-inner\" style=\"background-color:rgb(232, 237, 244);\" >\n\t\t\t\n\t<div class=\"is-border\"\n\t\tstyle=\"border-color:rgb(210, 35, 42);border-radius:8px;border-width:0px 5px 0px 0px;\">\n\t<\/div>\n\t\t\t\n\n<div class=\"elementor-element elementor-element-5d1241bc elementor-widget elementor-widget-heading\" data-id=\"5d1241bc\" data-element_type=\"widget\" data-widget_type=\"heading.default\">\n<div class=\"elementor-widget-container\">\n<div class=\"elementor-element elementor-element-449aff98 elementor-widget elementor-widget-heading\" data-id=\"449aff98\" data-element_type=\"widget\" data-widget_type=\"heading.default\">\n<div class=\"elementor-widget-container\">\n<h2 class=\"elementor-heading-title elementor-size-default\" style=\"text-align: center;\">Taloudellinen lukutaito<\/h2>\n<\/div>\n<\/div>\n<\/div>\n<\/div>\n<div class=\"elementor-element elementor-element-262e2955 elementor-widget elementor-widget-spacer\" data-id=\"262e2955\" data-element_type=\"widget\" data-widget_type=\"spacer.default\">\n<div class=\"elementor-widget-container\">\n<div class=\"elementor-spacer\">\n<div class=\"elementor-spacer-inner\">\n<hr \/>\n<\/div>\n<\/div>\n<\/div>\n<\/div>\n<div class=\"elementor-element elementor-element-385b12b4 color-scheme-inherit text-left elementor-widget elementor-widget-text-editor\" data-id=\"385b12b4\" data-element_type=\"widget\" data-widget_type=\"text-editor.default\">\n<div class=\"elementor-widget-container\">\n<p>Ty\u00f6skentelem\u00e4ll\u00e4 rahoitusjohtajan kanssa voit hy\u00f6dynt\u00e4\u00e4 huippuluokan ratkaisuja. Kykymme k\u00e4ytt\u00e4\u00e4 nykyp\u00e4iv\u00e4n teknologiaa yksinkertaistaa asiakasprosesseja ja s\u00e4\u00e4st\u00e4\u00e4 aikaa.<\/p>\n<\/div>\n<\/div>\n\n\t\t<\/div>\n\t\t\t\t\n<style>\n#col-1478189033 > .col-inner {\n  padding: 5px 15px 5px 15px;\n  margin: 0px 0px 0px 0px;\n}\n<\/style>\n\t<\/div>\n\n\t\n\n<\/div>\n<div class=\"row\"  id=\"row-694793062\">\n\n\n\t<div id=\"col-88978096\" class=\"col small-12 large-12\"  >\n\t\t\t\t<div class=\"col-inner\"  >\n\t\t\t\n\t\t\t\n\n<div class=\"message-box relative dark\" style=\"padding-top:15px;padding-bottom:15px;\"><div class=\"message-box-bg-image bg-fill fill\" ><\/div><div class=\"message-box-bg-overlay bg-fill fill\" style=\"background-color:rgb(27, 26, 70);\"><\/div><div class=\"container relative\"><div class=\"inner last-reset\">\n\n<div class=\"row align-middle align-center\"  id=\"row-1819126116\">\n\n\n\t<div id=\"col-485792823\" class=\"col medium-9 small-12 large-9\"  >\n\t\t\t\t<div class=\"col-inner\"  >\n\t\t\t\n\t\t\t\n\n<h2>Talousjohtajan palkka<\/h2>\n\n\t\t<\/div>\n\t\t\t\t\t<\/div>\n\n\t\n\n\t<div id=\"col-155805751\" class=\"col medium-3 small-12 large-3\"  >\n\t\t\t\t<div class=\"col-inner text-right\"  >\n\t\t\t\n\t\t\t\n\n<a href=\"https:\/\/grow.ee\/fi\/ota-meihin-yhteytta\/\" class=\"button alert is-shade\" style=\"border-radius:8px;\">\n\t\t<span>OTA YHTEYTT\u00c4 YHTEIS\u00d6\u00d6N<\/span>\n\t<\/a>\n\n\n\n\t\t<\/div>\n\t\t\t\t\n<style>\n#col-155805751 > .col-inner {\n  margin: 10px 0px 0px 0px;\n}\n<\/style>\n\t<\/div>\n\n\t\n\n<\/div>\n\n<\/div><\/div><\/div>\n\n\t\t<\/div>\n\t\t\t\t\t<\/div>\n\n\t\n\n<\/div>\n<div class=\"row\"  id=\"row-1251703383\">\n\n\n\t<div id=\"col-655978766\" class=\"col medium-6 small-12 large-6\"  >\n\t\t\t\t<div class=\"col-inner\"  >\n\t\t\t\n\t\t\t\n\n<div class=\"wd-negative-gap elementor-element elementor-element-6061f4ed e-flex e-con-boxed e-con e-parent\" data-particle_enable=\"false\" data-particle-mobile-disabled=\"false\" data-id=\"6061f4ed\" data-element_type=\"container\">\n<div class=\"e-con-inner\">\n<div class=\"elementor-element elementor-element-81b1074 elementor-widget elementor-widget-heading\" data-id=\"81b1074\" data-element_type=\"widget\" data-widget_type=\"heading.default\">\n<div class=\"elementor-widget-container\">\n<h2 class=\"elementor-heading-title elementor-size-default\">Financial Controller -palvelu on tarkoitettu yrityksille, jotka:<\/h2>\n<\/div>\n<\/div>\n<\/div>\n<\/div>\n<div class=\"wd-negative-gap elementor-element elementor-element-5019e54a e-flex e-con-boxed e-con e-parent\" data-particle_enable=\"false\" data-particle-mobile-disabled=\"false\" data-id=\"5019e54a\" data-element_type=\"container\">\n<div class=\"e-con-inner\">\n<div class=\"elementor-element elementor-element-4faba2de e-con-full e-flex e-con e-child\" data-particle_enable=\"false\" data-particle-mobile-disabled=\"false\" data-id=\"4faba2de\" data-element_type=\"container\">\n<div class=\"elementor-element elementor-element-0fd0d11 elementor-icon-list--layout-traditional elementor-list-item-link-full_width elementor-widget elementor-widget-icon-list\" data-id=\"0fd0d11\" data-element_type=\"widget\" data-widget_type=\"icon-list.default\">\n<div class=\"elementor-widget-container\">\n<ul class=\"elementor-icon-list-items\">\n<li class=\"elementor-icon-list-item\"><i class=\"fas fa-check-circle\" aria-hidden=\"true\"><\/i><span class=\"elementor-icon-list-text\">rahoitusasiantuntijan taidot tai resurssit ovat rajalliset.<\/span><\/li>\n<li class=\"elementor-icon-list-item\"><i class=\"fas fa-check-circle\" aria-hidden=\"true\"><\/i><span class=\"elementor-icon-list-text\">etsii parempaa tiedon laatua ja parempia raportointiprosesseja.<\/span><\/li>\n<li class=\"elementor-icon-list-item\"><i class=\"fas fa-check-circle\" aria-hidden=\"true\"><\/i><span class=\"elementor-icon-list-text\">haluavat lievent\u00e4\u00e4 taloudellisia riskej\u00e4 tehokkaasti<\/span><\/li>\n<li class=\"elementor-icon-list-item\"><i class=\"fas fa-check-circle\" aria-hidden=\"true\"><\/i><span class=\"elementor-icon-list-text\">pyrki\u00e4 yksinkertaistamaan rahoitusprosesseja<\/span><\/li>\n<li class=\"elementor-icon-list-item\"><i class=\"fas fa-check-circle\" aria-hidden=\"true\"><\/i><span class=\"elementor-icon-list-text\">vaativat osa-aikaista taloushallintoa<\/span><\/li>\n<li class=\"elementor-icon-list-item\"><i class=\"fas fa-check-circle\" aria-hidden=\"true\"><\/i><span class=\"elementor-icon-list-text\">tarvitsevat yleiskatsauksen mahdollisista rahoitusskenaarioista.<\/span><\/li>\n<li class=\"elementor-icon-list-item\"><i class=\"fas fa-check-circle\" aria-hidden=\"true\"><\/i><span class=\"elementor-icon-list-text\">etsiv\u00e4t tarkkoja talousennusteita<\/span><\/li>\n<\/ul>\n<\/div>\n<\/div>\n<\/div>\n<\/div>\n<\/div>\n\n\t\t<\/div>\n\t\t\t\t\t<\/div>\n\n\t\n\n\t<div id=\"col-534906652\" class=\"col medium-6 small-12 large-6\"  >\n\t\t\t\t<div class=\"col-inner\"  >\n\t\t\t\n\t\t\t\n\n\t<div class=\"img has-hover x md-x lg-x y md-y lg-y\" id=\"image_1071938579\">\n\t\t\t\t\t\t\t\t<div class=\"img-inner image-cover dark\" style=\"padding-top:69.25%;\">\n\t\t\t<img loading=\"lazy\" decoding=\"async\" width=\"848\" height=\"848\" src=\"https:\/\/grow.ee\/wp-content\/uploads\/2024\/05\/Finantsjuht-CFO.webp\" class=\"attachment-original size-original\" alt=\"\" srcset=\"https:\/\/grow.ee\/wp-content\/uploads\/2024\/05\/Finantsjuht-CFO.webp 848w, https:\/\/grow.ee\/wp-content\/uploads\/2024\/05\/Finantsjuht-CFO-300x300.webp 300w, https:\/\/grow.ee\/wp-content\/uploads\/2024\/05\/Finantsjuht-CFO-720x720.webp 720w, https:\/\/grow.ee\/wp-content\/uploads\/2024\/05\/Finantsjuht-CFO-150x150.webp 150w, https:\/\/grow.ee\/wp-content\/uploads\/2024\/05\/Finantsjuht-CFO-768x768.webp 768w\" sizes=\"auto, (max-width: 848px) 100vw, 848px\" \/>\t\t\t\t\t\t\n\t\t\t\t\t<\/div>\n\t\t\t\t\t\t\t\t\n<style>\n#image_1071938579 {\n  width: 100%;\n}\n<\/style>\n\t<\/div>\n\t\n\n\n\t\t<\/div>\n\t\t\t\t\t<\/div>\n\n\t\n\n<\/div>","protected":false},"excerpt":{"rendered":"","protected":false},"author":10,"featured_media":0,"parent":9004,"menu_order":0,"comment_status":"closed","ping_status":"closed","template":"page-blank.php","meta":{"footnotes":""},"class_list":["post-8848","page","type-page","status-publish","hentry"],"_links":{"self":[{"href":"https:\/\/grow.ee\/fi\/wp-json\/wp\/v2\/pages\/8848","targetHints":{"allow":["GET"]}}],"collection":[{"href":"https:\/\/grow.ee\/fi\/wp-json\/wp\/v2\/pages"}],"about":[{"href":"https:\/\/grow.ee\/fi\/wp-json\/wp\/v2\/types\/page"}],"author":[{"embeddable":true,"href":"https:\/\/grow.ee\/fi\/wp-json\/wp\/v2\/users\/10"}],"replies":[{"embeddable":true,"href":"https:\/\/grow.ee\/fi\/wp-json\/wp\/v2\/comments?post=8848"}],"version-history":[{"count":48,"href":"https:\/\/grow.ee\/fi\/wp-json\/wp\/v2\/pages\/8848\/revisions"}],"predecessor-version":[{"id":15105,"href":"https:\/\/grow.ee\/fi\/wp-json\/wp\/v2\/pages\/8848\/revisions\/15105"}],"up":[{"embeddable":true,"href":"https:\/\/grow.ee\/fi\/wp-json\/wp\/v2\/pages\/9004"}],"wp:attachment":[{"href":"https:\/\/grow.ee\/fi\/wp-json\/wp\/v2\/media?parent=8848"}],"curies":[{"name":"wp","href":"https:\/\/api.w.org\/{rel}","templated":true}]}}