{"id":8839,"date":"2023-10-23T22:29:19","date_gmt":"2023-10-23T22:29:19","guid":{"rendered":"https:\/\/grow.ee\/?page_id=8839"},"modified":"2025-11-03T13:29:20","modified_gmt":"2025-11-03T10:29:20","slug":"arianaluthika","status":"publish","type":"page","link":"https:\/\/grow.ee\/fi\/teenused\/arianaluutika\/","title":{"rendered":"Liiketoiminnan analytiikka"},"content":{"rendered":"<div class=\"banner has-hover\" id=\"banner-211695138\">\n          <div class=\"banner-inner fill\">\n        <div class=\"banner-bg fill\" >\n            <img loading=\"lazy\" decoding=\"async\" width=\"720\" height=\"404\" src=\"https:\/\/grow.ee\/wp-content\/uploads\/2024\/05\/Digitaalne-raamatupidamine-Grow-3-720x404.webp\" class=\"bg attachment-large size-large\" alt=\"\" \/>                        <div class=\"overlay\"><\/div>            \n                    <\/div>\n\t\t\n        <div class=\"banner-layers container\">\n            <div class=\"fill banner-link\"><\/div>            \n\n   <div id=\"text-box-437600388\" class=\"text-box banner-layer x50 md-x50 lg-x50 y50 md-y50 lg-y50 res-text\">\n                                <div class=\"text-box-content text dark\">\n              \n              <div class=\"text-inner text-center\">\n                  \n\n<h3 class=\"uppercase\"><span style=\"color: #1b1a46;\"><strong>aNDMED ON EDU V\u00d5TI<\/strong><\/span><\/h3>\n<p><span style=\"font-size: 120%; color: #666666;\">Autamme sinua ymm\u00e4rt\u00e4m\u00e4\u00e4n kannattavuutta tuotteittain, asiakkaittain tai markkinoittain, tunnistamaan pullonkauloja ja kasvumahdollisuuksia sek\u00e4 visualisoimaan dataa p\u00e4\u00e4t\u00f6ksenteon tueksi.<\/span><\/p>\n<a href=\"https:\/\/grow.ee\/fi\/ota-meihin-yhteytta\/\" class=\"button alert\" style=\"border-radius:8px;\">\n\t\t<span>OTA YHTEYTT\u00c4 YHTEIS\u00d6\u00d6N<\/span>\n\t<\/a>\n\n\n\n              <\/div>\n           <\/div>\n                            \n<style>\n#text-box-437600388 .text-box-content {\n  background-color: rgba(255, 255, 255, 0.913);\n  border-radius: 16px;\n  font-size: 100%;\n}\n#text-box-437600388 .text-inner {\n  padding: 10px 10px 5px 10px;\n}\n#text-box-437600388 {\n  width: 60%;\n}\n<\/style>\n    <\/div>\n \n\n        <\/div>\n      <\/div>\n\n            \n<style>\n#banner-211695138 {\n  padding-top: 500px;\n}\n#banner-211695138 .overlay {\n  background-color: rgba(0, 0, 0, 0.17);\n}\n#banner-211695138 .banner-bg img {\n  object-position: 0% 61%;\n}\n<\/style>\n  <\/div>\n\n\n<div class=\"row\"  id=\"row-2099894404\">\n\n\n\t<div id=\"col-2096828848\" class=\"col medium-7 small-12 large-7\"  >\n\t\t\t\t<div class=\"col-inner\"  >\n\t\t\t\n\t\t\t\n\n<h3>Mida pakub Grow \u00e4rianal\u00fc\u00fctika?<\/h3>\n<ol>\n<li><strong>P\u00f5hjalik \u00fclevaade reaalajas. <\/strong>Mugav juurdep\u00e4\u00e4s k\u00f5ige v\u00e4rskemale finantsinfole, et teha \u00f5igeaegseid ja teadlikke otsuseid.<\/li>\n<li><strong>T\u00f5hus rahavoo juhtimine.<\/strong> Strateegilised t\u00f6\u00f6riistad (nt m\u00fc\u00fcgi- ja ostuarvete anal\u00fc\u00fcs, varude \u00fclevaade jms), et efektiivselt rahavooge prognoosida ja juhtida.<\/li>\n<li><strong>Anal\u00fc\u00fctiline tugi.<\/strong> Aitame numbreid paremini m\u00f5ista ning anname n\u00f5u \u00e4riotsuste tegemisel.<\/li>\n<li><strong>Hind alates 99\u20ac kuus.<\/strong> Hinnad algavad standard lahendusele 99\u20ac kuus, kuid oleme valmis arendama juurde iga kliendi soovidest l\u00e4htuvaid vaateid.<\/li>\n<\/ol>\n\n\t\t<\/div>\n\t\t\t\t\t<\/div>\n\n\t\n\n\t<div id=\"col-893076726\" class=\"col medium-5 small-12 large-5\"  >\n\t\t\t\t<div class=\"col-inner\"  >\n\t\t\t\n\t\t\t\n\n\t<div class=\"img has-hover x md-x lg-x y md-y lg-y\" id=\"image_712637824\">\n\t\t\t\t\t\t\t\t<div class=\"img-inner dark\" >\n\t\t\t<img loading=\"lazy\" decoding=\"async\" width=\"2358\" height=\"1413\" src=\"https:\/\/grow.ee\/wp-content\/uploads\/2024\/02\/macbook-arianaluutika.png\" class=\"attachment-original size-original\" alt=\"Liiketoiminnan analytiikka\" srcset=\"https:\/\/grow.ee\/wp-content\/uploads\/2024\/02\/macbook-arianaluutika.png 2358w, https:\/\/grow.ee\/wp-content\/uploads\/2024\/02\/macbook-arianaluutika-300x180.png 300w, https:\/\/grow.ee\/wp-content\/uploads\/2024\/02\/macbook-arianaluutika-720x431.png 720w, https:\/\/grow.ee\/wp-content\/uploads\/2024\/02\/macbook-arianaluutika-768x460.png 768w, https:\/\/grow.ee\/wp-content\/uploads\/2024\/02\/macbook-arianaluutika-1536x920.png 1536w, https:\/\/grow.ee\/wp-content\/uploads\/2024\/02\/macbook-arianaluutika-2048x1227.png 2048w\" sizes=\"auto, (max-width: 2358px) 100vw, 2358px\" \/>\t\t\t\t\t\t\n\t\t\t\t\t<\/div>\n\t\t\t\t\t\t\t\t\n<style>\n#image_712637824 {\n  width: 100%;\n}\n<\/style>\n\t<\/div>\n\t\n\n\n\t\t<\/div>\n\t\t\t\t\t<\/div>\n\n\t\n\n<\/div>\n<div class=\"row\"  id=\"row-1864439704\">\n\n\n\t<div id=\"col-28611390\" class=\"col small-12 large-12\"  >\n\t\t\t\t<div class=\"col-inner\"  >\n\t\t\t\n\t\t\t\n\n<div class=\"message-box relative dark\" style=\"padding-top:15px;padding-bottom:15px;\"><div class=\"message-box-bg-image bg-fill fill\" ><\/div><div class=\"message-box-bg-overlay bg-fill fill\" style=\"background-color:rgb(27, 26, 70);\"><\/div><div class=\"container relative\"><div class=\"inner last-reset\">\n\n<div class=\"row align-middle align-center\"  id=\"row-228820615\">\n\n\n\t<div id=\"col-1751860543\" class=\"col medium-9 small-12 large-9\"  >\n\t\t\t\t<div class=\"col-inner\"  >\n\t\t\t\n\t\t\t\n\n<h2>R\u00e4\u00e4gi Grow finantsspetsialistiga<\/h2>\n\n\t\t<\/div>\n\t\t\t\t\t<\/div>\n\n\t\n\n\t<div id=\"col-1137030394\" class=\"col medium-3 small-12 large-3\"  >\n\t\t\t\t<div class=\"col-inner text-center\"  >\n\t\t\t\n\t\t\t\n\n<a href=\"https:\/\/grow.ee\/fi\/ota-meihin-yhteytta\/\" class=\"button alert is-shade\" style=\"border-radius:8px;\">\n\t\t<span>L\u00c4HET\u00c4 HAKEMUS<\/span>\n\t<\/a>\n\n\n\n\t\t<\/div>\n\t\t\t\t\n<style>\n#col-1137030394 > .col-inner {\n  padding: 0px 0px 0px 0px;\n  margin: 10px 0px 0px 0px;\n}\n<\/style>\n\t<\/div>\n\n\t\n\n<\/div>\n\n<\/div><\/div><\/div>\n\n\t\t<\/div>\n\t\t\t\t\t<\/div>\n\n\t\n\n<\/div>\n\t<div id=\"gap-445516801\" class=\"gap-element clearfix\" style=\"display:block; height:auto;\">\n\t\t\n<style>\n#gap-445516801 {\n  padding-top: 30px;\n}\n<\/style>\n\t<\/div>\n\t\n\n<h2 class=\"elementor-heading-title elementor-size-default\" style=\"text-align: center;\">N\u00e4ited erinevatest vaadetest<\/h2>\n<div class=\"row\"  id=\"row-214641162\">\n\n\n\t<div id=\"col-501269951\" class=\"col medium-6 small-12 large-6\"  >\n\t\t\t\t<div class=\"col-inner\"  >\n\t\t\t\n\t\t\t\n\n\t<div class=\"img has-hover x md-x lg-x y md-y lg-y\" id=\"image_546256990\">\n\t\t\t\t\t\t\t\t<div class=\"img-inner dark\" >\n\t\t\t<img loading=\"lazy\" decoding=\"async\" width=\"1500\" height=\"844\" src=\"https:\/\/grow.ee\/wp-content\/uploads\/2024\/02\/arianaluutika-1-1.png\" class=\"attachment-original size-original\" alt=\"Rahavoo juhtimine\" srcset=\"https:\/\/grow.ee\/wp-content\/uploads\/2024\/02\/arianaluutika-1-1.png 1500w, https:\/\/grow.ee\/wp-content\/uploads\/2024\/02\/arianaluutika-1-1-300x169.png 300w, https:\/\/grow.ee\/wp-content\/uploads\/2024\/02\/arianaluutika-1-1-720x405.png 720w, https:\/\/grow.ee\/wp-content\/uploads\/2024\/02\/arianaluutika-1-1-768x432.png 768w\" sizes=\"auto, (max-width: 1500px) 100vw, 1500px\" \/>\t\t\t\t\t\t\n\t\t\t\t\t<\/div>\n\t\t\t\t\t\t\t\t\n<style>\n#image_546256990 {\n  width: 100%;\n}\n<\/style>\n\t<\/div>\n\t\n\n<h2 style=\"text-align: center;\">Rahavoo juhtimine<\/h2>\n\n\t\t<\/div>\n\t\t\t\t\t<\/div>\n\n\t\n\n\t<div id=\"col-1744397171\" class=\"col medium-6 small-12 large-6\"  >\n\t\t\t\t<div class=\"col-inner\"  >\n\t\t\t\n\t\t\t\n\n\t<div class=\"img has-hover x md-x lg-x y md-y lg-y\" id=\"image_788897862\">\n\t\t\t\t\t\t\t\t<div class=\"img-inner dark\" >\n\t\t\t<img loading=\"lazy\" decoding=\"async\" width=\"1500\" height=\"841\" src=\"https:\/\/grow.ee\/wp-content\/uploads\/2024\/02\/arianaluutika-2-1.png\" class=\"attachment-original size-original\" alt=\"M\u00fc\u00fcgi- ja ostuarvete anal\u00fc\u00fcs\" srcset=\"https:\/\/grow.ee\/wp-content\/uploads\/2024\/02\/arianaluutika-2-1.png 1500w, https:\/\/grow.ee\/wp-content\/uploads\/2024\/02\/arianaluutika-2-1-300x168.png 300w, https:\/\/grow.ee\/wp-content\/uploads\/2024\/02\/arianaluutika-2-1-720x404.png 720w, https:\/\/grow.ee\/wp-content\/uploads\/2024\/02\/arianaluutika-2-1-768x431.png 768w\" sizes=\"auto, (max-width: 1500px) 100vw, 1500px\" \/>\t\t\t\t\t\t\n\t\t\t\t\t<\/div>\n\t\t\t\t\t\t\t\t\n<style>\n#image_788897862 {\n  width: 100%;\n}\n<\/style>\n\t<\/div>\n\t\n\n<h2 style=\"text-align: center;\">M\u00fc\u00fcgi- ja ostuarvete anal\u00fc\u00fcs<\/h2>\n\n\t\t<\/div>\n\t\t\t\t\t<\/div>\n\n\t\n\n<\/div>\n<div class=\"row\"  id=\"row-1133817604\">\n\n\n\t<div id=\"col-67036991\" class=\"col medium-6 small-12 large-6\"  >\n\t\t\t\t<div class=\"col-inner\"  >\n\t\t\t\n\t\t\t\n\n\t<div class=\"img has-hover x md-x lg-x y md-y lg-y\" id=\"image_1006858713\">\n\t\t\t\t\t\t\t\t<div class=\"img-inner dark\" >\n\t\t\t<img loading=\"lazy\" decoding=\"async\" width=\"1500\" height=\"845\" src=\"https:\/\/grow.ee\/wp-content\/uploads\/2024\/02\/arianaluutika-3-1.png\" class=\"attachment-original size-original\" alt=\"Varude optimeerimine\" srcset=\"https:\/\/grow.ee\/wp-content\/uploads\/2024\/02\/arianaluutika-3-1.png 1500w, https:\/\/grow.ee\/wp-content\/uploads\/2024\/02\/arianaluutika-3-1-300x169.png 300w, https:\/\/grow.ee\/wp-content\/uploads\/2024\/02\/arianaluutika-3-1-720x406.png 720w, https:\/\/grow.ee\/wp-content\/uploads\/2024\/02\/arianaluutika-3-1-768x433.png 768w\" sizes=\"auto, (max-width: 1500px) 100vw, 1500px\" \/>\t\t\t\t\t\t\n\t\t\t\t\t<\/div>\n\t\t\t\t\t\t\t\t\n<style>\n#image_1006858713 {\n  width: 100%;\n}\n<\/style>\n\t<\/div>\n\t\n\n<h2 style=\"text-align: center;\">Varude optimeerimine<\/h2>\n\n\t\t<\/div>\n\t\t\t\t\t<\/div>\n\n\t\n\n\t<div id=\"col-1490659114\" class=\"col medium-6 small-12 large-6\"  >\n\t\t\t\t<div class=\"col-inner\"  >\n\t\t\t\n\t\t\t\n\n\t<div class=\"img has-hover x md-x lg-x y md-y lg-y\" id=\"image_735899290\">\n\t\t\t\t\t\t\t\t<div class=\"img-inner dark\" >\n\t\t\t<img loading=\"lazy\" decoding=\"async\" width=\"1500\" height=\"847\" src=\"https:\/\/grow.ee\/wp-content\/uploads\/2024\/02\/arianaluutika-4-1.png\" class=\"attachment-original size-original\" alt=\"V\u00e4ljaminekute kontrollimine\" srcset=\"https:\/\/grow.ee\/wp-content\/uploads\/2024\/02\/arianaluutika-4-1.png 1500w, https:\/\/grow.ee\/wp-content\/uploads\/2024\/02\/arianaluutika-4-1-300x169.png 300w, https:\/\/grow.ee\/wp-content\/uploads\/2024\/02\/arianaluutika-4-1-720x407.png 720w, https:\/\/grow.ee\/wp-content\/uploads\/2024\/02\/arianaluutika-4-1-768x434.png 768w\" sizes=\"auto, (max-width: 1500px) 100vw, 1500px\" \/>\t\t\t\t\t\t\n\t\t\t\t\t<\/div>\n\t\t\t\t\t\t\t\t\n<style>\n#image_735899290 {\n  width: 100%;\n}\n<\/style>\n\t<\/div>\n\t\n\n<h2 style=\"text-align: center;\">V\u00e4ljaminekute kontrollimine<\/h2>\n\n\t\t<\/div>\n\t\t\t\t\t<\/div>\n\n\t\n\n<\/div>","protected":false},"excerpt":{"rendered":"","protected":false},"author":10,"featured_media":0,"parent":9004,"menu_order":0,"comment_status":"closed","ping_status":"closed","template":"page-blank.php","meta":{"footnotes":""},"class_list":["post-8839","page","type-page","status-publish","hentry"],"_links":{"self":[{"href":"https:\/\/grow.ee\/fi\/wp-json\/wp\/v2\/pages\/8839","targetHints":{"allow":["GET"]}}],"collection":[{"href":"https:\/\/grow.ee\/fi\/wp-json\/wp\/v2\/pages"}],"about":[{"href":"https:\/\/grow.ee\/fi\/wp-json\/wp\/v2\/types\/page"}],"author":[{"embeddable":true,"href":"https:\/\/grow.ee\/fi\/wp-json\/wp\/v2\/users\/10"}],"replies":[{"embeddable":true,"href":"https:\/\/grow.ee\/fi\/wp-json\/wp\/v2\/comments?post=8839"}],"version-history":[{"count":69,"href":"https:\/\/grow.ee\/fi\/wp-json\/wp\/v2\/pages\/8839\/revisions"}],"predecessor-version":[{"id":15093,"href":"https:\/\/grow.ee\/fi\/wp-json\/wp\/v2\/pages\/8839\/revisions\/15093"}],"up":[{"embeddable":true,"href":"https:\/\/grow.ee\/fi\/wp-json\/wp\/v2\/pages\/9004"}],"wp:attachment":[{"href":"https:\/\/grow.ee\/fi\/wp-json\/wp\/v2\/media?parent=8839"}],"curies":[{"name":"wp","href":"https:\/\/api.w.org\/{rel}","templated":true}]}}