{"id":7226,"date":"2022-03-01T07:32:16","date_gmt":"2022-03-01T07:32:16","guid":{"rendered":"https:\/\/grow.ee\/?page_id=7226"},"modified":"2026-04-02T11:10:30","modified_gmt":"2026-04-02T08:10:30","slug":"kirjanpitopalvelu","status":"publish","type":"page","link":"https:\/\/grow.ee\/fi\/raamatupidamisteenus\/","title":{"rendered":"Raamatupidamisteenus"},"content":{"rendered":"<h1 style=\"text-align: center;\" data-pm-slice=\"1 1 []\">Raamatupidamisteenus<\/h1>\n<h2><strong>Kirjanpitopalvelut kaikenkokoisille yrityksille<\/strong><\/h2>\n<p>Huolellinen ja t\u00e4sm\u00e4llinen kirjanpito on t\u00e4rke\u00e4\u00e4 niin yrityksille kuin yksityishenkil\u00f6illekin. <a href=\"https:\/\/grow.ee\/fi\/palvelut\/e-residenssi\/\" target=\"_blank\" rel=\"noopener noreferrer\">e-asukkaat<\/a> taloudellisen terveyden perustana. T\u00e4m\u00e4 ei johdu pelk\u00e4st\u00e4\u00e4n lakis\u00e4\u00e4teisist\u00e4 vaatimuksista, vaan my\u00f6s tarpeesta ymm\u00e4rt\u00e4\u00e4 yrityksesi taloudellista tilannetta, jolla on ratkaiseva rooli yrityksen kehityksen arvioinnissa. S\u00e4\u00e4nn\u00f6llinen raportointi tuloista, menoista, muuttuvista kustannuksista ja taseesta antaa tarvittavat tiedot, jotka auttavat muokkaamaan yrityksen tulevaisuutta ja tekem\u00e4\u00e4n strategisia johtamisp\u00e4\u00e4t\u00f6ksi\u00e4. Juuri siksi on t\u00e4rke\u00e4\u00e4 tehd\u00e4 t\u00e4ss\u00e4 vaiheessa p\u00e4\u00e4t\u00f6s siit\u00e4, teetk\u00f6 kirjanpidon itse vai valitsetko kirjanpitopalvelun.<\/p>\n<h3><strong>Lis\u00e4palvelut tavallisen kirjanpidon lis\u00e4ksi<\/strong><\/h3>\n<p>Ydinpalveluiden lis\u00e4ksi tiimimme tarjoaa laajan valikoiman lis\u00e4palveluita.<\/p>\n<h4><strong>Dokumenttien hallinta<\/strong><\/h4>\n<p>Varmistamme asiakirjojen asianmukaisen s\u00e4ilytyksen ja arkistoinnin.<\/p>\n<h4><strong>Palkkalaskenta<\/strong><\/h4>\n<p>Ty\u00f6skentelemme <a href=\"https:\/\/grow.ee\/fi\/palvelut\/palkanlaskenta\/\" target=\"_blank\" rel=\"noopener noreferrer\">palkka<\/a>-, lis\u00e4maksut ja lomarahat.<\/p>\n<h4><strong>Sairauslomien ja lomien kirjanpito<\/strong><\/h4>\n<p>Huolehdimme ty\u00f6ntekij\u00f6iden sairausp\u00e4ivien ja lomavarausten laskennasta.<\/p>\n<h4><strong>Tiedonvaihto veroviranomaisen kanssa<\/strong><\/h4>\n<p>Toimimme v\u00e4litt\u00e4j\u00e4n\u00e4 yrityksen ja Verohallinnon v\u00e4lill\u00e4.<\/p>\n<h4><strong>Koordinointi sairausvakuutusrahaston kanssa<\/strong><\/h4>\n<p>Autamme sairausvakuutukseen liittyviss\u00e4 asioissa.<\/p>\n<h3><strong>Teemme liiketoiminnastasi entist\u00e4 sujuvampaa<\/strong><\/h3>\n<h4><strong>Raportit t\u00e4rkeill\u00e4 indikaattoreilla<\/strong><\/h4>\n<p>L\u00e4het\u00e4mme sinulle kuukausittaisen raportin, joka tarjoaa nopean ja arvokkaan yleiskuvan yrityksesi nykytilanteesta.<\/p>\n<h4><strong>Meille on helppo tulla<\/strong><\/h4>\n<p>Tarvittaessa autamme sinua j\u00e4rjest\u00e4m\u00e4\u00e4n kirjanpitosi aiemmilta kausilta.<\/p>\n<h4><strong>Neuvoja ja tukea<\/strong><\/h4>\n<p>Vastaamme kysymyksiin nopeasti ja tarjoamme asiantuntevaa neuvontaa. <a href=\"https:\/\/grow.ee\/fi\/palvelut\/oikeudellinen-neuvonta\/\" target=\"_blank\" rel=\"noopener noreferrer\">auttaa my\u00f6s oikeudellisissa asioissa<\/a>.<\/p>\n<h4><strong>Liiketoiminnan konsultointi<\/strong><\/h4>\n<p>Tarjoamme neuvontaa yrityksen talousasioihin liittyen, mukaan lukien <a href=\"https:\/\/grow.ee\/fi\/palvelut\/paaoman-keraaminen\/\" target=\"_blank\" rel=\"noopener noreferrer\">p\u00e4\u00e4oman hankinta<\/a> ja yritysten fuusioiden sattuessa.<\/p>\n<h4><strong>Rekister\u00f6ityminen arvonlis\u00e4verovelvolliseksi<\/strong><\/h4>\n<p>Autamme rekister\u00f6inniss\u00e4 ja muissa menettelyiss\u00e4 varmistaaksemme, ett\u00e4 arvonlis\u00e4vero maksetaan oikein.<\/p>\n<h4><strong>Vuosikertomuksen laatiminen ja toimittaminen<\/strong><\/h4>\n<p>Grow Finance -tiimin tarjoamat ammattimaiset kirjanpitopalvelut on suunniteltu kaikenkokoisten yritysten kassavirran hallintaan ja niiden kehityksen tukemiseen, samalla kun olemme k\u00e4ytett\u00e4viss\u00e4 vastaamaan kaikkiin mahdollisiin kysymyksiisi. Autamme muun muassa my\u00f6s vuosikertomuksen laatimisessa.<\/p>\n<h2><strong>Milloin kirjanpitopalvelut kannattaa ostaa?<\/strong><\/h2>\n<h3><strong>Itse tehty kirjanpito<\/strong><\/h3>\n<p>Pienen yrityksen omistaja pystyy usein hoitamaan kirjanpidon hyvin itse, varsinkin jos h\u00e4nell\u00e4 on kirjanpidon tai taloustieteen koulutus. Kirjanpitokonsultointi tai koulutukseen osallistuminen auttaa selkeytt\u00e4m\u00e4\u00e4n asioita ja voi riitt\u00e4\u00e4 selke\u00e4n yleiskuvan saamiseksi ja pienyrityksen kirjanpitovelvoitteiden t\u00e4ytt\u00e4miseksi itse.<\/p>\n<p>Kaikessa t\u00e4ss\u00e4 on t\u00e4rke\u00e4\u00e4 ymm\u00e4rt\u00e4\u00e4, ett\u00e4 <a href=\"https:\/\/grow.ee\/fi\/palvelut\/kirjanpito\/\" target=\"_blank\" rel=\"noopener noreferrer\"><u>kirjanpito<\/u><\/a> vaatii suurta yksityiskohtien huomioimista ja perusteellisuutta, ja se voi vaikeutua yrityksen kasvaessa.<\/p>\n<h3><strong>Ulkoinen kirjanpitopalvelu<\/strong><\/h3>\n<p>Liiketoimintasi laajentuessa ja kirjanpitoteht\u00e4viesi monimutkaistuessa on aika mietti\u00e4, ulkoistatko kirjanpitopalvelusi vai jatkatko itse. N\u00e4in voit keskitty\u00e4 liiketoimintasi kasvattamiseen ja muihin t\u00e4rkeisiin strategisiin teht\u00e4viin.<\/p>\n<p>Luottamalla kirjanpidon ammattilaisiin voit olla varma, ett\u00e4 taloushallinnon ja verovelvoitteesi hoidetaan oikein.<\/p>\n<p>Kirjanpitopalveluiden ulkoistaminen voi olla j\u00e4rkev\u00e4\u00e4, jos:<\/p>\n<ul>\n<li>\n<p>t\u00e4rkein prioriteettisi on liiketoiminnan kasvattaminen ja resurssien optimointi;<\/p>\n<\/li>\n<li>\n<p>yrityksen monimutkaisuus edellytt\u00e4\u00e4 lis\u00e4kirjanpitotaitojen ja -ohjelmistojen k\u00e4ytt\u00f6\u00e4;<\/p>\n<\/li>\n<li>\n<p>kansainv\u00e4liselle laajentumiselle ja eri maiden verolakien tuntemukselle on tarvetta;<\/p>\n<\/li>\n<li>\n<p>K\u00e4sittelet suuria rahasummia ja tarvitset varmuuden siit\u00e4, ett\u00e4 kaikki taloudelliset tapahtumat ovat oikein.<\/p>\n<\/li>\n<\/ul>\n<p>K\u00e4ytt\u00e4m\u00e4ll\u00e4 ammattimaista kirjanpitopalvelua voit v\u00e4hent\u00e4\u00e4 riskej\u00e4 ja varmistaa taloudellisen raportoinnin luotettavuuden.<\/p>\n<p>Ammattilaisten palkkaaminen mahdollistaa veroetujen tehokkaamman hy\u00f6dynt\u00e4misen ja tarjoaa pohjan monimutkaisempien taloudellisten ongelmien ratkaisemiselle.<\/p>\n<p>Vaikka olisitkin p\u00e4\u00e4tt\u00e4nyt hoitaa kirjanpitosi itse, voi silti olla hy\u00f6dyllist\u00e4 keskustella ammattitaitoisen kirjanpit\u00e4j\u00e4n kanssa saadaksesi paremman k\u00e4sityksen lakis\u00e4\u00e4teisist\u00e4 vaatimuksista ja tarvittavista toimista sek\u00e4 pyyt\u00e4\u00e4ksesi tarvittaessa neuvoja.<\/p>\n<p>Jos kuitenkin haluat mieluummin uskoa kirjanpitoty\u00f6si kokeneelle kirjanpit\u00e4j\u00e4lle, Grow Finance tarjoaa sinulle tukea!<\/p>\n<a href=\"https:\/\/grow.ee\/fi\/palvelut-2\/raamatupidamisteenuse_paketid\/\" class=\"button primary\" >\n\t\t<span>TARKISTA PAKETIT<\/span>\n\t<\/a>\n\n\n<header class=\"entry-header\">\n<div class=\"entry-header-text entry-header-text-top text-center\">\n<h1 class=\"entry-title\" style=\"text-align: left;\">Raamatupidamisteenuse hind ja seda m\u00e4\u00e4ravad tegurid<\/h1>\n<\/div>\n<\/header>\n<div class=\"entry-content single-page\">\n<p>T\u00e4nu kaasaegsetele lahendustele on raamatupidamine muutunud nii palju lihtsamaks, et raamatupidamisteenuse sisseostmine tasub \u00e4ra nii v\u00e4ikestel mikroettev\u00f5tetel kui ka suurtel kontsernidel. Kaasaegsel raamatupidajal on vaja p\u00f5hjalike teadmisi IT, maksude, raamatupidamise, \u00f5igusteaduse ja tarkvara juurutamise vallas ning sageli juhtub, et lisaks t\u00e4idab raamatupidaja veel juhatuse assistendi rolli. Seega ei ole neil juhtudel eraldi spetsialisti palgal hoidmine p\u00f5hjendatud ja\u00a0<strong>m\u00f5istlikum on teenust sisse osta<\/strong>, sest ka sisse ostetava raamatupidamisteenuse hind on eraldi t\u00f6\u00f6taja palkamise ja koolitamisega v\u00f5rreldes m\u00f5istlikum.<\/p>\n<h2>Kuidas raamatupidamisteenuse hind kujuneb<\/h2>\n<p>Raamatupidaja palkamise asemel teenust sisse ostes on ettev\u00f5tetel tegelikult p\u00e4ris suur valik ja teenuse\u00a0<strong>hinda kujundavad paljuski just erinevad lisateenused<\/strong>. N\u00e4iteks pakuvad kaasaegsed ettev\u00f5tted erineva tarkvara kasutamise v\u00f5imalust ja ka\u00a0<a href=\"https:\/\/grow.ee\/fi\/palvelut-2\/kirjanpito\/\"><em>online\u00a0<\/em>raamatupidamise<\/a>\u00a0teenust, mis on\u00a0<strong>100% paberivaba ja turvaliselt varundatud<\/strong>. Laias laastus v\u00f5ib teenused jagada kaheks suuremaks r\u00fchmaks, millest raamatupidamisteenuse hinna kujunemine s\u00f5ltub.<\/p>\n<ul>\n<li>P\u00f5hilisemaid tegevusi ja seadustest tulenevaid kohustusi kattev\u00a0<strong>baasteenus<\/strong>, mis peamiselt kannab hoolt selle eest, et ettev\u00f5tte maksuarvestus oleks korrektne, et vajalikud deklaratsioonid jmt dokumendid oleksid n\u00f5uetekohaselt esitatud ja et koostatud oleks k\u00f5ik peamised aruanded. Baasteenuse hind p\u00f5hineb kas esitatavate dokumentide (arved, kviitungid, saatelehed jpm) ehk tehtavate kannete hulgal \u00fches kuus v\u00f5i on m\u00e4\u00e4ratud kokkuleppelise fikseeritud tasuga.<\/li>\n<li>Sellele aga lisanduvad sageli v\u00e4ga erinevad\u00a0<strong>lisateenused<\/strong>, mis s\u00f5ltuvad olulisel m\u00e4\u00e4ral ettev\u00f5tte suurusest ja tegevusalast. Siin tekivad suuremad erinevused teenuse hinnas, sest igas ettev\u00f5ttes on erinev hulk palgat\u00f6\u00f6tajaid, kelle kohta on tarvis arvestust pidada. Ettev\u00f5tetes erinevad ka p\u00f5hivahendite kasutamine ja vajadus lepingute vmt dokumentide koostamise j\u00e4rele.<\/li>\n<\/ul>\n<h2>Kas valida raamatupidamisteenuse pakkuja vaid hinna j\u00e4rgi?<\/h2>\n<p>Soovitatavalt mitte, sest sarnaselt paljule muule kehtib siingi igip\u00f5line kvaliteedi ja kvantiteedi konflikt. Odava hinna eest ei ole lihtsalt v\u00f5imalik saada head, kaasaegset ja k\u00f5igile soovidele vastavat tulemust.<\/p>\n<p>Seet\u00f5ttu ei tasuks valida teenusepakkujat vaid selle j\u00e4rgi, milline on raamatupidamisteenuse hind. Hea raamatupidaja on t\u00e4nasel p\u00e4eval\u00a0<strong>midagi enamat kui vaid oma kitsale valdkonnale keskendunud spetsialist<\/strong>. Siksi palveluntarjoajaa valittaessa on pidett\u00e4v\u00e4 mieless\u00e4 tarjottava lis\u00e4arvo, mukaan lukien useiden nykyaikaisten ohjelmien k\u00e4ytt\u00f6, asiakkaalle kehitettyjen erityisratkaisujen kehitt\u00e4minen ja kyky ajatella \u201claatikon ulkopuolella\u201d.<\/p>\n<p>Kindlasti on ettev\u00f5tete tegevust toetavaks lahenduseks ka\u00a0<strong>heal tasemel andmeanal\u00fc\u00fcs\u00a0<\/strong>ja kliendile pakutavad majandustegevust toetavad graafikud, joonised ja kokkuv\u00f5tted. Kui teil on raskusi raamatupidamisteenuse osutaja valimisega, siis soovitame teil tutvuda meie n\u00e4pun\u00e4idetega selles osas,\u00a0<a href=\"https:\/\/grow.ee\/fi\/?p=470\">mida panna t\u00e4hele raamatupidaja valimisel<\/a>.<\/p>\n<p>Kui tekkis k\u00fcsimusi, mille osas saaks Grow meeskond tagasisidet anda, v\u00f5ta julgelt \u00fchendust kirjutades aadressile\u00a0<a href=\"mailto:info@grow.ee\">info@grow.ee<\/a><\/p>\n<\/div>","protected":false},"excerpt":{"rendered":"","protected":false},"author":10,"featured_media":0,"parent":0,"menu_order":0,"comment_status":"closed","ping_status":"closed","template":"","meta":{"footnotes":""},"class_list":["post-7226","page","type-page","status-publish","hentry"],"_links":{"self":[{"href":"https:\/\/grow.ee\/fi\/wp-json\/wp\/v2\/pages\/7226","targetHints":{"allow":["GET"]}}],"collection":[{"href":"https:\/\/grow.ee\/fi\/wp-json\/wp\/v2\/pages"}],"about":[{"href":"https:\/\/grow.ee\/fi\/wp-json\/wp\/v2\/types\/page"}],"author":[{"embeddable":true,"href":"https:\/\/grow.ee\/fi\/wp-json\/wp\/v2\/users\/10"}],"replies":[{"embeddable":true,"href":"https:\/\/grow.ee\/fi\/wp-json\/wp\/v2\/comments?post=7226"}],"version-history":[{"count":3,"href":"https:\/\/grow.ee\/fi\/wp-json\/wp\/v2\/pages\/7226\/revisions"}],"predecessor-version":[{"id":15314,"href":"https:\/\/grow.ee\/fi\/wp-json\/wp\/v2\/pages\/7226\/revisions\/15314"}],"wp:attachment":[{"href":"https:\/\/grow.ee\/fi\/wp-json\/wp\/v2\/media?parent=7226"}],"curies":[{"name":"wp","href":"https:\/\/api.w.org\/{rel}","templated":true}]}}