{"id":7109,"date":"2022-01-10T12:25:38","date_gmt":"2022-01-10T12:25:38","guid":{"rendered":"https:\/\/grow.ee\/?page_id=7109"},"modified":"2026-01-27T11:49:19","modified_gmt":"2026-01-27T08:49:19","slug":"tarjous-vuosikertomuksen-laatimisesta","status":"publish","type":"page","link":"https:\/\/grow.ee\/fi\/pakkumine-aastaaruande-koostamiseks\/","title":{"rendered":"Tarjous vuosikertomuksen laatimisesta"},"content":{"rendered":"<p>\u00a0<\/p>\n<p>Grow Finance O\u00dc on yritys, jolla on pitk\u00e4 kokemus kirjanpitoratkaisujen toimittamisesta. Grow on tunnettu br\u00e4ndin\u00e4 vuodesta 2000. Nyky\u00e4\u00e4n kansainv\u00e4lisen GGI-konsernin (www.ggi.com) j\u00e4senen\u00e4 voimme tarjota asiakkaillemme monipuolista ja maailmanluokan tunnustettua palvelua.<\/p>\n<p>Palvelemme yli 1 000 asiakasta kuukausittain, joten toivomme voivamme olla luotettava kumppani my\u00f6s sinulle.<\/p>\n<p>Kiitos mielenkiinnostasi palveluitamme kohtaan. T\u00e4ss\u00e4 vaiheessa minulla on ilo tehd\u00e4 seuraava tarjous nykyaikaisesta kirjanpitopalvelusta, joka tukee yrityksen liiketoimintaprosesseja ja luo hyv\u00e4t edellytykset erinomaisen johtamistiedon saamiseen.<\/p>\n<h1><strong>Vuosikertomuspaketit ovat seuraavat:<\/strong><\/h1>\n<ul>\n<li>Vuosikertomuksen laatiminen 0-5 l\u00e4hdeasiakirjan perusteella \u2013 <strong>199\u20ac<\/strong>;<\/li>\n<li>Vuosikertomuksen laatiminen 6-20 l\u00e4hdeasiakirjan pohjalta \u2013 <strong>349\u20ac<\/strong>;<\/li>\n<li>Vuosikertomuksen laatiminen 21-50 l\u00e4hdeasiakirjan pohjalta \u2013 <strong>499\u20ac<\/strong>;<\/li>\n<li>Vuosikertomuksen laatiminen, joka perustuu yli 51 l\u00e4hdeasiakirjaan \u2013 <strong>hinta neuvoteltavissa<\/strong>.<\/li>\n<\/ul>\n<p><em>L\u00e4hdetositteena pidet\u00e4\u00e4n osto- tai myyntilaskua, pankkikirjausta (ei liity osto- tai myyntilaskuun), kassatositteita tai muuta kirjanpitoon liittyv\u00e4\u00e4 l\u00e4hdeasiakirjaa. Sopimusten tarkastelu ja tarkistus hinnoitellaan tuntikohtaisesti. \u00a0<\/em><\/p>\n<p><em>\u00a0<\/em><\/p>\n<h1><strong>Lis\u00e4palvelut (asiakkaan pyynn\u00f6st\u00e4):<\/strong><\/h1>\n<ul>\n<li>palkkalaskenta ja T\u00d6R <strong>6\u20ac <\/strong>ty\u00f6ntekij\u00e4\u00e4 kohti kuukaudessa;<\/li>\n<li>jokainen lis\u00e4l\u00e4hdeasiakirja <strong>2\u20ac kpl <\/strong>(konsolidoidun raportin (esim. myyntiraportti) tapauksessa sovitaan erikoishinnasta);<\/li>\n<li>veroneuvontaa hintaan <strong>150 \u20ac tunnissa<\/strong>;<\/li>\n<li>muut lis\u00e4palvelut asiakkaan pyynn\u00f6st\u00e4 maksua vastaan <strong>59 euroa tunnissa;<\/strong><\/li>\n<li>alkuper\u00e4isten asiakirjojen s\u00e4ilytt\u00e4minen <b>30\u20ac vuodessa<\/b>.\u00a0<\/li>\n<\/ul>\n<p>Hintoihin lis\u00e4t\u00e4\u00e4n arvonlis\u00e4vero.<\/p>\n<p>Suoritamme kirjanpidon 100% paperittomana, joten kaikki alkuper\u00e4iset asiakirjat voivat olla joko e-laskuja, pdf-laskuja tai kuvatiedostoja. Sopimuskauden aikana <strong>arkistoimme <\/strong>alkuper\u00e4iset asiakirjat sinulle <strong>ja huolehdimme niiden s\u00e4ilymisest\u00e4 laissa s\u00e4\u00e4dettyyn m\u00e4\u00e4r\u00e4aikaan saakka.\u00a0<\/strong><\/p>\n<p>Turvallisuutesi takaamiseksi olemme tehneet m\u00e4\u00e4r\u00e4lle vastuuvakuutussopimuksen <strong>100 000 <\/strong>euroa, joka korvaa virheemme aiheuttaman vahingon.<\/p>\n<p>\u00a0<\/p>\n<p>Jos yrityksesi tarpeet eiv\u00e4t mahdu paketteihimme sis\u00e4ltyviin rajoihin, ota meihin yhteytt\u00e4 t\u00e4ytt\u00e4m\u00e4ll\u00e4 erillinen lomake <a href=\"https:\/\/grow.ee\/fi\/arsyttava-tarjous\/\">t\u00e4\u00e4ll\u00e4<\/a>. K\u00e4ymme l\u00e4pi toiveesi ja teemme sinulle henkil\u00f6kohtaisen tarjouksen!<\/p>\n<p>\u00a0<\/p>\n<div class=\"row\"  id=\"row-546720156\">\r\n\r\n\n\t<div id=\"col-1759628800\" class=\"col small-12 large-12\"  >\n\t\t\t\t<div class=\"col-inner\"  >\n\t\t\t\n\t\t\t\r\n\r\n<div class=\"message-box relative dark\" style=\"padding-top:15px;padding-bottom:15px;\"><div class=\"message-box-bg-image bg-fill fill\" ><\/div><div class=\"message-box-bg-overlay bg-fill fill\" style=\"background-color:rgb(27, 26, 70);\"><\/div><div class=\"container relative\"><div class=\"inner last-reset\">\r\n\r\n<div class=\"row\"  id=\"row-2003645696\">\r\n\r\n\n\t<div id=\"col-279135413\" class=\"col medium-8 small-12 large-8\"  >\n\t\t\t\t<div class=\"col-inner\"  >\n\t\t\t\n\t\t\t\r\n<h2><span data-teams=\"true\">L\u00f6ysitk\u00f6 sopivan paketin?<\/span><\/h2>\r\n\t\t<\/div>\n\t\t\t\t\t<\/div>\n\n\t\r\n\n\t<div id=\"col-817408951\" class=\"col medium-4 small-12 large-4\"  >\n\t\t\t\t<div class=\"col-inner text-center\"  >\n\t\t\t\n\t\t\t\r\n\r\n<a href=\"https:\/\/app.grow.ee\/et\/service-registration\" class=\"button alert\" style=\"border-radius:8px;\">\n\t\t<span>TILAA VUOSIKERTOMUS<\/span>\n\t<\/a>\n\r\n\r\n\t\t<\/div>\n\t\t\t\t\t<\/div>\n\n\t\r\n\r\n<\/div>\r\n\r\n<\/div><\/div><\/div>\r\n\r\n\t\t<\/div>\n\t\t\t\t\t<\/div>\n\n\t\r\n\r\n<\/div>","protected":false},"excerpt":{"rendered":"","protected":false},"author":10,"featured_media":0,"parent":0,"menu_order":0,"comment_status":"closed","ping_status":"closed","template":"","meta":{"footnotes":""},"class_list":["post-7109","page","type-page","status-publish","hentry"],"_links":{"self":[{"href":"https:\/\/grow.ee\/fi\/wp-json\/wp\/v2\/pages\/7109","targetHints":{"allow":["GET"]}}],"collection":[{"href":"https:\/\/grow.ee\/fi\/wp-json\/wp\/v2\/pages"}],"about":[{"href":"https:\/\/grow.ee\/fi\/wp-json\/wp\/v2\/types\/page"}],"author":[{"embeddable":true,"href":"https:\/\/grow.ee\/fi\/wp-json\/wp\/v2\/users\/10"}],"replies":[{"embeddable":true,"href":"https:\/\/grow.ee\/fi\/wp-json\/wp\/v2\/comments?post=7109"}],"version-history":[{"count":19,"href":"https:\/\/grow.ee\/fi\/wp-json\/wp\/v2\/pages\/7109\/revisions"}],"predecessor-version":[{"id":15242,"href":"https:\/\/grow.ee\/fi\/wp-json\/wp\/v2\/pages\/7109\/revisions\/15242"}],"wp:attachment":[{"href":"https:\/\/grow.ee\/fi\/wp-json\/wp\/v2\/media?parent=7109"}],"curies":[{"name":"wp","href":"https:\/\/api.w.org\/{rel}","templated":true}]}}