{"id":6949,"date":"2021-11-29T08:55:36","date_gmt":"2021-11-29T08:55:36","guid":{"rendered":"https:\/\/grow.ee\/?page_id=6949"},"modified":"2025-08-13T08:24:51","modified_gmt":"2025-08-13T05:24:51","slug":"kirjanpitopalvelu-asiakkaillemme","status":"publish","type":"page","link":"https:\/\/grow.ee\/fi\/raamatupidamisteenus-meie-klientidele\/","title":{"rendered":"Kirjanpitopalvelu asiakkaillemme"},"content":{"rendered":"<div>\r\n<p>Grow Finance O\u00dc on kirjanpitoratkaisuja tarjoava yritys, jolla on pitk\u00e4aikainen kokemus. Grow tunnetaan br\u00e4ndin\u00e4 <strong>vuodesta 2000 l\u00e4htien<\/strong>. Nyky\u00e4\u00e4n kansainv\u00e4linen ryhm\u00e4 <strong>GGI<\/strong> j\u00e4sen (www.ggi.com), voimme tarjota asiakkaillemme monipuolisen ja <strong>maailmanluokan<\/strong> tunnustettu palvelu.<\/p>\r\n<p>Tarjoilu n <strong>800<\/strong> <strong>tyytyv\u00e4inen asiakas<\/strong>, olemme <strong>luotettava<\/strong> kumppani my\u00f6s sinulle.<\/p>\r\n<p>Tarjoamme kirjanpitopalveluita aloittaville yritt\u00e4jille alkaen <strong>149\u20ac<\/strong> kuukausi, plus ALV 20%.<\/p>\r\n<p style=\"padding-bottom: 0 !important;\"><strong>Kuukausimaksu sis\u00e4lt\u00e4\u00e4:<\/strong><\/p>\r\n<ol>\r\n<li>alkuper\u00e4isten asiakirjojen sy\u00f6tt\u00e4minen (enint\u00e4\u00e4n 25 alkuper\u00e4ist\u00e4 asiakirjaa);<\/li>\r\n<li>myyntilaskujen valmisteluymp\u00e4rist\u00f6 ja e-laskun tuki;<\/li>\r\n<li>tarvittaessa kirjanpitoneuvontaa enint\u00e4\u00e4n 15 minuuttia kuukaudessa;<\/li>\r\n<li>raportointi.<br \/><br \/><\/li>\r\n<\/ol>\r\n<p style=\"padding-bottom: 0 !important;\"><strong>Lis\u00e4palvelut:<\/strong><\/p>\r\n<ul>\r\n<li>palkkalaskelma <strong>10\u20ac<\/strong> ty\u00f6ntekij\u00e4\u00e4 kohti;<\/li>\r\n<li>jokainen lis\u00e4l\u00e4hdeasiakirja <strong>2\u20ac kpl<\/strong> (<em>konserniraportin (esim. myyntiraportti) tapauksessa sovitaan erikoishinta<\/em>);<\/li>\r\n<li>tarvittaessa veroilmoitusten (TSD ja ALV-ilmoitus) j\u00e4tt\u00e4minen hintaan <strong>30\u20ac\/kpl<\/strong>;<\/li>\r\n<li>tilikauden raportin laatiminen yhden kuukauden kirjanpitopalvelun hinnalla;<\/li>\r\n<li>maksujen valmistelu pankille kerran viikossa alkaen <strong>25\u20ac kuukaudessa<\/strong>;<\/li>\r\n<li>yrityksen erityispiirteet huomioiva talousohjelmisto, laskun vahvistuspiiri ja pankkirajapinta;<\/li>\r\n<li>veroneuvontaa hintaan <strong>120\u20ac per tunti<\/strong>;<\/li>\r\n<li>muut lis\u00e4palvelut asiakkaan toiveiden mukaan hintaan <strong>55 \u20ac per tunti.<\/strong><\/li>\r\n<\/ul>\r\n<p>&nbsp;<\/p>\r\n<p>Grow Financella on oikeus peri\u00e4 kirjanpidon perustamismaksu, joka on yhden kuukausimaksun suuruinen, mutta enint\u00e4\u00e4n <strong>250\u20ac<\/strong>.<\/p>\r\n<p>Suoritamme kirjanpidon 100% paperittomana, joten kaikki alkuper\u00e4iset asiakirjat voivat olla joko e-laskuja, pdf-laskuja tai kuvatiedostoja. Sopimuskauden aikana <strong>arkistoimme <\/strong>alkuper\u00e4iset asiakirjat sinulle <strong>ja huolehdimme niiden s\u00e4ilymisest\u00e4 laissa s\u00e4\u00e4dettyyn m\u00e4\u00e4r\u00e4aikaan saakka.<\/strong><\/p>\r\n<p>Turvallisuutesi takaamiseksi olemme tehneet m\u00e4\u00e4r\u00e4lle vastuuvakuutussopimuksen <strong>150 000<\/strong> euroa, joka korvaa virheemme aiheuttaman vahingon.<\/p>\r\n<p>Jos tarjouksemme sopii sinulle, vahvista tarjous, niin otamme sinuun yhteytt\u00e4.<\/p>\r\n\r\n\r\n\r\n<p style=\"text-align: center;\"><a class=\"button\" href=\"https:\/\/grow.ee\/fi\/vahvistan-tarjouksen\/\" rel=\"noopener\">Vahvistan tarjouksen<\/a><\/p>\r\n\r\n\r\n\r\n<p>Jos yrityksesi tarpeet eiv\u00e4t mahdu paketteihimme sis\u00e4ltyviin rajoihin, ota meihin yhteytt\u00e4 t\u00e4ytt\u00e4m\u00e4ll\u00e4 erillinen lomake <a href=\"https:\/\/grow.ee\/fi\/arsyttava-tarjous\/\">t\u00e4\u00e4ll\u00e4<\/a>. K\u00e4ymme l\u00e4pi toiveesi ja teemme sinulle henkil\u00f6kohtaisen tarjouksen!<\/p>\r\n\r\n\r\n\r\n<p class=\"has-text-align-center\"><strong>Grow Finance O\u00dc<\/strong><br \/>Veskiposti 2 (AVALAN liikerakennukset, Electra 10 krs)<br \/>10138 Tallinna<br \/>Puh:\u00a0<a href=\"tel:\/\/+37256293090\">+372 5629 3090<\/a><br \/>s\u00e4hk\u00f6posti:\u00a0<a href=\"mailto:info@grow.ee\">info@grow.ee<\/a><\/p>\r\n\r\n\r\n\r\n<div class=\"wp-block-columns is-layout-flex wp-container-core-columns-is-layout-9d6595d7 wp-block-columns-is-layout-flex\">\r\n<div class=\"wp-block-column is-layout-flow wp-block-column-is-layout-flow\">\r\n<div class=\"wp-block-image\">\r\n<figure class=\"alignright size-large\"><img loading=\"lazy\" decoding=\"async\" width=\"200\" height=\"200\" class=\"wp-image-6960\" src=\"https:\/\/grow.ee\/wp-content\/uploads\/2021\/11\/EESTI-MAKSUMAKSJATE-LIIT-MTU-1.jpg\" alt=\"\" srcset=\"https:\/\/grow.ee\/wp-content\/uploads\/2021\/11\/EESTI-MAKSUMAKSJATE-LIIT-MTU-1.jpg 200w, https:\/\/grow.ee\/wp-content\/uploads\/2021\/11\/EESTI-MAKSUMAKSJATE-LIIT-MTU-1-150x150.jpg 150w, https:\/\/grow.ee\/wp-content\/uploads\/2021\/11\/EESTI-MAKSUMAKSJATE-LIIT-MTU-1-100x100.jpg 100w\" sizes=\"auto, (max-width: 200px) 100vw, 200px\" \/><\/figure>\r\n<\/div>\r\n<\/div>\r\n\r\n\r\n\r\n<div class=\"wp-block-column is-layout-flow wp-block-column-is-layout-flow\">\r\n<div class=\"wp-block-image\">\r\n<figure class=\"alignleft size-large\"><img loading=\"lazy\" decoding=\"async\" width=\"229\" height=\"200\" class=\"wp-image-6963\" src=\"https:\/\/grow.ee\/wp-content\/uploads\/2021\/11\/Screenshot-2019-03-25-at-09.25.18-1.png\" alt=\"\" \/><\/figure>\r\n<\/div>\r\n<\/div>\r\n<\/div>\r\n<\/div>","protected":false},"excerpt":{"rendered":"<p>Grow Finance O\u00dc on pikaajalise kogemusega raamatupidamislahendusi pakkuv ettev\u00f5te. Grow on kaubam\u00e4rgina tuntud aastast 2000. T\u00e4nasel p\u00e4eval, olles rahvusvahelise grupi GGI liige (www.ggi.com), saame pakkuda oma klientidele mitmek\u00fclgset ja maailmatasemel tunnustatud teenust. Teenindades ligikaudu 800 rahulolevat klienti, oleme usaldusv\u00e4\u00e4rne partner ka Teile. Pakume alustavale ettev\u00f5tjale raamatupidamisteenust alates 149\u20ac kuu, millele lisandub k\u00e4ibemaks 20%. Kuutasu sisaldab [&#8230;]\n","protected":false},"author":10,"featured_media":0,"parent":0,"menu_order":0,"comment_status":"closed","ping_status":"closed","template":"","meta":{"footnotes":""},"class_list":["post-6949","page","type-page","status-publish","hentry"],"_links":{"self":[{"href":"https:\/\/grow.ee\/fi\/wp-json\/wp\/v2\/pages\/6949","targetHints":{"allow":["GET"]}}],"collection":[{"href":"https:\/\/grow.ee\/fi\/wp-json\/wp\/v2\/pages"}],"about":[{"href":"https:\/\/grow.ee\/fi\/wp-json\/wp\/v2\/types\/page"}],"author":[{"embeddable":true,"href":"https:\/\/grow.ee\/fi\/wp-json\/wp\/v2\/users\/10"}],"replies":[{"embeddable":true,"href":"https:\/\/grow.ee\/fi\/wp-json\/wp\/v2\/comments?post=6949"}],"version-history":[{"count":1,"href":"https:\/\/grow.ee\/fi\/wp-json\/wp\/v2\/pages\/6949\/revisions"}],"predecessor-version":[{"id":14876,"href":"https:\/\/grow.ee\/fi\/wp-json\/wp\/v2\/pages\/6949\/revisions\/14876"}],"wp:attachment":[{"href":"https:\/\/grow.ee\/fi\/wp-json\/wp\/v2\/media?parent=6949"}],"curies":[{"name":"wp","href":"https:\/\/api.w.org\/{rel}","templated":true}]}}