{"id":6271,"date":"2021-04-07T12:31:30","date_gmt":"2021-04-07T12:31:30","guid":{"rendered":"https:\/\/grow.ee\/?page_id=6271"},"modified":"2024-02-17T11:37:13","modified_gmt":"2024-02-17T11:37:13","slug":"tule-meille-istu-alas","status":"publish","type":"page","link":"https:\/\/grow.ee\/fi\/meist\/tule-meile-toole\/","title":{"rendered":"Tule meille t\u00f6ihin"},"content":{"rendered":"<style>\/*! elementor - v3.19.0 - 29-01-2024 *\/\n.elementor-heading-title{padding:0;margin:0;line-height:1}.elementor-widget-heading .elementor-heading-title[class*=elementor-size-]>a{color:inherit;font-size:inherit;line-height:inherit}.elementor-widget-heading .elementor-heading-title.elementor-size-small{font-size:15px}.elementor-widget-heading .elementor-heading-title.elementor-size-medium{font-size:19px}.elementor-widget-heading .elementor-heading-title.elementor-size-large{font-size:29px}.elementor-widget-heading .elementor-heading-title.elementor-size-xl{font-size:39px}.elementor-widget-heading .elementor-heading-title.elementor-size-xxl{font-size:59px}<\/style>\n<h1>Tule meile t\u00f6\u00f6le<\/h1>\n<p><p style=\"text-align: left;\">Meil on hea meel, et tunned huvi <strong>Grow Finance<\/strong> t\u00f6\u00f6pakkumiste vastu.<\/p>\n<p><iframe loading=\"lazy\" title=\"GROW FINANCE - Tule t\u00f6\u00f6le!\" width=\"1020\" height=\"574\" src=\"https:\/\/www.youtube.com\/embed\/CNj2rmbRz6c?feature=oembed\" frameborder=\"0\" allow=\"accelerometer; autoplay; clipboard-write; encrypted-media; gyroscope; picture-in-picture; web-share\" referrerpolicy=\"strict-origin-when-cross-origin\" allowfullscreen><\/iframe><\/p>\n<\/p>\n<p><p><strong>Hetkel aktiivsed t\u00f6\u00f6pakkumised:<\/strong><\/p>\n<p><a href=\"https:\/\/www.cvkeskus.ee\/pearaamatupidaja-tallinnas-grow-finance-ou-857979?w=1\" rel=\"attachment wp-att-8039\">Pearaamatupidaja<\/a><\/p>\n<p><a href=\"https:\/\/www.cvkeskus.ee\/pearaamatupidaja-tallinnas-grow-finance-ou-857979?w=1\"><img loading=\"lazy\" decoding=\"async\" src=\"https:\/\/grow.ee\/wp-content\/uploads\/2023\/05\/Grow-tookuulutus-pearaamatupidaja-195x300.jpg\" alt=\"\" width=\"195\" height=\"300\"><\/a><\/p>\n<p>Kui Sa tunned, et oled oma ala professionaal ja valmis <strong>uusi v\u00e4ljakutseid<\/strong> vastu v\u00f5tma pidevalt kasvavas raamatupidamisb\u00fcroos, siis saada meile oma <strong>CV<\/strong> ja <strong>motivatsioonikiri<\/strong>:<\/p>\n<\/p><\/p>\n","protected":false},"excerpt":{"rendered":"<p>Tule meille t\u00f6ihin Olemme iloisia, ett\u00e4 olet kiinnostunut Grow Financen ty\u00f6tarjouksista. T\u00e4ll\u00e4 hetkell\u00e4 aktiiviset ty\u00f6tarjoukset: P\u00e4\u00e4kirjanpit\u00e4j\u00e4 Jos koet olevasi alasi ammattilainen ja olet valmis ottamaan vastaan uusia haasteita jatkuvasti kasvavassa tilitoimistossa, l\u00e4het\u00e4 meille CV:si ja motivaatiokirjeesi:<\/p>","protected":false},"author":10,"featured_media":8008,"parent":320,"menu_order":0,"comment_status":"closed","ping_status":"closed","template":"","meta":{"footnotes":""},"class_list":["post-6271","page","type-page","status-publish","has-post-thumbnail","hentry"],"_links":{"self":[{"href":"https:\/\/grow.ee\/fi\/wp-json\/wp\/v2\/pages\/6271","targetHints":{"allow":["GET"]}}],"collection":[{"href":"https:\/\/grow.ee\/fi\/wp-json\/wp\/v2\/pages"}],"about":[{"href":"https:\/\/grow.ee\/fi\/wp-json\/wp\/v2\/types\/page"}],"author":[{"embeddable":true,"href":"https:\/\/grow.ee\/fi\/wp-json\/wp\/v2\/users\/10"}],"replies":[{"embeddable":true,"href":"https:\/\/grow.ee\/fi\/wp-json\/wp\/v2\/comments?post=6271"}],"version-history":[{"count":0,"href":"https:\/\/grow.ee\/fi\/wp-json\/wp\/v2\/pages\/6271\/revisions"}],"up":[{"embeddable":true,"href":"https:\/\/grow.ee\/fi\/wp-json\/wp\/v2\/pages\/320"}],"wp:featuredmedia":[{"embeddable":true,"href":"https:\/\/grow.ee\/fi\/wp-json\/wp\/v2\/media\/8008"}],"wp:attachment":[{"href":"https:\/\/grow.ee\/fi\/wp-json\/wp\/v2\/media?parent=6271"}],"curies":[{"name":"wp","href":"https:\/\/api.w.org\/{rel}","templated":true}]}}