{"id":6124,"date":"2020-10-21T08:21:11","date_gmt":"2020-10-21T08:21:11","guid":{"rendered":"https:\/\/grow.ee\/?page_id=6124"},"modified":"2024-10-01T17:12:15","modified_gmt":"2024-10-01T14:12:15","slug":"sisainen-saanto","status":"publish","type":"page","link":"https:\/\/grow.ee\/fi\/sise-eeskiri\/","title":{"rendered":"RMP:n sis\u00e4iset s\u00e4\u00e4nn\u00f6t"},"content":{"rendered":"<p>Sis\u00e4iset kirjanpitos\u00e4\u00e4nn\u00f6t ovat pakollisia kaikille yrityksille paitsi mikroyrityksi\u00e4, mutta selvyyden vuoksi my\u00f6s mikroyritykset voivat laatia ne.<\/p>\n<p>Kaikki yritykset ovat erilaisia ja siksi sis\u00e4iset s\u00e4\u00e4nn\u00f6t ovat vain kyseiselle yritykselle. Grow on kokemuksensa perusteella laatinut mallin sis\u00e4isist\u00e4 ohjes\u00e4\u00e4nn\u00f6ist\u00e4, jotka on helppo t\u00e4ytt\u00e4\u00e4 kysymysten perusteella ja jotka voisivat vastata useimpien pienyritysten tarpeisiin. Yrityksesi sis\u00e4isi\u00e4 s\u00e4\u00e4nt\u00f6j\u00e4 viimeistell\u00e4\u00e4n. <strong>vain 5 minuutissa!<\/strong><\/p>\n<p>Muista tarkistaa luotu dokumentti ja tarvittaessa muuttaa teksti\u00e4 tarpeidesi mukaan.<\/p>\n<p>Aloita t\u00e4ytt\u00e4m\u00e4ll\u00e4 kyselylomake t\u00e4\u00e4ll\u00e4.<\/p>\n<p style=\"text-align: center;\">&nbsp;<\/p>\n<a href=\"https:\/\/tally.so\/r\/wMevR8\" class=\"button primary\" >\n\t\t<span>Sis\u00e4iset m\u00e4\u00e4r\u00e4ykset<\/span>\n\t<\/a>\n\n\n<p><\/p>","protected":false},"excerpt":{"rendered":"","protected":false},"author":9,"featured_media":0,"parent":0,"menu_order":0,"comment_status":"closed","ping_status":"closed","template":"","meta":{"footnotes":""},"class_list":["post-6124","page","type-page","status-publish","hentry"],"_links":{"self":[{"href":"https:\/\/grow.ee\/fi\/wp-json\/wp\/v2\/pages\/6124","targetHints":{"allow":["GET"]}}],"collection":[{"href":"https:\/\/grow.ee\/fi\/wp-json\/wp\/v2\/pages"}],"about":[{"href":"https:\/\/grow.ee\/fi\/wp-json\/wp\/v2\/types\/page"}],"author":[{"embeddable":true,"href":"https:\/\/grow.ee\/fi\/wp-json\/wp\/v2\/users\/9"}],"replies":[{"embeddable":true,"href":"https:\/\/grow.ee\/fi\/wp-json\/wp\/v2\/comments?post=6124"}],"version-history":[{"count":3,"href":"https:\/\/grow.ee\/fi\/wp-json\/wp\/v2\/pages\/6124\/revisions"}],"predecessor-version":[{"id":14364,"href":"https:\/\/grow.ee\/fi\/wp-json\/wp\/v2\/pages\/6124\/revisions\/14364"}],"wp:attachment":[{"href":"https:\/\/grow.ee\/fi\/wp-json\/wp\/v2\/media?parent=6124"}],"curies":[{"name":"wp","href":"https:\/\/api.w.org\/{rel}","templated":true}]}}