{"id":5347,"date":"2018-05-29T06:28:31","date_gmt":"2018-05-29T06:28:31","guid":{"rendered":"https:\/\/grow.ee\/?page_id=5347"},"modified":"2025-10-07T17:33:52","modified_gmt":"2025-10-07T14:33:52","slug":"tietosuojakaytanto","status":"publish","type":"page","link":"https:\/\/grow.ee\/fi\/privaatsuspoliitika\/","title":{"rendered":"Tietosuojak\u00e4yt\u00e4nt\u00f6"},"content":{"rendered":"<h1>Tietosuojailmoitukset<\/h1>\n<p>Grow Finance O\u00dc on henkil\u00f6tietojen rekisterinpit\u00e4j\u00e4.<\/p>\n<p>Alla selit\u00e4mme, miten rekister\u00f6idyn henkil\u00f6tietojasi k\u00e4sitell\u00e4\u00e4n. Henkil\u00f6tietoja k\u00e4sitelless\u00e4mme noudatamme yleist\u00e4 tietosuoja-asetusta ja mahdollisia erityislakeja.<\/p>\n<p>Tietosuojayhteyshenkil\u00f6mme on: Kaari Timuska (kaari@grow.ee)<\/p>\n<h2>I. M\u00e4\u00e4ritelm\u00e4t<\/h2>\n<p>Jotta tietosuojailmoitukset olisivat sinulle selkeit\u00e4 ja ymm\u00e4rrett\u00e4vi\u00e4, selit\u00e4mme joitakin t\u00e4rkeimmist\u00e4 tietosuojailmoituksissa k\u00e4ytetyist\u00e4 termeist\u00e4:<\/p>\n<ol>\n<li>Rekister\u00f6ity \u2013 luonnollinen henkil\u00f6, jonka henkil\u00f6tietoja Grow Finance O\u00dc k\u00e4sittelee. Rekister\u00f6ityj\u00e4 ovat: Yrityksen yhteyshenkil\u00f6t, Verkkosivuston k\u00e4vij\u00e4t, Yrityksen edustajat, Sosiaalisen median alustojen k\u00e4vij\u00e4t, Hy\u00f6dylliset edunsaajat, Yksityisasiakkaiden valtuutetut edustajat<\/li>\n<li>Henkil\u00f6tiedot \u2013 kaikki tunnistettuun tai tunnistettavissa olevaan luonnolliseen henkil\u00f6\u00f6n (\u201drekister\u00f6ity\u201d) liittyv\u00e4t tiedot. Tunnistettava luonnollinen henkil\u00f6 on sellainen, joka voidaan tunnistaa suoraan tai ep\u00e4suorasti, erityisesti viittaamalla tunnisteeseen, kuten nimeen, henkil\u00f6tunnukseen, sijaintitietoon, verkkotunnisteeseen tai yhteen tai useampaan h\u00e4nelle ominaiseen fyysiseen, fysiologiseen, geneettiseen, henkiseen, taloudelliseen, kulttuuriseen tai sosiaaliseen ominaisuuteen liittyv\u00e4\u00e4n tekij\u00e4\u00e4n.<\/li>\n<li>Rekisterinpit\u00e4j\u00e4 \u2013 Grow Finance O\u00dc m\u00e4\u00e4ritt\u00e4\u00e4 rekisterinpit\u00e4j\u00e4n\u00e4 henkil\u00f6tietojen k\u00e4sittelyn tarkoitukset ja keinot. Jos k\u00e4sittelyn tarkoitukset ja keinot m\u00e4\u00e4ritell\u00e4\u00e4n unionin oikeudessa tai j\u00e4senvaltion lains\u00e4\u00e4d\u00e4nn\u00f6ss\u00e4, rekisterinpit\u00e4j\u00e4 tai h\u00e4nen nime\u00e4mist\u00e4\u00e4n koskevat erityiset kriteerit voidaan s\u00e4\u00e4t\u00e4\u00e4 unionin oikeudessa tai j\u00e4senvaltion lains\u00e4\u00e4d\u00e4nn\u00f6ss\u00e4.<\/li>\n<li>Kolmas osapuoli \u2013 luonnollinen henkil\u00f6 tai oikeushenkil\u00f6, viranomainen, virasto tai elin, joka ei ole rekister\u00f6ity, rekisterinpit\u00e4j\u00e4, henkil\u00f6tietojen k\u00e4sittelij\u00e4 tai henkil\u00f6t, jotka voivat k\u00e4sitell\u00e4 henkil\u00f6tietoja rekisterinpit\u00e4j\u00e4n tai henkil\u00f6tietojen k\u00e4sittelij\u00e4n suorassa alaisuudessa.<\/li>\n<li>Profilointi \u2013 henkil\u00f6tietojen automatisoitu k\u00e4sittely, jossa henkil\u00f6tietoja k\u00e4ytet\u00e4\u00e4n luonnollisen henkil\u00f6n tiettyjen henkil\u00f6kohtaisten ominaisuuksien arviointiin, erityisesti luonnollisen henkil\u00f6n ty\u00f6suoritukseen, taloudelliseen tilanteeseen, terveyteen, henkil\u00f6kohtaisiin mieltymyksiin, kiinnostuksen kohteisiin, luotettavuuteen, k\u00e4ytt\u00e4ytymiseen, sijaintiin tai liikkeisiin liittyvien ominaisuuksien analysointiin tai ennustamiseen.<\/li>\n<li>Automatisoidut p\u00e4\u00e4t\u00f6kset \u2013 tietojenk\u00e4sittelyj\u00e4rjestelm\u00e4n tekem\u00e4 p\u00e4\u00e4t\u00f6s ilman rekister\u00f6idyn osallistumista, jossa arvioidaan h\u00e4nen luonteenpiirteit\u00e4\u00e4n, kykyj\u00e4\u00e4n tai muita henkil\u00f6kohtaisia ominaisuuksiaan, jos sill\u00e4 on rekister\u00f6idylle oikeudellisia seurauksia tai se muutoin vaikuttaa h\u00e4neen merkitt\u00e4v\u00e4sti.<\/li>\n<li>Yhteisty\u00f6kumppanit \u2013 luonnolliset henkil\u00f6t, oikeushenkil\u00f6t tai viranomaiset, joiden kanssa Grow Finance O\u00dc k\u00e4sittelee henkil\u00f6tietoja liiketoimintansa puitteissa tai joille se siirt\u00e4\u00e4 tietoja. T\u00e4m\u00e4n asiakirjan mukaan yhteisty\u00f6kumppaneihin kuuluvat henkil\u00f6tietojen vastaanottajat, valtuutetut k\u00e4sittelij\u00e4t ja kolmannet osapuolet.<\/li>\n<li>Henkil\u00f6tietojen vastaanottaja \u2013 luonnollinen henkil\u00f6 tai oikeushenkil\u00f6, jolle tietoja siirret\u00e4\u00e4n henkil\u00f6tietojen k\u00e4sittelyn puitteissa.<\/li>\n<li>Valtuutettu k\u00e4sittelij\u00e4 \u2013 luonnollinen henkil\u00f6 tai oikeushenkil\u00f6, jolla on oikeus k\u00e4sitell\u00e4 henkil\u00f6tietoja rekisterinpit\u00e4j\u00e4n, Grow Finance O\u00dc:n, puolesta rekisterinpit\u00e4j\u00e4n ohjeiden mukaisesti.<\/li>\n<\/ol>\n<p>Grow Finance O\u00dc varmistaa henkil\u00f6tietojen k\u00e4sittelyn lainmukaisuuden ja pit\u00e4\u00e4 henkil\u00f6tietojen luottamuksellisuutta ja suojaa eritt\u00e4in t\u00e4rke\u00e4n\u00e4. Tavoitteena on varmistaa henkil\u00f6tietojen vastuullinen k\u00e4sittely rekister\u00f6idyn etujen, oikeuksien ja vapauksien mukaisesti.<\/p>\n<p>Grow Finance O\u00dc:n k\u00e4sittelemien henkil\u00f6tietojen tarkka laajuus riippuu henkil\u00f6tietojen k\u00e4sittelyn tarkoituksesta. Henkil\u00f6tietoja ker\u00e4t\u00e4\u00e4n ainoastaan tiettyihin ja laillisiin tarkoituksiin, eik\u00e4 niit\u00e4 k\u00e4sitell\u00e4 n\u00e4iden tarkoitusten kanssa yhteensopimattomalla tavalla.<\/p>\n<p>Alla annamme tarvittavat tiedot henkil\u00f6tietojesi k\u00e4sittelyn tarkoituksista ja toimista sen perusteella, onko tiedot saatu sinulta itselt\u00e4si vai onko tiedot luotu sinun ja Grow Finance O\u00dc:n tai meid\u00e4n v\u00e4lisen yhteisty\u00f6n aikana vai onko ne saatu kolmannelta osapuolelta.<\/p>\n<p>Grow Finance O\u00dc s\u00e4ilytt\u00e4\u00e4 henkil\u00f6tietoja niin kauan kuin on tarpeen k\u00e4sittelyn tarkoituksen saavuttamiseksi. Jos henkil\u00f6tietoja s\u00e4ilytet\u00e4\u00e4n pidemp\u00e4\u00e4n kuin on tarpeen tietojen ker\u00e4\u00e4misen tarkoituksen toteuttamiseksi, henkil\u00f6tiedot anonymisoidaan siten, ett\u00e4 sinua rekister\u00f6ityn\u00e4 ei voida en\u00e4\u00e4 tunnistaa.<\/p>\n<h2>II Sinulta saatujen tietojen k\u00e4sittelytoimet<\/h2>\n<p>T\u00e4ss\u00e4 annamme sinulle yleiskatsauksen Grow Finance O\u00dc:n henkil\u00f6tietojesi ker\u00e4\u00e4misen tarkoituksista ja toiminnoista, niiden k\u00e4sittelyn oikeusperusteesta ja s\u00e4ilytysajasta. Kerromme my\u00f6s, onko henkil\u00f6tietojen antaminen vapaaehtoista, lains\u00e4\u00e4d\u00e4nn\u00f6st\u00e4 tai sopimuksesta johtuva velvoite vai sopimuksen tekemisen edellytt\u00e4m\u00e4 vaatimus, ja mit\u00e4 seurauksia tietojen antamatta j\u00e4tt\u00e4misest\u00e4 on.<\/p>\n<h3>Aktiviteetit<\/h3>\n<div>\n<table>\n<thead>\n<tr>\n<th>Toiminta<\/th>\n<th>Tarkoitus<\/th>\n<th>Oikeusperusta<\/th>\n<th>Tietojen raportoinnin perusta<\/th>\n<th>Tietojen antamatta j\u00e4tt\u00e4misen seuraus<\/th>\n<th>S\u00e4ilyvyysaika<\/th>\n<\/tr>\n<\/thead>\n<tbody>\n<tr>\n<td>sovinto<\/td>\n<td>Rahoitusoperaatiot<\/td>\n<td>Tietojenk\u00e4sittely, joka on tarpeen sopimuksen tekemiseksi rekister\u00f6idyn pyynn\u00f6st\u00e4 ja sopimuksen t\u00e4yt\u00e4nt\u00f6\u00f6npanemiseksi<\/td>\n<td>Sopimuksesta johtuva velvoite<\/td>\n<td>Sopimuksen t\u00e4yt\u00e4nt\u00f6\u00f6npano voi vaikeutua<\/td>\n<td>7 vuotta taloudellisen tapahtuman kirjaamisp\u00e4iv\u00e4st\u00e4<\/td>\n<\/tr>\n<tr>\n<td>Hintakyselyihin vastaaminen<\/td>\n<td>Myynti<\/td>\n<td>Oikeutettu etu (Yrityksen liikevaihdon kasvattaminen)<\/td>\n<td>Vapaaehtoisty\u00f6<\/td>\n<td>Myyntitarjouksen l\u00e4hett\u00e4m\u00e4tt\u00e4 j\u00e4tt\u00e4minen<\/td>\n<td>5 vuotta vastauksen toimittamisp\u00e4iv\u00e4st\u00e4<\/td>\n<\/tr>\n<tr>\n<td>Ev\u00e4steiden k\u00e4ytt\u00f6<\/td>\n<td>Markkinointi; Asiakaspalvelu<\/td>\n<td>Rekister\u00f6idyn suostumus; Oikeutettu etu (yrityksen verkkosivuston toimivuuden varmistaminen)<\/td>\n<td>Vapaaehtoisty\u00f6<\/td>\n<td>Verkkosivuston k\u00e4ytt\u00f6 voi olla rajoitettua<\/td>\n<td>Ev\u00e4steperiaatteiden mukaisesti<\/td>\n<\/tr>\n<tr>\n<td>Sopimusten hallinta<\/td>\n<td>Yhti\u00f6n etujen suojaaminen<\/td>\n<td>Oikeutettu etu (Yrityksen oikeuksien suojaaminen, Vahinkojen est\u00e4minen)<\/td>\n<td>Sopimuksen tekemisen edellytt\u00e4m\u00e4 vaatimus<\/td>\n<td>Sopimusta ei tehd\u00e4.<\/td>\n<td>5 vuotta sopimuksen p\u00e4\u00e4ttymisp\u00e4iv\u00e4st\u00e4<\/td>\n<\/tr>\n<tr>\n<td>Rahanpesun ja terrorismin rahoituksen est\u00e4minen<\/td>\n<td>Rikollisuuden ehk\u00e4isy<\/td>\n<td>Lakis\u00e4\u00e4teisen velvoitteen t\u00e4ytt\u00e4minen<\/td>\n<td>Sopimuksen tekemisen edellytt\u00e4m\u00e4 vaatimus<\/td>\n<td>Sopimusta ei tehd\u00e4.<\/td>\n<td>5 vuotta sopimuksen p\u00e4\u00e4ttymisp\u00e4iv\u00e4st\u00e4<\/td>\n<\/tr>\n<tr>\n<td>Sosiaalisen median k\u00e4ytt\u00f6<\/td>\n<td>Markkinointi<\/td>\n<td>Oikeutettu etu (Yrityksen liikevaihdon kasvattaminen)<\/td>\n<td>Vapaaehtoisty\u00f6<\/td>\n<td>Ei vastaanota kampanjatarjouksia<\/td>\n<td>1 vuosi tilin sulkemisesta<\/td>\n<\/tr>\n<tr>\n<td>Taustaselvitysten tekeminen<\/td>\n<td>Yhti\u00f6n etujen suojaaminen<\/td>\n<td>Oikeutettu etu (Vahinkojen est\u00e4minen)<\/td>\n<td>Vapaaehtoisty\u00f6<\/td>\n<td>Sopimusta ei tehd\u00e4.<\/td>\n<td>5 vuotta sopimuksen p\u00e4\u00e4ttymisp\u00e4iv\u00e4st\u00e4<\/td>\n<\/tr>\n<tr>\n<td>Tilauksen k\u00e4sittely<\/td>\n<td>Myynti<\/td>\n<td>Oikeutettu etu (Yrityksen oikeuksien suojaaminen)<\/td>\n<td>Vapaaehtoisty\u00f6<\/td>\n<td>Sopimusta ei tehd\u00e4.<\/td>\n<td>5 vuotta sopimuksen p\u00e4\u00e4ttymisp\u00e4iv\u00e4st\u00e4<\/td>\n<\/tr>\n<\/tbody>\n<\/table>\n<\/div>\n<p>Oikeutettujen etujen analyyseihin voi tutustua l\u00e4hett\u00e4m\u00e4ll\u00e4 asiaankuuluvan pyynn\u00f6n:\u00a0<a href=\"mailto:kaari@grow.ee\">kaari@grow.ee<\/a><\/p>\n<h2>III K\u00e4sittelytoimet yhteisty\u00f6mme aikana syntyneill\u00e4 tai kolmannelta osapuolelta saamillamme tiedoilla<\/h2>\n<p>Antamiesi tietojen lis\u00e4ksi yhteisty\u00f6mme aikana syntyy my\u00f6s sinua koskevia tietoja, joita s\u00e4ilyt\u00e4mme k\u00e4ytt\u00e4miss\u00e4mme j\u00e4rjestelmiss\u00e4. Saamme tietoja sinusta my\u00f6s kolmansilta osapuolilta.<\/p>\n<p>T\u00e4ss\u00e4 Grow Finance O\u00dc tarjoaa sinulle yleiskatsauksen henkil\u00f6tietojesi k\u00e4sittelyn tarkoituksista ja toiminnoista, jotka ovat syntyneet yhteisty\u00f6mme aikana tai jotka olemme saaneet kolmannelta osapuolelta. Lis\u00e4ksi esittelemme k\u00e4sittelemiemme henkil\u00f6tietojen tyypit ja kuinka kauan s\u00e4ilyt\u00e4mme tietoja.<\/p>\n<h3>Aktiviteetit<\/h3>\n<div>\n<table>\n<thead>\n<tr>\n<th>Toiminta<\/th>\n<th>Tarkoitus<\/th>\n<th>Oikeusperusta<\/th>\n<th>Henkil\u00f6tietojen tyypit ja l\u00e4hteet<\/th>\n<th>S\u00e4ilyvyysaika<\/th>\n<\/tr>\n<\/thead>\n<tbody>\n<tr>\n<td>Tietoturvatoimenpiteiden toteuttaminen<\/td>\n<td>Yrityksen omaisuuden suojaaminen<\/td>\n<td>Oikeutettu etu (Yrityksen omaisuuden, mukaan lukien tietovarojen, suojaaminen)<\/td>\n<td>S\u00e4hk\u00f6postiosoite (j\u00e4rjestelm\u00e4); Etu- ja sukunimi (j\u00e4rjestelm\u00e4); Henkil\u00f6tunnus (j\u00e4rjestelm\u00e4)<\/td>\n<td>Tietoja ei tallenneta.<\/td>\n<\/tr>\n<tr>\n<td>Henkil\u00f6tietojen hallinta (muuttaminen, korjaaminen, poistaminen)<\/td>\n<td>Yksil\u00f6iden suojelu<\/td>\n<td>Lakis\u00e4\u00e4teisen velvoitteen t\u00e4ytt\u00e4minen<\/td>\n<td>S\u00e4hk\u00f6postiosoite (j\u00e4rjestelm\u00e4); Etu- ja sukunimi (j\u00e4rjestelm\u00e4); Henkil\u00f6tunnus (j\u00e4rjestelm\u00e4)<\/td>\n<td>Tietoja ei tallenneta.<\/td>\n<\/tr>\n<tr>\n<td>Asiakkuuksien hallinta<\/td>\n<td>Yhti\u00f6n etujen suojaaminen<\/td>\n<td>Tietojenk\u00e4sittely, joka on tarpeen sopimuksen tekemiseksi rekister\u00f6idyn pyynn\u00f6st\u00e4 ja sopimuksen t\u00e4yt\u00e4nt\u00f6\u00f6npanemiseksi<\/td>\n<td>S\u00e4hk\u00f6postiosoite (J\u00e4rjestelm\u00e4); Etu- ja sukunimi (J\u00e4rjestelm\u00e4); Henkil\u00f6tunnus (J\u00e4rjestelm\u00e4); Puhelinnumero (J\u00e4rjestelm\u00e4)<\/td>\n<td>5 vuotta sopimuksen p\u00e4\u00e4ttymisest\u00e4; 1 kuukausi tilin sulkemisesta<\/td>\n<\/tr>\n<tr>\n<td>Rahanpesun ja terrorismin rahoituksen est\u00e4minen<\/td>\n<td>Rikollisuuden ehk\u00e4isy<\/td>\n<td>Lakis\u00e4\u00e4teisen velvoitteen t\u00e4ytt\u00e4minen<\/td>\n<td>S\u00e4hk\u00f6postiosoite (rekister\u00f6ity); Etu- ja sukunimi (rekister\u00f6ity); Henkil\u00f6tunnus (rekister\u00f6ity); Henkil\u00f6llisyystodistuksen tiedot (rekister\u00f6ity); Asiakastietolomake (rekister\u00f6ity); Taustatiedusteluihin liittyv\u00e4t vastaukset (julkinen l\u00e4hde)<\/td>\n<td>5 vuotta sopimuksen p\u00e4\u00e4ttymisp\u00e4iv\u00e4st\u00e4<\/td>\n<\/tr>\n<tr>\n<td>Ohjelmistokehitys<\/td>\n<td>Tuotekehitys<\/td>\n<td>Oikeutettu etu (Yrityksen ohjelmistojen toimivuuden varmistaminen, mukaan lukien kehitys)<\/td>\n<td>S\u00e4hk\u00f6postiosoite (J\u00e4rjestelm\u00e4); Etu- ja sukunimi (J\u00e4rjestelm\u00e4); Henkil\u00f6tunnus (J\u00e4rjestelm\u00e4); Henkil\u00f6llisyystodistuksen tiedot (J\u00e4rjestelm\u00e4)<\/td>\n<td>Tietoja ei tallenneta.<\/td>\n<\/tr>\n<tr>\n<td>Taustaselvitysten tekeminen<\/td>\n<td>Yhti\u00f6n etujen suojaaminen<\/td>\n<td>Oikeutettu etu (Vahinkojen est\u00e4minen)<\/td>\n<td>Etu- ja sukunimi (rekister\u00f6idyn); edustusoikeuden peruste (julkinen l\u00e4hde); henkil\u00f6tunnus (julkinen l\u00e4hde)<\/td>\n<td>5 vuotta sopimuksen p\u00e4\u00e4ttymisp\u00e4iv\u00e4st\u00e4<\/td>\n<\/tr>\n<tr>\n<td>Ilmoitukset asiakkaalle<\/td>\n<td>Asiakastyytyv\u00e4isyyden varmistaminen<\/td>\n<td>Oikeutettu etu (asiakastyytyv\u00e4isyyden varmistaminen)<\/td>\n<td>S\u00e4hk\u00f6postiosoite (j\u00e4rjestelm\u00e4); Etu- ja sukunimi (j\u00e4rjestelm\u00e4)<\/td>\n<td>1 vuosi ilmoituksen p\u00e4iv\u00e4m\u00e4\u00e4r\u00e4st\u00e4<\/td>\n<\/tr>\n<\/tbody>\n<\/table>\n<\/div>\n<p>Oikeutettujen etujen analyyseihin voi tutustua l\u00e4hett\u00e4m\u00e4ll\u00e4 asiaankuuluvan pyynn\u00f6n:\u00a0<a href=\"mailto:kaari@grow.ee\">kaari@grow.ee<\/a><\/p>\n<h2>IV Henkil\u00f6tietojen luovuttaminen yhteisty\u00f6kumppaneille<\/h2>\n<p>Yhteisty\u00f6mme osana on tarpeen luovuttaa tai siirt\u00e4\u00e4 henkil\u00f6tietoja Grow Finance O\u00dc:n yhteisty\u00f6kumppaneille, jotka ovat seuraavat:<\/p>\n<div>\n<div>Yhteisty\u00f6kumppanit<\/div>\n<\/div>\n<table>\n<tbody>\n<tr>\n<td>Data-analytiikan tarjoaja<\/td>\n<\/tr>\n<tr>\n<td>Tietosuojapalveluntarjoaja<\/td>\n<\/tr>\n<tr>\n<td>Tietokannan tarjoaja<\/td>\n<\/tr>\n<tr>\n<td>Liiketoimintaohjelmistot<\/td>\n<\/tr>\n<tr>\n<td>Digitaalisen allekirjoituksen palveluntarjoaja<\/td>\n<\/tr>\n<tr>\n<td>IT-palvelukumppani<\/td>\n<\/tr>\n<tr>\n<td>Asiakaspalvelukumppani<\/td>\n<\/tr>\n<tr>\n<td>Asiakkuudenhallintapalveluntarjoaja<\/td>\n<\/tr>\n<tr>\n<td>Hakukone<\/td>\n<\/tr>\n<tr>\n<td>Kirjanpito- ja palkanlaskentaohjelmistojen toimittaja<\/td>\n<\/tr>\n<tr>\n<td>Markkinointikumppani<\/td>\n<\/tr>\n<\/tbody>\n<\/table>\n<p>Yhteisty\u00f6kumppaneilla on oikeus k\u00e4sitell\u00e4 henkil\u00f6tietoja vain siin\u00e4 laajuudessa kuin se on tarpeen m\u00e4\u00e4riteltyjen tarkoitusten toteuttamiseksi. Yhteisty\u00f6kumppaneiden on noudatettava Grow Finance O\u00dc:n vaatimuksia henkil\u00f6tietojen k\u00e4sittelyst\u00e4.<\/p>\n<h2>V Tietojen siirto kolmannessa maassa sijaitsevalle yhteisty\u00f6kumppanille<\/h2>\n<p>Yhteisty\u00f6mme osana on tarpeen siirt\u00e4\u00e4 henkil\u00f6tietoja Grow Finance O\u00dc:n yhteisty\u00f6kumppaneille, jotka sijaitsevat kolmannessa maassa, mink\u00e4 vuoksi toteutamme seuraavat suojatoimenpiteet:<\/p>\n<table>\n<thead>\n<tr>\n<th>Kumppaniluokka<\/th>\n<th>P\u00e4\u00e4asiallinen toimipaikka<\/th>\n<th>Sovellettavat suojatoimet<\/th>\n<\/tr>\n<\/thead>\n<tbody>\n<tr>\n<td>Tietosuojapalveluntarjoaja<\/td>\n<td>Yhdysvallat<\/td>\n<td>EU-komission tietosuojan tason riitt\u00e4vyysp\u00e4\u00e4t\u00f6s (mukaan lukien EU:n ja Yhdysvaltojen v\u00e4linen tietosuojakehys)<\/td>\n<\/tr>\n<tr>\n<td>Asiakaspalvelukumppani<\/td>\n<td>Yhdysvallat<\/td>\n<td>EU-komission tietosuojan tason riitt\u00e4vyysp\u00e4\u00e4t\u00f6s (mukaan lukien EU:n ja Yhdysvaltojen v\u00e4linen tietosuojakehys)<\/td>\n<\/tr>\n<tr>\n<td>Markkinointikumppani<\/td>\n<td>Yhdysvallat<\/td>\n<td>EU-komission tietosuojan tason riitt\u00e4vyysp\u00e4\u00e4t\u00f6s (mukaan lukien EU:n ja Yhdysvaltojen v\u00e4linen tietosuojakehys)<\/td>\n<\/tr>\n<tr>\n<td>Hakukone<\/td>\n<td>Yhdysvallat<\/td>\n<td>EU-komission tietosuojan tason riitt\u00e4vyysp\u00e4\u00e4t\u00f6s (mukaan lukien EU:n ja Yhdysvaltojen v\u00e4linen tietosuojakehys)<\/td>\n<\/tr>\n<\/tbody>\n<\/table>\n<p>Lis\u00e4tietoja lis\u00e4suojatoimenpiteist\u00e4 saat l\u00e4hett\u00e4m\u00e4ll\u00e4 pyynn\u00f6n:\u00a0<a href=\"mailto:kaari@grow.ee\">kaari@grow.ee<\/a><\/p>\n<h2>VI-profiilianalyysi, mukaan lukien automatisoidut p\u00e4\u00e4t\u00f6kset<\/h2>\n<p>Suoritamme sinuun liittyv\u00e4\u00e4 profilointia ja\/tai automatisoitua p\u00e4\u00e4t\u00f6ksentekoa seuraavissa toiminnoissa:<\/p>\n<h3>Aktiviteetit<\/h3>\n<div>\n<table>\n<thead>\n<tr>\n<th>Toiminta<\/th>\n<th>Tarkoitus<\/th>\n<th>Profiilianalyysi ja automatisoidut p\u00e4\u00e4t\u00f6kset<\/th>\n<\/tr>\n<\/thead>\n<tbody>\n<tr>\n<td>Rahanpesun ja terrorismin rahoituksen est\u00e4minen<\/td>\n<td>Rikollisuuden ehk\u00e4isy<\/td>\n<td>Profiilianalyysi<\/td>\n<\/tr>\n<tr>\n<td>Ohjelmistokehitys<\/td>\n<td>Tuotekehitys<\/td>\n<td>Profiilianalyysi<\/td>\n<\/tr>\n<tr>\n<td>Taustaselvitysten tekeminen<\/td>\n<td>Yhti\u00f6n etujen suojaaminen<\/td>\n<td>Profiilianalyysi<\/td>\n<\/tr>\n<\/tbody>\n<\/table>\n<\/div>\n<h2>VII Oikeutesi<\/h2>\n<p>Sinulla on oikeus saada tietoa tietojenk\u00e4sittelyn ehdoista. Grow Finance O\u00dc asettaa tietojenk\u00e4sittelyn ehdot saatavillesi t\u00e4m\u00e4n asiakirjan tai vastaavan pyynn\u00f6n perusteella.<\/p>\n<p>Sinulla on oikeus tutustua yleiseen tietosuoja-asetukseen\u00a0<a href=\"https:\/\/eur-lex.europa.eu\/legal-content\/ET\/TXT\/?uri=CELEX:32016R0679#d1e2501-1-1\" target=\"_blank\" rel=\"noopener noreferrer\">15 artikla<\/a>\u00a0kohdissa 1 ja 2 m\u00e4\u00e4ritellyill\u00e4 tiedoilla. Yleisess\u00e4 asetuksessa m\u00e4\u00e4ritellyt tiedot on tarkoitus antaa teille t\u00e4m\u00e4n asiakirjan ja\/tai vastaavan pyynn\u00f6n perusteella, jonka voitte toimittaa:\u00a0<a href=\"mailto:kaari@grow.ee\">kaari@grow.ee<\/a><\/p>\n<p>Sinulla on oikeus pyyt\u00e4\u00e4 henkil\u00f6tietojesi korjaamista. Voit korjata tiedot l\u00e4hett\u00e4m\u00e4ll\u00e4 vastaavan pyynn\u00f6n osoitteeseen:\u00a0<a href=\"mailto:kaari@grow.ee\">kaari@grow.ee<\/a><\/p>\n<p>Sinulla on oikeus henkil\u00f6tietojesi poistamiseen (\u201doikeus tulla unohdetuksi\u201d). Sinulla on oikeus pyyt\u00e4\u00e4 henkil\u00f6tietojesi poistamista esimerkiksi jos olet peruuttanut suostumuksesi tietojen k\u00e4sittelyyn eik\u00e4 tietojesi k\u00e4sittelylle ole muuta laillista perustetta.<\/p>\n<p>Sinulla on oikeus rajoittaa henkil\u00f6tietojesi k\u00e4sittely\u00e4. Sinulla on oikeus pyyt\u00e4\u00e4 henkil\u00f6tietojesi k\u00e4sittelyn rajoittamista, jos henkil\u00f6tietojesi k\u00e4sittely ei ole lain sallimaa tai jos kiist\u00e4t henkil\u00f6tietojesi paikkansapit\u00e4vyyden. Sinulla on oikeus pyyt\u00e4\u00e4 henkil\u00f6tietojesi k\u00e4sittelyn rajoittamista ajaksi, jonka kuluessa voimme varmistaa henkil\u00f6tietojesi paikkansapit\u00e4vyyden, tai jos henkil\u00f6tietojesi k\u00e4sittely on laitonta, mutta et pyyd\u00e4 henkil\u00f6tietojesi poistamista.<\/p>\n<p>Sinulla on oikeus saada sinua koskevat henkil\u00f6tiedot, jotka olet meille antanut, ja oikeus siirt\u00e4\u00e4 n\u00e4m\u00e4 tiedot toiselle rekisterinpit\u00e4j\u00e4lle (oikeus tietojen siirrett\u00e4vyyteen).<\/p>\n<p>Sinulla on oikeus milloin tahansa vastustaa sinua koskevien henkil\u00f6tietojen k\u00e4sittely\u00e4, joka on tarpeen oikeutettujen etujen toteuttamiseksi, mukaan lukien oikeutettuihin etuihin perustuva profilointi.<\/p>\n<p>Sinulla on oikeus tehd\u00e4 valitus meille, tietosuojavaltuutetulle tai tuomioistuimelle, jos uskot, ett\u00e4 oikeuksiasi on loukattu henkil\u00f6tietojesi k\u00e4sittelyss\u00e4. Tietosuojavaltuutetun yhteystiedot l\u00f6ytyv\u00e4t heid\u00e4n verkkosivuiltaan:\u00a0<a href=\"https:\/\/aki.ee\/\" target=\"_blank\" rel=\"noopener noreferrer\">https:\/\/aki.ee<\/a><\/p>\n<p>Voit ottaa meihin yhteytt\u00e4 pyynn\u00f6n tai vastalauseen kanssa:\u00a0<a href=\"mailto:kaari@grow.ee\">kaari@grow.ee<\/a>Vastaamme sinulle viimeist\u00e4\u00e4n kuukauden kuluessa pyynt\u00f6si tai vastalauseesi vastaanottamisesta. Voimme tarvittaessa pident\u00e4\u00e4 t\u00e4t\u00e4 m\u00e4\u00e4r\u00e4aikaa kahdella kuukaudella ottaen huomioon pyynt\u00f6si tai vastalauseesi monimutkaisuuden ja laajuuden. T\u00e4llaisessa tapauksessa ilmoitamme sinulle vastauksen j\u00e4tt\u00e4misen m\u00e4\u00e4r\u00e4ajan pident\u00e4misest\u00e4 ja viiv\u00e4styksen syist\u00e4 kuukauden kuluessa pyynt\u00f6si tai vastalauseesi vastaanottamisesta. Kun vastaanotamme s\u00e4hk\u00f6isen pyynt\u00f6si, vastaamme sinulle my\u00f6s s\u00e4hk\u00f6isesti, ellet halua toista vastaustapaa.<\/p>\n<p>Meill\u00e4 on oikeus kielt\u00e4yty\u00e4 pyynn\u00f6st\u00e4si k\u00e4ytt\u00e4\u00e4 oikeuksiasi, jos emme pysty tunnistamaan sinua rekister\u00f6ityn\u00e4.<\/p>\n<p>Jos emme ryhdy toimenpiteisiin pyynt\u00f6si tai vastalauseesi mukaisesti, ilmoitamme sinulle toimenpiteiden laiminly\u00f6nnin syyt viimeist\u00e4\u00e4n kuukauden kuluessa pyynt\u00f6si tai vastalauseesi vastaanottamisesta ja selit\u00e4mme sinulle mahdollisuutesi tehd\u00e4 valitus valvontaviranomaisille ja k\u00e4ytt\u00e4\u00e4 oikeussuojakeinoja.<\/p>\n<h2>VIII Muut olosuhteet<\/h2>\n<p>Grow Finance O\u00dc:ll\u00e4 on oikeus p\u00e4ivitt\u00e4\u00e4, t\u00e4sment\u00e4\u00e4 ja t\u00e4ydent\u00e4\u00e4 ehtoja milloin tahansa lains\u00e4\u00e4d\u00e4nn\u00f6n ja henkil\u00f6tietojen k\u00e4sittelyn muutosten perusteella.<\/p>\n<p>Viimeksi p\u00e4ivitetty: 06.10.2025 11:34:22<\/p>","protected":false},"excerpt":{"rendered":"","protected":false},"author":10,"featured_media":5349,"parent":0,"menu_order":0,"comment_status":"closed","ping_status":"closed","template":"","meta":{"footnotes":""},"class_list":["post-5347","page","type-page","status-publish","has-post-thumbnail","hentry"],"_links":{"self":[{"href":"https:\/\/grow.ee\/fi\/wp-json\/wp\/v2\/pages\/5347","targetHints":{"allow":["GET"]}}],"collection":[{"href":"https:\/\/grow.ee\/fi\/wp-json\/wp\/v2\/pages"}],"about":[{"href":"https:\/\/grow.ee\/fi\/wp-json\/wp\/v2\/types\/page"}],"author":[{"embeddable":true,"href":"https:\/\/grow.ee\/fi\/wp-json\/wp\/v2\/users\/10"}],"replies":[{"embeddable":true,"href":"https:\/\/grow.ee\/fi\/wp-json\/wp\/v2\/comments?post=5347"}],"version-history":[{"count":19,"href":"https:\/\/grow.ee\/fi\/wp-json\/wp\/v2\/pages\/5347\/revisions"}],"predecessor-version":[{"id":15044,"href":"https:\/\/grow.ee\/fi\/wp-json\/wp\/v2\/pages\/5347\/revisions\/15044"}],"wp:featuredmedia":[{"embeddable":true,"href":"https:\/\/grow.ee\/fi\/wp-json\/wp\/v2\/media\/5349"}],"wp:attachment":[{"href":"https:\/\/grow.ee\/fi\/wp-json\/wp\/v2\/media?parent=5347"}],"curies":[{"name":"wp","href":"https:\/\/api.w.org\/{rel}","templated":true}]}}