{"id":5022,"date":"2018-04-23T13:21:37","date_gmt":"2018-04-23T13:21:37","guid":{"rendered":"https:\/\/grow.ee\/?page_id=5022"},"modified":"2024-02-18T20:46:39","modified_gmt":"2024-02-18T20:46:39","slug":"tilintarkastusvelvollisuus","status":"publish","type":"page","link":"https:\/\/grow.ee\/fi\/dokumendid\/auditi-kohustus\/","title":{"rendered":"Auditi kohustus"},"content":{"rendered":"<style>\/*! elementor - v3.19.0 - 29-01-2024 *\/\n.elementor-heading-title{padding:0;margin:0;line-height:1}.elementor-widget-heading .elementor-heading-title[class*=elementor-size-]>a{color:inherit;font-size:inherit;line-height:inherit}.elementor-widget-heading .elementor-heading-title.elementor-size-small{font-size:15px}.elementor-widget-heading .elementor-heading-title.elementor-size-medium{font-size:19px}.elementor-widget-heading .elementor-heading-title.elementor-size-large{font-size:29px}.elementor-widget-heading .elementor-heading-title.elementor-size-xl{font-size:39px}.elementor-widget-heading .elementor-heading-title.elementor-size-xxl{font-size:59px}<\/style>\n<h1>Auditi kohustus<\/h1>\n<h2>Auditi\u00a0kohustus on kui<\/h2>\n<h4>2 n\u00e4itajast \u00fcletavad<\/h4>\n<p>1) m\u00fc\u00fcgitulu v\u00f5i tulu\u00a04 000 000 eurot;<br \/>2) varad bilansip\u00e4eva seisuga kokku\u00a02 000 000 eurot;<br \/>3) keskmine t\u00f6\u00f6tajate arv 60 inimest<\/p>\n<p>\u00a0<\/p>\n<h4>1 n\u00e4itaja \u00fcletab<\/h4>\n<p>1) m\u00fc\u00fcgitulu v\u00f5i tulu 12 000 000 eurot;<br \/>2) varad bilansip\u00e4eva seisuga kokku 6 000 000 eurot;<br \/>3) keskmine t\u00f6\u00f6tajate arv 180 inimest<\/p>\n<h2>\u00a0<\/h2>\n<h2>\u00dclevaatuse\u00a0kohustus on kui<\/h2>\n<h4>2 n\u00e4itajast \u00fcletavad<\/h4>\n<p>1) m\u00fc\u00fcgitulu v\u00f5i tulu 1 600 000 eurot;<br \/>2) varad bilansip\u00e4eva seisuga kokku 800 000 eurot;<br \/>3) keskmine t\u00f6\u00f6tajate arv 24 inimest<\/p>\n<p>\u00a0<\/p>\n<h4>1 n\u00e4itaja \u00fcletab<\/h4>\n<p>1) m\u00fc\u00fcgitulu v\u00f5i tulu 4 800 000 eurot;<br \/>2) varad bilansip\u00e4eva seisuga kokku 2 400 000 eurot;<br \/>3) keskmine t\u00f6\u00f6tajate arv 72 inimest.<\/p>\n<p>Muudatus j\u00f5ustus 01.01.2016.\u00a0Auditi kalkulaatori leiad <a style=\"color: #d10f28;\" href=\"https:\/\/www.audiitorkogu.ee\/est\/audit_calc\">siit<\/a>.<\/p>\n","protected":false},"excerpt":{"rendered":"<p>Auditi kohustus Auditi\u00a0kohustus on kui 2 n\u00e4itajast \u00fcletavad 1) m\u00fc\u00fcgitulu v\u00f5i tulu\u00a04 000 000 eurot;2) varad bilansip\u00e4eva seisuga kokku\u00a02 000 000 eurot;3) keskmine t\u00f6\u00f6tajate arv 60 inimest \u00a0 1 n\u00e4itaja \u00fcletab 1) m\u00fc\u00fcgitulu v\u00f5i tulu 12 000 000 eurot;2) varad bilansip\u00e4eva seisuga kokku 6 000 000 eurot;3) keskmine t\u00f6\u00f6tajate arv 180 inimest \u00a0 \u00dclevaatuse\u00a0kohustus on [&#8230;]\n","protected":false},"author":10,"featured_media":0,"parent":5000,"menu_order":0,"comment_status":"closed","ping_status":"closed","template":"","meta":{"footnotes":""},"class_list":["post-5022","page","type-page","status-publish","hentry"],"_links":{"self":[{"href":"https:\/\/grow.ee\/fi\/wp-json\/wp\/v2\/pages\/5022","targetHints":{"allow":["GET"]}}],"collection":[{"href":"https:\/\/grow.ee\/fi\/wp-json\/wp\/v2\/pages"}],"about":[{"href":"https:\/\/grow.ee\/fi\/wp-json\/wp\/v2\/types\/page"}],"author":[{"embeddable":true,"href":"https:\/\/grow.ee\/fi\/wp-json\/wp\/v2\/users\/10"}],"replies":[{"embeddable":true,"href":"https:\/\/grow.ee\/fi\/wp-json\/wp\/v2\/comments?post=5022"}],"version-history":[{"count":0,"href":"https:\/\/grow.ee\/fi\/wp-json\/wp\/v2\/pages\/5022\/revisions"}],"up":[{"embeddable":true,"href":"https:\/\/grow.ee\/fi\/wp-json\/wp\/v2\/pages\/5000"}],"wp:attachment":[{"href":"https:\/\/grow.ee\/fi\/wp-json\/wp\/v2\/media?parent=5022"}],"curies":[{"name":"wp","href":"https:\/\/api.w.org\/{rel}","templated":true}]}}