{"id":5000,"date":"2018-04-23T12:11:48","date_gmt":"2018-04-23T12:11:48","guid":{"rendered":"https:\/\/grow.ee\/?page_id=5000"},"modified":"2024-02-18T20:24:57","modified_gmt":"2024-02-18T20:24:57","slug":"asiakirjat","status":"publish","type":"page","link":"https:\/\/grow.ee\/fi\/dokumendid\/","title":{"rendered":"Asiakirjat"},"content":{"rendered":"<style>\/*! elementor - v3.19.0 - 29-01-2024 *\/\n.elementor-heading-title{padding:0;margin:0;line-height:1}.elementor-widget-heading .elementor-heading-title[class*=elementor-size-]>a{color:inherit;font-size:inherit;line-height:inherit}.elementor-widget-heading .elementor-heading-title.elementor-size-small{font-size:15px}.elementor-widget-heading .elementor-heading-title.elementor-size-medium{font-size:19px}.elementor-widget-heading .elementor-heading-title.elementor-size-large{font-size:29px}.elementor-widget-heading .elementor-heading-title.elementor-size-xl{font-size:39px}.elementor-widget-heading .elementor-heading-title.elementor-size-xxl{font-size:59px}<\/style>\n<h1>Dokumendid<\/h1>\n<h2 style=\"text-align: left;\"><a style=\"color: #d10f28;\" href=\"https:\/\/grow.ee\/dokumendid\/auditi-kohustus\/\">Auditi kohustus<\/a><\/h2>\n<h2 style=\"text-align: left;\"><a style=\"color: #d10f28;\" href=\"https:\/\/grow.ee\/dokumendid\/majandusaasta-aruanne\/\">Majandusaasta aruanne<\/a><\/h2>\n<h2 style=\"text-align: left;\"><a style=\"color: #d10f28;\" href=\"https:\/\/grow.ee\/dokumendid\/raamatupidamine\/\">Raamatupidamine<\/a><\/h2>\n<h2 style=\"text-align: left;\"><a style=\"color: #d10f28;\" href=\"https:\/\/grow.ee\/toooigus\/\">T\u00f6\u00f6\u00f5igus<\/a><\/h2>\n<h2 style=\"text-align: left;\"><a style=\"color: #d10f28;\" href=\"https:\/\/grow.ee\/muud\/\">Muud<\/a><\/h2>\n","protected":false},"excerpt":{"rendered":"<p>Asiakirjat Tarkastusvelvollisuus Taloudellinen vuosikertomus Kirjanpito Ty\u00f6oikeus Muut<\/p>","protected":false},"author":10,"featured_media":0,"parent":0,"menu_order":0,"comment_status":"closed","ping_status":"closed","template":"","meta":{"footnotes":""},"class_list":["post-5000","page","type-page","status-publish","hentry"],"_links":{"self":[{"href":"https:\/\/grow.ee\/fi\/wp-json\/wp\/v2\/pages\/5000","targetHints":{"allow":["GET"]}}],"collection":[{"href":"https:\/\/grow.ee\/fi\/wp-json\/wp\/v2\/pages"}],"about":[{"href":"https:\/\/grow.ee\/fi\/wp-json\/wp\/v2\/types\/page"}],"author":[{"embeddable":true,"href":"https:\/\/grow.ee\/fi\/wp-json\/wp\/v2\/users\/10"}],"replies":[{"embeddable":true,"href":"https:\/\/grow.ee\/fi\/wp-json\/wp\/v2\/comments?post=5000"}],"version-history":[{"count":0,"href":"https:\/\/grow.ee\/fi\/wp-json\/wp\/v2\/pages\/5000\/revisions"}],"wp:attachment":[{"href":"https:\/\/grow.ee\/fi\/wp-json\/wp\/v2\/media?parent=5000"}],"curies":[{"name":"wp","href":"https:\/\/api.w.org\/{rel}","templated":true}]}}