{"id":15069,"date":"2025-10-31T20:02:41","date_gmt":"2025-10-31T17:02:41","guid":{"rendered":"https:\/\/grow.ee\/?page_id=15069"},"modified":"2025-11-03T11:39:08","modified_gmt":"2025-11-03T08:39:08","slug":"ota-meihin-yhteytta","status":"publish","type":"page","link":"https:\/\/grow.ee\/fi\/vota-meiega-uhendust\/","title":{"rendered":"V\u00f5ta meiega \u00fchendust"},"content":{"rendered":"\n\n  <div class=\"banner has-hover\" id=\"banner-1969885962\">\n          <div class=\"banner-inner fill\">\n        <div class=\"banner-bg fill\" >\n            <img loading=\"lazy\" decoding=\"async\" width=\"720\" height=\"480\" src=\"https:\/\/grow.ee\/wp-content\/uploads\/2024\/05\/Arianaluutika-1-720x480.jpg\" class=\"bg attachment-large size-large\" alt=\"\" \/>                                    \n                    <\/div>\n\t\t\n        <div class=\"banner-layers container\">\n            <div class=\"fill banner-link\"><\/div>            \n\n   <div id=\"text-box-1955927843\" class=\"text-box banner-layer x50 md-x50 lg-x50 y50 md-y50 lg-y50 res-text\">\n                                <div class=\"text-box-content text dark\">\n              \n              <div class=\"text-inner text-left\">\n                  \n\n\n              <\/div>\n           <\/div>\n                            \n<style>\n#text-box-1955927843 {\n  width: 60%;\n}\n#text-box-1955927843 .text-box-content {\n  font-size: 100%;\n}\n<\/style>\n    <\/div>\n \n\n        <\/div>\n      <\/div>\n\n            \n<style>\n#banner-1969885962 {\n  padding-top: 500px;\n}\n#banner-1969885962 .banner-bg img {\n  object-position: 63% 26%;\n}\n<\/style>\n  <\/div>\n\n\n<div class=\"row\"  id=\"row-2034324879\">\n\n\n\t<div id=\"col-2132307972\" class=\"col small-12 large-12\"  >\n\t\t\t\t<div class=\"col-inner\"  >\n\t\t\t\n\t\t\t\n\n\n\n<script type=\"text\/javascript\">\n\/* <![CDATA[ *\/\nvar gform;gform||(document.addEventListener(\"gform_main_scripts_loaded\",function(){gform.scriptsLoaded=!0}),document.addEventListener(\"gform\/theme\/scripts_loaded\",function(){gform.themeScriptsLoaded=!0}),window.addEventListener(\"DOMContentLoaded\",function(){gform.domLoaded=!0}),gform={domLoaded:!1,scriptsLoaded:!1,themeScriptsLoaded:!1,isFormEditor:()=>\"function\"==typeof InitializeEditor,callIfLoaded:function(o){return!(!gform.domLoaded||!gform.scriptsLoaded||!gform.themeScriptsLoaded&&!gform.isFormEditor()||(gform.isFormEditor()&&console.warn(\"The use of gform.initializeOnLoaded() is deprecated in the form editor context and will be removed in Gravity Forms 3.1.\"),o(),0))},initializeOnLoaded:function(o){gform.callIfLoaded(o)||(document.addEventListener(\"gform_main_scripts_loaded\",()=>{gform.scriptsLoaded=!0,gform.callIfLoaded(o)}),document.addEventListener(\"gform\/theme\/scripts_loaded\",()=>{gform.themeScriptsLoaded=!0,gform.callIfLoaded(o)}),window.addEventListener(\"DOMContentLoaded\",()=>{gform.domLoaded=!0,gform.callIfLoaded(o)}))},hooks:{action:{},filter:{}},addAction:function(o,r,e,t){gform.addHook(\"action\",o,r,e,t)},addFilter:function(o,r,e,t){gform.addHook(\"filter\",o,r,e,t)},doAction:function(o){gform.doHook(\"action\",o,arguments)},applyFilters:function(o){return gform.doHook(\"filter\",o,arguments)},removeAction:function(o,r){gform.removeHook(\"action\",o,r)},removeFilter:function(o,r,e){gform.removeHook(\"filter\",o,r,e)},addHook:function(o,r,e,t,n){null==gform.hooks[o][r]&&(gform.hooks[o][r]=[]);var d=gform.hooks[o][r];null==n&&(n=r+\"_\"+d.length),gform.hooks[o][r].push({tag:n,callable:e,priority:t=null==t?10:t})},doHook:function(r,o,e){var t;if(e=Array.prototype.slice.call(e,1),null!=gform.hooks[r][o]&&((o=gform.hooks[r][o]).sort(function(o,r){return o.priority-r.priority}),o.forEach(function(o){\"function\"!=typeof(t=o.callable)&&(t=window[t]),\"action\"==r?t.apply(null,e):e[0]=t.apply(null,e)})),\"filter\"==r)return e[0]},removeHook:function(o,r,t,n){var e;null!=gform.hooks[o][r]&&(e=(e=gform.hooks[o][r]).filter(function(o,r,e){return!!(null!=n&&n!=o.tag||null!=t&&t!=o.priority)}),gform.hooks[o][r]=e)}});\n\/* ]]> *\/\n<\/script>\n\n                <div class='gf_browser_gecko gform_wrapper gravity-theme gform-theme--no-framework' data-form-theme='gravity-theme' data-form-index='0' id='gform_wrapper_57' >\n                        <div class='gform_heading'>\n                            <h2 class=\"gform_title\">V\u00f5ta meiega \u00fchendust!<\/h2>\n                            <p class='gform_description'><\/p>\n\t\t\t\t\t\t\t<p class='gform_required_legend'><\/p>\n                        <\/div><form method='post' enctype='multipart\/form-data'  id='gform_57'  action='\/fi\/wp-json\/wp\/v2\/pages\/15069' data-formid='57' novalidate>\n                        <div class='gform-body gform_body'><div id='gform_fields_57' class='gform_fields top_label form_sublabel_above description_below validation_below'><div id=\"field_57_23\" class=\"gfield gfield--type-honeypot gform_validation_container field_sublabel_above gfield--has-description field_description_below field_validation_below gfield_visibility_visible\"  ><label class='gfield_label gform-field-label' for='input_57_23'>Facebook<\/label><div class='ginput_container'><input name='input_23' id='input_57_23' type='text' value='' autocomplete='new-password'\/><\/div><div class='gfield_description' id='gfield_description_57_23'>Kentt\u00e4 on validointitarkoituksiin ja tulee j\u00e4tt\u00e4\u00e4 koskemattomaksi.<\/div><\/div><div id=\"field_57_16\" class=\"gfield gfield--type-text gfield--input-type-text gfield--width-full field_sublabel_above gfield--no-description field_description_below field_validation_below gfield_visibility_visible\"  ><label class='gfield_label gform-field-label' for='input_57_16'>Sinu nimi<\/label><div class='ginput_container ginput_container_text'><input name='input_16' id='input_57_16' type='text' value='' class='large'      aria-invalid=\"false\"   \/><\/div><\/div><div id=\"field_57_17\" class=\"gfield gfield--type-text gfield--input-type-text gfield--width-full gfield_contains_required field_sublabel_above gfield--no-description field_description_below field_validation_below gfield_visibility_visible\"  ><label class='gfield_label gform-field-label' for='input_57_17'>Ettev\u00f5tte nimi<span class=\"gfield_required\"><span class=\"gfield_required gfield_required_asterisk\">*<\/span><\/span><\/label><div class='ginput_container ginput_container_text'><input name='input_17' id='input_57_17' type='text' value='' class='large'     aria-required=\"true\" aria-invalid=\"false\"   \/><\/div><\/div><div id=\"field_57_2\" class=\"gfield gfield--type-email gfield--input-type-email gfield_contains_required field_sublabel_above gfield--no-description field_description_below field_validation_below gfield_visibility_visible\"  ><label class='gfield_label gform-field-label' for='input_57_2'>E-maili aadress<span class=\"gfield_required\"><span class=\"gfield_required gfield_required_asterisk\">*<\/span><\/span><\/label><div class='ginput_container ginput_container_email'>\n                            <input name='input_2' id='input_57_2' type='email' value='' class='medium'    aria-required=\"true\" aria-invalid=\"false\"  \/>\n                        <\/div><\/div><fieldset id=\"field_57_22\" class=\"gfield gfield--type-checkbox gfield--type-choice gfield--input-type-checkbox gfield--width-full field_sublabel_above gfield--no-description field_description_below field_validation_below gfield_visibility_visible\"  ><legend class='gfield_label gform-field-label gfield_label_before_complex' >Soov teenustele:<\/legend><div class='ginput_container ginput_container_checkbox'><div class='gfield_checkbox ' id='input_57_22'><div class='gchoice gchoice_57_22_1'>\n\t\t\t\t\t\t\t\t<input class='gfield-choice-input' name='input_22.1' type='checkbox'  value='Raamatupidamisteenus Eestis'  id='choice_57_22_1'   \/>\n\t\t\t\t\t\t\t\t<label for='choice_57_22_1' id='label_57_22_1' class='gform-field-label gform-field-label--type-inline'>Raamatupidamisteenus Eestis<\/label>\n\t\t\t\t\t\t\t<\/div><div class='gchoice gchoice_57_22_2'>\n\t\t\t\t\t\t\t\t<input class='gfield-choice-input' name='input_22.2' type='checkbox'  value='Raamatupidamisteenus Soomes'  id='choice_57_22_2'   \/>\n\t\t\t\t\t\t\t\t<label for='choice_57_22_2' id='label_57_22_2' class='gform-field-label gform-field-label--type-inline'>Raamatupidamisteenus Soomes<\/label>\n\t\t\t\t\t\t\t<\/div><div class='gchoice gchoice_57_22_3'>\n\t\t\t\t\t\t\t\t<input class='gfield-choice-input' name='input_22.3' type='checkbox'  value='Palgaarvestusteenus (ei soovi rmp teenust tervikuna)'  id='choice_57_22_3'   \/>\n\t\t\t\t\t\t\t\t<label for='choice_57_22_3' id='label_57_22_3' class='gform-field-label gform-field-label--type-inline'>Palgaarvestusteenus (ei soovi rmp teenust tervikuna)<\/label>\n\t\t\t\t\t\t\t<\/div><div class='gchoice gchoice_57_22_4'>\n\t\t\t\t\t\t\t\t<input class='gfield-choice-input' name='input_22.4' type='checkbox'  value='Maksun\u00f5ustamine'  id='choice_57_22_4'   \/>\n\t\t\t\t\t\t\t\t<label for='choice_57_22_4' id='label_57_22_4' class='gform-field-label gform-field-label--type-inline'>Maksun\u00f5ustamine<\/label>\n\t\t\t\t\t\t\t<\/div><div class='gchoice gchoice_57_22_5'>\n\t\t\t\t\t\t\t\t<input class='gfield-choice-input' name='input_22.5' type='checkbox'  value='Finantsjuhi (CFO) teenus'  id='choice_57_22_5'   \/>\n\t\t\t\t\t\t\t\t<label for='choice_57_22_5' id='label_57_22_5' class='gform-field-label gform-field-label--type-inline'>Finantsjuhi (CFO) teenus<\/label>\n\t\t\t\t\t\t\t<\/div><div class='gchoice gchoice_57_22_6'>\n\t\t\t\t\t\t\t\t<input class='gfield-choice-input' name='input_22.6' type='checkbox'  value='\u00c4rianal\u00fc\u00fctika'  id='choice_57_22_6'   \/>\n\t\t\t\t\t\t\t\t<label for='choice_57_22_6' id='label_57_22_6' class='gform-field-label gform-field-label--type-inline'>\u00c4rianal\u00fc\u00fctika<\/label>\n\t\t\t\t\t\t\t<\/div><div class='gchoice gchoice_57_22_7'>\n\t\t\t\t\t\t\t\t<input class='gfield-choice-input' name='input_22.7' type='checkbox'  value='Tarkvaralahendused'  id='choice_57_22_7'   \/>\n\t\t\t\t\t\t\t\t<label for='choice_57_22_7' id='label_57_22_7' class='gform-field-label gform-field-label--type-inline'>Tarkvaralahendused<\/label>\n\t\t\t\t\t\t\t<\/div><div class='gchoice gchoice_57_22_8'>\n\t\t\t\t\t\t\t\t<input class='gfield-choice-input' name='input_22.8' type='checkbox'  value='Personaliteenused'  id='choice_57_22_8'   \/>\n\t\t\t\t\t\t\t\t<label for='choice_57_22_8' id='label_57_22_8' class='gform-field-label gform-field-label--type-inline'>Personaliteenused<\/label>\n\t\t\t\t\t\t\t<\/div><div class='gchoice gchoice_57_22_9'>\n\t\t\t\t\t\t\t\t<input class='gfield-choice-input' name='input_22.9' type='checkbox'  value='Aadressi ja kontaktisiku teenus'  id='choice_57_22_9'   \/>\n\t\t\t\t\t\t\t\t<label for='choice_57_22_9' id='label_57_22_9' class='gform-field-label gform-field-label--type-inline'>Aadressi ja kontaktisiku teenus<\/label>\n\t\t\t\t\t\t\t<\/div><div class='gchoice gchoice_57_22_11'>\n\t\t\t\t\t\t\t\t<input class='gfield-choice-input' name='input_22.11' type='checkbox'  value='Kapitali kaasamine'  id='choice_57_22_11'   \/>\n\t\t\t\t\t\t\t\t<label for='choice_57_22_11' id='label_57_22_11' class='gform-field-label gform-field-label--type-inline'>Kapitali kaasamine<\/label>\n\t\t\t\t\t\t\t<\/div><\/div><\/div><\/fieldset><div id=\"field_57_20\" class=\"gfield gfield--type-textarea gfield--input-type-textarea gfield--width-full gfield_contains_required field_sublabel_above gfield--no-description field_description_below field_validation_below gfield_visibility_visible\"  ><label class='gfield_label gform-field-label' for='input_57_20'>S\u00f5num<span class=\"gfield_required\"><span class=\"gfield_required gfield_required_asterisk\">*<\/span><\/span><\/label><div class='ginput_container ginput_container_textarea'><textarea name='input_20' id='input_57_20' class='textarea large'    placeholder='Sisestage l\u00fchikirjeldus oma soovidest\/vajadustest.' aria-required=\"true\" aria-invalid=\"false\"   rows='10' cols='50'><\/textarea><\/div><\/div><\/div><\/div>\n        <div class='gform-footer gform_footer top_label'> <input type='submit' id='gform_submit_button_57' class='gform_button button' onclick='gform.submission.handleButtonClick(this);' data-submission-type='submit' value='Saada'  \/> \n            <input type='hidden' class='gform_hidden' name='gform_submission_method' data-js='gform_submission_method_57' value='postback' \/>\n            <input type='hidden' class='gform_hidden' name='gform_theme' data-js='gform_theme_57' id='gform_theme_57' value='gravity-theme' \/>\n            <input type='hidden' class='gform_hidden' name='gform_style_settings' data-js='gform_style_settings_57' id='gform_style_settings_57' value='[]' \/>\n            <input type='hidden' class='gform_hidden' name='is_submit_57' value='1' \/>\n            <input type='hidden' class='gform_hidden' name='gform_submit' value='57' \/>\n            \n            <input type='hidden' class='gform_hidden' name='gform_currency' data-currency='EUR' value='nLQkDl0pObMD3Ls0xPNzjLQsr\/VqRxVBxrhSXBYmHuV7+E2EaL0pMVgOCWz0MAm5DagNxjit\/0VRBn99\/w6LFNhWvWLJi08Kk5ck8oa9CXt22B0=' \/>\n            <input type='hidden' class='gform_hidden' name='gform_unique_id' value='' \/>\n            <input type='hidden' class='gform_hidden' name='state_57' value='WyJ7XCIyMi4xXCI6XCIyYjRkN2M2NTA3MTkzZDMwYmI1OTgxNDc1Y2E4Y2E4M1wiLFwiMjIuMlwiOlwiODQzMTY4NzcwYTcxNTYwMTI2MTBiYzgzMWQ4MTMxODZcIixcIjIyLjNcIjpcIjBjYTdmN2JmYTFlYjVhMzNkNjk1N2JmMjdkMGVmYTIzXCIsXCIyMi40XCI6XCJhMGY3ZDFhOGNhN2VmMjk1NGM2YWE3Mjc1MzEwMWIxM1wiLFwiMjIuNVwiOlwiYzEyMTViZDJjZWFiNmQwNzFkZDBhNDc5MDNiMzVhNjVcIixcIjIyLjZcIjpcImZjNDFmMTkzZmFhMTA5ZWEzMmZjZDJjNmFhNjJmNDgyXCIsXCIyMi43XCI6XCI2YjRhMzRlOTk0OWZkMDBkZDAwYjI2ODJmOGY5MDc2NFwiLFwiMjIuOFwiOlwiMzZiYTE5N2RlMWEyMDFkMDQwNzhlNjViMmIyZjA2M2JcIixcIjIyLjlcIjpcIjYzYmQ4OWRmYTFmNjRjYjFhNGZlY2JiZmFmNDc3NzYwXCIsXCIyMi4xMVwiOlwiZGY2MjIyYjk5YmQwNmY5NWI1ODdhMWYzMDc2NWRmNWNcIn0iLCIwNmM0ODJmMjVlOTRiODM4YzVkMDU5NGJjMmUyNmM2NiJd' \/>\n            <input type='hidden' autocomplete='off' class='gform_hidden' name='gform_target_page_number_57' id='gform_target_page_number_57' value='0' \/>\n            <input type='hidden' autocomplete='off' class='gform_hidden' name='gform_source_page_number_57' id='gform_source_page_number_57' value='1' \/>\n            <input type='hidden' name='gform_field_values' value='' \/>\n            \n        <\/div>\n                        <\/form>\n                        <\/div><script type=\"text\/javascript\">\n\/* <![CDATA[ *\/\n gform.initializeOnLoaded( function() {gformInitSpinner( 57, 'https:\/\/grow.ee\/wp-content\/plugins\/gravityforms\/images\/spinner.svg', true );jQuery('#gform_ajax_frame_57').on('load',function(){var contents = jQuery(this).contents().find('*').html();var is_postback = contents.indexOf('GF_AJAX_POSTBACK') >= 0;if(!is_postback){return;}var form_content = jQuery(this).contents().find('#gform_wrapper_57');var is_confirmation = jQuery(this).contents().find('#gform_confirmation_wrapper_57').length > 0;var is_redirect = contents.indexOf('gformRedirect(){') >= 0;var is_form = form_content.length > 0 && ! is_redirect && ! is_confirmation;var mt = parseInt(jQuery('html').css('margin-top'), 10) + parseInt(jQuery('body').css('margin-top'), 10) + 100;if(is_form){jQuery('#gform_wrapper_57').html(form_content.html());if(form_content.hasClass('gform_validation_error')){jQuery('#gform_wrapper_57').addClass('gform_validation_error');} else {jQuery('#gform_wrapper_57').removeClass('gform_validation_error');}setTimeout( function() { \/* delay the scroll by 50 milliseconds to fix a bug in chrome *\/  }, 50 );if(window['gformInitDatepicker']) {gformInitDatepicker();}if(window['gformInitPriceFields']) {gformInitPriceFields();}var current_page = jQuery('#gform_source_page_number_57').val();gformInitSpinner( 57, 'https:\/\/grow.ee\/wp-content\/plugins\/gravityforms\/images\/spinner.svg', true );jQuery(document).trigger('gform_page_loaded', [57, current_page]);window['gf_submitting_57'] = false;}else if(!is_redirect){var confirmation_content = jQuery(this).contents().find('.GF_AJAX_POSTBACK').html();if(!confirmation_content){confirmation_content = contents;}jQuery('#gform_wrapper_57').replaceWith(confirmation_content);jQuery(document).trigger('gform_confirmation_loaded', [57]);window['gf_submitting_57'] = false;wp.a11y.speak(jQuery('#gform_confirmation_message_57').text());}else{jQuery('#gform_57').append(contents);if(window['gformRedirect']) {gformRedirect();}}jQuery(document).trigger(\"gform_pre_post_render\", [{ formId: \"57\", currentPage: \"current_page\", abort: function() { this.preventDefault(); } }]);        if (event && event.defaultPrevented) {                return;        }        const gformWrapperDiv = document.getElementById( \"gform_wrapper_57\" );        if ( gformWrapperDiv ) {            const visibilitySpan = document.createElement( \"span\" );            visibilitySpan.id = \"gform_visibility_test_57\";            gformWrapperDiv.insertAdjacentElement( \"afterend\", visibilitySpan );        }        const visibilityTestDiv = document.getElementById( \"gform_visibility_test_57\" );        let postRenderFired = false;        function triggerPostRender() {            if ( postRenderFired ) {                return;            }            postRenderFired = true;            gform.core.triggerPostRenderEvents( 57, current_page );            if ( visibilityTestDiv ) {                visibilityTestDiv.parentNode.removeChild( visibilityTestDiv );            }        }        function debounce( func, wait, immediate ) {            var timeout;            return function() {                var context = this, args = arguments;                var later = function() {                    timeout = null;                    if ( !immediate ) func.apply( context, args );                };                var callNow = immediate && !timeout;                clearTimeout( timeout );                timeout = setTimeout( later, wait );                if ( callNow ) func.apply( context, args );            };        }        const debouncedTriggerPostRender = debounce( function() {            triggerPostRender();        }, 200 );        if ( visibilityTestDiv && visibilityTestDiv.offsetParent === null ) {            const observer = new MutationObserver( ( mutations ) => {                mutations.forEach( ( mutation ) => {                    if ( mutation.type === 'attributes' && visibilityTestDiv.offsetParent !== null ) {                        debouncedTriggerPostRender();                        observer.disconnect();                    }                });            });            observer.observe( document.body, {                attributes: true,                childList: false,                subtree: true,                attributeFilter: [ 'style', 'class' ],            });        } else {            triggerPostRender();        }    } );} ); \n\/* ]]> *\/\n<\/script>\n\n\n\n\t\t<\/div>\n\t\t\t\t\t<\/div>\n\n\t\n\n<\/div>\n<div class=\"row\"  id=\"row-1929919703\">\n\n\n\t<div id=\"col-1051501333\" class=\"col medium-4 small-12 large-4\"  >\n\t\t\t\t<div class=\"col-inner\"  >\n\t\t\t\n\t\t\t\n\n<p><strong>Grow Finance O\u00dc<\/strong><\/p>\n<p>Veskiposti 2 (AVALA \u00e4rihooned, Electra 10.korrus). 10138 Tallinn<\/p>\n<p>Tel:&nbsp;<a href=\"tel:\/\/+37256293090\">+372 5629 3090<\/a><br \/>e-post:&nbsp;<a href=\"mailto:info@grow.ee\">info@grow.ee<\/a><\/p>\n<p>Reg. kood: 11627587<br \/>KMKR: EE101313531<\/p>\n<p>&nbsp;<\/p>\n\n\t\t<\/div>\n\t\t\t\t\t<\/div>\n\n\t\n\n\t<div id=\"col-194797484\" class=\"col medium-8 small-12 large-8\"  >\n\t\t\t\t<div class=\"col-inner\"  >\n\t\t\t\n\t\t\t\n\n\n\n<iframe src=\"https:\/\/www.google.com\/maps\/embed?pb=!1m14!1m8!1m3!1d3944.239804949734!2d24.75027996088882!3d59.41793939036132!3m2!1i1024!2i768!4f13.1!3m3!1m2!1s0x469294c3371ed303%3A0xd5e4f5f751f87bb8!2sGrow%20Finance%20O%C3%9C!5e0!3m2!1set!2sus!4v1716301257172!5m2!1set!2sus\" width=\"100%\" height=\"450\" style=\"border:0;\" allowfullscreen=\"\" loading=\"lazy\" referrerpolicy=\"no-referrer-when-downgrade\"><\/iframe>\n\n\n\t\t<\/div>\n\t\t\t\t\t<\/div>\n\n\t\n\n<\/div>\n\n\n\n<p><\/p>\n","protected":false},"excerpt":{"rendered":"","protected":false},"author":24,"featured_media":5360,"parent":0,"menu_order":0,"comment_status":"closed","ping_status":"closed","template":"page-blank.php","meta":{"footnotes":""},"class_list":["post-15069","page","type-page","status-publish","has-post-thumbnail","hentry"],"_links":{"self":[{"href":"https:\/\/grow.ee\/fi\/wp-json\/wp\/v2\/pages\/15069","targetHints":{"allow":["GET"]}}],"collection":[{"href":"https:\/\/grow.ee\/fi\/wp-json\/wp\/v2\/pages"}],"about":[{"href":"https:\/\/grow.ee\/fi\/wp-json\/wp\/v2\/types\/page"}],"author":[{"embeddable":true,"href":"https:\/\/grow.ee\/fi\/wp-json\/wp\/v2\/users\/24"}],"replies":[{"embeddable":true,"href":"https:\/\/grow.ee\/fi\/wp-json\/wp\/v2\/comments?post=15069"}],"version-history":[{"count":7,"href":"https:\/\/grow.ee\/fi\/wp-json\/wp\/v2\/pages\/15069\/revisions"}],"predecessor-version":[{"id":15079,"href":"https:\/\/grow.ee\/fi\/wp-json\/wp\/v2\/pages\/15069\/revisions\/15079"}],"wp:featuredmedia":[{"embeddable":true,"href":"https:\/\/grow.ee\/fi\/wp-json\/wp\/v2\/media\/5360"}],"wp:attachment":[{"href":"https:\/\/grow.ee\/fi\/wp-json\/wp\/v2\/media?parent=15069"}],"curies":[{"name":"wp","href":"https:\/\/api.w.org\/{rel}","templated":true}]}}