{"id":14912,"date":"2025-09-05T11:10:16","date_gmt":"2025-09-05T08:10:16","guid":{"rendered":"https:\/\/grow.ee\/?page_id=14912"},"modified":"2025-11-03T13:33:15","modified_gmt":"2025-11-03T10:33:15","slug":"verotoimisto","status":"publish","type":"page","link":"https:\/\/grow.ee\/fi\/teenused\/maksuesindus\/","title":{"rendered":"Verotoimisto"},"content":{"rendered":"<div class=\"banner has-hover\" id=\"banner-42337400\">\n          <div class=\"banner-inner fill\">\n        <div class=\"banner-bg fill\" >\n            <img loading=\"lazy\" decoding=\"async\" width=\"720\" height=\"403\" src=\"https:\/\/grow.ee\/wp-content\/uploads\/2024\/05\/Digitaalne-raamatupidamine-Grow-2-720x403.webp\" class=\"bg attachment-large size-large\" alt=\"\" \/>                        <div class=\"overlay\"><\/div>            \n                    <\/div>\n\t\t\n        <div class=\"banner-layers container\">\n            <div class=\"fill banner-link\"><\/div>            \n\n   <div id=\"text-box-2067391823\" class=\"text-box banner-layer x50 md-x50 lg-x50 y50 md-y50 lg-y50 res-text\">\n                                <div class=\"text-box-content text dark\">\n              \n              <div class=\"text-inner text-center\">\n                  \n\n<h3 class=\"uppercase\"><span style=\"color: #1b1a46;\"><strong>verotoimisto<\/strong><\/span><\/h3>\n<p><span style=\"color: #282828;\">Toisen j\u00e4senvaltion henkil\u00f6n, joka harjoittaa liiketoimintaa ja jolla ei ole kiinte\u00e4\u00e4 toimipaikkaa Virossa, on nimett\u00e4v\u00e4 veroedustaja rekister\u00f6ityess\u00e4\u00e4n verovelvolliseksi.<\/span><\/p>\n<a href=\"https:\/\/grow.ee\/fi\/ota-meihin-yhteytta\/\" class=\"button alert is-shade\" style=\"border-radius:8px;\">\n\t\t<span>V\u00d5TA MEIEGA \u00dcHENDUST<\/span>\n\t<\/a>\n\n\n\n              <\/div>\n           <\/div>\n                            \n<style>\n#text-box-2067391823 .text-box-content {\n  background-color: rgba(255, 255, 255, 0.913);\n  border-radius: 16px;\n  font-size: 100%;\n}\n#text-box-2067391823 .text-inner {\n  padding: 10px 10px 5px 10px;\n}\n#text-box-2067391823 {\n  width: 60%;\n}\n<\/style>\n    <\/div>\n \n\n        <\/div>\n      <\/div>\n\n            \n<style>\n#banner-42337400 {\n  padding-top: 500px;\n}\n#banner-42337400 .overlay {\n  background-color: rgba(0, 0, 0, 0.17);\n}\n#banner-42337400 .banner-bg img {\n  object-position: 0% 50%;\n}\n<\/style>\n  <\/div>\n\n\n<div class=\"row\"  id=\"row-56511019\">\n\n\n\t<div id=\"col-220962308\" class=\"col small-12 large-12\"  >\n\t\t\t\t<div class=\"col-inner\"  >\n\t\t\t\n\t\t\t\n\n<div class=\"elementor-element elementor-element-77eaaec9 elementor-widget elementor-widget-heading\" data-id=\"77eaaec9\" data-element_type=\"widget\" data-widget_type=\"heading.default\">\n<div class=\"elementor-widget-container\">EU:n ulkopuolisen maan kansalaisen, joka harjoittaa liiketoimintaa ja jolla ei ole kiinte\u00e4\u00e4 toimipaikkaa Virossa ja jonka asuinmaan kanssa unioni ei ole tehnyt sopimusta keskin\u00e4isest\u00e4 avunannosta hallinnollisen yhteisty\u00f6n, petosten torjunnan ja arvonlis\u00e4veroon liittyvien saatavien perinn\u00e4n alalla, on verovelvolliseksi rekister\u00f6ityess\u00e4\u00e4n nimett\u00e4v\u00e4 verolaissa m\u00e4\u00e4ritelty veroedustaja.<\/div>\n<\/div>\n\n\t\t<\/div>\n\t\t\t\t\t<\/div>\n\n\t\n\n\t<div id=\"col-714287663\" class=\"col small-12 large-12\"  >\n\t\t\t\t<div class=\"col-inner\"  >\n\t\t\t\n\t\t\t\n\n<div class=\"message-box relative dark\" style=\"padding-top:15px;padding-bottom:15px;\"><div class=\"message-box-bg-image bg-fill fill\" ><\/div><div class=\"message-box-bg-overlay bg-fill fill\" style=\"background-color:rgb(27, 26, 70);\"><\/div><div class=\"container relative\"><div class=\"inner last-reset\">\n\n<div class=\"row align-middle align-center\"  id=\"row-1008288086\">\n\n\n\t<div id=\"col-1499907257\" class=\"col medium-8 small-12 large-8\"  >\n\t\t\t\t<div class=\"col-inner\"  >\n\t\t\t\n\t\t\t\n\n<h2>Keskustele talousasiantuntijamme kanssa<\/h2>\n\n\t\t<\/div>\n\t\t\t\t\t<\/div>\n\n\t\n\n\t<div id=\"col-184716489\" class=\"col medium-4 small-12 large-4\"  >\n\t\t\t\t<div class=\"col-inner text-right\"  >\n\t\t\t\n\t\t\t\n\n<a href=\"https:\/\/grow.ee\/fi\/ota-meihin-yhteytta\/\" class=\"button alert is-shade\" style=\"border-radius:8px;\">\n\t\t<span>OTA YHTEYTT\u00c4 YHTEIS\u00d6\u00d6N<\/span>\n\t<\/a>\n\n\n\n\t\t<\/div>\n\t\t\t\t\t<\/div>\n\n\t\n\n<\/div>\n\n<\/div><\/div><\/div>\n\n\t\t<\/div>\n\t\t\t\t\t<\/div>\n\n\t\n\n<\/div>","protected":false},"excerpt":{"rendered":"","protected":false},"author":24,"featured_media":0,"parent":9004,"menu_order":0,"comment_status":"closed","ping_status":"closed","template":"page-blank.php","meta":{"footnotes":""},"class_list":["post-14912","page","type-page","status-publish","hentry"],"_links":{"self":[{"href":"https:\/\/grow.ee\/fi\/wp-json\/wp\/v2\/pages\/14912","targetHints":{"allow":["GET"]}}],"collection":[{"href":"https:\/\/grow.ee\/fi\/wp-json\/wp\/v2\/pages"}],"about":[{"href":"https:\/\/grow.ee\/fi\/wp-json\/wp\/v2\/types\/page"}],"author":[{"embeddable":true,"href":"https:\/\/grow.ee\/fi\/wp-json\/wp\/v2\/users\/24"}],"replies":[{"embeddable":true,"href":"https:\/\/grow.ee\/fi\/wp-json\/wp\/v2\/comments?post=14912"}],"version-history":[{"count":6,"href":"https:\/\/grow.ee\/fi\/wp-json\/wp\/v2\/pages\/14912\/revisions"}],"predecessor-version":[{"id":15099,"href":"https:\/\/grow.ee\/fi\/wp-json\/wp\/v2\/pages\/14912\/revisions\/15099"}],"up":[{"embeddable":true,"href":"https:\/\/grow.ee\/fi\/wp-json\/wp\/v2\/pages\/9004"}],"wp:attachment":[{"href":"https:\/\/grow.ee\/fi\/wp-json\/wp\/v2\/media?parent=14912"}],"curies":[{"name":"wp","href":"https:\/\/api.w.org\/{rel}","templated":true}]}}