{"id":14904,"date":"2025-09-05T11:06:03","date_gmt":"2025-09-05T08:06:03","guid":{"rendered":"https:\/\/grow.ee\/?page_id=14904"},"modified":"2025-11-03T13:34:10","modified_gmt":"2025-11-03T10:34:10","slug":"e-residenssi","status":"publish","type":"page","link":"https:\/\/grow.ee\/fi\/teenused\/e-residentsus\/","title":{"rendered":"S\u00e4hk\u00f6isen kansalaisuuden hakeminen"},"content":{"rendered":"<div class=\"banner has-hover\" id=\"banner-1868301233\">\n          <div class=\"banner-inner fill\">\n        <div class=\"banner-bg fill\" >\n            <img loading=\"lazy\" decoding=\"async\" width=\"720\" height=\"403\" src=\"https:\/\/grow.ee\/wp-content\/uploads\/2024\/05\/Digitaalne-raamatupidamine-Grow-2-720x403.webp\" class=\"bg attachment-large size-large\" alt=\"\" \/>                        <div class=\"overlay\"><\/div>            \n                    <\/div>\n\t\t\n        <div class=\"banner-layers container\">\n            <div class=\"fill banner-link\"><\/div>            \n\n   <div id=\"text-box-340336100\" class=\"text-box banner-layer x50 md-x50 lg-x50 y50 md-y50 lg-y50 res-text\">\n                                <div class=\"text-box-content text dark\">\n              \n              <div class=\"text-inner text-center\">\n                  \n\n<h3 class=\"uppercase\"><span style=\"color: #1b1a46;\"><strong>e-kansalaisuus<\/strong><\/span><\/h3>\n<p><span style=\"color: #000000;\">E-kansalaisuus on Viron valtion tarjoama digitaalinen identiteetti, jonka avulla ulkomailla asuvat voivat k\u00e4ytt\u00e4\u00e4 Viron s\u00e4hk\u00f6isi\u00e4 palveluita olematta fyysisesti Virossa. Se ei ole kansalaisuus eik\u00e4 anna oikeutta oleskella tai ty\u00f6skennell\u00e4 Virossa, mutta se tarjoaa useita etuja, erityisesti yritt\u00e4jyyden ja digitaalisen liiketoiminnan aloilla.<\/span><\/p>\n<a href=\"https:\/\/grow.ee\/fi\/ota-meihin-yhteytta\/\" class=\"button alert is-shade\" style=\"border-radius:8px;\">\n\t\t<span>OTA YHTEYTT\u00c4 YHTEIS\u00d6\u00d6N<\/span>\n\t<\/a>\n\n\n\n              <\/div>\n           <\/div>\n                            \n<style>\n#text-box-340336100 .text-box-content {\n  background-color: rgba(255, 255, 255, 0.913);\n  border-radius: 16px;\n  font-size: 100%;\n}\n#text-box-340336100 .text-inner {\n  padding: 10px 10px 5px 10px;\n}\n#text-box-340336100 {\n  width: 60%;\n}\n<\/style>\n    <\/div>\n \n\n        <\/div>\n      <\/div>\n\n            \n<style>\n#banner-1868301233 {\n  padding-top: 500px;\n}\n#banner-1868301233 .overlay {\n  background-color: rgba(0, 0, 0, 0.17);\n}\n#banner-1868301233 .banner-bg img {\n  object-position: 0% 50%;\n}\n<\/style>\n  <\/div>\n\n\n<div class=\"row\"  id=\"row-2028094681\">\n\n\n\t<div id=\"col-738428535\" class=\"col small-12 large-12\"  >\n\t\t\t\t<div class=\"col-inner\"  >\n\t\t\t\n\t\t\t\n\n<h2 data-pm-slice=\"1 1 &#091;&#093;\"><strong>Mik\u00e4 on e-kansalaisuus?<\/strong><\/h2>\n<p>Viro on ensimm\u00e4inen maa, joka tarjoaa s\u00e4hk\u00f6isen kansalaisuuden kaikkialla maailmassa asuville ja ty\u00f6skenteleville ihmisille. S\u00e4hk\u00f6inen kansalaisuus on turvallinen ja k\u00e4tev\u00e4 tapa harjoittaa liiketoimintaa sijainnista riippumatta. Viron viranomaiset my\u00f6nt\u00e4v\u00e4t digitaalisen henkil\u00f6llisyyden, jonka avulla he voivat k\u00e4ytt\u00e4\u00e4 Viron s\u00e4hk\u00f6isi\u00e4 palveluita ja toimia Viron l\u00e4pin\u00e4kyv\u00e4ss\u00e4 liiketoimintaymp\u00e4rist\u00f6ss\u00e4 miss\u00e4 tahansa p\u00e4in maailmaa.<\/p>\n<ul>\n<li>\n<p>E-kansalaisuus on arvokas monille ihmisille ymp\u00e4ri maailmaa, mutta se ei ole taikaratkaisu, joka auttaa kaikkia. Jotkut hy\u00f6tyv\u00e4t e-kansalaisuudesta enemm\u00e4n kuin toiset \u2013 kaikki riippuu olosuhteista ja liiketoimintamalleista.<\/p>\n<\/li>\n<li>\n<p>S\u00e4hk\u00f6inen oleskelulupa ei peruuta kansainv\u00e4lisi\u00e4 velvoitteita, kuten verovelvoitteita. S\u00e4hk\u00f6isten asukkaiden ja heid\u00e4n yritystens\u00e4 on maksettava veroja kansainv\u00e4lisen ja kansallisen lains\u00e4\u00e4d\u00e4nn\u00f6n mukaisesti. On t\u00e4rke\u00e4\u00e4 luoda yritykselle kaupallista sis\u00e4lt\u00f6\u00e4 Virossa, esimerkiksi vuokraamalla toimisto, rekrytoimalla ty\u00f6ntekij\u00f6it\u00e4, viett\u00e4m\u00e4ll\u00e4 aikaa t\u00e4\u00e4ll\u00e4 tai rekister\u00f6im\u00e4ll\u00e4 omaisuutta.<\/p>\n<\/li>\n<li>\n<p>E-asukkaisuus ei ole tapa kiert\u00e4\u00e4 ulkomaisiin yrityksiin sovellettavaa tuloveroj\u00e4rjestelm\u00e4\u00e4 kuoriyrityksen perustamiseksi. Itse asiassa Viron liiketoimintaymp\u00e4rist\u00f6 on yksi maailman luotettavimmista ja l\u00e4pin\u00e4kyvimmist\u00e4 useiden toimenpiteiden ansiosta \u2013 esimerkiksi virolaisten yritysten perustiedot, kuten niiden omistajat ja vuosikertomukset, ovat julkisia ja vahvistettu digitaalisella allekirjoituksella, kun taas kaikilla e-asukkaiden hallinnoimilla yrityksill\u00e4 on rekister\u00f6ity osoite ja... <a href=\"https:\/\/grow.ee\/fi\/palvelut\/oikeudellinen-osoite-ja-yhteyshenkilopalvelu\/\" target=\"_blank\" rel=\"noopener noreferrer\">valtuutettu yhteyshenkil\u00f6<\/a>.<\/p>\n<\/li>\n<li>\n<p>E-residenssin kautta perustettu yritys ei ole virtuaaliyritys. Se on Viron ja EU:n yritys, jolla on yht\u00e4l\u00e4inen oikeusperusta. Kaikki EU-maat sallivat ulkomaalaisten hallinnoida yrityksi\u00e4 ulkomailta, mutta Viro tarjoaa t\u00e4m\u00e4n paljon k\u00e4tev\u00e4mm\u00e4ll\u00e4 ja turvallisemmalla tavalla e-residenssin kautta, koska olemme jo digitaalinen yhteiskunta, jossa yrityksi\u00e4 hallinnoidaan verkossa.<\/p>\n<\/li>\n<li>\n<p>Virolaisella yrityksell\u00e4 ei tarvitse olla perinteist\u00e4 virolaista pankkitili\u00e4, mik\u00e4 voi olla hankalaa, jos yrityksell\u00e4 ei ole toimintaa Virossa. Virolaiset voivat k\u00e4ytt\u00e4\u00e4 yritystilej\u00e4 fintech-yrityksiss\u00e4 tai muissa Euroopan talousalueella sijaitsevissa pankeissa. Tili\u00e4 ei taata virolaisille asukkaille, koska pankit ja fintech-yritykset asettavat omat s\u00e4\u00e4nt\u00f6ns\u00e4 ja kriteerins\u00e4 asiakkaiden hyv\u00e4ksymiselle.<\/p>\n<\/li>\n<li>\n<p>S\u00e4hk\u00f6inen kansalaisuus ei v\u00e4ltt\u00e4m\u00e4tt\u00e4 ole hy\u00f6dyllinen ratkaisu ihmisille, jotka asuvat maissa, jotka tunnetaan rahoitustapahtumien riskialueina, koska heill\u00e4 ei v\u00e4ltt\u00e4m\u00e4tt\u00e4 ole mahdollisuutta k\u00e4ytt\u00e4\u00e4 yrityspankki- tai maksupalveluita.<\/p>\n<\/li>\n<li>\n<p>Lis\u00e4tietoja s\u00e4hk\u00f6isest\u00e4 kansalaisuudesta: <a href=\"http:\/\/e-resident.gov.ee\" target=\"_blank\" rel=\"noopener noreferrer\">e-resident.gov.ee<\/a>.<\/p>\n<\/li>\n<\/ul>\n<h2><strong>E-kansalaisuuden hy\u00f6dyt Virolle<\/strong><\/h2>\n<ul>\n<li>\n<p>Viron vaikutusvalta innovatiivisena digitaalisena kansakuntana kasvaa<\/p>\n<\/li>\n<li>\n<p>Viron liiketoimintaymp\u00e4rist\u00f6 monipuolistuu ja vahvistuu<\/p>\n<\/li>\n<li>\n<p>Viron valtion verotulot kasvavat<\/p>\n<\/li>\n<\/ul>\n<p>E-kansalaisuus mahdollistaa globaalien yritysten ja lahjakkaiden ihmisten tulemisen Viroon, mik\u00e4 aktivoi liiketoimintaymp\u00e4rist\u00f6\u00e4mme. Ne luovat lis\u00e4\u00e4 ty\u00f6paikkoja ja mahdollistavat paikallisten yritysten kansainv\u00e4lisen kilpailukyvyn parantamisen. E-kansalaisuuden ansiosta virolaiset yritykset kasvavat t\u00e4\u00e4ll\u00e4.<\/p>\n<h2><strong>Mit\u00e4 ulkomaalainen voi tehd\u00e4 e-asukkaan digitaalisella henkil\u00f6llisyystodistuksella?<\/strong><\/h2>\n<p>E-residentin digitaalinen henkil\u00f6kortti tarjoaa ulkomaalaisille mahdollisuuden k\u00e4ytt\u00e4\u00e4 turvallisesti Viron valtion s\u00e4hk\u00f6isi\u00e4 palveluita. E-residentin digitaalisen henkil\u00f6kortin haltija voi osallistua sek\u00e4 yksityis- ett\u00e4 julkisoikeudellisiin toimintoihin, joihin vaaditaan virolainen henkil\u00f6kortti. E-residentin digitaalinen henkil\u00f6kortti mahdollistaa toimintojen suorittamisen ainoastaan s\u00e4hk\u00f6isten palveluiden kautta.<\/p>\n<p>Viron e-kansalaiset voivat perustaa yrityksi\u00e4 ja hallita niit\u00e4 helposti, vaikka ne eiv\u00e4t olisikaan Virossa.<\/p>\n<p>My\u00f6s Euroopan unionin ulkopuolisten maiden yritt\u00e4j\u00e4t voivat perustaa yrityksi\u00e4 Viroon ja j\u00e4rjest\u00e4\u00e4 toimintaansa Euroopan unionin alueella.<\/p>\n<p>E-asukkaat voivat k\u00e4ytt\u00e4\u00e4 Viron verkkopankkeja, tehd\u00e4 veroilmoituksia ja k\u00e4ytt\u00e4\u00e4 digitaalisia allekirjoitusvaihtoehtoja.<\/p>\n<p>On huomattava, ett\u00e4 e-asukas ei ole sama asia kuin oikeus oleskella Virossa tai saapua Viroon, eik\u00e4 se my\u00f6nn\u00e4 verotuksellista oleskelulupaa Virossa. E-asukkaan digitaalista henkil\u00f6llisyystodistusta ei voi k\u00e4ytt\u00e4\u00e4 luonnollisen henkil\u00f6n henkil\u00f6llisyyden todistamiseen.<\/p>\n<h2>Kuka voi hakea e-asukkaan digitaalista henkil\u00f6llisyystodistusta?<\/h2>\n<p>Henkil\u00f6t, joilla on oikeutettu etu k\u00e4ytt\u00e4\u00e4 Viron s\u00e4hk\u00f6isi\u00e4 palveluita, voivat saada s\u00e4hk\u00f6isen asukkaan digitaalisen tunnuksen, jos:<\/p>\n<ul>\n<li>\n<p>he ovat ulkomaalaisia, joilla ei ole oleskelulupaa ja oleskeluoikeutta Virossa;<\/p>\n<\/li>\n<li>\n<p>he eiv\u00e4t oleskele Virossa ulkomaalaisilla kansainv\u00e4lisen sotilaallisen yhteisty\u00f6n lain nojalla, eik\u00e4 heill\u00e4 ole oleskelulupakorttia tai voimassa olevaa poliisi- ja rajavartiolaitoksen my\u00f6nt\u00e4m\u00e4\u00e4 henkil\u00f6korttia.<\/p>\n<\/li>\n<\/ul>\n<p>Ulkomailla oleva Viron kansalainen, jolla on oikeus saada virolainen henkil\u00f6llisyystodistus, ei voi saada e-asukkaan digitaalista henkil\u00f6llisyystodistusta.<\/p>\n<p>E-asukkaan digitaalinen henkil\u00f6llisyystodistus, joka on my\u00f6nnetty 1. toukokuuta 2018 alkaen, on voimassa viisi vuotta.<\/p>\n<h2><strong>Miten perustaa yritys s\u00e4hk\u00f6isesti?<\/strong><\/h2>\n<p>Viron s\u00e4hk\u00f6isen asukkaan on samat mahdollisuudet perustaa yritys Virossa s\u00e4hk\u00f6isesti kuin Viron kansalaisten. T\u00e4m\u00e4 voidaan tehd\u00e4 s\u00e4hk\u00f6isess\u00e4 kaupparekisteriss\u00e4.<\/p>\n<h2><strong>E-asukkaisuus ja verot<\/strong><\/h2>\n<p>Viro on allekirjoittanut sopimuksia kymmenien muiden maiden kanssa kaksinkertaisen verotuksen v\u00e4ltt\u00e4miseksi. On huomattava, ett\u00e4 Viron e-kansalaisuus ei automaattisesti tarkoita verovapautta muissa maissa.<\/p>\n<p>Viron verolains\u00e4\u00e4d\u00e4nn\u00f6n mukaan e-residentti on itse asiassa ulkomailla asuva, jota verotetaan Virossa Virossa ansaitsemistaan tuloista. Koska e-residenttiyrityst\u00e4 voidaan johtaa my\u00f6s ulkomailta, yritys voi olla verovelvollinen my\u00f6s toisessa maassa.<\/p>\n<h2><strong>Virtuaalinen markkinapaikka<\/strong><\/h2>\n<p>Virtuaalinen markkinapaikka on suunniteltu tukemaan virolaisten yritysten vienti\u00e4. Virtuaalisen markkinapaikan tiimi pyrkii helpottamaan e-asukkaiden el\u00e4m\u00e4\u00e4. He tarkistavat markkinapaikalla olevien yritysten luotettavuuden. Siksi yhteisty\u00f6 yritysten kanssa, jotka eiv\u00e4t ole markkinapaikalla, on my\u00f6s riskialtisempaa.<\/p>\n<p>E-kansalaisuus loi elinkelpoisen asiakaskunnan yrityksille virtuaalisella markkinapaikalla.<\/p>\n<p>Virolaiset yritykset, jotka haluavat auttaa e-asukkaita kehitt\u00e4m\u00e4\u00e4n liiketoimintaansa, ovat tervetulleita liittym\u00e4\u00e4n virtuaaliseen markkinapaikkaan.<\/p>\n<h3><strong>Syit\u00e4 liitty\u00e4 e-asukkaan virtuaalimarkkinapaikkaan<\/strong><\/h3>\n<p>E-asukkaiden yhteis\u00f6 on kasvanut nopeasti, ja t\u00e4m\u00e4 puolestaan on lis\u00e4nnyt erilaisten palveluiden tarvetta. T\u00e4m\u00e4 tarjoaa virolaisille yrityksille erilaisia liiketoimintamahdollisuuksia. E-asukkaat haluavat ostaa <a href=\"https:\/\/grow.ee\/fi\/palvelut\/kirjanpito\/\" target=\"_blank\" rel=\"noopener noreferrer\">raamatupidamist<\/a>, <a href=\"https:\/\/grow.ee\/fi\/palvelut\/oikeudellinen-neuvonta\/\" target=\"_blank\" rel=\"noopener noreferrer\">oikeudellinen neuvonta<\/a>, <a href=\"https:\/\/grow.ee\/fi\/palvelut\/oikeudellinen-osoite-ja-yhteyshenkilopalvelu\/\" target=\"_blank\" rel=\"noopener noreferrer\">osoitepalvelu<\/a>, pankkipalvelut ja paljon muuta.<\/p>\n<ul>\n<li>\n<p>Loistava tilaisuus laajentaa yrityksesi kilpailukyky\u00e4 kansainv\u00e4lisesti<\/p>\n<\/li>\n<li>\n<p>Mahdollisuuden osallistua yrityksesi kehitt\u00e4miseen ja kasvattaa yrityksesi liikevaihtoa<\/p>\n<\/li>\n<li>\n<p>Voit olla mukana kehitt\u00e4m\u00e4ss\u00e4 maailmanluokan yrityspalvelusektoria Virossa<\/p>\n<\/li>\n<li>\n<p>Innovatiivisten tuotteiden luominen yrityspalvelusektorilla<\/p>\n<\/li>\n<li>\n<p>Polku uusiin asiakassegmentteihin<\/p>\n<\/li>\n<li>\n<p>Yrityksesi globaalin verkoston laajentaminenKuinka liitty\u00e4 markkinoille?<\/p>\n<\/li>\n<\/ul>\n<p>Virtuaalimarkkinapaikalle liittyminen on helppoa. Sinun tarvitsee vain t\u00e4ytt\u00e4\u00e4 rekister\u00f6intilomake ja l\u00e4hett\u00e4\u00e4 muutamia suosituksia aiemmilta e-asukkailta, ja suositukset on my\u00f6s allekirjoitettava digitaalisesti.<\/p>\n<p>T\u00e4m\u00e4n j\u00e4lkeen yritykselle tehd\u00e4\u00e4n perusteellinen taustatarkastus sen varmistamiseksi, ett\u00e4 se sopii markkinoille.<\/p>\n<h2><strong>Autamme asiakkaitamme s\u00e4hk\u00f6isen oleskeluluvan hakemisessa ja asiakirjojen t\u00e4ytt\u00e4misess\u00e4.<\/strong><\/h2>\n<p>1. joulukuuta 2014 alkaen henkil\u00f6lle, joka ei ole Viron kansalainen tai Virossa oleskeluluvan nojalla asuva ulkomaalainen, voidaan my\u00f6nt\u00e4\u00e4 digitaalinen henkil\u00f6llisyystodistus. S\u00e4hk\u00f6ist\u00e4 oleskelulupaa voivat hakea kaikki ulkomaalaiset, jotka haluavat k\u00e4ytt\u00e4\u00e4 Viron s\u00e4hk\u00f6isi\u00e4 palveluita, sek\u00e4 yksityishenkil\u00f6t ett\u00e4 yritykset. S\u00e4hk\u00f6inen oleskelulupa antaa ulkomailla asuville ulkomaalaisille samanlaiset mahdollisuudet toimia Viron s\u00e4hk\u00f6isess\u00e4 ymp\u00e4rist\u00f6ss\u00e4 kuin Viron asukkaille. Esimerkiksi Euroopan unionin ulkopuolelta tuleva henkil\u00f6 voi luoda yritykselleen tukikohdan Euroopan unioniin \u2013 h\u00e4n voi perustaa yrityksen Viroon ja osallistua aktiivisesti O\u00dc:n johtamiseen, kirjanpitoon, myyntiin, kehitt\u00e4miseen ja tuloksen kasvattamiseen.<\/p>\n<p>S\u00e4hk\u00f6isen oleskeluluvan hakijoiden on oltava tietoisia siit\u00e4, ett\u00e4 kyseess\u00e4 on etu, ei oikeus. Digitaalinen henkil\u00f6kortti my\u00f6nnet\u00e4\u00e4n henkil\u00f6lle, jolla on yhteys Viron valtioon tai perusteltu intressi k\u00e4ytt\u00e4\u00e4 Viron valtion s\u00e4hk\u00f6isi\u00e4 palveluita. Digitaalinen henkil\u00f6kortti my\u00f6nnet\u00e4\u00e4n vain, jos henkil\u00f6 on luotettava ja on syyt\u00e4 uskoa, ett\u00e4 h\u00e4n k\u00e4ytt\u00e4\u00e4 digitaalista henkil\u00f6korttia vilpitt\u00f6m\u00e4ss\u00e4 mieless\u00e4. Jos poliisi- ja rajavartiolaitos ep\u00e4ilee, ett\u00e4 henkil\u00f6 saattaa k\u00e4ytt\u00e4\u00e4 digitaalista henkil\u00f6korttia v\u00e4\u00e4rin, sill\u00e4 on oikeus kielt\u00e4yty\u00e4 my\u00f6nt\u00e4m\u00e4st\u00e4 sit\u00e4. My\u00f6nt\u00e4m\u00e4tt\u00e4 j\u00e4tt\u00e4misen lis\u00e4ksi poliisi- ja rajavartiolaitos voi keskeytt\u00e4\u00e4 tai lopettaa digitaalisen henkil\u00f6kortin voimassaolon pienimm\u00e4nkin ep\u00e4ilyn sattuessa.\u00a0<strong>S\u00e4hk\u00f6inen oleskelulupa ei anna ulkomaalaiselle oikeuksia, jotka ovat vain Viron kansalaisilla.<\/strong>\u00a0tai pysyv\u00e4sti asukkaat (esim. \u00e4\u00e4nest\u00e4\u00e4 parlamentin ja paikallisvaaleissa, kuulua puolueisiin).<\/p>\n<h3><strong>Digitaalisen tunnuksen hakemiseen tarvittavat asiakirjat<\/strong><\/h3>\n<ul>\n<li>\n<p>Hakemuslomake<\/p>\n<\/li>\n<li>\n<p>Ulkomainen henkil\u00f6llisyystodistus<\/p>\n<\/li>\n<li>\n<p>Yksi v\u00e4rivalokuva, jonka koko on 40 \u00d7 50 mm<\/p>\n<\/li>\n<li>\n<p>Vapaamuotoinen kirjallinen selvitys digitaalisen henkil\u00f6kortin k\u00e4ytt\u00f6aikeesta ja sen k\u00e4yt\u00f6n olosuhteista<\/p>\n<\/li>\n<li>\n<p>Valtion maksun maksamista koskeva asiakirja<\/p>\n<\/li>\n<\/ul>\n<p>Hakemus k\u00e4sitell\u00e4\u00e4n 3\u20138 viikon kuluessa, ja t\u00e4n\u00e4 aikana henkil\u00f6lle suoritetaan taustatarkastus.<\/p>\n<p>Jos hakemus hyv\u00e4ksyt\u00e4\u00e4n, voit noutaa digitaalisen henkil\u00f6korttisi poliisi- ja rajavartiolaitoksen palvelupisteest\u00e4 Virossa tai Viron suurl\u00e4hetyst\u00f6ist\u00e4, konsuliedustustoista tai muista palveluntarjoajien my\u00f6nt\u00e4mispisteist\u00e4 (palvelusta voidaan peri\u00e4 maksu).<\/p>\n<p>Kun noudat passisi, sinun on tuotava mukanasi kansallinen henkil\u00f6korttisi, jonka toimitit my\u00f6s hakemuksen yhteydess\u00e4. Sinun on my\u00f6s annettava sormenj\u00e4lkesi.<\/p>\n\n\t\t<\/div>\n\t\t\t\t\t<\/div>\n\n\t\n\n\t<div id=\"col-921338451\" class=\"col small-12 large-12\"  >\n\t\t\t\t<div class=\"col-inner\"  >\n\t\t\t\n\t\t\t\n\n<div class=\"message-box relative dark\" style=\"padding-top:15px;padding-bottom:15px;\"><div class=\"message-box-bg-image bg-fill fill\" ><\/div><div class=\"message-box-bg-overlay bg-fill fill\" style=\"background-color:rgb(27, 26, 70);\"><\/div><div class=\"container relative\"><div class=\"inner last-reset\">\n\n<div class=\"row align-middle align-center\"  id=\"row-1126346969\">\n\n\n\t<div id=\"col-511943677\" class=\"col medium-8 small-12 large-8\"  >\n\t\t\t\t<div class=\"col-inner\"  >\n\t\t\t\n\t\t\t\n\n<h2>Keskustele talousasiantuntijamme kanssa<\/h2>\n\n\t\t<\/div>\n\t\t\t\t\t<\/div>\n\n\t\n\n\t<div id=\"col-259057442\" class=\"col medium-4 small-12 large-4\"  >\n\t\t\t\t<div class=\"col-inner text-right\"  >\n\t\t\t\n\t\t\t\n\n<a href=\"https:\/\/grow.ee\/fi\/ota-meihin-yhteytta\/\" class=\"button alert is-shade\" style=\"border-radius:8px;\">\n\t\t<span>OTA YHTEYTT\u00c4 YHTEIS\u00d6\u00d6N<\/span>\n\t<\/a>\n\n\n\n\t\t<\/div>\n\t\t\t\t\t<\/div>\n\n\t\n\n<\/div>\n\n<\/div><\/div><\/div>\n\n\t\t<\/div>\n\t\t\t\t\t<\/div>\n\n\t\n\n<\/div>","protected":false},"excerpt":{"rendered":"","protected":false},"author":24,"featured_media":0,"parent":9004,"menu_order":0,"comment_status":"closed","ping_status":"closed","template":"page-blank.php","meta":{"footnotes":""},"class_list":["post-14904","page","type-page","status-publish","hentry"],"_links":{"self":[{"href":"https:\/\/grow.ee\/fi\/wp-json\/wp\/v2\/pages\/14904","targetHints":{"allow":["GET"]}}],"collection":[{"href":"https:\/\/grow.ee\/fi\/wp-json\/wp\/v2\/pages"}],"about":[{"href":"https:\/\/grow.ee\/fi\/wp-json\/wp\/v2\/types\/page"}],"author":[{"embeddable":true,"href":"https:\/\/grow.ee\/fi\/wp-json\/wp\/v2\/users\/24"}],"replies":[{"embeddable":true,"href":"https:\/\/grow.ee\/fi\/wp-json\/wp\/v2\/comments?post=14904"}],"version-history":[{"count":11,"href":"https:\/\/grow.ee\/fi\/wp-json\/wp\/v2\/pages\/14904\/revisions"}],"predecessor-version":[{"id":15101,"href":"https:\/\/grow.ee\/fi\/wp-json\/wp\/v2\/pages\/14904\/revisions\/15101"}],"up":[{"embeddable":true,"href":"https:\/\/grow.ee\/fi\/wp-json\/wp\/v2\/pages\/9004"}],"wp:attachment":[{"href":"https:\/\/grow.ee\/fi\/wp-json\/wp\/v2\/media?parent=14904"}],"curies":[{"name":"wp","href":"https:\/\/api.w.org\/{rel}","templated":true}]}}