{"id":14896,"date":"2025-09-05T11:02:03","date_gmt":"2025-09-05T08:02:03","guid":{"rendered":"https:\/\/grow.ee\/?page_id=14896"},"modified":"2025-11-11T15:08:24","modified_gmt":"2025-11-11T12:08:24","slug":"oikeudellinen-neuvonta","status":"publish","type":"page","link":"https:\/\/grow.ee\/fi\/teenused\/juriidiline-noustamine\/","title":{"rendered":"Oikeudellinen neuvonta"},"content":{"rendered":"<div class=\"banner has-hover\" id=\"banner-296635957\">\n          <div class=\"banner-inner fill\">\n        <div class=\"banner-bg fill\" >\n            <img loading=\"lazy\" decoding=\"async\" width=\"720\" height=\"403\" src=\"https:\/\/grow.ee\/wp-content\/uploads\/2024\/05\/Digitaalne-raamatupidamine-Grow-2-720x403.webp\" class=\"bg attachment-large size-large\" alt=\"\" \/>                        <div class=\"overlay\"><\/div>            \n                    <\/div>\n\t\t\n        <div class=\"banner-layers container\">\n            <div class=\"fill banner-link\"><\/div>            \n\n   <div id=\"text-box-260827775\" class=\"text-box banner-layer x50 md-x50 lg-x50 y50 md-y50 lg-y50 res-text\">\n                                <div class=\"text-box-content text dark\">\n              \n              <div class=\"text-inner text-center\">\n                  \n\n<h3 class=\"uppercase\"><span style=\"color: #1b1a46;\"><strong>oikeudellinen neuvonta<\/strong><\/span><\/h3>\n<p><span style=\"color: #282828;\">Tarjoamme oikeudellista neuvontaa pienille ja keskisuurille yrityksille. Lis\u00e4ksi tarjoamme startup-yrityksille apua tarvittavien asiakirjojen laatimisessa ja kattavaa tukea niiden tulevaan toimintaan.<\/span><\/p>\n<a href=\"https:\/\/grow.ee\/fi\/ota-meihin-yhteytta\/\" class=\"button alert is-shade\" style=\"border-radius:8px;\">\n\t\t<span>V\u00d5TA MEIEGA \u00dcHENDUST<\/span>\n\t<\/a>\n\n\n\n              <\/div>\n           <\/div>\n                            \n<style>\n#text-box-260827775 .text-box-content {\n  background-color: rgba(255, 255, 255, 0.913);\n  border-radius: 16px;\n  font-size: 100%;\n}\n#text-box-260827775 .text-inner {\n  padding: 10px 10px 5px 10px;\n}\n#text-box-260827775 {\n  width: 60%;\n}\n<\/style>\n    <\/div>\n \n\n        <\/div>\n      <\/div>\n\n            \n<style>\n#banner-296635957 {\n  padding-top: 500px;\n}\n#banner-296635957 .overlay {\n  background-color: rgba(0, 0, 0, 0.17);\n}\n#banner-296635957 .banner-bg img {\n  object-position: 0% 50%;\n}\n<\/style>\n  <\/div>\n\n\n<div class=\"row\"  id=\"row-485958386\">\n\n\n\t<div id=\"col-456429136\" class=\"col small-12 large-12\"  >\n\t\t\t\t<div class=\"col-inner\"  >\n\t\t\t\n\t\t\t\n\n<div class=\"elementor-element elementor-element-77eaaec9 elementor-widget elementor-widget-heading\" data-id=\"77eaaec9\" data-element_type=\"widget\" data-widget_type=\"heading.default\">\n<div class=\"elementor-widget-container\">\n<h2 class=\"wp-block-heading\">P\u00e4\u00e4asialliset toiminta-alueemme ovat:<\/h2>\n<h3 class=\"wp-block-heading\"><strong>Yhti\u00f6oikeus<\/strong><\/h3>\n<ul class=\"wp-block-list\">\n<li><a href=\"https:\/\/grow.ee\/fi\/palvelut\/yrityksen-perustaminen-virossa\/\">yrityksen perustaminen<\/a><\/li>\n<li>osakep\u00e4\u00e4oman alentaminen ja korottaminen sek\u00e4 omien osakkeiden hankinta<\/li>\n<li>kasvava negatiivinen oma p\u00e4\u00e4oma<\/li>\n<li>neuvonta johdon teht\u00e4viin ja vastuisiin liittyen, mukaan lukien hallintoelinten sopimusten laatiminen<\/li>\n<li>pakollisten rekistereiden pit\u00e4minen ja p\u00f6yt\u00e4kirjojen laatiminen<\/li>\n<li>hallituksen ja yhti\u00f6kokousten pakollisten asiakirjojen valmistelu ja kokousten p\u00f6yt\u00e4kirjojen pit\u00e4minen<\/li>\n<li>kaikkien tarvittavien ilmoitusten, raporttien, lomakkeiden, lausuntojen ja p\u00e4\u00e4t\u00f6sten toimittaminen kaupparekistereille julkistettavaksi<\/li>\n<\/ul>\n<h3 class=\"wp-block-heading\"><strong>T\u00f6\u00f6\u00f5igus<\/strong><\/h3>\n<ul class=\"wp-block-list\">\n<li>ty\u00f6sopimusten laatiminen johtajille, mallisopimusten laatiminen ty\u00f6ntekij\u00f6ille<\/li>\n<li>ty\u00f6suhteen p\u00e4\u00e4ttymisen j\u00e4lkeiset sopimusrajoitukset, luottamuksellisuus ja kilpailukieltokysymykset<\/li>\n<li>neuvomme ulkomaalaisia kansainv\u00e4lisille johtajille ty\u00f6lains\u00e4\u00e4d\u00e4nn\u00f6n, sosiaaliturvan ja verosuunnittelun aloilla<\/li>\n<li>etuudet ja korvaukset, verojen ja sosiaaliturvan hoitaminen<\/li>\n<li>ty\u00f6sopimusten irtisanomiset, lomautukset<\/li>\n<li>ty\u00f6riidat<\/li>\n<\/ul>\n<h3 class=\"wp-block-heading\"><strong>Konkurssilaki<\/strong><\/h3>\n<ul class=\"wp-block-list\">\n<li>velkojen uudelleenj\u00e4rjestely<\/li>\n<li>konkurssivaroitusten ja konkurssihakemusten laatiminen<\/li>\n<li>neuvoo velkojia ja velallisia sek\u00e4 konkurssimenettelyyn valmistautuessa ett\u00e4 sen aikana<\/li>\n<\/ul>\n<h3 class=\"wp-block-heading\"><strong>Sopimusoikeus<\/strong><\/h3>\n<ul class=\"wp-block-list\">\n<li>k\u00e4ytt\u00f6sopimukset \u2013 vuokrasopimukset, vuokrasopimukset, lainasopimukset, vapaak\u00e4ytt\u00f6sopimukset<\/li>\n<li>siirtosopimukset \u2013 myyntisopimukset, vaihtosopimukset<\/li>\n<li>palvelusopimukset \u2013 edustussopimukset, ty\u00f6sopimukset, hallituksen j\u00e4senten sopimukset<\/li>\n<li>takaussopimukset ja takuukirjeet<\/li>\n<\/ul>\n<p>Lis\u00e4tietoja saat ottamalla meihin yhteytt\u00e4.\u00a0<a href=\"mailto:alari@financeplus.ee\">alari.ossa@grow.ee<\/a><\/p>\n<\/div>\n<\/div>\n\n\t\t<\/div>\n\t\t\t\t\t<\/div>\n\n\t\n\n\t<div id=\"col-660277617\" class=\"col small-12 large-12\"  >\n\t\t\t\t<div class=\"col-inner\"  >\n\t\t\t\n\t\t\t\n\n<div class=\"message-box relative dark\" style=\"padding-top:15px;padding-bottom:15px;\"><div class=\"message-box-bg-image bg-fill fill\" ><\/div><div class=\"message-box-bg-overlay bg-fill fill\" style=\"background-color:rgb(27, 26, 70);\"><\/div><div class=\"container relative\"><div class=\"inner last-reset\">\n\n<div class=\"row align-middle align-center\"  id=\"row-590847074\">\n\n\n\t<div id=\"col-2135467170\" class=\"col medium-8 small-12 large-8\"  >\n\t\t\t\t<div class=\"col-inner\"  >\n\t\t\t\n\t\t\t\n\n<h2>Keskustele talousasiantuntijamme kanssa<\/h2>\n\n\t\t<\/div>\n\t\t\t\t\t<\/div>\n\n\t\n\n\t<div id=\"col-1674727265\" class=\"col medium-4 small-12 large-4\"  >\n\t\t\t\t<div class=\"col-inner text-right\"  >\n\t\t\t\n\t\t\t\n\n<a href=\"https:\/\/grow.ee\/fi\/ota-meihin-yhteytta\/\" class=\"button alert is-shade\" style=\"border-radius:8px;\">\n\t\t<span>OTA YHTEYTT\u00c4 YHTEIS\u00d6\u00d6N<\/span>\n\t<\/a>\n\n\n\n\t\t<\/div>\n\t\t\t\t\t<\/div>\n\n\t\n\n<\/div>\n\n<\/div><\/div><\/div>\n\n\t\t<\/div>\n\t\t\t\t\t<\/div>\n\n\t\n\n<\/div>","protected":false},"excerpt":{"rendered":"","protected":false},"author":24,"featured_media":0,"parent":9004,"menu_order":0,"comment_status":"closed","ping_status":"closed","template":"page-blank.php","meta":{"footnotes":""},"class_list":["post-14896","page","type-page","status-publish","hentry"],"_links":{"self":[{"href":"https:\/\/grow.ee\/fi\/wp-json\/wp\/v2\/pages\/14896","targetHints":{"allow":["GET"]}}],"collection":[{"href":"https:\/\/grow.ee\/fi\/wp-json\/wp\/v2\/pages"}],"about":[{"href":"https:\/\/grow.ee\/fi\/wp-json\/wp\/v2\/types\/page"}],"author":[{"embeddable":true,"href":"https:\/\/grow.ee\/fi\/wp-json\/wp\/v2\/users\/24"}],"replies":[{"embeddable":true,"href":"https:\/\/grow.ee\/fi\/wp-json\/wp\/v2\/comments?post=14896"}],"version-history":[{"count":7,"href":"https:\/\/grow.ee\/fi\/wp-json\/wp\/v2\/pages\/14896\/revisions"}],"predecessor-version":[{"id":15131,"href":"https:\/\/grow.ee\/fi\/wp-json\/wp\/v2\/pages\/14896\/revisions\/15131"}],"up":[{"embeddable":true,"href":"https:\/\/grow.ee\/fi\/wp-json\/wp\/v2\/pages\/9004"}],"wp:attachment":[{"href":"https:\/\/grow.ee\/fi\/wp-json\/wp\/v2\/media?parent=14896"}],"curies":[{"name":"wp","href":"https:\/\/api.w.org\/{rel}","templated":true}]}}