{"id":14780,"date":"2025-04-24T13:33:26","date_gmt":"2025-04-24T10:33:26","guid":{"rendered":"https:\/\/grow.ee\/?page_id=14780"},"modified":"2025-05-02T14:24:49","modified_gmt":"2025-05-02T11:24:49","slug":"henkilostopalvelut","status":"publish","type":"page","link":"https:\/\/grow.ee\/fi\/teenused\/personali-teenused\/","title":{"rendered":"Henkil\u00f6st\u00f6palvelut"},"content":{"rendered":"<div class=\"banner has-hover\" id=\"banner-1478459042\">\n          <div class=\"banner-inner fill\">\n        <div class=\"banner-bg fill\" >\n            <img loading=\"lazy\" decoding=\"async\" width=\"720\" height=\"482\" src=\"https:\/\/grow.ee\/wp-content\/uploads\/2025\/04\/Nimetu-kujundus-1-720x482.png\" class=\"bg attachment-large size-large\" alt=\"\" \/>                        <div class=\"overlay\"><\/div>            \n                    <\/div>\n\t\t\n        <div class=\"banner-layers container\">\n            <div class=\"fill banner-link\"><\/div>            \n\n   <div id=\"text-box-1878046424\" class=\"text-box banner-layer x50 md-x50 lg-x50 y50 md-y50 lg-y50 res-text\">\n                                <div class=\"text-box-content text dark\">\n              \n              <div class=\"text-inner text-center\">\n                  \n\n<h3 class=\"uppercase\"><strong><span style=\"color: #1b1a46;\"><span class=\"NormalTextRun SpellingErrorV2Themed SCXW32229042 BCX0\">Kasvata<\/span><span class=\"NormalTextRun SCXW32229042 BCX0\"> <br \/>henkil\u00f6st\u00f6palvelut\u00a0<br \/><\/span><\/span><\/strong><\/h3>\n<p><span style=\"color: #57595d; font-size: 120%;\"><span class=\"NormalTextRun SCXW32229042 BCX0\">Tarjoamme <\/span><span class=\"NormalTextRun SpellingErrorV2Themed SCXW32229042 BCX0\">joustava <\/span><span class=\"NormalTextRun SpellingErrorV2Themed SCXW32229042 BCX0\">tukea yrityksesi henkil\u00f6st\u00f6johtamiseen<\/span><span class=\"NormalTextRun SCXW32229042 BCX0\">. <br \/><\/span><span class=\"NormalTextRun SpellingErrorV2Themed SCXW32229042 BCX0\">Autetaan<\/span> <span class=\"NormalTextRun SpellingErrorV2Themed SCXW32229042 BCX0\">modernisoida<\/span> <span class=\"NormalTextRun SpellingErrorV2Themed SCXW32229042 BCX0\">tai<\/span> <span class=\"NormalTextRun SpellingErrorV2Themed SCXW32229042 BCX0\">luoda<\/span> <span class=\"NormalTextRun SpellingErrorV2Themed SCXW32229042 BCX0\">henkil\u00f6st\u00f6prosessit<\/span><span class=\"NormalTextRun SCXW32229042 BCX0\">, joka <\/span><span class=\"NormalTextRun SpellingErrorV2Themed SCXW32229042 BCX0\">tukea<\/span> <span class=\"NormalTextRun SpellingErrorV2Themed SCXW32229042 BCX0\">yritys<\/span> <span class=\"NormalTextRun SpellingErrorV2Themed SCXW32229042 BCX0\">kehitys <\/span><span class=\"NormalTextRun SpellingErrorV2Themed SCXW32229042 BCX0\">ja<\/span> <span class=\"NormalTextRun SpellingErrorV2Themed SCXW32229042 BCX0\">laittaa<\/span> <span class=\"NormalTextRun SpellingErrorV2Themed SCXW32229042 BCX0\">pohja<\/span> <span class=\"NormalTextRun SpellingErrorV2Themed SCXW32229042 BCX0\">kest\u00e4v\u00e4<\/span> <span class=\"NormalTextRun SpellingErrorV2Themed SCXW32229042 BCX0\">ty\u00f6ymp\u00e4rist\u00f6<\/span><span class=\"NormalTextRun SCXW32229042 BCX0\">.<\/span><\/span><\/p>\n<a href=\"https:\/\/grow.ee\/fi\/kasvattaa-yhteytta\/\" class=\"button alert is-shade\" style=\"border-radius:8px;\">\n\t\t<span>L\u00c4HET\u00c4 HAKEMUS<\/span>\n\t<\/a>\n\n\n\n              <\/div>\n           <\/div>\n                            \n<style>\n#text-box-1878046424 {\n  margin: 0px 0px 0px 0px;\n  width: 88%;\n}\n#text-box-1878046424 .text-box-content {\n  background-color: rgba(255, 255, 255, 0.884);\n  border-radius: 10px;\n  font-size: 100%;\n}\n#text-box-1878046424 .text-inner {\n  padding: 5px 15px 5px 15px;\n}\n@media (min-width:550px) {\n  #text-box-1878046424 {\n    width: 45%;\n  }\n}\n<\/style>\n    <\/div>\n \n\n        <\/div>\n      <\/div>\n\n            \n<style>\n#banner-1478459042 {\n  padding-top: 500px;\n}\n#banner-1478459042 .overlay {\n  background-color: rgba(0, 0, 0, 0.17);\n}\n<\/style>\n  <\/div>\n\n\n<div class=\"row\"  id=\"row-92223721\">\n\n\n\t<div id=\"col-341247980\" class=\"col small-12 large-12\"  >\n\t\t\t\t<div class=\"col-inner\"  >\n\t\t\t\n\t\t\t\n\n<div class=\"elementor-element elementor-element-6eceeed0 elementor-widget elementor-widget-heading\" data-id=\"6eceeed0\" data-element_type=\"widget\" data-widget_type=\"heading.default\">\n<div class=\"elementor-widget-container\">\n<h2 class=\"elementor-heading-title elementor-size-default\"><span class=\"TextRun SCXW97048763 BCX0\" lang=\"FI-FI\" xml:lang=\"FI-FI\" data-contrast=\"auto\"><span class=\"NormalTextRun SpellingErrorV2Themed SCXW97048763 BCX0\">Miksi<\/span><span class=\"NormalTextRun SCXW97048763 BCX0\"> ostaa <\/span><span class=\"NormalTextRun SpellingErrorV2Themed SCXW97048763 BCX0\">sis\u00e4\u00e4n<\/span> <span class=\"NormalTextRun SpellingErrorV2Themed SCXW97048763 BCX0\">henkil\u00f6st\u00f6palvelut<\/span><span class=\"NormalTextRun SCXW97048763 BCX0\">?<\/span><\/span><span class=\"EOP SCXW97048763 BCX0\" data-ccp-props=\"{}\">\u00a0<\/span><\/h2>\n<\/div>\n<\/div>\n<div class=\"elementor-element elementor-element-133353b6 color-scheme-inherit text-left elementor-widget elementor-widget-text-editor\" data-id=\"133353b6\" data-element_type=\"widget\" data-widget_type=\"text-editor.default\">\n<div class=\"elementor-widget-container\">\n<p><span class=\"TextRun SCXW238831149 BCX0\" lang=\"FI-FI\" xml:lang=\"FI-FI\" data-contrast=\"auto\"><span class=\"NormalTextRun SpellingErrorV2Themed SCXW238831149 BCX0\">P<\/span><span class=\"NormalTextRun SpellingErrorV2Themed SCXW238831149 BCX0\">jaksollinen<\/span> <span class=\"NormalTextRun SpellingErrorV2Themed SCXW238831149 BCX0\">tai<\/span> <span class=\"NormalTextRun SpellingErrorV2Themed SCXW238831149 BCX0\">projektipohjainen<\/span> <span class=\"NormalTextRun SpellingErrorV2Themed SCXW238831149 BCX0\">henkil\u00f6st\u00f6palvelu<\/span><span class=\"NormalTextRun SCXW238831149 BCX0\"> osoitteessa <\/span><span class=\"NormalTextRun SpellingErrorV2Themed SCXW238831149 BCX0\">hyv\u00e4<\/span> <span class=\"NormalTextRun SpellingErrorV2Themed SCXW238831149 BCX0\">ratkaisu<\/span> <span class=\"NormalTextRun SpellingErrorV2Themed SCXW238831149 BCX0\">jos<\/span> <span class=\"NormalTextRun SpellingErrorV2Themed SCXW238831149 BCX0\">tarvitset<\/span> <span class=\"NormalTextRun SpellingErrorV2Themed SCXW238831149 BCX0\">satunnaisesti<\/span>\u00a0<span class=\"NormalTextRun SpellingErrorV2Themed SCXW238831149 BCX0\">tukea<\/span> <span class=\"NormalTextRun SpellingErrorV2Themed SCXW238831149 BCX0\">perse<\/span><span class=\"NormalTextRun SpellingErrorV2Themed SCXW238831149 BCX0\">Voi<\/span><span class=\"NormalTextRun SpellingErrorV2Themed SCXW238831149 BCX0\">vitseist\u00e4<\/span><span class=\"NormalTextRun SCXW238831149 BCX0\">.<\/span> <span class=\"NormalTextRun SpellingErrorV2Themed SCXW238831149 BCX0\">Ulkopuolelta<\/span> <span class=\"NormalTextRun SpellingErrorV2Themed SCXW238831149 BCX0\">s<\/span><span class=\"NormalTextRun SpellingErrorV2Themed SCXW238831149 BCX0\">sis\u00e4ll\u00e4<\/span> <span class=\"NormalTextRun SpellingErrorV2Themed SCXW238831149 BCX0\">ostettavissa<\/span> <span class=\"NormalTextRun SpellingErrorV2Themed SCXW238831149 BCX0\">palvelu<\/span><span class=\"NormalTextRun SCXW238831149 BCX0\"> osoitteessa <\/span><span class=\"NormalTextRun SpellingErrorV2Themed SCXW238831149 BCX0\">joustava<\/span><span class=\"NormalTextRun SCXW238831149 BCX0\"> ja <\/span><span class=\"NormalTextRun SpellingErrorV2Themed SCXW238831149 BCX0\">t\u00e4m\u00e4<\/span> <span class=\"NormalTextRun SpellingErrorV2Themed SCXW238831149 BCX0\">t\u00f6lkki<\/span> <span class=\"NormalTextRun SpellingErrorV2Themed SCXW238831149 BCX0\">sopeutua<\/span> <span class=\"NormalTextRun SpellingErrorV2Themed SCXW238831149 BCX0\">vastaavasti<\/span> <span class=\"NormalTextRun SpellingErrorV2Themed SCXW238831149 BCX0\">tarpeen mukaan<\/span><span class=\"NormalTextRun SCXW238831149 BCX0\">, <\/span><span class=\"NormalTextRun SpellingErrorV2Themed SCXW238831149 BCX0\">maksaminen<\/span> <span class=\"NormalTextRun SpellingErrorV2Themed SCXW238831149 BCX0\">vain<\/span> <span class=\"NormalTextRun SpellingErrorV2Themed SCXW238831149 BCX0\">k\u00e4ytetty<\/span> <span class=\"NormalTextRun SpellingErrorV2Themed SCXW238831149 BCX0\">palvelut<\/span> <span class=\"NormalTextRun SpellingErrorV2Themed SCXW238831149 BCX0\">varten<\/span><span class=\"NormalTextRun SCXW238831149 BCX0\">.<\/span><\/span><span class=\"LineBreakBlob BlobObject DragDrop SCXW238831149 BCX0\"><span class=\"SCXW238831149 BCX0\">\u00a0<\/span><\/span><\/p>\n<p><span class=\"TextRun SCXW238831149 BCX0\" lang=\"FI-FI\" xml:lang=\"FI-FI\" data-contrast=\"auto\"><span class=\"NormalTextRun SCXW238831149 BCX0\">Ulkoinen kumppani <\/span><span class=\"NormalTextRun SpellingErrorV2Themed SCXW238831149 BCX0\">sis\u00e4llytt\u00e4minen<\/span> <span class=\"NormalTextRun SpellingErrorV2Themed SCXW238831149 BCX0\">auttaa<\/span> <span class=\"NormalTextRun SpellingErrorV2Themed SCXW238831149 BCX0\">n\u00e4hd\u00e4<\/span> <span class=\"NormalTextRun SpellingErrorV2Themed SCXW238831149 BCX0\">organisaatiokulttuuri<\/span><span class=\"NormalTextRun SCXW238831149 BCX0\"> ja <\/span><span class=\"NormalTextRun SpellingErrorV2Themed SCXW238831149 BCX0\">ty\u00f6organisaatio<\/span> <span class=\"NormalTextRun SpellingErrorV2Themed SCXW238831149 BCX0\">ongelma<\/span><span class=\"NormalTextRun SpellingErrorV2Themed SCXW238831149 BCX0\">paikat<\/span> <span class=\"NormalTextRun SpellingErrorV2Themed SCXW238831149 BCX0\">objektiivisemmin<\/span><span class=\"NormalTextRun SCXW238831149 BCX0\">. <\/span><span class=\"NormalTextRun SpellingErrorV2Themed SCXW238831149 BCX0\">T\u00e4m\u00e4<\/span> <span class=\"NormalTextRun SpellingErrorV2Themed SCXW238831149 BCX0\">tukee<\/span> <span class=\"NormalTextRun SpellingErrorV2Themed SCXW238831149 BCX0\">johto<\/span><span class=\"NormalTextRun SCXW238831149 BCX0\"> ja <\/span><span class=\"NormalTextRun SpellingErrorV2Themed SCXW238831149 BCX0\">auttaa<\/span> <span class=\"NormalTextRun SpellingErrorV2Themed SCXW238831149 BCX0\">l\u00f6yt\u00e4\u00e4<\/span> <span class=\"NormalTextRun SpellingErrorV2Themed SCXW238831149 BCX0\">ratkaisut<\/span><span class=\"NormalTextRun SCXW238831149 BCX0\">, <\/span><span class=\"NormalTextRun SpellingErrorV2Themed SCXW238831149 BCX0\">mit\u00e4<\/span> <span class=\"NormalTextRun SpellingErrorV2Themed SCXW238831149 BCX0\">sis\u00e4inen<\/span><span class=\"NormalTextRun SCXW238831149 BCX0\"> ei <\/span><span class=\"NormalTextRun SpellingErrorV2Themed SCXW238831149 BCX0\">k\u00e4ytett\u00e4v\u00e4ksi<\/span> <span class=\"NormalTextRun SpellingErrorV2Themed SCXW238831149 BCX0\">huomata<\/span><span class=\"NormalTextRun SCXW238831149 BCX0\">.<\/span><\/span><\/p>\n<\/div>\n<\/div>\n\n\t\t<\/div>\n\t\t\t\t\t<\/div>\n\n\t\n\n\t<div id=\"col-2083032825\" class=\"col medium-8 small-12 large-8\"  >\n\t\t\t\t<div class=\"col-inner\"  >\n\t\t\t\n\t\t\t\n\n<div class=\"elementor-element elementor-element-21019d6d elementor-widget elementor-widget-heading\" data-id=\"21019d6d\" data-element_type=\"widget\" data-widget_type=\"heading.default\">\n<div class=\"elementor-widget-container\">\n<h2 class=\"elementor-heading-title elementor-size-default\"><strong>Rekrytointipalvelu<\/strong>:<\/h2>\n<\/div>\n<\/div>\n<div class=\"elementor-element elementor-element-2ee69d11 color-scheme-inherit text-left elementor-widget elementor-widget-text-editor\" data-id=\"2ee69d11\" data-element_type=\"widget\" data-widget_type=\"text-editor.default\">\n<div class=\"elementor-widget-container\">\n<ul>\n<li data-leveltext=\"\uf0b7\" data-font=\"Symbol\" data-listid=\"4\" data-list-defn-props=\"{&quot;335552541&quot;:1,&quot;335559685&quot;:720,&quot;335559991&quot;:360,&quot;469769226&quot;:&quot;Symbol&quot;,&quot;469769242&quot;:&#091;8226&#093;,&quot;469777803&quot;:&quot;left&quot;,&quot;469777804&quot;:&quot;\uf0b7&quot;,&quot;469777815&quot;:&quot;multilevel&quot;}\" aria-setsize=\"-1\" data-aria-posinset=\"1\" data-aria-level=\"1\"><span data-contrast=\"auto\">Rekrytointiprosessin suunnittelu ja organisointi<\/span><span data-ccp-props=\"{}\">\u00a0<\/span><\/li>\n<\/ul>\n<ul>\n<li data-leveltext=\"\uf0b7\" data-font=\"Symbol\" data-listid=\"4\" data-list-defn-props=\"{&quot;335552541&quot;:1,&quot;335559685&quot;:720,&quot;335559991&quot;:360,&quot;469769226&quot;:&quot;Symbol&quot;,&quot;469769242&quot;:&#091;8226&#093;,&quot;469777803&quot;:&quot;left&quot;,&quot;469777804&quot;:&quot;\uf0b7&quot;,&quot;469777815&quot;:&quot;multilevel&quot;}\" aria-setsize=\"-1\" data-aria-posinset=\"2\" data-aria-level=\"1\"><span data-contrast=\"auto\">Ty\u00f6paikkailmoituksen luominen ja ehdokkaiden arviointi<\/span><span data-ccp-props=\"{}\">\u00a0<\/span><\/li>\n<\/ul>\n<ul>\n<li data-leveltext=\"\uf0b7\" data-font=\"Symbol\" data-listid=\"4\" data-list-defn-props=\"{&quot;335552541&quot;:1,&quot;335559685&quot;:720,&quot;335559991&quot;:360,&quot;469769226&quot;:&quot;Symbol&quot;,&quot;469769242&quot;:&#091;8226&#093;,&quot;469777803&quot;:&quot;left&quot;,&quot;469777804&quot;:&quot;\uf0b7&quot;,&quot;469777815&quot;:&quot;multilevel&quot;}\" aria-setsize=\"-1\" data-aria-posinset=\"3\" data-aria-level=\"1\"><span data-contrast=\"auto\">Haastattelujen tekeminen ja palautteen antaminen<\/span><span data-ccp-props=\"{}\">\u00a0<\/span><\/li>\n<\/ul>\n<ul>\n<li data-leveltext=\"\uf0b7\" data-font=\"Symbol\" data-listid=\"4\" data-list-defn-props=\"{&quot;335552541&quot;:1,&quot;335559685&quot;:720,&quot;335559991&quot;:360,&quot;469769226&quot;:&quot;Symbol&quot;,&quot;469769242&quot;:&#091;8226&#093;,&quot;469777803&quot;:&quot;left&quot;,&quot;469777804&quot;:&quot;\uf0b7&quot;,&quot;469777815&quot;:&quot;multilevel&quot;}\" aria-setsize=\"-1\" data-aria-posinset=\"4\" data-aria-level=\"1\"><i><span data-contrast=\"auto\">Perehdytys<\/span><\/i><span data-contrast=\"auto\"> (Ty\u00f6ntekij\u00f6iden perehdytysprosessi) rakentaminen tai modernisointi<\/span><span data-ccp-props=\"{}\">\u00a0<\/span><\/li>\n<\/ul>\n<h2 class=\"lead\"><b><span data-contrast=\"auto\">Ty\u00f6ymp\u00e4rist\u00f6konsultointi<\/span><\/b><span data-ccp-props=\"{}\">\u00a0<\/span><\/h2>\n<ul>\n<li data-leveltext=\"\uf0b7\" data-font=\"Symbol\" data-listid=\"5\" data-list-defn-props=\"{&quot;335552541&quot;:1,&quot;335559685&quot;:720,&quot;335559991&quot;:360,&quot;469769226&quot;:&quot;Symbol&quot;,&quot;469769242&quot;:&#091;8226&#093;,&quot;469777803&quot;:&quot;left&quot;,&quot;469777804&quot;:&quot;\uf0b7&quot;,&quot;469777815&quot;:&quot;multilevel&quot;}\" aria-setsize=\"-1\" data-aria-posinset=\"1\" data-aria-level=\"1\"><span data-contrast=\"auto\">Ty\u00f6organisaation ja prosessien kartoittaminen ja parantaminen<\/span><span data-ccp-props=\"{}\">\u00a0<\/span><\/li>\n<\/ul>\n<ul>\n<li data-leveltext=\"\uf0b7\" data-font=\"Symbol\" data-listid=\"5\" data-list-defn-props=\"{&quot;335552541&quot;:1,&quot;335559685&quot;:720,&quot;335559991&quot;:360,&quot;469769226&quot;:&quot;Symbol&quot;,&quot;469769242&quot;:&#091;8226&#093;,&quot;469777803&quot;:&quot;left&quot;,&quot;469777804&quot;:&quot;\uf0b7&quot;,&quot;469777815&quot;:&quot;multilevel&quot;}\" aria-setsize=\"-1\" data-aria-posinset=\"2\" data-aria-level=\"1\"><span data-contrast=\"auto\">Ty\u00f6ntekij\u00f6iden tyytyv\u00e4isyyden ja hyvinvoinnin arviointiprosessin rakentaminen ja konsultointi<\/span><span data-ccp-props=\"{}\">\u00a0<\/span><\/li>\n<\/ul>\n<ul>\n<li data-leveltext=\"\uf0b7\" data-font=\"Symbol\" data-listid=\"5\" data-list-defn-props=\"{&quot;335552541&quot;:1,&quot;335559685&quot;:720,&quot;335559991&quot;:360,&quot;469769226&quot;:&quot;Symbol&quot;,&quot;469769242&quot;:&#091;8226&#093;,&quot;469777803&quot;:&quot;left&quot;,&quot;469777804&quot;:&quot;\uf0b7&quot;,&quot;469777815&quot;:&quot;multilevel&quot;}\" aria-setsize=\"-1\" data-aria-posinset=\"3\" data-aria-level=\"1\"><span data-contrast=\"auto\">Ty\u00f6ntekij\u00f6iden sitouttamisstrategiat<\/span><span data-ccp-props=\"{}\">\u00a0<\/span><\/li>\n<\/ul>\n<ul>\n<li data-leveltext=\"\uf0b7\" data-font=\"Symbol\" data-listid=\"5\" data-list-defn-props=\"{&quot;335552541&quot;:1,&quot;335559685&quot;:720,&quot;335559991&quot;:360,&quot;469769226&quot;:&quot;Symbol&quot;,&quot;469769242&quot;:&#091;8226&#093;,&quot;469777803&quot;:&quot;left&quot;,&quot;469777804&quot;:&quot;\uf0b7&quot;,&quot;469777815&quot;:&quot;multilevel&quot;}\" aria-setsize=\"-1\" data-aria-posinset=\"4\" data-aria-level=\"1\"><span data-contrast=\"auto\">Johdon konsultointi\u00a0<\/span><span data-ccp-props=\"{}\">\u00a0<\/span><\/li>\n<\/ul>\n<h2 class=\"lead\"><b><span data-contrast=\"auto\">Ty\u00f6turvallisuuskonsultointi toimistoty\u00f6ymp\u00e4rist\u00f6ihin<\/span><\/b><span data-ccp-props=\"{}\">\u00a0<\/span><\/h2>\n<ul>\n<li data-leveltext=\"\uf0b7\" data-font=\"Symbol\" data-listid=\"6\" data-list-defn-props=\"{&quot;335552541&quot;:1,&quot;335559685&quot;:720,&quot;335559991&quot;:360,&quot;469769226&quot;:&quot;Symbol&quot;,&quot;469769242&quot;:&#091;8226&#093;,&quot;469777803&quot;:&quot;left&quot;,&quot;469777804&quot;:&quot;\uf0b7&quot;,&quot;469777815&quot;:&quot;multilevel&quot;}\" aria-setsize=\"-1\" data-aria-posinset=\"1\" data-aria-level=\"1\"><span data-contrast=\"auto\">Ty\u00f6turvallisuusvaatimusten kartoitus ja k\u00e4ytt\u00f6\u00f6notto<\/span><span data-ccp-props=\"{}\">\u00a0<\/span><\/li>\n<\/ul>\n<ul>\n<li data-leveltext=\"\uf0b7\" data-font=\"Symbol\" data-listid=\"6\" data-list-defn-props=\"{&quot;335552541&quot;:1,&quot;335559685&quot;:720,&quot;335559991&quot;:360,&quot;469769226&quot;:&quot;Symbol&quot;,&quot;469769242&quot;:&#091;8226&#093;,&quot;469777803&quot;:&quot;left&quot;,&quot;469777804&quot;:&quot;\uf0b7&quot;,&quot;469777815&quot;:&quot;multilevel&quot;}\" aria-setsize=\"-1\" data-aria-posinset=\"2\" data-aria-level=\"1\"><span data-contrast=\"auto\">Ty\u00f6ymp\u00e4rist\u00f6n riskianalyysin suorittaminen<\/span><span data-ccp-props=\"{}\">\u00a0<\/span><\/li>\n<\/ul>\n<ul>\n<li data-leveltext=\"\uf0b7\" data-font=\"Symbol\" data-listid=\"6\" data-list-defn-props=\"{&quot;335552541&quot;:1,&quot;335559685&quot;:720,&quot;335559991&quot;:360,&quot;469769226&quot;:&quot;Symbol&quot;,&quot;469769242&quot;:&#091;8226&#093;,&quot;469777803&quot;:&quot;left&quot;,&quot;469777804&quot;:&quot;\uf0b7&quot;,&quot;469777815&quot;:&quot;multilevel&quot;}\" aria-setsize=\"-1\" data-aria-posinset=\"3\" data-aria-level=\"1\"><span data-contrast=\"auto\">Ty\u00f6turvallisuus- ja ty\u00f6terveyskoulutus ja -ohjaus<\/span><span data-ccp-props=\"{}\">\u00a0<\/span><\/li>\n<\/ul>\n<ul>\n<li data-leveltext=\"\uf0b7\" data-font=\"Symbol\" data-listid=\"6\" data-list-defn-props=\"{&quot;335552541&quot;:1,&quot;335559685&quot;:720,&quot;335559991&quot;:360,&quot;469769226&quot;:&quot;Symbol&quot;,&quot;469769242&quot;:&#091;8226&#093;,&quot;469777803&quot;:&quot;left&quot;,&quot;469777804&quot;:&quot;\uf0b7&quot;,&quot;469777815&quot;:&quot;multilevel&quot;}\" aria-setsize=\"-1\" data-aria-posinset=\"4\" data-aria-level=\"1\"><span data-contrast=\"auto\">Dokumentaation valmistelu ja yll\u00e4pito<\/span><span data-ccp-props=\"{}\">\u00a0<\/span><\/li>\n<\/ul>\n<\/div>\n<\/div>\n\n\t\t<\/div>\n\t\t\t\t\t<\/div>\n\n\t\n\n\t<div id=\"col-1659162102\" class=\"col medium-4 small-12 large-4\"  >\n\t\t\t\t<div class=\"col-inner\"  >\n\t\t\t\n\t\t\t\n\n\t<div class=\"img has-hover x md-x lg-x y md-y lg-y\" id=\"image_2077467872\">\n\t\t\t\t\t\t\t\t<div class=\"img-inner dark\" >\n\t\t\t<img loading=\"lazy\" decoding=\"async\" width=\"720\" height=\"480\" src=\"https:\/\/grow.ee\/wp-content\/uploads\/2024\/05\/GROW-rmp-teenus-720x480.jpg\" class=\"attachment-large size-large\" alt=\"\" srcset=\"https:\/\/grow.ee\/wp-content\/uploads\/2024\/05\/GROW-rmp-teenus-720x480.jpg 720w, https:\/\/grow.ee\/wp-content\/uploads\/2024\/05\/GROW-rmp-teenus-300x200.jpg 300w, https:\/\/grow.ee\/wp-content\/uploads\/2024\/05\/GROW-rmp-teenus-768x512.jpg 768w, https:\/\/grow.ee\/wp-content\/uploads\/2024\/05\/GROW-rmp-teenus-1536x1025.jpg 1536w, https:\/\/grow.ee\/wp-content\/uploads\/2024\/05\/GROW-rmp-teenus-2048x1366.jpg 2048w, https:\/\/grow.ee\/wp-content\/uploads\/2024\/05\/GROW-rmp-teenus-18x12.jpg 18w\" sizes=\"auto, (max-width: 720px) 100vw, 720px\" \/>\t\t\t\t\t\t\n\t\t\t\t\t<\/div>\n\t\t\t\t\t\t\t\t\n<style>\n#image_2077467872 {\n  width: 100%;\n}\n<\/style>\n\t<\/div>\n\t\n\n\t<div class=\"img has-hover x md-x lg-x y md-y lg-y\" id=\"image_1324795004\">\n\t\t\t\t\t\t\t\t<div class=\"img-inner dark\" >\n\t\t\t<img loading=\"lazy\" decoding=\"async\" width=\"240\" height=\"241\" src=\"https:\/\/grow.ee\/wp-content\/uploads\/2025\/05\/pare-kutsemargis-5-eng.png\" class=\"attachment-medium size-medium\" alt=\"\" srcset=\"https:\/\/grow.ee\/wp-content\/uploads\/2025\/05\/pare-kutsemargis-5-eng.png 240w, https:\/\/grow.ee\/wp-content\/uploads\/2025\/05\/pare-kutsemargis-5-eng-150x150.png 150w, https:\/\/grow.ee\/wp-content\/uploads\/2025\/05\/pare-kutsemargis-5-eng-12x12.png 12w\" sizes=\"auto, (max-width: 240px) 100vw, 240px\" \/>\t\t\t\t\t\t\n\t\t\t\t\t<\/div>\n\t\t\t\t\t\t\t\t\n<style>\n#image_1324795004 {\n  width: 65%;\n}\n<\/style>\n\t<\/div>\n\t\n\n\n\t\t<\/div>\n\t\t\t\t\t<\/div>\n\n\t\n\n<\/div>\n<div class=\"row\"  id=\"row-1101409639\">\n\n\n\t<div id=\"col-1936649741\" class=\"col small-12 large-12\"  >\n\t\t\t\t<div class=\"col-inner\"  >\n\t\t\t\n\t\t\t\n\n<div class=\"message-box relative dark\" style=\"padding-top:15px;padding-bottom:15px;\"><div class=\"message-box-bg-image bg-fill fill\" ><\/div><div class=\"message-box-bg-overlay bg-fill fill\" style=\"background-color:rgb(27, 26, 70);\"><\/div><div class=\"container relative\"><div class=\"inner last-reset\">\n\n<div class=\"row align-middle align-center\"  id=\"row-880715146\">\n\n\n\t<div id=\"col-1236761142\" class=\"col medium-9 small-12 large-9\"  >\n\t\t\t\t<div class=\"col-inner\"  >\n\t\t\t\n\t\t\t\n\n<h2>Tarvitsetko henkil\u00f6st\u00f6palveluita?<\/h2>\n\n\t\t<\/div>\n\t\t\t\t\t<\/div>\n\n\t\n\n\t<div id=\"col-1228059835\" class=\"col medium-3 small-12 large-3\"  >\n\t\t\t\t<div class=\"col-inner text-center\"  >\n\t\t\t\n\t\t\t\n\n<a href=\"https:\/\/grow.ee\/fi\/kasvattaa-yhteytta\/\" class=\"button alert is-shade\" style=\"border-radius:8px;padding:0px 10px 0px 10px;\">\n\t\t<span>OTA YHTEYTT\u00c4 YHTEIS\u00d6\u00d6N<\/span>\n\t<\/a>\n\n\n\n\t\t<\/div>\n\t\t\t\t\n<style>\n#col-1228059835 > .col-inner {\n  padding: 0px 0px 0px 0px;\n  margin: 10px 0px 0px 0px;\n}\n<\/style>\n\t<\/div>\n\n\t\n\n<\/div>\n\n<\/div><\/div><\/div>\n\n\t\t<\/div>\n\t\t\t\t\t<\/div>\n\n\t\n\n<\/div>","protected":false},"excerpt":{"rendered":"","protected":false},"author":24,"featured_media":0,"parent":9004,"menu_order":0,"comment_status":"closed","ping_status":"closed","template":"page-blank.php","meta":{"footnotes":""},"class_list":["post-14780","page","type-page","status-publish","hentry"],"_links":{"self":[{"href":"https:\/\/grow.ee\/fi\/wp-json\/wp\/v2\/pages\/14780","targetHints":{"allow":["GET"]}}],"collection":[{"href":"https:\/\/grow.ee\/fi\/wp-json\/wp\/v2\/pages"}],"about":[{"href":"https:\/\/grow.ee\/fi\/wp-json\/wp\/v2\/types\/page"}],"author":[{"embeddable":true,"href":"https:\/\/grow.ee\/fi\/wp-json\/wp\/v2\/users\/24"}],"replies":[{"embeddable":true,"href":"https:\/\/grow.ee\/fi\/wp-json\/wp\/v2\/comments?post=14780"}],"version-history":[{"count":4,"href":"https:\/\/grow.ee\/fi\/wp-json\/wp\/v2\/pages\/14780\/revisions"}],"predecessor-version":[{"id":14819,"href":"https:\/\/grow.ee\/fi\/wp-json\/wp\/v2\/pages\/14780\/revisions\/14819"}],"up":[{"embeddable":true,"href":"https:\/\/grow.ee\/fi\/wp-json\/wp\/v2\/pages\/9004"}],"wp:attachment":[{"href":"https:\/\/grow.ee\/fi\/wp-json\/wp\/v2\/media?parent=14780"}],"curies":[{"name":"wp","href":"https:\/\/api.w.org\/{rel}","templated":true}]}}