{"id":14748,"date":"2025-04-01T16:49:46","date_gmt":"2025-04-01T13:49:46","guid":{"rendered":"https:\/\/grow.ee\/?page_id=14748"},"modified":"2025-12-19T14:30:20","modified_gmt":"2025-12-19T11:30:20","slug":"palkanlaskenta","status":"publish","type":"page","link":"https:\/\/grow.ee\/fi\/teenused\/palgaarvestused\/","title":{"rendered":"Palkanlaskenta"},"content":{"rendered":"<div class=\"banner has-hover\" id=\"banner-1857116982\">\n          <div class=\"banner-inner fill\">\n        <div class=\"banner-bg fill\" >\n            <img loading=\"lazy\" decoding=\"async\" width=\"720\" height=\"403\" src=\"https:\/\/grow.ee\/wp-content\/uploads\/2024\/05\/Digitaalne-raamatupidamine-Grow-2-720x403.webp\" class=\"bg attachment-large size-large\" alt=\"\" \/>                        <div class=\"overlay\"><\/div>            \n                    <\/div>\n\t\t\n        <div class=\"banner-layers container\">\n            <div class=\"fill banner-link\"><\/div>            \n\n   <div id=\"text-box-1302909111\" class=\"text-box banner-layer x50 md-x50 lg-x50 y50 md-y50 lg-y50 res-text\">\n                                <div class=\"text-box-content text dark\">\n              \n              <div class=\"text-inner text-center\">\n                  \n\n<h3 class=\"uppercase\"><strong><span style=\"color: #1b1a46;\">PALKANLASKENTA TUO MIELENRAUHAA<\/span><\/strong><\/h3>\n<p><span style=\"color: #57595d; font-size: 120%;\">Palkanlaskenta on kriittinen ja dynaaminen prosessi, joka vaatii jatkuvaa lainmuutosten seuraamista, jotta yrityksen sujuva toiminta ja ty\u00f6ntekij\u00f6iden tyytyv\u00e4isyys voidaan varmistaa<\/span><\/p>\n<a href=\"https:\/\/grow.ee\/fi\/arsyttava-tarjous-palkanlaskennasta\/\" class=\"button alert is-shade\" style=\"border-radius:8px;\">\n\t\t<span>L\u00c4HET\u00c4 HAKEMUS<\/span>\n\t<\/a>\n\n\n\n              <\/div>\n           <\/div>\n                            \n<style>\n#text-box-1302909111 {\n  margin: 0px 0px 0px 0px;\n  width: 60%;\n}\n#text-box-1302909111 .text-box-content {\n  background-color: rgba(255, 255, 255, 0.884);\n  border-radius: 10px;\n  font-size: 100%;\n}\n#text-box-1302909111 .text-inner {\n  padding: 5px 15px 5px 15px;\n}\n<\/style>\n    <\/div>\n \n\n        <\/div>\n      <\/div>\n\n            \n<style>\n#banner-1857116982 {\n  padding-top: 500px;\n}\n#banner-1857116982 .overlay {\n  background-color: rgba(0, 0, 0, 0.17);\n}\n<\/style>\n  <\/div>\n\n\n<div class=\"row\"  id=\"row-780446663\">\n\n\n\t<div id=\"col-704554661\" class=\"col small-12 large-12\"  >\n\t\t\t\t<div class=\"col-inner\"  >\n\t\t\t\n\t\t\t\n\n<div class=\"elementor-element elementor-element-6eceeed0 elementor-widget elementor-widget-heading\" data-id=\"6eceeed0\" data-element_type=\"widget\" data-widget_type=\"heading.default\">\n<div class=\"elementor-widget-container\">\n<h2 class=\"elementor-heading-title elementor-size-default\">Miksi valita Grow palkanlaskentaan?<\/h2>\n<\/div>\n<\/div>\n<div class=\"elementor-element elementor-element-133353b6 color-scheme-inherit text-left elementor-widget elementor-widget-text-editor\" data-id=\"133353b6\" data-element_type=\"widget\" data-widget_type=\"text-editor.default\">\n<div class=\"elementor-widget-container\">\n<p>Ulkoisten kumppaneiden valinta palkanlaskentaan tarkoittaa, ett\u00e4 voit aina k\u00e4ytt\u00e4\u00e4 nykyaikaista palkanlaskentaohjelmistoa, olla varma oikea-aikaisesta ja tarkasta palvelusta, henkil\u00f6tietojen lainmukaisesta k\u00e4sittelyst\u00e4, tietojen luottamuksellisuudesta ja laillisuuteen perustuvasta palvelusta.<\/p>\n<\/div>\n<\/div>\n\n\t\t<\/div>\n\t\t\t\t\t<\/div>\n\n\t\n\n\t<div id=\"col-229069822\" class=\"col medium-6 small-12 large-6\"  >\n\t\t\t\t<div class=\"col-inner\" style=\"background-color:rgb(232, 237, 244);\" >\n\t\t\t\n\t<div class=\"is-border\"\n\t\tstyle=\"border-color:rgb(210, 35, 42);border-radius:8px;border-width:0px 0px 0px 5px;\">\n\t<\/div>\n\t\t\t\n\n<div class=\"elementor-element elementor-element-75071d77 elementor-widget elementor-widget-heading\" data-id=\"75071d77\" data-element_type=\"widget\" data-widget_type=\"heading.default\">\n<div class=\"elementor-widget-container\">\n<h3 class=\"elementor-heading-title elementor-size-default\" style=\"text-align: center;\">Palkanlaskennan muutosten seuraaminen<\/h3>\n<hr \/>\n<\/div>\n<\/div>\n<div class=\"elementor-element elementor-element-100d8bd4 color-scheme-inherit text-left elementor-widget elementor-widget-text-editor\" data-id=\"100d8bd4\" data-element_type=\"widget\" data-widget_type=\"text-editor.default\">\n<div class=\"elementor-widget-container\">\n<p>Palkanlaskenta on yksi monimutkaisimmista kirjanpitoprosesseista, koska siihen liittyy erilaisten lainmuutosten ja prosessip\u00e4ivitysten lis\u00e4ksi my\u00f6s erilaisia palkitsemismuotoja, jotka sinun tulee tuntea.<\/p>\n<\/div>\n<\/div>\n\n\t\t<\/div>\n\t\t\t\t\n<style>\n#col-229069822 > .col-inner {\n  padding: 5px 15px 5px 15px;\n}\n<\/style>\n\t<\/div>\n\n\t\n\n\t<div id=\"col-1639897890\" class=\"col medium-6 small-12 large-6\"  >\n\t\t\t\t<div class=\"col-inner\" style=\"background-color:rgb(232, 237, 244);\" >\n\t\t\t\n\t<div class=\"is-border\"\n\t\tstyle=\"border-color:rgb(210, 35, 42);border-radius:8px;border-width:0px 5px 0px 0px;\">\n\t<\/div>\n\t\t\t\n\n<div class=\"elementor-element elementor-element-75071d77 elementor-widget elementor-widget-heading\" data-id=\"75071d77\" data-element_type=\"widget\" data-widget_type=\"heading.default\">\n<div class=\"elementor-widget-container\">\n<h2 class=\"elementor-heading-title elementor-size-default\" style=\"text-align: center;\">Ammattilainen palkanlaskentaohjelmisto<\/h2>\n<hr \/>\n<\/div>\n<\/div>\n<div class=\"elementor-element elementor-element-100d8bd4 color-scheme-inherit text-left elementor-widget elementor-widget-text-editor\" data-id=\"100d8bd4\" data-element_type=\"widget\" data-widget_type=\"text-editor.default\">\n<div class=\"elementor-widget-container\">\n<p>K\u00e4yt\u00e4mme erilaisia ohjelmistoja, kuten Navision (Palk365), Directo, SAF, Merit Palk, Scala, Taavi, Persoona jne. Lopullinen valinta tehd\u00e4\u00e4n asiakkaan toiveiden ja tarpeiden mukaan.<\/p>\n<\/div>\n<\/div>\n\n\t\t<\/div>\n\t\t\t\t\n<style>\n#col-1639897890 > .col-inner {\n  padding: 5px 15px 5px 15px;\n}\n<\/style>\n\t<\/div>\n\n\t\n\n\t<div id=\"col-186039802\" class=\"col small-12 large-12\"  >\n\t\t\t\t<div class=\"col-inner\"  >\n\t\t\t\n\t\t\t\n\n<div class=\"message-box relative dark\" style=\"padding-top:15px;padding-bottom:15px;\"><div class=\"message-box-bg-image bg-fill fill\" ><\/div><div class=\"message-box-bg-overlay bg-fill fill\" style=\"background-color:rgb(27, 26, 70);\"><\/div><div class=\"container relative\"><div class=\"inner last-reset\">\n\n<div class=\"row align-middle align-center\"  id=\"row-129721745\">\n\n\n\t<div id=\"col-560862917\" class=\"col medium-9 small-12 large-9\"  >\n\t\t\t\t<div class=\"col-inner\"  >\n\t\t\t\n\t\t\t\n\n<h2>Keskustele talousasiantuntijamme kanssa<\/h2>\n\n\t\t<\/div>\n\t\t\t\t\t<\/div>\n\n\t\n\n\t<div id=\"col-1226673450\" class=\"col medium-3 small-12 large-3\"  >\n\t\t\t\t<div class=\"col-inner text-right\"  >\n\t\t\t\n\t\t\t\n\n<a href=\"https:\/\/grow.ee\/fi\/ota-meihin-yhteytta\/\" class=\"button alert is-shade\" style=\"border-radius:8px;padding:0px 10px 0px 10px;\">\n\t\t<span>OTA YHTEYTT\u00c4 YHTEIS\u00d6\u00d6N<\/span>\n\t<\/a>\n\n\n\n\t\t<\/div>\n\t\t\t\t\n<style>\n#col-1226673450 > .col-inner {\n  padding: 0px 0px 0px 0px;\n  margin: 10px 0px 0px 0px;\n}\n<\/style>\n\t<\/div>\n\n\t\n\n<\/div>\n\n<\/div><\/div><\/div>\n\n\t\t<\/div>\n\t\t\t\t\t<\/div>\n\n\t\n\n\t<div id=\"col-1983374668\" class=\"col medium-8 small-12 large-8\"  >\n\t\t\t\t<div class=\"col-inner\"  >\n\t\t\t\n\t\t\t\n\n<div class=\"elementor-element elementor-element-21019d6d elementor-widget elementor-widget-heading\" data-id=\"21019d6d\" data-element_type=\"widget\" data-widget_type=\"heading.default\">\n<div class=\"elementor-widget-container\">\n<h2 class=\"elementor-heading-title elementor-size-default\">Mit\u00e4 toimiston palkanlaskenta sis\u00e4lt\u00e4\u00e4?<\/h2>\n<\/div>\n<\/div>\n<div class=\"elementor-element elementor-element-2ee69d11 color-scheme-inherit text-left elementor-widget elementor-widget-text-editor\" data-id=\"2ee69d11\" data-element_type=\"widget\" data-widget_type=\"text-editor.default\">\n<div class=\"elementor-widget-container\">\n<p>Palkan ja palkkioiden laskennan ja oikeudellisten muutosten seuraamisen lis\u00e4ksi palkanlaskentapalvelu koostuu erilaisista prosesseista.\u00a0<\/p>\n<p><strong>Alla muutamia esimerkkej\u00e4:\u00a0<\/strong><\/p>\n<ul class=\"elementor-icon-list-items\">\n<li class=\"elementor-icon-list-item\"><span class=\"elementor-icon-list-text\">Kuukausipalkanlaskenta sek\u00e4 lis\u00e4korvausten, bonusten ja lopputilien laskenta;<\/span><\/li>\n<li class=\"elementor-icon-list-item\"><i class=\"fas fa-check-circle\" aria-hidden=\"true\"><\/i><span class=\"elementor-icon-list-text\">Palkkalaskelmien l\u00e4hett\u00e4minen ty\u00f6ntekij\u00f6ille;<\/span><\/li>\n<li class=\"elementor-icon-list-item\"><i class=\"fas fa-check-circle\" aria-hidden=\"true\"><\/i><span class=\"elementor-icon-list-text\">Ty\u00f6ntekij\u00f6iden rekister\u00f6inti Viron Verohallinnossa;<\/span><\/li>\n<li class=\"elementor-icon-list-item\"><i class=\"fas fa-check-circle\" aria-hidden=\"true\"><\/i><span class=\"elementor-icon-list-text\">Kolmannen pilarin maksujen valmistelu;<\/span><\/li>\n<li class=\"elementor-icon-list-item\"><i class=\"fas fa-check-circle\" aria-hidden=\"true\"><\/i><span class=\"elementor-icon-list-text\">Loma-ajan palkan ja erilaisten korvausten sek\u00e4 lis\u00e4korvausten laskenta;<\/span><\/li>\n<li class=\"elementor-icon-list-item\"><i class=\"fas fa-check-circle\" aria-hidden=\"true\"><\/i><span class=\"elementor-icon-list-text\">Lomap\u00e4ivien laskeminen ja seuraaminen;<\/span><\/li>\n<li class=\"elementor-icon-list-item\"><i class=\"fas fa-check-circle\" aria-hidden=\"true\"><\/i><span class=\"elementor-icon-list-text\">Ty\u00f6aikataulujen tarkistaminen;<\/span><\/li>\n<li class=\"elementor-icon-list-item\"><i class=\"fas fa-check-circle\" aria-hidden=\"true\"><\/i><span class=\"elementor-icon-list-text\">Raporttien valmistelu ja toimittaminen;<\/span><\/li>\n<li class=\"elementor-icon-list-item\"><i class=\"fas fa-check-circle\" aria-hidden=\"true\"><\/i><span class=\"elementor-icon-list-text\">Ammattilainen palkanlaskentaohjelmisto;<\/span><\/li>\n<li class=\"elementor-icon-list-item\"><i class=\"fas fa-check-circle\" aria-hidden=\"true\"><\/i><span class=\"elementor-icon-list-text\">Ty\u00f6sopimusten valmistelu;<\/span><\/li>\n<li class=\"elementor-icon-list-item\"><i class=\"fas fa-check-circle\" aria-hidden=\"true\"><\/i><span class=\"elementor-icon-list-text\">Neuvonta verotukseen ja henkil\u00f6st\u00f6asioihin liittyviss\u00e4 kysymyksiss\u00e4;<\/span><\/li>\n<li class=\"elementor-icon-list-item\"><i class=\"fas fa-check-circle\" aria-hidden=\"true\"><\/i><span class=\"elementor-icon-list-text\">Muut teht\u00e4v\u00e4t, jotka ovat asiakkaalle erityisi\u00e4.<\/span><\/li>\n<\/ul>\n<\/div>\n<\/div>\n\n\t\t<\/div>\n\t\t\t\t\t<\/div>\n\n\t\n\n\t<div id=\"col-1270788459\" class=\"col medium-4 small-12 large-4\"  >\n\t\t\t\t<div class=\"col-inner\"  >\n\t\t\t\n\t\t\t\n\n\t<div class=\"img has-hover x md-x lg-x y md-y lg-y\" id=\"image_1411701189\">\n\t\t\t\t\t\t\t\t<div class=\"img-inner dark\" >\n\t\t\t<img loading=\"lazy\" decoding=\"async\" width=\"475\" height=\"848\" src=\"https:\/\/grow.ee\/wp-content\/uploads\/2024\/05\/Palgaarvestus.webp\" class=\"attachment-original size-original\" alt=\"\" srcset=\"https:\/\/grow.ee\/wp-content\/uploads\/2024\/05\/Palgaarvestus.webp 475w, https:\/\/grow.ee\/wp-content\/uploads\/2024\/05\/Palgaarvestus-168x300.webp 168w, https:\/\/grow.ee\/wp-content\/uploads\/2024\/05\/Palgaarvestus-403x720.webp 403w\" sizes=\"auto, (max-width: 475px) 100vw, 475px\" \/>\t\t\t\t\t\t\n\t\t\t\t\t<\/div>\n\t\t\t\t\t\t\t\t\n<style>\n#image_1411701189 {\n  width: 100%;\n}\n<\/style>\n\t<\/div>\n\t\n\n\n\t\t<\/div>\n\t\t\t\t\t<\/div>\n\n\t\n\n<\/div>","protected":false},"excerpt":{"rendered":"","protected":false},"author":24,"featured_media":0,"parent":9004,"menu_order":0,"comment_status":"closed","ping_status":"closed","template":"page-blank.php","meta":{"footnotes":""},"class_list":["post-14748","page","type-page","status-publish","hentry"],"_links":{"self":[{"href":"https:\/\/grow.ee\/fi\/wp-json\/wp\/v2\/pages\/14748","targetHints":{"allow":["GET"]}}],"collection":[{"href":"https:\/\/grow.ee\/fi\/wp-json\/wp\/v2\/pages"}],"about":[{"href":"https:\/\/grow.ee\/fi\/wp-json\/wp\/v2\/types\/page"}],"author":[{"embeddable":true,"href":"https:\/\/grow.ee\/fi\/wp-json\/wp\/v2\/users\/24"}],"replies":[{"embeddable":true,"href":"https:\/\/grow.ee\/fi\/wp-json\/wp\/v2\/comments?post=14748"}],"version-history":[{"count":5,"href":"https:\/\/grow.ee\/fi\/wp-json\/wp\/v2\/pages\/14748\/revisions"}],"predecessor-version":[{"id":15107,"href":"https:\/\/grow.ee\/fi\/wp-json\/wp\/v2\/pages\/14748\/revisions\/15107"}],"up":[{"embeddable":true,"href":"https:\/\/grow.ee\/fi\/wp-json\/wp\/v2\/pages\/9004"}],"wp:attachment":[{"href":"https:\/\/grow.ee\/fi\/wp-json\/wp\/v2\/media?parent=14748"}],"curies":[{"name":"wp","href":"https:\/\/api.w.org\/{rel}","templated":true}]}}