{"id":14555,"date":"2025-01-02T13:33:51","date_gmt":"2025-01-02T10:33:51","guid":{"rendered":"https:\/\/grow.ee\/?page_id=14555"},"modified":"2025-01-02T13:33:52","modified_gmt":"2025-01-02T10:33:52","slug":"laskun-pakolliset-kentat","status":"publish","type":"page","link":"https:\/\/grow.ee\/fi\/mandatory-fields-of-an-invoice\/","title":{"rendered":"Laskun pakolliset kent\u00e4t"},"content":{"rendered":"<div id=\"page-header-768626774\" class=\"page-header-wrapper\">\n  <div class=\"page-title dark featured-title\">\n\n        <div class=\"page-title-bg\">\n      <div class=\"title-bg fill bg-fill\"\n        data-parallax-container=\".page-title\"\n        data-parallax-background\n data-parallax=\"-\">\n      <\/div>\n      <div class=\"title-overlay fill\"><\/div>\n    <\/div>\n    \n    <div class=\"page-title-inner container align-center text-center flex-row-col medium-flex-wrap\" >\n            <div class=\"title-content flex-col\">\n        <div class=\"title-breadcrumbs pb-half pt-half\"><\/div>      <\/div>\n    <\/div>\n\n     \n<style>\n#page-header-768626774 .page-title-inner {\n  min-height: 150px;\n}\n#page-header-768626774 .title-bg {\n  background-image: url(https:\/\/grow.ee\/wp-content\/uploads\/2025\/01\/volitused.jpg);\n}\n<\/style>\n  <\/div>\n    <\/div>\n  \n\n\t<div id=\"gap-1420355626\" class=\"gap-element clearfix\" style=\"display:block; height:auto;\">\n\t\t\n<style>\n#gap-1420355626 {\n  padding-top: 30px;\n}\n<\/style>\n\t<\/div>\n\t\n\n<div class=\"row\"  id=\"row-63186607\">\n\n\n\t<div id=\"col-36581278\" class=\"col small-12 large-12\"  >\n\t\t\t\t<div class=\"col-inner\"  >\n\t\t\t\n\t\t\t\n\n<h2>Laskun pakolliset kent\u00e4t<\/h2>\n<p>Laskuilla, jotka eiv\u00e4t sis\u00e4ll\u00e4 v\u00e4hennyskelpoista arvonlis\u00e4veroa, on seuraavat vaatimukset. Kirjanpitolain \u00a7 7 mukaan l\u00e4hdeasiakirjan on sis\u00e4llett\u00e4v\u00e4 seuraavat tiedot (koskee l\u00e4hdeasiakirjoja, joista ei voi v\u00e4hent\u00e4\u00e4 ostoihin sis\u00e4ltyv\u00e4\u00e4 arvonlis\u00e4veroa):<\/p>\n<ul>\n<li>asiakirjan laatimisp\u00e4iv\u00e4m\u00e4\u00e4r\u00e4;<\/li>\n<li>liiketoimen taloudellinen sis\u00e4lt\u00f6;<\/li>\n<li>asiakirjan nimi ja numero;<\/li>\n<li>tapahtumaan liittyv\u00e4t luvut (m\u00e4\u00e4r\u00e4, hinta ja kokonaissumma);<\/li>\n<li>kaupan osapuolten (myyj\u00e4n ja ostajan) tunnistetiedot.<\/li>\n<\/ul>\n<p>Esimerkkej\u00e4 yleisimmist\u00e4 ostoksista:<\/p>\n<ul>\n<li>kuitti myym\u00e4l\u00e4st\u00e4;<\/li>\n<li>kuitti automaattiselta huoltoasemalta;<\/li>\n<li>mobiilisovelluksen kautta maksettu taksimatka;<\/li>\n<li>muita laskuja erilaisista ostoksista.<\/li>\n<\/ul>\n<p>N\u00e4m\u00e4 sis\u00e4lt\u00e4v\u00e4t maksuajankohdan, tapahtuman sis\u00e4ll\u00f6n, summan ja muita viitteit\u00e4, mutta miss\u00e4\u00e4n niist\u00e4 ei ole merkint\u00e4\u00e4 siit\u00e4, kenelle kustannukset kuuluvat (ei ostajan nime\u00e4). Jos yksinkertaistetusta laskusta puuttuu ostajan nimi, l\u00e4hdedokumentti ei riit\u00e4 todistamaan, ett\u00e4 kustannukset liittyv\u00e4t liiketoimintaan, ja yrityksen nimi on kirjoitettava k\u00e4sin kuittiin (s\u00e4hk\u00f6isess\u00e4 asiakirjassa ennen kuvan ottamista). Jos todiste ei riit\u00e4, asiakirjaa pidet\u00e4\u00e4n liiketoimintaan liittym\u00e4tt\u00f6m\u00e4n\u00e4 ja se verotetaan tuloverolla.<\/p>\n<div class=\"row\"  id=\"row-785476898\">\n\n\n\t<div id=\"col-461207806\" class=\"col medium-6 small-12 large-6\"  >\n\t\t\t\t<div class=\"col-inner\"  >\n\t\t\t\n\t\t\t\n\n<p>Usein t\u00e4llaisista asiakirjoista puuttuu my\u00f6s tunnistenumero (esim. laskun numero).<\/p>\n<p>Kuten kuvasta n\u00e4kyy, siin\u00e4 on p\u00e4iv\u00e4m\u00e4\u00e4r\u00e4, summa ja tapahtuman sis\u00e4lt\u00f6, mutta ei nime\u00e4.<\/p>\n<p>ostajan. T\u00e4m\u00e4 asiakirja ei riit\u00e4 todistamaan suhdetta liiketoimintaan. Se voidaan muuttaa riitt\u00e4v\u00e4ksi asiakirjaksi kirjoittamalla siihen yrityksen nimi.<\/p>\n<p>Ajan s\u00e4\u00e4st\u00e4miseksi voidaan harkita yrityksen tiedoilla varustetun temppelin\/leiman k\u00e4ytt\u00f6\u00e4.<\/p>\n<p>Huom! Kuvassa on myym\u00e4l\u00e4n kuitti (vasemmalla) ja korttimaksukuitti (oikealla).<\/p>\n<p>Pelkk\u00e4 korttimaksukuitti ei riit\u00e4, koska tapahtumalla ei ole taloudellista merkityst\u00e4.<\/p>\n<p>T\u00e4m\u00e4 on esimerkki taksimatkan kuitista, joka ei ole asianmukainen l\u00e4hdeasiakirja. Vaikka tapahtuman taloudellinen sis\u00e4lt\u00f6 on olemassa, asiakirjasta puuttuu yrityksen tiedot, jotka ovat ensisijaisesti vaaditut tiedot. Kuitissa ei my\u00f6sk\u00e4\u00e4n ole laskun numeroa.<\/p>\n<p>T\u00e4t\u00e4 kuittia ei ole mahdollista tehd\u00e4 oikein, joten siit\u00e4 perit\u00e4\u00e4n vero.<\/p>\n\n\t\t<\/div>\n\t\t\t\t\t<\/div>\n\n\t\n\n\t<div id=\"col-999564094\" class=\"col medium-3 small-12 large-3\"  >\n\t\t\t\t<div class=\"col-inner\"  >\n\t\t\t\n\t\t\t\n\n\t<div class=\"img has-hover x md-x lg-x y md-y lg-y\" id=\"image_1067938537\">\n\t\t\t\t\t\t\t\t<div class=\"img-inner dark\" >\n\t\t\t<img loading=\"lazy\" decoding=\"async\" width=\"493\" height=\"436\" src=\"https:\/\/grow.ee\/wp-content\/uploads\/2025\/01\/SEB-naidis.jpg\" class=\"attachment-original size-original\" alt=\"\" srcset=\"https:\/\/grow.ee\/wp-content\/uploads\/2025\/01\/SEB-naidis.jpg 493w, https:\/\/grow.ee\/wp-content\/uploads\/2025\/01\/SEB-naidis-300x265.jpg 300w, https:\/\/grow.ee\/wp-content\/uploads\/2025\/01\/SEB-naidis-14x12.jpg 14w\" sizes=\"auto, (max-width: 493px) 100vw, 493px\" \/>\t\t\t\t\t\t\n\t\t\t\t\t<\/div>\n\t\t\t\t\t\t\t\t\n<style>\n#image_1067938537 {\n  width: 100%;\n}\n<\/style>\n\t<\/div>\n\t\n\n\n\t\t<\/div>\n\t\t\t\t\t<\/div>\n\n\t\n\n\t<div id=\"col-1277880797\" class=\"col medium-3 small-12 large-3\"  >\n\t\t\t\t<div class=\"col-inner\"  >\n\t\t\t\n\t\t\t\n\n\t<div class=\"img has-hover x md-x lg-x y md-y lg-y\" id=\"image_924405187\">\n\t\t\t\t\t\t\t\t<div class=\"img-inner dark\" >\n\t\t\t<img loading=\"lazy\" decoding=\"async\" width=\"438\" height=\"825\" src=\"https:\/\/grow.ee\/wp-content\/uploads\/2025\/01\/UBER-naidis.jpg\" class=\"attachment-original size-original\" alt=\"\" srcset=\"https:\/\/grow.ee\/wp-content\/uploads\/2025\/01\/UBER-naidis.jpg 438w, https:\/\/grow.ee\/wp-content\/uploads\/2025\/01\/UBER-naidis-159x300.jpg 159w, https:\/\/grow.ee\/wp-content\/uploads\/2025\/01\/UBER-naidis-382x720.jpg 382w, https:\/\/grow.ee\/wp-content\/uploads\/2025\/01\/UBER-naidis-6x12.jpg 6w\" sizes=\"auto, (max-width: 438px) 100vw, 438px\" \/>\t\t\t\t\t\t\n\t\t\t\t\t<\/div>\n\t\t\t\t\t\t\t\t\n<style>\n#image_924405187 {\n  width: 100%;\n}\n<\/style>\n\t<\/div>\n\t\n\n\n\t\t<\/div>\n\t\t\t\t\t<\/div>\n\n\t\n\n<\/div>\n\t<div id=\"gap-1695197625\" class=\"gap-element clearfix\" style=\"display:block; height:auto;\">\n\t\t\n<style>\n#gap-1695197625 {\n  padding-top: 30px;\n}\n<\/style>\n\t<\/div>\n\t\n\n<p>Lis\u00e4tietoja varten voit lukea tarkemmin t\u00e4\u00e4lt\u00e4.<\/p>\n<p>Jos lasku sis\u00e4lt\u00e4\u00e4 arvonlis\u00e4veron (jonka on antanut arvonlis\u00e4verovelvollinen), sovelletaan seuraavia s\u00e4\u00e4nt\u00f6j\u00e4:<\/p>\n<p>ALV-lain \u00a7 37 mukaan laskussa on ilmoitettava seuraavat tiedot:<\/p>\n<ol>\n<li>laskun sarjanumero ja kirjoitusp\u00e4iv\u00e4m\u00e4\u00e4r\u00e4;<\/li>\n<li>verovelvollisen nimi ja osoite sek\u00e4 henkil\u00f6n verovelvollisen rekister\u00f6intinumero (ALV-numero);<\/li>\n<li>tavaroiden hankkijan tai palvelujen vastaanottajan nimi ja osoite;<\/li>\n<li>tavaroiden hankkijan tai palvelujen vastaanottajan verovelvollisen rekister\u00f6intinumero, jos tavaroiden hankkijalla tai palvelujen vastaanottajalla on verovelvoitteita tavaroiden hankinnan tai palvelujen vastaanottamisen yhteydess\u00e4;<\/li>\n<li>tavaroiden tai palveluiden nimi tai kuvaus;<\/li>\n<li>tavaroiden m\u00e4\u00e4r\u00e4 tai palveluiden laajuus;<\/li>\n<li>tavaroiden l\u00e4hetysp\u00e4iv\u00e4 tai palvelujen suorittamisp\u00e4iv\u00e4 tai tavaroiden tai palveluiden t\u00e4yden tai osittaisen maksun vastaanottamisp\u00e4iv\u00e4, jos p\u00e4iv\u00e4m\u00e4\u00e4r\u00e4 on m\u00e4\u00e4ritett\u00e4viss\u00e4 ja se poikkeaa laskun kirjoittamisp\u00e4iv\u00e4st\u00e4;<\/li>\n<li>tavaroiden tai palveluiden hinta ilman arvonlis\u00e4veroa ja mahdolliset alennukset, jos ne eiv\u00e4t sis\u00e4lly hintaan;<\/li>\n<li>verotettava m\u00e4\u00e4r\u00e4 eriteltyn\u00e4 eri arvonlis\u00e4verokantojen mukaan sek\u00e4 sovellettavat arvonlis\u00e4verokannat tai verovapaan luovutuksen m\u00e4\u00e4r\u00e4;<\/li>\n<li>maksettavan arvonlis\u00e4veron m\u00e4\u00e4r\u00e4, lukuun ottamatta laissa s\u00e4\u00e4dettyj\u00e4 poikkeuksia. Arvonlis\u00e4veron m\u00e4\u00e4r\u00e4 ilmoitetaan euroina.<\/li>\n<\/ol>\n\n\t\t<\/div>\n\t\t\t\t\t<\/div>\n\n\t\n\n<\/div>","protected":false},"excerpt":{"rendered":"","protected":false},"author":24,"featured_media":14535,"parent":0,"menu_order":0,"comment_status":"closed","ping_status":"closed","template":"page-blank.php","meta":{"footnotes":""},"class_list":["post-14555","page","type-page","status-publish","has-post-thumbnail","hentry"],"_links":{"self":[{"href":"https:\/\/grow.ee\/fi\/wp-json\/wp\/v2\/pages\/14555","targetHints":{"allow":["GET"]}}],"collection":[{"href":"https:\/\/grow.ee\/fi\/wp-json\/wp\/v2\/pages"}],"about":[{"href":"https:\/\/grow.ee\/fi\/wp-json\/wp\/v2\/types\/page"}],"author":[{"embeddable":true,"href":"https:\/\/grow.ee\/fi\/wp-json\/wp\/v2\/users\/24"}],"replies":[{"embeddable":true,"href":"https:\/\/grow.ee\/fi\/wp-json\/wp\/v2\/comments?post=14555"}],"version-history":[{"count":2,"href":"https:\/\/grow.ee\/fi\/wp-json\/wp\/v2\/pages\/14555\/revisions"}],"predecessor-version":[{"id":14557,"href":"https:\/\/grow.ee\/fi\/wp-json\/wp\/v2\/pages\/14555\/revisions\/14557"}],"wp:featuredmedia":[{"embeddable":true,"href":"https:\/\/grow.ee\/fi\/wp-json\/wp\/v2\/media\/14535"}],"wp:attachment":[{"href":"https:\/\/grow.ee\/fi\/wp-json\/wp\/v2\/media?parent=14555"}],"curies":[{"name":"wp","href":"https:\/\/api.w.org\/{rel}","templated":true}]}}