{"id":14550,"date":"2025-01-02T13:30:22","date_gmt":"2025-01-02T10:30:22","guid":{"rendered":"https:\/\/grow.ee\/?page_id=14550"},"modified":"2025-01-02T13:30:43","modified_gmt":"2025-01-02T10:30:43","slug":"laskujen-pakolliset-vaatimukset-2","status":"publish","type":"page","link":"https:\/\/grow.ee\/fi\/arvete-kohustuslikud-nouded-2\/","title":{"rendered":"Laskujen pakolliset vaatimukset"},"content":{"rendered":"<div id=\"page-header-1720579844\" class=\"page-header-wrapper\">\n  <div class=\"page-title dark featured-title\">\n\n        <div class=\"page-title-bg\">\n      <div class=\"title-bg fill bg-fill\"\n        data-parallax-container=\".page-title\"\n        data-parallax-background\n data-parallax=\"-\">\n      <\/div>\n      <div class=\"title-overlay fill\"><\/div>\n    <\/div>\n    \n    <div class=\"page-title-inner container align-center text-center flex-row-col medium-flex-wrap\" >\n            <div class=\"title-content flex-col\">\n        <div class=\"title-breadcrumbs pb-half pt-half\"><\/div>      <\/div>\n    <\/div>\n\n     \n<style>\n#page-header-1720579844 .page-title-inner {\n  min-height: 150px;\n}\n#page-header-1720579844 .title-bg {\n  background-image: url(https:\/\/grow.ee\/wp-content\/uploads\/2025\/01\/volitused.jpg);\n}\n<\/style>\n  <\/div>\n    <\/div>\n  \n\n\t<div id=\"gap-1559880537\" class=\"gap-element clearfix\" style=\"display:block; height:auto;\">\n\t\t\n<style>\n#gap-1559880537 {\n  padding-top: 30px;\n}\n<\/style>\n\t<\/div>\n\t\n\n<div class=\"row\"  id=\"row-1346685579\">\n\n\n\t<div id=\"col-812705732\" class=\"col small-12 large-12\"  >\n\t\t\t\t<div class=\"col-inner\"  >\n\t\t\t\n\t\t\t\n\n<p>LASKUJEN PAKOLLISET VAATIMUKSET<\/p>\n<p>Kirjanpitolain (j\u00e4ljemp\u00e4n\u00e4 kirjanpitolaki) 7 \u00a7:n mukaan seuraavat tiedot on esitett\u00e4v\u00e4 l\u00e4ht\u00f6tositteessa (koskee l\u00e4ht\u00f6tositteita, joista ei voida v\u00e4hent\u00e4\u00e4 arvonlis\u00e4veroa):<\/p>\n<ol>\n<li>tapahtuma-aika;<\/li>\n<li>liiketoimen taloudellinen sis\u00e4lt\u00f6;<\/li>\n<li>tapahtumaluvut (m\u00e4\u00e4r\u00e4, hinta, summa);<\/li>\n<li>laskun numero tai muu tunnistenumero;<\/li>\n<li>Tiedot, joiden avulla voidaan tunnistaa kaupan osapuolet (myyj\u00e4 ja ostaja).<\/li>\n<\/ol>\n<p>Esimerkki: yleisimm\u00e4t ostokset:<\/p>\n<ul>\n<li>myym\u00e4l\u00e4tarkistus;<\/li>\n<li>kuitti huoltoasemalta;<\/li>\n<li>mobiilisovelluksella ajettu taksimatka;<\/li>\n<li>muut ostolaskut,<\/li>\n<\/ul>\n<p>... sis\u00e4lt\u00e4v\u00e4t maksuajankohdan, tapahtuman sis\u00e4ll\u00f6n, summan ja muita viitteit\u00e4, mutta mik\u00e4\u00e4n niist\u00e4 ei osoita, kuka on menon suora omistaja (ostajan nimi). Jos ostajan nimi puuttuu yksinkertaistetun laskun tapauksessa, alkuper\u00e4inen asiakirja ei riit\u00e4 todistamaan menoa yrityksen nimiin, ja se on lis\u00e4tt\u00e4v\u00e4 asiakirjaan k\u00e4sin (s\u00e4hk\u00f6isen asiakirjan tapauksessa ennen kuvan ottamista). Jos todiste ei ole riitt\u00e4v\u00e4, alkuper\u00e4inen asiakirja katsotaan yritykseen liittym\u00e4tt\u00f6m\u00e4ksi kuluksi, josta on maksettava tuloveroa.<\/p>\n<div class=\"row\"  id=\"row-285645513\">\n\n\n\t<div id=\"col-245111985\" class=\"col medium-6 small-12 large-6\"  >\n\t\t\t\t<div class=\"col-inner\"  >\n\t\t\t\n\t\t\t\n\n<p>Usein laskusta puuttuu my\u00f6s tunnistekoodi (esim. laskun numero).<\/p>\n<p>Kuvassa n\u00e4kyy p\u00e4iv\u00e4m\u00e4\u00e4r\u00e4, summa ja taloudellinen sis\u00e4lt\u00f6, mutta ostajan nimi puuttuu. T\u00e4m\u00e4 asiakirja ei riit\u00e4 todistamaan, ett\u00e4 kyseess\u00e4 on yritykseen liittyv\u00e4 kulu. T\u00e4ss\u00e4 esimerkiss\u00e4 yrityksen nimi voidaan kirjoittaa k\u00e4sin.<\/p>\n<p>Ajan s\u00e4\u00e4st\u00e4miseksi voit k\u00e4ytt\u00e4\u00e4 yrityksen tiedoilla varustettua leimaa k\u00e4sin kirjoittamisen sijaan.<\/p>\n<p>Huom! Kuvassa on sek\u00e4 myym\u00e4l\u00e4kuitti ett\u00e4 korttimaksukuitti. Pelkk\u00e4 korttimaksukuitti ei riit\u00e4, koska sill\u00e4 ei ole taloudellista sis\u00e4lt\u00f6\u00e4.<\/p>\n<p>Oikealla oleva taksikuitti ei my\u00f6sk\u00e4\u00e4n ole riitt\u00e4v\u00e4 todiste. Periaatteessa siin\u00e4 on taloudellista sis\u00e4lt\u00f6\u00e4, mutta ostaja on palvelun k\u00e4ytt\u00e4j\u00e4n etunimi, mutta ei mainita, mink\u00e4 yrityksen ty\u00f6ntekij\u00e4 h\u00e4n on. Kuitista puuttuu my\u00f6s laskun numero.<\/p>\n<p>T\u00e4t\u00e4 lausuntoa ei voida tehd\u00e4 verovelvollisuuden mukaiseksi, se verotetaan joka tapauksessa.<\/p>\n\n\t\t<\/div>\n\t\t\t\t\t<\/div>\n\n\t\n\n\t<div id=\"col-1257897016\" class=\"col medium-3 small-12 large-3\"  >\n\t\t\t\t<div class=\"col-inner\"  >\n\t\t\t\n\t\t\t\n\n\t<div class=\"img has-hover x md-x lg-x y md-y lg-y\" id=\"image_309580234\">\n\t\t\t\t\t\t\t\t<div class=\"img-inner dark\" >\n\t\t\t<img loading=\"lazy\" decoding=\"async\" width=\"493\" height=\"436\" src=\"https:\/\/grow.ee\/wp-content\/uploads\/2025\/01\/SEB-naidis.jpg\" class=\"attachment-original size-original\" alt=\"\" srcset=\"https:\/\/grow.ee\/wp-content\/uploads\/2025\/01\/SEB-naidis.jpg 493w, https:\/\/grow.ee\/wp-content\/uploads\/2025\/01\/SEB-naidis-300x265.jpg 300w, https:\/\/grow.ee\/wp-content\/uploads\/2025\/01\/SEB-naidis-14x12.jpg 14w\" sizes=\"auto, (max-width: 493px) 100vw, 493px\" \/>\t\t\t\t\t\t\n\t\t\t\t\t<\/div>\n\t\t\t\t\t\t\t\t\n<style>\n#image_309580234 {\n  width: 100%;\n}\n<\/style>\n\t<\/div>\n\t\n\n\n\t\t<\/div>\n\t\t\t\t\t<\/div>\n\n\t\n\n\t<div id=\"col-2060798754\" class=\"col medium-3 small-12 large-3\"  >\n\t\t\t\t<div class=\"col-inner\"  >\n\t\t\t\n\t\t\t\n\n\t<div class=\"img has-hover x md-x lg-x y md-y lg-y\" id=\"image_1428715199\">\n\t\t\t\t\t\t\t\t<div class=\"img-inner dark\" >\n\t\t\t<img loading=\"lazy\" decoding=\"async\" width=\"438\" height=\"825\" src=\"https:\/\/grow.ee\/wp-content\/uploads\/2025\/01\/UBER-naidis.jpg\" class=\"attachment-original size-original\" alt=\"\" srcset=\"https:\/\/grow.ee\/wp-content\/uploads\/2025\/01\/UBER-naidis.jpg 438w, https:\/\/grow.ee\/wp-content\/uploads\/2025\/01\/UBER-naidis-159x300.jpg 159w, https:\/\/grow.ee\/wp-content\/uploads\/2025\/01\/UBER-naidis-382x720.jpg 382w, https:\/\/grow.ee\/wp-content\/uploads\/2025\/01\/UBER-naidis-6x12.jpg 6w\" sizes=\"auto, (max-width: 438px) 100vw, 438px\" \/>\t\t\t\t\t\t\n\t\t\t\t\t<\/div>\n\t\t\t\t\t\t\t\t\n<style>\n#image_1428715199 {\n  width: 100%;\n}\n<\/style>\n\t<\/div>\n\t\n\n\n\t\t<\/div>\n\t\t\t\t\t<\/div>\n\n\t\n\n<\/div>\n\t<div id=\"gap-1779111231\" class=\"gap-element clearfix\" style=\"display:block; height:auto;\">\n\t\t\n<style>\n#gap-1779111231 {\n  padding-top: 30px;\n}\n<\/style>\n\t<\/div>\n\t\n\n<p>Voit lukea lis\u00e4\u00e4 maksutapahtumien vahvistamisesta t\u00e4\u00e4lt\u00e4.<\/p>\n<p>Jos lasku sis\u00e4lt\u00e4\u00e4 arvonlis\u00e4veron (jonka arvonlis\u00e4verovelvollinen on toimittanut), alkuper\u00e4iselle asiakirjalle on muitakin p\u00e4tevi\u00e4 vaatimuksia. Vaatimukset ovat: Viron verolain 37 \u00a7:n nojalla laskussa on merkitt\u00e4v\u00e4 seuraavat tiedot:<\/p>\n<p>1. laskun sarjanumero ja p\u00e4iv\u00e4m\u00e4\u00e4r\u00e4;<\/p>\n<p>2. verovelvollisen nimi, osoite ja verotunnistenumero;<\/p>\n<p>3. tavaroiden ostajan tai palvelun vastaanottajan nimi ja osoite;<\/p>\n<p>4. tavaran ostajan tai palvelun vastaanottajan verorekisterinumero, jos h\u00e4nell\u00e4 on verovelvollisuus tavaran ostamisen tai palvelun vastaanottamisen yhteydess\u00e4;<\/p>\n<p>5. tavaroiden tai palveluiden nimi tai kuvaus;<\/p>\n<p>6. tavaroiden m\u00e4\u00e4r\u00e4 tai palvelun volyymi;<\/p>\n<p>7. tavaroiden toimitusp\u00e4iv\u00e4 tai palvelun suorittamisp\u00e4iv\u00e4 tai tavaroiden tai palvelun osittaisen tai t\u00e4yden maksun vastaanottamisp\u00e4iv\u00e4, jos se on m\u00e4\u00e4ritett\u00e4viss\u00e4 ja poikkeaa laskun kirjoittamisp\u00e4iv\u00e4st\u00e4;<\/p>\n<p>8. tavaroiden tai palveluiden hinta ilman arvonlis\u00e4veroa ja mahdollinen alennus, jos se ei sis\u00e4lly hintaan;<\/p>\n<p>9. verotettava m\u00e4\u00e4r\u00e4 arvonlis\u00e4verokannan mukaan sek\u00e4 sovellettavat arvonlis\u00e4verokannat tai verovapaan liikevaihdon m\u00e4\u00e4r\u00e4;<\/p>\n<p>10. maksettavan arvonlis\u00e4veron m\u00e4\u00e4r\u00e4 (euroina), lukuun ottamatta laissa s\u00e4\u00e4dettyj\u00e4 poikkeuksia.<\/p>\n\n\t\t<\/div>\n\t\t\t\t\t<\/div>\n\n\t\n\n<\/div>","protected":false},"excerpt":{"rendered":"","protected":false},"author":24,"featured_media":14535,"parent":0,"menu_order":0,"comment_status":"closed","ping_status":"closed","template":"page-blank.php","meta":{"footnotes":""},"class_list":["post-14550","page","type-page","status-publish","has-post-thumbnail","hentry"],"_links":{"self":[{"href":"https:\/\/grow.ee\/fi\/wp-json\/wp\/v2\/pages\/14550","targetHints":{"allow":["GET"]}}],"collection":[{"href":"https:\/\/grow.ee\/fi\/wp-json\/wp\/v2\/pages"}],"about":[{"href":"https:\/\/grow.ee\/fi\/wp-json\/wp\/v2\/types\/page"}],"author":[{"embeddable":true,"href":"https:\/\/grow.ee\/fi\/wp-json\/wp\/v2\/users\/24"}],"replies":[{"embeddable":true,"href":"https:\/\/grow.ee\/fi\/wp-json\/wp\/v2\/comments?post=14550"}],"version-history":[{"count":2,"href":"https:\/\/grow.ee\/fi\/wp-json\/wp\/v2\/pages\/14550\/revisions"}],"predecessor-version":[{"id":14554,"href":"https:\/\/grow.ee\/fi\/wp-json\/wp\/v2\/pages\/14550\/revisions\/14554"}],"wp:featuredmedia":[{"embeddable":true,"href":"https:\/\/grow.ee\/fi\/wp-json\/wp\/v2\/media\/14535"}],"wp:attachment":[{"href":"https:\/\/grow.ee\/fi\/wp-json\/wp\/v2\/media?parent=14550"}],"curies":[{"name":"wp","href":"https:\/\/api.w.org\/{rel}","templated":true}]}}