{"id":14547,"date":"2025-01-02T13:22:11","date_gmt":"2025-01-02T10:22:11","guid":{"rendered":"https:\/\/grow.ee\/?page_id=14547"},"modified":"2025-01-02T13:22:12","modified_gmt":"2025-01-02T10:22:12","slug":"laskutusohjeet","status":"publish","type":"page","link":"https:\/\/grow.ee\/fi\/envoice-instructions\/","title":{"rendered":"Laskutusohjeet"},"content":{"rendered":"<div id=\"page-header-2064722684\" class=\"page-header-wrapper\">\n  <div class=\"page-title dark featured-title\">\n\n        <div class=\"page-title-bg\">\n      <div class=\"title-bg fill bg-fill\"\n        data-parallax-container=\".page-title\"\n        data-parallax-background\n data-parallax=\"-\">\n      <\/div>\n      <div class=\"title-overlay fill\"><\/div>\n    <\/div>\n    \n    <div class=\"page-title-inner container align-center text-center flex-row-col medium-flex-wrap\" >\n            <div class=\"title-content flex-col\">\n        <div class=\"title-breadcrumbs pb-half pt-half\"><\/div>      <\/div>\n    <\/div>\n\n     \n<style>\n#page-header-2064722684 .page-title-inner {\n  min-height: 150px;\n}\n#page-header-2064722684 .title-bg {\n  background-image: url(https:\/\/grow.ee\/wp-content\/uploads\/2025\/01\/volitused.jpg);\n}\n<\/style>\n  <\/div>\n    <\/div>\n  \n\n\t<div id=\"gap-747182987\" class=\"gap-element clearfix\" style=\"display:block; height:auto;\">\n\t\t\n<style>\n#gap-747182987 {\n  padding-top: 30px;\n}\n<\/style>\n\t<\/div>\n\t\n\n<div class=\"row\"  id=\"row-1056118692\">\n\n\n\t<div id=\"col-532912034\" class=\"col small-12 large-12\"  >\n\t\t\t\t<div class=\"col-inner\"  >\n\t\t\t\n\t\t\t\n\n<p><span data-contrast=\"auto\">Meill\u00e4 on k\u00e4yt\u00f6ss\u00e4 <\/span><a href=\"https:\/\/envoice.eu\/en\/\"><span data-contrast=\"none\">Envoice<\/span><\/a> <span data-contrast=\"auto\">vastaanottaa laskuja asiakkailta, mik\u00e4 helpottaa kirjanpit\u00e4j\u00e4n ja asiakkaan v\u00e4list\u00e4 viestint\u00e4\u00e4.<\/span><span data-ccp-props=\"{&quot;335559685&quot;:120,&quot;335559738&quot;:81}\">\u00a0<\/span><\/p>\n<p><span data-contrast=\"auto\">Kun olet saanut Envoicelta kutsulinkin p\u00e4\u00e4sy\u00e4 varten <\/span><b><span data-contrast=\"auto\">Yrityksen<\/span><\/b><span data-ccp-props=\"{&quot;201341983&quot;:1,&quot;335559685&quot;:119,&quot;335559740&quot;:262}\">\u00a0<\/span><span data-contrast=\"auto\">tilille, pyyd\u00e4mme sinua hyv\u00e4ksym\u00e4\u00e4n sen.<\/span><span data-ccp-props=\"{&quot;201341983&quot;:1,&quot;335559685&quot;:119,&quot;335559740&quot;:265}\">\u00a0<\/span><\/p>\n<p><span data-contrast=\"auto\">Onko yrityksell\u00e4si erityinen s\u00e4hk\u00f6postiosoite, johon saat kaikki laskusi (esim <\/span><a href=\"mailto:invoice@yourcompanyname.ee\"><i><span data-contrast=\"none\">invoice@yourcompanyname.ee<\/span><\/i><\/a> <span data-contrast=\"none\">jne.)? Jos teet niin, ole hyv\u00e4 ja ohjaa t\u00e4m\u00e4 s\u00e4hk\u00f6posti siihen erityiseen Envoice-osoitteeseen, jonka l\u00e4het\u00e4mme sinulle liittymisprosessin j\u00e4lkeen. Jos sinulla ei ole t\u00e4llaista osoitetta, suosittelemme sellaisen luomista. Tulevaisuudessa se antaa mahdollisuuden ohjata laskuliikennett\u00e4 ilman tarvetta ilmoittaa toimittajillesi.<\/span><span data-ccp-props=\"{&quot;201341983&quot;:0,&quot;335551550&quot;:6,&quot;335551620&quot;:6,&quot;335559685&quot;:120,&quot;335559737&quot;:113,&quot;335559738&quot;:265,&quot;335559740&quot;:237,&quot;335559991&quot;:1}\">\u00a0<\/span><\/p>\n<p><span data-contrast=\"none\">Voidakseen l\u00e4hett\u00e4\u00e4 ja vastaanottaa verkkolaskuja hallituksen j\u00e4senen tulee menn\u00e4 ja aktivoida verkkolaskutoiminnot Invoice-sivustolla. Katso ohjeet <\/span><a href=\"https:\/\/support.envoice.eu\/hc\/en-us\/articles\/360025676434\"><span data-contrast=\"none\">here<\/span><\/a><span data-ccp-props=\"{&quot;335559685&quot;:120}\">\u00a0<\/span><\/p>\n<p><span data-contrast=\"auto\">Kenraali <\/span><b><span data-contrast=\"auto\">esittelyvideo <\/span><\/b><span data-contrast=\"auto\">laskua varten: <\/span><span data-ccp-props=\"{&quot;335551550&quot;:1,&quot;335551620&quot;:1,&quot;335559685&quot;:120,&quot;335559731&quot;:0,&quot;335559737&quot;:0,&quot;335559738&quot;:261}\">\u00a0<\/span><\/p>\n<div class=\"video video-fit mb\" style=\"padding-top:56.25%;\"><iframe loading=\"lazy\" title=\"Olen Invoice\" width=\"1020\" height=\"574\" src=\"https:\/\/www.youtube.com\/embed\/04vedSID1KI?feature=oembed\" frameborder=\"0\" allow=\"accelerometer; autoplay; clipboard-write; encrypted-media; gyroscope; picture-in-picture; web-share\" referrerpolicy=\"strict-origin-when-cross-origin\" allowfullscreen><\/iframe><\/div>\n\n<p><span data-contrast=\"auto\">kaikki <\/span><b><span data-contrast=\"auto\">tukiasiakirjat <\/span><\/b><span data-contrast=\"auto\">englanniksi l\u00f6ytyy t\u00e4\u00e4lt\u00e4: <\/span><a href=\"https:\/\/support.envoice.eu\/hc\/en-us\"><span data-contrast=\"none\">https:\/\/support.envoice.eu\/hc\/en-<\/span><\/a> <a href=\"https:\/\/support.envoice.eu\/hc\/en-us\"><span data-contrast=\"none\">meille<\/span><\/a><span data-ccp-props=\"{&quot;335559685&quot;:120,&quot;335559737&quot;:174,&quot;335559738&quot;:262}\">\u00a0<\/span><\/p>\n<p><span data-contrast=\"auto\">Kaksi t\u00e4rkeimmist\u00e4 oppaista ovat:<\/span><span data-ccp-props=\"{&quot;201341983&quot;:1,&quot;335559685&quot;:120,&quot;335559740&quot;:262}\">\u00a0<\/span><\/p>\n<ul>\n<li data-leveltext=\"-\" data-font=\"Calibri\" data-listid=\"1\" data-list-defn-props=\"{&quot;134224900&quot;:false,&quot;335551671&quot;:0,&quot;335552541&quot;:1,&quot;335559685&quot;:1245,&quot;335559991&quot;:766,&quot;469769226&quot;:&quot;Calibri&quot;,&quot;469769242&quot;:&#091;8226&#093;,&quot;469777803&quot;:&quot;left&quot;,&quot;469777804&quot;:&quot;-&quot;,&quot;469777815&quot;:&quot;hybridMultilevel&quot;}\" aria-setsize=\"-1\" data-aria-posinset=\"0\" data-aria-level=\"1\"><span data-contrast=\"auto\">Ostolaskujen lis\u00e4\u00e4minen manuaalisesti (mieluiten l\u00e4hett\u00e4\u00e4 s\u00e4hk\u00f6postitse)<\/span> \u2013 <a style=\"font-size: 14.4px;\" href=\"https:\/\/support.envoice.eu\/hc\/en-us\/articles\/360016416894-How-can-I-upload-invoices-from-my-computer-\"><span data-contrast=\"none\">https:\/\/support.envoice.eu\/hc\/en-us\/articles\/360016416894-How-can-I-<\/span><\/a> <a style=\"font-size: 14.4px;\" href=\"https:\/\/support.envoice.eu\/hc\/en-us\/articles\/360016416894-How-can-I-upload-invoices-from-my-computer-\"><span data-contrast=\"none\">lataa-laskut-tietokoneeltani-<\/span><\/a><span style=\"color: #555555; font-size: 14.4px;\" data-ccp-props=\"{&quot;201341983&quot;:0,&quot;335559685&quot;:1245,&quot;335559737&quot;:707,&quot;335559740&quot;:237}\">\u00a0<\/span><\/li>\n<\/ul>\n<ul>\n<li data-leveltext=\"-\" data-font=\"Calibri\" data-listid=\"1\" data-list-defn-props=\"{&quot;134224900&quot;:false,&quot;335551671&quot;:0,&quot;335552541&quot;:1,&quot;335559685&quot;:1245,&quot;335559991&quot;:766,&quot;469769226&quot;:&quot;Calibri&quot;,&quot;469769242&quot;:&#091;8226&#093;,&quot;469777803&quot;:&quot;left&quot;,&quot;469777804&quot;:&quot;-&quot;,&quot;469777815&quot;:&quot;hybridMultilevel&quot;}\" aria-setsize=\"-1\" data-aria-posinset=\"1\" data-aria-level=\"1\"><span data-contrast=\"auto\">Myyntilaskun laatiminen - <\/span><a href=\"https:\/\/support.envoice.eu\/hc\/en-us\/articles\/360009332173-How-to-create-sales-invoice-\"><span data-contrast=\"none\">https:\/\/support.envoice.eu\/hc\/en-<\/span><\/a> <a href=\"https:\/\/support.envoice.eu\/hc\/en-us\/articles\/360009332173-How-to-create-sales-invoice-\"><span data-contrast=\"none\">us\/articles\/360009332173-Kuinka-luoda-myyntilasku-<\/span><\/a><span data-ccp-props=\"{&quot;201341983&quot;:0,&quot;335551550&quot;:1,&quot;335551620&quot;:1,&quot;335559685&quot;:1245,&quot;335559737&quot;:2390,&quot;335559738&quot;:5,&quot;335559739&quot;:0,&quot;335559740&quot;:228,&quot;335559991&quot;:766,&quot;469777462&quot;:&#091;1245&#093;,&quot;469777927&quot;:&#091;0&#093;,&quot;469777928&quot;:&#091;1&#093;}\">\u00a0<\/span><\/li>\n<\/ul>\n<p><span data-contrast=\"auto\">Eritt\u00e4in k\u00e4tev\u00e4 tapa ilmoittaa k\u00e4teis- ja korttikulut on Invoice&#039;s <\/span><b><span data-contrast=\"auto\">mobiilisovellus <\/span><\/b><span data-contrast=\"auto\">(Android- tai iOS-laitteille): <\/span><a href=\"https:\/\/support.envoice.eu\/hc\/en-us\/articles\/360016416374-How-to-create-a-report-in-mobile-app-\"><span data-contrast=\"none\">https:\/\/support.envoice.eu\/hc\/en-us\/articles\/360016416374-How-<\/span><\/a> <a href=\"https:\/\/support.envoice.eu\/hc\/en-us\/articles\/360016416374-How-to-create-a-report-in-mobile-app-\"><span data-contrast=\"none\">-luoda-raportti-mobiilisovelluksessa-<\/span><\/a><span data-ccp-props=\"{&quot;335559685&quot;:120,&quot;335559737&quot;:146}\">\u00a0<\/span><\/p>\n<p><span data-contrast=\"auto\">Ohjeet kulumoduulista <\/span><a href=\"https:\/\/support.envoice.eu\/hc\/en-us\/sections\/360001662634-Expenses-Travel\"><span data-contrast=\"none\">https:\/\/support.envoice.eu\/hc\/en-<\/span><\/a> <a href=\"https:\/\/support.envoice.eu\/hc\/en-us\/sections\/360001662634-Expenses-Travel\"><span data-contrast=\"none\">us\/sections\/360001662634-kulut-matkat<\/span><\/a><span data-ccp-props=\"{&quot;335559685&quot;:120,&quot;335559737&quot;:1981}\">\u00a0<\/span><\/p>\n<p><span data-contrast=\"auto\">Nyt voit lis\u00e4t\u00e4 kaikki laskusi suoraan Invoiceen.<\/span><span data-ccp-props=\"{&quot;335559685&quot;:120}\">\u00a0<\/span><\/p>\n<p><b><span data-contrast=\"auto\">Kuinka l\u00e4hett\u00e4\u00e4 yrityksesi laskut kirjanpit\u00e4j\u00e4lle?<\/span><\/b><span data-ccp-props=\"{&quot;335559685&quot;:120}\">\u00a0<\/span><\/p>\n<p><span data-contrast=\"auto\">Vaihtoehtoja on periaatteessa kolme:<\/span><span data-ccp-props=\"{&quot;201341983&quot;:1,&quot;335559685&quot;:120,&quot;335559738&quot;:262,&quot;335559740&quot;:265}\">\u00a0<\/span><\/p>\n<ol>\n<li><span data-contrast=\"auto\">mobiilisovelluksen k\u00e4ytt\u00e4minen k\u00e4teis- ja korttimaksuihin (kuitit);<\/span><span data-ccp-props=\"{&quot;201341983&quot;:1,&quot;335551550&quot;:1,&quot;335551620&quot;:1,&quot;335559685&quot;:838,&quot;335559737&quot;:0,&quot;335559738&quot;:0,&quot;335559739&quot;:0,&quot;335559740&quot;:264,&quot;335559991&quot;:359,&quot;469777462&quot;:&#091;838&#093;,&quot;469777927&quot;:&#091;0&#093;,&quot;469777928&quot;:&#091;1&#093;}\">\u00a0<\/span><\/li>\n<li><span data-contrast=\"auto\">lis\u00e4\u00e4m\u00e4ll\u00e4 laskut manuaalisesti ostomoduuliin;<\/span><span data-ccp-props=\"{&quot;201341983&quot;:1,&quot;335551550&quot;:1,&quot;335551620&quot;:1,&quot;335559685&quot;:838,&quot;335559737&quot;:0,&quot;335559738&quot;:0,&quot;335559739&quot;:0,&quot;335559740&quot;:264,&quot;335559991&quot;:359,&quot;469777462&quot;:&#091;838&#093;,&quot;469777927&quot;:&#091;0&#093;,&quot;469777928&quot;:&#091;1&#093;}\">\u00a0<\/span><\/li>\n<li><span data-contrast=\"auto\">laskujen l\u00e4hett\u00e4minen yrityksesi erityiseen s\u00e4hk\u00f6postiosoitteeseen.<\/span><span data-ccp-props=\"{&quot;201341983&quot;:1,&quot;335551550&quot;:1,&quot;335551620&quot;:1,&quot;335559685&quot;:838,&quot;335559737&quot;:0,&quot;335559738&quot;:0,&quot;335559739&quot;:0,&quot;335559740&quot;:265,&quot;335559991&quot;:359,&quot;469777462&quot;:&#091;838&#093;,&quot;469777927&quot;:&#091;0&#093;,&quot;469777928&quot;:&#091;1&#093;}\">\u00a0<\/span><\/li>\n<\/ol>\n<p><span data-contrast=\"auto\">Yrityksesi erikoiss\u00e4hk\u00f6postiosoite on yll\u00e4.<\/span><span data-ccp-props=\"{&quot;335559685&quot;:119}\">\u00a0<\/span><\/p>\n<p><span data-contrast=\"auto\">Invoice hyv\u00e4ksyy laskut vain sis\u00e4\u00e4n <\/span><b><span data-contrast=\"auto\">pdf tai kuva (jpg, png) muodossa<\/span><\/b><span data-contrast=\"auto\">.<\/span><span data-ccp-props=\"{&quot;335551550&quot;:1,&quot;335551620&quot;:1,&quot;335559685&quot;:119,&quot;335559731&quot;:0,&quot;335559737&quot;:0,&quot;335559738&quot;:0}\">\u00a0<\/span><\/p>\n<p><span data-contrast=\"auto\">Toivottavasti tiedoista on apua, ja jos sinulla on lis\u00e4kysymyksi\u00e4, \u00e4l\u00e4 ep\u00e4r\u00f6i kysy\u00e4.<\/span><span data-ccp-props=\"{&quot;335559685&quot;:119,&quot;335559737&quot;:174,&quot;335559738&quot;:1}\">\u00a0<\/span><\/p>\n\n\t\t<\/div>\n\t\t\t\t\t<\/div>\n\n\t\n\n<\/div>","protected":false},"excerpt":{"rendered":"","protected":false},"author":24,"featured_media":14535,"parent":0,"menu_order":0,"comment_status":"closed","ping_status":"closed","template":"page-blank.php","meta":{"footnotes":""},"class_list":["post-14547","page","type-page","status-publish","has-post-thumbnail","hentry"],"_links":{"self":[{"href":"https:\/\/grow.ee\/fi\/wp-json\/wp\/v2\/pages\/14547","targetHints":{"allow":["GET"]}}],"collection":[{"href":"https:\/\/grow.ee\/fi\/wp-json\/wp\/v2\/pages"}],"about":[{"href":"https:\/\/grow.ee\/fi\/wp-json\/wp\/v2\/types\/page"}],"author":[{"embeddable":true,"href":"https:\/\/grow.ee\/fi\/wp-json\/wp\/v2\/users\/24"}],"replies":[{"embeddable":true,"href":"https:\/\/grow.ee\/fi\/wp-json\/wp\/v2\/comments?post=14547"}],"version-history":[{"count":2,"href":"https:\/\/grow.ee\/fi\/wp-json\/wp\/v2\/pages\/14547\/revisions"}],"predecessor-version":[{"id":14549,"href":"https:\/\/grow.ee\/fi\/wp-json\/wp\/v2\/pages\/14547\/revisions\/14549"}],"wp:featuredmedia":[{"embeddable":true,"href":"https:\/\/grow.ee\/fi\/wp-json\/wp\/v2\/media\/14535"}],"wp:attachment":[{"href":"https:\/\/grow.ee\/fi\/wp-json\/wp\/v2\/media?parent=14547"}],"curies":[{"name":"wp","href":"https:\/\/api.w.org\/{rel}","templated":true}]}}