{"id":14541,"date":"2025-01-02T13:19:04","date_gmt":"2025-01-02T10:19:04","guid":{"rendered":"https:\/\/grow.ee\/?page_id=14541"},"modified":"2025-01-02T13:19:04","modified_gmt":"2025-01-02T10:19:04","slug":"laskutusopas","status":"publish","type":"page","link":"https:\/\/grow.ee\/fi\/envoice-juhend\/","title":{"rendered":"Envoice-opas"},"content":{"rendered":"<div id=\"page-header-636987998\" class=\"page-header-wrapper\">\n  <div class=\"page-title dark featured-title\">\n\n        <div class=\"page-title-bg\">\n      <div class=\"title-bg fill bg-fill\"\n        data-parallax-container=\".page-title\"\n        data-parallax-background\n data-parallax=\"-\">\n      <\/div>\n      <div class=\"title-overlay fill\"><\/div>\n    <\/div>\n    \n    <div class=\"page-title-inner container align-center text-center flex-row-col medium-flex-wrap\" >\n            <div class=\"title-content flex-col\">\n        <div class=\"title-breadcrumbs pb-half pt-half\"><\/div>      <\/div>\n    <\/div>\n\n     \n<style>\n#page-header-636987998 .page-title-inner {\n  min-height: 150px;\n}\n#page-header-636987998 .title-bg {\n  background-image: url(https:\/\/grow.ee\/wp-content\/uploads\/2025\/01\/volitused.jpg);\n}\n<\/style>\n  <\/div>\n    <\/div>\n  \n\n\t<div id=\"gap-1218861470\" class=\"gap-element clearfix\" style=\"display:block; height:auto;\">\n\t\t\n<style>\n#gap-1218861470 {\n  padding-top: 30px;\n}\n<\/style>\n\t<\/div>\n\t\n\n<div class=\"row\"  id=\"row-1108114178\">\n\n\n\t<div id=\"col-17459990\" class=\"col small-12 large-12\"  >\n\t\t\t\t<div class=\"col-inner\"  >\n\t\t\t\n\t\t\t\n\n<p><span data-contrast=\"none\">K\u00e4yt\u00e4mme laskujen vastaanottamiseen verkkoymp\u00e4rist\u00f6\u00e4. <\/span><a href=\"http:\/\/www.envoice.ee\/\"><b><span data-contrast=\"none\">Envoice<\/span><\/b><span data-contrast=\"none\">,<\/span><\/a> <span data-contrast=\"none\">joka yksinkertaistaa kirjanpit\u00e4j\u00e4n ja asiakkaan v\u00e4list\u00e4 viestint\u00e4\u00e4, mahdollistaa laskujen hyv\u00e4ksymissilmukan k\u00e4yt\u00f6n sek\u00e4 myyntilaskujen valmistuksen ja l\u00e4hett\u00e4misen e-laskuina.<\/span><span data-ccp-props=\"{&quot;335559685&quot;:115,&quot;335559738&quot;:77}\">\u00a0<\/span><\/p>\n<p><span data-contrast=\"auto\">L\u00e4het\u00e4mme sinulle l\u00e4hip\u00e4ivin\u00e4 kutsun, jossa p\u00e4\u00e4set k\u00e4ytt\u00e4m\u00e4\u00e4n Envoice-ymp\u00e4rist\u00f6\u00e4. <\/span><b><span data-contrast=\"auto\">yritys <\/span><\/b><span data-contrast=\"auto\">tilille. Pyyd\u00e4mme sinua vahvistamaan kutsun ja t\u00e4ytt\u00e4m\u00e4\u00e4n sitten k\u00e4ytt\u00e4j\u00e4tiedot.<\/span><span data-ccp-props=\"{&quot;201341983&quot;:0,&quot;335559685&quot;:116,&quot;335559740&quot;:237}\">\u00a0<\/span><\/p>\n<p><span data-contrast=\"none\">Onko yrityksell\u00e4si erillist\u00e4 s\u00e4hk\u00f6postiosoitetta, johon saat kaikki laskut (esim. <\/span><a href=\"mailto:arved@teieettev%C3%B5ttenimi.ee\"><span data-contrast=\"none\">arved@teieettev\u00f5ttenimi.ee<\/span><\/a> <span data-contrast=\"none\">jne.)? Jos sinulla on, v\u00e4lit\u00e4 t\u00e4m\u00e4 s\u00e4hk\u00f6posti Envoive-s\u00e4hk\u00f6postiosoitteeseen, jonka l\u00e4het\u00e4mme sinulle erillisen\u00e4 kirjeen\u00e4 asiakkaan perehdytt\u00e4misen j\u00e4lkeen.<\/span><span data-ccp-props=\"{&quot;201341983&quot;:0,&quot;335559685&quot;:115,&quot;335559738&quot;:265,&quot;335559740&quot;:237}\">\u00a0<\/span><\/p>\n<p><span data-contrast=\"auto\">Jos sinulla ei ole samanlaista s\u00e4hk\u00f6postiosoitetta, suosittelemme sellaisen luomista. <\/span><span data-contrast=\"none\">Tulevaisuudessa t\u00e4m\u00e4 tarjoaa mahdollisuuden ohjata laskuja uudelleen ilmoittamatta toimittajille.<\/span><span data-ccp-props=\"{&quot;335559685&quot;:115}\">\u00a0<\/span><\/p>\n<p aria-level=\"1\"><b><span data-contrast=\"none\">Toimenpiteet Envoice-kutsun vastaanottamisen j\u00e4lkeen.<\/span><\/b><span data-ccp-props=\"{&quot;201341983&quot;:1,&quot;335559685&quot;:115,&quot;335559738&quot;:260,&quot;335559740&quot;:265}\">\u00a0<\/span><\/p>\n<p><span data-contrast=\"none\">Hallituksen j\u00e4senen tulee aluksi hyv\u00e4ksy\u00e4 verkkolaskujen vastaanottaminen ja l\u00e4hett\u00e4minen Envoice-ymp\u00e4rist\u00f6ss\u00e4. Ohje l\u00f6ytyy t\u00e4\u00e4lt\u00e4. <\/span><a href=\"https:\/\/support.envoice.eu\/hc\/et\/articles\/360025676434-Kuidas-aktiveerida-e-arve-vastuv%C3%B5tmine-ja-saatmine-\"><span data-contrast=\"none\">https:\/\/support.envoice.eu\/hc\/et\/articles\/360025676434-Kuidas-<\/span><\/a> <a href=\"https:\/\/support.envoice.eu\/hc\/et\/articles\/360025676434-Kuidas-aktiveerida-e-arve-vastuv%C3%B5tmine-ja-saatmine-\"><span data-contrast=\"none\">aktiveerida-e-arve-vastuv%C3%B5tmine-ja-saatmine-<\/span><\/a><span data-ccp-props=\"{&quot;335559685&quot;:115,&quot;335559737&quot;:116}\">\u00a0<\/span><\/p>\n<p><span data-contrast=\"none\">Yleinen videoesittely Envoicesta:<\/span><\/p>\n<div class=\"video video-fit mb\" style=\"padding-top:56.25%;\"><iframe loading=\"lazy\" title=\"Olen Invoice\" width=\"1020\" height=\"574\" src=\"https:\/\/www.youtube.com\/embed\/04vedSID1KI?feature=oembed\" frameborder=\"0\" allow=\"accelerometer; autoplay; clipboard-write; encrypted-media; gyroscope; picture-in-picture; web-share\" referrerpolicy=\"strict-origin-when-cross-origin\" allowfullscreen><\/iframe><\/div>\n\n<p><span data-contrast=\"auto\">Kulutusasiakirjojen l\u00e4hett\u00e4minen puhelinsovelluksen kautta:<\/span><\/p>\n<div class=\"video video-fit mb\" style=\"padding-top:56.25%;\"><p><iframe loading=\"lazy\" title=\"Kulutustodistuksen lis\u00e4\u00e4minen\" width=\"1020\" height=\"574\" src=\"https:\/\/www.youtube.com\/embed\/7_P5mH_C2RM?feature=oembed\" frameborder=\"0\" allow=\"accelerometer; autoplay; clipboard-write; encrypted-media; gyroscope; picture-in-picture; web-share\" referrerpolicy=\"strict-origin-when-cross-origin\" allowfullscreen><\/iframe><\/p>\n<\/div>\n\n<p><span data-contrast=\"auto\">Kaikki kirjalliset ohjeet l\u00f6ytyv\u00e4t t\u00e4\u00e4lt\u00e4 <\/span><a href=\"https:\/\/support.envoice.eu\/hc\/et\"><span data-contrast=\"none\">https:\/\/support.envoice.eu\/hc\/et<\/span><\/a><span data-ccp-props=\"{&quot;201341983&quot;:1,&quot;335559685&quot;:115,&quot;335559738&quot;:261,&quot;335559740&quot;:278}\">\u00a0<\/span><\/p>\n<p><span data-contrast=\"auto\">Nelj\u00e4 t\u00e4rkeint\u00e4 ohjetta ovat:<\/span><span data-ccp-props=\"{&quot;201341983&quot;:1,&quot;335559685&quot;:115,&quot;335559740&quot;:264}\">\u00a0<\/span><\/p>\n<ul>\n<li data-leveltext=\"\uf0b7\" data-font=\"Symbol\" data-listid=\"1\" data-list-defn-props=\"{&quot;335551671&quot;:0,&quot;335552541&quot;:1,&quot;335559685&quot;:836,&quot;335559991&quot;:361,&quot;469769226&quot;:&quot;Symbol&quot;,&quot;469769242&quot;:&#091;8226&#093;,&quot;469777803&quot;:&quot;left&quot;,&quot;469777804&quot;:&quot;\uf0b7&quot;,&quot;469777815&quot;:&quot;hybridMultilevel&quot;}\" aria-setsize=\"-1\" data-aria-posinset=\"0\" data-aria-level=\"1\"><span data-contrast=\"auto\">Kuinka lis\u00e4t\u00e4 ostolaskuja - <\/span><a href=\"https:\/\/support.envoice.eu\/hc\/et\/articles\/360015812619-VIDEO-Ostuarvete-lisamine-ja-vastuv%C3%B5tmine\"><span data-contrast=\"none\">https:\/\/support.envoice.eu\/hc\/et\/articles\/360015812619-<\/span><\/a> <a href=\"https:\/\/support.envoice.eu\/hc\/et\/articles\/360015812619-VIDEO-Ostuarvete-lisamine-ja-vastuv%C3%B5tmine\"><span data-contrast=\"none\">VIDEO-Ostuarvete-lisamine-ja-vastuv%C3%B5tmine<\/span><\/a><span data-ccp-props=\"{&quot;201341983&quot;:0,&quot;335551550&quot;:1,&quot;335551620&quot;:1,&quot;335559685&quot;:836,&quot;335559737&quot;:704,&quot;335559738&quot;:2,&quot;335559739&quot;:0,&quot;335559740&quot;:240,&quot;335559991&quot;:361,&quot;469777462&quot;:&#091;836&#093;,&quot;469777927&quot;:&#091;0&#093;,&quot;469777928&quot;:&#091;1&#093;}\">\u00a0<\/span><\/li>\n<\/ul>\n<ul>\n<li data-leveltext=\"\uf0b7\" data-font=\"Symbol\" data-listid=\"1\" data-list-defn-props=\"{&quot;335551671&quot;:0,&quot;335552541&quot;:1,&quot;335559685&quot;:836,&quot;335559991&quot;:361,&quot;469769226&quot;:&quot;Symbol&quot;,&quot;469769242&quot;:&#091;8226&#093;,&quot;469777803&quot;:&quot;left&quot;,&quot;469777804&quot;:&quot;\uf0b7&quot;,&quot;469777815&quot;:&quot;hybridMultilevel&quot;}\" aria-setsize=\"-1\" data-aria-posinset=\"1\" data-aria-level=\"1\"><span data-contrast=\"auto\">Myyntilaskujen laatiminen \u2013<\/span><a href=\"https:\/\/support.envoice.eu\/hc\/et\/articles\/360009332173\"><span data-contrast=\"none\">https:\/\/support.envoice.eu\/hc\/et\/articles\/360009332173<\/span><\/a><span data-ccp-props=\"{&quot;201341983&quot;:1,&quot;335551550&quot;:1,&quot;335551620&quot;:1,&quot;335559685&quot;:836,&quot;335559737&quot;:0,&quot;335559738&quot;:0,&quot;335559739&quot;:0,&quot;335559740&quot;:279,&quot;335559991&quot;:361,&quot;469777462&quot;:&#091;836&#093;,&quot;469777927&quot;:&#091;0&#093;,&quot;469777928&quot;:&#091;1&#093;}\">\u00a0<\/span><\/li>\n<\/ul>\n<ul>\n<li data-leveltext=\"\uf0b7\" data-font=\"Symbol\" data-listid=\"1\" data-list-defn-props=\"{&quot;335551671&quot;:0,&quot;335552541&quot;:1,&quot;335559685&quot;:836,&quot;335559991&quot;:361,&quot;469769226&quot;:&quot;Symbol&quot;,&quot;469769242&quot;:&#091;8226&#093;,&quot;469777803&quot;:&quot;left&quot;,&quot;469777804&quot;:&quot;\uf0b7&quot;,&quot;469777815&quot;:&quot;hybridMultilevel&quot;}\" aria-setsize=\"-1\" data-aria-posinset=\"2\" data-aria-level=\"1\"><span data-contrast=\"none\">Yleiskatsaus Envoicesta <\/span><b><span data-contrast=\"none\">mobiilisovelluksesta <\/span><\/b><span data-contrast=\"none\">(Android- tai iOS-laitteille): <\/span><a href=\"https:\/\/support.envoice.eu\/hc\/et\/articles\/360017658479-Kuidas-laadida-alla-ja-kasutada-Envoice-i-mobiilirakendust-\"><span data-contrast=\"none\">https:\/\/support.envoice.eu\/hc\/et\/articles\/360017658479-Kuidas-laadida-alla-ja-kasutada-<\/span><\/a> <a href=\"https:\/\/support.envoice.eu\/hc\/et\/articles\/360017658479-Kuidas-laadida-alla-ja-kasutada-Envoice-i-mobiilirakendust-\"><span data-contrast=\"none\">Envoice-i-mobiilisovellus-<\/span><\/a><span data-ccp-props=\"{&quot;201341983&quot;:0,&quot;335551550&quot;:1,&quot;335551620&quot;:1,&quot;335559685&quot;:836,&quot;335559737&quot;:373,&quot;335559738&quot;:1,&quot;335559739&quot;:0,&quot;335559740&quot;:240,&quot;335559991&quot;:360,&quot;469777462&quot;:&#091;836&#093;,&quot;469777927&quot;:&#091;0&#093;,&quot;469777928&quot;:&#091;1&#093;}\">\u00a0<\/span><\/li>\n<\/ul>\n<ul>\n<li data-leveltext=\"\uf0b7\" data-font=\"Symbol\" data-listid=\"1\" data-list-defn-props=\"{&quot;335551671&quot;:0,&quot;335552541&quot;:1,&quot;335559685&quot;:836,&quot;335559991&quot;:361,&quot;469769226&quot;:&quot;Symbol&quot;,&quot;469769242&quot;:&#091;8226&#093;,&quot;469777803&quot;:&quot;left&quot;,&quot;469777804&quot;:&quot;\uf0b7&quot;,&quot;469777815&quot;:&quot;hybridMultilevel&quot;}\" aria-setsize=\"-1\" data-aria-posinset=\"3\" data-aria-level=\"1\"><span data-contrast=\"none\">Kuinka laatia kuluraportteja <\/span><a href=\"https:\/\/support.envoice.eu\/hc\/et\/articles\/360009410633-Kuidas-seadistada-kululiigid-\"><span data-contrast=\"none\">https:\/\/support.envoice.eu\/hc\/et\/articles\/360009410633-<\/span><\/a> <a href=\"https:\/\/support.envoice.eu\/hc\/et\/articles\/360009410633-Kuidas-seadistada-kululiigid-\"><span data-contrast=\"none\">Kustannustyyppien m\u00e4\u00e4ritt\u00e4minen<\/span><\/a><span data-ccp-props=\"{&quot;201341983&quot;:0,&quot;335551550&quot;:1,&quot;335551620&quot;:1,&quot;335559685&quot;:836,&quot;335559737&quot;:157,&quot;335559738&quot;:2,&quot;335559739&quot;:0,&quot;335559740&quot;:237,&quot;335559991&quot;:360,&quot;469777462&quot;:&#091;836&#093;,&quot;469777927&quot;:&#091;0&#093;,&quot;469777928&quot;:&#091;1&#093;}\">\u00a0<\/span><\/li>\n<\/ul>\n<p aria-level=\"1\"><b><span data-contrast=\"none\">Kuinka l\u00e4hett\u00e4\u00e4 yrityksesi laskut kirjanpit\u00e4j\u00e4lle?<\/span><\/b><span data-ccp-props=\"{&quot;201341983&quot;:0,&quot;335559685&quot;:115,&quot;335559738&quot;:262,&quot;335559740&quot;:240}\">\u00a0<\/span><\/p>\n<p><b><span data-contrast=\"none\">Voit tehd\u00e4 t\u00e4m\u00e4n nelj\u00e4ll\u00e4 tavalla:<\/span><\/b><span data-ccp-props=\"{&quot;201341983&quot;:1,&quot;335551550&quot;:1,&quot;335551620&quot;:1,&quot;335559685&quot;:116,&quot;335559731&quot;:0,&quot;335559737&quot;:0,&quot;335559738&quot;:262,&quot;335559740&quot;:265}\">\u00a0<\/span><\/p>\n<ol>\n<li><span data-contrast=\"none\">pyyt\u00e4\u00e4 toimittajia l\u00e4hett\u00e4m\u00e4\u00e4n e-laskuja (e-laskut saapuvat automaattisesti Envoice-ymp\u00e4rist\u00f6\u00f6n);<\/span><span data-ccp-props=\"{&quot;201341983&quot;:0,&quot;335551550&quot;:1,&quot;335551620&quot;:1,&quot;335559685&quot;:836,&quot;335559737&quot;:1275,&quot;335559738&quot;:0,&quot;335559739&quot;:0,&quot;335559740&quot;:240,&quot;335559991&quot;:361,&quot;469777462&quot;:&#091;834,836&#093;,&quot;469777927&quot;:&#091;0,0&#093;,&quot;469777928&quot;:&#091;1,1&#093;}\">\u00a0<\/span><\/li>\n<li><span data-contrast=\"none\">laskujen l\u00e4hett\u00e4minen tai v\u00e4litt\u00e4minen yrityksesi omaan s\u00e4hk\u00f6postiosoitteeseen Laskut;<\/span><span data-ccp-props=\"{&quot;201341983&quot;:1,&quot;335551550&quot;:1,&quot;335551620&quot;:1,&quot;335559685&quot;:835,&quot;335559737&quot;:0,&quot;335559738&quot;:0,&quot;335559739&quot;:0,&quot;335559740&quot;:262,&quot;335559991&quot;:359,&quot;469777462&quot;:&#091;835&#093;,&quot;469777927&quot;:&#091;0&#093;,&quot;469777928&quot;:&#091;1&#093;}\">\u00a0<\/span><\/li>\n<li><span data-contrast=\"none\">laskujen lis\u00e4\u00e4minen manuaalisesti ostomoduuliin;<\/span><span data-ccp-props=\"{&quot;201341983&quot;:1,&quot;335551550&quot;:1,&quot;335551620&quot;:1,&quot;335559685&quot;:835,&quot;335559737&quot;:0,&quot;335559738&quot;:0,&quot;335559739&quot;:0,&quot;335559740&quot;:264,&quot;335559991&quot;:359,&quot;469777462&quot;:&#091;835&#093;,&quot;469777927&quot;:&#091;0&#093;,&quot;469777928&quot;:&#091;1&#093;}\">\u00a0<\/span><\/li>\n<li><span data-contrast=\"none\">mobiilisovelluksella k\u00e4teisell\u00e4 ja korttimaksuilla (kuitit).<\/span><span data-ccp-props=\"{&quot;201341983&quot;:1,&quot;335551550&quot;:1,&quot;335551620&quot;:1,&quot;335559685&quot;:834,&quot;335559737&quot;:0,&quot;335559738&quot;:0,&quot;335559739&quot;:0,&quot;335559740&quot;:265,&quot;335559991&quot;:359,&quot;469777462&quot;:&#091;834&#093;,&quot;469777927&quot;:&#091;0&#093;,&quot;469777928&quot;:&#091;1&#093;}\">\u00a0<\/span><\/li>\n<\/ol>\n<p><span data-contrast=\"none\">On t\u00e4rke\u00e4\u00e4 tiet\u00e4\u00e4, ett\u00e4 Envoice hyv\u00e4ksyy vain laskut <\/span><b><span data-contrast=\"none\">pdf tai kuva (jpg, png) muodossa tai e-laskut.<\/span><\/b><span data-ccp-props=\"{&quot;335551550&quot;:1,&quot;335551620&quot;:1,&quot;335559685&quot;:115,&quot;335559731&quot;:0,&quot;335559737&quot;:0,&quot;335559738&quot;:262}\">\u00a0<\/span><\/p>\n<p><span data-contrast=\"auto\">Toivottavasti l\u00f6yd\u00e4t kaikki tarvittavat tiedot ohjeista, jos sinulla on lis\u00e4kysymyksi\u00e4, autamme mielell\u00e4mme!<\/span><span data-ccp-props=\"{&quot;335559685&quot;:115,&quot;335559737&quot;:189,&quot;335559738&quot;:261}\">\u00a0<\/span><\/p>\n\n\t\t<\/div>\n\t\t\t\t\t<\/div>\n\n\t\n\n<\/div>","protected":false},"excerpt":{"rendered":"","protected":false},"author":24,"featured_media":14535,"parent":0,"menu_order":0,"comment_status":"closed","ping_status":"closed","template":"page-blank.php","meta":{"footnotes":""},"class_list":["post-14541","page","type-page","status-publish","has-post-thumbnail","hentry"],"_links":{"self":[{"href":"https:\/\/grow.ee\/fi\/wp-json\/wp\/v2\/pages\/14541","targetHints":{"allow":["GET"]}}],"collection":[{"href":"https:\/\/grow.ee\/fi\/wp-json\/wp\/v2\/pages"}],"about":[{"href":"https:\/\/grow.ee\/fi\/wp-json\/wp\/v2\/types\/page"}],"author":[{"embeddable":true,"href":"https:\/\/grow.ee\/fi\/wp-json\/wp\/v2\/users\/24"}],"replies":[{"embeddable":true,"href":"https:\/\/grow.ee\/fi\/wp-json\/wp\/v2\/comments?post=14541"}],"version-history":[{"count":5,"href":"https:\/\/grow.ee\/fi\/wp-json\/wp\/v2\/pages\/14541\/revisions"}],"predecessor-version":[{"id":14546,"href":"https:\/\/grow.ee\/fi\/wp-json\/wp\/v2\/pages\/14541\/revisions\/14546"}],"wp:featuredmedia":[{"embeddable":true,"href":"https:\/\/grow.ee\/fi\/wp-json\/wp\/v2\/media\/14535"}],"wp:attachment":[{"href":"https:\/\/grow.ee\/fi\/wp-json\/wp\/v2\/media?parent=14541"}],"curies":[{"name":"wp","href":"https:\/\/api.w.org\/{rel}","templated":true}]}}