{"id":14536,"date":"2025-01-02T13:12:33","date_gmt":"2025-01-02T10:12:33","guid":{"rendered":"https:\/\/grow.ee\/?page_id=14536"},"modified":"2025-02-21T17:19:00","modified_gmt":"2025-02-21T14:19:00","slug":"viranomaisten-valta","status":"publish","type":"page","link":"https:\/\/grow.ee\/fi\/power-of-authorities\/","title":{"rendered":"Viranomaisten valta"},"content":{"rendered":"<div id=\"page-header-1098794794\" class=\"page-header-wrapper\">\n  <div class=\"page-title dark featured-title\">\n\n        <div class=\"page-title-bg\">\n      <div class=\"title-bg fill bg-fill\"\n        data-parallax-container=\".page-title\"\n        data-parallax-background\n data-parallax=\"-\">\n      <\/div>\n      <div class=\"title-overlay fill\"><\/div>\n    <\/div>\n    \n    <div class=\"page-title-inner container align-center text-center flex-row-col medium-flex-wrap\" >\n            <div class=\"title-content flex-col\">\n        <div class=\"title-breadcrumbs pb-half pt-half\"><\/div>      <\/div>\n    <\/div>\n\n     \n<style>\n#page-header-1098794794 .page-title-inner {\n  min-height: 150px;\n}\n#page-header-1098794794 .title-bg {\n  background-image: url(https:\/\/grow.ee\/wp-content\/uploads\/2025\/01\/volitused.jpg);\n}\n<\/style>\n  <\/div>\n    <\/div>\n  \n\n\t<div id=\"gap-377119082\" class=\"gap-element clearfix\" style=\"display:block; height:auto;\">\n\t\t\n<style>\n#gap-377119082 {\n  padding-top: 30px;\n}\n<\/style>\n\t<\/div>\n\t\n\n<div class=\"row\"  id=\"row-400907824\">\n\n\n\t<div id=\"col-861206195\" class=\"col small-12 large-12\"  >\n\t\t\t\t<div class=\"col-inner\"  >\n\t\t\t\n\t\t\t\n\n<p><b><span data-contrast=\"none\">Viranomaisten valta kasvattaa RAHOITUSTA<\/span><\/b><\/p>\n<p><span data-contrast=\"none\">Tilitoimistopalveluiden tarjoamiseen tarvitsemme seuraavat valtuutukset:\u00a0<\/span><\/p>\n<p><strong>1. P\u00e4\u00e4sy e-Tax-palveluun<\/strong> \u2013<\/p>\n<p><strong>Loki<\/strong><u>\u2013<\/u>t\u00e4ll\u00e4 sivustolla <u>https:\/\/maasikas.emta.ee\/login\/?lang=en<\/u><\/p>\n<p>- Mene <strong>asetukset -&gt; K\u00e4ytt\u00f6oikeudet -&gt; Edustajien k\u00e4ytt\u00f6oikeudet<\/strong><\/p>\n<p>\u2013 Napsauta UUSI k\u00e4ytt\u00f6oikeus ja anna Grow Finance (<strong>rekister\u00f6intikoodi <\/strong><strong>11627587) <\/strong>hallinto- ja delegointiviranomaisten oikeuksilla. Se antaa mahdollisuuden antaa tai poistaa lis\u00e4\u00e4 valtuuksia <strong>Grow Finance<\/strong> tarvittaessa ty\u00f6ntekij\u00f6it\u00e4.<\/p>\n<p>Antaa delegointioikeudet <strong>Grow Finance O\u00dc<\/strong>, kirjoita <strong>rekister\u00f6intikoodi <\/strong><strong>11627587 <\/strong>ja napsauta sitten &quot;Hae&quot;, niin n\u00e4et kaikki paketit, jotka voit delegoida. Ole hyv\u00e4 ja valitse <strong>&quot;Paketti oikeushenkil\u00f6n valtuutetulle edustajalle&quot; ja &quot;Kirjanpit\u00e4j\u00e4n paketti&quot;<\/strong>:<\/p>\n\t<div class=\"img has-hover x md-x lg-x y md-y lg-y\" id=\"image_1815916454\">\n\t\t\t\t\t\t\t\t<div class=\"img-inner dark\" >\n\t\t\t<img loading=\"lazy\" decoding=\"async\" width=\"1572\" height=\"805\" src=\"https:\/\/grow.ee\/wp-content\/uploads\/2025\/01\/ENG-VOLITUSED-pilt-1.jpg\" class=\"attachment-original size-original\" alt=\"\" srcset=\"https:\/\/grow.ee\/wp-content\/uploads\/2025\/01\/ENG-VOLITUSED-pilt-1.jpg 1572w, https:\/\/grow.ee\/wp-content\/uploads\/2025\/01\/ENG-VOLITUSED-pilt-1-300x154.jpg 300w, https:\/\/grow.ee\/wp-content\/uploads\/2025\/01\/ENG-VOLITUSED-pilt-1-720x369.jpg 720w, https:\/\/grow.ee\/wp-content\/uploads\/2025\/01\/ENG-VOLITUSED-pilt-1-768x393.jpg 768w, https:\/\/grow.ee\/wp-content\/uploads\/2025\/01\/ENG-VOLITUSED-pilt-1-1536x787.jpg 1536w, https:\/\/grow.ee\/wp-content\/uploads\/2025\/01\/ENG-VOLITUSED-pilt-1-18x9.jpg 18w\" sizes=\"auto, (max-width: 1572px) 100vw, 1572px\" \/>\t\t\t\t\t\t\n\t\t\t\t\t<\/div>\n\t\t\t\t\t\t\t\t\n<style>\n#image_1815916454 {\n  width: 100%;\n}\n<\/style>\n\t<\/div>\n\t\n\n\t<div id=\"gap-273570783\" class=\"gap-element clearfix\" style=\"display:block; height:auto;\">\n\t\t\n<style>\n#gap-273570783 {\n  padding-top: 30px;\n}\n<\/style>\n\t<\/div>\n\t\n\n<p>T\u00e4lt\u00e4 sivustolta l\u00f6ytyy my\u00f6s ohje: <a href=\"https:\/\/www.emta.ee\/en\/business-client\/e-services-training-courses\/how-use-e-services\/granting-access-permissions\">https:\/\/www.emta.ee\/en\/business-client\/e-services-training-courses\/how-use-e-services\/granting-access-permissions<\/a><\/p>\n<p><strong>2. P\u00e4\u00e4sy osoitteeseen Estonia.ee<\/strong> jota tarvitaan sairauslomatietojen jne. t\u00e4ytt\u00e4miseen. Sy\u00f6t\u00e4 kautta <a href=\"https:\/\/www.eesti.ee\/ettevotja\/en\">https:\/\/www.eesti.ee\/ettevotja\/en<\/a>.<\/p>\n<p><strong>Uuden ty\u00f6ntekij\u00e4n lis\u00e4\u00e4miseksi<\/strong>, l\u00f6yd\u00e4t vasemman reunan valikosta <strong>Valtuutukset<\/strong> -&gt; <strong>Lis\u00e4\u00e4 valtuutus<\/strong>-&gt; Grow Finance \u2013 rekisterikoodi <strong>11627587 <\/strong>-&gt; Napsauta &quot;M\u00e4\u00e4rit\u00e4 edustajaksi 11627587&quot;-&gt;<\/p>\n\t<div class=\"img has-hover x md-x lg-x y md-y lg-y\" id=\"image_1684761398\">\n\t\t\t\t\t\t\t\t<div class=\"img-inner dark\" >\n\t\t\t<img loading=\"lazy\" decoding=\"async\" width=\"579\" height=\"153\" src=\"https:\/\/grow.ee\/wp-content\/uploads\/2025\/01\/ENG-VOLITUSED-pilt-2.jpg\" class=\"attachment-original size-original\" alt=\"\" srcset=\"https:\/\/grow.ee\/wp-content\/uploads\/2025\/01\/ENG-VOLITUSED-pilt-2.jpg 579w, https:\/\/grow.ee\/wp-content\/uploads\/2025\/01\/ENG-VOLITUSED-pilt-2-300x79.jpg 300w, https:\/\/grow.ee\/wp-content\/uploads\/2025\/01\/ENG-VOLITUSED-pilt-2-18x5.jpg 18w\" sizes=\"auto, (max-width: 579px) 100vw, 579px\" \/>\t\t\t\t\t\t\n\t\t\t\t\t<\/div>\n\t\t\t\t\t\t\t\t\n<style>\n#image_1684761398 {\n  width: 40%;\n}\n<\/style>\n\t<\/div>\n\t\n\n<p>Valitse Rooli-painike ja anna seuraavat roolit (&quot;+Lis\u00e4\u00e4 valtuutus&quot; -painikkeella voit lis\u00e4t\u00e4 toisen roolin)<\/p>\n<p><br \/>2. .K\u00e4ytt\u00f6oikeuksien hallinta: Viro<strong>.ee: Yrityksen valtuutettu edustaja (eesti.ee-portaalissa saatavilla oleville palveluille)<\/strong><\/p>\n<ul>\n<li>Vuosikertomusportaali:<strong>Vuosikertomusportaali: Oikeus kirjoittaa ja toimittaa vuosikertomus<\/strong><\/li>\n<li><strong>P\u00e4\u00e4sy verkkopankkiin<\/strong> (n\u00e4hd\u00e4ksesi tiliotteen ja sy\u00f6tt\u00e4\u00e4ksesi maksut). sis\u00e4\u00e4n <strong>Swedbank, LHV<\/strong> ja sis\u00e4\u00e4n <strong>SEB<\/strong> sen voi tehd\u00e4 verkossa verkkopankin kautta. sis\u00e4\u00e4n <strong>Luminor<\/strong> and <strong>Coop<\/strong> pankeissa sinun on otettava yhteytt\u00e4 asiakasp\u00e4\u00e4llikk\u00f6\u00f6n tai vierailtava pankin konttorissa.<\/li>\n<\/ul>\n<p>Pankeista kiinnit\u00e4mme huomiota seuraaviin:<\/p>\n<p>sis\u00e4\u00e4n <strong>SEB<\/strong> sinun tulee antaa oikeus suorittaa maksuja 0,00 euron rajalla<\/p>\n<p>sis\u00e4\u00e4n <strong>Swedbank<\/strong> valitse profiili &quot;Tiedot&quot;<\/p>\n<p>Helarin id-koodi on <strong>37905290383<\/strong> (Swedbankissa tarvitset my\u00f6s Helarin k\u00e4ytt\u00e4j\u00e4numeron, joka on <strong>236408<\/strong>).<\/p>\n<p><strong>Lis\u00e4\u00e4 k\u00e4ytt\u00f6oikeus my\u00f6s kirjanpit\u00e4j\u00e4lle.<\/strong><\/p>\n<ul>\n<li>P\u00e4\u00e4sy kohteeseen <strong>Viron tilasto<\/strong> (<a href=\"http:\/\/www.stat.ee\/en\">http:\/\/www.stat.ee\/en<\/a>) \u2013 pyyd\u00e4mme p\u00e4\u00e4sy\u00e4 my\u00f6hemmin, kun olemme aloittaneet ty\u00f6n. Sis\u00e4lt\u00f6ss\u00e4 on erilaisia k\u00e4ytt\u00f6oikeuksia <strong>Viron tilasto<\/strong> ja pyyd\u00e4mme vain tarpeellisia.<\/li>\n<\/ul>\n<p><em>Jos sinulla on kysytt\u00e4v\u00e4\u00e4 tai ongelmia oikeuksien my\u00f6nt\u00e4misess\u00e4 Helarille, ota meihin yhteytt\u00e4!<\/em><\/p>\n<p><em>Ilmoita meille, jos p\u00e4\u00e4sy on tehty, niin tarkistamme toimiiko kaikki hyvin.<\/em><\/p>\n\n\t\t<\/div>\n\t\t\t\t\t<\/div>\n\n\t\n\n<\/div>","protected":false},"excerpt":{"rendered":"","protected":false},"author":24,"featured_media":14535,"parent":0,"menu_order":0,"comment_status":"closed","ping_status":"closed","template":"page-blank.php","meta":{"footnotes":""},"class_list":["post-14536","page","type-page","status-publish","has-post-thumbnail","hentry"],"_links":{"self":[{"href":"https:\/\/grow.ee\/fi\/wp-json\/wp\/v2\/pages\/14536","targetHints":{"allow":["GET"]}}],"collection":[{"href":"https:\/\/grow.ee\/fi\/wp-json\/wp\/v2\/pages"}],"about":[{"href":"https:\/\/grow.ee\/fi\/wp-json\/wp\/v2\/types\/page"}],"author":[{"embeddable":true,"href":"https:\/\/grow.ee\/fi\/wp-json\/wp\/v2\/users\/24"}],"replies":[{"embeddable":true,"href":"https:\/\/grow.ee\/fi\/wp-json\/wp\/v2\/comments?post=14536"}],"version-history":[{"count":2,"href":"https:\/\/grow.ee\/fi\/wp-json\/wp\/v2\/pages\/14536\/revisions"}],"predecessor-version":[{"id":14540,"href":"https:\/\/grow.ee\/fi\/wp-json\/wp\/v2\/pages\/14536\/revisions\/14540"}],"wp:featuredmedia":[{"embeddable":true,"href":"https:\/\/grow.ee\/fi\/wp-json\/wp\/v2\/media\/14535"}],"wp:attachment":[{"href":"https:\/\/grow.ee\/fi\/wp-json\/wp\/v2\/media?parent=14536"}],"curies":[{"name":"wp","href":"https:\/\/api.w.org\/{rel}","templated":true}]}}