{"id":14515,"date":"2025-01-02T13:03:44","date_gmt":"2025-01-02T10:03:44","guid":{"rendered":"https:\/\/grow.ee\/?page_id=14515"},"modified":"2025-02-06T11:36:54","modified_gmt":"2025-02-06T08:36:54","slug":"valtuudet","status":"publish","type":"page","link":"https:\/\/grow.ee\/fi\/volitused\/","title":{"rendered":"Voimat"},"content":{"rendered":"<div id=\"page-header-2001450685\" class=\"page-header-wrapper\">\n  <div class=\"page-title dark featured-title\">\n\n        <div class=\"page-title-bg\">\n      <div class=\"title-bg fill bg-fill\"\n        data-parallax-container=\".page-title\"\n        data-parallax-background\n data-parallax=\"-\">\n      <\/div>\n      <div class=\"title-overlay fill\"><\/div>\n    <\/div>\n    \n    <div class=\"page-title-inner container align-center text-center flex-row-col medium-flex-wrap\" >\n            <div class=\"title-content flex-col\">\n        <div class=\"title-breadcrumbs pb-half pt-half\"><\/div>      <\/div>\n    <\/div>\n\n     \n<style>\n#page-header-2001450685 .page-title-inner {\n  min-height: 150px;\n}\n#page-header-2001450685 .title-bg {\n  background-image: url(https:\/\/grow.ee\/wp-content\/uploads\/2025\/01\/volitused.jpg);\n}\n<\/style>\n  <\/div>\n    <\/div>\n  \n\n\t<div id=\"gap-1723925671\" class=\"gap-element clearfix\" style=\"display:block; height:auto;\">\n\t\t\n<style>\n#gap-1723925671 {\n  padding-top: 30px;\n}\n<\/style>\n\t<\/div>\n\t\n\n<div class=\"row\"  id=\"row-462371000\">\n\n\n\t<div id=\"col-1503982203\" class=\"col small-12 large-12\"  >\n\t\t\t\t<div class=\"col-inner\"  >\n\t\t\t\n\t\t\t\n\n<p><b><span data-contrast=\"none\">KASVURAHOITUSVIRANOMAISET<\/span><\/b><span data-ccp-props=\"{&quot;201341983&quot;:0,&quot;335551550&quot;:6,&quot;335551620&quot;:6,&quot;335559685&quot;:-284,&quot;335559737&quot;:142,&quot;335559738&quot;:120,&quot;335559739&quot;:120,&quot;335559740&quot;:360}\">\u00a0<\/span><\/p>\n<p><span data-contrast=\"none\">Tarvitsemme seuraavat valtuutukset kirjanpidon suorittamiseen:<\/span><span data-ccp-props=\"{&quot;134233117&quot;:true,&quot;134233118&quot;:true,&quot;201341983&quot;:0,&quot;335551550&quot;:6,&quot;335551620&quot;:6,&quot;335559685&quot;:-284,&quot;335559737&quot;:142,&quot;335559739&quot;:200,&quot;335559740&quot;:288}\">\u00a0<\/span><\/p>\n<ol>\n<li data-leveltext=\"%1.\" data-font=\"Lato\" data-listid=\"11\" data-list-defn-props=\"{&quot;335552541&quot;:0,&quot;335559685&quot;:720,&quot;335559991&quot;:360,&quot;469769242&quot;:&#091;65533,0&#093;,&quot;469777803&quot;:&quot;left&quot;,&quot;469777804&quot;:&quot;%1.&quot;,&quot;469777815&quot;:&quot;hybridMultilevel&quot;}\" aria-setsize=\"-1\" data-aria-posinset=\"1\" data-aria-level=\"1\"><b><span data-contrast=\"none\">E-Tax Boardin p\u00e4\u00e4sy<\/span><\/b><span data-contrast=\"none\"> \u2013\u00a0<\/span><span data-ccp-props=\"{&quot;201341983&quot;:0,&quot;335551550&quot;:6,&quot;335551620&quot;:6,&quot;335559685&quot;:-284,&quot;335559731&quot;:0,&quot;335559737&quot;:142,&quot;335559739&quot;:0,&quot;335559740&quot;:240}\">\u00a0<\/span><\/li>\n<\/ol>\n<p><span data-contrast=\"none\">- kirjoita t\u00e4nne <\/span><a href=\"https:\/\/maasikas.emta.ee\/login\/?lang=et\"><span data-contrast=\"none\">https:\/\/maasikas.emta.ee\/login\/?lang=et<\/span><\/a><span data-contrast=\"none\">\u00a0<\/span><span data-ccp-props=\"{&quot;201341983&quot;:0,&quot;335551550&quot;:6,&quot;335551620&quot;:6,&quot;335559685&quot;:-284,&quot;335559737&quot;:142,&quot;335559739&quot;:0,&quot;335559740&quot;:240}\">\u00a0<\/span><\/p>\n<p><span data-contrast=\"none\">\u2013 valitse asetukset \u2013&gt; k\u00e4ytt\u00f6oikeudet -&gt; edustajan k\u00e4ytt\u00f6oikeudet<\/span><span data-ccp-props=\"{&quot;201341983&quot;:0,&quot;335551550&quot;:6,&quot;335551620&quot;:6,&quot;335559685&quot;:-284,&quot;335559737&quot;:142,&quot;335559739&quot;:0,&quot;335559740&quot;:240}\">\u00a0<\/span><\/p>\n<p><span data-contrast=\"none\">\u2013 UUSI k\u00e4ytt\u00f6oikeus ja lis\u00e4ys Grow Financialiin (rekister\u00f6intikoodi<\/span><b><span data-contrast=\"none\">11627587<\/span><\/b><span data-contrast=\"none\">), paina &quot;<\/span><b><span data-contrast=\"none\">Haku<\/span><\/b><span data-contrast=\"none\">Kaikki valtuutuspaketit tulevat n\u00e4kyviin.<\/span><span data-ccp-props=\"{&quot;201341983&quot;:0,&quot;335551550&quot;:6,&quot;335551620&quot;:6,&quot;335559685&quot;:-284,&quot;335559737&quot;:142,&quot;335559739&quot;:0,&quot;335559740&quot;:240}\">\u00a0<\/span><\/p>\n<p><span data-contrast=\"none\">My\u00f6nn\u00e4 delegointioikeudet valitsemalla <\/span><b><span data-contrast=\"none\">Oikeushenkil\u00f6n valtuutetun edustajan paketti ja kirjanpit\u00e4j\u00e4paketti<\/span><\/b><span data-contrast=\"none\">:<\/span><span data-ccp-props=\"{&quot;201341983&quot;:0,&quot;335551550&quot;:6,&quot;335551620&quot;:6,&quot;335559685&quot;:-284,&quot;335559737&quot;:142,&quot;335559739&quot;:0,&quot;335559740&quot;:240}\">\u00a0<\/span><\/p>\n\t<div class=\"img has-hover x md-x lg-x y md-y lg-y\" id=\"image_1098237006\">\n\t\t\t\t\t\t\t\t<div class=\"img-inner dark\" >\n\t\t\t<img loading=\"lazy\" decoding=\"async\" width=\"1550\" height=\"727\" src=\"https:\/\/grow.ee\/wp-content\/uploads\/2025\/01\/EST-VOLITUSED-pilt1.jpg\" class=\"attachment-original size-original\" alt=\"\" srcset=\"https:\/\/grow.ee\/wp-content\/uploads\/2025\/01\/EST-VOLITUSED-pilt1.jpg 1550w, https:\/\/grow.ee\/wp-content\/uploads\/2025\/01\/EST-VOLITUSED-pilt1-300x141.jpg 300w, https:\/\/grow.ee\/wp-content\/uploads\/2025\/01\/EST-VOLITUSED-pilt1-720x338.jpg 720w, https:\/\/grow.ee\/wp-content\/uploads\/2025\/01\/EST-VOLITUSED-pilt1-768x360.jpg 768w, https:\/\/grow.ee\/wp-content\/uploads\/2025\/01\/EST-VOLITUSED-pilt1-1536x720.jpg 1536w, https:\/\/grow.ee\/wp-content\/uploads\/2025\/01\/EST-VOLITUSED-pilt1-18x8.jpg 18w\" sizes=\"auto, (max-width: 1550px) 100vw, 1550px\" \/>\t\t\t\t\t\t\n\t\t\t\t\t<\/div>\n\t\t\t\t\t\t\t\t\n<style>\n#image_1098237006 {\n  width: 100%;\n}\n<\/style>\n\t<\/div>\n\t\n\n\t<div id=\"gap-1804099991\" class=\"gap-element clearfix\" style=\"display:block; height:auto;\">\n\t\t\n<style>\n#gap-1804099991 {\n  padding-top: 30px;\n}\n<\/style>\n\t<\/div>\n\t\n\n<p><span data-contrast=\"none\">Jos j\u00e4\u00e4t jumiin, tarkemmat ohjeet valtuutuksen my\u00f6nt\u00e4miseen l\u00f6yd\u00e4t MTA:n sivuilta: <\/span><a href=\"https:\/\/www.emta.ee\/ariklient\/e-teenused-koolitused\/e-teenuste-kasutamine\/paasuoiguste-andmine\"><span data-contrast=\"none\">https:\/\/www.emta.ee\/ariklient\/e-teenused-koolitused\/e-teenuste-kasutamine\/paasuoiguste-andmine<\/span><\/a><span data-contrast=\"auto\">\u00a0<\/span><span data-ccp-props=\"{&quot;201341983&quot;:0,&quot;335551550&quot;:6,&quot;335551620&quot;:6,&quot;335559685&quot;:-284,&quot;335559737&quot;:142,&quot;335559739&quot;:0,&quot;335559740&quot;:240}\">\u00a0<\/span><\/p>\n<p><span data-contrast=\"none\">2. P\u00e4\u00e4sy <\/span><a href=\"http:\/\/eesti.ee\/\"><span data-contrast=\"none\">esti.ee<\/span><\/a><span data-contrast=\"none\"> portaali. Pakollinen sairauslomakkeiden j\u00e4tt\u00e4miseen \u2013 voit kirjautua sis\u00e4\u00e4n t\u00e4st\u00e4 <\/span><a href=\"https:\/\/www.eesti.ee\/ettevotja\/et\"><span data-contrast=\"none\">https:\/\/www.eesti.ee\/ettevotja\/et<\/span><\/a><span data-contrast=\"none\">.\u00a0<\/span><span data-ccp-props=\"{&quot;201341983&quot;:0,&quot;335551550&quot;:6,&quot;335551620&quot;:6,&quot;335559685&quot;:-284,&quot;335559731&quot;:0,&quot;335559737&quot;:142,&quot;335559739&quot;:0,&quot;335559740&quot;:240}\">\u00a0<\/span><\/p>\n<p><span data-contrast=\"none\">Valitse etusivun vasemmasta valikosta &quot;<\/span><b><span data-contrast=\"none\">Voimat&quot;<\/span><\/b><span data-ccp-props=\"{&quot;201341983&quot;:0,&quot;335551550&quot;:6,&quot;335551620&quot;:6,&quot;335559685&quot;:-284,&quot;335559737&quot;:142,&quot;335559739&quot;:0,&quot;335559740&quot;:240}\">\u00a0<\/span><\/p>\n<p><span data-contrast=\"none\">Napsauta painiketta &quot;<\/span><b><span data-contrast=\"none\">Lis\u00e4\u00e4 valtuutus<\/span><\/b><span data-contrast=\"none\">\u201d&quot;\u201d <\/span><span data-contrast=\"none\">ja anna Grow Finance -rekisterikoodi <\/span><b><span data-contrast=\"none\">11627587<\/span><\/b><span data-contrast=\"none\">.\u00a0<\/span><span data-ccp-props=\"{&quot;201341983&quot;:0,&quot;335559685&quot;:-284,&quot;335559737&quot;:142,&quot;335559739&quot;:0,&quot;335559740&quot;:240}\">\u00a0<\/span><\/p>\n<p><span data-contrast=\"none\">Napsauta sitten laatikkoa <\/span><b><span data-contrast=\"none\">&quot;nimet\u00e4 11627587 edustajaksi&quot;<\/span><\/b><span data-ccp-props=\"{&quot;201341983&quot;:0,&quot;335559685&quot;:-284,&quot;335559737&quot;:142,&quot;335559739&quot;:0,&quot;335559740&quot;:240}\">\u00a0<\/span><\/p>\n\t<div class=\"img has-hover x md-x lg-x y md-y lg-y\" id=\"image_758863101\">\n\t\t\t\t\t\t\t\t<div class=\"img-inner dark\" >\n\t\t\t<img loading=\"lazy\" decoding=\"async\" width=\"576\" height=\"182\" src=\"https:\/\/grow.ee\/wp-content\/uploads\/2025\/01\/EST-VOLITUSED-pilt-2.jpg\" class=\"attachment-original size-original\" alt=\"\" srcset=\"https:\/\/grow.ee\/wp-content\/uploads\/2025\/01\/EST-VOLITUSED-pilt-2.jpg 576w, https:\/\/grow.ee\/wp-content\/uploads\/2025\/01\/EST-VOLITUSED-pilt-2-300x95.jpg 300w, https:\/\/grow.ee\/wp-content\/uploads\/2025\/01\/EST-VOLITUSED-pilt-2-18x6.jpg 18w\" sizes=\"auto, (max-width: 576px) 100vw, 576px\" \/>\t\t\t\t\t\t\n\t\t\t\t\t<\/div>\n\t\t\t\t\t\t\t\t\n<style>\n#image_758863101 {\n  width: 40%;\n}\n<\/style>\n\t<\/div>\n\t\n\n<p><span data-contrast=\"none\">Ole hyv\u00e4 ja lis\u00e4\u00e4 rooleja:\u00a0<\/span><span data-ccp-props=\"{&quot;201341983&quot;:0,&quot;335559685&quot;:-284,&quot;335559737&quot;:142,&quot;335559739&quot;:0,&quot;335559740&quot;:240}\">\u00a0<\/span><\/p>\n<ol>\n<li><b><span data-contrast=\"none\"> Vuosikertomusportaali: Vuosikertomuksen sy\u00f6tt\u00e4minen ja l\u00e4hett\u00e4minen<\/span><\/b><\/li>\n<li><b><span data-contrast=\"auto\"> Eesti.ee: Yrityksen valtuutettu edustaja (eesti.ee palveluille)<\/span><\/b><\/li>\n<\/ol>\n<p><span data-contrast=\"none\">Napsauta sitten &quot;Vahvista&quot;-painiketta.<\/span><span data-ccp-props=\"{&quot;201341983&quot;:0,&quot;335559685&quot;:-284,&quot;335559737&quot;:142,&quot;335559739&quot;:0,&quot;335559740&quot;:240}\">\u00a0<\/span><\/p>\n<p><b><span data-contrast=\"none\">3. Verkkopankki<\/span><\/b><span data-contrast=\"none\"> oikeus tarkastella ja keskeytt\u00e4\u00e4 maksuja - <\/span><b><span data-contrast=\"none\">Swedbankin<\/span><\/b><span data-contrast=\"none\">, <\/span><b><span data-contrast=\"none\">LHV, SEB<\/span><\/b><span data-contrast=\"none\"> ja <\/span><b><span data-contrast=\"none\">Luminorissa<\/span><\/b><span data-contrast=\"none\"> voidaan tehd\u00e4 verkkopankista. <\/span><b><span data-contrast=\"none\">Luminor<\/span><\/b><span data-contrast=\"none\"> ja <\/span><b><span data-contrast=\"none\">Coop<\/span><\/b><span data-contrast=\"none\"> Pankin tapauksessa on mahdollista lis\u00e4t\u00e4 k\u00e4ytt\u00f6oikeuksia joko kommunikoimalla esimiehesi kanssa tai k\u00e4ym\u00e4ll\u00e4 pankin konttorissa.<\/span><span data-ccp-props=\"{&quot;201341983&quot;:0,&quot;335551550&quot;:6,&quot;335551620&quot;:6,&quot;335559685&quot;:-284,&quot;335559731&quot;:0,&quot;335559737&quot;:142,&quot;335559739&quot;:0,&quot;335559740&quot;:240}\">\u00a0<\/span><\/p>\n<p><span data-contrast=\"none\">Pankkien osalta haluamme kiinnitt\u00e4\u00e4 huomionne:<\/span><span data-ccp-props=\"{&quot;201341983&quot;:0,&quot;335551550&quot;:6,&quot;335551620&quot;:6,&quot;335559685&quot;:-284,&quot;335559737&quot;:142,&quot;335559739&quot;:0,&quot;335559740&quot;:240}\">\u00a0<\/span><\/p>\n<ul>\n<li><b><span data-contrast=\"none\">SEB<\/span><\/b><span data-contrast=\"none\"> T\u00e4ll\u00f6in maksuoikeus on my\u00f6nnett\u00e4v\u00e4 0,00 \u20ac:n rajalla<\/span><\/li>\n<li><b><span data-contrast=\"none\">Swedbank<\/span><\/b><span data-contrast=\"none\">Jos kyseess\u00e4 on &#039;, pyyd\u00e4mme sinua valitsemaan profiilin &quot;info&quot;<\/span><\/li>\n<\/ul>\n<p><b><span data-contrast=\"none\">4. Viron tilasto<\/span><\/b><span data-contrast=\"none\"> Tarjoamme p\u00e4\u00e4syn tarpeen mukaan ty\u00f6n aikana.\u00a0<\/span><span data-ccp-props=\"{&quot;201341983&quot;:0,&quot;335551550&quot;:6,&quot;335551620&quot;:6,&quot;335559685&quot;:-284,&quot;335559731&quot;:0,&quot;335559737&quot;:142,&quot;335559739&quot;:0,&quot;335559740&quot;:240}\">\u00a0<\/span><\/p>\n<p><span data-contrast=\"none\">Jos sinulla on ongelmia k\u00e4ytt\u00f6oikeuksien\/valtuuksien my\u00f6nt\u00e4misess\u00e4, ota meihin yhteytt\u00e4. <\/span><span data-contrast=\"none\">Ja jos leikkaukset onnistuvat, ilmoita siit\u00e4 meille - voimme tarkistaa, ett\u00e4 kaikki toimii.<\/span><span data-ccp-props=\"{&quot;201341983&quot;:0,&quot;335551550&quot;:6,&quot;335551620&quot;:6,&quot;335559685&quot;:-284,&quot;335559737&quot;:142,&quot;335559739&quot;:200,&quot;335559740&quot;:288}\">\u00a0<\/span><\/p>\n\n\t\t<\/div>\n\t\t\t\t\t<\/div>\n\n\t\n\n<\/div>","protected":false},"excerpt":{"rendered":"","protected":false},"author":24,"featured_media":14535,"parent":0,"menu_order":0,"comment_status":"closed","ping_status":"closed","template":"page-blank.php","meta":{"footnotes":""},"class_list":["post-14515","page","type-page","status-publish","has-post-thumbnail","hentry"],"_links":{"self":[{"href":"https:\/\/grow.ee\/fi\/wp-json\/wp\/v2\/pages\/14515","targetHints":{"allow":["GET"]}}],"collection":[{"href":"https:\/\/grow.ee\/fi\/wp-json\/wp\/v2\/pages"}],"about":[{"href":"https:\/\/grow.ee\/fi\/wp-json\/wp\/v2\/types\/page"}],"author":[{"embeddable":true,"href":"https:\/\/grow.ee\/fi\/wp-json\/wp\/v2\/users\/24"}],"replies":[{"embeddable":true,"href":"https:\/\/grow.ee\/fi\/wp-json\/wp\/v2\/comments?post=14515"}],"version-history":[{"count":5,"href":"https:\/\/grow.ee\/fi\/wp-json\/wp\/v2\/pages\/14515\/revisions"}],"predecessor-version":[{"id":14591,"href":"https:\/\/grow.ee\/fi\/wp-json\/wp\/v2\/pages\/14515\/revisions\/14591"}],"wp:featuredmedia":[{"embeddable":true,"href":"https:\/\/grow.ee\/fi\/wp-json\/wp\/v2\/media\/14535"}],"wp:attachment":[{"href":"https:\/\/grow.ee\/fi\/wp-json\/wp\/v2\/media?parent=14515"}],"curies":[{"name":"wp","href":"https:\/\/api.w.org\/{rel}","templated":true}]}}