{"id":14341,"date":"2024-09-24T11:18:50","date_gmt":"2024-09-24T08:18:50","guid":{"rendered":"https:\/\/grow.ee\/?page_id=14341"},"modified":"2025-11-11T15:06:18","modified_gmt":"2025-11-11T12:06:18","slug":"ohjelmistot","status":"publish","type":"page","link":"https:\/\/grow.ee\/fi\/teenused\/tarkvarad\/","title":{"rendered":"Ohjelmistot"},"content":{"rendered":"<div class=\"banner has-hover\" id=\"banner-1420285437\">\n          <div class=\"banner-inner fill\">\n        <div class=\"banner-bg fill\" >\n            <img loading=\"lazy\" decoding=\"async\" width=\"720\" height=\"403\" src=\"https:\/\/grow.ee\/wp-content\/uploads\/2024\/05\/Finantsjuhi-teenus-720x403.webp\" class=\"bg attachment-large size-large\" alt=\"Talousjohtajan palvelu\" \/>                        <div class=\"overlay\"><\/div>            \n                    <\/div>\n\t\t\n        <div class=\"banner-layers container\">\n            <div class=\"fill banner-link\"><\/div>            \n\n   <div id=\"text-box-1951261322\" class=\"text-box banner-layer x50 md-x50 lg-x50 y50 md-y50 lg-y50 res-text\">\n                                <div class=\"text-box-content text dark\">\n              \n              <div class=\"text-inner text-center\">\n                  \n\n<h3 class=\"uppercase\"><strong><span style=\"color: #1b1a46;\">ohjelmistot<\/span><\/strong><\/h3>\n<p><span style=\"font-size: 110%; color: #282828;\">Tilitoimistot ymp\u00e4ri maailmaa k\u00e4ytt\u00e4v\u00e4t monenlaisia ohjelmistoratkaisuja. Jokaisella niist\u00e4 on hyv\u00e4t ja huonot puolensa, ja ep\u00e4ilem\u00e4tt\u00e4 ne kaikki edist\u00e4v\u00e4t nopeampaa taloushallintoa, mutta miten valita paras?<\/span><\/p>\n<p><span style=\"font-size: 110%; color: #282828;\">GROW korostaa ohjelmistojen turvallisuutta ja tietojen tallennusominaisuuksia. Teemme kaikkemme varmistaaksemme, ett\u00e4 arkaluontoiset taloustietosi tallennetaan turvallisesti digitaaliseen arkistoon.<\/span><\/p>\n<p><span style=\"font-size: 110%; color: #282828;\">Grow k\u00e4ytt\u00e4\u00e4 yli kymment\u00e4 erilaista yritysohjelmistoa p\u00e4ivitt\u00e4in. Autamme sinua l\u00f6yt\u00e4m\u00e4\u00e4n parhaan ratkaisun yrityksellesi ja tarjoamme tukea rajapinnoissa.\u00a0<\/span><\/p>\n<a href=\"https:\/\/grow.ee\/fi\/ota-meihin-yhteytta\/\" class=\"button alert is-shade\" style=\"border-radius:8px;\">\n\t\t<span>V\u00d5TA MEIEGA \u00dcHENDUST<\/span>\n\t<\/a>\n\n\n\n              <\/div>\n           <\/div>\n                            \n<style>\n#text-box-1951261322 .text-box-content {\n  background-color: rgba(255, 255, 255, 0.872);\n  border-radius: 10px;\n  font-size: 100%;\n}\n#text-box-1951261322 .text-inner {\n  padding: 10px 10px 5px 10px;\n}\n#text-box-1951261322 {\n  width: 60%;\n}\n<\/style>\n    <\/div>\n \n\n        <\/div>\n      <\/div>\n\n            \n<style>\n#banner-1420285437 {\n  padding-top: 500px;\n}\n#banner-1420285437 .overlay {\n  background-color: rgba(0, 0, 0, 0.17);\n}\n<\/style>\n  <\/div>\n\n\n<div class=\"row\"  id=\"row-2130463602\">\n\n\n\t<div id=\"col-524187282\" class=\"col medium-7 small-12 large-7\"  >\n\t\t\t\t<div class=\"col-inner\"  >\n\t\t\t\n\t\t\t\n\n<div class=\"elementor-element elementor-element-107f84eb elementor-widget elementor-widget-heading\" data-id=\"107f84eb\" data-element_type=\"widget\" data-widget_type=\"heading.default\">\n<div class=\"elementor-widget-container\">\n<h2 class=\"elementor-heading-title elementor-size-default elementor-inline-editing pen\" data-elementor-setting-key=\"title\" data-pen-placeholder=\"Type Here...\">Eniten k\u00e4ytetyt ohjelmistot kirjanpidossa:<\/h2>\n<\/div>\n<\/div>\n<div class=\"elementor-element elementor-element-23611ec elementor-icon-list--layout-traditional elementor-list-item-link-full_width elementor-widget elementor-widget-icon-list\" data-id=\"23611ec\" data-element_type=\"widget\" data-widget_type=\"icon-list.default\">\n<div class=\"elementor-widget-container\">\n<div id=\"pg-w653f618db655c-1\" class=\"panel-grid panel-no-style\" data-style=\"{&quot;background_image_attachment&quot;:false,&quot;background_display&quot;:&quot;tile&quot;,&quot;background_image_size&quot;:&quot;full&quot;,&quot;background_image_opacity&quot;:&quot;100&quot;,&quot;border_thickness&quot;:&quot;1px&quot;,&quot;full_height&quot;:&quot;&quot;,&quot;cell_alignment&quot;:&quot;flex-start&quot;}\">\n<div id=\"pgc-w653f618db655c-1-0\" class=\"panel-grid-cell\" data-style=\"{&quot;class&quot;:&quot;fade-in-right&quot;,&quot;background_image_attachment&quot;:false,&quot;background_display&quot;:&quot;tile&quot;,&quot;background_image_size&quot;:&quot;full&quot;,&quot;background_image_opacity&quot;:&quot;100&quot;,&quot;border_thickness&quot;:&quot;1px&quot;,&quot;vertical_alignment&quot;:&quot;auto&quot;}\" data-weight=\"0.5\">\n<div class=\"fade-in-right panel-cell-style panel-cell-style-for-w653f618db655c-1-0\">\n<div id=\"panel-w653f618db655c-1-0-0\" class=\"so-panel widget widget_sow-editor panel-first-child panel-last-child\" data-index=\"1\" data-style=\"{&quot;class&quot;:&quot;adv-Accounting-service&quot;,&quot;padding&quot;:&quot;20px 20px 20px 20px&quot;,&quot;background&quot;:&quot;#ebeff4&quot;,&quot;background_image_attachment&quot;:false,&quot;background_display&quot;:&quot;tile&quot;,&quot;background_image_size&quot;:&quot;full&quot;,&quot;background_image_opacity&quot;:&quot;100&quot;,&quot;border_thickness&quot;:&quot;1px&quot;}\">\n<div class=\"adv-Accounting-service panel-widget-style panel-widget-style-for-w653f618db655c-1-0-0\">\n<div class=\"so-widget-sow-editor so-widget-sow-editor-base\">\n<div class=\"siteorigin-widget-tinymce textwidget\">\n<ul>\n<li><strong><a href=\"https:\/\/directo.ee\/\" target=\"_blank\" rel=\"noopener\">Directo<\/a><\/strong> \u2013 Viron pienille ja suurille yrityksille suunniteltu verkkopohjainen yritysohjelmisto. Meill\u00e4 on 20 vuoden kokemus Directon k\u00e4yt\u00f6st\u00e4.<\/li>\n<li><a href=\"https:\/\/www.sysdec.ee\/saf.htm\" target=\"_blank\" rel=\"noopener\"><strong>SAF<\/strong><\/a> \u2013 Meill\u00e4 on yli 25 vuoden kokemus SAF:n k\u00e4yt\u00f6st\u00e4. Olemme kehitt\u00e4neet vaativammalle asiakkaalle sopivan SQL-pohjaisen suoran k\u00e4ytt\u00f6liittym\u00e4n liiketoimintaanalytiikkaratkaisulle.<\/li>\n<li><a href=\"https:\/\/www.microsoft.com\/en-gb\/dynamics-365\" target=\"_blank\" rel=\"noopener\"><strong>Microsoft Dynamics 365<\/strong><\/a> \u2013 Microsoft Dynamics 365. Aiemmat versiot, kuten Axapta, Navision jne.\u00a0<\/li>\n<li><a href=\"https:\/\/www.merit.ee\/\" target=\"_blank\" rel=\"noopener\"><strong>Merit Active<\/strong><\/a> \u2013 online-kirjanpito- ja palkanlaskentaohjelmisto.<\/li>\n<li><a href=\"https:\/\/www.erplybooks.com\/et\/\" target=\"_blank\" rel=\"noopener\"><strong>Erply-kirjat<\/strong><\/a>\u00a0\u2013 online-kirjanpito- ja palkanlaskentaohjelmisto.<\/li>\n<li><strong><a href=\"https:\/\/www.smartaccounts.eu\/et\/\" target=\"_blank\" rel=\"noopener\">SmartAccounts<\/a><\/strong> \u2013 online-kirjanpitoohjelmisto, joka on edullinen my\u00f6s pienemmille yrityksille.<\/li>\n<li><strong><a href=\"https:\/\/www.xero.com\/\" target=\"_blank\" rel=\"noopener\">Xero<\/a> <\/strong>\u2013 suosittu maailmanlaajuisesti ja tunnettu k\u00e4ytt\u00e4j\u00e4yst\u00e4v\u00e4llisyydest\u00e4\u00e4n ja helposta integraatiostaan muihin yritysohjelmistoihin.<\/li>\n<li><a href=\"https:\/\/quickbooks.intuit.com\/eu\/\" target=\"_blank\" rel=\"noopener\"><strong>Pikakirjat<\/strong><\/a> \u2013 suosittu maailmanlaajuisesti ja tunnettu laajasta toiminnallisuudestaan ja vahvasta asiakastuesta.<\/li>\n<li><a href=\"https:\/\/www.odoo.com\/\" target=\"_blank\" rel=\"noopener\"><strong>Odota<\/strong><\/a> \u2013 erottuu joustavuudestaan ja sopeutumiskyvyst\u00e4\u00e4n.<\/li>\n<li><strong><a href=\"https:\/\/www.excellent.ee\/standard-books\/\" target=\"_blank\" rel=\"noopener\">Vakiokirjat<\/a><\/strong> \u2013 Tunnettiin aiemmin nimell\u00e4 Hansaraama. Arvioitu soveltuvuudesta virolaisille yrityksille.<\/li>\n<li><strong><a href=\"https:\/\/procountor.fi\/en\/\" target=\"_blank\" rel=\"noopener\">Procountor<\/a><\/strong> \u2013 k\u00e4ytt\u00e4j\u00e4yst\u00e4v\u00e4llinen ratkaisu, joka yksinkertaistaa s\u00e4hk\u00f6ist\u00e4 <a href=\"https:\/\/grow.ee\/fi\/palvelut\/talouspaallikkopalvelu\/\">taloushallinto<\/a>.<\/li>\n<\/ul>\n<\/div>\n<\/div>\n<\/div>\n<\/div>\n<\/div>\n<\/div>\n<\/div>\n<\/div>\n<\/div>\n\n\t\t<\/div>\n\t\t\t\t\t<\/div>\n\n\t\n\n\t<div id=\"col-1171354282\" class=\"col medium-5 small-12 large-5\"  >\n\t\t\t\t<div class=\"col-inner\"  >\n\t\t\t\n\t\t\t\n\n<div class=\"elementor-element elementor-element-107f84eb elementor-widget elementor-widget-heading\" data-id=\"107f84eb\" data-element_type=\"widget\" data-widget_type=\"heading.default\">\n<div class=\"elementor-widget-container\">\n<h2 class=\"elementor-heading-title elementor-size-default elementor-inline-editing pen\" data-elementor-setting-key=\"title\" data-pen-placeholder=\"Type Here...\">Ohjelmistot palkanlaskennassa:<\/h2>\n<\/div>\n<\/div>\n<div class=\"elementor-element elementor-element-23611ec elementor-icon-list--layout-traditional elementor-list-item-link-full_width elementor-widget elementor-widget-icon-list\" data-id=\"23611ec\" data-element_type=\"widget\" data-widget_type=\"icon-list.default\">\n<div class=\"elementor-widget-container\">\n<div id=\"pg-w653f618db655c-1\" class=\"panel-grid panel-no-style\" data-style=\"{&quot;background_image_attachment&quot;:false,&quot;background_display&quot;:&quot;tile&quot;,&quot;background_image_size&quot;:&quot;full&quot;,&quot;background_image_opacity&quot;:&quot;100&quot;,&quot;border_thickness&quot;:&quot;1px&quot;,&quot;full_height&quot;:&quot;&quot;,&quot;cell_alignment&quot;:&quot;flex-start&quot;}\">\n<div id=\"pgc-w653f618db655c-1-0\" class=\"panel-grid-cell\" data-style=\"{&quot;class&quot;:&quot;fade-in-right&quot;,&quot;background_image_attachment&quot;:false,&quot;background_display&quot;:&quot;tile&quot;,&quot;background_image_size&quot;:&quot;full&quot;,&quot;background_image_opacity&quot;:&quot;100&quot;,&quot;border_thickness&quot;:&quot;1px&quot;,&quot;vertical_alignment&quot;:&quot;auto&quot;}\" data-weight=\"0.5\">\n<div class=\"fade-in-right panel-cell-style panel-cell-style-for-w653f618db655c-1-0\">\n<div id=\"panel-w653f618db655c-1-0-0\" class=\"so-panel widget widget_sow-editor panel-first-child panel-last-child\" data-index=\"1\" data-style=\"{&quot;class&quot;:&quot;adv-Accounting-service&quot;,&quot;padding&quot;:&quot;20px 20px 20px 20px&quot;,&quot;background&quot;:&quot;#ebeff4&quot;,&quot;background_image_attachment&quot;:false,&quot;background_display&quot;:&quot;tile&quot;,&quot;background_image_size&quot;:&quot;full&quot;,&quot;background_image_opacity&quot;:&quot;100&quot;,&quot;border_thickness&quot;:&quot;1px&quot;}\">\n<div class=\"adv-Accounting-service panel-widget-style panel-widget-style-for-w653f618db655c-1-0-0\">\n<div class=\"so-widget-sow-editor so-widget-sow-editor-base\">\n<div class=\"siteorigin-widget-tinymce textwidget\">\n<ul>\n<li><strong><a href=\"https:\/\/www.merit.ee\/merit-palk\/\" target=\"_blank\" rel=\"noopener\">Ansiopalkka<\/a><\/strong> \u2013 tunnettu yksinkertaisuudestaan ja laajasta k\u00e4ytt\u00e4j\u00e4kunnastaan.<\/li>\n<li><strong><a href=\"https:\/\/www.itera.ee\/webinars\/palga-lisavoimalused-palk365-personal365\/\" target=\"_blank\" rel=\"noopener\">Palkka 365<\/a><\/strong> \u2013 suosittu Dynamics 365 -j\u00e4rjestelmi\u00e4 k\u00e4ytt\u00e4vien keskuudessa.<\/li>\n<li><strong><a href=\"https:\/\/www.sysdec.ee\/saf.html\" target=\"_blank\" rel=\"noopener\">SAF<\/a> <\/strong>\u2013 Olemme luoneet useita automatisoituja ratkaisuja suuremmille palkkalistoille.\u00a0<\/li>\n<li><strong><a href=\"https:\/\/persona.ee\/\" target=\"_blank\" rel=\"noopener\">Persoona<\/a> <\/strong>\u2013 sopii hyvin pienille ja keskisuurille yrityksille yksinkertaisen k\u00e4ytt\u00f6liittym\u00e4ns\u00e4 ansiosta.<\/li>\n<li><a href=\"https:\/\/andevis.ee\/\" target=\"_blank\" rel=\"noopener\"><strong>Virosoft<\/strong><\/a> \u2013 auttaa yrityksi\u00e4 hoitamaan p\u00e4ivitt\u00e4isi\u00e4 HR-asioita ja palkanlaskentaa.<\/li>\n<li><strong><a href=\"https:\/\/www.taavi.ee\/et\/tooted\/taavi-palk\/tutvustus\" target=\"_blank\" rel=\"noopener\">Taavi<\/a><\/strong> \u2013 joustava ratkaisu erikokoisille yrityksille.<\/li>\n<\/ul>\n<\/div>\n<\/div>\n<\/div>\n<\/div>\n<\/div>\n<\/div>\n<\/div>\n<\/div>\n<\/div>\n\n\t\t<\/div>\n\t\t\t\t\t<\/div>\n\n\t\n\n<\/div>\n<div class=\"row\"  id=\"row-1315151225\">\n\n\n\t<div id=\"col-559912188\" class=\"col medium-4 small-12 large-4\"  >\n\t\t\t\t<div class=\"col-inner\" style=\"background-color:rgb(232, 237, 244);\" >\n\t\t\t\n\t<div class=\"is-border\"\n\t\tstyle=\"border-color:rgb(210, 35, 42);border-radius:8px;border-width:0px 0px 0px 5px;\">\n\t<\/div>\n\t\t\t\n\n<div class=\"elementor-element elementor-element-5d1241bc elementor-widget elementor-widget-heading\" data-id=\"5d1241bc\" data-element_type=\"widget\" data-widget_type=\"heading.default\">\n<div class=\"elementor-widget-container\">\n<h2 class=\"elementor-heading-title elementor-size-default\" style=\"text-align: center;\">Ota yhteytt\u00e4<\/h2>\n<\/div>\n<\/div>\n<div class=\"elementor-element elementor-element-262e2955 elementor-widget elementor-widget-spacer\" data-id=\"262e2955\" data-element_type=\"widget\" data-widget_type=\"spacer.default\">\n<div class=\"elementor-widget-container\">\n<div class=\"elementor-spacer\">\n<div class=\"elementor-spacer-inner\">\n<hr \/>\n<\/div>\n<\/div>\n<\/div>\n<\/div>\n<div class=\"elementor-element elementor-element-385b12b4 color-scheme-inherit text-left elementor-widget elementor-widget-text-editor\" data-id=\"385b12b4\" data-element_type=\"widget\" data-widget_type=\"text-editor.default\">\n<div class=\"elementor-widget-container\">\n<p>Ota yhteytt\u00e4 ja esittele tarpeitasi ja odotuksiasi.<\/p>\n<\/div>\n<\/div>\n\n\t\t<\/div>\n\t\t\t\t\n<style>\n#col-559912188 > .col-inner {\n  padding: 5px 15px 5px 15px;\n  margin: 0px 0px 0px 0px;\n}\n<\/style>\n\t<\/div>\n\n\t\n\n\t<div id=\"col-295233976\" class=\"col medium-4 small-12 large-4\"  >\n\t\t\t\t<div class=\"col-inner\" style=\"background-color:rgb(232, 237, 244);\" >\n\t\t\t\n\t<div class=\"is-border\"\n\t\tstyle=\"border-color:rgb(210, 35, 42);border-radius:8px;border-width:0px 0px 5px 0px;\">\n\t<\/div>\n\t\t\t\n\n<div class=\"elementor-element elementor-element-5d1241bc elementor-widget elementor-widget-heading\" data-id=\"5d1241bc\" data-element_type=\"widget\" data-widget_type=\"heading.default\">\n<div class=\"elementor-widget-container\">\n<div class=\"elementor-element elementor-element-27a3156b elementor-widget elementor-widget-heading\" data-id=\"27a3156b\" data-element_type=\"widget\" data-widget_type=\"heading.default\">\n<div class=\"elementor-widget-container\">\n<h2 class=\"elementor-heading-title elementor-size-default\" style=\"text-align: center;\">Valinta<\/h2>\n<\/div>\n<\/div>\n<\/div>\n<\/div>\n<div class=\"elementor-element elementor-element-262e2955 elementor-widget elementor-widget-spacer\" data-id=\"262e2955\" data-element_type=\"widget\" data-widget_type=\"spacer.default\">\n<div class=\"elementor-widget-container\">\n<div class=\"elementor-spacer\">\n<div class=\"elementor-spacer-inner\">\n<hr \/>\n<\/div>\n<\/div>\n<\/div>\n<\/div>\n<div class=\"elementor-element elementor-element-385b12b4 color-scheme-inherit text-left elementor-widget elementor-widget-text-editor\" data-id=\"385b12b4\" data-element_type=\"widget\" data-widget_type=\"text-editor.default\">\n<div class=\"elementor-widget-container\">\n<p>Yhteisty\u00f6ss\u00e4 asiakkaan kanssa l\u00f6yd\u00e4mme parhaan ratkaisun h\u00e4nen toiveisiinsa.<\/p>\n<\/div>\n<\/div>\n\n\t\t<\/div>\n\t\t\t\t\n<style>\n#col-295233976 > .col-inner {\n  padding: 5px 15px 5px 15px;\n  margin: 0px 0px 0px 0px;\n}\n<\/style>\n\t<\/div>\n\n\t\n\n\t<div id=\"col-971166647\" class=\"col medium-4 small-12 large-4\"  >\n\t\t\t\t<div class=\"col-inner\" style=\"background-color:rgb(232, 237, 244);\" >\n\t\t\t\n\t<div class=\"is-border\"\n\t\tstyle=\"border-color:rgb(210, 35, 42);border-radius:8px;border-width:0px 5px 0px 0px;\">\n\t<\/div>\n\t\t\t\n\n<div class=\"elementor-element elementor-element-5d1241bc elementor-widget elementor-widget-heading\" data-id=\"5d1241bc\" data-element_type=\"widget\" data-widget_type=\"heading.default\">\n<div class=\"elementor-widget-container\">\n<div class=\"elementor-element elementor-element-449aff98 elementor-widget elementor-widget-heading\" data-id=\"449aff98\" data-element_type=\"widget\" data-widget_type=\"heading.default\">\n<div class=\"elementor-widget-container\">\n<h2 class=\"elementor-heading-title elementor-size-default\" style=\"text-align: center;\">Toteutus<\/h2>\n<\/div>\n<\/div>\n<\/div>\n<\/div>\n<div class=\"elementor-element elementor-element-262e2955 elementor-widget elementor-widget-spacer\" data-id=\"262e2955\" data-element_type=\"widget\" data-widget_type=\"spacer.default\">\n<div class=\"elementor-widget-container\">\n<div class=\"elementor-spacer\">\n<div class=\"elementor-spacer-inner\">\n<hr \/>\n<\/div>\n<\/div>\n<\/div>\n<\/div>\n<div class=\"elementor-element elementor-element-385b12b4 color-scheme-inherit text-left elementor-widget elementor-widget-text-editor\" data-id=\"385b12b4\" data-element_type=\"widget\" data-widget_type=\"text-editor.default\">\n<div class=\"elementor-widget-container\">\n<p>Autamme valittujen ohjelmistojen toteutuksessa ja nykyaikaisten ratkaisujen k\u00e4ytt\u00f6liittym\u00e4ss\u00e4.\u00a0<\/p>\n<\/div>\n<\/div>\n\n\t\t<\/div>\n\t\t\t\t\n<style>\n#col-971166647 > .col-inner {\n  padding: 5px 15px 5px 15px;\n  margin: 0px 0px 0px 0px;\n}\n<\/style>\n\t<\/div>\n\n\t\n\n<\/div>\n<div class=\"row\"  id=\"row-2135420433\">\n\n\n\t<div id=\"col-829230591\" class=\"col small-12 large-12\"  >\n\t\t\t\t<div class=\"col-inner\"  >\n\t\t\t\n\t\t\t\n\n<div class=\"message-box relative dark\" style=\"padding-top:15px;padding-bottom:15px;\"><div class=\"message-box-bg-image bg-fill fill\" ><\/div><div class=\"message-box-bg-overlay bg-fill fill\" style=\"background-color:rgb(27, 26, 70);\"><\/div><div class=\"container relative\"><div class=\"inner last-reset\">\n\n<div class=\"row align-middle align-center\"  id=\"row-1368952970\">\n\n\n\t<div id=\"col-1145433323\" class=\"col medium-9 small-12 large-9\"  >\n\t\t\t\t<div class=\"col-inner\"  >\n\t\t\t\n\t\t\t\n\n<div id=\"col-1878647324\" class=\"col medium-9 small-12 large-9\">\n<div class=\"col-inner\">\n<h2>Keskustele talousasiantuntijamme kanssa<\/h2>\n<\/div>\n<\/div>\n\n\t\t<\/div>\n\t\t\t\t\t<\/div>\n\n\t\n\n\t<div id=\"col-518502533\" class=\"col medium-3 small-12 large-3\"  >\n\t\t\t\t<div class=\"col-inner text-center\"  >\n\t\t\t\n\t\t\t\n\n<a href=\"https:\/\/grow.ee\/fi\/kontakt\/\" class=\"button alert is-shade\" style=\"border-radius:8px;\">\n\t\t<span>OTA YHTEYTT\u00c4 YHTEIS\u00d6\u00d6N<\/span>\n\t<\/a>\n\n\n\n\t\t<\/div>\n\t\t\t\t\n<style>\n#col-518502533 > .col-inner {\n  margin: 10px 0px 0px 0px;\n}\n<\/style>\n\t<\/div>\n\n\t\n\n<\/div>\n\n<\/div><\/div><\/div>\n\n\t\t<\/div>\n\t\t\t\t\t<\/div>\n\n\t\n\n<\/div>","protected":false},"excerpt":{"rendered":"","protected":false},"author":24,"featured_media":0,"parent":9004,"menu_order":0,"comment_status":"closed","ping_status":"closed","template":"page-blank.php","meta":{"footnotes":""},"class_list":["post-14341","page","type-page","status-publish","hentry"],"_links":{"self":[{"href":"https:\/\/grow.ee\/fi\/wp-json\/wp\/v2\/pages\/14341","targetHints":{"allow":["GET"]}}],"collection":[{"href":"https:\/\/grow.ee\/fi\/wp-json\/wp\/v2\/pages"}],"about":[{"href":"https:\/\/grow.ee\/fi\/wp-json\/wp\/v2\/types\/page"}],"author":[{"embeddable":true,"href":"https:\/\/grow.ee\/fi\/wp-json\/wp\/v2\/users\/24"}],"replies":[{"embeddable":true,"href":"https:\/\/grow.ee\/fi\/wp-json\/wp\/v2\/comments?post=14341"}],"version-history":[{"count":33,"href":"https:\/\/grow.ee\/fi\/wp-json\/wp\/v2\/pages\/14341\/revisions"}],"predecessor-version":[{"id":15130,"href":"https:\/\/grow.ee\/fi\/wp-json\/wp\/v2\/pages\/14341\/revisions\/15130"}],"up":[{"embeddable":true,"href":"https:\/\/grow.ee\/fi\/wp-json\/wp\/v2\/pages\/9004"}],"wp:attachment":[{"href":"https:\/\/grow.ee\/fi\/wp-json\/wp\/v2\/media?parent=14341"}],"curies":[{"name":"wp","href":"https:\/\/api.w.org\/{rel}","templated":true}]}}