{"id":14282,"date":"2024-09-03T14:44:12","date_gmt":"2024-09-03T11:44:12","guid":{"rendered":"https:\/\/grow.ee\/?page_id=14282"},"modified":"2024-09-04T11:02:02","modified_gmt":"2024-09-04T08:02:02","slug":"apuraha","status":"publish","type":"page","link":"https:\/\/grow.ee\/fi\/meist\/stipendium\/","title":{"rendered":"stipendi"},"content":{"rendered":"<div class=\"img has-hover x md-x lg-x y md-y lg-y\" id=\"image_1034806848\">\n\t\t\t\t\t\t\t\t<div class=\"img-inner dark\" >\n\t\t\t<img loading=\"lazy\" decoding=\"async\" width=\"2400\" height=\"800\" src=\"https:\/\/grow.ee\/wp-content\/uploads\/2024\/09\/Grow-kanad-TalTech.png\" class=\"attachment-original size-original\" alt=\"\" srcset=\"https:\/\/grow.ee\/wp-content\/uploads\/2024\/09\/Grow-kanad-TalTech.png 2400w, https:\/\/grow.ee\/wp-content\/uploads\/2024\/09\/Grow-kanad-TalTech-300x100.png 300w, https:\/\/grow.ee\/wp-content\/uploads\/2024\/09\/Grow-kanad-TalTech-720x240.png 720w, https:\/\/grow.ee\/wp-content\/uploads\/2024\/09\/Grow-kanad-TalTech-768x256.png 768w, https:\/\/grow.ee\/wp-content\/uploads\/2024\/09\/Grow-kanad-TalTech-1536x512.png 1536w, https:\/\/grow.ee\/wp-content\/uploads\/2024\/09\/Grow-kanad-TalTech-2048x683.png 2048w, https:\/\/grow.ee\/wp-content\/uploads\/2024\/09\/Grow-kanad-TalTech-18x6.png 18w\" sizes=\"auto, (max-width: 2400px) 100vw, 2400px\" \/>\t\t\t\t\t\t\n\t\t\t\t\t<\/div>\n\t\t\t\t\t\t\t\t\n<style>\n#image_1034806848 {\n  width: 100%;\n}\n<\/style>\n\t<\/div>\n\t\n\n\t<div id=\"gap-1937865020\" class=\"gap-element clearfix\" style=\"display:block; height:auto;\">\n\t\t\n<style>\n#gap-1937865020 {\n  padding-top: 30px;\n}\n<\/style>\n\t<\/div>\n\t\n\n<h3>Grow Finance tarjoaa t\u00e4n\u00e4 syksyn\u00e4 2 000 euron stipendin yhdelle TalTechin taloustieteellisen tiedekunnan opiskelijalle.\u00a0<\/h3>\n<p>\u00a0<\/p>\n<div class=\"row\"  id=\"row-2017963549\">\n\n\n\t<div id=\"col-405600731\" class=\"col medium-9 small-12 large-9\"  >\n\t\t\t\t<div class=\"col-inner\"  >\n\t\t\t\n\t\t\t\n\n<p><strong>GROW tukee yritt\u00e4jyysopiskelijoita, jotka:<\/strong><\/p>\n<ul>\n<li>olet utelias ja opiskelee korkea-asteen koulutusta;<\/li>\n<li>uskaltaa voittaa esteit\u00e4 ja toteuttaa unelmansa;<\/li>\n<li>ja mik\u00e4 t\u00e4rkeint\u00e4 - \u00e4l\u00e4 pelk\u00e4\u00e4 ajatella laatikon ulkopuolella, vaikka idea tuntuu aluksi typer\u00e4lt\u00e4.<\/li>\n<\/ul>\n<p>Pysy ajan tasalla GROW-stipendin ehdoista ja muista uutisista sosiaalisen median kanavissamme - <a href=\"https:\/\/www.facebook.com\/growaccounting\/\" target=\"_blank\" rel=\"noopener\">Facebook<\/a>, <a href=\"https:\/\/www.instagram.com\/grow.finance\/\" target=\"_blank\" rel=\"noopener\">Instagram<\/a>, <a href=\"https:\/\/www.linkedin.com\/company\/grow-finance\/\" target=\"_blank\" rel=\"noopener\">LinkedIn<\/a> ja <a href=\"https:\/\/www.tiktok.com\/@growfinanceee\" target=\"_blank\" rel=\"noopener\">TikTok<\/a>.<\/p>\n<p>Kanat auttavat lievitt\u00e4m\u00e4\u00e4n opiskeluihin liittyv\u00e4\u00e4 stressi\u00e4 \u2013 kyll\u00e4, todellakin! Grow Financen kanat l\u00f6yd\u00e4t jo t\u00e4n\u00e4\u00e4n TalTechin pihalta.\u00a0<\/p>\n<p>GROW on kasvanut yhdeksi Viron suurimmista finanssipalvelujen tarjoajista, joka kokoaa yhteen juuri sellaisia rohkeita ja innovatiivisia ihmisi\u00e4.<\/p>\n<p>TalTech-kanad-GROW-projekti on hyv\u00e4 esimerkki siit\u00e4, kuinka aluksi typer\u00e4st\u00e4 ideasta voi kasvaa jotain erityist\u00e4.<\/p>\n\n\t\t<\/div>\n\t\t\t\t\t<\/div>\n\n\t\n\n\t<div id=\"col-1203060596\" class=\"col medium-3 small-12 large-3\"  >\n\t\t\t\t<div class=\"col-inner\"  >\n\t\t\t\n\t\t\t\n\n\n\n<iframe loading=\"lazy\" width=\"300\" height=\"480\" src=\"https:\/\/www.youtube.com\/embed\/hFz1BJ74sNg\" title=\"GROW-stipendi 2024\" frameborder=\"0\" allow=\"accelerometer; autoplay; clipboard-write; encrypted-media; gyroscope; picture-in-picture; web-share\" referrerpolicy=\"strict-origin-when-cross-origin\" allowfullscreen><\/iframe>\n\n\n\t\t<\/div>\n\t\t\t\t\t<\/div>\n\n\t\n\n<\/div>","protected":false},"excerpt":{"rendered":"","protected":false},"author":24,"featured_media":0,"parent":320,"menu_order":0,"comment_status":"closed","ping_status":"closed","template":"","meta":{"footnotes":""},"class_list":["post-14282","page","type-page","status-publish","hentry"],"_links":{"self":[{"href":"https:\/\/grow.ee\/fi\/wp-json\/wp\/v2\/pages\/14282","targetHints":{"allow":["GET"]}}],"collection":[{"href":"https:\/\/grow.ee\/fi\/wp-json\/wp\/v2\/pages"}],"about":[{"href":"https:\/\/grow.ee\/fi\/wp-json\/wp\/v2\/types\/page"}],"author":[{"embeddable":true,"href":"https:\/\/grow.ee\/fi\/wp-json\/wp\/v2\/users\/24"}],"replies":[{"embeddable":true,"href":"https:\/\/grow.ee\/fi\/wp-json\/wp\/v2\/comments?post=14282"}],"version-history":[{"count":8,"href":"https:\/\/grow.ee\/fi\/wp-json\/wp\/v2\/pages\/14282\/revisions"}],"predecessor-version":[{"id":14303,"href":"https:\/\/grow.ee\/fi\/wp-json\/wp\/v2\/pages\/14282\/revisions\/14303"}],"up":[{"embeddable":true,"href":"https:\/\/grow.ee\/fi\/wp-json\/wp\/v2\/pages\/320"}],"wp:attachment":[{"href":"https:\/\/grow.ee\/fi\/wp-json\/wp\/v2\/media?parent=14282"}],"curies":[{"name":"wp","href":"https:\/\/api.w.org\/{rel}","templated":true}]}}