{"id":13273,"date":"2024-02-27T14:28:06","date_gmt":"2024-02-27T14:28:06","guid":{"rendered":"https:\/\/grow.ee\/?page_id=13273"},"modified":"2026-01-27T11:50:14","modified_gmt":"2026-01-27T08:50:14","slug":"tarjous-vuosikertomuksesta","status":"publish","type":"page","link":"https:\/\/grow.ee\/fi\/quote-for-annual-report\/","title":{"rendered":"Lainaus vuosikertomuksesta"},"content":{"rendered":"<h1>Lainaus vuosikertomuksesta<\/h1>\n<p>Grow Finance O\u00dc on pitk\u00e4n kokemuksen omaava tilitoimistopalveluita tarjoava yritys. Grow br\u00e4ndin\u00e4 on tunnettu vuodesta 2000. Grow on kansainv\u00e4lisen tilitoimisto GGI www.ggi.com j\u00e4sen. Geneva Group International on vakiintuneiden ja kokeneiden kirjanpito-, konsultointi- ja lakitoimistojen maailmanlaajuinen liitto, joka on sitoutunut tarjoamaan asiakkailleen erikoisratkaisuja heid\u00e4n kansainv\u00e4lisen liiketoiminnan vaatimuksiin. Uskomme, ett\u00e4 voimme tarjota parhaan ratkaisun kirjanpitoon Virossa. T\u00e4ll\u00e4 hetkell\u00e4 tarjoamme palvelujamme 800 asiakkaalle ja toivomme, ett\u00e4 voimme olla luotettava kumppani my\u00f6s yrityksellesi.<\/p>\n<p><strong>Vuosikertomuksen hinnasto on:<\/strong><\/p>\n<ul>\n<li>Vuosikertomus, jossa 0-5 tapahtumaa (l\u00e4hdeasiakirjat) \u2013 <strong>199\u20ac<\/strong>;<\/li>\n<li>Vuosikertomus 6-20 tapahtumalla (l\u00e4hdeasiakirjat) \u2013 <strong>349\u20ac<\/strong>;<\/li>\n<li>Vuosikertomus, jossa 21-50 tapahtumaa (l\u00e4hdeasiakirjat) \u2013 <strong>499\u20ac<\/strong>;<\/li>\n<li>Vuosikertomus, jossa on yli 51 tapahtumaa (l\u00e4hdeasiakirjat) \u2013 <strong>hinta sopimuksen mukaan<\/strong>.<\/li>\n<\/ul>\n<p><em>L\u00e4hdeasiakirjoja ovat laskut, pankki- tai k\u00e4teissiirrot (paitsi laskujen maksut). <\/em><strong>\u00a0<\/strong><\/p>\n<p><strong>Lainaus sis\u00e4lt\u00e4\u00e4:<\/strong><\/p>\n<ul>\n<li>kirjanpitoasiakirjojen sy\u00f6tt\u00e4minen kirjanpitoohjelmistoon<\/li>\n<li>k\u00e4ytt\u00f6omaisuuden kirjanpito (tarvittaessa)<\/li>\n<li>vuosikertomuksen laatiminen e-Yritysrekisteriin<\/li>\n<\/ul>\n<p><strong>Lis\u00e4palvelut (tarvittaessa):<\/strong><\/p>\n<ul>\n<li>jokaista lis\u00e4l\u00e4hdeasiakirjaa varten\u00a0<strong>2\u20ac<\/strong>, jos kyseess\u00e4 on yhteenvetoraportti (esim. myyntiraportti), sovitaan lis\u00e4hinnasta;<\/li>\n<li>palkkalaskelmat <strong>6\u20ac<\/strong> ty\u00f6ntekij\u00e4\u00e4 kohti kuukaudessa;<\/li>\n<li>veroneuvontamaksu on <strong>150\u20ac<\/strong> tunnissa;<\/li>\n<li>muut lis\u00e4palvelut hintaan <strong>59\u20ac<\/strong>\u00a0tunnissa;<\/li>\n<li>\u00a0alkuper\u00e4isten asiakirjojen s\u00e4ilytt\u00e4minen <b>30\u20ac <\/b>vuodessa.<\/li>\n<\/ul>\n<p>ALV lis\u00e4t\u00e4\u00e4n hintaan.<\/p>\n<p>Kirjanpitopalvelumme on paperiton. T\u00e4m\u00e4 tarkoittaa, ett\u00e4 kaikki kirjanpitoasiakirjat voivat olla joko e-laskuja, pdf-laskuja tai kuvatiedostoja. Sopimuskauden aikana arkistoimme kirjanpitoasiakirjat ja varmistamme, ett\u00e4 asiakirjat ovat kunnossa <strong>s\u00e4ilytet\u00e4\u00e4n lain mukaiseen p\u00e4iv\u00e4\u00e4n asti<\/strong> (tai palvelusopimuksen p\u00e4\u00e4ttymiseen asti).<\/p>\n<p>Asiakkaan turvallisuuden takaamiseksi olemme solmineet vastuuvakuutuksen <strong>100 000\u20ac <\/strong>joka korvaa tappiot, jotka ovat seurausta virheest\u00e4mme.<\/p>\n<p>Mik\u00e4li yrityksesi tarvitsee kirjanpitopalveluita yli pakettiemme asettamien rajojen, ota meihin yhteytt\u00e4. Otamme mielell\u00e4mme huomioon tarpeesi ja teemme sinulle yksil\u00f6llisen tarjouksen. Kerro meille tarpeestasi t\u00e4ytt\u00e4m\u00e4ll\u00e4 lomake <a href=\"https:\/\/katse.grow.ee\/katse\/ask-for-an-offer\/?lang=en\">here<\/a>.<\/p>\n<div class=\"row\"  id=\"row-369262571\">\n\n\n\t<div id=\"col-1309620332\" class=\"col small-12 large-12\"  >\n\t\t\t\t<div class=\"col-inner\"  >\n\t\t\t\n\t\t\t\n\n<div class=\"message-box relative dark\" style=\"padding-top:15px;padding-bottom:15px;\"><div class=\"message-box-bg-image bg-fill fill\" ><\/div><div class=\"message-box-bg-overlay bg-fill fill\" style=\"background-color:rgb(27, 26, 70);\"><\/div><div class=\"container relative\"><div class=\"inner last-reset\">\n\n<div class=\"row align-middle align-center\"  id=\"row-961272556\">\n\n\n\t<div id=\"col-1735143103\" class=\"col medium-7 small-12 large-7\"  >\n\t\t\t\t<div class=\"col-inner\"  >\n\t\t\t\n\t\t\t\n\n<h2><span data-teams=\"true\">L\u00f6ysitk\u00f6 sopivan paketin?<\/span><\/h2>\n\n\t\t<\/div>\n\t\t\t\t\t<\/div>\n\n\t\n\n\t<div id=\"col-1334675204\" class=\"col medium-5 small-12 large-5\"  >\n\t\t\t\t<div class=\"col-inner text-center\"  >\n\t\t\t\n\t\t\t\n\n<a href=\"https:\/\/app.grow.ee\/en\/service-registration\" class=\"button alert\" style=\"border-radius:5px;\">\n\t\t<span>TILAA VUOSIKERTOMUS<\/span>\n\t<\/a>\n\n\n\n\t\t<\/div>\n\t\t\t\t\t<\/div>\n\n\t\n\n<\/div>\n\n<\/div><\/div><\/div>\n\n\t\t<\/div>\n\t\t\t\t\t<\/div>\n\n\t\n\n<\/div>","protected":false},"excerpt":{"rendered":"","protected":false},"author":24,"featured_media":0,"parent":0,"menu_order":0,"comment_status":"closed","ping_status":"closed","template":"","meta":{"footnotes":""},"class_list":["post-13273","page","type-page","status-publish","hentry"],"_links":{"self":[{"href":"https:\/\/grow.ee\/fi\/wp-json\/wp\/v2\/pages\/13273","targetHints":{"allow":["GET"]}}],"collection":[{"href":"https:\/\/grow.ee\/fi\/wp-json\/wp\/v2\/pages"}],"about":[{"href":"https:\/\/grow.ee\/fi\/wp-json\/wp\/v2\/types\/page"}],"author":[{"embeddable":true,"href":"https:\/\/grow.ee\/fi\/wp-json\/wp\/v2\/users\/24"}],"replies":[{"embeddable":true,"href":"https:\/\/grow.ee\/fi\/wp-json\/wp\/v2\/comments?post=13273"}],"version-history":[{"count":22,"href":"https:\/\/grow.ee\/fi\/wp-json\/wp\/v2\/pages\/13273\/revisions"}],"predecessor-version":[{"id":15243,"href":"https:\/\/grow.ee\/fi\/wp-json\/wp\/v2\/pages\/13273\/revisions\/15243"}],"wp:attachment":[{"href":"https:\/\/grow.ee\/fi\/wp-json\/wp\/v2\/media?parent=13273"}],"curies":[{"name":"wp","href":"https:\/\/api.w.org\/{rel}","templated":true}]}}