{"id":13227,"date":"2024-02-21T06:15:57","date_gmt":"2024-02-21T06:15:57","guid":{"rendered":"https:\/\/grow.ee\/?page_id=13227"},"modified":"2025-11-11T14:35:08","modified_gmt":"2025-11-11T11:35:08","slug":"kirjanpito-suomessa","status":"publish","type":"page","link":"https:\/\/grow.ee\/fi\/teenused\/raamatupidamine-soomes\/","title":{"rendered":"Kirjanpito Suomessa"},"content":{"rendered":"<div class=\"banner has-hover\" id=\"banner-171757608\">\n          <div class=\"banner-inner fill\">\n        <div class=\"banner-bg fill\" >\n            <img loading=\"lazy\" decoding=\"async\" width=\"720\" height=\"403\" src=\"https:\/\/grow.ee\/wp-content\/uploads\/2024\/05\/Digitaalne-raamatupidamine-Grow-2-720x403.webp\" class=\"bg attachment-large size-large\" alt=\"\" \/>                        <div class=\"overlay\"><\/div>            \n                    <\/div>\n\t\t\n        <div class=\"banner-layers container\">\n            <div class=\"fill banner-link\"><\/div>            \n\n   <div id=\"text-box-1202237116\" class=\"text-box banner-layer x50 md-x50 lg-x50 y50 md-y50 lg-y50 res-text\">\n                                <div class=\"text-box-content text dark\">\n              \n              <div class=\"text-inner text-center\">\n                  \n\n<h3 class=\"uppercase\"><span style=\"color: #1b1a46;\"><strong>Kirjanpito SUOMESSA<\/strong><\/span><\/h3>\n<p><span style=\"color: #333333; font-size: 120%;\">GROW tarjoaa yli 15 vuoden kokemuksella laadukkaita ja yksil\u00f6llisi\u00e4 kirjanpitopalveluja, jotka tukevat yrityksesi menestyst\u00e4 Suomen markkinoilla.<\/span><\/p>\n<a href=\"https:\/\/grow.ee\/fi\/ota-meihin-yhteytta\/\" class=\"button alert is-shade\" style=\"border-radius:8px;\">\n\t\t<span>OTA YHTEYTT\u00c4 YHTEIS\u00d6\u00d6N<\/span>\n\t<\/a>\n\n\n\n              <\/div>\n           <\/div>\n                            \n<style>\n#text-box-1202237116 .text-box-content {\n  background-color: rgba(255, 255, 255, 0.913);\n  border-radius: 16px;\n  font-size: 100%;\n}\n#text-box-1202237116 .text-inner {\n  padding: 10px 10px 5px 10px;\n}\n#text-box-1202237116 {\n  width: 60%;\n}\n<\/style>\n    <\/div>\n \n\n        <\/div>\n      <\/div>\n\n            \n<style>\n#banner-171757608 {\n  padding-top: 500px;\n}\n#banner-171757608 .overlay {\n  background-color: rgba(0, 0, 0, 0.17);\n}\n#banner-171757608 .banner-bg img {\n  object-position: 0% 50%;\n}\n<\/style>\n  <\/div>\n\n\n<div class=\"row\"  id=\"row-146123098\">\n\n\n\t<div id=\"col-176814849\" class=\"col small-12 large-12\"  >\n\t\t\t\t<div class=\"col-inner\"  >\n\t\t\t\n\t\t\t\n\n<div class=\"elementor-element elementor-element-77eaaec9 elementor-widget elementor-widget-heading\" data-id=\"77eaaec9\" data-element_type=\"widget\" data-widget_type=\"heading.default\">\n<div class=\"elementor-widget-container\">\n<h2 class=\"elementor-heading-title elementor-size-default\">GROWilla on yli 15 vuoden kokemus suomalaisesta kirjanpidosta!<\/h2>\n<\/div>\n<\/div>\n<div class=\"elementor-element elementor-element-96f4782 elementor-widget__width-initial color-scheme-inherit text-left elementor-widget elementor-widget-text-editor\" data-id=\"96f4782\" data-element_type=\"widget\" data-widget_type=\"text-editor.default\">\n<div class=\"elementor-widget-container\">\n<p>Vahvuutemme on erikoistunut tiimimme, joka tuntee suomalaiset kirjanpitos\u00e4\u00e4nn\u00f6t ja -k\u00e4yt\u00e4nn\u00f6t jo pitk\u00e4\u00e4n. Lis\u00e4ksi olemme kehitt\u00e4neet tehokkaita prosesseja ja j\u00e4rjestelmi\u00e4, jotka takaavat asiakkaillemme sujuvan ja ammattimaisen palvelun.<\/p>\n<p>Olemme aina valmiita auttamaan sinua kaikissa suomalaista kirjanpitoa koskevissa kysymyksiss\u00e4si ja haasteissasi. Tyytyv\u00e4isyytesi ja yrityksesi menestys ovat meille ykk\u00f6sasia.<\/p>\n<div class=\"elementor-element elementor-element-7a1b3afe elementor-widget elementor-widget-heading\" data-id=\"7a1b3afe\" data-element_type=\"widget\" data-widget_type=\"heading.default\">\n<div class=\"elementor-widget-container\">\n<h2 class=\"elementor-heading-title elementor-size-default\">Kirjanpitopalvelujen arvot<\/h2>\n<\/div>\n<\/div>\n<div class=\"elementor-element elementor-element-45d97939 color-scheme-inherit text-left elementor-widget elementor-widget-text-editor\" data-id=\"45d97939\" data-element_type=\"widget\" data-widget_type=\"text-editor.default\">\n<div class=\"elementor-widget-container\">\n<p>Valitsemalla GROW:n yrityksesi suomalaiseksi tilitoimistokumppaniksi varmistat paitsi korkean laadun ja<a href=\"https:\/\/grow.ee\/fi\/palvelut\/kirjanpito\/\"> tarkka kirjanpito<\/a>, mutta my\u00f6s henkil\u00f6kohtaista palvelua ja asiakaskeskeist\u00e4 l\u00e4hestymistapaa. Alueellinen tuntemuksemme, paikallinen asiantuntemuksemme ja jatkuva sitoutumisemme laatuun antavat sinulle varmuuden siit\u00e4, ett\u00e4 yrityksesi talousasiat hoidetaan ammattimaisesti. Luotettavana ja joustavana kumppanina olemme valmiita tukemaan sinua jokaisessa vaiheessa yrityksesi kasvussa ja kest\u00e4v\u00e4ss\u00e4 kehityksess\u00e4 Suomen markkinoilla.<\/p>\n<\/div>\n<\/div>\n<\/div>\n<\/div>\n\n\t\t<\/div>\n\t\t\t\t\t<\/div>\n\n\t\n\n\t<div id=\"col-1240778330\" class=\"col small-12 large-12\"  >\n\t\t\t\t<div class=\"col-inner\"  >\n\t\t\t\n\t\t\t\n\n<div class=\"message-box relative dark\" style=\"padding-top:15px;padding-bottom:15px;\"><div class=\"message-box-bg-image bg-fill fill\" ><\/div><div class=\"message-box-bg-overlay bg-fill fill\" style=\"background-color:rgb(27, 26, 70);\"><\/div><div class=\"container relative\"><div class=\"inner last-reset\">\n\n<div class=\"row align-middle align-center\"  id=\"row-1858096340\">\n\n\n\t<div id=\"col-280391034\" class=\"col medium-8 small-12 large-8\"  >\n\t\t\t\t<div class=\"col-inner\"  >\n\t\t\t\n\t\t\t\n\n<h2>Keskustele talousasiantuntijamme kanssa<\/h2>\n\n\t\t<\/div>\n\t\t\t\t\t<\/div>\n\n\t\n\n\t<div id=\"col-1292337505\" class=\"col medium-4 small-12 large-4\"  >\n\t\t\t\t<div class=\"col-inner text-right\"  >\n\t\t\t\n\t\t\t\n\n<a href=\"https:\/\/grow.ee\/fi\/ota-meihin-yhteytta\/\" class=\"button alert is-shade\" style=\"border-radius:8px;\">\n\t\t<span>OTA YHTEYTT\u00c4 YHTEIS\u00d6\u00d6N<\/span>\n\t<\/a>\n\n\n\n\t\t<\/div>\n\t\t\t\t\t<\/div>\n\n\t\n\n<\/div>\n\n<\/div><\/div><\/div>\n\n\t\t<\/div>\n\t\t\t\t\t<\/div>\n\n\t\n\n<\/div>\n<div class=\"row\"  id=\"row-283648314\">\n\n\n\t<div id=\"col-1004399610\" class=\"col medium-6 small-12 large-6\"  >\n\t\t\t\t<div class=\"col-inner\"  >\n\t\t\t\n\t\t\t\n\n<div class=\"wd-negative-gap elementor-element elementor-element-2d2f2edc e-flex e-con-boxed e-con e-parent\" data-particle_enable=\"false\" data-particle-mobile-disabled=\"false\" data-id=\"2d2f2edc\" data-element_type=\"container\">\n<div class=\"e-con-inner\">\n<div class=\"elementor-element elementor-element-71a9495 elementor-widget elementor-widget-heading\" data-id=\"71a9495\" data-element_type=\"widget\" data-widget_type=\"heading.default\">\n<div class=\"elementor-widget-container\">\n<h2 class=\"elementor-heading-title elementor-size-default\">Mit\u00e4 palveluja GROW tarjoaa Suomessa?<\/h2>\n<\/div>\n<\/div>\n<div class=\"elementor-element elementor-element-6df2233b color-scheme-inherit text-left elementor-widget elementor-widget-text-editor\" data-id=\"6df2233b\" data-element_type=\"widget\" data-widget_type=\"text-editor.default\">\n<div class=\"elementor-widget-container\">\n<p>Tarjoamme perinteisi\u00e4 kirjanpitopalveluja ja monia muita palveluja, joita virolaiset yritykset voivat tarvita Suomessa.<\/p>\n<p>Esimerkkej\u00e4 erilaisista palveluista, joita voidaan tarjota:<\/p>\n<\/div>\n<\/div>\n<\/div>\n<\/div>\n<div class=\"wd-negative-gap elementor-element elementor-element-266f6ad e-flex e-con-boxed e-con e-parent\" data-particle_enable=\"false\" data-particle-mobile-disabled=\"false\" data-id=\"266f6ad\" data-element_type=\"container\">\n<div class=\"e-con-inner\">\n<div class=\"elementor-element elementor-element-730f59b e-con-full e-flex e-con e-child\" data-particle_enable=\"false\" data-particle-mobile-disabled=\"false\" data-id=\"730f59b\" data-element_type=\"container\">\n<div class=\"elementor-element elementor-element-c0f89af elementor-icon-list--layout-traditional elementor-list-item-link-full_width elementor-widget elementor-widget-icon-list\" data-id=\"c0f89af\" data-element_type=\"widget\" data-widget_type=\"icon-list.default\">\n<div class=\"elementor-widget-container\">\n<ul class=\"elementor-icon-list-items\">\n<li class=\"elementor-icon-list-item\"><i class=\"fas fa-check-circle\" aria-hidden=\"true\"><\/i><span class=\"elementor-icon-list-text\">Kirjanpito ja verokirjanpito<\/span><\/li>\n<li class=\"elementor-icon-list-item\"><i class=\"fas fa-check-circle\" aria-hidden=\"true\"><\/i><span class=\"elementor-icon-list-text\">Palkanlaskenta ja ty\u00f6ntekij\u00f6iden rekister\u00f6inti<\/span><\/li>\n<li class=\"elementor-icon-list-item\"><i class=\"fas fa-check-circle\" aria-hidden=\"true\"><\/i><span class=\"elementor-icon-list-text\">Pysyv\u00e4n toimipaikan nime\u00e4misen analysointi ja rekister\u00f6inti<\/span><\/li>\n<li class=\"elementor-icon-list-item\"><i class=\"fas fa-check-circle\" aria-hidden=\"true\"><\/i><span class=\"elementor-icon-list-text\">Yrityksen rekister\u00f6inti verovelvolliseksi<\/span><\/li>\n<li class=\"elementor-icon-list-item\"><i class=\"fas fa-check-circle\" aria-hidden=\"true\"><\/i><span class=\"elementor-icon-list-text\">Veroneuvonta<\/span><\/li>\n<li class=\"elementor-icon-list-item\"><i class=\"fas fa-check-circle\" aria-hidden=\"true\"><\/i><span class=\"elementor-icon-list-text\">Muut raportointivelvoitteet (esim. sopimusten laatiminen, rakennust\u00f6iden ilmoittaminen jne.).<\/span><\/li>\n<\/ul>\n<\/div>\n<\/div>\n<\/div>\n<\/div>\n<\/div>\n\n\t\t<\/div>\n\t\t\t\t\t<\/div>\n\n\t\n\n\t<div id=\"col-301173502\" class=\"col medium-6 small-12 large-6\"  >\n\t\t\t\t<div class=\"col-inner\"  >\n\t\t\t\n\t\t\t\n\n\t<div class=\"img has-hover x md-x lg-x y md-y lg-y\" id=\"image_2002851823\">\n\t\t\t\t\t\t\t\t<div class=\"img-inner image-cover dark\" style=\"padding-top:80%;\">\n\t\t\t<img loading=\"lazy\" decoding=\"async\" width=\"2560\" height=\"2560\" src=\"https:\/\/grow.ee\/wp-content\/uploads\/2024\/05\/Digitaalne-raamatupidamine-Grow-3-1-scaled.webp\" class=\"attachment-original size-original\" alt=\"\" srcset=\"https:\/\/grow.ee\/wp-content\/uploads\/2024\/05\/Digitaalne-raamatupidamine-Grow-3-1-scaled.webp 2560w, https:\/\/grow.ee\/wp-content\/uploads\/2024\/05\/Digitaalne-raamatupidamine-Grow-3-1-300x300.webp 300w, https:\/\/grow.ee\/wp-content\/uploads\/2024\/05\/Digitaalne-raamatupidamine-Grow-3-1-720x720.webp 720w, https:\/\/grow.ee\/wp-content\/uploads\/2024\/05\/Digitaalne-raamatupidamine-Grow-3-1-150x150.webp 150w, https:\/\/grow.ee\/wp-content\/uploads\/2024\/05\/Digitaalne-raamatupidamine-Grow-3-1-768x768.webp 768w, https:\/\/grow.ee\/wp-content\/uploads\/2024\/05\/Digitaalne-raamatupidamine-Grow-3-1-1536x1536.webp 1536w, https:\/\/grow.ee\/wp-content\/uploads\/2024\/05\/Digitaalne-raamatupidamine-Grow-3-1-2048x2048.webp 2048w, https:\/\/grow.ee\/wp-content\/uploads\/2024\/05\/Digitaalne-raamatupidamine-Grow-3-1-12x12.webp 12w\" sizes=\"auto, (max-width: 2560px) 100vw, 2560px\" \/>\t\t\t\t\t\t\n\t\t\t\t\t<\/div>\n\t\t\t\t\t\t\t\t\n<style>\n#image_2002851823 {\n  width: 100%;\n}\n<\/style>\n\t<\/div>\n\t\n\n\n\t\t<\/div>\n\t\t\t\t\t<\/div>\n\n\t\n\n<\/div>","protected":false},"excerpt":{"rendered":"","protected":false},"author":10,"featured_media":0,"parent":9004,"menu_order":0,"comment_status":"closed","ping_status":"closed","template":"page-blank.php","meta":{"footnotes":""},"class_list":["post-13227","page","type-page","status-publish","hentry"],"_links":{"self":[{"href":"https:\/\/grow.ee\/fi\/wp-json\/wp\/v2\/pages\/13227","targetHints":{"allow":["GET"]}}],"collection":[{"href":"https:\/\/grow.ee\/fi\/wp-json\/wp\/v2\/pages"}],"about":[{"href":"https:\/\/grow.ee\/fi\/wp-json\/wp\/v2\/types\/page"}],"author":[{"embeddable":true,"href":"https:\/\/grow.ee\/fi\/wp-json\/wp\/v2\/users\/10"}],"replies":[{"embeddable":true,"href":"https:\/\/grow.ee\/fi\/wp-json\/wp\/v2\/comments?post=13227"}],"version-history":[{"count":41,"href":"https:\/\/grow.ee\/fi\/wp-json\/wp\/v2\/pages\/13227\/revisions"}],"predecessor-version":[{"id":15128,"href":"https:\/\/grow.ee\/fi\/wp-json\/wp\/v2\/pages\/13227\/revisions\/15128"}],"up":[{"embeddable":true,"href":"https:\/\/grow.ee\/fi\/wp-json\/wp\/v2\/pages\/9004"}],"wp:attachment":[{"href":"https:\/\/grow.ee\/fi\/wp-json\/wp\/v2\/media?parent=13227"}],"curies":[{"name":"wp","href":"https:\/\/api.w.org\/{rel}","templated":true}]}}