{"id":12185,"date":"2024-02-18T14:51:21","date_gmt":"2024-02-18T14:51:21","guid":{"rendered":"https:\/\/grow.ee\/?page_id=12185"},"modified":"2024-10-04T10:59:45","modified_gmt":"2024-10-04T07:59:45","slug":"ohjelmisto","status":"publish","type":"page","link":"https:\/\/grow.ee\/fi\/services\/software\/","title":{"rendered":"Tarkvara"},"content":{"rendered":"<div id=\"pl-9034\" class=\"panel-layout\">\n<div id=\"pg-9034-0\" class=\"panel-grid panel-no-style\" data-style=\"{&quot;background_image_attachment&quot;:false,&quot;background_display&quot;:&quot;tile&quot;,&quot;background_image_size&quot;:&quot;full&quot;,&quot;background_image_opacity&quot;:&quot;100&quot;,&quot;border_thickness&quot;:&quot;1px&quot;,&quot;full_height&quot;:&quot;&quot;,&quot;bottom_margin&quot;:&quot;100px&quot;,&quot;cell_alignment&quot;:&quot;flex-start&quot;}\">\n<div id=\"pgc-9034-0-0\" class=\"panel-grid-cell\" data-weight=\"1\">\n<div id=\"panel-9034-0-0-0\" class=\"so-panel widget widget_siteorigin-panels-builder panel-first-child panel-last-child\" data-index=\"0\" data-style=\"{&quot;background_image_attachment&quot;:false,&quot;background_display&quot;:&quot;tile&quot;,&quot;background_image_size&quot;:&quot;full&quot;,&quot;background_image_opacity&quot;:&quot;100&quot;,&quot;border_thickness&quot;:&quot;1px&quot;}\">\n<div id=\"pl-w653f618db62a8\" class=\"panel-layout\">\n<div id=\"pg-w653f618db62a8-0\" class=\"panel-grid panel-no-style\" data-style=\"{&quot;background_image_attachment&quot;:false,&quot;background_display&quot;:&quot;tile&quot;,&quot;background_image_size&quot;:&quot;full&quot;,&quot;background_image_opacity&quot;:&quot;100&quot;,&quot;border_thickness&quot;:&quot;1px&quot;,&quot;full_height&quot;:&quot;&quot;,&quot;cell_alignment&quot;:&quot;flex-start&quot;}\">\n<div id=\"pgc-w653f618db62a8-0-0\" class=\"panel-grid-cell\" data-style=\"{&quot;class&quot;:&quot;fade-in-right&quot;,&quot;background_image_attachment&quot;:false,&quot;background_display&quot;:&quot;tile&quot;,&quot;background_image_size&quot;:&quot;full&quot;,&quot;background_image_opacity&quot;:&quot;100&quot;,&quot;border_thickness&quot;:&quot;1px&quot;,&quot;vertical_alignment&quot;:&quot;auto&quot;}\" data-weight=\"0.5\">\n<div class=\"fade-in-right panel-cell-style panel-cell-style-for-w653f618db62a8-0-0\">\n<div id=\"panel-w653f618db62a8-0-0-0\" class=\"so-panel widget widget_sow-editor panel-first-child panel-last-child\" data-index=\"0\" data-style=\"{&quot;class&quot;:&quot;single-Accounting-service-page&quot;,&quot;background_image_attachment&quot;:false,&quot;background_display&quot;:&quot;tile&quot;,&quot;background_image_size&quot;:&quot;full&quot;,&quot;background_image_opacity&quot;:&quot;100&quot;,&quot;border_thickness&quot;:&quot;1px&quot;}\">\n<div class=\"single-Accounting-service-page panel-widget-style panel-widget-style-for-w653f618db62a8-0-0-0\">\n<div class=\"so-widget-sow-editor so-widget-sow-editor-base\">\n<div class=\"siteorigin-widget-tinymce textwidget\"><strong>Tarkvara<\/strong>\n<h2>Grow tarkvara turvalisus ja v\u00f5imekus<\/h2>\nTilitoimistot ymp\u00e4ri maailmaa luottavat vaikuttavaan valikoimaan ohjelmistoratkaisuja. Jokaisella niist\u00e4 on hyv\u00e4t ja huonot puolensa, ja ep\u00e4ilem\u00e4tt\u00e4 ne kaikki edist\u00e4v\u00e4t nopeampaa taloushallintoa. Mutta miten valita paras? Grow painottaa paljon ohjelmistojen turvallisuutta ja tietojen tallennusominaisuuksia. Teemme kaikkemme varmistaaksemme, ett\u00e4 arkaluontoiset taloustietosi tallennetaan turvallisesti digitaaliseen arkistoon. Grow k\u00e4ytt\u00e4\u00e4 yli kymment\u00e4 ohjelmistopakettia p\u00e4ivitt\u00e4in. Pyynn\u00f6st\u00e4 autamme l\u00f6yt\u00e4m\u00e4\u00e4n yrityksellesi parhaan ratkaisun ja tarjoamme neuvoja liit\u00e4nt\u00e4\u00e4n liittyen.\n\n<a href=\"https:\/\/grow.ee\/fi\/palvelut-2\/software-packages\/?lang=en\"> Tutvu pakettidega<\/a>\n\n<\/div>\n<\/div>\n<\/div>\n<\/div>\n<\/div>\n<\/div>\n<div id=\"pgc-w653f618db62a8-0-1\" class=\"panel-grid-cell\" data-style=\"{&quot;class&quot;:&quot;fade-in-left&quot;,&quot;background_image_attachment&quot;:false,&quot;background_display&quot;:&quot;tile&quot;,&quot;background_image_size&quot;:&quot;full&quot;,&quot;background_image_opacity&quot;:&quot;100&quot;,&quot;border_thickness&quot;:&quot;1px&quot;,&quot;vertical_alignment&quot;:&quot;auto&quot;}\" data-weight=\"0.5\">\n<div class=\"fade-in-left panel-cell-style panel-cell-style-for-w653f618db62a8-0-1\">\n<div id=\"panel-w653f618db62a8-0-1-0\" class=\"so-panel widget widget_sow-editor panel-first-child panel-last-child\" data-index=\"1\" data-style=\"{&quot;background_image_attachment&quot;:false,&quot;background_display&quot;:&quot;tile&quot;,&quot;background_image_size&quot;:&quot;full&quot;,&quot;background_image_opacity&quot;:&quot;100&quot;,&quot;border_thickness&quot;:&quot;1px&quot;}\">\n<div class=\"so-widget-sow-editor so-widget-sow-editor-base\">\n<div class=\"siteorigin-widget-tinymce textwidget\">\n\n<img loading=\"lazy\" decoding=\"async\" class=\"alignnone wp-image-8619 size-full\" src=\"https:\/\/grow.ee\/wp-content\/uploads\/2023\/10\/alexander-grey-tn57JI3CewI-unsplash-scaled.webp\" alt=\"\" width=\"1707\" height=\"2560\" srcset=\"https:\/\/grow.ee\/wp-content\/uploads\/2023\/10\/alexander-grey-tn57JI3CewI-unsplash-scaled.webp 1707w, https:\/\/grow.ee\/wp-content\/uploads\/2023\/10\/alexander-grey-tn57JI3CewI-unsplash-200x300.webp 200w, https:\/\/grow.ee\/wp-content\/uploads\/2023\/10\/alexander-grey-tn57JI3CewI-unsplash-480x720.webp 480w, https:\/\/grow.ee\/wp-content\/uploads\/2023\/10\/alexander-grey-tn57JI3CewI-unsplash-768x1152.webp 768w, https:\/\/grow.ee\/wp-content\/uploads\/2023\/10\/alexander-grey-tn57JI3CewI-unsplash-1024x1536.webp 1024w, https:\/\/grow.ee\/wp-content\/uploads\/2023\/10\/alexander-grey-tn57JI3CewI-unsplash-1365x2048.webp 1365w, https:\/\/grow.ee\/wp-content\/uploads\/2023\/10\/alexander-grey-tn57JI3CewI-unsplash-800x1200.webp 800w\" sizes=\"auto, (max-width: 1707px) 100vw, 1707px\" \/>\n\n<\/div>\n<\/div>\n<\/div>\n<\/div>\n<\/div>\n<\/div>\n<\/div>\n<\/div>\n<\/div>\n<\/div>\n<div id=\"pg-9034-1\" class=\"panel-grid panel-no-style\" data-style=\"{&quot;background_image_attachment&quot;:false,&quot;background_display&quot;:&quot;tile&quot;,&quot;background_image_size&quot;:&quot;full&quot;,&quot;background_image_opacity&quot;:&quot;100&quot;,&quot;border_thickness&quot;:&quot;1px&quot;,&quot;full_height&quot;:&quot;&quot;,&quot;bottom_margin&quot;:&quot;100px&quot;,&quot;cell_alignment&quot;:&quot;flex-start&quot;}\">\n<div id=\"pgc-9034-1-0\" class=\"panel-grid-cell\" data-weight=\"1\">\n<div id=\"panel-9034-1-0-0\" class=\"so-panel widget widget_siteorigin-panels-builder panel-first-child panel-last-child\" data-index=\"1\" data-style=\"{&quot;background_image_attachment&quot;:false,&quot;background_display&quot;:&quot;tile&quot;,&quot;background_image_size&quot;:&quot;full&quot;,&quot;background_image_opacity&quot;:&quot;100&quot;,&quot;border_thickness&quot;:&quot;1px&quot;}\">\n<div id=\"pl-w653f618db655c\" class=\"panel-layout\">\n<div id=\"pg-w653f618db655c-0\" class=\"panel-grid panel-has-style\" data-style=\"{&quot;class&quot;:&quot;fade-in-down&quot;,&quot;background_image_attachment&quot;:false,&quot;background_display&quot;:&quot;tile&quot;,&quot;background_image_size&quot;:&quot;full&quot;,&quot;background_image_opacity&quot;:&quot;100&quot;,&quot;border_thickness&quot;:&quot;1px&quot;,&quot;full_height&quot;:&quot;&quot;,&quot;cell_alignment&quot;:&quot;flex-start&quot;}\">\n<div class=\"fade-in-down panel-row-style panel-row-style-for-w653f618db655c-0\">\n<div id=\"pgc-w653f618db655c-0-0\" class=\"panel-grid-cell\" data-weight=\"1\">\n<div id=\"panel-w653f618db655c-0-0-0\" class=\"so-panel widget widget_sow-editor panel-first-child panel-last-child\" data-index=\"0\" data-style=\"{&quot;class&quot;:&quot;adv-Accounting-service-mind&quot;,&quot;background_image_attachment&quot;:false,&quot;background_display&quot;:&quot;tile&quot;,&quot;background_image_size&quot;:&quot;full&quot;,&quot;background_image_opacity&quot;:&quot;100&quot;,&quot;border_thickness&quot;:&quot;1px&quot;}\">\n<div class=\"adv-Accounting-service-mind panel-widget-style panel-widget-style-for-w653f618db655c-0-0-0\">\n<div class=\"so-widget-sow-editor so-widget-sow-editor-base\">\n<div class=\"siteorigin-widget-tinymce textwidget\"><strong>Tarkvara<\/strong>\n<h2>Meil on \u00f5igus j\u00e4rgmiste tarkvaralahenduste kasutamiseks:<\/h2>\n<\/div>\n<\/div>\n<\/div>\n<\/div>\n<\/div>\n<\/div>\n<\/div>\n<div id=\"pg-w653f618db655c-1\" class=\"panel-grid panel-no-style\" data-style=\"{&quot;background_image_attachment&quot;:false,&quot;background_display&quot;:&quot;tile&quot;,&quot;background_image_size&quot;:&quot;full&quot;,&quot;background_image_opacity&quot;:&quot;100&quot;,&quot;border_thickness&quot;:&quot;1px&quot;,&quot;full_height&quot;:&quot;&quot;,&quot;cell_alignment&quot;:&quot;flex-start&quot;}\">\n<div id=\"pgc-w653f618db655c-1-0\" class=\"panel-grid-cell\" data-style=\"{&quot;class&quot;:&quot;fade-in-right&quot;,&quot;background_image_attachment&quot;:false,&quot;background_display&quot;:&quot;tile&quot;,&quot;background_image_size&quot;:&quot;full&quot;,&quot;background_image_opacity&quot;:&quot;100&quot;,&quot;border_thickness&quot;:&quot;1px&quot;,&quot;vertical_alignment&quot;:&quot;auto&quot;}\" data-weight=\"0.5\">\n<div class=\"fade-in-right panel-cell-style panel-cell-style-for-w653f618db655c-1-0\">\n<div id=\"panel-w653f618db655c-1-0-0\" class=\"so-panel widget widget_sow-editor panel-first-child panel-last-child\" data-index=\"1\" data-style=\"{&quot;class&quot;:&quot;adv-Accounting-service&quot;,&quot;padding&quot;:&quot;20px 20px 20px 20px&quot;,&quot;background&quot;:&quot;#ebeff4&quot;,&quot;background_image_attachment&quot;:false,&quot;background_display&quot;:&quot;tile&quot;,&quot;background_image_size&quot;:&quot;full&quot;,&quot;background_image_opacity&quot;:&quot;100&quot;,&quot;border_thickness&quot;:&quot;1px&quot;}\">\n<div class=\"adv-Accounting-service panel-widget-style panel-widget-style-for-w653f618db655c-1-0-0\">\n<div class=\"so-widget-sow-editor so-widget-sow-editor-base\">\n<div class=\"siteorigin-widget-tinymce textwidget\">\n<h3><a href=\"https:\/\/directo.ee\/\">Directo<\/a><\/h3>\nVeebip\u00f5hine \u00e4ritarkvara, mis on loodud Eestis v\u00e4ikestele ja suurtele ettev\u00f5tetele. Omame 20 aastat kogemust Directo kasutamisel.\n\n<\/div>\n<\/div>\n<\/div>\n<\/div>\n<\/div>\n<\/div>\n<div id=\"pgc-w653f618db655c-1-1\" class=\"panel-grid-cell\" data-style=\"{&quot;class&quot;:&quot;fade-in-left&quot;,&quot;background_image_attachment&quot;:false,&quot;background_display&quot;:&quot;tile&quot;,&quot;background_image_size&quot;:&quot;full&quot;,&quot;background_image_opacity&quot;:&quot;100&quot;,&quot;border_thickness&quot;:&quot;1px&quot;,&quot;vertical_alignment&quot;:&quot;auto&quot;}\" data-weight=\"0.5\">\n<div class=\"fade-in-left panel-cell-style panel-cell-style-for-w653f618db655c-1-1\">\n<div id=\"panel-w653f618db655c-1-1-0\" class=\"so-panel widget widget_sow-editor panel-first-child panel-last-child\" data-index=\"2\" data-style=\"{&quot;class&quot;:&quot;adv-Accounting-service&quot;,&quot;padding&quot;:&quot;20px 20px 20px 20px&quot;,&quot;background&quot;:&quot;#ebeff4&quot;,&quot;background_image_attachment&quot;:false,&quot;background_display&quot;:&quot;tile&quot;,&quot;background_image_size&quot;:&quot;full&quot;,&quot;background_image_opacity&quot;:&quot;100&quot;,&quot;border_thickness&quot;:&quot;1px&quot;}\">\n<div class=\"adv-Accounting-service panel-widget-style panel-widget-style-for-w653f618db655c-1-1-0\">\n<div class=\"so-widget-sow-editor so-widget-sow-editor-base\">\n<div class=\"siteorigin-widget-tinymce textwidget\">\n<h3><a href=\"https:\/\/www.sysdec.ee\/saf.htm\">SAF<\/a><\/h3>\nOmame \u00fcle 25 aasta kogemusi SAF kasutamisel. Sobib n\u00f5udlikumale kliendile, p\u00f5hineb SQL-il.\n\n<\/div>\n<\/div>\n<\/div>\n<\/div>\n<\/div>\n<\/div>\n<\/div>\n<div id=\"pg-w653f618db655c-2\" class=\"panel-grid panel-no-style\" data-style=\"{&quot;background_image_attachment&quot;:false,&quot;background_display&quot;:&quot;tile&quot;,&quot;background_image_size&quot;:&quot;full&quot;,&quot;background_image_opacity&quot;:&quot;100&quot;,&quot;border_thickness&quot;:&quot;1px&quot;,&quot;full_height&quot;:&quot;&quot;,&quot;cell_alignment&quot;:&quot;flex-start&quot;}\">\n<div id=\"pgc-w653f618db655c-2-0\" class=\"panel-grid-cell\" data-style=\"{&quot;class&quot;:&quot;fade-in-right&quot;,&quot;background_image_attachment&quot;:false,&quot;background_display&quot;:&quot;tile&quot;,&quot;background_image_size&quot;:&quot;full&quot;,&quot;background_image_opacity&quot;:&quot;100&quot;,&quot;border_thickness&quot;:&quot;1px&quot;,&quot;vertical_alignment&quot;:&quot;auto&quot;}\" data-weight=\"0.5\">\n<div class=\"fade-in-right panel-cell-style panel-cell-style-for-w653f618db655c-2-0\">\n<div id=\"panel-w653f618db655c-2-0-0\" class=\"so-panel widget widget_sow-editor panel-first-child panel-last-child\" data-index=\"3\" data-style=\"{&quot;class&quot;:&quot;adv-Accounting-service&quot;,&quot;padding&quot;:&quot;20px 20px 20px 20px&quot;,&quot;background&quot;:&quot;#ebeff4&quot;,&quot;background_image_attachment&quot;:false,&quot;background_display&quot;:&quot;tile&quot;,&quot;background_image_size&quot;:&quot;full&quot;,&quot;background_image_opacity&quot;:&quot;100&quot;,&quot;border_thickness&quot;:&quot;1px&quot;}\">\n<div class=\"adv-Accounting-service panel-widget-style panel-widget-style-for-w653f618db655c-2-0-0\">\n<div class=\"so-widget-sow-editor so-widget-sow-editor-base\">\n<div class=\"siteorigin-widget-tinymce textwidget\">\n<h3><a href=\"https:\/\/dynamics.microsoft.com\/en-gb\/\">Microsoft Dynamics 365<\/a><\/h3>\nMicrosoft Dynamics 365. Eelnevad versioonid, nagu Axapta, Navision jne.\n\n<\/div>\n<\/div>\n<\/div>\n<\/div>\n<\/div>\n<\/div>\n<div id=\"pgc-w653f618db655c-2-1\" class=\"panel-grid-cell\" data-style=\"{&quot;class&quot;:&quot;fade-in-left&quot;,&quot;background_image_attachment&quot;:false,&quot;background_display&quot;:&quot;tile&quot;,&quot;background_image_size&quot;:&quot;full&quot;,&quot;background_image_opacity&quot;:&quot;100&quot;,&quot;border_thickness&quot;:&quot;1px&quot;,&quot;vertical_alignment&quot;:&quot;auto&quot;}\" data-weight=\"0.5\">\n<div class=\"fade-in-left panel-cell-style panel-cell-style-for-w653f618db655c-2-1\">\n<div id=\"panel-w653f618db655c-2-1-0\" class=\"so-panel widget widget_sow-editor panel-first-child panel-last-child\" data-index=\"4\" data-style=\"{&quot;class&quot;:&quot;adv-Accounting-service&quot;,&quot;padding&quot;:&quot;20px 20px 20px 20px&quot;,&quot;background&quot;:&quot;#ebeff4&quot;,&quot;background_image_attachment&quot;:false,&quot;background_display&quot;:&quot;tile&quot;,&quot;background_image_size&quot;:&quot;full&quot;,&quot;background_image_opacity&quot;:&quot;100&quot;,&quot;border_thickness&quot;:&quot;1px&quot;}\">\n<div class=\"adv-Accounting-service panel-widget-style panel-widget-style-for-w653f618db655c-2-1-0\">\n<div class=\"so-widget-sow-editor so-widget-sow-editor-base\">\n<div class=\"siteorigin-widget-tinymce textwidget\">\n<h3><a href=\"https:\/\/www.smartaccounts.eu\/en\/\">SmartAccounts<\/a><\/h3>\nVeebip\u00f5hine raamatupidamistarkvara, mis on taskukohane ka v\u00e4iksematele ettev\u00f5tetele.\n\n<\/div>\n<\/div>\n<\/div>\n<\/div>\n<\/div>\n<\/div>\n<\/div>\n<div id=\"pg-w653f618db655c-3\" class=\"panel-grid panel-no-style\" data-style=\"{&quot;background_image_attachment&quot;:false,&quot;background_display&quot;:&quot;tile&quot;,&quot;background_image_size&quot;:&quot;full&quot;,&quot;background_image_opacity&quot;:&quot;100&quot;,&quot;border_thickness&quot;:&quot;1px&quot;,&quot;full_height&quot;:&quot;&quot;,&quot;cell_alignment&quot;:&quot;flex-start&quot;}\">\n<div id=\"pgc-w653f618db655c-3-0\" class=\"panel-grid-cell panel-grid-cell-mobile-last\" data-style=\"{&quot;class&quot;:&quot;fade-in-right&quot;,&quot;background_image_attachment&quot;:false,&quot;background_display&quot;:&quot;tile&quot;,&quot;background_image_size&quot;:&quot;full&quot;,&quot;background_image_opacity&quot;:&quot;100&quot;,&quot;border_thickness&quot;:&quot;1px&quot;,&quot;vertical_alignment&quot;:&quot;auto&quot;}\" data-weight=\"0.5\">\n<div class=\"fade-in-right panel-cell-style panel-cell-style-for-w653f618db655c-3-0\">\n<div id=\"panel-w653f618db655c-3-0-0\" class=\"so-panel widget widget_sow-editor panel-first-child panel-last-child\" data-index=\"5\" data-style=\"{&quot;class&quot;:&quot;adv-Accounting-service&quot;,&quot;padding&quot;:&quot;20px 20px 20px 20px&quot;,&quot;background&quot;:&quot;#ebeff4&quot;,&quot;background_image_attachment&quot;:false,&quot;background_display&quot;:&quot;tile&quot;,&quot;background_image_size&quot;:&quot;full&quot;,&quot;background_image_opacity&quot;:&quot;100&quot;,&quot;border_thickness&quot;:&quot;1px&quot;}\">\n<div class=\"adv-Accounting-service panel-widget-style panel-widget-style-for-w653f618db655c-3-0-0\">\n<div class=\"so-widget-sow-editor so-widget-sow-editor-base\">\n<div class=\"siteorigin-widget-tinymce textwidget\">\n<h3><a href=\"https:\/\/eng.merit.ee\/\">Merit Aktiva ja Palk<\/a><\/h3>\nVeebip\u00f5hine raamatupidamis- ja palgaarvestustarkvara.\n\n<\/div>\n<\/div>\n<\/div>\n<\/div>\n<\/div>\n<\/div>\n<div id=\"pgc-w653f618db655c-3-1\" class=\"panel-grid-cell panel-grid-cell-empty\" data-style=\"{&quot;class&quot;:&quot;fade-in-left&quot;,&quot;background_image_attachment&quot;:false,&quot;background_display&quot;:&quot;tile&quot;,&quot;background_image_size&quot;:&quot;full&quot;,&quot;background_image_opacity&quot;:&quot;100&quot;,&quot;border_thickness&quot;:&quot;1px&quot;,&quot;vertical_alignment&quot;:&quot;auto&quot;}\" data-weight=\"0.5\">\n<div class=\"fade-in-left panel-cell-style panel-cell-style-for-w653f618db655c-3-1\"><\/div>\n<\/div>\n<\/div>\n<\/div>\n<\/div>\n<\/div>\n<\/div>\n<div id=\"pg-9034-2\" class=\"panel-grid panel-has-style\" data-style=\"{&quot;class&quot;:&quot;for-stop-sec&quot;,&quot;padding&quot;:&quot;50px 50px 50px 50px&quot;,&quot;background&quot;:&quot;#1d1b47&quot;,&quot;background_image_attachment&quot;:false,&quot;background_display&quot;:&quot;tile&quot;,&quot;background_image_size&quot;:&quot;full&quot;,&quot;background_image_opacity&quot;:&quot;100&quot;,&quot;border_thickness&quot;:&quot;1px&quot;,&quot;full_height&quot;:&quot;&quot;,&quot;bottom_margin&quot;:&quot;100px&quot;,&quot;cell_alignment&quot;:&quot;flex-start&quot;}\" data-label=\"talk to expert\">\n<div class=\"for-stop-sec panel-row-style panel-row-style-for-9034-2\">\n<div id=\"pgc-9034-2-0\" class=\"panel-grid-cell\" data-weight=\"1\">\n<div id=\"panel-9034-2-0-0\" class=\"so-panel widget widget_siteorigin-panels-builder panel-first-child panel-last-child\" data-index=\"2\" data-style=\"{&quot;background_image_attachment&quot;:false,&quot;background_display&quot;:&quot;tile&quot;,&quot;background_image_size&quot;:&quot;full&quot;,&quot;background_image_opacity&quot;:&quot;100&quot;,&quot;border_thickness&quot;:&quot;1px&quot;}\">\n<div id=\"pl-w653f618db69fe\" class=\"panel-layout\">\n<div id=\"pg-w653f618db69fe-0\" class=\"panel-grid panel-no-style\" data-style=\"{&quot;background_image_attachment&quot;:false,&quot;background_display&quot;:&quot;tile&quot;,&quot;background_image_size&quot;:&quot;full&quot;,&quot;background_image_opacity&quot;:&quot;100&quot;,&quot;border_thickness&quot;:&quot;1px&quot;,&quot;full_height&quot;:&quot;&quot;,&quot;cell_alignment&quot;:&quot;flex-start&quot;}\">\n<div id=\"pgc-w653f618db69fe-0-0\" class=\"panel-grid-cell\" data-style=\"{&quot;background_image_attachment&quot;:false,&quot;background_display&quot;:&quot;tile&quot;,&quot;background_image_size&quot;:&quot;full&quot;,&quot;background_image_opacity&quot;:&quot;100&quot;,&quot;border_thickness&quot;:&quot;1px&quot;,&quot;vertical_alignment&quot;:&quot;auto&quot;}\" data-weight=\"0.5\">\n<div id=\"panel-w653f618db69fe-0-0-0\" class=\"so-panel widget widget_sow-editor panel-first-child panel-last-child\" data-index=\"0\" data-style=\"{&quot;class&quot;:&quot;Talk-to-our-expert1&quot;,&quot;background_image_attachment&quot;:false,&quot;background_display&quot;:&quot;tile&quot;,&quot;background_image_size&quot;:&quot;full&quot;,&quot;background_image_opacity&quot;:&quot;100&quot;,&quot;border_thickness&quot;:&quot;1px&quot;}\">\n<div class=\"Talk-to-our-expert1 panel-widget-style panel-widget-style-for-w653f618db69fe-0-0-0\">\n<div class=\"so-widget-sow-editor so-widget-sow-editor-base\">\n<div class=\"siteorigin-widget-tinymce textwidget\">\n<h2>Keskustele talousasiantuntijamme kanssa<\/h2>\n<\/div>\n<\/div>\n<\/div>\n<\/div>\n<\/div>\n<div id=\"pgc-w653f618db69fe-0-1\" class=\"panel-grid-cell\" data-style=\"{&quot;background_image_attachment&quot;:false,&quot;background_display&quot;:&quot;tile&quot;,&quot;background_image_size&quot;:&quot;full&quot;,&quot;background_image_opacity&quot;:&quot;100&quot;,&quot;border_thickness&quot;:&quot;1px&quot;,&quot;vertical_alignment&quot;:&quot;auto&quot;}\" data-weight=\"0.5\">\n<div id=\"panel-w653f618db69fe-0-1-0\" class=\"so-panel widget widget_sow-editor panel-first-child panel-last-child\" data-index=\"1\" data-style=\"{&quot;class&quot;:&quot;Talk-to-our-expert&quot;,&quot;background_image_attachment&quot;:false,&quot;background_display&quot;:&quot;tile&quot;,&quot;background_image_size&quot;:&quot;full&quot;,&quot;background_image_opacity&quot;:&quot;100&quot;,&quot;border_thickness&quot;:&quot;1px&quot;}\">\n<div class=\"Talk-to-our-expert panel-widget-style panel-widget-style-for-w653f618db69fe-0-1-0\">\n<div class=\"so-widget-sow-editor so-widget-sow-editor-base\">\n<div class=\"siteorigin-widget-tinymce textwidget\">\n\n<a href=\"https:\/\/grow.ee\/fi\/kontakt\/\">Ota yhteytt\u00e4<\/a>\n\n<\/div>\n<\/div>\n<\/div>\n<\/div>\n<\/div>\n<\/div>\n<\/div>\n<\/div>\n<\/div>\n<\/div>\n<\/div>\n<\/div>","protected":false},"excerpt":{"rendered":"<p>Tarkvara Grow tarkvara turvalisus ja v\u00f5imekus Raamatupidamisettev\u00f5tted \u00fcle maailma toetuvad muljetavaldavale tarkvaralahenduste valikule. Igal neist on oma plussid ja miinused ning kahtlemata aitavad need k\u00f5ik kaasa finantside kiiremale haldamisele. Kuid kuidas valida parim? Grow paneb suurt r\u00f5hku tarkvara turvalisusele ja andmete salvestamise v\u00f5imekusele. Teeme k\u00f5ik endast oleneva, et tagada teie tundlike finantsandmete turvaline s\u00e4ilitamine meie [&#8230;]\n","protected":false},"author":24,"featured_media":0,"parent":11931,"menu_order":0,"comment_status":"closed","ping_status":"closed","template":"","meta":{"footnotes":""},"class_list":["post-12185","page","type-page","status-publish","hentry"],"_links":{"self":[{"href":"https:\/\/grow.ee\/fi\/wp-json\/wp\/v2\/pages\/12185","targetHints":{"allow":["GET"]}}],"collection":[{"href":"https:\/\/grow.ee\/fi\/wp-json\/wp\/v2\/pages"}],"about":[{"href":"https:\/\/grow.ee\/fi\/wp-json\/wp\/v2\/types\/page"}],"author":[{"embeddable":true,"href":"https:\/\/grow.ee\/fi\/wp-json\/wp\/v2\/users\/24"}],"replies":[{"embeddable":true,"href":"https:\/\/grow.ee\/fi\/wp-json\/wp\/v2\/comments?post=12185"}],"version-history":[{"count":1,"href":"https:\/\/grow.ee\/fi\/wp-json\/wp\/v2\/pages\/12185\/revisions"}],"predecessor-version":[{"id":14337,"href":"https:\/\/grow.ee\/fi\/wp-json\/wp\/v2\/pages\/12185\/revisions\/14337"}],"up":[{"embeddable":true,"href":"https:\/\/grow.ee\/fi\/wp-json\/wp\/v2\/pages\/11931"}],"wp:attachment":[{"href":"https:\/\/grow.ee\/fi\/wp-json\/wp\/v2\/media?parent=12185"}],"curies":[{"name":"wp","href":"https:\/\/api.w.org\/{rel}","templated":true}]}}