{"id":11949,"date":"2023-12-12T19:35:42","date_gmt":"2023-12-12T19:35:42","guid":{"rendered":"https:\/\/grow.ee\/teenused\/raamatupidamine\/"},"modified":"2024-03-26T11:02:00","modified_gmt":"2024-03-26T11:02:00","slug":"kirjanpito-2","status":"publish","type":"page","link":"https:\/\/grow.ee\/fi\/services\/accounting\/","title":{"rendered":"Kirjanpito"},"content":{"rendered":"<h1>Kirjanpito<\/h1>\n<h2>Pit\u00e4isik\u00f6 sinun ulkoistaa yrityksesi kirjanpito vai tehd\u00e4 se itse?<\/h2>\n<p>Yksi ensimm\u00e4isist\u00e4 kysymyksist\u00e4, joita tuleva yrityksen omistaja kysyy itselleen, on: &quot;Pit\u00e4isik\u00f6 minun ulkoistaa yritykseni kirjanpito vai tehd\u00e4 se itse?&quot;<\/p>\n<p>Oman kirjanpidon tekeminen on ehdottomasti suuri etu kustannusten leikkaamisessa. Monet yritykset p\u00e4\u00e4tt\u00e4v\u00e4t tehd\u00e4 sen ensin itse, koska he haluavat pit\u00e4\u00e4 koko liiketoimintaprosessin hallinnassaan. Yrityksen kasvaessa ja kehittyess\u00e4 esimiehell\u00e4 ei kuitenkaan usein ole tarpeeksi aikaa kaikkeen ja joko yksi toiminnoista tai koko liiketoiminta k\u00e4rsii.<\/p>\n<p>\u00a0<br \/>\n\t\t\t<a href=\"\/fi\/kirjanpitopalvelupaketit-2\/?lang=en\"><br \/>\n\t\t\t\t\t\tKATSO PAKETIT<br \/>\n\t\t\t\t\t<\/a><br \/>\n\t\t\t\t\t\t\t\t\t\t\t\t\t<img loading=\"lazy\" decoding=\"async\" width=\"480\" height=\"720\" src=\"https:\/\/grow.ee\/wp-content\/uploads\/2024\/02\/alexander-grey-tn57JI3CewI-unsplash-1365x2048-1-480x720.webp\" alt=\"Alexander Gray TN57JI3CewI Unsplash 1365x2048\" srcset=\"https:\/\/grow.ee\/wp-content\/uploads\/2024\/02\/alexander-grey-tn57JI3CewI-unsplash-1365x2048-1-480x720.webp 480w, https:\/\/grow.ee\/wp-content\/uploads\/2024\/02\/alexander-grey-tn57JI3CewI-unsplash-1365x2048-1-200x300.webp 200w, https:\/\/grow.ee\/wp-content\/uploads\/2024\/02\/alexander-grey-tn57JI3CewI-unsplash-1365x2048-1-768x1152.webp 768w, https:\/\/grow.ee\/wp-content\/uploads\/2024\/02\/alexander-grey-tn57JI3CewI-unsplash-1365x2048-1-1024x1536.webp 1024w, https:\/\/grow.ee\/wp-content\/uploads\/2024\/02\/alexander-grey-tn57JI3CewI-unsplash-1365x2048-1.webp 1365w\" sizes=\"auto, (max-width: 480px) 100vw, 480px\" \/>\t\t\t\t\t\t\t\t\t\t\t\t\t<\/p>\n<h2>Kirjanpitopalvelun arvot<\/h2>\n<p>Kirjanpitopalvelu tuo mielenrauhaa. Tilintarkastaja s\u00e4\u00e4st\u00e4\u00e4 aikaa, huolehtii kirjanpidon kunnossapidosta, neuvoo, konsultoi ja noudattaa lakia sek\u00e4 antaa ilmoitukset ja raportit ajallaan. P\u00e4\u00e4tt\u00e4m\u00e4ll\u00e4 uskoa kirjanpidon ammattilaisille, yritysjohtaja voi omistautua t\u00e4ysin tavoitteensa saavuttamiseen.<\/p>\n<h2>Menestyksellist\u00e4 liiketoimintaa<\/h2>\n<p>Nykymaailmassamme tulevaisuuden painopiste on menestyv\u00e4 yritt\u00e4jyys. Taitavan yritystoiminnan lis\u00e4ksi \u00e4lyk\u00e4s kirjanpito ja nopea p\u00e4\u00e4t\u00f6ksenteko ovat t\u00e4rkeit\u00e4 johdonmukaiselle menestykselle.<\/p>\n<h2>Osaava kirjanpitotiimi<\/h2>\n<p>Huolehdimme taloudestasi. Hyvin organisoitu kirjanpitopalvelu antaa yritysjohtajille mahdollisuuden n\u00e4hd\u00e4, mit\u00e4 yrityksess\u00e4 ja sen ymp\u00e4rist\u00f6ss\u00e4 tapahtuu.<\/p>\n<h2>Kirjanpito tuolina<\/h2>\n<p>Oikein systematisoitu kirjanpito tekee yrityksen kustannuksista l\u00e4pin\u00e4kyvi\u00e4, jolloin johto pystyy erottamaan merkityksett\u00f6m\u00e4t kustannukset t\u00e4rkeist\u00e4 ja havaitsemaan tehottoman toiminnan.<\/p>\n<p>Talk to our financial expert<\/p>\n<p>\t\t\t<a href=\"\/fi\/yhteystiedot\/?lang=en\"><br \/>\n\t\t\t\t\t\tCONTACT<br \/>\n\t\t\t\t\t<\/a><\/p>\n<h2>Miksi suosia Grow Financen kirjanpitopalvelua?<\/h2>\n<p>Kirjanpitopalvelu on paljon muutakin kuin pelkk\u00e4 kirjanpito. Tarvittavien kuukausittaisten kirjanpitotoimintojen lis\u00e4ksi kirjanpidolla on t\u00e4rke\u00e4 rooli my\u00f6s koko liiketoimintaprosessissa.<\/p>\n<p>Ammattilaiset osaavat ajatella kanssasi, neuvovat sinua yrityksesi taloudellisessa tilanteessa, perustelevat kustannusten v\u00e4ltt\u00e4m\u00e4tt\u00f6myyden, tekev\u00e4t talousennusteita ja neuvovat sinua veroasioissa. P\u00e4ivitt\u00e4inen lainmuutosten tasalla pysyminen, laaja kokemus, ty\u00f6lains\u00e4\u00e4d\u00e4nn\u00f6n tuntemus ja edistynyt kirjanpito-ohjelmistojen k\u00e4ytt\u00f6 takaavat huippuosaamisen ja ammattitaitoisen palvelun.<\/p>\n<ul>\n<li>\n\t\t\t\t\t\t\t\t\t\tGrow Finance pyrkii tarjoamaan yrityksellesi parhaan ja monipuolisimman premium-kirjanpitopalvelun, jota tukee sen j\u00e4senyys kansainv\u00e4lisess\u00e4 finanssipalveluj\u00e4rjest\u00f6ss\u00e4 GGI Alliancessa.\n\t\t\t\t\t\t\t\t\t<\/li>\n<li>\n\t\t\t\t\t\t\t\t\t\tViron ensimm\u00e4isen\u00e4 100% paperittomana tilitoimistona voimme luottavaisesti kutsua itse\u00e4mme tulevaisuuteen katsovaksi, innovatiiviseksi yritykseksi.\n\t\t\t\t\t\t\t\t\t<\/li>\n<li>\n\t\t\t\t\t\t\t\t\t\tGrow Financen kirjanpito- ja talouspalveluiden laatu on aina ammattimaista, perustuen parhaisiin k\u00e4yt\u00e4nt\u00f6ihin, laajaan kokemukseen ja laajaan tiet\u00e4mykseen.\n\t\t\t\t\t\t\t\t\t<\/li>\n<li>\n\t\t\t\t\t\t\t\t\t\tGrow Finance tekee yrityksesi talouden hallinnasta helppoa ja k\u00e4tev\u00e4\u00e4 ja auttaa yrityst\u00e4si kasvamaan.\n\t\t\t\t\t\t\t\t\t<\/li>\n<\/ul>\n<p>\t\t\t\t\t\t\t\t\t\t\t\t\t<img loading=\"lazy\" decoding=\"async\" width=\"720\" height=\"480\" src=\"https:\/\/grow.ee\/wp-content\/uploads\/2024\/02\/cfo-as-a-service-pic-720x480.jpg\" alt=\"talousjohtaja palveluna -kuva\" srcset=\"https:\/\/grow.ee\/wp-content\/uploads\/2024\/02\/cfo-as-a-service-pic-720x480.jpg 720w, https:\/\/grow.ee\/wp-content\/uploads\/2024\/02\/cfo-as-a-service-pic-300x200.jpg 300w, https:\/\/grow.ee\/wp-content\/uploads\/2024\/02\/cfo-as-a-service-pic-768x512.jpg 768w, https:\/\/grow.ee\/wp-content\/uploads\/2024\/02\/cfo-as-a-service-pic.jpg 892w\" sizes=\"auto, (max-width: 720px) 100vw, 720px\" \/><\/p>","protected":false},"excerpt":{"rendered":"<p>Accounting Should you outsource your company\u2019s accounting or do it yourself? One of the first questions a future company owner asks themselves is: \u201cShould I outsource my company\u2019s accounting or do it myself?\u201d Doing your own accounting is definitely a big advantage in cutting costs. Many companies decide to do it themselves at first, as [&#8230;]\n","protected":false},"author":10,"featured_media":0,"parent":11931,"menu_order":0,"comment_status":"closed","ping_status":"closed","template":"elementor_header_footer","meta":{"footnotes":""},"class_list":["post-11949","page","type-page","status-publish","hentry"],"_links":{"self":[{"href":"https:\/\/grow.ee\/fi\/wp-json\/wp\/v2\/pages\/11949","targetHints":{"allow":["GET"]}}],"collection":[{"href":"https:\/\/grow.ee\/fi\/wp-json\/wp\/v2\/pages"}],"about":[{"href":"https:\/\/grow.ee\/fi\/wp-json\/wp\/v2\/types\/page"}],"author":[{"embeddable":true,"href":"https:\/\/grow.ee\/fi\/wp-json\/wp\/v2\/users\/10"}],"replies":[{"embeddable":true,"href":"https:\/\/grow.ee\/fi\/wp-json\/wp\/v2\/comments?post=11949"}],"version-history":[{"count":15,"href":"https:\/\/grow.ee\/fi\/wp-json\/wp\/v2\/pages\/11949\/revisions"}],"predecessor-version":[{"id":13511,"href":"https:\/\/grow.ee\/fi\/wp-json\/wp\/v2\/pages\/11949\/revisions\/13511"}],"up":[{"embeddable":true,"href":"https:\/\/grow.ee\/fi\/wp-json\/wp\/v2\/pages\/11931"}],"wp:attachment":[{"href":"https:\/\/grow.ee\/fi\/wp-json\/wp\/v2\/media?parent=11949"}],"curies":[{"name":"wp","href":"https:\/\/api.w.org\/{rel}","templated":true}]}}