{"id":11945,"date":"2023-10-27T20:50:47","date_gmt":"2023-10-27T20:50:47","guid":{"rendered":"https:\/\/grow.ee\/teenused\/palgaarvestus\/"},"modified":"2024-03-26T11:04:26","modified_gmt":"2024-03-26T11:04:26","slug":"palkanlaskenta-2","status":"publish","type":"page","link":"https:\/\/grow.ee\/fi\/services\/payroll\/","title":{"rendered":"Palkanlaskenta"},"content":{"rendered":"<h1>Palkanlaskenta<\/h1>\n<h2>Palkkapalvelu tuo mielenrauhaa<\/h2>\n<p>\t\tPalkanlaskentapalvelu on saumaton prosessi, jolla on t\u00e4rke\u00e4 rooli yrityksen py\u00f6ritt\u00e4misess\u00e4 ja ty\u00f6ntekij\u00f6iden tyytyv\u00e4isyyden varmistamisessa. Palkanlaskentapalvelu perustuu lakiin, joka voi muuttua milloin tahansa. Koska palkat ja palkat riippuvat erilaisista laeista, kuten vero- ja ty\u00f6lains\u00e4\u00e4d\u00e4nn\u00f6st\u00e4, sinun tulee pit\u00e4\u00e4 silm\u00e4ll\u00e4 t\u00e4m\u00e4n alueen uutisia ja p\u00e4ivityksi\u00e4 oikean palkanlaskentapalvelun varmistamiseksi.\u00a0<br \/>\n\t\t\t<a href=\"\/fi\/pyyda-tarjous\/?lang=en\"><br \/>\n\t\t\t\t\t\tASK FOR AN OFFER<br \/>\n\t\t\t\t\t<\/a><br \/>\n\t\t\t\t\t\t\t\t\t\t\t\t\t<img loading=\"lazy\" decoding=\"async\" width=\"480\" height=\"720\" src=\"https:\/\/grow.ee\/wp-content\/uploads\/2024\/02\/alexander-grey-tn57JI3CewI-unsplash-1365x2048-1-480x720.webp\" alt=\"Alexander Gray TN57JI3CewI Unsplash 1365x2048\" srcset=\"https:\/\/grow.ee\/wp-content\/uploads\/2024\/02\/alexander-grey-tn57JI3CewI-unsplash-1365x2048-1-480x720.webp 480w, https:\/\/grow.ee\/wp-content\/uploads\/2024\/02\/alexander-grey-tn57JI3CewI-unsplash-1365x2048-1-200x300.webp 200w, https:\/\/grow.ee\/wp-content\/uploads\/2024\/02\/alexander-grey-tn57JI3CewI-unsplash-1365x2048-1-768x1152.webp 768w, https:\/\/grow.ee\/wp-content\/uploads\/2024\/02\/alexander-grey-tn57JI3CewI-unsplash-1365x2048-1-1024x1536.webp 1024w, https:\/\/grow.ee\/wp-content\/uploads\/2024\/02\/alexander-grey-tn57JI3CewI-unsplash-1365x2048-1.webp 1365w\" sizes=\"auto, (max-width: 480px) 100vw, 480px\" \/>\t\t\t\t\t\t\t\t\t\t\t\t\t<\/p>\n<h2>Miksi valita Grow palkanlaskentapalveluksi?<br \/>\n<\/h2>\n<p>Ulkopuolisen kumppanin valitseminen palkanlaskentapalveluun tarkoittaa, ett\u00e4 voit aina k\u00e4ytt\u00e4\u00e4 ajantasaista ja nykyaikaista palkanlaskentaohjelmistoa, olla varma oikea-aikaisesta ja t\u00e4sm\u00e4llisest\u00e4 palvelusta, henkil\u00f6tietojen laillisesta k\u00e4sittelyst\u00e4, tietosalaisuudesta ja lakiin perustuvasta palvelusta.<\/p>\n<h2>Ota vastuu palkanlaskennan muutoksista<\/h2>\n<p>Palkanlaskenta on yksi monimutkaisimmista kirjanpitoprosesseista, sill\u00e4 siihen ei liity vain erilaisia lakimuutoksia ja prosessip\u00e4ivityksi\u00e4, vaan my\u00f6s erilaisia palkitsemismuotoja, joista sinun tulee pysy\u00e4 ajan tasalla.<\/p>\n<h2>Ammattimainen palkanlaskentaohjelmisto<\/h2>\n<p>K\u00e4yt\u00e4mme erilaisia ohjelmistoja, kuten Navision(Palk365), Directo, SAF, Merit Palk, Scala, Taavi, Persoona jne. Lopullinen valinta tehd\u00e4\u00e4n asiakkaan toiveiden ja tarpeiden perusteella.<\/p>\n<p>Talk to our financial expert<\/p>\n<p>\t\t\t<a href=\"\/fi\/yhteystiedot\/?lang=en\"><br \/>\n\t\t\t\t\t\tCONTACT<br \/>\n\t\t\t\t\t<\/a><\/p>\n<h2>Mit\u00e4 prosesseja Grow&#039;n palkanlaskentapalvelu sis\u00e4lt\u00e4\u00e4?<\/h2>\n<p>Palkkojen laskemisen ja lakimuutosten seuraamisen lis\u00e4ksi palkkapalvelu koostuu erilaisista prosesseista, kuten:<\/p>\n<ul>\n<li>\n\t\t\t\t\t\t\t\t\t\tKuukausittainen palkanlaskenta ja lis\u00e4palkkojen, palkkioiden ja loppumaksujen laskenta;\n\t\t\t\t\t\t\t\t\t<\/li>\n<li>\n\t\t\t\t\t\t\t\t\t\tPalkkatodistusten l\u00e4hett\u00e4minen ty\u00f6ntekij\u00f6ille;\n\t\t\t\t\t\t\t\t\t<\/li>\n<li>\n\t\t\t\t\t\t\t\t\t\tTy\u00f6ntekij\u00f6iden rekister\u00f6inti Viron vero- ja tullihallitukseen;\n\t\t\t\t\t\t\t\t\t<\/li>\n<li>\n\t\t\t\t\t\t\t\t\t\tKolmannen pilarin rahoitusosuuksien valmistelu;\n\t\t\t\t\t\t\t\t\t<\/li>\n<li>\n\t\t\t\t\t\t\t\t\t\tLomapalkan ja erilaisten etuuksien ja korvausten laskenta;\n\t\t\t\t\t\t\t\t\t<\/li>\n<li>\n\t\t\t\t\t\t\t\t\t\tLomasaldojen laskenta ja seuranta;\n\t\t\t\t\t\t\t\t\t<\/li>\n<li>\n\t\t\t\t\t\t\t\t\t\tTy\u00f6aikataulujen tarkastus;\n\t\t\t\t\t\t\t\t\t<\/li>\n<li>\n\t\t\t\t\t\t\t\t\t\tRaporttien valmistelu ja toimittaminen;\n\t\t\t\t\t\t\t\t\t<\/li>\n<li>\n\t\t\t\t\t\t\t\t\t\tProfessional palkanlaskennan ohjelmistot;\n\t\t\t\t\t\t\t\t\t<\/li>\n<li>\n\t\t\t\t\t\t\t\t\t\tTy\u00f6sopimusten valmistelu;\n\t\t\t\t\t\t\t\t\t<\/li>\n<li>\n\t\t\t\t\t\t\t\t\t\tNeuvonta verotukseen ja henkil\u00f6st\u00f6\u00f6n liittyviss\u00e4 kysymyksiss\u00e4.\n\t\t\t\t\t\t\t\t\t<\/li>\n<\/ul>\n<p>\t\t\t\t\t\t\t\t\t\t\t\t\t<img loading=\"lazy\" decoding=\"async\" width=\"720\" height=\"480\" src=\"https:\/\/grow.ee\/wp-content\/uploads\/2024\/02\/cfo-as-a-service-pic-720x480.jpg\" alt=\"talousjohtaja palveluna -kuva\" srcset=\"https:\/\/grow.ee\/wp-content\/uploads\/2024\/02\/cfo-as-a-service-pic-720x480.jpg 720w, https:\/\/grow.ee\/wp-content\/uploads\/2024\/02\/cfo-as-a-service-pic-300x200.jpg 300w, https:\/\/grow.ee\/wp-content\/uploads\/2024\/02\/cfo-as-a-service-pic-768x512.jpg 768w, https:\/\/grow.ee\/wp-content\/uploads\/2024\/02\/cfo-as-a-service-pic.jpg 892w\" sizes=\"auto, (max-width: 720px) 100vw, 720px\" \/><\/p>","protected":false},"excerpt":{"rendered":"<p>Payroll Payroll service gives peace of mind Payroll service is a seamless process that plays a vital role in running a business and ensuring employee satisfaction. The payroll service is based on the law, which is subject to change at any time. As salaries and wages depend on different laws, such as tax and labour [&#8230;]\n","protected":false},"author":10,"featured_media":0,"parent":11931,"menu_order":0,"comment_status":"closed","ping_status":"closed","template":"","meta":{"footnotes":""},"class_list":["post-11945","page","type-page","status-publish","hentry"],"_links":{"self":[{"href":"https:\/\/grow.ee\/fi\/wp-json\/wp\/v2\/pages\/11945","targetHints":{"allow":["GET"]}}],"collection":[{"href":"https:\/\/grow.ee\/fi\/wp-json\/wp\/v2\/pages"}],"about":[{"href":"https:\/\/grow.ee\/fi\/wp-json\/wp\/v2\/types\/page"}],"author":[{"embeddable":true,"href":"https:\/\/grow.ee\/fi\/wp-json\/wp\/v2\/users\/10"}],"replies":[{"embeddable":true,"href":"https:\/\/grow.ee\/fi\/wp-json\/wp\/v2\/comments?post=11945"}],"version-history":[{"count":12,"href":"https:\/\/grow.ee\/fi\/wp-json\/wp\/v2\/pages\/11945\/revisions"}],"predecessor-version":[{"id":13507,"href":"https:\/\/grow.ee\/fi\/wp-json\/wp\/v2\/pages\/11945\/revisions\/13507"}],"up":[{"embeddable":true,"href":"https:\/\/grow.ee\/fi\/wp-json\/wp\/v2\/pages\/11931"}],"wp:attachment":[{"href":"https:\/\/grow.ee\/fi\/wp-json\/wp\/v2\/media?parent=11945"}],"curies":[{"name":"wp","href":"https:\/\/api.w.org\/{rel}","templated":true}]}}