{"id":11944,"date":"2023-10-27T21:19:31","date_gmt":"2023-10-27T21:19:31","guid":{"rendered":"https:\/\/grow.ee\/teenused\/maksunoustamine\/"},"modified":"2024-03-26T11:11:40","modified_gmt":"2024-03-26T11:11:40","slug":"veroneuvonta-2","status":"publish","type":"page","link":"https:\/\/grow.ee\/fi\/services\/tax-consulting\/","title":{"rendered":"Verokonsultointi"},"content":{"rendered":"<h1>Verokonsultointi<\/h1>\n<h2>Taksit<\/h2>\n<p>Verot ovat luonnollinen osa kaikkea liiketoimintaa. Verojen oikea ja optimaalinen maksaminen on avain yrityksen menestykseen. Veroja maksamalla yritys edist\u00e4\u00e4 yhteiskunnan yleist\u00e4 hyvinvointia ja kehityst\u00e4 antamalla yli kolmanneksen tuloistaan valtion k\u00e4ytt\u00f6\u00f6n. Jotta veronmaksajien toiminta olisi kest\u00e4v\u00e4\u00e4, heid\u00e4n on kuitenkin toimittava viisaasti ja taloudellisesti.<\/p>\n<p>\t\t\t<a href=\"\/fi\/pyyda-tarjous\/?lang=en\"><br \/>\n\t\t\t\t\t\tASK FOR AN OFFER<br \/>\n\t\t\t\t\t<\/a><br \/>\n\t\t\t\t\t\t\t\t\t\t\t\t\t<img loading=\"lazy\" decoding=\"async\" width=\"720\" height=\"525\" src=\"https:\/\/grow.ee\/wp-content\/uploads\/2023\/10\/sarah-elizabeth-O3gOgPB4sRU-unsplash-720x525.webp\" alt=\"\" srcset=\"https:\/\/grow.ee\/wp-content\/uploads\/2023\/10\/sarah-elizabeth-O3gOgPB4sRU-unsplash-720x525.webp 720w, https:\/\/grow.ee\/wp-content\/uploads\/2023\/10\/sarah-elizabeth-O3gOgPB4sRU-unsplash-300x219.webp 300w, https:\/\/grow.ee\/wp-content\/uploads\/2023\/10\/sarah-elizabeth-O3gOgPB4sRU-unsplash-768x560.webp 768w, https:\/\/grow.ee\/wp-content\/uploads\/2023\/10\/sarah-elizabeth-O3gOgPB4sRU-unsplash-1536x1120.webp 1536w, https:\/\/grow.ee\/wp-content\/uploads\/2023\/10\/sarah-elizabeth-O3gOgPB4sRU-unsplash-800x583.webp 800w, https:\/\/grow.ee\/wp-content\/uploads\/2023\/10\/sarah-elizabeth-O3gOgPB4sRU-unsplash.webp 1920w\" sizes=\"auto, (max-width: 720px) 100vw, 720px\" \/>\t\t\t\t\t\t\t\t\t\t\t\t\t<\/p>\n<h2>Miksi ottaa veroneuvonta Growilta?<\/h2>\n<p>Hyv\u00e4 neuvo: \u00e4l\u00e4 koskaan lep\u00e4\u00e4 laakereillaan! Kuten urheilussa, luovassa taloudessa ja muillakin aloilla, t\u00e4m\u00e4 nyrkkis\u00e4\u00e4nt\u00f6 p\u00e4tee my\u00f6s finanssimaailmaan. Erityist\u00e4 varovaisuutta tulee noudattaa verotuksen alalla; uudet tilanteet ja alueet yh\u00e4 nopeammin kehittyv\u00e4ss\u00e4 taloudessamme ja arjessamme edellytt\u00e4v\u00e4t my\u00f6s uusien s\u00e4\u00e4nt\u00f6jen luomista, mukaan lukien verolains\u00e4\u00e4d\u00e4nn\u00f6n muutokset. Yhteisty\u00f6 Grow&#039;n kanssa tekee veromaailman pulssista helppoa.<\/p>\n<h2>Asiantuntijuuteen perustuvat nopeat vastaukset<\/h2>\n<p>Veromaailma on monimutkainen, vivahteikas ja ep\u00e4vakaa. Kaiken t\u00e4m\u00e4n ajan tasalla pit\u00e4misen ei tarvitse olla jokap\u00e4iv\u00e4ist\u00e4 vastuuta yrityksen johtajana. Paras ratkaisu yrityksesi verokulujen optimointiin ja hallintaan on ammattimainen veroneuvonta.<\/p>\n<h2>Ammattitaitoinen asiantuntijatiimi<\/h2>\n<p>Ammattitaitoinen asiantuntijatiimimme auttaa sinua pysym\u00e4\u00e4n mukana verolains\u00e4\u00e4d\u00e4nn\u00f6n muutoksissa neuvomalla ja tuella, jotta voit ehk\u00e4ist\u00e4 virheit\u00e4 ja mahdollisia menetyksi\u00e4 ja antaa sinulle luottamusta tehd\u00e4 oikeita p\u00e4\u00e4t\u00f6ksi\u00e4.<\/p>\n<p>Talk to our financial expert<\/p>\n<p>\t\t\t<a href=\"\/fi\/yhteystiedot\/?lang=en\"><br \/>\n\t\t\t\t\t\tCONTACT<br \/>\n\t\t\t\t\t<\/a><\/p>\n<h2>Autamme sinua, jos tarvitset apua:<\/h2>\n<ul>\n<li>\n\t\t\t\t\t\t\t\t\t\tarvonlis\u00e4vero sek\u00e4 kotimaisissa ett\u00e4 rajat ylitt\u00e4viss\u00e4 liiketoimissa;\n\t\t\t\t\t\t\t\t\t<\/li>\n<li>\n\t\t\t\t\t\t\t\t\t\tliiketoiminnan ja muiden kulujen arvioinnin kanssa (luontoisetuudet jne.);\n\t\t\t\t\t\t\t\t\t<\/li>\n<li>\n\t\t\t\t\t\t\t\t\t\tty\u00f6ntekij\u00f6iden verotukseen, mukaan lukien rajat ylitt\u00e4v\u00e4 ty\u00f6;\n\t\t\t\t\t\t\t\t\t<\/li>\n<li>\n\t\t\t\t\t\t\t\t\t\tjos aiot myyd\u00e4, ostaa tai vuokrata omaisuutta;\n\t\t\t\t\t\t\t\t\t<\/li>\n<li>\n\t\t\t\t\t\t\t\t\t\tkaksinkertaisen verotuksen v\u00e4ltt\u00e4miseksi.\n\t\t\t\t\t\t\t\t\t<\/li>\n<\/ul>\n<p><strong>5 syyt\u00e4 valita veroneuvontapalvelumme:<\/strong><\/p>\n<ul>\n<li>\n\t\t\t\t\t\t\t\t\t\tlaaja ja laaja kokemus;\n\t\t\t\t\t\t\t\t\t<\/li>\n<li>\n\t\t\t\t\t\t\t\t\t\tsyv\u00e4llist\u00e4 asiantuntemusta kaikenlaisten veroasioiden k\u00e4sittelyss\u00e4;\n\t\t\t\t\t\t\t\t\t<\/li>\n<li>\n\t\t\t\t\t\t\t\t\t\tammattitaitoiset ja asiantuntevat kirjanpit\u00e4j\u00e4t;\n\t\t\t\t\t\t\t\t\t<\/li>\n<li>\n\t\t\t\t\t\t\t\t\t\ttuki yhteisty\u00f6ss\u00e4 Viron vero- ja tullihallituksen kanssa;\n\t\t\t\t\t\t\t\t\t<\/li>\n<li>\n\t\t\t\t\t\t\t\t\t\tolemme Viron veronmaksajien liiton t\u00e4ysj\u00e4sen.\n\t\t\t\t\t\t\t\t\t<\/li>\n<\/ul>\n<p>Tule meille veroneuvontaan ja anna yrityksellesi turvaa veroasioissa!<\/p>\n<p>\t\t\t\t\t\t\t\t<img loading=\"lazy\" width=\"667\" height=\"1001\" src=\"https:\/\/grow.ee\/wp-content\/uploads\/2023\/10\/Vertical-accountant-looking-at-papers_AS_237555666-copy.webp\" alt=\"\" decoding=\"async\" srcset=\"https:\/\/grow.ee\/wp-content\/uploads\/2023\/10\/Vertical-accountant-looking-at-papers_AS_237555666-copy.webp 667w, https:\/\/grow.ee\/wp-content\/uploads\/2023\/10\/Vertical-accountant-looking-at-papers_AS_237555666-copy-200x300.webp 200w, https:\/\/grow.ee\/wp-content\/uploads\/2023\/10\/Vertical-accountant-looking-at-papers_AS_237555666-copy-480x720.webp 480w\" sizes=\"auto, (max-width: 667px) 100vw, 667px\" \/><\/p>","protected":false},"excerpt":{"rendered":"<p>Tax Consulting Taxes Taxes are a natural part of any business. Paying taxes correctly and optimally is key to a company\u2019s success. By paying taxes, a business contributes to the general welfare and development of the community by putting more than a third of its income at the disposal of the state. However, for the [&#8230;]\n","protected":false},"author":10,"featured_media":0,"parent":11931,"menu_order":0,"comment_status":"closed","ping_status":"closed","template":"","meta":{"footnotes":""},"class_list":["post-11944","page","type-page","status-publish","hentry"],"_links":{"self":[{"href":"https:\/\/grow.ee\/fi\/wp-json\/wp\/v2\/pages\/11944","targetHints":{"allow":["GET"]}}],"collection":[{"href":"https:\/\/grow.ee\/fi\/wp-json\/wp\/v2\/pages"}],"about":[{"href":"https:\/\/grow.ee\/fi\/wp-json\/wp\/v2\/types\/page"}],"author":[{"embeddable":true,"href":"https:\/\/grow.ee\/fi\/wp-json\/wp\/v2\/users\/10"}],"replies":[{"embeddable":true,"href":"https:\/\/grow.ee\/fi\/wp-json\/wp\/v2\/comments?post=11944"}],"version-history":[{"count":9,"href":"https:\/\/grow.ee\/fi\/wp-json\/wp\/v2\/pages\/11944\/revisions"}],"predecessor-version":[{"id":13501,"href":"https:\/\/grow.ee\/fi\/wp-json\/wp\/v2\/pages\/11944\/revisions\/13501"}],"up":[{"embeddable":true,"href":"https:\/\/grow.ee\/fi\/wp-json\/wp\/v2\/pages\/11931"}],"wp:attachment":[{"href":"https:\/\/grow.ee\/fi\/wp-json\/wp\/v2\/media?parent=11944"}],"curies":[{"name":"wp","href":"https:\/\/api.w.org\/{rel}","templated":true}]}}