{"id":11943,"date":"2023-10-23T22:51:52","date_gmt":"2023-10-23T22:51:52","guid":{"rendered":"https:\/\/grow.ee\/teenused\/kapitali-kaasamine\/"},"modified":"2024-03-26T11:09:44","modified_gmt":"2024-03-26T11:09:44","slug":"paaoman-hankinta","status":"publish","type":"page","link":"https:\/\/grow.ee\/fi\/services\/capital-raising\/","title":{"rendered":"P\u00e4\u00e4oman ker\u00e4\u00e4minen"},"content":{"rendered":"<h1>P\u00e4\u00e4oman ker\u00e4\u00e4minen<\/h1>\n<h2>Oli kyse sitten liiketoiminnan laajentamisesta tai muuttamisesta, hankinnasta tai p\u00e4\u00e4omarakenteen muutoksesta<\/h2>\n<p>P\u00e4\u00e4oma voi olla oman p\u00e4\u00e4oman, velan tai vaihdettavan instrumentin muodossa, jossa on sek\u00e4 velka- ett\u00e4 osakeominaisuuksia. Parhaan rahoitusl\u00e4hteen arviointi riippuu tekij\u00f6ist\u00e4, kuten rahoituksen ehdoista, riskeist\u00e4 tai odotetuista kustannuksista ja hy\u00f6dyist\u00e4. T\u00e4m\u00e4n huomioon ottaen ensisijaisena tavoitteenamme on tunnistaa sopiva p\u00e4\u00e4omarakenne ja m\u00e4\u00e4ritell\u00e4 l\u00e4hteet sen saavuttamiseksi.<\/p>\n<p>\t\t\t<a href=\"\/fi\/pyyda-tarjous\/?lang=en\"><br \/>\n\t\t\t\t\t\tASK FOR AN OFFER<br \/>\n\t\t\t\t\t<\/a><br \/>\n\t\t\t\t\t\t\t\t\t\t\t\t\t<img loading=\"lazy\" decoding=\"async\" width=\"480\" height=\"720\" src=\"https:\/\/grow.ee\/wp-content\/uploads\/2024\/02\/alexander-grey-tn57JI3CewI-unsplash-1365x2048-1-480x720.webp\" alt=\"Alexander Gray TN57JI3CewI Unsplash 1365x2048\" srcset=\"https:\/\/grow.ee\/wp-content\/uploads\/2024\/02\/alexander-grey-tn57JI3CewI-unsplash-1365x2048-1-480x720.webp 480w, https:\/\/grow.ee\/wp-content\/uploads\/2024\/02\/alexander-grey-tn57JI3CewI-unsplash-1365x2048-1-200x300.webp 200w, https:\/\/grow.ee\/wp-content\/uploads\/2024\/02\/alexander-grey-tn57JI3CewI-unsplash-1365x2048-1-768x1152.webp 768w, https:\/\/grow.ee\/wp-content\/uploads\/2024\/02\/alexander-grey-tn57JI3CewI-unsplash-1365x2048-1-1024x1536.webp 1024w, https:\/\/grow.ee\/wp-content\/uploads\/2024\/02\/alexander-grey-tn57JI3CewI-unsplash-1365x2048-1.webp 1365w\" sizes=\"auto, (max-width: 480px) 100vw, 480px\" \/>\t\t\t\t\t\t\t\t\t\t\t\t\t<\/p>\n<h2>Miten Grow&#039;n p\u00e4\u00e4oman hankinta toimii?<\/h2>\n<p>Pankkirahoitus on yrityksille t\u00e4rke\u00e4 p\u00e4\u00e4omanl\u00e4hde, joka tarjoaa varoja kasvuun, toimintaan ja investointeihin korkoa vastaan.<\/p>\n<h2>Sijoittajat<\/h2>\n<p>Sijoittajilla on keskeinen rooli finanssimaailmassa, he kohdistavat p\u00e4\u00e4omaa erilaisiin omaisuuseriin, edist\u00e4v\u00e4t talouskasvua ja etsiv\u00e4t tuottoa sijoituksilleen.<\/p>\n<h2>Tukitoimenpiteet<\/h2>\n<p>Tukitoimenpiteet ja rahoitusohjelmat ovat keskeisi\u00e4 v\u00e4lineit\u00e4, joita hallitukset ja organisaatiot k\u00e4ytt\u00e4v\u00e4t edist\u00e4\u00e4kseen talouskehityst\u00e4 ja auttaakseen yksil\u00f6it\u00e4 ja yrityksi\u00e4.<\/p>\n<h2>Joukkorahoitus<\/h2>\n<p>Joukkorahoitusalustojen avulla yksityishenkil\u00f6t ja yritykset voivat ker\u00e4t\u00e4 p\u00e4\u00e4omaa ker\u00e4\u00e4m\u00e4ll\u00e4 pieni\u00e4 lahjoituksia suurelta joukolta ihmisi\u00e4, mik\u00e4 edist\u00e4\u00e4 innovaatiota ja yritt\u00e4jyytt\u00e4.<\/p>\n<h2>Muut palvelut<\/h2>\n<p>Rahoittajat arvostavat kumppaneita, jotka pystyv\u00e4t tuottamaan luotettavaa taloustietoa selke\u00e4ll\u00e4 liiketoimintastrategialla ja selke\u00e4ll\u00e4 rahoituksen tavoitteiden, hy\u00f6dyn ja riskien artikulaatiolla.<\/p>\n<p>Talk to our financial expert<\/p>\n<p>\t\t\t<a href=\"\/fi\/yhteystiedot\/?lang=en\"><br \/>\n\t\t\t\t\t\tCONTACT<br \/>\n\t\t\t\t\t<\/a><\/p>\n<h2>Mit\u00e4 Grow&#039;n p\u00e4\u00e4omanhankinta sis\u00e4lt\u00e4\u00e4?<\/h2>\n<p>P\u00e4\u00e4omanhankintapalvelumme koostuu seuraavista toiminnoista:<\/p>\n<ul>\n<li>\n\t\t\t\t\t\t\t\t\t\tYrityksen\/talouden\/projektin arviointi;\n\t\t\t\t\t\t\t\t\t<\/li>\n<li>\n\t\t\t\t\t\t\t\t\t\tPullonkaulojen tunnistaminen, vakuustyyppien arviointi;\n\t\t\t\t\t\t\t\t\t<\/li>\n<li>\n\t\t\t\t\t\t\t\t\t\tYrityksen arvostus tarvittaessa;\n\t\t\t\t\t\t\t\t\t<\/li>\n<li>\n\t\t\t\t\t\t\t\t\t\tOptimaalisen p\u00e4\u00e4omarakenteen tunnistaminen;\n\t\t\t\t\t\t\t\t\t<\/li>\n<li>\n\t\t\t\t\t\t\t\t\t\tP\u00e4\u00e4oman l\u00e4hteiden luettelon laatiminen;\n\t\t\t\t\t\t\t\t\t<\/li>\n<li>\n\t\t\t\t\t\t\t\t\t\tAsiakirjojen\/liiketoimintasuunnitelman laatiminen (mukaan lukien kassavirtaennusteet jne.);\n\t\t\t\t\t\t\t\t\t<\/li>\n<li>\n\t\t\t\t\t\t\t\t\t\tNeuvottelut kolmansien osapuolten kanssa.\n\t\t\t\t\t\t\t\t\t<\/li>\n<\/ul>\n<p>\t\t\t\t\t\t\t\t\t\t\t\t\t<img loading=\"lazy\" decoding=\"async\" width=\"720\" height=\"480\" src=\"https:\/\/grow.ee\/wp-content\/uploads\/2024\/02\/cfo-as-a-service-pic-720x480.jpg\" alt=\"talousjohtaja palveluna -kuva\" srcset=\"https:\/\/grow.ee\/wp-content\/uploads\/2024\/02\/cfo-as-a-service-pic-720x480.jpg 720w, https:\/\/grow.ee\/wp-content\/uploads\/2024\/02\/cfo-as-a-service-pic-300x200.jpg 300w, https:\/\/grow.ee\/wp-content\/uploads\/2024\/02\/cfo-as-a-service-pic-768x512.jpg 768w, https:\/\/grow.ee\/wp-content\/uploads\/2024\/02\/cfo-as-a-service-pic.jpg 892w\" sizes=\"auto, (max-width: 720px) 100vw, 720px\" \/><\/p>","protected":false},"excerpt":{"rendered":"<p>Capital Raising Whether it\u2019s expanding or transforming a business, an acquisition or a change in capital structure Capital can be in the form of equity, debt, or a convertible instrument with both debt and equity features. Assessing the best source of finance depends on factors such as terms and conditions for funding, risks or expected [&#8230;]\n","protected":false},"author":10,"featured_media":0,"parent":11931,"menu_order":0,"comment_status":"closed","ping_status":"closed","template":"","meta":{"footnotes":""},"class_list":["post-11943","page","type-page","status-publish","hentry"],"_links":{"self":[{"href":"https:\/\/grow.ee\/fi\/wp-json\/wp\/v2\/pages\/11943","targetHints":{"allow":["GET"]}}],"collection":[{"href":"https:\/\/grow.ee\/fi\/wp-json\/wp\/v2\/pages"}],"about":[{"href":"https:\/\/grow.ee\/fi\/wp-json\/wp\/v2\/types\/page"}],"author":[{"embeddable":true,"href":"https:\/\/grow.ee\/fi\/wp-json\/wp\/v2\/users\/10"}],"replies":[{"embeddable":true,"href":"https:\/\/grow.ee\/fi\/wp-json\/wp\/v2\/comments?post=11943"}],"version-history":[{"count":9,"href":"https:\/\/grow.ee\/fi\/wp-json\/wp\/v2\/pages\/11943\/revisions"}],"predecessor-version":[{"id":13498,"href":"https:\/\/grow.ee\/fi\/wp-json\/wp\/v2\/pages\/11943\/revisions\/13498"}],"up":[{"embeddable":true,"href":"https:\/\/grow.ee\/fi\/wp-json\/wp\/v2\/pages\/11931"}],"wp:attachment":[{"href":"https:\/\/grow.ee\/fi\/wp-json\/wp\/v2\/media?parent=11943"}],"curies":[{"name":"wp","href":"https:\/\/api.w.org\/{rel}","templated":true}]}}