{"id":11934,"date":"2023-10-23T22:29:19","date_gmt":"2023-10-23T22:29:19","guid":{"rendered":"https:\/\/grow.ee\/teenused\/arianaluutika\/"},"modified":"2024-03-26T11:06:55","modified_gmt":"2024-03-26T11:06:55","slug":"liiketoimintatiedustelu","status":"publish","type":"page","link":"https:\/\/grow.ee\/fi\/services\/business-intelligence\/","title":{"rendered":"Business Intelligence"},"content":{"rendered":"<h1>Business Intelligence<\/h1>\n<h2>Nykyp\u00e4iv\u00e4n nopeatempoisessa liiketoimintaymp\u00e4rist\u00f6ss\u00e4 data on avain menestykseen<\/h2>\n<p>Mit\u00e4 Grow Business Intelligence tarjoaa?<\/p>\n<p>\t\t\t\t<svg xmlns=\"http:\/\/www.w3.org\/2000\/svg\" width=\"200\" height=\"100\"><\/p>\n<style>    .number {      font-family: 'Arial', sans-serif;      font-weight: bold;      fill: #D1232A;      font-size: 30px;     }  <\/style>\n<p><text x=\"10\" y=\"40\">1<\/text><\/svg>\t\t\t\t<\/p>\n<h3>\n\t\t\t\t\t\tKattava yleiskatsaus reaaliajassa<br \/>\n\t\t\t\t<\/h3>\n<p>\n\t\t\t\t\t\tHelppo p\u00e4\u00e4sy uusimpiin taloustietoihin tehd\u00e4ksesi oikea-aikaisia ja tietoon perustuvia p\u00e4\u00e4t\u00f6ksi\u00e4.\t\t\t\t\t<\/p>\n<p>\t\t\t\t<svg xmlns=\"http:\/\/www.w3.org\/2000\/svg\" width=\"200\" height=\"100\"><\/p>\n<style>    .number {      font-family: 'Arial', sans-serif;      font-weight: bold;      fill: #D1232A;      font-size: 30px;     }  <\/style>\n<p><text x=\"10\" y=\"40\">2<\/text><\/svg>\t\t\t\t<\/p>\n<h3>\n\t\t\t\t\t\tTehokas kassavirran hallinta<br \/>\n\t\t\t\t<\/h3>\n<p>\n\t\t\t\t\t\tStrategiset ty\u00f6kalut (esim. myynti- ja ostolaskujen analyysi, varaston yleiskatsaus jne.) kassavirtojen tehokkaaseen ennustamiseen ja hallintaan.\t\t\t\t\t<\/p>\n<p>\t\t\t\t<svg xmlns=\"http:\/\/www.w3.org\/2000\/svg\" width=\"200\" height=\"100\"><\/p>\n<style>    .number {      font-family: 'Arial', sans-serif;      font-weight: bold;      fill: #D1232A;      font-size: 30px;     }  <\/style>\n<p><text x=\"10\" y=\"40\">3<\/text><\/svg>\t\t\t\t<\/p>\n<h3>\n\t\t\t\t\t\tAnalyyttinen tuki<br \/>\n\t\t\t\t<\/h3>\n<p>\n\t\t\t\t\t\tAutamme ymm\u00e4rt\u00e4m\u00e4\u00e4n numeroita paremmin ja tarjoamme neuvoja liiketoimintap\u00e4\u00e4t\u00f6sten tekemiseen.\t\t\t\t\t<\/p>\n<p>\t\t\t<a href=\"\/fi\/pyyda-tarjous\/?lang=en\"><br \/>\n\t\t\t\t\t\tASK FOR AN OFFER<br \/>\n\t\t\t\t\t<\/a><br \/>\n\t\t\t\t\t\t\t\t\t\t\t\t\t<img loading=\"lazy\" decoding=\"async\" width=\"720\" height=\"431\" src=\"https:\/\/grow.ee\/wp-content\/uploads\/2024\/02\/macbook-arianaluutika-720x431.png\" alt=\"macbook arianaluutika\" srcset=\"https:\/\/grow.ee\/wp-content\/uploads\/2024\/02\/macbook-arianaluutika-720x431.png 720w, https:\/\/grow.ee\/wp-content\/uploads\/2024\/02\/macbook-arianaluutika-300x180.png 300w, https:\/\/grow.ee\/wp-content\/uploads\/2024\/02\/macbook-arianaluutika-768x460.png 768w, https:\/\/grow.ee\/wp-content\/uploads\/2024\/02\/macbook-arianaluutika-1536x920.png 1536w, https:\/\/grow.ee\/wp-content\/uploads\/2024\/02\/macbook-arianaluutika-2048x1227.png 2048w\" sizes=\"auto, (max-width: 720px) 100vw, 720px\" \/>\t\t\t\t\t\t\t\t\t\t\t\t\t<\/p>\n<h2>Esimerkkej\u00e4 ratkaisuista<\/h2>\n<h2>Cash Flow Management<\/h2>\n<p>\t\t\t\t\t\t\t\t<img loading=\"lazy\" width=\"1500\" height=\"844\" src=\"https:\/\/grow.ee\/wp-content\/uploads\/2024\/02\/arianaluutika-1.png\" alt=\"arianaluthika 1\" decoding=\"async\" srcset=\"https:\/\/grow.ee\/wp-content\/uploads\/2024\/02\/arianaluutika-1.png 1500w, https:\/\/grow.ee\/wp-content\/uploads\/2024\/02\/arianaluutika-1-300x169.png 300w, https:\/\/grow.ee\/wp-content\/uploads\/2024\/02\/arianaluutika-1-720x405.png 720w, https:\/\/grow.ee\/wp-content\/uploads\/2024\/02\/arianaluutika-1-768x432.png 768w\" sizes=\"auto, (max-width: 1500px) 100vw, 1500px\" \/>\t\t\t\t\t<\/p>\n<h2>Myynti- ja ostolaskujen analyysi<\/h2>\n<p>\t\t\t\t\t\t\t\t<img loading=\"lazy\" width=\"1500\" height=\"841\" src=\"https:\/\/grow.ee\/wp-content\/uploads\/2024\/02\/arianaluutika-2.png\" alt=\"arianaluthika 2\" decoding=\"async\" srcset=\"https:\/\/grow.ee\/wp-content\/uploads\/2024\/02\/arianaluutika-2.png 1500w, https:\/\/grow.ee\/wp-content\/uploads\/2024\/02\/arianaluutika-2-300x168.png 300w, https:\/\/grow.ee\/wp-content\/uploads\/2024\/02\/arianaluutika-2-720x404.png 720w, https:\/\/grow.ee\/wp-content\/uploads\/2024\/02\/arianaluutika-2-768x431.png 768w\" sizes=\"auto, (max-width: 1500px) 100vw, 1500px\" \/>\t\t\t\t\t<\/p>\n<h2>Varaston optimointi<\/h2>\n<p>\t\t\t\t\t\t\t\t<img loading=\"lazy\" width=\"1500\" height=\"845\" src=\"https:\/\/grow.ee\/wp-content\/uploads\/2024\/02\/arianaluutika-3.png\" alt=\"arianaluthika 3\" decoding=\"async\" srcset=\"https:\/\/grow.ee\/wp-content\/uploads\/2024\/02\/arianaluutika-3.png 1500w, https:\/\/grow.ee\/wp-content\/uploads\/2024\/02\/arianaluutika-3-300x169.png 300w, https:\/\/grow.ee\/wp-content\/uploads\/2024\/02\/arianaluutika-3-720x406.png 720w, https:\/\/grow.ee\/wp-content\/uploads\/2024\/02\/arianaluutika-3-768x433.png 768w\" sizes=\"auto, (max-width: 1500px) 100vw, 1500px\" \/>\t\t\t\t\t<\/p>\n<h2>Menojen seuranta<\/h2>\n<p>\t\t\t\t\t\t\t\t<img loading=\"lazy\" width=\"1500\" height=\"847\" src=\"https:\/\/grow.ee\/wp-content\/uploads\/2024\/02\/arianaluutika-4.png\" alt=\"arianalutika 4\" decoding=\"async\" srcset=\"https:\/\/grow.ee\/wp-content\/uploads\/2024\/02\/arianaluutika-4.png 1500w, https:\/\/grow.ee\/wp-content\/uploads\/2024\/02\/arianaluutika-4-300x169.png 300w, https:\/\/grow.ee\/wp-content\/uploads\/2024\/02\/arianaluutika-4-720x407.png 720w, https:\/\/grow.ee\/wp-content\/uploads\/2024\/02\/arianaluutika-4-768x434.png 768w\" sizes=\"auto, (max-width: 1500px) 100vw, 1500px\" \/>\t\t\t\t\t<\/p>\n<p>Talk to our financial expert<\/p>\n<p>\t\t\t<a href=\"\/fi\/pyyda-tarjous\/?lang=en\"><br \/>\n\t\t\t\t\t\tASK FOR AN OFFER<br \/>\n\t\t\t\t\t<\/a><\/p>","protected":false},"excerpt":{"rendered":"<p>Business Intelligence In today&#8217;s fast-paced business environment, data is the key to success What does Grow business intelligence offer? 1 Comprehensive overview in real-time Easy access to the most up-to-date financial information to make timely and informed decisions. 2 Efficient cash flow management Strategic tools (e.g., analysis of sales and purchase invoices, inventory overview, etc.) [&#8230;]\n","protected":false},"author":10,"featured_media":0,"parent":11931,"menu_order":0,"comment_status":"closed","ping_status":"closed","template":"","meta":{"footnotes":""},"class_list":["post-11934","page","type-page","status-publish","hentry"],"_links":{"self":[{"href":"https:\/\/grow.ee\/fi\/wp-json\/wp\/v2\/pages\/11934","targetHints":{"allow":["GET"]}}],"collection":[{"href":"https:\/\/grow.ee\/fi\/wp-json\/wp\/v2\/pages"}],"about":[{"href":"https:\/\/grow.ee\/fi\/wp-json\/wp\/v2\/types\/page"}],"author":[{"embeddable":true,"href":"https:\/\/grow.ee\/fi\/wp-json\/wp\/v2\/users\/10"}],"replies":[{"embeddable":true,"href":"https:\/\/grow.ee\/fi\/wp-json\/wp\/v2\/comments?post=11934"}],"version-history":[{"count":6,"href":"https:\/\/grow.ee\/fi\/wp-json\/wp\/v2\/pages\/11934\/revisions"}],"predecessor-version":[{"id":12992,"href":"https:\/\/grow.ee\/fi\/wp-json\/wp\/v2\/pages\/11934\/revisions\/12992"}],"up":[{"embeddable":true,"href":"https:\/\/grow.ee\/fi\/wp-json\/wp\/v2\/pages\/11931"}],"wp:attachment":[{"href":"https:\/\/grow.ee\/fi\/wp-json\/wp\/v2\/media?parent=11934"}],"curies":[{"name":"wp","href":"https:\/\/api.w.org\/{rel}","templated":true}]}}