{"id":11928,"date":"2023-12-18T02:10:41","date_gmt":"2023-12-18T02:10:41","guid":{"rendered":"https:\/\/grow.ee\/raamatupidamisteenuse-paketid\/"},"modified":"2026-04-08T11:43:23","modified_gmt":"2026-04-08T08:43:23","slug":"kirjanpitopalvelupaketit","status":"publish","type":"page","link":"https:\/\/grow.ee\/fi\/raamatupidamisteenuse-paketid\/","title":{"rendered":"RMP-paketit"},"content":{"rendered":"<div class=\"banner has-hover\" id=\"banner-739076726\">\n          <div class=\"banner-inner fill\">\n        <div class=\"banner-bg fill\" >\n            <img loading=\"lazy\" decoding=\"async\" width=\"2560\" height=\"1708\" src=\"https:\/\/grow.ee\/wp-content\/uploads\/2024\/05\/Arianaluutika-1-scaled.jpg\" class=\"bg attachment-original size-original\" alt=\"\" \/>                        <div class=\"overlay\"><\/div>            \n                    <\/div>\n\t\t\n\t<div class=\"ux-shape-divider ux-shape-divider--bottom ux-shape-divider--style-arrow-invert\">\n\t\t<svg viewbox=\"0 0 1000 100\" xmlns=\"http:\/\/www.w3.org\/2000\/svg\" preserveaspectratio=\"none\">\n\t<path class=\"ux-shape-fill\" d=\"M1000 100H0V80H483L500 97L517 80H1000V100Z\"\/>\n<\/svg>\n\t<\/div>\n        <div class=\"banner-layers container\">\n            <div class=\"fill banner-link\"><\/div>            \n\n   <div id=\"text-box-222189542\" class=\"text-box banner-layer x50 md-x50 lg-x50 y50 md-y50 lg-y50 res-text\">\n                                <div class=\"text-box-content text dark\">\n              \n              <div class=\"text-inner text-center\">\n                  \n\n<h3 class=\"uppercase\"><span style=\"color: #1b1a46;\">TILINP\u00c4\u00c4T\u00d6SPAKETIT<\/span><\/h3>\n\t<div id=\"text-587973794\" class=\"text\">\n\t\t\n\n<p>Jos et l\u00f6yd\u00e4 t\u00e4\u00e4lt\u00e4 sinulle sopivaa pakettia, ota rohkeasti yhteytt\u00e4 ja kuvaile toiveesi vapaassa muodossa.\u00a0<\/p>\n\t\t\n<style>\n#text-587973794 {\n  text-align: center;\n  color: rgba(0, 0, 0, 0.971);\n}\n#text-587973794 > * {\n  color: rgba(0, 0, 0, 0.971);\n}\n<\/style>\n\t<\/div>\n\t\n<a href=\"https:\/\/grow.ee\/fi\/kontakt\/\" class=\"button alert is-shade\" style=\"border-radius:10px;\">\n\t\t<span>OTA YHTEYTT\u00c4 YHTEIS\u00d6\u00d6N<\/span>\n\t<\/a>\n\n\n\n              <\/div>\n           <\/div>\n                            \n<style>\n#text-box-222189542 {\n  margin: 0px 0px 0px 0px;\n  width: 60%;\n}\n#text-box-222189542 .text-box-content {\n  background-color: rgba(255, 255, 255, 0.93);\n  border-radius: 10px;\n  font-size: 100%;\n}\n#text-box-222189542 .text-inner {\n  padding: 10px 10px 10px 10px;\n}\n<\/style>\n    <\/div>\n \n\n        <\/div>\n      <\/div>\n\n            \n<style>\n#banner-739076726 {\n  padding-top: 500px;\n}\n#banner-739076726 .overlay {\n  background-color: rgba(0, 0, 0, 0.471);\n}\n#banner-739076726 .banner-bg img {\n  object-position: 100% 50%;\n}\n#banner-739076726 .ux-shape-divider--bottom svg {\n  height: 150px;\n  --divider-width: 100%;\n}\n<\/style>\n  <\/div>\n\n\n\n\t<section class=\"section\" id=\"section_1757902215\">\n\t\t<div class=\"section-bg fill\" >\n\t\t\t\t\t\t\t\t\t<div class=\"section-bg-overlay absolute fill\"><\/div>\n\t\t\t\n\n\t\t<\/div>\n\n\t\t\n\n\t\t<div class=\"section-content relative\">\n\t\t\t\n\n<div class=\"row align-center\"  id=\"row-1844409729\">\n\n\n\t<div id=\"col-141229024\" class=\"col medium-3 small-6 large-3\"  >\n\t\t\t\t<div class=\"col-inner\"  >\n\t\t\t\n\t\t\t\n\n<div class=\"pricing-table-wrapper\">\n  <div class=\"pricing-table ux_price_table text-center box-shadow-3-hover\"style=\"border-radius:10px;\">\n    <div class=\"pricing-table-header\">\n      <div class=\"title uppercase strong\">MICRO<\/div>\n      <div class=\"price is-xxlarge\">119\u20ac\/kk<\/div>\n              <div class=\"description is-small\">\n          Taajuus: kerran kuukaudessa        <\/div>\n          <\/div>\n    <div class=\"pricing-table-items items\">\n      \n\n<div class=\"bullet-item\" title=\"\"><span class=\"text\">Hinta sis\u00e4lt\u00e4\u00e4 enint\u00e4\u00e4n 15 alkuper\u00e4ist\u00e4 asiakirjaa *<\/span><\/div>\n\n<div class=\"bullet-item\" title=\"\"><span class=\"text\">Myyntilaskuratkaisu (pdf- ja verkkolasku)<\/span><\/div>\n\n<div class=\"bullet-item\" title=\"\"><span class=\"text\">Pankkitapahtumien raportointi**<\/span><\/div>\n\n<div class=\"bullet-item\" title=\"\"><span class=\"text\">Arvonlis\u00e4veroilmoitus<\/span><\/div>\n\n<div class=\"bullet-item\" title=\"\"><span class=\"text\">Raportointi<\/span><\/div>\n\n<a href=\"https:\/\/app.grow.ee\/et\/service-registration\" target=\"_blank\" class=\"button alert is-shade\" rel=\"noopener\" style=\"border-radius:10px;\">\n\t\t<span>TILAUS<\/span>\n\t<\/a>\n\n\n\n    <\/div>\n      <\/div>\n<\/div>\n\n\n\n\t\t<\/div>\n\t\t\t\t\t<\/div>\n\n\t\n\n\t<div id=\"col-275820264\" class=\"col medium-3 small-6 large-3\"  >\n\t\t\t\t<div class=\"col-inner\"  >\n\t\t\t\n\t\t\t\n\n<div class=\"pricing-table-wrapper\">\n  <div class=\"pricing-table ux_price_table text-center box-shadow-3-hover\"style=\"border-radius:10px;\">\n    <div class=\"pricing-table-header\">\n      <div class=\"title uppercase strong\">STANDARD<\/div>\n      <div class=\"price is-xxlarge\">159\u20ac\/kk<\/div>\n              <div class=\"description is-small\">\n          Taajuus: kaksi kertaa kuukaudessa        <\/div>\n          <\/div>\n    <div class=\"pricing-table-items items\">\n      \n\n<div class=\"bullet-item\" title=\"\"><span class=\"text\">Hinta sis\u00e4lt\u00e4\u00e4 enint\u00e4\u00e4n 30 alkuper\u00e4ist\u00e4 asiakirjaa *<\/span><\/div>\n\n<div class=\"bullet-item\" title=\"\"><span class=\"text\">Myyntilaskuratkaisu (pdf- ja verkkolasku)<\/span><\/div>\n\n<div class=\"bullet-item\" title=\"\"><span class=\"text\">Pankkitapahtumien raportointi**<\/span><\/div>\n\n<div class=\"bullet-item\" title=\"\"><span class=\"text\">Arvonlis\u00e4veroilmoitus<\/span><\/div>\n\n<div class=\"bullet-item\" title=\"\"><span class=\"text\">TSD-ilmoitus + liite 1 (palkat) + yhden ty\u00f6ntekij\u00e4n palkanlaskenta<\/span><\/div>\n\n<div class=\"bullet-item\" title=\"\"><span class=\"text\">Raportointi<\/span><\/div>\n\n<a href=\"https:\/\/app.grow.ee\/et\/service-registration\" target=\"_blank\" class=\"button alert is-shade\" rel=\"noopener\" style=\"border-radius:10px;\">\n\t\t<span>TILAUS<\/span>\n\t<\/a>\n\n\n\n    <\/div>\n      <\/div>\n<\/div>\n\n\n\n\t\t<\/div>\n\t\t\t\t\t<\/div>\n\n\t\n\n\t<div id=\"col-1162566206\" class=\"col medium-3 small-6 large-3\"  >\n\t\t\t\t<div class=\"col-inner\"  >\n\t\t\t\n\t\t\t\n\n<div class=\"pricing-table-wrapper\">\n  <div class=\"pricing-table ux_price_table text-center box-shadow-3-hover featured-table\"style=\"border-radius:10px;\">\n    <div class=\"pricing-table-header\">\n      <div class=\"title uppercase strong\">PREMIUM<\/div>\n      <div class=\"price is-xxlarge\">299\u20ac\/kk<\/div>\n              <div class=\"description is-small\">\n          Taajuus: kerran viikossa        <\/div>\n          <\/div>\n    <div class=\"pricing-table-items items\">\n      \n\n<div class=\"bullet-item\" title=\"\"><span class=\"text\">Hinta sis\u00e4lt\u00e4\u00e4 enint\u00e4\u00e4n 60 alkuper\u00e4ist\u00e4 asiakirjaa *<\/span><\/div>\n\n<div class=\"bullet-item\" title=\"\"><span class=\"text\">Myyntilaskuratkaisu (pdf- ja verkkolasku)<\/span><\/div>\n\n<div class=\"bullet-item\" title=\"\"><span class=\"text\">Pankkitapahtumien raportointi**<\/span><\/div>\n\n<div class=\"bullet-item\" title=\"\"><span class=\"text\">Arvonlis\u00e4veroilmoitus<\/span><\/div>\n\n<div class=\"bullet-item\" title=\"\"><span class=\"text\">TSD-ilmoitus + liite 1 (palkat) + yhden ty\u00f6ntekij\u00e4n palkanlaskenta<\/span><\/div>\n\n<div class=\"bullet-item\" title=\"\"><span class=\"text\">Raportointi<\/span><\/div>\n\n<div class=\"bullet-item\" title=\"\"><span class=\"text\">Maksum\u00e4\u00e4r\u00e4ysten laatiminen pankille (kerran viikossa)<\/span><\/div>\n\n<a href=\"https:\/\/app.grow.ee\/et\/service-registration\" target=\"_blank\" class=\"button alert is-shade\" rel=\"noopener\" style=\"border-radius:10px;\">\n\t\t<span>TILAUS<\/span>\n\t<\/a>\n\n\n\n    <\/div>\n      <\/div>\n<\/div>\n\n\n\n\t\t<\/div>\n\t\t\t\t\t<\/div>\n\n\t\n\n\t<div id=\"col-347767799\" class=\"col medium-3 small-6 large-3\"  >\n\t\t\t\t<div class=\"col-inner\"  >\n\t\t\t\n\t\t\t\n\n<div class=\"pricing-table-wrapper\">\n  <div class=\"pricing-table ux_price_table text-center box-shadow-3-hover\"style=\"border-radius:10px;\">\n    <div class=\"pricing-table-header\">\n      <div class=\"title uppercase strong\">PREMIUM+<\/div>\n      <div class=\"price is-xxlarge\">499\u20ac\/kk<\/div>\n              <div class=\"description is-small\">\n          Taajuus: kerran p\u00e4iv\u00e4ss\u00e4        <\/div>\n          <\/div>\n    <div class=\"pricing-table-items items\">\n      \n\n<div class=\"bullet-item\" title=\"\"><span class=\"text\">Hinta sis\u00e4lt\u00e4\u00e4 enint\u00e4\u00e4n 150 alkuper\u00e4ist\u00e4 asiakirjaa *<\/span><\/div>\n\n<div class=\"bullet-item\" title=\"\"><span class=\"text\">Myyntilaskuratkaisu (pdf- ja verkkolasku)<\/span><\/div>\n\n<div class=\"bullet-item\" title=\"\"><span class=\"text\">Pankkitapahtumien raportointi**<\/span><\/div>\n\n<div class=\"bullet-item\" title=\"\"><span class=\"text\">Arvonlis\u00e4veroilmoitus<\/span><\/div>\n\n<div class=\"bullet-item\" title=\"\"><span class=\"text\">TSD-ilmoitus + liite 1 (palkat) + yhden ty\u00f6ntekij\u00e4n palkanlaskenta<\/span><\/div>\n\n<div class=\"bullet-item\" title=\"\"><span class=\"text\">Raportointi<\/span><\/div>\n\n<div class=\"bullet-item\" title=\"\"><span class=\"text\">Maksum\u00e4\u00e4r\u00e4ysten laatiminen pankille (kerran viikossa)<\/span><\/div>\n\n<div class=\"bullet-item\" title=\"\"><span class=\"text\">Talousanalyytikkojen kokous (kerran vuodessa)<\/span><\/div>\n\n<a href=\"https:\/\/grow.ee\/fi\/premium-plus-kirjanpitopalvelu\/\" class=\"button alert is-shade\" style=\"border-radius:10px;\">\n\t\t<span>L\u00c4HET\u00c4 HAKEMUS<\/span>\n\t<\/a>\n\n\n\n    <\/div>\n      <\/div>\n<\/div>\n\n\n\n\t\t<\/div>\n\t\t\t\t\t<\/div>\n\n\t\n\n<\/div>\n\n\t\t<\/div>\n\n\t\t\n<style>\n#section_1757902215 {\n  padding-top: 30px;\n  padding-bottom: 30px;\n  background-color: rgb(255, 255, 255);\n}\n#section_1757902215 .section-bg-overlay {\n  background-color: rgba(255, 255, 255, 0.39);\n}\n<\/style>\n\t<\/section>\n\t\n<div class=\"row\"  id=\"row-1971755075\">\n\n\n\t<div id=\"col-843905428\" class=\"col small-12 large-12\"  >\n\t\t\t\t<div class=\"col-inner\"  >\n\t\t\t\n\t\t\t\n\n<p><strong><em>*L\u00e4ht\u00f6tositteita ovat laskut, pankki- tai k\u00e4teistapahtumat (laskujen maksuja lukuun ottamatta). Muut er\u00e4t hinnoitellaan tuntiperusteisesti (sopimukset, investoinnit, k\u00e4ytt\u00f6omaisuus jne.). Hinnat sis\u00e4lt\u00e4v\u00e4t arvonlis\u00e4veron.<\/em><\/strong><\/p>\n<p><strong>**Pankkitapahtumien raportointi sis\u00e4ltyy pakettiin, jos kumppaniksi valitaan pankki, jossa on automaattinen tiedonvaihtorajapinta tai xml-tiedosto. T\u00e4llaisia pankkeja Virossa ovat mm. LHV, Swedbank, COOP, SEB. Lista voi muuttua ajan my\u00f6t\u00e4.\u00a0<\/strong><\/p>\n<table width=\"650\">\n<tbody>\n<tr>\n<td width=\"476\"><strong>LIS\u00c4PALVELUJEN HINNASTO<\/strong><\/td>\n<td width=\"174\"><strong>HINTA<\/strong><\/td>\n<\/tr>\n<tr>\n<td width=\"476\">Alkuper\u00e4isen asiakirjan k\u00e4sittely (yli pakkauksen tilavuudesta)<\/td>\n<td width=\"174\">1,7 \u20ac\/kpl<\/td>\n<\/tr>\n<tr>\n<td width=\"476\">Palkanlaskenta<\/td>\n<td width=\"174\">11 \u20ac\/ty\u00f6ntekij\u00e4<\/td>\n<\/tr>\n<tr>\n<td width=\"476\">Muut kirjanpitopalvelut (asiakaslis\u00e4toiveet, jotka eiv\u00e4t sis\u00e4lly pakettiin)<\/td>\n<td width=\"174\">59 \u20ac\/tunti<\/td>\n<\/tr>\n<tr>\n<td width=\"476\">Tilintarkastukseen liittyy kirjanpit\u00e4j\u00e4n toimintaa<\/td>\n<td width=\"174\">59 \u20ac\/tunti<\/td>\n<\/tr>\n<tr>\n<td width=\"476\">Tilikausikertomuksen laatiminen<\/td>\n<td width=\"174\">1 keskim\u00e4\u00e4r\u00e4inen kuukausimaksu<\/td>\n<\/tr>\n<tr>\n<td width=\"476\">Ohjelman lis\u00e4ty\u00f6t (konfigurointi, kehitys)<\/td>\n<td width=\"174\">75 \u20ac\/tunti<\/td>\n<\/tr>\n<tr>\n<td width=\"476\">Talousjohtajan palvelut<\/td>\n<td width=\"174\">85\u20ac\/h<\/td>\n<\/tr>\n<tr>\n<td width=\"476\">Veroneuvontaa<\/td>\n<td width=\"174\">150\u20ac\/h<\/td>\n<\/tr>\n<tr>\n<td width=\"476\">Rahoitusanalyytikon yleiskatsaus<\/td>\n<td width=\"174\">100\u20ac\/raportti<\/td>\n<\/tr>\n<tr>\n<td width=\"476\">Toimiala: rahanpesun kannalta riskialttiimpia liiketoimia<\/td>\n<td width=\"174\">65\u20ac\/tunti<\/td>\n<\/tr>\n<\/tbody>\n<\/table>\n<p>\u00a0<\/p>\n\n\t\t<\/div>\n\t\t\t\t\t<\/div>\n\n\t\n\n<\/div>\n<div class=\"row\"  id=\"row-1601774976\">\n\n\n\t<div id=\"col-99283702\" class=\"col small-12 large-12\"  >\n\t\t\t\t<div class=\"col-inner\"  >\n\t\t\t\n\t\t\t\n\n<div class=\"row\"  id=\"row-945515244\">\n\n\n\t<div id=\"col-195428874\" class=\"col small-12 large-12\"  >\n\t\t\t\t<div class=\"col-inner\"  >\n\t\t\t\n\t\t\t\n\n<div class=\"message-box relative dark\" style=\"padding-top:15px;padding-bottom:15px;\"><div class=\"message-box-bg-image bg-fill fill\" ><\/div><div class=\"message-box-bg-overlay bg-fill fill\" style=\"background-color:rgb(27, 26, 70);\"><\/div><div class=\"container relative\"><div class=\"inner last-reset\">\n\n<div class=\"row align-middle align-center\"  id=\"row-1054921819\">\n\n\n\t<div id=\"col-1403141151\" class=\"col medium-9 small-12 large-9\"  >\n\t\t\t\t<div class=\"col-inner\"  >\n\t\t\t\n\t\t\t\n\n<h2>Tarvitsetko vain vuosikertomuksen?<\/h2>\n\n\t\t<\/div>\n\t\t\t\t\t<\/div>\n\n\t\n\n\t<div id=\"col-290388391\" class=\"col medium-2 small-12 large-2\"  >\n\t\t\t\t<div class=\"col-inner text-center\"  >\n\t\t\t\n\t\t\t\n\n<a href=\"https:\/\/grow.ee\/fi\/tarjous-vuosikertomuksen-laatimisesta\/\" class=\"button alert\" style=\"border-radius:8px;\">\n\t\t<span>TARKISTA PAKETIT<\/span>\n\t<\/a>\n\n\n\n\t\t<\/div>\n\t\t\t\t\t<\/div>\n\n\t\n\n<\/div>\n\n<\/div><\/div><\/div>\n\n\t\t<\/div>\n\t\t\t\t\t<\/div>\n\n\t\n\n<\/div>\n\n\n\t\t<\/div>\n\t\t\t\t\t<\/div>\n\n\t\n\n<\/div>","protected":false},"excerpt":{"rendered":"","protected":false},"author":10,"featured_media":0,"parent":0,"menu_order":0,"comment_status":"closed","ping_status":"closed","template":"page-blank.php","meta":{"footnotes":""},"class_list":["post-11928","page","type-page","status-publish","hentry"],"_links":{"self":[{"href":"https:\/\/grow.ee\/fi\/wp-json\/wp\/v2\/pages\/11928","targetHints":{"allow":["GET"]}}],"collection":[{"href":"https:\/\/grow.ee\/fi\/wp-json\/wp\/v2\/pages"}],"about":[{"href":"https:\/\/grow.ee\/fi\/wp-json\/wp\/v2\/types\/page"}],"author":[{"embeddable":true,"href":"https:\/\/grow.ee\/fi\/wp-json\/wp\/v2\/users\/10"}],"replies":[{"embeddable":true,"href":"https:\/\/grow.ee\/fi\/wp-json\/wp\/v2\/comments?post=11928"}],"version-history":[{"count":74,"href":"https:\/\/grow.ee\/fi\/wp-json\/wp\/v2\/pages\/11928\/revisions"}],"predecessor-version":[{"id":15326,"href":"https:\/\/grow.ee\/fi\/wp-json\/wp\/v2\/pages\/11928\/revisions\/15326"}],"wp:attachment":[{"href":"https:\/\/grow.ee\/fi\/wp-json\/wp\/v2\/media?parent=11928"}],"curies":[{"name":"wp","href":"https:\/\/api.w.org\/{rel}","templated":true}]}}