{"id":11925,"date":"2023-11-13T21:02:40","date_gmt":"2023-11-13T21:02:40","guid":{"rendered":"https:\/\/grow.ee\/raamatupidamisteenuse-paketid-2\/"},"modified":"2024-03-04T10:19:35","modified_gmt":"2024-03-04T10:19:35","slug":"kirjanpitopalvelupaketit-2","status":"publish","type":"page","link":"https:\/\/grow.ee\/fi\/accounting-service-packages\/","title":{"rendered":"Kirjanpitopalvelupaketit"},"content":{"rendered":"<h1>Kirjanpitopalvelupaketit<\/h1>\n<style>\n\/* Style the parent menu items *\/\n.page-id-5032  .grid__col--md-8.grid__col--lg-8 {\n    display: flex;\n}\n#hide-now{\n\tdisplay: none;\n}\n\/* Style the submenu items *\/\n.sub-menu {\n    display: none;  \/* Hide submenus by default *\/\n    position: absolute;\n    background-color: #fff; \/* Background color for the submenu *\/\n    z-index: 999; \/* Ensure the submenu appears above other content *\/\n}\n.menu-item:hover .sub-menu {\n    display: block; \/* Show the submenu when the parent menu item is hovered over *\/\n}\n tr.table-had-main{\n    height: 100px;\n    border-bottom: 1px solid #E6001E;\n    background: #fff;\n  border-bottom: 1px solid #f4f4f4;\n  }\n\/* table td:first-child, *\/\n\/* .only-for-first-table table td:last-child {\n    background:#E6001E;\n    color: #fff;\n    box-shadow: 5px 0 5px -5px #888; \/* Adjust the values as needed \n} *\/\ntable, th, td {\n    padding: 10px;\n    padding-left: 20px;\n    padding-right: 20px;\n\twidth: 93%;\n}\n.customers-new-table {\n  width: 100%;\n}\n.only-for-first-table tr:nth-child(2n) td:not(:first-child) {\n  background: rgba(0, 0, 0, 0.02);\n}\n .Second-table-whole-site tr:nth-child(2n) td:not(:first-child) {\n  background: rgba(0, 0, 0, 0.02);\n  box-shadow: green;\n}\ntd:not(:first-child) {\n            text-align: center; \/* You can change this to your preferred alignment *\/\n        }\n\/* a.white-Buy-Now-btn {\n    color: #fff;\n} *\/\n.only-for-first-table tr:last-child td:not(:first-child) {\n   background:#E6001E;\n    color: #fff;\n}\n .only-for-first-table a.Buy-Now-btn {\n    color: #fff;\n}\n.only-for-first-table a.white-Buy-Now-btn {\n\tcolor: #fff;\n}\n.terms-page tr:last-child td:not(:first-child) strong{\n    color: #fff;\n}\n<\/style>\n<style>\n tr.table-had-main{\n    height: 100px;\n    border-bottom: 1px solid #E6001E;\n    background: #fff;\n  border-bottom: 1px solid #f4f4f4;\n  }\n\/* table td:first-child, *\/\n\/* .only-for-first-table table td:last-child {\n    background:#E6001E;\n    color: #fff;\n    box-shadow: 5px 0 5px -5px #888; \/* Adjust the values as needed \n} *\/\ntable, th, td {\n    padding: 10px;\n    padding-left: 20px;\n    padding-right: 20px;\n\twidth: 93%;\n}\n.customers-new-table {\n  width: 100%;\n}\n.only-for-first-table tr:nth-child(2n) td:not(:first-child) {\n  background: rgba(0, 0, 0, 0.02);\n}\n .Second-table-whole-site tr:nth-child(2n) td:not(:first-child) {\n  background: rgba(0, 0, 0, 0.02);\n  box-shadow: green;\n}\ntd:not(:first-child) {\n            text-align: center; \/* You can change this to your preferred alignment *\/\n        }\n\/* a.white-Buy-Now-btn {\n    color: #fff;\n} *\/\n.only-for-first-table tr:last-child td:not(:first-child) {\n   background:#E6001E;\n    color: #fff;\n}\n .only-for-first-table a.Buy-Now-btn {\n    color: #fff;\n}\n.only-for-first-table a.white-Buy-Now-btn {\n\tcolor: #fff;\n}<\/style>\n<article>\n<table id=\"customers-new-table\">\n    <!--  Row subscribe --><\/p>\n<tr>\n<th><\/th>\n<th>  START  <\/th>\n<th>  MICRO  <\/th>\n<th>  STANDARD  <\/th>\n<th>  PREMIUM  <\/th>\n<th>  PREMIUM+  <\/th>\n<\/tr>\n<p>  <!--  ROw 1 --><\/p>\n<tr>\n<td>Kuukausimaksu \t<\/td>\n<td>39 \u20ac\t<\/td>\n<td>99 \u20ac\t<\/td>\n<td>149 \u20ac<\/td>\n<td>290 \u20ac<\/td>\n<td>alkaen. 490\u20ac<\/td>\n<\/tr>\n<p>    <!--  ROw 2 --><\/p>\n<tr>\n<td>Palvelun tarjoamisen tiheys<\/td>\n<td>nelj\u00e4nnes<\/td>\n<td>kuukausi<\/td>\n<td>kuukausi<\/td>\n<td>viikko<\/td>\n<td>joka p\u00e4iv\u00e4<\/td>\n<\/tr>\n<p>    <!--  ROw 3 --><\/p>\n<tr>\n<td>Alkuper\u00e4isten asiakirjojen k\u00e4sittely \u2026 asti (kpl) \t<\/td>\n<td>15<\/td>\n<td>15<\/td>\n<td>30<\/td>\n<td>60<\/td>\n<td>150<\/td>\n<\/tr>\n<p>      <!--  ROw 4 --><\/p>\n<tr>\n<td>Paperiton ratkaisu<\/td>\n<td>\u2713<\/td>\n<td>\u2713<\/td>\n<td>\u2713<\/td>\n<td>\u2713<\/td>\n<td>\u2713<\/td>\n<\/tr>\n<p>    <!--  R0w 5 --><\/p>\n<tr>\n<td>Online-ohjelma<\/td>\n<td>\u2713<\/td>\n<td>\u2713<\/td>\n<td>\u2713<\/td>\n<td>\u2713<\/td>\n<td>\u2713<\/td>\n<\/tr>\n<p>      <!--  Row 6 --><\/p>\n<tr>\n<td>Myyntilaskuratkaisu (pdf ja e-lasku)<\/td>\n<td>\u2713<\/td>\n<td>\u2713<\/td>\n<td>\u2713<\/td>\n<td>\u2713<\/td>\n<td>\u2713<\/td>\n<\/tr>\n<p>  <!--  Row 7 --><\/p>\n<tr>\n<td>Pankkitapahtumat (jos pankin tiedosto t\u00e4ytt\u00e4\u00e4 tuontistandardin) <\/td>\n<td>\u2713<\/td>\n<td>\u2713<\/td>\n<td>\u2713<\/td>\n<td>\u2713<\/td>\n<td>\u2713<\/td>\n<\/tr>\n<p>    <!--  Row 8 --><\/p>\n<tr>\n<td>Raportointi<\/td>\n<td>\u2713<\/td>\n<td>\u2713<\/td>\n<td>\u2713<\/td>\n<td>\u2713<\/td>\n<td>\u2713<\/td>\n<\/tr>\n<p>    <!--  Row 9 --><\/p>\n<tr>\n<td>ALV-ilmoitus<\/td>\n<td>x<\/td>\n<td>\u2713<\/td>\n<td>\u2713<\/td>\n<td>\u2713<\/td>\n<td>\u2713<\/td>\n<\/tr>\n<p>    <!--  Row 10 --><\/p>\n<tr>\n<td>TSD-ilmoitus + liite 1 (palkat)<\/td>\n<td>x<\/td>\n<td>x<\/td>\n<td>\u2713<\/td>\n<td>\u2713<\/td>\n<td>\u2713<\/td>\n<\/tr>\n<p>    <!--  Row 11 --><\/p>\n<tr>\n<td>Maksum\u00e4\u00e4r\u00e4ysten valmistelu pankkiin (kerran viikossa)<\/td>\n<td>x<\/td>\n<td>x<\/td>\n<td>x<\/td>\n<td>\u2713<\/td>\n<td>\u2713<\/td>\n<\/tr>\n<p>    <!--  Row 12 --><\/p>\n<tr>\n<td>Talousanalyytikkokatsaus (kerran vuodessa)<\/td>\n<td>x<\/td>\n<td>x<\/td>\n<td>x<\/td>\n<td>x<\/td>\n<td>\u2713<\/td>\n<\/tr>\n<tr>\n<td><\/td>\n<td><a href=\"https:\/\/grow.ee\/fi\/paketit-alkavat\/?lang=en\"> \tTilaa<\/a><\/td>\n<td><a  href=\"https:\/\/grow.ee\/fi\/mikropaketit\/?lang=en\"> \tTilaa<\/a><\/td>\n<td><a  href=\"https:\/\/grow.ee\/fi\/vakiopaketit\/?lang=en\"> \tTilaa<\/a><\/td>\n<td><a  href=\"https:\/\/grow.ee\/fi\/premium-paketit\/?lang=en\"> \tTilaa<\/a><\/td>\n<td><a  href=\"https:\/\/grow.ee\/fi\/pyyda-tarjous\/?lang=en\">Pyyd\u00e4 tarjous<\/a><\/td>\n<\/tr>\n<\/table>\n<p><i>L\u00e4hdeasiakirjoja ovat laskut, pankki- tai k\u00e4teissiirrot (paitsi laskujen maksut). Muut ilmoittautumiset hinnoitellaan tuntiperusteisesti (sopimukset jne.). Kaikkiin ilmoitettuihin hintoihin lis\u00e4t\u00e4\u00e4n ALV 22%.<\/i><\/p>\n<p><\/p>\n<h3>LIS\u00c4PALVELUT<\/h3>\n<table id=\"customers-new-table\">\n\t<!--  Row 1 For additional SErvice  --><\/p>\n<tr>\n<td>Ohjelmisto(t) asiakkaan tarpeiden mukaan alkaen <\/td>\n<td>99 \u20ac\/kk<\/td>\n<td>99 \u20ac\/kk<\/td>\n<td>99 \u20ac\/kk<\/td>\n<td>99 \u20ac\/kk<\/td>\n<td>99 \u20ac\/kk<\/td>\n<\/tr>\n<p>\t<!--  Row 2 For additional SErvice  --><\/p>\n<tr>\n<td>Alkuper\u00e4isten asiakirjojen k\u00e4sittely (yli pakkauskoko) <\/td>\n<td>1.5 \u20ac<\/td>\n<td>1.5 \u20ac<\/td>\n<td>1.5 \u20ac<\/td>\n<td>1.5 \u20ac<\/td>\n<td>1.5 \u20ac<\/td>\n<\/tr>\n<p>\t<!--  Row 3 For additional SErvice  --><\/p>\n<tr>\n<td>Maksum\u00e4\u00e4r\u00e4ysten valmistelu pankkiin (kpl)<\/td>\n<td>5 \u20ac<\/td>\n<td>5 \u20ac<\/td>\n<td>5 \u20ac<\/td>\n<td>5 \u20ac<\/td>\n<td>5 \u20ac<\/td>\n<\/tr>\n<p>\t<!--  Row 4 For additional SErvice  --><\/p>\n<tr>\n<td>Pankkitapahtumat (jos pankin tiedosto ei t\u00e4yt\u00e4 tuontistandardia)<\/td>\n<td>20\u20ac\/kk<\/td>\n<td>20\u20ac\/kk<\/td>\n<td>20\u20ac\/kk<\/td>\n<td>20\u20ac\/kk<\/td>\n<td>20\u20ac\/kk<\/td>\n<\/tr>\n<p>\t<!--  Row 5 For additional SErvice  --><\/p>\n<tr>\n<td>Palkkalaskenta (ty\u00f6ntekij\u00e4\u00e4 kohti)<\/td>\n<td>10 \u20ac<\/td>\n<td>10 \u20ac<\/td>\n<td>10 \u20ac<\/td>\n<td>10 \u20ac<\/td>\n<td>10 \u20ac<\/td>\n<\/tr>\n<p>\t\t<!--  Row 6 For additional SErvice  --><\/p>\n<tr>\n<td>TSD-ilmoitus + liite 1<\/td>\n<td>30 \u20ac<\/td>\n<td>30 \u20ac<\/td>\n<td>x<\/td>\n<td>x<\/td>\n<td>x<\/td>\n<\/tr>\n<p>\t<!--  Row 7 For additional SErvice  --><\/p>\n<tr>\n<td>ALV-ilmoitus<\/td>\n<td>30 \u20ac<\/td>\n<td>x<\/td>\n<td>x<\/td>\n<td>x<\/td>\n<td>x<\/td>\n<\/tr>\n<p>\t<!--  Row 8 For additional SErvice  --><\/p>\n<tr>\n<td>VD-ilmoitus<\/td>\n<td>15 \u20ac<\/td>\n<td>15 \u20ac<\/td>\n<td>15 \u20ac<\/td>\n<td>15 \u20ac<\/td>\n<td>15 \u20ac<\/td>\n<\/tr>\n<p>\t<!--  Row 9 For additional SErvice  --><\/p>\n<tr>\n<td>Tilastollisten raporttien laatiminen<\/td>\n<td>55\u20ac\/h<\/td>\n<td>55\u20ac\/h<\/td>\n<td>55\u20ac\/h<\/td>\n<td>55\u20ac\/h<\/td>\n<td>55\u20ac\/h<\/td>\n<\/tr>\n<p>\t<!--  Row 10 For additional SErvice  --><\/p>\n<tr>\n<td>Muut kirjanpitopalvelut<\/td>\n<td>55\u20ac\/h<\/td>\n<td>55\u20ac\/h<\/td>\n<td>55\u20ac\/h<\/td>\n<td>55\u20ac\/h<\/td>\n<td>55\u20ac\/h<\/td>\n<\/tr>\n<p>\t<!--  Row 11 For additional SErvice  --><\/p>\n<tr>\n<td>Vuosikatsaus<\/td>\n<td>1 keskim. kuukausimaksu<\/td>\n<td>1 keskim. kuukausimaksu<\/td>\n<td>1 keskim. kuukausimaksu<\/td>\n<td>1 keskim. kuukausimaksu<\/td>\n<td>1 keskim. kuukausimaksu<\/td>\n<\/tr>\n<p>\t<!--  Row 12 For additional SErvice  --><\/p>\n<tr>\n<td>Business Intelligence<\/td>\n<td>85\u20ac\/h<\/td>\n<td>85\u20ac\/h<\/td>\n<td>85\u20ac\/h<\/td>\n<td>85\u20ac\/h<\/td>\n<td>85\u20ac\/h<\/td>\n<\/tr>\n<p>\t<!--  Row 13 For additional SErvice  --><\/p>\n<tr>\n<td>Tilintarkastukseen liittyv\u00e4 toiminta<\/td>\n<td>55\u20ac\/h<\/td>\n<td>55\u20ac\/h<\/td>\n<td>55\u20ac\/h<\/td>\n<td>55\u20ac\/h<\/td>\n<td>55\u20ac\/h<\/td>\n<\/tr>\n<p>\t<!--  Row 14 For additional SErvice  --><\/p>\n<tr>\n<td>Talousanalyytikkokatsaus<\/td>\n<td>100\u20ac<\/td>\n<td>100\u20ac<\/td>\n<td>100\u20ac<\/td>\n<td>100\u20ac<\/td>\n<td>\u2014<\/td>\n<\/tr>\n<p>\t<!--  Row 15 For additional SErvice  --><\/p>\n<tr>\n<td>Toimiala: rahanpesun kannalta riskialttiimpia liiketoimia<\/td>\n<td>Ei ei<\/td>\n<td>No<\/td>\n<td>No<\/td>\n<td>No<\/td>\n<td>Yes<\/td>\n<\/tr>\n<p><!-- \t\t\n\n<tr>\n    \n\n<td><\/td>\n\n\n\t\t\t\n\n<td><a href=\"#\">Ask Offer<\/a><\/td>\n\n\n    \n\n<td><a  href=\"#\">Ask Offer<\/a><\/td>\n\n\n\t\t\n\n<td><a  href=\"#\">Ask Offer<\/a><\/td>\n\n\n\t\t\n\n<td><a  href=\"#\">Ask Offer<\/a><\/td>\n\n\n\t\t\n\n<td><a  href=\"#\">Ask Offer<\/a><\/td>\n\n\n  <\/tr>\n\n --><br \/>\n\t<\/table>\n<\/article>","protected":false},"excerpt":{"rendered":"<p>Accounting service packages START MIKRO STANDARD PREMIUM PREMIUM+ Monthly fee 39 \u20ac 99 \u20ac 149 \u20ac 290 \u20ac from. 490\u20ac Frequency of providing the service quarter month month week everyday Handling of original documents until\u2026 (pcs) 15 15 30 60 150 Paperless solution \u2713 \u2713 \u2713 \u2713 \u2713 Online program \u2713 \u2713 \u2713 \u2713 \u2713 [&#8230;]\n","protected":false},"author":10,"featured_media":0,"parent":0,"menu_order":0,"comment_status":"closed","ping_status":"closed","template":"","meta":{"footnotes":""},"class_list":["post-11925","page","type-page","status-publish","hentry"],"_links":{"self":[{"href":"https:\/\/grow.ee\/fi\/wp-json\/wp\/v2\/pages\/11925","targetHints":{"allow":["GET"]}}],"collection":[{"href":"https:\/\/grow.ee\/fi\/wp-json\/wp\/v2\/pages"}],"about":[{"href":"https:\/\/grow.ee\/fi\/wp-json\/wp\/v2\/types\/page"}],"author":[{"embeddable":true,"href":"https:\/\/grow.ee\/fi\/wp-json\/wp\/v2\/users\/10"}],"replies":[{"embeddable":true,"href":"https:\/\/grow.ee\/fi\/wp-json\/wp\/v2\/comments?post=11925"}],"version-history":[{"count":10,"href":"https:\/\/grow.ee\/fi\/wp-json\/wp\/v2\/pages\/11925\/revisions"}],"predecessor-version":[{"id":13330,"href":"https:\/\/grow.ee\/fi\/wp-json\/wp\/v2\/pages\/11925\/revisions\/13330"}],"wp:attachment":[{"href":"https:\/\/grow.ee\/fi\/wp-json\/wp\/v2\/media?parent=11925"}],"curies":[{"name":"wp","href":"https:\/\/api.w.org\/{rel}","templated":true}]}}