{"id":11923,"date":"2022-03-11T14:11:06","date_gmt":"2022-03-11T14:11:06","guid":{"rendered":"https:\/\/grow.ee\/meeskond\/"},"modified":"2024-03-05T15:10:20","modified_gmt":"2024-03-05T15:10:20","slug":"kansamme","status":"publish","type":"page","link":"https:\/\/grow.ee\/fi\/our-people\/","title":{"rendered":"Meid\u00e4n ihmiset"},"content":{"rendered":"<h1>Meid\u00e4n ihmiset<\/h1>\n<p>\t\t<iframe loading=\"lazy\" title=\"GROW FINANCE - Tule t\u00f6\u00f6le!\" width=\"1020\" height=\"574\" src=\"https:\/\/www.youtube.com\/embed\/CNj2rmbRz6c?feature=oembed\" frameborder=\"0\" allow=\"accelerometer; autoplay; clipboard-write; encrypted-media; gyroscope; picture-in-picture; web-share\" referrerpolicy=\"strict-origin-when-cross-origin\" allowfullscreen><\/iframe><br \/>\n            <a href=\"#team-1\"><br \/>\n                <img decoding=\"async\" src=\"https:\/\/grow.ee\/wp-content\/uploads\/2017\/11\/Ulvi-360x240.jpg\" alt=\"Ulvi Tallo\"><br \/>\n            <\/a><br \/>\n                Ulvi Tallo<br \/>\n                Kumppani (toimitusjohtaja)<br \/>\n                        <a href=\"mailto:ulvi.tallo@grow.ee\">ulvi.tallo@grow.ee<\/a><br \/>\n                    <!-- Add phone number if available --><br \/>\n                                            <a href=\"#team-2\"><img decoding=\"async\" src=\"https:\/\/grow.ee\/wp-content\/uploads\/2021\/11\/Helari-360x240.jpg\" alt=\"Helari Pallas\"><\/a><br \/>\n                                                Helari Pallas<br \/>\n                                                Partner<br \/>\n                                                        <a href=\"mailto:helari.pallas@grow.ee\">helari.pallas@grow.ee<\/a><br \/>\n                                            <a href=\"#team-3\"><img decoding=\"async\" src=\"https:\/\/grow.ee\/wp-content\/uploads\/2017\/11\/Anna-Liisa-360x240.jpg\" alt=\"Anna-Liisa Orglaan\"><\/a><br \/>\n                                                Anna-Liisa Orglaan<br \/>\n                                                Partner<br \/>\n                                                        <a href=\"mailto:annaliisa@grow.ee\">annaliisa@grow.ee<\/a><br \/>\n                                            <a href=\"#team-4\"><img decoding=\"async\" src=\"https:\/\/grow.ee\/wp-content\/uploads\/2018\/09\/Veiko-kodulehele-360x240.jpg\" alt=\"Veiko N\u00fc\u00fcd\"><\/a><br \/>\n                                                Veiko N\u00fc\u00fcd<br \/>\n                                                Partner<br \/>\n                                                        <a href=\"mailto:veiko@grow.ee\">veiko@grow.ee<\/a><br \/>\n                                            <a href=\"#team-5\"><img decoding=\"async\" src=\"https:\/\/grow.ee\/wp-content\/uploads\/2022\/02\/MicrosoftTeams-image-1-e1645007619750-360x240.jpg\" alt=\"Kaari Timuska\"><\/a><br \/>\n                                                Kaari Timuska<br \/>\n                                                Toimistop\u00e4\u00e4llikk\u00f6 ja rekrytoija<br \/>\n                                                        <a href=\"mailto:kaari@grow.ee\">kaari@grow.ee<\/a><br \/>\n                                            <a href=\"#team-6\"><img decoding=\"async\" src=\"https:\/\/grow.ee\/wp-content\/uploads\/2022\/09\/Ingvar-360x240.jpg\" alt=\"Ingvar Pruul\"><\/a><br \/>\n                                                Ingvar Pruul<br \/>\n                                                talousjohtaja<br \/>\n                                                        <a href=\"mailto:ingvar.pruul@grow.ee\">ingvar.pruul@grow.ee<\/a><br \/>\n                                            <a href=\"#team-7\"><img decoding=\"async\" src=\"https:\/\/grow.ee\/wp-content\/uploads\/2020\/12\/Grow-Finance-Meeli-Kore-360x240.jpeg\" alt=\"Mielen k\u00e4heys\"><\/a><br \/>\n                                                Mielen k\u00e4heys<br \/>\n                                                Ryhm\u00e4n johtaja, sis\u00e4inen valvonta<br \/>\n                                                        <a href=\"mailto:meeli@grow.ee\">meeli@grow.ee<\/a><br \/>\n                                            <a href=\"#team-8\"><img decoding=\"async\" src=\"https:\/\/grow.ee\/wp-content\/uploads\/2017\/11\/LiinaTarmisto-360x240.jpg\" alt=\"Liina Tarmisto\"><\/a><br \/>\n                                                Liina Tarmisto<br \/>\n                                                Tiimin johtaja<br \/>\n                                                        <a href=\"mailto:liina.tarmiso@grow.ee\">liina.tarmiso@grow.ee<\/a><br \/>\n                                            <a href=\"#team-9\"><img decoding=\"async\" src=\"https:\/\/grow.ee\/wp-content\/uploads\/2021\/11\/Sigrit-360x240.jpg\" alt=\"Sigrit Abel\"><\/a><br \/>\n                                                Sigrit Abel<br \/>\n                                                Tiimin johtaja<br \/>\n                                                        <a href=\"mailto:sigrit.abel@grow.ee\">sigrit.abel@grow.ee<\/a><br \/>\n                                            <a href=\"#team-10\"><img decoding=\"async\" src=\"https:\/\/grow.ee\/wp-content\/uploads\/2018\/08\/1224_20180711-360x240.jpg\" alt=\"Malle Liivat\"><\/a><br \/>\n                                                Malle Liivat<br \/>\n                                                Veroneuvojaan<br \/>\n                                                        <a href=\"mailto:malle.liivat@grow.ee\">malle.liivat@grow.ee<\/a><\/p>\n<style>\n\/* TEAM GRID SYSTEM *\/\n.grid {\n    display: flex;\n    flex-wrap: wrap;\n    justify-content: space-between; \/* Distribute space between and around grid items *\/\n}\n.grid__col--xs-6 {\n    flex-basis: 100%;\n    max-width: 100%;\n}\n.grid__col--md-4 {\n    flex-basis: calc(33.333% - 30px); \/* Three items per row with 15px padding on each side *\/\n    max-width: calc(33.333% - 30px);\n    padding: 15px;\n}\n\/* MEDIA QUERIES *\/\n@media (max-width: 768px) {\n    .grid__col--md-4 {\n        flex-basis: 100%;\n        max-width: 100%;\n    }\n}\n\/* TEAM CARDS *\/\n.grow_team {\n    position: relative;\n    overflow: hidden;\n    background-color: #e6ebf1; \/* This should match the background color of your site *\/\n    transform: skewY(-3deg);\n}\n.grow_team::after {\n    background-color: #e6ebf1; \/* This color should match the card background *\/\n    transform: skewY(3deg); \/* Counter-skew to fill the gap *\/\n    transform-origin: top left;\n}\n.grow_team img {\n    width: 100%;\n    display: block;\n    z-index: 1; \/* Higher than the pseudo-element to be visible *\/\n}\n.grow_content {\n    position: relative;\n    background-color: #e6ebf1; \/* Assuming a white background for the text area *\/\n    padding: 20px 25px;\n    text-align: center;\n    z-index: 2; \/* Ensures the content is above the skewed elements *\/\n    transform: skewY(3deg);\n}\n\/* LINKS *\/\n.grow_team a {\n    color: #d10f28;\n    text-decoration: none; \/* Remove underlines from links *\/\n}\n\/* TYPOGRAPHY *\/\n.grow_team_position {\n    line-height: 1.2;\n}\n.grow_title_small {\n    font-size: 1rem; \/* Example size *\/\n    font-weight: bold;\n}\n\/* RESPONSIVE ADJUSTMENTS *\/\n@media only screen and (max-width: 768px) {\n    \/* Adjustments for smaller screens go here *\/\n}\n<\/style>","protected":false},"excerpt":{"rendered":"<p>Henkil\u00f6st\u00f6mme Ulvi Tallo Partner (toimitusjohtaja) ulvi.tallo@grow.ee Helari Pallas Partner helari.pallas@grow.ee Anna-Liisa Orglaan Partner annaliisa@grow.ee Veiko N\u00fc\u00fcd Partner veiko@grow.ee Kaari Timuska Toimistop\u00e4\u00e4llikk\u00f6 ja rekrytoija kaari@grow.ee Ingvar Pruul Sis\u00e4inen ohjaus Meerow Tiimijohtaja K\u00f5i Meeeli Talousjohtaja ingvar.pruuee Liina Tarmisto Tiimin johtaja liina.tarmiso@grow.ee Sigrit Abel Tiimin johtaja sigrit.abel@grow.ee Malle Liivat Veroneuvojana malle.liivat@grow.ee<\/p>","protected":false},"author":10,"featured_media":0,"parent":0,"menu_order":0,"comment_status":"closed","ping_status":"closed","template":"","meta":{"footnotes":""},"class_list":["post-11923","page","type-page","status-publish","hentry"],"_links":{"self":[{"href":"https:\/\/grow.ee\/fi\/wp-json\/wp\/v2\/pages\/11923","targetHints":{"allow":["GET"]}}],"collection":[{"href":"https:\/\/grow.ee\/fi\/wp-json\/wp\/v2\/pages"}],"about":[{"href":"https:\/\/grow.ee\/fi\/wp-json\/wp\/v2\/types\/page"}],"author":[{"embeddable":true,"href":"https:\/\/grow.ee\/fi\/wp-json\/wp\/v2\/users\/10"}],"replies":[{"embeddable":true,"href":"https:\/\/grow.ee\/fi\/wp-json\/wp\/v2\/comments?post=11923"}],"version-history":[{"count":6,"href":"https:\/\/grow.ee\/fi\/wp-json\/wp\/v2\/pages\/11923\/revisions"}],"predecessor-version":[{"id":13372,"href":"https:\/\/grow.ee\/fi\/wp-json\/wp\/v2\/pages\/11923\/revisions\/13372"}],"wp:attachment":[{"href":"https:\/\/grow.ee\/fi\/wp-json\/wp\/v2\/media?parent=11923"}],"curies":[{"name":"wp","href":"https:\/\/api.w.org\/{rel}","templated":true}]}}