{"id":8848,"date":"2023-10-23T23:01:51","date_gmt":"2023-10-23T23:01:51","guid":{"rendered":"https:\/\/grow.ee\/?page_id=8848"},"modified":"2025-11-03T13:36:09","modified_gmt":"2025-11-03T10:36:09","slug":"financial-manager-service","status":"publish","type":"page","link":"https:\/\/grow.ee\/en\/teenused\/finantsjuhi-teenus\/","title":{"rendered":"CFO service"},"content":{"rendered":"<div class=\"banner has-hover\" id=\"banner-1303264262\">\n          <div class=\"banner-inner fill\">\n        <div class=\"banner-bg fill\" >\n            <img loading=\"lazy\" decoding=\"async\" width=\"720\" height=\"403\" src=\"https:\/\/grow.ee\/wp-content\/uploads\/2024\/05\/Finantsjuhi-teenus-720x403.webp\" class=\"bg attachment-large size-large\" alt=\"Financial manager service\" \/>                        <div class=\"overlay\"><\/div>            \n                    <\/div>\n\t\t\n        <div class=\"banner-layers container\">\n            <div class=\"fill banner-link\"><\/div>            \n\n   <div id=\"text-box-911106203\" class=\"text-box banner-layer x50 md-x50 lg-x50 y50 md-y50 lg-y50 res-text\">\n                                <div class=\"text-box-content text dark\">\n              \n              <div class=\"text-inner text-center\">\n                  \n\n<h3 class=\"uppercase\"><strong><span style=\"color: #1b1a46;\">Chief Financial Officer (CFO) service<\/span><\/strong><\/h3>\n<p><span style=\"color: #57595d; font-size: 110%;\">Finantsjuhi teenus on m\u00f5eldud pakkuma strateegilist finantsabi asendamaks t\u00e4iskohaga finantsjuhti.\u00a0<\/span><\/p>\n<a href=\"https:\/\/grow.ee\/en\/contact-us\/\" class=\"button alert is-shade\" style=\"border-radius:8px;\">\n\t\t<span>CONTACT US<\/span>\n\t<\/a>\n\n\n\n              <\/div>\n           <\/div>\n                            \n<style>\n#text-box-911106203 .text-box-content {\n  background-color: rgba(255, 255, 255, 0.872);\n  border-radius: 10px;\n  font-size: 100%;\n}\n#text-box-911106203 .text-inner {\n  padding: 10px 10px 5px 10px;\n}\n#text-box-911106203 {\n  width: 60%;\n}\n<\/style>\n    <\/div>\n \n\n        <\/div>\n      <\/div>\n\n            \n<style>\n#banner-1303264262 {\n  padding-top: 500px;\n}\n#banner-1303264262 .overlay {\n  background-color: rgba(0, 0, 0, 0.17);\n}\n<\/style>\n  <\/div>\n\n\n<div class=\"row\"  id=\"row-1576362325\">\n\n\n\t<div id=\"col-514349910\" class=\"col medium-6 small-12 large-6\"  >\n\t\t\t\t<div class=\"col-inner\"  >\n\t\t\t\n\t\t\t\n\n<div class=\"elementor-element elementor-element-107f84eb elementor-widget elementor-widget-heading\" data-id=\"107f84eb\" data-element_type=\"widget\" data-widget_type=\"heading.default\">\n<div class=\"elementor-widget-container\">\n<h2 class=\"elementor-heading-title elementor-size-default elementor-inline-editing pen\" data-elementor-setting-key=\"title\" data-pen-placeholder=\"Type Here...\">Mida h\u00f5lmab finantsjuhi teenus?<\/h2>\n<\/div>\n<\/div>\n<div class=\"elementor-element elementor-element-23611ec elementor-icon-list--layout-traditional elementor-list-item-link-full_width elementor-widget elementor-widget-icon-list\" data-id=\"23611ec\" data-element_type=\"widget\" data-widget_type=\"icon-list.default\">\n<div class=\"elementor-widget-container\">\n<ul class=\"elementor-icon-list-items\">\n<li class=\"elementor-icon-list-item\"><i class=\"fas fa-check-circle\" aria-hidden=\"true\"><\/i><span class=\"elementor-icon-list-text\">Finantsplaneerimine<\/span><\/li>\n<li class=\"elementor-icon-list-item\"><i class=\"fas fa-check-circle\" aria-hidden=\"true\"><\/i><span class=\"elementor-icon-list-text\">Eelarvestamine<\/span><\/li>\n<li class=\"elementor-icon-list-item\"><i class=\"fas fa-check-circle\" aria-hidden=\"true\"><\/i><span class=\"elementor-icon-list-text\">\u00c4rimudelite koostamine<\/span><\/li>\n<li class=\"elementor-icon-list-item\"><i class=\"fas fa-check-circle\" aria-hidden=\"true\"><\/i><span class=\"elementor-icon-list-text\">Rahavoogude haldamine<\/span><\/li>\n<li class=\"elementor-icon-list-item\"><i class=\"fas fa-check-circle\" aria-hidden=\"true\"><\/i><span class=\"elementor-icon-list-text\">Juhtimisaruandlus<\/span><\/li>\n<li class=\"elementor-icon-list-item\"><i class=\"fas fa-check-circle\" aria-hidden=\"true\"><\/i><span class=\"elementor-icon-list-text\">Finantsanal\u00fc\u00fcs<\/span><\/li>\n<\/ul>\n<\/div>\n<\/div>\n\n\t\t<\/div>\n\t\t\t\t\t<\/div>\n\n\t\n\n\t<div id=\"col-1419853700\" class=\"col medium-6 small-12 large-6\"  >\n\t\t\t\t<div class=\"col-inner\"  >\n\t\t\t\n\t\t\t\n\n\t<div class=\"img has-hover x md-x lg-x y md-y lg-y\" id=\"image_28075447\">\n\t\t\t\t\t\t\t\t<div class=\"img-inner image-cover dark\" style=\"padding-top:60.25%;\">\n\t\t\t<img loading=\"lazy\" decoding=\"async\" width=\"848\" height=\"848\" src=\"https:\/\/grow.ee\/wp-content\/uploads\/2024\/05\/finantsjuht.webp\" class=\"attachment-original size-original\" alt=\"financial manager\" srcset=\"https:\/\/grow.ee\/wp-content\/uploads\/2024\/05\/finantsjuht.webp 848w, https:\/\/grow.ee\/wp-content\/uploads\/2024\/05\/finantsjuht-300x300.webp 300w, https:\/\/grow.ee\/wp-content\/uploads\/2024\/05\/finantsjuht-720x720.webp 720w, https:\/\/grow.ee\/wp-content\/uploads\/2024\/05\/finantsjuht-150x150.webp 150w, https:\/\/grow.ee\/wp-content\/uploads\/2024\/05\/finantsjuht-768x768.webp 768w\" sizes=\"auto, (max-width: 848px) 100vw, 848px\" \/>\t\t\t\t\t\t\n\t\t\t\t\t<\/div>\n\t\t\t\t\t\t\t\t\n<style>\n#image_28075447 {\n  width: 100%;\n}\n<\/style>\n\t<\/div>\n\t\n\n\n\t\t<\/div>\n\t\t\t\t\t<\/div>\n\n\t\n\n<\/div>\n<div class=\"row\"  id=\"row-1153618731\">\n\n\n\t<div id=\"col-373329610\" class=\"col medium-4 small-12 large-4\"  >\n\t\t\t\t<div class=\"col-inner\" style=\"background-color:rgb(232, 237, 244);\" >\n\t\t\t\n\t<div class=\"is-border\"\n\t\tstyle=\"border-color:rgb(210, 35, 42);border-radius:8px;border-width:0px 0px 0px 5px;\">\n\t<\/div>\n\t\t\t\n\n<div class=\"elementor-element elementor-element-5d1241bc elementor-widget elementor-widget-heading\" data-id=\"5d1241bc\" data-element_type=\"widget\" data-widget_type=\"heading.default\">\n<div class=\"elementor-widget-container\">\n<h2 class=\"elementor-heading-title elementor-size-default\" style=\"text-align: center;\">Kuluefektiivsus<\/h2>\n<\/div>\n<\/div>\n<div class=\"elementor-element elementor-element-262e2955 elementor-widget elementor-widget-spacer\" data-id=\"262e2955\" data-element_type=\"widget\" data-widget_type=\"spacer.default\">\n<div class=\"elementor-widget-container\">\n<div class=\"elementor-spacer\">\n<div class=\"elementor-spacer-inner\">\n<hr \/>\n<\/div>\n<\/div>\n<\/div>\n<\/div>\n<div class=\"elementor-element elementor-element-385b12b4 color-scheme-inherit text-left elementor-widget elementor-widget-text-editor\" data-id=\"385b12b4\" data-element_type=\"widget\" data-widget_type=\"text-editor.default\">\n<div class=\"elementor-widget-container\">\n<p>Finantsjuhi teenuse v\u00e4\u00e4rtus peitub kuluefektiivsuses. T\u00e4iskohaga finantsjuhi palkamine toob ettev\u00f5ttele kaasa m\u00e4rkimisv\u00e4\u00e4rse kulubaasi: palgad, tarkvarad ja muud h\u00fcved.<\/p>\n<\/div>\n<\/div>\n\n\t\t<\/div>\n\t\t\t\t\n<style>\n#col-373329610 > .col-inner {\n  padding: 5px 15px 5px 15px;\n  margin: 0px 0px 0px 0px;\n}\n<\/style>\n\t<\/div>\n\n\t\n\n\t<div id=\"col-1948982192\" class=\"col medium-4 small-12 large-4\"  >\n\t\t\t\t<div class=\"col-inner\" style=\"background-color:rgb(232, 237, 244);\" >\n\t\t\t\n\t<div class=\"is-border\"\n\t\tstyle=\"border-color:rgb(210, 35, 42);border-radius:8px;border-width:0px 0px 5px 0px;\">\n\t<\/div>\n\t\t\t\n\n<div class=\"elementor-element elementor-element-5d1241bc elementor-widget elementor-widget-heading\" data-id=\"5d1241bc\" data-element_type=\"widget\" data-widget_type=\"heading.default\">\n<div class=\"elementor-widget-container\">\n<div class=\"elementor-element elementor-element-27a3156b elementor-widget elementor-widget-heading\" data-id=\"27a3156b\" data-element_type=\"widget\" data-widget_type=\"heading.default\">\n<div class=\"elementor-widget-container\">\n<h2 class=\"elementor-heading-title elementor-size-default\" style=\"text-align: center;\">Mugavad lahendused<\/h2>\n<\/div>\n<\/div>\n<\/div>\n<\/div>\n<div class=\"elementor-element elementor-element-262e2955 elementor-widget elementor-widget-spacer\" data-id=\"262e2955\" data-element_type=\"widget\" data-widget_type=\"spacer.default\">\n<div class=\"elementor-widget-container\">\n<div class=\"elementor-spacer\">\n<div class=\"elementor-spacer-inner\">\n<hr \/>\n<\/div>\n<\/div>\n<\/div>\n<\/div>\n<div class=\"elementor-element elementor-element-385b12b4 color-scheme-inherit text-left elementor-widget elementor-widget-text-editor\" data-id=\"385b12b4\" data-element_type=\"widget\" data-widget_type=\"text-editor.default\">\n<div class=\"elementor-widget-container\">\n<p>Finantsjuhi teenus annab ettev\u00f5tetele paindlikkuse. Meie hinnamudelid, sealhulgas tunnihinnad, projektip\u00f5hised tasud ja p\u00fcsikliendi lepingud, sobivad erinevatele vajadustele ja eelarvetele.<\/p>\n<\/div>\n<\/div>\n\n\t\t<\/div>\n\t\t\t\t\n<style>\n#col-1948982192 > .col-inner {\n  padding: 5px 15px 5px 15px;\n  margin: 0px 0px 0px 0px;\n}\n<\/style>\n\t<\/div>\n\n\t\n\n\t<div id=\"col-1882709989\" class=\"col medium-4 small-12 large-4\"  >\n\t\t\t\t<div class=\"col-inner\" style=\"background-color:rgb(232, 237, 244);\" >\n\t\t\t\n\t<div class=\"is-border\"\n\t\tstyle=\"border-color:rgb(210, 35, 42);border-radius:8px;border-width:0px 5px 0px 0px;\">\n\t<\/div>\n\t\t\t\n\n<div class=\"elementor-element elementor-element-5d1241bc elementor-widget elementor-widget-heading\" data-id=\"5d1241bc\" data-element_type=\"widget\" data-widget_type=\"heading.default\">\n<div class=\"elementor-widget-container\">\n<div class=\"elementor-element elementor-element-449aff98 elementor-widget elementor-widget-heading\" data-id=\"449aff98\" data-element_type=\"widget\" data-widget_type=\"heading.default\">\n<div class=\"elementor-widget-container\">\n<h2 class=\"elementor-heading-title elementor-size-default\" style=\"text-align: center;\">Finantsasjatundlikkus<\/h2>\n<\/div>\n<\/div>\n<\/div>\n<\/div>\n<div class=\"elementor-element elementor-element-262e2955 elementor-widget elementor-widget-spacer\" data-id=\"262e2955\" data-element_type=\"widget\" data-widget_type=\"spacer.default\">\n<div class=\"elementor-widget-container\">\n<div class=\"elementor-spacer\">\n<div class=\"elementor-spacer-inner\">\n<hr \/>\n<\/div>\n<\/div>\n<\/div>\n<\/div>\n<div class=\"elementor-element elementor-element-385b12b4 color-scheme-inherit text-left elementor-widget elementor-widget-text-editor\" data-id=\"385b12b4\" data-element_type=\"widget\" data-widget_type=\"text-editor.default\">\n<div class=\"elementor-widget-container\">\n<p>Finantsjuhiga koost\u00f6\u00f6 v\u00f5imaldab teil kasutada tipptasemel lahendusi. Meie oskus kasutada t\u00e4nap\u00e4evaseid tehnoloogiaid lihtsustab kliendi protsesse ja s\u00e4\u00e4stab aega.<\/p>\n<\/div>\n<\/div>\n\n\t\t<\/div>\n\t\t\t\t\n<style>\n#col-1882709989 > .col-inner {\n  padding: 5px 15px 5px 15px;\n  margin: 0px 0px 0px 0px;\n}\n<\/style>\n\t<\/div>\n\n\t\n\n<\/div>\n<div class=\"row\"  id=\"row-1294494219\">\n\n\n\t<div id=\"col-1894127948\" class=\"col small-12 large-12\"  >\n\t\t\t\t<div class=\"col-inner\"  >\n\t\t\t\n\t\t\t\n\n<div class=\"message-box relative dark\" style=\"padding-top:15px;padding-bottom:15px;\"><div class=\"message-box-bg-image bg-fill fill\" ><\/div><div class=\"message-box-bg-overlay bg-fill fill\" style=\"background-color:rgb(27, 26, 70);\"><\/div><div class=\"container relative\"><div class=\"inner last-reset\">\n\n<div class=\"row align-middle align-center\"  id=\"row-1735220101\">\n\n\n\t<div id=\"col-939246996\" class=\"col medium-9 small-12 large-9\"  >\n\t\t\t\t<div class=\"col-inner\"  >\n\t\t\t\n\t\t\t\n\n<h2>Palka omale finantsjuht<\/h2>\n\n\t\t<\/div>\n\t\t\t\t\t<\/div>\n\n\t\n\n\t<div id=\"col-921400329\" class=\"col medium-3 small-12 large-3\"  >\n\t\t\t\t<div class=\"col-inner text-right\"  >\n\t\t\t\n\t\t\t\n\n<a href=\"https:\/\/grow.ee\/en\/contact-us\/\" class=\"button alert is-shade\" style=\"border-radius:8px;\">\n\t\t<span>CONTACT US<\/span>\n\t<\/a>\n\n\n\n\t\t<\/div>\n\t\t\t\t\n<style>\n#col-921400329 > .col-inner {\n  margin: 10px 0px 0px 0px;\n}\n<\/style>\n\t<\/div>\n\n\t\n\n<\/div>\n\n<\/div><\/div><\/div>\n\n\t\t<\/div>\n\t\t\t\t\t<\/div>\n\n\t\n\n<\/div>\n<div class=\"row\"  id=\"row-388979545\">\n\n\n\t<div id=\"col-282964600\" class=\"col medium-6 small-12 large-6\"  >\n\t\t\t\t<div class=\"col-inner\"  >\n\t\t\t\n\t\t\t\n\n<div class=\"wd-negative-gap elementor-element elementor-element-6061f4ed e-flex e-con-boxed e-con e-parent\" data-particle_enable=\"false\" data-particle-mobile-disabled=\"false\" data-id=\"6061f4ed\" data-element_type=\"container\">\n<div class=\"e-con-inner\">\n<div class=\"elementor-element elementor-element-81b1074 elementor-widget elementor-widget-heading\" data-id=\"81b1074\" data-element_type=\"widget\" data-widget_type=\"heading.default\">\n<div class=\"elementor-widget-container\">\n<h2 class=\"elementor-heading-title elementor-size-default\">Finantsjuhi teenus on ettev\u00f5tetele, kes:<\/h2>\n<\/div>\n<\/div>\n<\/div>\n<\/div>\n<div class=\"wd-negative-gap elementor-element elementor-element-5019e54a e-flex e-con-boxed e-con e-parent\" data-particle_enable=\"false\" data-particle-mobile-disabled=\"false\" data-id=\"5019e54a\" data-element_type=\"container\">\n<div class=\"e-con-inner\">\n<div class=\"elementor-element elementor-element-4faba2de e-con-full e-flex e-con e-child\" data-particle_enable=\"false\" data-particle-mobile-disabled=\"false\" data-id=\"4faba2de\" data-element_type=\"container\">\n<div class=\"elementor-element elementor-element-0fd0d11 elementor-icon-list--layout-traditional elementor-list-item-link-full_width elementor-widget elementor-widget-icon-list\" data-id=\"0fd0d11\" data-element_type=\"widget\" data-widget_type=\"icon-list.default\">\n<div class=\"elementor-widget-container\">\n<ul class=\"elementor-icon-list-items\">\n<li class=\"elementor-icon-list-item\"><i class=\"fas fa-check-circle\" aria-hidden=\"true\"><\/i><span class=\"elementor-icon-list-text\">seisavad silmitsi finantseksperdi oskuste v\u00f5i ressursside piiratusega<\/span><\/li>\n<li class=\"elementor-icon-list-item\"><i class=\"fas fa-check-circle\" aria-hidden=\"true\"><\/i><span class=\"elementor-icon-list-text\">on parema andmekvaliteedi ja parendatud aruandlusprotsesside otsingul<\/span><\/li>\n<li class=\"elementor-icon-list-item\"><i class=\"fas fa-check-circle\" aria-hidden=\"true\"><\/i><span class=\"elementor-icon-list-text\">soovivad finantsriske t\u00f5husalt leevendada<\/span><\/li>\n<li class=\"elementor-icon-list-item\"><i class=\"fas fa-check-circle\" aria-hidden=\"true\"><\/i><span class=\"elementor-icon-list-text\">p\u00fc\u00fcavad lihtsustada finantsprotsesse<\/span><\/li>\n<li class=\"elementor-icon-list-item\"><i class=\"fas fa-check-circle\" aria-hidden=\"true\"><\/i><span class=\"elementor-icon-list-text\">vajavad osakoormusega finantsjuhtimist<\/span><\/li>\n<li class=\"elementor-icon-list-item\"><i class=\"fas fa-check-circle\" aria-hidden=\"true\"><\/i><span class=\"elementor-icon-list-text\">vajavad \u00fclevaadet v\u00f5imalikest finantsstsenaariumidest<\/span><\/li>\n<li class=\"elementor-icon-list-item\"><i class=\"fas fa-check-circle\" aria-hidden=\"true\"><\/i><span class=\"elementor-icon-list-text\">otsivad t\u00e4pseid finantsprognoose<\/span><\/li>\n<\/ul>\n<\/div>\n<\/div>\n<\/div>\n<\/div>\n<\/div>\n\n\t\t<\/div>\n\t\t\t\t\t<\/div>\n\n\t\n\n\t<div id=\"col-733128207\" class=\"col medium-6 small-12 large-6\"  >\n\t\t\t\t<div class=\"col-inner\"  >\n\t\t\t\n\t\t\t\n\n\t<div class=\"img has-hover x md-x lg-x y md-y lg-y\" id=\"image_1455499337\">\n\t\t\t\t\t\t\t\t<div class=\"img-inner image-cover dark\" style=\"padding-top:69.25%;\">\n\t\t\t<img loading=\"lazy\" decoding=\"async\" width=\"848\" height=\"848\" src=\"https:\/\/grow.ee\/wp-content\/uploads\/2024\/05\/Finantsjuht-CFO.webp\" class=\"attachment-original size-original\" alt=\"\" srcset=\"https:\/\/grow.ee\/wp-content\/uploads\/2024\/05\/Finantsjuht-CFO.webp 848w, https:\/\/grow.ee\/wp-content\/uploads\/2024\/05\/Finantsjuht-CFO-300x300.webp 300w, https:\/\/grow.ee\/wp-content\/uploads\/2024\/05\/Finantsjuht-CFO-720x720.webp 720w, https:\/\/grow.ee\/wp-content\/uploads\/2024\/05\/Finantsjuht-CFO-150x150.webp 150w, https:\/\/grow.ee\/wp-content\/uploads\/2024\/05\/Finantsjuht-CFO-768x768.webp 768w\" sizes=\"auto, (max-width: 848px) 100vw, 848px\" \/>\t\t\t\t\t\t\n\t\t\t\t\t<\/div>\n\t\t\t\t\t\t\t\t\n<style>\n#image_1455499337 {\n  width: 100%;\n}\n<\/style>\n\t<\/div>\n\t\n\n\n\t\t<\/div>\n\t\t\t\t\t<\/div>\n\n\t\n\n<\/div>","protected":false},"excerpt":{"rendered":"","protected":false},"author":10,"featured_media":0,"parent":9004,"menu_order":0,"comment_status":"closed","ping_status":"closed","template":"page-blank.php","meta":{"footnotes":""},"class_list":["post-8848","page","type-page","status-publish","hentry"],"_links":{"self":[{"href":"https:\/\/grow.ee\/en\/wp-json\/wp\/v2\/pages\/8848","targetHints":{"allow":["GET"]}}],"collection":[{"href":"https:\/\/grow.ee\/en\/wp-json\/wp\/v2\/pages"}],"about":[{"href":"https:\/\/grow.ee\/en\/wp-json\/wp\/v2\/types\/page"}],"author":[{"embeddable":true,"href":"https:\/\/grow.ee\/en\/wp-json\/wp\/v2\/users\/10"}],"replies":[{"embeddable":true,"href":"https:\/\/grow.ee\/en\/wp-json\/wp\/v2\/comments?post=8848"}],"version-history":[{"count":48,"href":"https:\/\/grow.ee\/en\/wp-json\/wp\/v2\/pages\/8848\/revisions"}],"predecessor-version":[{"id":15105,"href":"https:\/\/grow.ee\/en\/wp-json\/wp\/v2\/pages\/8848\/revisions\/15105"}],"up":[{"embeddable":true,"href":"https:\/\/grow.ee\/en\/wp-json\/wp\/v2\/pages\/9004"}],"wp:attachment":[{"href":"https:\/\/grow.ee\/en\/wp-json\/wp\/v2\/media?parent=8848"}],"curies":[{"name":"wp","href":"https:\/\/api.w.org\/{rel}","templated":true}]}}