{"id":7226,"date":"2022-03-01T07:32:16","date_gmt":"2022-03-01T07:32:16","guid":{"rendered":"https:\/\/grow.ee\/?page_id=7226"},"modified":"2026-04-02T11:10:30","modified_gmt":"2026-04-02T08:10:30","slug":"accounting-service","status":"publish","type":"page","link":"https:\/\/grow.ee\/en\/raamatupidamisteenus\/","title":{"rendered":"Accountancy service"},"content":{"rendered":"<h1 style=\"text-align: center;\" data-pm-slice=\"1 1 []\">Accountancy service<\/h1>\n<h2><strong>Accounting services for businesses of all sizes<\/strong><\/h2>\n<p>Careful and accurate accounting is essential for both businesses and individuals. <a href=\"https:\/\/grow.ee\/en\/services\/e-residency\/\" target=\"_blank\" rel=\"noopener noreferrer\">e-residents<\/a> as the foundation of financial health. This is not only due to legal requirements, but also to the need to understand your company&#039;s financial situation, which plays a critical role in assessing the development of the company. Regular reporting on income, expenses, variable costs and the balance sheet provides the necessary information that helps shape the future of the company and make strategic management decisions. This is precisely why it is important to make a decision at this point whether to do your own accounting or choose an accounting service instead.<\/p>\n<h3><strong>Additional services beyond standard accounting<\/strong><\/h3>\n<p>In addition to managing the core accounting services, our team also offers a wide range of additional services.<\/p>\n<h4><strong>Document management<\/strong><\/h4>\n<p>We ensure the correct storage and archiving of documents.<\/p>\n<h4><strong>Salary calculation<\/strong><\/h4>\n<p>We are working <a href=\"https:\/\/grow.ee\/en\/services\/payroll\/\" target=\"_blank\" rel=\"noopener noreferrer\">salary<\/a>-, additional payments, and holiday pay.<\/p>\n<h4><strong>Accounting for sick leave and vacations<\/strong><\/h4>\n<p>We take care of the calculation of employees&#039; sick days and vacation reserves.<\/p>\n<h4><strong>Exchange of information with the Tax Board<\/strong><\/h4>\n<p>We act as an intermediary between the company and the Tax Board.<\/p>\n<h4><strong>Coordination with the Health Insurance Fund<\/strong><\/h4>\n<p>We help with procedures related to the health insurance fund.<\/p>\n<h3><strong>We make your business even smoother<\/strong><\/h3>\n<h4><strong>Reports with important indicators<\/strong><\/h4>\n<p>We will send you a monthly report, providing a quick and valuable overview of your company&#039;s current situation.<\/p>\n<h4><strong>We make it easy to come to us<\/strong><\/h4>\n<p>If necessary, we will help you organize your accounting for previous periods.<\/p>\n<h4><strong>Advice and support<\/strong><\/h4>\n<p>We answer questions quickly and offer expert advice. <a href=\"https:\/\/grow.ee\/en\/services\/legal-advice\/\" target=\"_blank\" rel=\"noopener noreferrer\">also help with legal matters<\/a>.<\/p>\n<h4><strong>Business consulting<\/strong><\/h4>\n<p>We provide advice on the company&#039;s financial activities, including <a href=\"https:\/\/grow.ee\/en\/services\/raising-capital\/\" target=\"_blank\" rel=\"noopener noreferrer\">raising capital<\/a> and in the event of company mergers.<\/p>\n<h4><strong>Registration as a VAT payer<\/strong><\/h4>\n<p>We help with registration and other procedures to ensure that VAT is paid correctly.<\/p>\n<h4><strong>Preparation and submission of the annual report<\/strong><\/h4>\n<p>The professional accounting services offered by the Grow Finance team are designed to manage the cash flow of companies of all sizes and support their development, while being available to answer any questions you may have. Among other things, we also assist with the preparation of the annual report.<\/p>\n<h2><strong>When to buy accounting services?<\/strong><\/h2>\n<h3><strong>Self-made accounting<\/strong><\/h3>\n<p>A small business owner can often handle accounting well on their own, especially if they have an education in accounting or economics. Accounting consultation or participation in training helps to create clarity and may be enough to get a clear overview and fulfill their small business accounting obligations themselves.<\/p>\n<p>In all this, it is important to understand that <a href=\"https:\/\/grow.ee\/en\/services\/accounting\/\" target=\"_blank\" rel=\"noopener noreferrer\"><u>accounting<\/u><\/a> requires great attention to detail and thoroughness, and it can become more difficult as the company grows.<\/p>\n<h3><strong>External accounting service<\/strong><\/h3>\n<p>As your business expands and your accounting tasks become more complex, it&#039;s time to consider whether to outsource your accounting services or continue on your own. This will allow you to focus on growing your business and other important strategic tasks.<\/p>\n<p>By trusting accounting professionals, you can be confident that your financial accounting and tax obligations will be fulfilled correctly.<\/p>\n<p>Outsourcing accounting services may make sense if:<\/p>\n<ul>\n<li>\n<p>your main priority is growing the business and optimizing resources;<\/p>\n<\/li>\n<li>\n<p>the complexity of the company requires the use of additional accounting skills and software;<\/p>\n<\/li>\n<li>\n<p>there is a need for international expansion and knowledge of tax laws in different countries;<\/p>\n<\/li>\n<li>\n<p>You are dealing with large amounts of money and need assurance that all financial transactions are correct.<\/p>\n<\/li>\n<\/ul>\n<p>By using a professional accounting service, you can reduce risks and ensure that financial reporting is reliable.<\/p>\n<p>Hiring professionals allows you to use tax benefits more effectively and provides a base for solving more complex financial issues.<\/p>\n<p>Although you may have decided to take care of your own accounting, it may still be useful to consult with a professional accountant to gain a better understanding of the legal requirements and necessary actions, and to seek advice if necessary.<\/p>\n<p>However, if you prefer to entrust your accounting work to an experienced accountant, Grow Finance offers you its support!<\/p>\n<a href=\"https:\/\/grow.ee\/en\/services\/raamatupidamisteenuse_paketid\/\" class=\"button primary\" >\n\t\t<span>CHECK THE PACKAGES<\/span>\n\t<\/a>\n\n\n<header class=\"entry-header\">\n<div class=\"entry-header-text entry-header-text-top text-center\">\n<h1 class=\"entry-title\" style=\"text-align: left;\">The price of accounting services and the factors that determine it<\/h1>\n<\/div>\n<\/header>\n<div class=\"entry-content single-page\">\n<p>T\u00e4nu kaasaegsetele lahendustele on raamatupidamine muutunud nii palju lihtsamaks, et raamatupidamisteenuse sisseostmine tasub \u00e4ra nii v\u00e4ikestel mikroettev\u00f5tetel kui ka suurtel kontsernidel. Kaasaegsel raamatupidajal on vaja p\u00f5hjalike teadmisi IT, maksude, raamatupidamise, \u00f5igusteaduse ja tarkvara juurutamise vallas ning sageli juhtub, et lisaks t\u00e4idab raamatupidaja veel juhatuse assistendi rolli. Seega ei ole neil juhtudel eraldi spetsialisti palgal hoidmine p\u00f5hjendatud ja\u00a0<strong>m\u00f5istlikum on teenust sisse osta<\/strong>, sest ka sisse ostetava raamatupidamisteenuse hind on eraldi t\u00f6\u00f6taja palkamise ja koolitamisega v\u00f5rreldes m\u00f5istlikum.<\/p>\n<h2>Kuidas raamatupidamisteenuse hind kujuneb<\/h2>\n<p>Raamatupidaja palkamise asemel teenust sisse ostes on ettev\u00f5tetel tegelikult p\u00e4ris suur valik ja teenuse\u00a0<strong>hinda kujundavad paljuski just erinevad lisateenused<\/strong>. N\u00e4iteks pakuvad kaasaegsed ettev\u00f5tted erineva tarkvara kasutamise v\u00f5imalust ja ka\u00a0<a href=\"https:\/\/grow.ee\/en\/services\/accounting\/\"><em>online\u00a0<\/em>raamatupidamise<\/a>\u00a0teenust, mis on\u00a0<strong>100% paberivaba ja turvaliselt varundatud<\/strong>. Laias laastus v\u00f5ib teenused jagada kaheks suuremaks r\u00fchmaks, millest raamatupidamisteenuse hinna kujunemine s\u00f5ltub.<\/p>\n<ul>\n<li>P\u00f5hilisemaid tegevusi ja seadustest tulenevaid kohustusi kattev\u00a0<strong>baasteenus<\/strong>, mis peamiselt kannab hoolt selle eest, et ettev\u00f5tte maksuarvestus oleks korrektne, et vajalikud deklaratsioonid jmt dokumendid oleksid n\u00f5uetekohaselt esitatud ja et koostatud oleks k\u00f5ik peamised aruanded. Baasteenuse hind p\u00f5hineb kas esitatavate dokumentide (arved, kviitungid, saatelehed jpm) ehk tehtavate kannete hulgal \u00fches kuus v\u00f5i on m\u00e4\u00e4ratud kokkuleppelise fikseeritud tasuga.<\/li>\n<li>Sellele aga lisanduvad sageli v\u00e4ga erinevad\u00a0<strong>lisateenused<\/strong>, mis s\u00f5ltuvad olulisel m\u00e4\u00e4ral ettev\u00f5tte suurusest ja tegevusalast. Siin tekivad suuremad erinevused teenuse hinnas, sest igas ettev\u00f5ttes on erinev hulk palgat\u00f6\u00f6tajaid, kelle kohta on tarvis arvestust pidada. Ettev\u00f5tetes erinevad ka p\u00f5hivahendite kasutamine ja vajadus lepingute vmt dokumentide koostamise j\u00e4rele.<\/li>\n<\/ul>\n<h2>Kas valida raamatupidamisteenuse pakkuja vaid hinna j\u00e4rgi?<\/h2>\n<p>Soovitatavalt mitte, sest sarnaselt paljule muule kehtib siingi igip\u00f5line kvaliteedi ja kvantiteedi konflikt. Odava hinna eest ei ole lihtsalt v\u00f5imalik saada head, kaasaegset ja k\u00f5igile soovidele vastavat tulemust.<\/p>\n<p>Seet\u00f5ttu ei tasuks valida teenusepakkujat vaid selle j\u00e4rgi, milline on raamatupidamisteenuse hind. Hea raamatupidaja on t\u00e4nasel p\u00e4eval\u00a0<strong>midagi enamat kui vaid oma kitsale valdkonnale keskendunud spetsialist<\/strong>. Therefore, when choosing a service provider, one should keep in mind the added value offered, including the use of several modern programs, the development of special solutions for the client, and the ability to think \u201coutside the box\u201d.<\/p>\n<p>Kindlasti on ettev\u00f5tete tegevust toetavaks lahenduseks ka\u00a0<strong>heal tasemel andmeanal\u00fc\u00fcs\u00a0<\/strong>ja kliendile pakutavad majandustegevust toetavad graafikud, joonised ja kokkuv\u00f5tted. Kui teil on raskusi raamatupidamisteenuse osutaja valimisega, siis soovitame teil tutvuda meie n\u00e4pun\u00e4idetega selles osas,\u00a0<a href=\"https:\/\/grow.ee\/en\/?p=470\">mida panna t\u00e4hele raamatupidaja valimisel<\/a>.<\/p>\n<p>Kui tekkis k\u00fcsimusi, mille osas saaks Grow meeskond tagasisidet anda, v\u00f5ta julgelt \u00fchendust kirjutades aadressile\u00a0<a href=\"mailto:info@grow.ee\">info@grow.ee<\/a><\/p>\n<\/div>","protected":false},"excerpt":{"rendered":"","protected":false},"author":10,"featured_media":0,"parent":0,"menu_order":0,"comment_status":"closed","ping_status":"closed","template":"","meta":{"footnotes":""},"class_list":["post-7226","page","type-page","status-publish","hentry"],"_links":{"self":[{"href":"https:\/\/grow.ee\/en\/wp-json\/wp\/v2\/pages\/7226","targetHints":{"allow":["GET"]}}],"collection":[{"href":"https:\/\/grow.ee\/en\/wp-json\/wp\/v2\/pages"}],"about":[{"href":"https:\/\/grow.ee\/en\/wp-json\/wp\/v2\/types\/page"}],"author":[{"embeddable":true,"href":"https:\/\/grow.ee\/en\/wp-json\/wp\/v2\/users\/10"}],"replies":[{"embeddable":true,"href":"https:\/\/grow.ee\/en\/wp-json\/wp\/v2\/comments?post=7226"}],"version-history":[{"count":3,"href":"https:\/\/grow.ee\/en\/wp-json\/wp\/v2\/pages\/7226\/revisions"}],"predecessor-version":[{"id":15314,"href":"https:\/\/grow.ee\/en\/wp-json\/wp\/v2\/pages\/7226\/revisions\/15314"}],"wp:attachment":[{"href":"https:\/\/grow.ee\/en\/wp-json\/wp\/v2\/media?parent=7226"}],"curies":[{"name":"wp","href":"https:\/\/api.w.org\/{rel}","templated":true}]}}