{"id":6949,"date":"2021-11-29T08:55:36","date_gmt":"2021-11-29T08:55:36","guid":{"rendered":"https:\/\/grow.ee\/?page_id=6949"},"modified":"2025-08-13T08:24:51","modified_gmt":"2025-08-13T05:24:51","slug":"accounting-service-for-our-clients","status":"publish","type":"page","link":"https:\/\/grow.ee\/en\/raamatupidamisteenus-meie-klientidele\/","title":{"rendered":"Accounting service for our clients"},"content":{"rendered":"<div>\r\n<p>Grow Finance O\u00dc is a company offering accounting solutions with long-term experience. Grow is known as a brand <strong>since 2000<\/strong>. Today, being an international group <strong>GGI<\/strong> member (www.ggi.com), we can offer our customers a versatile and <strong>world class<\/strong> recognized service.<\/p>\r\n<p>Serving approx <strong>800<\/strong> <strong>a satisfied customer<\/strong>, we are <strong>reliable<\/strong> partner for you too.<\/p>\r\n<p>We offer accounting services to start-up entrepreneurs from <strong>149\u20ac<\/strong> month, plus VAT 20%.<\/p>\r\n<p style=\"padding-bottom: 0 !important;\"><strong>The monthly fee includes monthly:<\/strong><\/p>\r\n<ol>\r\n<li>input of original documents (up to 25 original documents);<\/li>\r\n<li>sales invoice preparation environment and e-invoice support;<\/li>\r\n<li>if necessary, accounting advice up to 15 minutes per month;<\/li>\r\n<li>reporting.<br \/><br \/><\/li>\r\n<\/ol>\r\n<p style=\"padding-bottom: 0 !important;\"><strong>Additional services:<\/strong><\/p>\r\n<ul>\r\n<li>payroll <strong>10\u20ac<\/strong> per employee;<\/li>\r\n<li>each additional source document <strong>\u20ac2 each<\/strong> (<em>in the case of a consolidated report (e.g. sales report), a special price is agreed upon<\/em>);<\/li>\r\n<li>if necessary, submission of tax declarations (TSD and VAT declaration) at a price <strong>30\u20ac\/pc<\/strong>;<\/li>\r\n<li>preparation of the financial year report for the price of one month&#039;s accounting service;<\/li>\r\n<li>preparing payments to the bank with a frequency of once a week from <strong>25\u20ac per month<\/strong>;<\/li>\r\n<li>economic software that takes into account the specifics of the company, invoice confirmation circle and bank interface;<\/li>\r\n<li>tax advice at a price <strong>120\u20ac per hour<\/strong>;<\/li>\r\n<li>other additional services according to the customer&#039;s request at a price <strong>\u20ac55 per hour.<\/strong><\/li>\r\n<\/ul>\r\n<p>&nbsp;<\/p>\r\n<p>Grow Finance has the right to charge an accounting setup fee, which is the amount of one monthly fee, but no more than <strong>250\u20ac<\/strong>.<\/p>\r\n<p>We perform accounting 100% paperless, so all original documents can be either e-invoices, pdf invoices or image files. During the contract period <strong>we archive <\/strong>original documents for you <strong>and we take care of their preservation until the deadline prescribed by law.<\/strong><\/p>\r\n<p>To ensure your security, we have signed a liability insurance contract for the amount <strong>150 000<\/strong> euros, which compensates for the damage caused by our mistake.<\/p>\r\n<p>If our offer suits you, confirm the offer and we will contact you.<\/p>\r\n\r\n\r\n\r\n<p style=\"text-align: center;\"><a class=\"button\" href=\"https:\/\/grow.ee\/en\/i-confirm-the-offer\/\" rel=\"noopener\">I confirm the offer<\/a><\/p>\r\n\r\n\r\n\r\n<p>If the needs of your company do not fit within the limits included in our packages, please contact us by filling out a separate form <a href=\"https:\/\/grow.ee\/en\/piss-off-offer\/\">here<\/a>. We will review your wishes and prepare a personal offer for you!<\/p>\r\n\r\n\r\n\r\n<p class=\"has-text-align-center\"><strong>Grow Finance O\u00dc<\/strong><br \/>Veskiposti 2 (AVALA commercial buildings, Electra 10th floor)<br \/>10138 Tallinn<br \/>Tel:\u00a0<a href=\"tel:\/\/+37256293090\">+372 5629 3090<\/a><br \/>e-mail:\u00a0<a href=\"mailto:info@grow.ee\">info@grow.ee<\/a><\/p>\r\n\r\n\r\n\r\n<div class=\"wp-block-columns is-layout-flex wp-container-core-columns-is-layout-9d6595d7 wp-block-columns-is-layout-flex\">\r\n<div class=\"wp-block-column is-layout-flow wp-block-column-is-layout-flow\">\r\n<div class=\"wp-block-image\">\r\n<figure class=\"alignright size-large\"><img loading=\"lazy\" decoding=\"async\" width=\"200\" height=\"200\" class=\"wp-image-6960\" src=\"https:\/\/grow.ee\/wp-content\/uploads\/2021\/11\/EESTI-MAKSUMAKSJATE-LIIT-MTU-1.jpg\" alt=\"\" srcset=\"https:\/\/grow.ee\/wp-content\/uploads\/2021\/11\/EESTI-MAKSUMAKSJATE-LIIT-MTU-1.jpg 200w, https:\/\/grow.ee\/wp-content\/uploads\/2021\/11\/EESTI-MAKSUMAKSJATE-LIIT-MTU-1-150x150.jpg 150w, https:\/\/grow.ee\/wp-content\/uploads\/2021\/11\/EESTI-MAKSUMAKSJATE-LIIT-MTU-1-100x100.jpg 100w\" sizes=\"auto, (max-width: 200px) 100vw, 200px\" \/><\/figure>\r\n<\/div>\r\n<\/div>\r\n\r\n\r\n\r\n<div class=\"wp-block-column is-layout-flow wp-block-column-is-layout-flow\">\r\n<div class=\"wp-block-image\">\r\n<figure class=\"alignleft size-large\"><img loading=\"lazy\" decoding=\"async\" width=\"229\" height=\"200\" class=\"wp-image-6963\" src=\"https:\/\/grow.ee\/wp-content\/uploads\/2021\/11\/Screenshot-2019-03-25-at-09.25.18-1.png\" alt=\"\" \/><\/figure>\r\n<\/div>\r\n<\/div>\r\n<\/div>\r\n<\/div>","protected":false},"excerpt":{"rendered":"<p>Grow Finance O\u00dc on pikaajalise kogemusega raamatupidamislahendusi pakkuv ettev\u00f5te. Grow on kaubam\u00e4rgina tuntud aastast 2000. T\u00e4nasel p\u00e4eval, olles rahvusvahelise grupi GGI liige (www.ggi.com), saame pakkuda oma klientidele mitmek\u00fclgset ja maailmatasemel tunnustatud teenust. Teenindades ligikaudu 800 rahulolevat klienti, oleme usaldusv\u00e4\u00e4rne partner ka Teile. Pakume alustavale ettev\u00f5tjale raamatupidamisteenust alates 149\u20ac kuu, millele lisandub k\u00e4ibemaks 20%. Kuutasu sisaldab [&#8230;]\n","protected":false},"author":10,"featured_media":0,"parent":0,"menu_order":0,"comment_status":"closed","ping_status":"closed","template":"","meta":{"footnotes":""},"class_list":["post-6949","page","type-page","status-publish","hentry"],"_links":{"self":[{"href":"https:\/\/grow.ee\/en\/wp-json\/wp\/v2\/pages\/6949","targetHints":{"allow":["GET"]}}],"collection":[{"href":"https:\/\/grow.ee\/en\/wp-json\/wp\/v2\/pages"}],"about":[{"href":"https:\/\/grow.ee\/en\/wp-json\/wp\/v2\/types\/page"}],"author":[{"embeddable":true,"href":"https:\/\/grow.ee\/en\/wp-json\/wp\/v2\/users\/10"}],"replies":[{"embeddable":true,"href":"https:\/\/grow.ee\/en\/wp-json\/wp\/v2\/comments?post=6949"}],"version-history":[{"count":1,"href":"https:\/\/grow.ee\/en\/wp-json\/wp\/v2\/pages\/6949\/revisions"}],"predecessor-version":[{"id":14876,"href":"https:\/\/grow.ee\/en\/wp-json\/wp\/v2\/pages\/6949\/revisions\/14876"}],"wp:attachment":[{"href":"https:\/\/grow.ee\/en\/wp-json\/wp\/v2\/media?parent=6949"}],"curies":[{"name":"wp","href":"https:\/\/api.w.org\/{rel}","templated":true}]}}