{"id":5976,"date":"2020-03-17T12:35:56","date_gmt":"2020-03-17T12:35:56","guid":{"rendered":"https:\/\/grow.ee\/?page_id=5976"},"modified":"2025-01-21T10:32:15","modified_gmt":"2025-01-21T07:32:15","slug":"granting-tax-authority-access-rights","status":"publish","type":"page","link":"https:\/\/grow.ee\/en\/juhendid\/maksuameti-ligipaasuoiguste-tegemine\/","title":{"rendered":"Making tax board access rights"},"content":{"rendered":"<strong>EMTA Authorization Guide<\/strong>\r\n\r\n&nbsp;\r\n\r\nLog in to EMTA as a business customer Select the category &quot;<em>Settings<\/em>\u201c\r\n\r\n<img loading=\"lazy\" decoding=\"async\" class=\"alignnone size-medium wp-image-5979\" src=\"https:\/\/grow.ee\/wp-content\/uploads\/2020\/03\/Picture1-145x300.png\" alt=\"\" width=\"145\" height=\"300\" srcset=\"https:\/\/grow.ee\/wp-content\/uploads\/2020\/03\/Picture1-145x300.png 145w, https:\/\/grow.ee\/wp-content\/uploads\/2020\/03\/Picture1.png 316w\" sizes=\"auto, (max-width: 145px) 100vw, 145px\" \/>\r\n\r\nNext, select a subheading <em>&quot;representative access rights&quot;<\/em>\r\n\r\n<img loading=\"lazy\" decoding=\"async\" class=\"alignnone size-medium wp-image-5980\" src=\"https:\/\/grow.ee\/wp-content\/uploads\/2020\/03\/Picture2-300x277.png\" alt=\"\" width=\"300\" height=\"277\" srcset=\"https:\/\/grow.ee\/wp-content\/uploads\/2020\/03\/Picture2-300x277.png 300w, https:\/\/grow.ee\/wp-content\/uploads\/2020\/03\/Picture2.png 537w\" sizes=\"auto, (max-width: 300px) 100vw, 300px\" \/>\r\n\r\nOn the right, add a new access right\r\n\r\n<img loading=\"lazy\" decoding=\"async\" class=\"alignnone wp-image-5981\" src=\"https:\/\/grow.ee\/wp-content\/uploads\/2020\/03\/Picture3-300x38.png\" alt=\"\" width=\"482\" height=\"61\" srcset=\"https:\/\/grow.ee\/wp-content\/uploads\/2020\/03\/Picture3-300x38.png 300w, https:\/\/grow.ee\/wp-content\/uploads\/2020\/03\/Picture3.png 656w\" sizes=\"auto, (max-width: 482px) 100vw, 482px\" \/>\r\n\r\nEnter the user&#039;s registration code, which is <strong>Grow Finance O\u00dc registry number 11627587<\/strong> and select \u201c<em>search<\/em>&quot; and then press &quot;<em>forward<\/em>\u201c\r\n\r\n<img loading=\"lazy\" decoding=\"async\" class=\"alignnone size-medium wp-image-5982\" src=\"https:\/\/grow.ee\/wp-content\/uploads\/2020\/03\/Picture4png-300x70.png\" alt=\"\" width=\"300\" height=\"70\" srcset=\"https:\/\/grow.ee\/wp-content\/uploads\/2020\/03\/Picture4png-300x70.png 300w, https:\/\/grow.ee\/wp-content\/uploads\/2020\/03\/Picture4png.png 702w\" sizes=\"auto, (max-width: 300px) 100vw, 300px\" \/>\r\n\r\n<img loading=\"lazy\" decoding=\"async\" class=\"alignnone size-medium wp-image-5983\" src=\"https:\/\/grow.ee\/wp-content\/uploads\/2020\/03\/Picture5-300x175.png\" alt=\"\" width=\"300\" height=\"175\" srcset=\"https:\/\/grow.ee\/wp-content\/uploads\/2020\/03\/Picture5-300x175.png 300w, https:\/\/grow.ee\/wp-content\/uploads\/2020\/03\/Picture5.png 702w\" sizes=\"auto, (max-width: 300px) 100vw, 300px\" \/>\r\n\r\nOn the new page, select \u201c<strong>search<\/strong>&quot;. A selection of different rights packages will appear below, select \u201c<strong>Package of the authorized representative of the legal entity<\/strong>&quot; and<strong>\u00a0<\/strong>press \u201c<em>add<\/em>\u201c<strong>.<\/strong>\r\n\r\n&nbsp;\r\n\r\n<img loading=\"lazy\" decoding=\"async\" class=\"alignnone size-full wp-image-8060\" src=\"https:\/\/grow.ee\/wp-content\/uploads\/2023\/08\/Naidis-est.png\" alt=\"\" width=\"605\" height=\"284\" srcset=\"https:\/\/grow.ee\/wp-content\/uploads\/2023\/08\/Naidis-est.png 605w, https:\/\/grow.ee\/wp-content\/uploads\/2023\/08\/Naidis-est-300x141.png 300w\" sizes=\"auto, (max-width: 605px) 100vw, 605px\" \/>\r\n\r\n&nbsp;\r\n\r\n&nbsp;\r\n\r\nFinally, check again whether the right to Grow Finance O\u00dc has been created under the representatives&#039; access rights. If it exists, then everything is fine.\r\n\r\n&nbsp;","protected":false},"excerpt":{"rendered":"<p>EMTA \u00f5iguste andmise juhend &nbsp; Sisenege EMTAsse \u00e4rikliendi rollis Valige rubriik \u201eSeaded\u201c Edasi valige alamrubriik \u201eesindajate p\u00e4\u00e4su\u00f5igused\u201c Paremalt poolt lisage uus p\u00e4\u00e4su\u00f5igus Sisestage kasutaja registrikood, milleks on Grow Finance O\u00dc registrinumber 11627587 ja valige \u201eotsi\u201c ning seej\u00e4rel vajutage \u201eedasi\u201c Uuel lehel valige &#8220;otsi&#8220;. Alla tekib valik erinevate \u00f5iguste pakettidest, valige &#8220;Juriidilise isiku volitatud esindaja pakett&#8221; [&#8230;]\n","protected":false},"author":3,"featured_media":0,"parent":5972,"menu_order":0,"comment_status":"closed","ping_status":"closed","template":"","meta":{"footnotes":""},"class_list":["post-5976","page","type-page","status-publish","hentry"],"_links":{"self":[{"href":"https:\/\/grow.ee\/en\/wp-json\/wp\/v2\/pages\/5976","targetHints":{"allow":["GET"]}}],"collection":[{"href":"https:\/\/grow.ee\/en\/wp-json\/wp\/v2\/pages"}],"about":[{"href":"https:\/\/grow.ee\/en\/wp-json\/wp\/v2\/types\/page"}],"author":[{"embeddable":true,"href":"https:\/\/grow.ee\/en\/wp-json\/wp\/v2\/users\/3"}],"replies":[{"embeddable":true,"href":"https:\/\/grow.ee\/en\/wp-json\/wp\/v2\/comments?post=5976"}],"version-history":[{"count":1,"href":"https:\/\/grow.ee\/en\/wp-json\/wp\/v2\/pages\/5976\/revisions"}],"predecessor-version":[{"id":14590,"href":"https:\/\/grow.ee\/en\/wp-json\/wp\/v2\/pages\/5976\/revisions\/14590"}],"up":[{"embeddable":true,"href":"https:\/\/grow.ee\/en\/wp-json\/wp\/v2\/pages\/5972"}],"wp:attachment":[{"href":"https:\/\/grow.ee\/en\/wp-json\/wp\/v2\/media?parent=5976"}],"curies":[{"name":"wp","href":"https:\/\/api.w.org\/{rel}","templated":true}]}}