{"id":5691,"date":"2017-11-07T13:37:33","date_gmt":"2017-11-07T13:37:33","guid":{"rendered":"https:\/\/grow.ee\/front-page\/"},"modified":"2024-05-15T13:08:57","modified_gmt":"2024-05-15T13:08:57","slug":"front-page-3","status":"publish","type":"page","link":"https:\/\/grow.ee\/en\/front-page-3\/","title":{"rendered":"Front page"},"content":{"rendered":"<p>Finantsteenused kasvavale ettev\u00f5ttele\t\t\t\t<\/p>\n<h1>Grow Finance \u2013 parimad finantsspetsialistid on j\u00f5ud \u00fchendanud!<\/h1>\n<p>\t\t\t<a href=\"\/raamatupidamisteenuse-paketid-2\/\"><br \/>\n\t\t\t\t\t\t\t\t\tTUTVU GROW PAKETTIDEGA<br \/>\n\t\t\t\t\t<\/a><br \/>\n\t\t\t\t\tMILLEGA ME TEGELEME?\t\t\t\t<\/p>\n<h3>Meie finantsteenused<\/h3>\n<h3><a href=\"https:\/\/grow.ee\/teenused\/raamatupidamine\/\">Raamatupidamine<\/a><\/h3>\n<p><a href=\"https:\/\/grow.ee\/teenused\/raamatupidamine\/\">H\u00e4sti korraldatud raamatupidamisteenus annab \u00e4rijuhtidele v\u00f5imaluse n\u00e4ha nii ettev\u00f5tte sees kui ka selle \u00fcmber toimuvat.<\/a><\/p>\n<p>\t\t\t\t\t\t\t<a  href=\"https:\/\/grow.ee\/teenused\/raamatupidamine\/\"><br \/>\n\t\t\t\t\t\t\t\t<img loading=\"lazy\" width=\"88\" height=\"72\" src=\"https:\/\/grow.ee\/wp-content\/uploads\/2024\/02\/palgaarvestus-1.png\" alt=\"palgaarvestus\" decoding=\"async\" \/>\t\t\t\t\t\t\t<\/a><br \/>\n\t\t\t\t\t\t\t<a  href=\"https:\/\/grow.ee\/teenused\/cfo-teenus\/\"><br \/>\n\t\t\t\t\t\t\t\t<img loading=\"lazy\" width=\"450\" height=\"450\" src=\"https:\/\/grow.ee\/wp-content\/uploads\/2024\/02\/juhtimine.png\" alt=\"juhtimine\" decoding=\"async\" srcset=\"https:\/\/grow.ee\/wp-content\/uploads\/2024\/02\/juhtimine.png 450w, https:\/\/grow.ee\/wp-content\/uploads\/2024\/02\/juhtimine-300x300.png 300w, https:\/\/grow.ee\/wp-content\/uploads\/2024\/02\/juhtimine-150x150.png 150w\" sizes=\"auto, (max-width: 450px) 100vw, 450px\" \/>\t\t\t\t\t\t\t<\/a><\/p>\n<h2><a href=\"https:\/\/grow.ee\/teenused\/cfo-teenus\/\">Finantsjuhi (CFO) teenus<\/a><\/h2>\n<p><a href=\"https:\/\/grow.ee\/teenused\/cfo-teenus\/\">Meie v\u00e4lised CFO teenused annavad juurdep\u00e4\u00e4su kogenud spetsialistidele, kes pakuvad strateegilist finantsn\u00f5u murdosa hinnaga v\u00f5rreldes palgalise finantsjuhiga.<\/a><\/p>\n<h2><a href=\"https:\/\/grow.ee\/teenused\/palgaarvestus\/\">Palgaarvestus<\/a><\/h2>\n<p><a href=\"https:\/\/grow.ee\/teenused\/palgaarvestus\/\">Palgaarvestus h\u00f5lmab lisaks erinevatele seadusemuudatustele ja protsesside uuendamisele ka erinevaid tasuliike, mille muudatustega peab kursis olema.<\/a><\/p>\n<p>\t\t\t\t\t\t\t<a  href=\"https:\/\/grow.ee\/teenused\/palgaarvestus\/\"><br \/>\n\t\t\t\t\t\t\t\t<img loading=\"lazy\" width=\"77\" height=\"81\" src=\"https:\/\/grow.ee\/wp-content\/uploads\/2024\/02\/arianaluutika.png\" alt=\"arianaluutika\" decoding=\"async\" \/>\t\t\t\t\t\t\t<\/a><br \/>\n\t\t\t\t\t\t\t<a  href=\"https:\/\/grow.ee\/teenused\/arianaluutika\/\"><br \/>\n\t\t\t\t\t\t\t\t<img loading=\"lazy\" width=\"488\" height=\"300\" src=\"https:\/\/grow.ee\/wp-content\/uploads\/2024\/02\/2023_raamatupidamine_white_transparent2.png\" alt=\"2023 raamatupidamine white transparent2\" decoding=\"async\" srcset=\"https:\/\/grow.ee\/wp-content\/uploads\/2024\/02\/2023_raamatupidamine_white_transparent2.png 488w, https:\/\/grow.ee\/wp-content\/uploads\/2024\/02\/2023_raamatupidamine_white_transparent2-300x184.png 300w\" sizes=\"auto, (max-width: 488px) 100vw, 488px\" \/>\t\t\t\t\t\t\t<\/a><\/p>\n<h2><a href=\"https:\/\/grow.ee\/teenused\/arianaluutika\/\">\u00c4rianal\u00fc\u00fctika<\/a><\/h2>\n<p><a href=\"https:\/\/grow.ee\/teenused\/arianaluutika\/\">Grow spetsialistid kasutavad tipptasemel tehnoloogiat ja t\u00f6\u00f6riistu, et anal\u00fc\u00fcsida teie ettev\u00f5tte andmeid ning luua tegevusplaanid, mis aitavad teil saavutada oma eesm\u00e4rke.<\/a><\/p>\n<h2><a href=\"https:\/\/grow.ee\/teenused\/maksunoustamine\/\">Maksun\u00f5ustamine<\/a><\/h2>\n<p><a href=\"https:\/\/grow.ee\/teenused\/maksunoustamine\/\">Parim lahendus maksudega kursis olemisel, firma maksukulude optimeerimisel ja juhtimisel on professionaalne maksun\u00f5ustamine.<\/a><\/p>\n<p>\t\t\t\t\t\t\t<a  href=\"https:\/\/grow.ee\/teenused\/maksunoustamine\/\"><br \/>\n\t\t\t\t\t\t\t\t<img loading=\"lazy\" decoding=\"async\"  alt=\"juhtimine\" src=\"https:\/\/grow.ee\/wp-content\/uploads\/2024\/02\/juhtimine.svg\" title=\"juhtimine\" width=\"3000\" height=\"3000\">\t\t\t\t\t\t\t<\/a><br \/>\n\t\t\t\t\t\t\t<a  href=\"https:\/\/grow.ee\/teenused\/kapitali-kaasamine\/\"><br \/>\n\t\t\t\t\t\t\t\t<img loading=\"lazy\" width=\"49\" height=\"72\" src=\"https:\/\/grow.ee\/wp-content\/uploads\/2024\/02\/kapitali-kaasamine.png\" alt=\"kapitali kaasamine\" decoding=\"async\" \/>\t\t\t\t\t\t\t<\/a><\/p>\n<h2><a href=\"https:\/\/grow.ee\/teenused\/kapitali-kaasamine\/\">Kapitali kaasamine<\/a><\/h2>\n<p><a href=\"https:\/\/grow.ee\/teenused\/kapitali-kaasamine\/\">Olgu selleks \u00e4ritegevuse laiendamine v\u00f5i \u00fcmberkujundamine, omandamine v\u00f5i kapitalistruktuuri muutmine, aitame leida rahastust selle finantseerimiseks.<\/a><\/p>\n<p>\t\t\t\t\t\t\t<a  href=\"https:\/\/grow.ee\/teenused\/raamatupidamine\/\"><br \/>\n\t\t\t\t\t\t\t\t<img loading=\"lazy\" width=\"86\" height=\"71\" src=\"https:\/\/grow.ee\/wp-content\/uploads\/2023\/09\/Icon7-1.png\" alt=\"\" decoding=\"async\" \/>\t\t\t\t\t\t\t<\/a><\/p>\n<h2>Raamatupidamine<\/h2>\n<p><a href=\"https:\/\/grow.ee\/services\/raamatupidamine\/\">H\u00e4sti korraldatud raamatupidamisteenus annab \u00e4rijuhtidele v\u00f5imaluse n\u00e4ha nii ettev\u00f5tte sees kui ka selle \u00fcmber toimuvat.<\/a><\/p>\n<p>\t\t\t\t\t\t\t<a  href=\"https:\/\/grow.ee\/teenused\/raamatupidamine\/\"><br \/>\n\t\t\t\t\t\t\t\t<img loading=\"lazy\" width=\"86\" height=\"71\" src=\"https:\/\/grow.ee\/wp-content\/uploads\/2023\/09\/Icon7-1.png\" alt=\"\" decoding=\"async\" \/>\t\t\t\t\t\t\t<\/a><\/p>\n<h2>Finantsjuhi (CFO) teenus<\/h2>\n<p><a href=\"https:\/\/grow.ee\/services\/finantsjuhi-cfo-teenus\/\">Meie v\u00e4lised CFO teenused annavad juurdep\u00e4\u00e4su kogenud spetsialistidele, kes pakuvad strateegilist finantsn\u00f5u murdosa hinnaga v\u00f5rreldes palgalise finantsjuhiga.<\/a><\/p>\n<p>\t\t\t\t\t\t\t<a  href=\"https:\/\/grow.ee\/teenused\/raamatupidamine\/\"><br \/>\n\t\t\t\t\t\t\t\t<img loading=\"lazy\" width=\"88\" height=\"72\" src=\"https:\/\/grow.ee\/wp-content\/uploads\/2024\/02\/palgaarvestus-1.png\" alt=\"palgaarvestus\" decoding=\"async\" \/>\t\t\t\t\t\t\t<\/a><\/p>\n<h2>Palgaarvestus<\/h2>\n<p><a href=\"https:\/\/grow.ee\/services\/palgaarvestus\/\">Palgaarvestus h\u00f5lmab lisaks erinevatele seadusemuudatustele ja protsesside uuendamisele ka erinevaid tasuliike, mille muudatustega peab kursis olema.<\/a><\/p>\n<p>\t\t\t\t\t\t\t<a  href=\"https:\/\/grow.ee\/teenused\/raamatupidamine\/\"><br \/>\n\t\t\t\t\t\t\t\t<img loading=\"lazy\" width=\"77\" height=\"81\" src=\"https:\/\/grow.ee\/wp-content\/uploads\/2023\/09\/Icon3-1.png\" alt=\"\" decoding=\"async\" \/>\t\t\t\t\t\t\t<\/a><\/p>\n<h2>\u00c4rianal\u00fc\u00fctika<\/h2>\n<p><a href=\"https:\/\/grow.ee\/services\/arianaluutika\/\">Grow spetsialistid kasutavad tipptasemel tehnoloogiat ja t\u00f6\u00f6riistu, et anal\u00fc\u00fcsida teie ettev\u00f5tte andmeid ning luua tegevusplaanid, mis aitavad teil saavutada oma eesm\u00e4rke.<\/a><\/p>\n<p>\t\t\t\t\t\t\t<a  href=\"https:\/\/grow.ee\/teenused\/raamatupidamine\/\"><br \/>\n\t\t\t\t\t\t\t\t<img loading=\"lazy\" width=\"88\" height=\"72\" src=\"https:\/\/grow.ee\/wp-content\/uploads\/2024\/02\/palgaarvestus-1.png\" alt=\"palgaarvestus\" decoding=\"async\" \/>\t\t\t\t\t\t\t<\/a><\/p>\n<h2>Maksun\u00f5ustamine<\/h2>\n<p><a href=\"https:\/\/grow.ee\/services\/maksunoustamine\/\">Parim lahendus maksudega kursis olemisel, firma maksukulude optimeerimisel ja juhtimisel on professionaalne maksun\u00f5ustamine.<\/a><\/p>\n<p>\t\t\t\t\t\t\t<a  href=\"https:\/\/grow.ee\/teenused\/raamatupidamine\/\"><br \/>\n\t\t\t\t\t\t\t\t<img loading=\"lazy\" width=\"49\" height=\"72\" src=\"https:\/\/grow.ee\/wp-content\/uploads\/2023\/09\/Icon5-1.png\" alt=\"\" decoding=\"async\" \/>\t\t\t\t\t\t\t<\/a><\/p>\n<h2>Kapitali kaasamine<\/h2>\n<p><a href=\"https:\/\/grow.ee\/services\/kapitali-kaasamine\/\">Olgu selleks \u00e4ritegevuse laiendamine v\u00f5i \u00fcmberkujundamine, omandamine v\u00f5i kapitalistruktuuri muutmine, aitame leida rahastust selle finantseerimiseks.<\/a><\/p>\n<p><a style=\"color: #ffffff; text-decoration: underline;\" href=\"https:\/\/grow.ee\/meist\/meeskond\/\">Tutvu meie tiimiga\u200b!<\/a><\/p>\n<p>Grow Finance on pikaajalise kogemusega tulevikku vaatav innovaatiline ettev\u00f5te, meie tiimis on \u00fcle 50 v\u00f5imeka spetsialisti. Kuulume finantsteenuseid pakkuvasse \u00fchendusesse GGI Alliance, mis v\u00f5imaldab meil oma klientidele pakkuda tippklassi rahvusvahelist finantsteenust.<\/p>\n<link rel=\"stylesheet\" id=\"wd-el-video-css\" href=\"https:\/\/grow.ee\/wp-content\/themes\/woodmart\/css\/parts\/el-video.min.css?ver=7.4.3\" type=\"text\/css\" media=\"all\" \/>\n\t\t\t\t\t\t\t<iframe src=\"https:\/\/www.youtube.com\/embed\/VPerRtvMPvQ?feature=oembed&#038;loop=0&#038;mute=1&#038;controls=0\" allowfullscreen allow=\"accelerometer; autoplay; encrypted-media; gyroscope; picture-in-picture\" width=\"100%\" height=\"100%\" loading=\"lazy\"><\/iframe><br \/>\n\t\t\t\t\tGrow\t\t\t\t<\/p>\n<h4>Innovatiivne ja p\u00fchendunud<br \/>\nfinantsettev\u00f5te<\/h4>\n<style>\nbody {\n  font-family: 'Lato', sans-serif;\n}\n.firm-box {\n  display: flex;\n  flex-wrap: wrap;\n  justify-content: center;\n  margin-top: 40px;\n}\n.firm-content_outer {\n  padding: 20px 22px 0;\n  margin-top: 37px;\n  position: relative;\n  width: 400px; \/* Adjust as needed *\/\n  text-align: center;\n}\n.firm-content_outer h2 {\n  color: #191845;\n  font-size: 30px;\n  font-weight: 400;\n  margin-bottom: 15px;\n}\n.firm-content_outer img {\n  width: 84px; \/* Adjust as needed *\/\n  height: auto;\n}\n.firm-content_outer p {\n  color: #191845;\n  font-size: 16px; \/* Adjust as needed *\/\n}\n.red-line {\n  height: 3px;\n  width: 150px; \/* Adjust as needed *\/\n  background-color: red;\n  margin: 0 auto 20px;\n  margin-top: 20px;\n  background-color: #cf2e2e;\n}\n<\/style>\n<p><\/head><br \/>\n<body><br \/>\n  <!-- Begin Box --><br \/>\n    <img decoding=\"async\" src=\"https:\/\/grow.ee\/wp-content\/uploads\/2023\/09\/Icon7-1-1.png\" alt=\"Icon\"><\/p>\n<h2>Efektiivne<\/h2>\n<p>Grow kiired ja p\u00f5hjalikud finantsteenused s\u00e4\u00e4stavad Sinu v\u00e4\u00e4rtuslikku aega.<\/p>\n<p>    <img decoding=\"async\" src=\"https:\/\/grow.ee\/wp-content\/uploads\/2023\/09\/Icon7-1-1.png\" alt=\"Icon\"><\/p>\n<h2>Parem raporteerimine<\/h2>\n<p>Grow pakub Sulle selget \u00fclevaadet k\u00f5ige olulisematest ettev\u00f5tte finantsandmetest.<\/p>\n<p>    <img decoding=\"async\" src=\"https:\/\/grow.ee\/wp-content\/uploads\/2023\/09\/Icon7-1-1.png\" alt=\"Icon\"><\/p>\n<h2>Paindlik<\/h2>\n<p>Ulatuslik teadmiste ja kogemuste pagas ning v\u00f5imekas tarkvara leiab vastuse igale Sinu k\u00fcsimusele.<\/p>\n<p>  <!-- End Box --><br \/>\n  <!-- Repeat for other boxes --><br \/>\n  <!-- Begin Box --><br \/>\n    <img decoding=\"async\" src=\"https:\/\/grow.ee\/wp-content\/uploads\/2023\/09\/Icon7-1-1.png\" alt=\"Icon\"><\/p>\n<h2>Lisav\u00e4\u00e4rtused<\/h2>\n<p>N\u00f5ustame Sind parima raamatupidamistarkvara valikul ning vajadusel liidestame uue tarkvara juba olemasolevaga.<\/p>\n<p>    <img decoding=\"async\" src=\"https:\/\/grow.ee\/wp-content\/uploads\/2023\/09\/Icon7-1-1.png\" alt=\"Icon\"><\/p>\n<h2>\u00dcle 800 p\u00fcsikliendi<\/h2>\n<p>Pakume finantsteenuseid ning finantsalast n\u00f5ustamist igap\u00e4evaselt \u00fcle 800-le Eesti ja v\u00e4lismaa ettev\u00f5ttetele.<\/p>\n<p>    <img decoding=\"async\" src=\"https:\/\/grow.ee\/wp-content\/uploads\/2023\/09\/Icon7-1-1.png\" alt=\"Icon\"><\/p>\n<h2>Rahvusvaheline ulatus<\/h2>\n<p>Grow Finance on rahvusvahelisi finantsteenuseid pakkuvate ettev\u00f5tete \u00fchenduse GGI Alliance liige. Teeme koost\u00f6\u00f6d v\u00e4lismaiste ettev\u00f5tetega, kes soovivad Eesti turul tegutseda.<\/p>\n<p>  <!-- End Box --><br \/>\n  <!-- Repeat for other boxes --><br \/>\n<\/body>\t\t<\/p>\n<p>Finantsdokumentide p\u00f5hjad<\/p>\n<p>\t\t\t\t\t\t\t\t\t\t\t\t\t\t\t<img loading=\"lazy\" width=\"86\" height=\"71\" src=\"https:\/\/grow.ee\/wp-content\/uploads\/2024\/02\/Icon7-1-1.png\" alt=\"Icon7 1 1\" decoding=\"async\" \/>\t\t\t\t\t\t\t\t\t\t\t\t\t<\/p>\n<h2\t\t\t\t\t\tclass=\"info-box-title title box-title-style-default wd-fontsize-m\" data-elementor-setting-key=\"title\">\n\t\t\t\t\t\t\t\tJuhatuse liikme leping\t\t\t\t\t\t<\/h2>\n<p>\t\t\t<a  href=\"https:\/\/grow.ee\/wp-content\/uploads\/2023\/09\/Juhatuse-liikme-leping.doc\"><br \/>\n\t\t\t\t\tLae alla<br \/>\n\t\t\t\t\t\t\t<\/a><br \/>\n\t\t\t\t\t\t\t\t\t\t\t\t\t\t\t<img loading=\"lazy\" width=\"86\" height=\"71\" src=\"https:\/\/grow.ee\/wp-content\/uploads\/2023\/09\/Icon7-1-1.png\" alt=\"\" decoding=\"async\" \/>\t\t\t\t\t\t\t\t\t\t\t\t\t<\/p>\n<h2\t\t\t\t\t\tclass=\"info-box-title title box-title-style-default wd-fontsize-m\" data-elementor-setting-key=\"title\">\n\t\t\t\t\t\t\t\tJuhtimisteenuse osutamise leping\t\t\t\t\t\t<\/h2>\n<p>\t\t\t<a  href=\"https:\/\/grow.ee\/wp-content\/uploads\/2023\/09\/Juhtimisteenuse-osutamise-leping.doc\"><br \/>\n\t\t\t\t\tLae alla<br \/>\n\t\t\t\t\t\t\t<\/a><br \/>\n\t\t\t\t\t\t\t\t\t\t\t\t\t\t\t<img loading=\"lazy\" width=\"86\" height=\"71\" src=\"https:\/\/grow.ee\/wp-content\/uploads\/2023\/09\/Icon7-1-1.png\" alt=\"\" decoding=\"async\" \/>\t\t\t\t\t\t\t\t\t\t\t\t\t<\/p>\n<h2\t\t\t\t\t\tclass=\"info-box-title title box-title-style-default wd-fontsize-m\" data-elementor-setting-key=\"title\">\n\t\t\t\t\t\t\t\tK\u00e4sundusleping\t\t\t\t\t\t<\/h2>\n<p>\t\t\t<a  href=\"https:\/\/grow.ee\/wp-content\/uploads\/2023\/09\/Kasundusleping.doc\"><br \/>\n\t\t\t\t\tLae alla<br \/>\n\t\t\t\t\t\t\t<\/a><br \/>\n\t\t\t\t\t\t\t\t\t\t\t\t\t\t\t<img loading=\"lazy\" width=\"86\" height=\"71\" src=\"https:\/\/grow.ee\/wp-content\/uploads\/2023\/09\/Icon7-1-1.png\" alt=\"\" decoding=\"async\" \/>\t\t\t\t\t\t\t\t\t\t\t\t\t<\/p>\n<h2\t\t\t\t\t\tclass=\"info-box-title title box-title-style-default wd-fontsize-m\" data-elementor-setting-key=\"title\">\n\t\t\t\t\t\t\t\tT\u00f6\u00f6v\u00f5tuleping\t\t\t\t\t\t<\/h2>\n<p>\t\t\t<a  href=\"https:\/\/grow.ee\/wp-content\/uploads\/2023\/09\/Toovotuleping.doc\"><br \/>\n\t\t\t\t\tLae alla<br \/>\n\t\t\t\t\t\t\t<\/a><br \/>\n\t\t\t\t\t\t\t\t\t\t\t\t\t\t\t<img loading=\"lazy\" width=\"86\" height=\"71\" src=\"https:\/\/grow.ee\/wp-content\/uploads\/2023\/10\/Icon7-1-1.png\" alt=\"\" decoding=\"async\" \/>\t\t\t\t\t\t\t\t\t\t\t\t\t<\/p>\n<h2\t\t\t\t\t\tclass=\"info-box-title title box-title-style-default wd-fontsize-m\" data-elementor-setting-key=\"title\">\n\t\t\t\t\t\t\t\tAgendileping\t\t\t\t\t\t<\/h2>\n<p>\t\t\t<a  href=\"https:\/\/grow.ee\/wp-content\/uploads\/2023\/09\/Agendileping.doc\"><br \/>\n\t\t\t\t\tLae alla<br \/>\n\t\t\t\t\t\t\t<\/a><br \/>\n\t\t\t\t\t\t\t\t\t\t\t\t\t\t\t<img loading=\"lazy\" width=\"86\" height=\"71\" src=\"https:\/\/grow.ee\/wp-content\/uploads\/2023\/10\/Icon7-1-1.png\" alt=\"\" decoding=\"async\" \/>\t\t\t\t\t\t\t\t\t\t\t\t\t<\/p>\n<h2\t\t\t\t\t\tclass=\"info-box-title title box-title-style-default wd-fontsize-m\" data-elementor-setting-key=\"title\">\n\t\t\t\t\t\t\t\tLaenuleping\t\t\t\t\t\t<\/h2>\n<p>\t\t\t<a  href=\"https:\/\/grow.ee\/wp-content\/uploads\/2023\/09\/Laenuleping.doc\"><br \/>\n\t\t\t\t\tLae alla<br \/>\n\t\t\t\t\t\t\t<\/a><br \/>\n\t\tKontakt<br \/>\n\t\t\t\t\t\t\t\t<img loading=\"lazy\" width=\"50\" height=\"50\" src=\"https:\/\/grow.ee\/wp-content\/uploads\/2024\/02\/location-icon.png\" alt=\"location icon\" decoding=\"async\" \/><br \/>\n\t\t<a style=\"color: #ffffff;\" href=\"https:\/\/maps.app.goo.gl\/8x299MeY3K4s1cDF8\">Grow Finance O\u00dc &#8211; Veskiposti 2, Tallinn 10138 &#8211; Avala &#8211; Electra 10.korrus<\/a><br \/>\n\t\t\t\t\t\t\t\t<img loading=\"lazy\" width=\"50\" height=\"50\" src=\"https:\/\/grow.ee\/wp-content\/uploads\/2024\/02\/Icon-1.png\" alt=\"Icon 1\" decoding=\"async\" \/><br \/>\n\t\t<a style=\"color: #ffffff;\" href=\"mailto:info@grow.ee\">info@grow.ee<\/a><br \/>\n\t\t\t\t\t\t\t\t<img loading=\"lazy\" width=\"50\" height=\"50\" src=\"https:\/\/grow.ee\/wp-content\/uploads\/2024\/02\/Icon-2.png\" alt=\"Icon 2\" decoding=\"async\" \/><br \/>\n\t\t<a style=\"color: #ffffff;\" href=\"tel:372 5629 3090\">+372 5629 3090<\/a>\t\t<\/p>\n<h3>\n                                K\u00fcsi pakkumist!                            <\/h3>\n<p>                                Grow paneb Sinu \u00e4ri kasvama. \u00dchisest koost\u00f6\u00f6st v\u00f5rsub vaid see, mida Sina soovid ning kaasneb vabadus keskenduda oma ettev\u00f5tte p\u00f5hitegevusele.                            <\/p>\n<p class='gform_required_legend'>&quot;*&quot; indicates required fields<\/p>\n<form method='post' enctype='multipart\/form-data'  id='gform_39'  action='\/wp-admin\/admin-ajax.php' data-formid='39' novalidate>\n                        <label class='gfield_label gform-field-label' for='input_39_1'>Nimi*<\/label><input name='input_1' id='input_39_1' type='text' value='' class='large'    placeholder='Sisestage oma eesnimi' aria-required=\"true\" aria-invalid=\"false\"   \/> <label class='gfield_label gform-field-label' for='input_39_9'>Meiliaadress*<\/label><input name='input_9' id='input_39_9' type='text' value='' class='large'    placeholder='Sisestage oma e-posti aadress' aria-required=\"true\" aria-invalid=\"false\"   \/> <label class='gfield_label gform-field-label' for='input_39_6'>S\u00f5num*<\/label><textarea name='input_6' id='input_39_6' class='textarea medium'    placeholder='Sisestage s\u00f5num siia' aria-required=\"true\" aria-invalid=\"false\"   rows='10' cols='50'><\/textarea><\/p>\n<fieldset id=\"field_39_7\"  data-js-reload=\"field_39_7\" >\n<legend class='gfield_label gform-field-label screen-reader-text gfield_label_before_complex' ><\/legend>\n<p>\t\t\t\t\t\t\t\t<input class='gfield-choice-input' name='input_7.1' type='checkbox'  value='N\u00f5ustun ettev\u00f5tte Grow Finance &lt;a href=&quot;https:\/\/grow.ee\/privaatsuspoliitika\/&quot; target=&quot;_blank&quot;&gt; privaatsuspoliitikaga&lt;\/a&gt;'  id='choice_39_7_1'   \/><br \/>\n\t\t\t\t\t\t\t\t<label for='choice_39_7_1' id='label_39_7_1' class='gform-field-label gform-field-label--type-inline'>N\u00f5ustun ettev\u00f5tte Grow Finance <a href=\"https:\/\/grow.ee\/privaatsuspoliitika\/\" target=\"_blank\" rel=\"noopener\"> privaatsuspoliitikaga<\/a><\/label><br \/>\n\t\t\t\t\t\t\t<\/fieldset>\n<fieldset id=\"field_39_8\"  data-js-reload=\"field_39_8\" >\n<legend class='gfield_label gform-field-label screen-reader-text gfield_label_before_complex' ><\/legend>\n<p>\t\t\t\t\t\t\t\t<input class='gfield-choice-input' name='input_8.1' type='checkbox'  value='Annan n\u00f5usoleku Grow Finance&#039;ile Grow Finance&#039;i kohta uudiste saamiseks e-posti teel (NB! Saad oma n\u00f5usoleku alati tagasi v\u00f5tta)'  id='choice_39_8_1'   \/><br \/>\n\t\t\t\t\t\t\t\t<label for='choice_39_8_1' id='label_39_8_1' class='gform-field-label gform-field-label--type-inline'>Annan n\u00f5usoleku Grow Finance&#8217;ile Grow Finance&#8217;i kohta uudiste saamiseks e-posti teel (NB! Saad oma n\u00f5usoleku alati tagasi v\u00f5tta)<\/label><br \/>\n\t\t\t\t\t\t\t<\/fieldset>\n<p><label class='gfield_label gform-field-label' for='input_39_10'>Phone<\/label><input name='input_10' id='input_39_10' type='text' value='' autocomplete='new-password'\/>This field is for validation purposes and should be left unchanged.<br \/>\n         <input type='submit' id='gform_submit_button_39' class='gform_button button' value='SAADA S\u00d5NUM'  onclick='if(window[\"gf_submitting_39\"]){return false;}  if( !jQuery(\"#gform_39\")[0].checkValidity || jQuery(\"#gform_39\")[0].checkValidity()){window[\"gf_submitting_39\"]=true;}  ' onkeypress='if( event.keyCode == 13 ){ if(window[\"gf_submitting_39\"]){return false;} if( !jQuery(\"#gform_39\")[0].checkValidity || jQuery(\"#gform_39\")[0].checkValidity()){window[\"gf_submitting_39\"]=true;}  jQuery(\"#gform_39\").trigger(\"submit\",[true]); }' \/><br \/>\n            <input type='hidden' class='gform_hidden' name='is_submit_39' value='1' \/><br \/>\n            <input type='hidden' class='gform_hidden' name='gform_submit' value='39' \/><br \/>\n            <input type='hidden' class='gform_hidden' name='gform_unique_id' value='' \/><br \/>\n            <input type='hidden' class='gform_hidden' name='state_39' value='WyJbXSIsImNlN2ZhMjFiYWU4Y2Q0MThkZDUyNmI3NGRhZTk1Y2NkIl0=' \/><br \/>\n            <input type='hidden' class='gform_hidden' name='gform_target_page_number_39' id='gform_target_page_number_39' value='0' \/><br \/>\n            <input type='hidden' class='gform_hidden' name='gform_source_page_number_39' id='gform_source_page_number_39' value='1' \/><br \/>\n            <input type='hidden' name='gform_field_values' value='' \/><br \/>\n                        <\/form>\n","protected":false},"excerpt":{"rendered":"<p>Finantsteenused kasvavale ettev\u00f5ttele Grow Finance \u2013 parimad finantsspetsialistid on j\u00f5ud \u00fchendanud! TUTVU GROW PAKETTIDEGA MILLEGA ME TEGELEME? Meie finantsteenused Raamatupidamine H\u00e4sti korraldatud raamatupidamisteenus annab \u00e4rijuhtidele v\u00f5imaluse n\u00e4ha nii ettev\u00f5tte sees kui ka selle \u00fcmber toimuvat. Finantsjuhi (CFO) teenus Meie v\u00e4lised CFO teenused annavad juurdep\u00e4\u00e4su kogenud spetsialistidele, kes pakuvad strateegilist finantsn\u00f5u murdosa hinnaga v\u00f5rreldes palgalise finantsjuhiga. [&#8230;]\n","protected":false},"author":1,"featured_media":0,"parent":0,"menu_order":0,"comment_status":"closed","ping_status":"closed","template":"elementor_header_footer","meta":{"footnotes":""},"class_list":["post-5691","page","type-page","status-publish","hentry"],"_links":{"self":[{"href":"https:\/\/grow.ee\/en\/wp-json\/wp\/v2\/pages\/5691","targetHints":{"allow":["GET"]}}],"collection":[{"href":"https:\/\/grow.ee\/en\/wp-json\/wp\/v2\/pages"}],"about":[{"href":"https:\/\/grow.ee\/en\/wp-json\/wp\/v2\/types\/page"}],"author":[{"embeddable":true,"href":"https:\/\/grow.ee\/en\/wp-json\/wp\/v2\/users\/1"}],"replies":[{"embeddable":true,"href":"https:\/\/grow.ee\/en\/wp-json\/wp\/v2\/comments?post=5691"}],"version-history":[{"count":39,"href":"https:\/\/grow.ee\/en\/wp-json\/wp\/v2\/pages\/5691\/revisions"}],"predecessor-version":[{"id":13698,"href":"https:\/\/grow.ee\/en\/wp-json\/wp\/v2\/pages\/5691\/revisions\/13698"}],"wp:attachment":[{"href":"https:\/\/grow.ee\/en\/wp-json\/wp\/v2\/media?parent=5691"}],"curies":[{"name":"wp","href":"https:\/\/api.w.org\/{rel}","templated":true}]}}