{"id":5038,"date":"2018-04-23T13:53:14","date_gmt":"2018-04-23T13:53:14","guid":{"rendered":"https:\/\/grow.ee\/?page_id=5038"},"modified":"2024-02-18T21:05:06","modified_gmt":"2024-02-18T21:05:06","slug":"other","status":"publish","type":"page","link":"https:\/\/grow.ee\/en\/muud\/","title":{"rendered":"Other"},"content":{"rendered":"<style>\/*! elementor - v3.19.0 - 29-01-2024 *\/\n.elementor-heading-title{padding:0;margin:0;line-height:1}.elementor-widget-heading .elementor-heading-title[class*=elementor-size-]>a{color:inherit;font-size:inherit;line-height:inherit}.elementor-widget-heading .elementor-heading-title.elementor-size-small{font-size:15px}.elementor-widget-heading .elementor-heading-title.elementor-size-medium{font-size:19px}.elementor-widget-heading .elementor-heading-title.elementor-size-large{font-size:29px}.elementor-widget-heading .elementor-heading-title.elementor-size-xl{font-size:39px}.elementor-widget-heading .elementor-heading-title.elementor-size-xxl{font-size:59px}<\/style>\n<h1>Muud<\/h1>\n<h2>Lepingud<\/h2>\n<p><a style=\"color: #d10f28;\" href=\"https:\/\/grow.ee\/wp-content\/uploads\/2012\/10\/Juhatuse-liikme-leping.doc\">Juhatuse liikme leping<\/a><br \/><a style=\"color: #d10f28;\" href=\"https:\/\/grow.ee\/wp-content\/uploads\/2012\/10\/Juhtimisteenuse-osutamise-leping.doc\">Juhtimisteenuse osutamise leping<\/a><br \/><a style=\"color: #d10f28;\" href=\"https:\/\/grow.ee\/wp-content\/uploads\/2012\/10\/Kasundusleping.doc\">K\u00e4sundusleping<\/a><br \/><a style=\"color: #d10f28;\" href=\"https:\/\/grow.ee\/wp-content\/uploads\/2012\/10\/Toovotuleping.doc\">T\u00f6\u00f6v\u00f5tuleping<\/a><br \/><a style=\"color: #d10f28;\" href=\"https:\/\/grow.ee\/wp-content\/uploads\/2012\/10\/Agendileping.doc\">Agendileping<\/a><br \/><a style=\"color: #d10f28;\" href=\"https:\/\/grow.ee\/wp-content\/uploads\/2012\/10\/Laenuleping.doc\">Laenuleping<\/a><\/p>\n<h2>V\u00f5lad<\/h2>\n<p><a style=\"color: #d10f28;\" href=\"https:\/\/grow.ee\/wp-content\/uploads\/2012\/10\/Meeldetuletus-esimene-lihtne-e-kiri.doc\">Meeldetuletus (esimene) lihtne e-kiri<\/a><br \/><a style=\"color: #d10f28;\" href=\"https:\/\/grow.ee\/wp-content\/uploads\/2012\/10\/Meeldetuletus-esimene-lihtne.doc\">Meeldetuletus (esimene) lihtne<\/a><br \/><a style=\"color: #d10f28;\" href=\"https:\/\/grow.ee\/wp-content\/uploads\/2012\/10\/Meeldetuletus-esimene.doc\">Meeldetuletus (esimene)<\/a><br \/><a style=\"color: #d10f28;\" href=\"https:\/\/grow.ee\/wp-content\/uploads\/2012\/10\/Meeldetuletus-korduv-arvete-loeteluga.doc\">Meeldetuletus (korduv) arvete loeteluga<\/a><br \/><a style=\"color: #d10f28;\" href=\"https:\/\/grow.ee\/wp-content\/uploads\/2012\/10\/Meeldetuletus-korduv-viivisega.doc\">Meeldetuletus (korduv) viivisega<\/a><br \/><a style=\"color: #d10f28;\" href=\"https:\/\/grow.ee\/wp-content\/uploads\/2012\/10\/Meeldetuletus-korduv.doc\">Meeldetuletus (korduv)<\/a><\/p>\n<h2>Pretensioonid<\/h2>\n<p><a style=\"color: #d10f28;\" href=\"https:\/\/grow.ee\/wp-content\/uploads\/2012\/10\/Reklamatsioon-kahjunoudega.doc\">Reklamatsioon kahjun\u00f5udega<\/a><\/p>\n<h2>Omakapital eurodesse<\/h2>\n<p><a style=\"color: #d10f28;\" href=\"https:\/\/grow.ee\/wp-content\/uploads\/2011\/05\/Omakapital-eurodesse-kandeavalduse-juhend.pdf\">Omakapitali konverteerimise kandeavalduse juhend<\/a><br \/><a style=\"color: #d10f28;\" href=\"https:\/\/grow.ee\/wp-content\/uploads\/2012\/10\/Ainuosaniku-otsus-osakapital-eurodesse.doc\">Ainuosaniku otsus omakapitali konverteerimisest eurodesse<\/a><br \/><a style=\"color: #d10f28;\" href=\"https:\/\/grow.ee\/wp-content\/uploads\/2012\/10\/Osanike-otsus-osakapital-eurodesse.doc\">Osanike otsus omakapitali konverteerimisest eurodesse<\/a><br \/><a style=\"color: #d10f28;\" href=\"https:\/\/grow.ee\/wp-content\/uploads\/2012\/10\/Pohikiri.doc\">P\u00f5hikiri eurodes omakapitaliga<\/a><\/p>\n<h2>Osanike otsused<\/h2>\n<p><a style=\"color: #d10f28;\" href=\"https:\/\/grow.ee\/wp-content\/uploads\/2012\/10\/Ainuosaniku-otsus-juhatuse-liikme-tagasikutsumisest.doc\">Ainuosaniku otsus juhatuse liikme tagasikutsumisest<\/a><br \/><a style=\"color: #d10f28;\" href=\"https:\/\/grow.ee\/wp-content\/uploads\/2012\/10\/Ainuosaniku-otsus-arinime-muutmisest.doc\">Ainuosaniku otsus \u00e4rinime muutmisest<\/a><\/p>\n<h2>Muud lepingud<\/h2>\n<p><a style=\"color: #d10f28;\" href=\"https:\/\/grow.ee\/wp-content\/uploads\/2012\/10\/Komisjonileping.doc\">Komisjonileping<\/a><br \/><a style=\"color: #d10f28;\" href=\"https:\/\/grow.ee\/wp-content\/uploads\/2012\/10\/Kasutusvalduse-leping.doc\">Kasutusvalduse leping<\/a><br \/><a style=\"color: #d10f28;\" href=\"https:\/\/grow.ee\/wp-content\/uploads\/2012\/10\/Autorileping.doc\">Autorileping<\/a><br \/><a style=\"color: #d10f28;\" href=\"https:\/\/grow.ee\/wp-content\/uploads\/2012\/10\/Mitteeluruumi-uurileping.doc\">Mitteeluruumi \u00fc\u00fcrileping<\/a><br \/><a style=\"color: #d10f28;\" href=\"https:\/\/grow.ee\/wp-content\/uploads\/2012\/10\/Mitteeluruumi-rendileping-sisult-yyrileping.doc\">Mitteeluruumi rendileping (sisult \u00fc\u00fcrileping)<\/a><br \/><a style=\"color: #d10f28;\" href=\"https:\/\/grow.ee\/wp-content\/uploads\/2012\/10\/Lepingu-lopetamise-teade.doc\">Lepingu l\u00f5petamise teade<\/a><\/p>\n","protected":false},"excerpt":{"rendered":"<p>Muud Lepingud Juhatuse liikme lepingJuhtimisteenuse osutamise lepingK\u00e4sunduslepingT\u00f6\u00f6v\u00f5tulepingAgendilepingLaenuleping V\u00f5lad Meeldetuletus (esimene) lihtne e-kiriMeeldetuletus (esimene) lihtneMeeldetuletus (esimene)Meeldetuletus (korduv) arvete loetelugaMeeldetuletus (korduv) viivisegaMeeldetuletus (korduv) Pretensioonid Reklamatsioon kahjun\u00f5udega Omakapital eurodesse Omakapitali konverteerimise kandeavalduse juhendAinuosaniku otsus omakapitali konverteerimisest eurodesseOsanike otsus omakapitali konverteerimisest eurodesseP\u00f5hikiri eurodes omakapitaliga Osanike otsused Ainuosaniku otsus juhatuse liikme tagasikutsumisestAinuosaniku otsus \u00e4rinime muutmisest Muud lepingud KomisjonilepingKasutusvalduse lepingAutorilepingMitteeluruumi \u00fc\u00fcrilepingMitteeluruumi [&#8230;]\n","protected":false},"author":10,"featured_media":0,"parent":0,"menu_order":0,"comment_status":"closed","ping_status":"closed","template":"","meta":{"footnotes":""},"class_list":["post-5038","page","type-page","status-publish","hentry"],"_links":{"self":[{"href":"https:\/\/grow.ee\/en\/wp-json\/wp\/v2\/pages\/5038","targetHints":{"allow":["GET"]}}],"collection":[{"href":"https:\/\/grow.ee\/en\/wp-json\/wp\/v2\/pages"}],"about":[{"href":"https:\/\/grow.ee\/en\/wp-json\/wp\/v2\/types\/page"}],"author":[{"embeddable":true,"href":"https:\/\/grow.ee\/en\/wp-json\/wp\/v2\/users\/10"}],"replies":[{"embeddable":true,"href":"https:\/\/grow.ee\/en\/wp-json\/wp\/v2\/comments?post=5038"}],"version-history":[{"count":0,"href":"https:\/\/grow.ee\/en\/wp-json\/wp\/v2\/pages\/5038\/revisions"}],"wp:attachment":[{"href":"https:\/\/grow.ee\/en\/wp-json\/wp\/v2\/media?parent=5038"}],"curies":[{"name":"wp","href":"https:\/\/api.w.org\/{rel}","templated":true}]}}