{"id":5035,"date":"2018-04-23T13:41:57","date_gmt":"2018-04-23T13:41:57","guid":{"rendered":"https:\/\/grow.ee\/?page_id=5035"},"modified":"2024-02-18T21:05:47","modified_gmt":"2024-02-18T21:05:47","slug":"right","status":"publish","type":"page","link":"https:\/\/grow.ee\/en\/toooigus\/","title":{"rendered":"Labour law"},"content":{"rendered":"<style>\/*! elementor - v3.19.0 - 29-01-2024 *\/\n.elementor-heading-title{padding:0;margin:0;line-height:1}.elementor-widget-heading .elementor-heading-title[class*=elementor-size-]>a{color:inherit;font-size:inherit;line-height:inherit}.elementor-widget-heading .elementor-heading-title.elementor-size-small{font-size:15px}.elementor-widget-heading .elementor-heading-title.elementor-size-medium{font-size:19px}.elementor-widget-heading .elementor-heading-title.elementor-size-large{font-size:29px}.elementor-widget-heading .elementor-heading-title.elementor-size-xl{font-size:39px}.elementor-widget-heading .elementor-heading-title.elementor-size-xxl{font-size:59px}<\/style>\n<h1>T\u00f6\u00f6\u00f5igus<\/h1>\n<h2>T\u00f6\u00f6leping<\/h2>\n<p><a style=\"color: #d10f28;\" href=\"https:\/\/grow.ee\/wp-content\/uploads\/2012\/10\/Tooleping.doc\">T\u00f6\u00f6leping<\/a><br \/><a style=\"color: #d10f28;\" href=\"https:\/\/grow.ee\/wp-content\/uploads\/2012\/10\/Toolepingu-tingimuste-muutmine.doc\">T\u00f6\u00f6lepingu tingimuste muutmine<\/a><br \/><a style=\"color: #d10f28;\" href=\"https:\/\/grow.ee\/wp-content\/uploads\/2012\/10\/Toolepingu-ulesutlemise-avaldus.doc\">T\u00f6\u00f6lepingu \u00fcles\u00fctlemise avaldus<\/a><br \/><a style=\"color: #d10f28;\" href=\"https:\/\/grow.ee\/wp-content\/uploads\/2012\/10\/Toolepingu-erakorraline-ulesutlemine-tootajast-tuleneval-pohjusel.doc\">T\u00f6\u00f6lepingu erakorraline \u00fcles\u00fctlemine t\u00f6\u00f6tajast tuleneval p\u00f5hjusel<\/a><\/p>\n<h2>\u00a0<\/h2>\n<h2>Puhkus<\/h2>\n<p><a style=\"color: #d10f28;\" href=\"https:\/\/grow.ee\/wp-content\/uploads\/2012\/10\/Puhkuse-avaldus.doc\">Puhkuse avaldus<\/a><br \/><a style=\"color: #d10f28;\" href=\"https:\/\/grow.ee\/wp-content\/uploads\/2012\/10\/Puhkuse-ja-lapsepuhkuse-avaldus.doc\">Puhkuse ja lapsepuhkuse avaldus<\/a><\/p>\n<h2>\u00a0<\/h2>\n<h2>Muud<\/h2>\n<p><a style=\"color: #d10f28;\" href=\"https:\/\/grow.ee\/wp-content\/uploads\/2012\/10\/Tookorralduse-reeglid.doc\">T\u00f6\u00f6korralduse reeglid<\/a><br \/><a style=\"color: #d10f28;\" href=\"https:\/\/grow.ee\/wp-content\/uploads\/2012\/10\/Koolituskulude-huvitamise-kokkulepe.doc\">Koolituskulude h\u00fcvitamise kokkulepe<\/a><br \/><a style=\"color: #d10f28;\" href=\"https:\/\/grow.ee\/wp-content\/uploads\/2012\/10\/Hoiatus.doc\">Hoiatus<\/a><\/p>\n","protected":false},"excerpt":{"rendered":"<p>T\u00f6\u00f6\u00f5igus T\u00f6\u00f6leping T\u00f6\u00f6lepingT\u00f6\u00f6lepingu tingimuste muutmineT\u00f6\u00f6lepingu \u00fcles\u00fctlemise avaldusT\u00f6\u00f6lepingu erakorraline \u00fcles\u00fctlemine t\u00f6\u00f6tajast tuleneval p\u00f5hjusel \u00a0 Puhkus Puhkuse avaldusPuhkuse ja lapsepuhkuse avaldus \u00a0 Muud T\u00f6\u00f6korralduse reeglidKoolituskulude h\u00fcvitamise kokkulepeHoiatus<\/p>","protected":false},"author":10,"featured_media":0,"parent":0,"menu_order":0,"comment_status":"closed","ping_status":"closed","template":"","meta":{"footnotes":""},"class_list":["post-5035","page","type-page","status-publish","hentry"],"_links":{"self":[{"href":"https:\/\/grow.ee\/en\/wp-json\/wp\/v2\/pages\/5035","targetHints":{"allow":["GET"]}}],"collection":[{"href":"https:\/\/grow.ee\/en\/wp-json\/wp\/v2\/pages"}],"about":[{"href":"https:\/\/grow.ee\/en\/wp-json\/wp\/v2\/types\/page"}],"author":[{"embeddable":true,"href":"https:\/\/grow.ee\/en\/wp-json\/wp\/v2\/users\/10"}],"replies":[{"embeddable":true,"href":"https:\/\/grow.ee\/en\/wp-json\/wp\/v2\/comments?post=5035"}],"version-history":[{"count":0,"href":"https:\/\/grow.ee\/en\/wp-json\/wp\/v2\/pages\/5035\/revisions"}],"wp:attachment":[{"href":"https:\/\/grow.ee\/en\/wp-json\/wp\/v2\/media?parent=5035"}],"curies":[{"name":"wp","href":"https:\/\/api.w.org\/{rel}","templated":true}]}}