{"id":14748,"date":"2025-04-01T16:49:46","date_gmt":"2025-04-01T13:49:46","guid":{"rendered":"https:\/\/grow.ee\/?page_id=14748"},"modified":"2025-12-19T14:30:20","modified_gmt":"2025-12-19T11:30:20","slug":"payroll","status":"publish","type":"page","link":"https:\/\/grow.ee\/en\/teenused\/palgaarvestused\/","title":{"rendered":"Payroll"},"content":{"rendered":"<div class=\"banner has-hover\" id=\"banner-632686125\">\n          <div class=\"banner-inner fill\">\n        <div class=\"banner-bg fill\" >\n            <img loading=\"lazy\" decoding=\"async\" width=\"720\" height=\"403\" src=\"https:\/\/grow.ee\/wp-content\/uploads\/2024\/05\/Digitaalne-raamatupidamine-Grow-2-720x403.webp\" class=\"bg attachment-large size-large\" alt=\"\" \/>                        <div class=\"overlay\"><\/div>            \n                    <\/div>\n\t\t\n        <div class=\"banner-layers container\">\n            <div class=\"fill banner-link\"><\/div>            \n\n   <div id=\"text-box-75956478\" class=\"text-box banner-layer x50 md-x50 lg-x50 y50 md-y50 lg-y50 res-text\">\n                                <div class=\"text-box-content text dark\">\n              \n              <div class=\"text-inner text-center\">\n                  \n\n<h3 class=\"uppercase\"><strong><span style=\"color: #1b1a46;\">Palgaarvestus annab meelerahu<\/span><\/strong><\/h3>\n<p><span style=\"color: #57595d; font-size: 120%;\">Palgaarvestus on kriitiline ja d\u00fcnaamiline protsess, mis n\u00f5uab pidevat seadusemuudatustega kursis olemist, et tagada ettev\u00f5tte sujuv toimimine ja t\u00f6\u00f6tajate rahulolu.<\/span><\/p>\n<a href=\"https:\/\/grow.ee\/en\/piss-off-offer-payroll\/\" class=\"button alert is-shade\" style=\"border-radius:8px;\">\n\t\t<span>SEND APPLICATION<\/span>\n\t<\/a>\n\n\n\n              <\/div>\n           <\/div>\n                            \n<style>\n#text-box-75956478 {\n  margin: 0px 0px 0px 0px;\n  width: 60%;\n}\n#text-box-75956478 .text-box-content {\n  background-color: rgba(255, 255, 255, 0.884);\n  border-radius: 10px;\n  font-size: 100%;\n}\n#text-box-75956478 .text-inner {\n  padding: 5px 15px 5px 15px;\n}\n<\/style>\n    <\/div>\n \n\n        <\/div>\n      <\/div>\n\n            \n<style>\n#banner-632686125 {\n  padding-top: 500px;\n}\n#banner-632686125 .overlay {\n  background-color: rgba(0, 0, 0, 0.17);\n}\n<\/style>\n  <\/div>\n\n\n<div class=\"row\"  id=\"row-1948956904\">\n\n\n\t<div id=\"col-2014956823\" class=\"col small-12 large-12\"  >\n\t\t\t\t<div class=\"col-inner\"  >\n\t\t\t\n\t\t\t\n\n<div class=\"elementor-element elementor-element-6eceeed0 elementor-widget elementor-widget-heading\" data-id=\"6eceeed0\" data-element_type=\"widget\" data-widget_type=\"heading.default\">\n<div class=\"elementor-widget-container\">\n<h2 class=\"elementor-heading-title elementor-size-default\">Miks valida palgaarvestuse jaoks Grow?<\/h2>\n<\/div>\n<\/div>\n<div class=\"elementor-element elementor-element-133353b6 color-scheme-inherit text-left elementor-widget elementor-widget-text-editor\" data-id=\"133353b6\" data-element_type=\"widget\" data-widget_type=\"text-editor.default\">\n<div class=\"elementor-widget-container\">\n<p>V\u00e4liste partnerite valimine palgaarvestuse jaoks t\u00e4hendab, et saate alati kasutada kaasaegset palgaarvestustarkvara, olla kindel \u00f5igeaegse ja t\u00e4pse teenuse osutamises, isikuandmete \u00f5igusp\u00e4rase t\u00f6\u00f6tlemises, andmete konfidentsiaalsuses ja teenuses, mis p\u00f5hineb seadusel.<\/p>\n<\/div>\n<\/div>\n\n\t\t<\/div>\n\t\t\t\t\t<\/div>\n\n\t\n\n\t<div id=\"col-608926608\" class=\"col medium-6 small-12 large-6\"  >\n\t\t\t\t<div class=\"col-inner\" style=\"background-color:rgb(232, 237, 244);\" >\n\t\t\t\n\t<div class=\"is-border\"\n\t\tstyle=\"border-color:rgb(210, 35, 42);border-radius:8px;border-width:0px 0px 0px 5px;\">\n\t<\/div>\n\t\t\t\n\n<div class=\"elementor-element elementor-element-75071d77 elementor-widget elementor-widget-heading\" data-id=\"75071d77\" data-element_type=\"widget\" data-widget_type=\"heading.default\">\n<div class=\"elementor-widget-container\">\n<h3 class=\"elementor-heading-title elementor-size-default\" style=\"text-align: center;\">Palgaarvestuse muudatustega kursis olemine<\/h3>\n<hr \/>\n<\/div>\n<\/div>\n<div class=\"elementor-element elementor-element-100d8bd4 color-scheme-inherit text-left elementor-widget elementor-widget-text-editor\" data-id=\"100d8bd4\" data-element_type=\"widget\" data-widget_type=\"text-editor.default\">\n<div class=\"elementor-widget-container\">\n<p>Palgaarvestus on \u00fcks keerukamaid raamatupidamisprotsesse, kuna sellega kaasnevad lisaks erinevatele seadusemuudatustele ja protsessiuuendustele ka erinevat t\u00fc\u00fcpi tasustamine, millega peate end kursis hoidma.<\/p>\n<\/div>\n<\/div>\n\n\t\t<\/div>\n\t\t\t\t\n<style>\n#col-608926608 > .col-inner {\n  padding: 5px 15px 5px 15px;\n}\n<\/style>\n\t<\/div>\n\n\t\n\n\t<div id=\"col-193713942\" class=\"col medium-6 small-12 large-6\"  >\n\t\t\t\t<div class=\"col-inner\" style=\"background-color:rgb(232, 237, 244);\" >\n\t\t\t\n\t<div class=\"is-border\"\n\t\tstyle=\"border-color:rgb(210, 35, 42);border-radius:8px;border-width:0px 5px 0px 0px;\">\n\t<\/div>\n\t\t\t\n\n<div class=\"elementor-element elementor-element-75071d77 elementor-widget elementor-widget-heading\" data-id=\"75071d77\" data-element_type=\"widget\" data-widget_type=\"heading.default\">\n<div class=\"elementor-widget-container\">\n<h2 class=\"elementor-heading-title elementor-size-default\" style=\"text-align: center;\">Professionaalne palgaarvestuse tarkvara<\/h2>\n<hr \/>\n<\/div>\n<\/div>\n<div class=\"elementor-element elementor-element-100d8bd4 color-scheme-inherit text-left elementor-widget elementor-widget-text-editor\" data-id=\"100d8bd4\" data-element_type=\"widget\" data-widget_type=\"text-editor.default\">\n<div class=\"elementor-widget-container\">\n<p>Me kasutame erinevaid tarkvarasid, nagu Navision (Palk365), Directo, SAF, Merit Palk, Scala, Taavi, Persoona jne. L\u00f5plik valik tehakse kliendi soovide ja vajaduste alusel.<\/p>\n<\/div>\n<\/div>\n\n\t\t<\/div>\n\t\t\t\t\n<style>\n#col-193713942 > .col-inner {\n  padding: 5px 15px 5px 15px;\n}\n<\/style>\n\t<\/div>\n\n\t\n\n\t<div id=\"col-1191197140\" class=\"col small-12 large-12\"  >\n\t\t\t\t<div class=\"col-inner\"  >\n\t\t\t\n\t\t\t\n\n<div class=\"message-box relative dark\" style=\"padding-top:15px;padding-bottom:15px;\"><div class=\"message-box-bg-image bg-fill fill\" ><\/div><div class=\"message-box-bg-overlay bg-fill fill\" style=\"background-color:rgb(27, 26, 70);\"><\/div><div class=\"container relative\"><div class=\"inner last-reset\">\n\n<div class=\"row align-middle align-center\"  id=\"row-1713673867\">\n\n\n\t<div id=\"col-258292498\" class=\"col medium-9 small-12 large-9\"  >\n\t\t\t\t<div class=\"col-inner\"  >\n\t\t\t\n\t\t\t\n\n<h2>Talk to our financial expert<\/h2>\n\n\t\t<\/div>\n\t\t\t\t\t<\/div>\n\n\t\n\n\t<div id=\"col-546892751\" class=\"col medium-3 small-12 large-3\"  >\n\t\t\t\t<div class=\"col-inner text-right\"  >\n\t\t\t\n\t\t\t\n\n<a href=\"https:\/\/grow.ee\/en\/contact-us\/\" class=\"button alert is-shade\" style=\"border-radius:8px;padding:0px 10px 0px 10px;\">\n\t\t<span>CONTACT US<\/span>\n\t<\/a>\n\n\n\n\t\t<\/div>\n\t\t\t\t\n<style>\n#col-546892751 > .col-inner {\n  padding: 0px 0px 0px 0px;\n  margin: 10px 0px 0px 0px;\n}\n<\/style>\n\t<\/div>\n\n\t\n\n<\/div>\n\n<\/div><\/div><\/div>\n\n\t\t<\/div>\n\t\t\t\t\t<\/div>\n\n\t\n\n\t<div id=\"col-1281242109\" class=\"col medium-8 small-12 large-8\"  >\n\t\t\t\t<div class=\"col-inner\"  >\n\t\t\t\n\t\t\t\n\n<div class=\"elementor-element elementor-element-21019d6d elementor-widget elementor-widget-heading\" data-id=\"21019d6d\" data-element_type=\"widget\" data-widget_type=\"heading.default\">\n<div class=\"elementor-widget-container\">\n<h2 class=\"elementor-heading-title elementor-size-default\">Mida kujutab endas Grow palgaarvestus?<\/h2>\n<\/div>\n<\/div>\n<div class=\"elementor-element elementor-element-2ee69d11 color-scheme-inherit text-left elementor-widget elementor-widget-text-editor\" data-id=\"2ee69d11\" data-element_type=\"widget\" data-widget_type=\"text-editor.default\">\n<div class=\"elementor-widget-container\">\n<p>Lisaks palga ja t\u00f6\u00f6tasude arvutamisele ning \u00f5iguslike muudatuste j\u00e4lgimisele koosneb palgaarvestuse teenus erinevatest protsessidest.\u00a0<\/p>\n<p><strong>Allolevalt m\u00f5ned n\u00e4ited.\u00a0<\/strong><\/p>\n<ul class=\"elementor-icon-list-items\">\n<li class=\"elementor-icon-list-item\"><span class=\"elementor-icon-list-text\">Kuine palgaarvestus ning lisatasude, boonusmaksete ja l\u00f5pparvete arvutamine;<\/span><\/li>\n<li class=\"elementor-icon-list-item\"><i class=\"fas fa-check-circle\" aria-hidden=\"true\"><\/i><span class=\"elementor-icon-list-text\">Palgat\u0161ekkide saatmine t\u00f6\u00f6tajatele;<\/span><\/li>\n<li class=\"elementor-icon-list-item\"><i class=\"fas fa-check-circle\" aria-hidden=\"true\"><\/i><span class=\"elementor-icon-list-text\">T\u00f6\u00f6tajate registreerimine Eesti Maksu- ja Tolliametis;<\/span><\/li>\n<li class=\"elementor-icon-list-item\"><i class=\"fas fa-check-circle\" aria-hidden=\"true\"><\/i><span class=\"elementor-icon-list-text\">Kolmanda samba sissemaksete ettevalmistamine;<\/span><\/li>\n<li class=\"elementor-icon-list-item\"><i class=\"fas fa-check-circle\" aria-hidden=\"true\"><\/i><span class=\"elementor-icon-list-text\">Puhkuseraha ja erinevate h\u00fcvitiste ning lisatasude arvutamine;<\/span><\/li>\n<li class=\"elementor-icon-list-item\"><i class=\"fas fa-check-circle\" aria-hidden=\"true\"><\/i><span class=\"elementor-icon-list-text\">Puhkusej\u00e4\u00e4kide arvutamine ja j\u00e4lgimine;<\/span><\/li>\n<li class=\"elementor-icon-list-item\"><i class=\"fas fa-check-circle\" aria-hidden=\"true\"><\/i><span class=\"elementor-icon-list-text\">T\u00f6\u00f6graafikute kontrollimine;<\/span><\/li>\n<li class=\"elementor-icon-list-item\"><i class=\"fas fa-check-circle\" aria-hidden=\"true\"><\/i><span class=\"elementor-icon-list-text\">Aruannete ettevalmistamine ja esitamine;<\/span><\/li>\n<li class=\"elementor-icon-list-item\"><i class=\"fas fa-check-circle\" aria-hidden=\"true\"><\/i><span class=\"elementor-icon-list-text\">Professionaalne palgaarvestuse tarkvara;<\/span><\/li>\n<li class=\"elementor-icon-list-item\"><i class=\"fas fa-check-circle\" aria-hidden=\"true\"><\/i><span class=\"elementor-icon-list-text\">T\u00f6\u00f6lepingute ettevalmistamine;<\/span><\/li>\n<li class=\"elementor-icon-list-item\"><i class=\"fas fa-check-circle\" aria-hidden=\"true\"><\/i><span class=\"elementor-icon-list-text\">N\u00f5ustamine maksustamise ja personali valdkonnaga seotud k\u00fcsimustes;<\/span><\/li>\n<li class=\"elementor-icon-list-item\"><i class=\"fas fa-check-circle\" aria-hidden=\"true\"><\/i><span class=\"elementor-icon-list-text\">Muud \u00fclesanded, mis on kliendi jaoks spetsiifilised.<\/span><\/li>\n<\/ul>\n<\/div>\n<\/div>\n\n\t\t<\/div>\n\t\t\t\t\t<\/div>\n\n\t\n\n\t<div id=\"col-726460498\" class=\"col medium-4 small-12 large-4\"  >\n\t\t\t\t<div class=\"col-inner\"  >\n\t\t\t\n\t\t\t\n\n\t<div class=\"img has-hover x md-x lg-x y md-y lg-y\" id=\"image_1497738056\">\n\t\t\t\t\t\t\t\t<div class=\"img-inner dark\" >\n\t\t\t<img loading=\"lazy\" decoding=\"async\" width=\"475\" height=\"848\" src=\"https:\/\/grow.ee\/wp-content\/uploads\/2024\/05\/Palgaarvestus.webp\" class=\"attachment-original size-original\" alt=\"\" srcset=\"https:\/\/grow.ee\/wp-content\/uploads\/2024\/05\/Palgaarvestus.webp 475w, https:\/\/grow.ee\/wp-content\/uploads\/2024\/05\/Palgaarvestus-168x300.webp 168w, https:\/\/grow.ee\/wp-content\/uploads\/2024\/05\/Palgaarvestus-403x720.webp 403w\" sizes=\"auto, (max-width: 475px) 100vw, 475px\" \/>\t\t\t\t\t\t\n\t\t\t\t\t<\/div>\n\t\t\t\t\t\t\t\t\n<style>\n#image_1497738056 {\n  width: 100%;\n}\n<\/style>\n\t<\/div>\n\t\n\n\n\t\t<\/div>\n\t\t\t\t\t<\/div>\n\n\t\n\n<\/div>","protected":false},"excerpt":{"rendered":"","protected":false},"author":24,"featured_media":0,"parent":9004,"menu_order":0,"comment_status":"closed","ping_status":"closed","template":"page-blank.php","meta":{"footnotes":""},"class_list":["post-14748","page","type-page","status-publish","hentry"],"_links":{"self":[{"href":"https:\/\/grow.ee\/en\/wp-json\/wp\/v2\/pages\/14748","targetHints":{"allow":["GET"]}}],"collection":[{"href":"https:\/\/grow.ee\/en\/wp-json\/wp\/v2\/pages"}],"about":[{"href":"https:\/\/grow.ee\/en\/wp-json\/wp\/v2\/types\/page"}],"author":[{"embeddable":true,"href":"https:\/\/grow.ee\/en\/wp-json\/wp\/v2\/users\/24"}],"replies":[{"embeddable":true,"href":"https:\/\/grow.ee\/en\/wp-json\/wp\/v2\/comments?post=14748"}],"version-history":[{"count":5,"href":"https:\/\/grow.ee\/en\/wp-json\/wp\/v2\/pages\/14748\/revisions"}],"predecessor-version":[{"id":15107,"href":"https:\/\/grow.ee\/en\/wp-json\/wp\/v2\/pages\/14748\/revisions\/15107"}],"up":[{"embeddable":true,"href":"https:\/\/grow.ee\/en\/wp-json\/wp\/v2\/pages\/9004"}],"wp:attachment":[{"href":"https:\/\/grow.ee\/en\/wp-json\/wp\/v2\/media?parent=14748"}],"curies":[{"name":"wp","href":"https:\/\/api.w.org\/{rel}","templated":true}]}}