{"id":14341,"date":"2024-09-24T11:18:50","date_gmt":"2024-09-24T08:18:50","guid":{"rendered":"https:\/\/grow.ee\/?page_id=14341"},"modified":"2026-04-08T12:40:06","modified_gmt":"2026-04-08T09:40:06","slug":"softwares","status":"publish","type":"page","link":"https:\/\/grow.ee\/en\/teenused\/tarkvarad\/","title":{"rendered":"Softwares"},"content":{"rendered":"<div class=\"banner has-hover\" id=\"banner-346019484\">\n          <div class=\"banner-inner fill\">\n        <div class=\"banner-bg fill\" >\n            <img loading=\"lazy\" decoding=\"async\" width=\"720\" height=\"403\" src=\"https:\/\/grow.ee\/wp-content\/uploads\/2024\/05\/Finantsjuhi-teenus-720x403.webp\" class=\"bg attachment-large size-large\" alt=\"Financial manager service\" \/>                        <div class=\"overlay\"><\/div>            \n                    <\/div>\n\t\t\n        <div class=\"banner-layers container\">\n            <div class=\"fill banner-link\"><\/div>            \n\n   <div id=\"text-box-1859609273\" class=\"text-box banner-layer x50 md-x50 lg-x50 y50 md-y50 lg-y50 res-text\">\n                                <div class=\"text-box-content text dark\">\n              \n              <div class=\"text-inner text-center\">\n                  \n\n<h3 class=\"uppercase\"><strong><span style=\"color: #1b1a46;\">softwares<\/span><\/strong><\/h3>\n<p><span style=\"font-size: 110%; color: #282828;\">Accounting companies around the world use a wide variety of software solutions. Each of them has its pros and cons, and without a doubt, they all contribute to faster financial management, but how do you choose the best one?<\/span><\/p>\n<p><span style=\"font-size: 110%; color: #282828;\">GROW places great emphasis on software security and data storage capabilities. We make every effort to ensure that your sensitive financial data is securely stored in our digital archive.<\/span><\/p>\n<p><span style=\"font-size: 110%; color: #282828;\">Grow uses more than ten different business software on a daily basis. We help you find the best solution for your company and offer support with interfacing.\u00a0<\/span><\/p>\n<a href=\"https:\/\/grow.ee\/en\/contact-us\/\" class=\"button alert is-shade\" style=\"border-radius:8px;\">\n\t\t<span>CONTACT US<\/span>\n\t<\/a>\n\n\n\n              <\/div>\n           <\/div>\n                            \n<style>\n#text-box-1859609273 .text-box-content {\n  background-color: rgba(255, 255, 255, 0.872);\n  border-radius: 10px;\n  font-size: 100%;\n}\n#text-box-1859609273 .text-inner {\n  padding: 10px 10px 5px 10px;\n}\n#text-box-1859609273 {\n  width: 60%;\n}\n<\/style>\n    <\/div>\n \n\n        <\/div>\n      <\/div>\n\n            \n<style>\n#banner-346019484 {\n  padding-top: 500px;\n}\n#banner-346019484 .overlay {\n  background-color: rgba(0, 0, 0, 0.17);\n}\n<\/style>\n  <\/div>\n\n\n<div class=\"row\"  id=\"row-1147358320\">\n\n\n\t<div id=\"col-2055980379\" class=\"col medium-7 small-12 large-7\"  >\n\t\t\t\t<div class=\"col-inner\"  >\n\t\t\t\n\t\t\t\n\n<div class=\"elementor-element elementor-element-107f84eb elementor-widget elementor-widget-heading\" data-id=\"107f84eb\" data-element_type=\"widget\" data-widget_type=\"heading.default\">\n<div class=\"elementor-widget-container\">\n<h2 class=\"elementor-heading-title elementor-size-default elementor-inline-editing pen\" data-elementor-setting-key=\"title\" data-pen-placeholder=\"Type Here...\">The most used software in accounting:<\/h2>\n<\/div>\n<\/div>\n<div class=\"elementor-element elementor-element-23611ec elementor-icon-list--layout-traditional elementor-list-item-link-full_width elementor-widget elementor-widget-icon-list\" data-id=\"23611ec\" data-element_type=\"widget\" data-widget_type=\"icon-list.default\">\n<div class=\"elementor-widget-container\">\n<div id=\"pg-w653f618db655c-1\" class=\"panel-grid panel-no-style\" data-style=\"{&quot;background_image_attachment&quot;:false,&quot;background_display&quot;:&quot;tile&quot;,&quot;background_image_size&quot;:&quot;full&quot;,&quot;background_image_opacity&quot;:&quot;100&quot;,&quot;border_thickness&quot;:&quot;1px&quot;,&quot;full_height&quot;:&quot;&quot;,&quot;cell_alignment&quot;:&quot;flex-start&quot;}\">\n<div id=\"pgc-w653f618db655c-1-0\" class=\"panel-grid-cell\" data-style=\"{&quot;class&quot;:&quot;fade-in-right&quot;,&quot;background_image_attachment&quot;:false,&quot;background_display&quot;:&quot;tile&quot;,&quot;background_image_size&quot;:&quot;full&quot;,&quot;background_image_opacity&quot;:&quot;100&quot;,&quot;border_thickness&quot;:&quot;1px&quot;,&quot;vertical_alignment&quot;:&quot;auto&quot;}\" data-weight=\"0.5\">\n<div class=\"fade-in-right panel-cell-style panel-cell-style-for-w653f618db655c-1-0\">\n<div id=\"panel-w653f618db655c-1-0-0\" class=\"so-panel widget widget_sow-editor panel-first-child panel-last-child\" data-index=\"1\" data-style=\"{&quot;class&quot;:&quot;adv-Accounting-service&quot;,&quot;padding&quot;:&quot;20px 20px 20px 20px&quot;,&quot;background&quot;:&quot;#ebeff4&quot;,&quot;background_image_attachment&quot;:false,&quot;background_display&quot;:&quot;tile&quot;,&quot;background_image_size&quot;:&quot;full&quot;,&quot;background_image_opacity&quot;:&quot;100&quot;,&quot;border_thickness&quot;:&quot;1px&quot;}\">\n<div class=\"adv-Accounting-service panel-widget-style panel-widget-style-for-w653f618db655c-1-0-0\">\n<div class=\"so-widget-sow-editor so-widget-sow-editor-base\">\n<div class=\"siteorigin-widget-tinymce textwidget\">\n<ul>\n<li><strong><a href=\"https:\/\/directo.ee\/\" target=\"_blank\" rel=\"noopener\">Directo<\/a><\/strong> \u2013 web-based business software designed for small and large companies in Estonia. We have 20 years of experience using Directo.<\/li>\n<li><a href=\"https:\/\/www.sysdec.ee\/saf.htm\" target=\"_blank\" rel=\"noopener\"><strong>SAF<\/strong><\/a> \u2013 we have more than 25 years of experience in using SAF. Suitable for a more demanding customer, based on SQL, we have developed a direct interface for a business analytics solution.<\/li>\n<li><a href=\"https:\/\/www.microsoft.com\/en-gb\/dynamics-365\" target=\"_blank\" rel=\"noopener\"><strong>Microsoft Dynamics 365<\/strong><\/a> \u2013 Microsoft Dynamics 365. Previous versions like Axapta, Navision, etc.\u00a0<\/li>\n<li><a href=\"https:\/\/www.merit.ee\/\" target=\"_blank\" rel=\"noopener\"><strong>Merit Active<\/strong><\/a> \u2013 online accounting and payroll software.<\/li>\n<li><a href=\"https:\/\/www.erplybooks.com\/et\/\" target=\"_blank\" rel=\"noopener\"><strong>Erply Books<\/strong><\/a>\u00a0\u2013 online accounting and payroll software.<\/li>\n<li><strong><a href=\"https:\/\/www.smartaccounts.eu\/et\/\" target=\"_blank\" rel=\"noopener\">SmartAccounts<\/a><\/strong> \u2013 online accounting software that is affordable even for smaller businesses.<\/li>\n<li><strong><a href=\"https:\/\/www.xero.com\/\" target=\"_blank\" rel=\"noopener\">Xero<\/a> <\/strong>\u2013 popular worldwide and known for its user-friendliness and easy integration with other business software.<\/li>\n<li><a href=\"https:\/\/quickbooks.intuit.com\/eu\/\" target=\"_blank\" rel=\"noopener\"><strong>Quickbooks<\/strong><\/a> \u2013 popular worldwide and known for its wide functionality and strong customer support.<\/li>\n<li><a href=\"https:\/\/www.odoo.com\/\" target=\"_blank\" rel=\"noopener\"><strong>Wait<\/strong><\/a> \u2013 stands out for its flexibility and adaptability.<\/li>\n<li><strong><a href=\"https:\/\/www.excellent.ee\/standard-books\/\" target=\"_blank\" rel=\"noopener\">Standard Books<\/a><\/strong> \u2013 Formerly known as Hansaraama. Rated for its suitability for Estonian companies.<\/li>\n<li><strong><a href=\"https:\/\/procountor.fi\/en\/\" target=\"_blank\" rel=\"noopener\">Procountor<\/a><\/strong> \u2013 a user-friendly solution that simplifies electronic <a href=\"https:\/\/grow.ee\/en\/services\/financial-manager-service\/\">financial management<\/a>.<\/li>\n<\/ul>\n<\/div>\n<\/div>\n<\/div>\n<\/div>\n<\/div>\n<\/div>\n<\/div>\n<\/div>\n<\/div>\n\n\t\t<\/div>\n\t\t\t\t\t<\/div>\n\n\t\n\n\t<div id=\"col-1633768227\" class=\"col medium-5 small-12 large-5\"  >\n\t\t\t\t<div class=\"col-inner\"  >\n\t\t\t\n\t\t\t\n\n<div class=\"elementor-element elementor-element-107f84eb elementor-widget elementor-widget-heading\" data-id=\"107f84eb\" data-element_type=\"widget\" data-widget_type=\"heading.default\">\n<div class=\"elementor-widget-container\">\n<h2 class=\"elementor-heading-title elementor-size-default elementor-inline-editing pen\" data-elementor-setting-key=\"title\" data-pen-placeholder=\"Type Here...\">Software in payroll:<\/h2>\n<\/div>\n<\/div>\n<div class=\"elementor-element elementor-element-23611ec elementor-icon-list--layout-traditional elementor-list-item-link-full_width elementor-widget elementor-widget-icon-list\" data-id=\"23611ec\" data-element_type=\"widget\" data-widget_type=\"icon-list.default\">\n<div class=\"elementor-widget-container\">\n<div id=\"pg-w653f618db655c-1\" class=\"panel-grid panel-no-style\" data-style=\"{&quot;background_image_attachment&quot;:false,&quot;background_display&quot;:&quot;tile&quot;,&quot;background_image_size&quot;:&quot;full&quot;,&quot;background_image_opacity&quot;:&quot;100&quot;,&quot;border_thickness&quot;:&quot;1px&quot;,&quot;full_height&quot;:&quot;&quot;,&quot;cell_alignment&quot;:&quot;flex-start&quot;}\">\n<div id=\"pgc-w653f618db655c-1-0\" class=\"panel-grid-cell\" data-style=\"{&quot;class&quot;:&quot;fade-in-right&quot;,&quot;background_image_attachment&quot;:false,&quot;background_display&quot;:&quot;tile&quot;,&quot;background_image_size&quot;:&quot;full&quot;,&quot;background_image_opacity&quot;:&quot;100&quot;,&quot;border_thickness&quot;:&quot;1px&quot;,&quot;vertical_alignment&quot;:&quot;auto&quot;}\" data-weight=\"0.5\">\n<div class=\"fade-in-right panel-cell-style panel-cell-style-for-w653f618db655c-1-0\">\n<div id=\"panel-w653f618db655c-1-0-0\" class=\"so-panel widget widget_sow-editor panel-first-child panel-last-child\" data-index=\"1\" data-style=\"{&quot;class&quot;:&quot;adv-Accounting-service&quot;,&quot;padding&quot;:&quot;20px 20px 20px 20px&quot;,&quot;background&quot;:&quot;#ebeff4&quot;,&quot;background_image_attachment&quot;:false,&quot;background_display&quot;:&quot;tile&quot;,&quot;background_image_size&quot;:&quot;full&quot;,&quot;background_image_opacity&quot;:&quot;100&quot;,&quot;border_thickness&quot;:&quot;1px&quot;}\">\n<div class=\"adv-Accounting-service panel-widget-style panel-widget-style-for-w653f618db655c-1-0-0\">\n<div class=\"so-widget-sow-editor so-widget-sow-editor-base\">\n<div class=\"siteorigin-widget-tinymce textwidget\">\n<ul>\n<li><strong><a href=\"https:\/\/www.merit.ee\/merit-palk\/\" target=\"_blank\" rel=\"noopener\">Merit Salary<\/a><\/strong> \u2013 known for its simplicity and wide user base.<\/li>\n<li><strong><a href=\"https:\/\/www.itera.ee\/webinars\/palga-lisavoimalused-palk365-personal365\/\" target=\"_blank\" rel=\"noopener\">Salary365<\/a><\/strong> \u2013 popular with those using Dynamics 365 systems.<\/li>\n<li><strong><a href=\"https:\/\/www.sysdec.ee\/saf.html\" target=\"_blank\" rel=\"noopener\">SAF<\/a> <\/strong>\u2013 we have created several automated solutions for larger payrolls.\u00a0<\/li>\n<li><strong><a href=\"https:\/\/persona.ee\/\" target=\"_blank\" rel=\"noopener\">Persona<\/a> <\/strong>\u2013 well suited for small and medium-sized businesses due to its simple user interface.<\/li>\n<li><a href=\"https:\/\/andevis.ee\/\" target=\"_blank\" rel=\"noopener\"><strong>Virosoft<\/strong><\/a> \u2013 helps companies manage daily HR issues and payroll.<\/li>\n<li><strong><a href=\"https:\/\/www.taavi.ee\/et\/tooted\/taavi-palk\/tutvustus\" target=\"_blank\" rel=\"noopener\">Taavi<\/a><\/strong> \u2013 a flexible solution suitable for companies of different sizes.<\/li>\n<\/ul>\n<\/div>\n<\/div>\n<\/div>\n<\/div>\n<\/div>\n<\/div>\n<\/div>\n<\/div>\n<\/div>\n\n\t\t<\/div>\n\t\t\t\t\t<\/div>\n\n\t\n\n<\/div>\n<div class=\"row\"  id=\"row-1161641846\">\n\n\n\t<div id=\"col-735503356\" class=\"col medium-4 small-12 large-4\"  >\n\t\t\t\t<div class=\"col-inner\" style=\"background-color:rgb(232, 237, 244);\" >\n\t\t\t\n\t<div class=\"is-border\"\n\t\tstyle=\"border-color:rgb(210, 35, 42);border-radius:8px;border-width:0px 0px 0px 5px;\">\n\t<\/div>\n\t\t\t\n\n<div class=\"elementor-element elementor-element-5d1241bc elementor-widget elementor-widget-heading\" data-id=\"5d1241bc\" data-element_type=\"widget\" data-widget_type=\"heading.default\">\n<div class=\"elementor-widget-container\">\n<h2 class=\"elementor-heading-title elementor-size-default\" style=\"text-align: center;\">Contact<\/h2>\n<\/div>\n<\/div>\n<div class=\"elementor-element elementor-element-262e2955 elementor-widget elementor-widget-spacer\" data-id=\"262e2955\" data-element_type=\"widget\" data-widget_type=\"spacer.default\">\n<div class=\"elementor-widget-container\">\n<div class=\"elementor-spacer\">\n<div class=\"elementor-spacer-inner\">\n<hr \/>\n<\/div>\n<\/div>\n<\/div>\n<\/div>\n<div class=\"elementor-element elementor-element-385b12b4 color-scheme-inherit text-left elementor-widget elementor-widget-text-editor\" data-id=\"385b12b4\" data-element_type=\"widget\" data-widget_type=\"text-editor.default\">\n<div class=\"elementor-widget-container\">\n<p>Contact us and introduce us to your needs and expectations.<\/p>\n<\/div>\n<\/div>\n\n\t\t<\/div>\n\t\t\t\t\n<style>\n#col-735503356 > .col-inner {\n  padding: 5px 15px 5px 15px;\n  margin: 0px 0px 0px 0px;\n}\n<\/style>\n\t<\/div>\n\n\t\n\n\t<div id=\"col-861428635\" class=\"col medium-4 small-12 large-4\"  >\n\t\t\t\t<div class=\"col-inner\" style=\"background-color:rgb(232, 237, 244);\" >\n\t\t\t\n\t<div class=\"is-border\"\n\t\tstyle=\"border-color:rgb(210, 35, 42);border-radius:8px;border-width:0px 0px 5px 0px;\">\n\t<\/div>\n\t\t\t\n\n<div class=\"elementor-element elementor-element-5d1241bc elementor-widget elementor-widget-heading\" data-id=\"5d1241bc\" data-element_type=\"widget\" data-widget_type=\"heading.default\">\n<div class=\"elementor-widget-container\">\n<div class=\"elementor-element elementor-element-27a3156b elementor-widget elementor-widget-heading\" data-id=\"27a3156b\" data-element_type=\"widget\" data-widget_type=\"heading.default\">\n<div class=\"elementor-widget-container\">\n<h2 class=\"elementor-heading-title elementor-size-default\" style=\"text-align: center;\">Choice<\/h2>\n<\/div>\n<\/div>\n<\/div>\n<\/div>\n<div class=\"elementor-element elementor-element-262e2955 elementor-widget elementor-widget-spacer\" data-id=\"262e2955\" data-element_type=\"widget\" data-widget_type=\"spacer.default\">\n<div class=\"elementor-widget-container\">\n<div class=\"elementor-spacer\">\n<div class=\"elementor-spacer-inner\">\n<hr \/>\n<\/div>\n<\/div>\n<\/div>\n<\/div>\n<div class=\"elementor-element elementor-element-385b12b4 color-scheme-inherit text-left elementor-widget elementor-widget-text-editor\" data-id=\"385b12b4\" data-element_type=\"widget\" data-widget_type=\"text-editor.default\">\n<div class=\"elementor-widget-container\">\n<p>In cooperation with the client, we find the best solution for his wishes.<\/p>\n<\/div>\n<\/div>\n\n\t\t<\/div>\n\t\t\t\t\n<style>\n#col-861428635 > .col-inner {\n  padding: 5px 15px 5px 15px;\n  margin: 0px 0px 0px 0px;\n}\n<\/style>\n\t<\/div>\n\n\t\n\n\t<div id=\"col-422627313\" class=\"col medium-4 small-12 large-4\"  >\n\t\t\t\t<div class=\"col-inner\" style=\"background-color:rgb(232, 237, 244);\" >\n\t\t\t\n\t<div class=\"is-border\"\n\t\tstyle=\"border-color:rgb(210, 35, 42);border-radius:8px;border-width:0px 5px 0px 0px;\">\n\t<\/div>\n\t\t\t\n\n<div class=\"elementor-element elementor-element-5d1241bc elementor-widget elementor-widget-heading\" data-id=\"5d1241bc\" data-element_type=\"widget\" data-widget_type=\"heading.default\">\n<div class=\"elementor-widget-container\">\n<div class=\"elementor-element elementor-element-449aff98 elementor-widget elementor-widget-heading\" data-id=\"449aff98\" data-element_type=\"widget\" data-widget_type=\"heading.default\">\n<div class=\"elementor-widget-container\">\n<h2 class=\"elementor-heading-title elementor-size-default\" style=\"text-align: center;\">Implementation<\/h2>\n<\/div>\n<\/div>\n<\/div>\n<\/div>\n<div class=\"elementor-element elementor-element-262e2955 elementor-widget elementor-widget-spacer\" data-id=\"262e2955\" data-element_type=\"widget\" data-widget_type=\"spacer.default\">\n<div class=\"elementor-widget-container\">\n<div class=\"elementor-spacer\">\n<div class=\"elementor-spacer-inner\">\n<hr \/>\n<\/div>\n<\/div>\n<\/div>\n<\/div>\n<div class=\"elementor-element elementor-element-385b12b4 color-scheme-inherit text-left elementor-widget elementor-widget-text-editor\" data-id=\"385b12b4\" data-element_type=\"widget\" data-widget_type=\"text-editor.default\">\n<div class=\"elementor-widget-container\">\n<p>We help with the implementation of selected software and the interface of modern solutions.\u00a0<\/p>\n<\/div>\n<\/div>\n\n\t\t<\/div>\n\t\t\t\t\n<style>\n#col-422627313 > .col-inner {\n  padding: 5px 15px 5px 15px;\n  margin: 0px 0px 0px 0px;\n}\n<\/style>\n\t<\/div>\n\n\t\n\n<\/div>\n<div class=\"row\"  id=\"row-22026257\">\n\n\n\t<div id=\"col-574959357\" class=\"col small-12 large-12\"  >\n\t\t\t\t<div class=\"col-inner\"  >\n\t\t\t\n\t\t\t\n\n<h2>The company&#039;s needs are the most important when choosing accounting software<\/h2>\n<p>Grow has tested most of the programs produced in Estonia. However, we have only used the most suitable ones for our clients. Grow Finance offers its clients accounting services with over 10 different accounting software. In addition, foreign software is used, including some that no one in Estonia has heard of. Experience in using different software is our strength. The choice of program largely depends on the need, which we will discuss below.<\/p>\n<p>We often hear how the choice of a program is based only on the accountant&#039;s skills, not on the company&#039;s needs. &quot;I have such a good program, I&#039;ve been using it for 25 years,&quot; is not a very good argument from a company&#039;s point of view. In general, a good program and a cooperation partner who can see the bigger picture and help with advice and strength if necessary are enough. However, a program alone is of no use without a smart user.<\/p>\n<h3>Tarkvara asub pilves<\/h3>\n<p>A modern program for both small and large companies is software that is located in the cloud. Gone are the days when a manager brought documents on paper to an accountant, who entered them into the software in his office and did not make backup copies. The number of software stored on his own server in the world is constantly decreasing.<\/p>\n<h3>Dokumentide arhiveerimine<\/h3>\n<p>Oluline on ka see, et programmiga on v\u00f5imalik dokumente arhiveerida. Kuna dokumente ei ole enam paberil vaja s\u00e4ilitada ja s\u00fclearvutis ei ole raamatupidamisarhiivi pidamine turvaline, siis v\u00f5iks sellele pakkuda lahendust raamatupidamistarkvara.<\/p>\n<h3>Kasutamiskogemus<\/h3>\n<p>For a small business owner, the program&#039;s simplicity and quick learning should be the primary focus. It should be easy to use even for someone with no accounting background, and the initial settings should be set up so that it is possible to start using the program after a brief introduction. Perhaps you could simply create and send invoices.<\/p>\n<h3>V\u00e4ljund ehk aruandlus<\/h3>\n<p>Programmi valikul on v\u00e4ga oluline info, milliseid tulemusi, aruandlust, infot soovid ettev\u00f5tte juhtimiseks saada. Kas saad piisavalt lihtsalt omale soovitud aruande, ilma et peaksid seda Excelis t\u00f6\u00f6tlema.<\/p>\n<h3>Hind ja tugi<\/h3>\n<p>Free, fast customer support and, of course, a reasonable price are also important for good accounting software.<\/p>\n<h3>Soovitus<\/h3>\n<p>For a starting company, we would recommend Smart Accounts or Meriti Aktiva. These programs have good customer support, are affordable, are quick to learn, and are evolving, offering many automation and interface options. For more advanced users, Directo may be suitable. For more complex and larger companies, we listen to the client&#039;s wishes and needs and find the most suitable program in cooperation. Less accounting, more entrepreneurship.<\/p>\n<p>Grow is constantly working to ensure that our accountants keep up with the times. We stay up to date with the current situation in Estonia and the world and try to find solutions for companies and employees.<\/p>\n<p>Contact us on our website <a href=\"https:\/\/grow.ee\/en\/contact-2\/\">contact form<\/a> via, send an email to\u00a0<a href=\"mailto:info@grow.ee\">info@grow.ee<\/a>\u00a0v\u00f5i hoopis helista numbril 5629 3090<\/p>\n<div class=\"message-box relative dark\" style=\"padding-top:15px;padding-bottom:15px;\"><div class=\"message-box-bg-image bg-fill fill\" ><\/div><div class=\"message-box-bg-overlay bg-fill fill\" style=\"background-color:rgb(27, 26, 70);\"><\/div><div class=\"container relative\"><div class=\"inner last-reset\">\n\n<div class=\"row align-middle align-center\"  id=\"row-68006627\">\n\n\n\t<div id=\"col-1251531507\" class=\"col medium-9 small-12 large-9\"  >\n\t\t\t\t<div class=\"col-inner\"  >\n\t\t\t\n\t\t\t\n\n<div id=\"col-1878647324\" class=\"col medium-9 small-12 large-9\">\n<div class=\"col-inner\">\n<h2>Talk to our financial expert<\/h2>\n<\/div>\n<\/div>\n\n\t\t<\/div>\n\t\t\t\t\t<\/div>\n\n\t\n\n\t<div id=\"col-413259218\" class=\"col medium-3 small-12 large-3\"  >\n\t\t\t\t<div class=\"col-inner text-center\"  >\n\t\t\t\n\t\t\t\n\n<a href=\"https:\/\/grow.ee\/en\/contact-2\/\" class=\"button alert is-shade\" style=\"border-radius:8px;\">\n\t\t<span>CONTACT US<\/span>\n\t<\/a>\n\n\n\n\t\t<\/div>\n\t\t\t\t\n<style>\n#col-413259218 > .col-inner {\n  margin: 10px 0px 0px 0px;\n}\n<\/style>\n\t<\/div>\n\n\t\n\n<\/div>\n\n<\/div><\/div><\/div>\n\n\t\t<\/div>\n\t\t\t\t\t<\/div>\n\n\t\n\n<\/div>","protected":false},"excerpt":{"rendered":"","protected":false},"author":24,"featured_media":0,"parent":9004,"menu_order":0,"comment_status":"closed","ping_status":"closed","template":"page-blank.php","meta":{"footnotes":""},"class_list":["post-14341","page","type-page","status-publish","hentry"],"_links":{"self":[{"href":"https:\/\/grow.ee\/en\/wp-json\/wp\/v2\/pages\/14341","targetHints":{"allow":["GET"]}}],"collection":[{"href":"https:\/\/grow.ee\/en\/wp-json\/wp\/v2\/pages"}],"about":[{"href":"https:\/\/grow.ee\/en\/wp-json\/wp\/v2\/types\/page"}],"author":[{"embeddable":true,"href":"https:\/\/grow.ee\/en\/wp-json\/wp\/v2\/users\/24"}],"replies":[{"embeddable":true,"href":"https:\/\/grow.ee\/en\/wp-json\/wp\/v2\/comments?post=14341"}],"version-history":[{"count":34,"href":"https:\/\/grow.ee\/en\/wp-json\/wp\/v2\/pages\/14341\/revisions"}],"predecessor-version":[{"id":15327,"href":"https:\/\/grow.ee\/en\/wp-json\/wp\/v2\/pages\/14341\/revisions\/15327"}],"up":[{"embeddable":true,"href":"https:\/\/grow.ee\/en\/wp-json\/wp\/v2\/pages\/9004"}],"wp:attachment":[{"href":"https:\/\/grow.ee\/en\/wp-json\/wp\/v2\/media?parent=14341"}],"curies":[{"name":"wp","href":"https:\/\/api.w.org\/{rel}","templated":true}]}}