{"id":11235,"date":"2024-02-13T16:35:49","date_gmt":"2024-02-13T16:35:49","guid":{"rendered":"https:\/\/grow.ee\/?page_id=11235"},"modified":"2024-02-18T22:06:49","modified_gmt":"2024-02-18T22:06:49","slug":"front-page","status":"publish","type":"page","link":"https:\/\/grow.ee\/en\/esileht\/","title":{"rendered":"Front page"},"content":{"rendered":"<p>Financial services for a growing company\t\t\t\t<\/p>\n<h4>Grow Finance &#8211; the best financial professionals have joined forces!<\/h4>\n<p>\t\t\t<a href=\"\/accounting-service-packages\/?lang=en\"><br \/>\n\t\t\t\t\t\tVIEW OUR ACCOUNTING PACKAGES<br \/>\n\t\t\t\t\t<\/a><br \/>\n\t\t\t\t\tWhat are we doing?\t\t\t\t<\/p>\n<h3>Our services<\/h3>\n<h2><a href=\"\/services\/accounting\/?lang=en\">Accounting<\/a><\/h2>\n<p><a href=\"\/services\/accounting\/?lang=en\">A well-organized accounting service gives business managers the opportunity to see what is happening both inside and around the company.<\/a><\/p>\n<p>\t\t\t\t\t\t\t<a  href=\"\/services\/accounting\/?lang=en\"><br \/>\n\t\t\t\t\t\t\t\t<img loading=\"lazy\" width=\"88\" height=\"72\" src=\"https:\/\/grow.ee\/wp-content\/uploads\/2024\/02\/palgaarvestus-1.png\" alt=\"palgaarvestus\" decoding=\"async\" \/>\t\t\t\t\t\t\t<\/a><br \/>\n\t\t\t\t\t\t\t<a  href=\"\/services\/payroll\/?lang=en\"><br \/>\n\t\t\t\t\t\t\t\t<img loading=\"lazy\" width=\"450\" height=\"450\" src=\"https:\/\/grow.ee\/wp-content\/uploads\/2024\/02\/juhtimine.png\" alt=\"juhtimine\" decoding=\"async\" srcset=\"https:\/\/grow.ee\/wp-content\/uploads\/2024\/02\/juhtimine.png 450w, https:\/\/grow.ee\/wp-content\/uploads\/2024\/02\/juhtimine-300x300.png 300w, https:\/\/grow.ee\/wp-content\/uploads\/2024\/02\/juhtimine-150x150.png 150w\" sizes=\"auto, (max-width: 450px) 100vw, 450px\" \/>\t\t\t\t\t\t\t<\/a><\/p>\n<h2><a href=\"\/services\/payroll\/?lang=en\">Payroll<\/a><\/h2>\n<p><a href=\"\/services\/payroll\/?lang=en\">In addition to various changes in the law and updating of processes, payroll also includes various types of payments, the changes of which must be kept up to date.<\/a><\/p>\n<h2><a href=\"\/services\/business-intelligence\/?lang=en\">Business analytics<\/a><\/h2>\n<p><a href=\"\/services\/business-intelligence\/?lang=en\">Grow professionals use cutting-edge technology and tools to analyze your business data and create action plans to help you achieve your goals.<\/a><\/p>\n<p>\t\t\t\t\t\t\t<a  href=\"\/services\/business-intelligence\/?lang=en\"><br \/>\n\t\t\t\t\t\t\t\t<img loading=\"lazy\" width=\"77\" height=\"81\" src=\"https:\/\/grow.ee\/wp-content\/uploads\/2024\/02\/arianaluutika.png\" alt=\"arianaluutika\" decoding=\"async\" \/>\t\t\t\t\t\t\t<\/a><br \/>\n\t\t\t\t\t\t\t<a  href=\"\/services\/capital-raising\/?lang=en\"><br \/>\n\t\t\t\t\t\t\t\t<img loading=\"lazy\" width=\"488\" height=\"300\" src=\"https:\/\/grow.ee\/wp-content\/uploads\/2024\/02\/2023_raamatupidamine_white_transparent2.png\" alt=\"2023 raamatupidamine white transparent2\" decoding=\"async\" srcset=\"https:\/\/grow.ee\/wp-content\/uploads\/2024\/02\/2023_raamatupidamine_white_transparent2.png 488w, https:\/\/grow.ee\/wp-content\/uploads\/2024\/02\/2023_raamatupidamine_white_transparent2-300x184.png 300w\" sizes=\"auto, (max-width: 488px) 100vw, 488px\" \/>\t\t\t\t\t\t\t<\/a><\/p>\n<h2><a href=\"\/services\/capital-raising\/?lang=en\">Raising capital<\/a><\/h2>\n<p><a href=\"\/services\/capital-raising\/?lang=en\">Whether it is a business expansion or transformation, an acquisition or a change in capital structure, we help find the financing to finance it.<\/a><\/p>\n<h2><a href=\"\/services\/cfo-service\/?lang=en\">Chief Financial Officer (CFO) service<\/a><\/h2>\n<p><a href=\"\/services\/cfo-service\/?lang=en\">Our outsourced CFO services provide access to experienced professionals who provide strategic financial advice at a fraction of the cost of a salaried CFO.<\/a><br \/>\n\t\t\t\t\t\t\t<a  href=\"\/services\/cfo-service\/?lang=en\"><br \/>\n\t\t\t\t\t\t\t\t<img loading=\"lazy\" decoding=\"async\"  src=\"https:\/\/grow.ee\/wp-content\/uploads\/2024\/02\/juhtimine.svg\" title=\"juhtimine\" width=\"3000\" height=\"3000\">\t\t\t\t\t\t\t<\/a><br \/>\n\t\t\t\t\t\t\t<a  href=\"\/services\/tax-consulting\/?lang=en\"><br \/>\n\t\t\t\t\t\t\t\t<img loading=\"lazy\" width=\"49\" height=\"72\" src=\"https:\/\/grow.ee\/wp-content\/uploads\/2024\/02\/kapitali-kaasamine.png\" alt=\"kapitali kaasamine\" decoding=\"async\" \/>\t\t\t\t\t\t\t<\/a><\/p>\n<h2><a style=\"font-size: 24px; font-style: var(--wd-title-font-style); text-transform: var(--wd-title-transform); text-align: var(--text-align);\" href=\"\/services\/tax-consulting\/?lang=en\">Tax advice<\/a><\/h2>\n<p><a href=\"\/services\/tax-consulting\/?lang=en\">The best solution for keeping up with taxes, optimizing and managing the company\u2019s tax expenses is professional tax consulting.<\/a><\/p>\n<p>\t\t\t\t\t\t\t<a  href=\"\/teenused\/raamatupidamine\/\"><br \/>\n\t\t\t\t\t\t\t\t<img loading=\"lazy\" width=\"86\" height=\"71\" src=\"https:\/\/grow.ee\/wp-content\/uploads\/2023\/09\/Icon7-1.png\" alt=\"\" decoding=\"async\" \/>\t\t\t\t\t\t\t<\/a><\/p>\n<h2>Raamatupidamine<\/h2>\n<p><a href=\"https:\/\/grow.ee\/services\/raamatupidamine\/\">H\u00e4sti korraldatud raamatupidamisteenus annab \u00e4rijuhtidele v\u00f5imaluse n\u00e4ha nii ettev\u00f5tte sees kui ka selle \u00fcmber toimuvat.<\/a><\/p>\n<p>\t\t\t\t\t\t\t<a  href=\"\/teenused\/raamatupidamine\/\"><br \/>\n\t\t\t\t\t\t\t\t<img loading=\"lazy\" width=\"86\" height=\"71\" src=\"https:\/\/grow.ee\/wp-content\/uploads\/2023\/09\/Icon7-1.png\" alt=\"\" decoding=\"async\" \/>\t\t\t\t\t\t\t<\/a><\/p>\n<h2>Finantsjuhi (CFO) teenus<\/h2>\n<p><a href=\"https:\/\/grow.ee\/services\/finantsjuhi-cfo-teenus\/\">Meie v\u00e4lised CFO teenused annavad juurdep\u00e4\u00e4su kogenud spetsialistidele, kes pakuvad strateegilist finantsn\u00f5u murdosa hinnaga v\u00f5rreldes palgalise finantsjuhiga.<\/a><\/p>\n<p>\t\t\t\t\t\t\t<a  href=\"\/teenused\/raamatupidamine\/\"><br \/>\n\t\t\t\t\t\t\t\t<img loading=\"lazy\" width=\"88\" height=\"72\" src=\"https:\/\/grow.ee\/wp-content\/uploads\/2024\/02\/palgaarvestus-1.png\" alt=\"palgaarvestus\" decoding=\"async\" \/>\t\t\t\t\t\t\t<\/a><\/p>\n<h2>Palgaarvestus<\/h2>\n<p><a href=\"https:\/\/grow.ee\/services\/palgaarvestus\/\">Palgaarvestus h\u00f5lmab lisaks erinevatele seadusemuudatustele ja protsesside uuendamisele ka erinevaid tasuliike, mille muudatustega peab kursis olema.<\/a><\/p>\n<p>\t\t\t\t\t\t\t<a  href=\"\/teenused\/raamatupidamine\/\"><br \/>\n\t\t\t\t\t\t\t\t<img loading=\"lazy\" width=\"77\" height=\"81\" src=\"https:\/\/grow.ee\/wp-content\/uploads\/2023\/09\/Icon3-1.png\" alt=\"\" decoding=\"async\" \/>\t\t\t\t\t\t\t<\/a><\/p>\n<h2>\u00c4rianal\u00fc\u00fctika<\/h2>\n<p><a href=\"https:\/\/grow.ee\/services\/arianaluutika\/\">Grow spetsialistid kasutavad tipptasemel tehnoloogiat ja t\u00f6\u00f6riistu, et anal\u00fc\u00fcsida teie ettev\u00f5tte andmeid ning luua tegevusplaanid, mis aitavad teil saavutada oma eesm\u00e4rke.<\/a><\/p>\n<p>\t\t\t\t\t\t\t<a  href=\"\/teenused\/raamatupidamine\/\"><br \/>\n\t\t\t\t\t\t\t\t<img loading=\"lazy\" width=\"88\" height=\"72\" src=\"https:\/\/grow.ee\/wp-content\/uploads\/2024\/02\/palgaarvestus-1.png\" alt=\"palgaarvestus\" decoding=\"async\" \/>\t\t\t\t\t\t\t<\/a><\/p>\n<h2>Maksun\u00f5ustamine<\/h2>\n<p><a href=\"https:\/\/grow.ee\/services\/maksunoustamine\/\">Parim lahendus maksudega kursis olemisel, firma maksukulude optimeerimisel ja juhtimisel on professionaalne maksun\u00f5ustamine.<\/a><\/p>\n<p>\t\t\t\t\t\t\t<a  href=\"\/teenused\/raamatupidamine\/\"><br \/>\n\t\t\t\t\t\t\t\t<img loading=\"lazy\" width=\"49\" height=\"72\" src=\"https:\/\/grow.ee\/wp-content\/uploads\/2023\/09\/Icon5-1.png\" alt=\"\" decoding=\"async\" \/>\t\t\t\t\t\t\t<\/a><\/p>\n<h2>Kapitali kaasamine<\/h2>\n<p><a href=\"https:\/\/grow.ee\/services\/kapitali-kaasamine\/\">Olgu selleks \u00e4ritegevuse laiendamine v\u00f5i \u00fcmberkujundamine, omandamine v\u00f5i kapitalistruktuuri muutmine, aitame leida rahastust selle finantseerimiseks.<\/a><\/p>\n<h2>Meet our team<\/h2>\n<p>Grow Finance is a forward-looking innovative company with long-term experience, our team has more than 50 specialists. We belong to the GGI Alliance, a financial services association, which enables us to offer our clients top-class international financial services.<\/p>\n<p>\t\t\t<a href=\"https:\/\/www.youtube.com\/watch?v=VPerRtvMPvQ\"><br \/>\n\t\t\t\t\t\tWATCH THE VIDEO<br \/>\n\t\t\t\t\t<\/a><br \/>\n\t\t\t\t\tGrow\t\t\t\t<\/p>\n<h4>An innovative and committed<br \/>\nfinance company<\/h4>\n<style>\nbody {\n  font-family: 'Lato', sans-serif;\n}\n.firm-box {\n  display: flex;\n  flex-wrap: wrap;\n  justify-content: center;\n  margin-top: 40px;\n}\n.firm-content_outer {\n  padding: 20px 22px 0;\n  margin-top: 37px;\n  position: relative;\n  width: 400px; \/* Adjust as needed *\/\n  text-align: center;\n}\n.firm-content_outer h2 {\n  color: #191845;\n  font-size: 30px;\n  font-weight: 400;\n  margin-bottom: 15px;\n}\n.firm-content_outer img {\n  width: 84px; \/* Adjust as needed *\/\n  height: auto;\n}\n.firm-content_outer p {\n  color: #191845;\n  font-size: 16px; \/* Adjust as needed *\/\n}\n.red-line {\n  height: 3px;\n  width: 150px; \/* Adjust as needed *\/\n  background-color: red;\n  margin: 0 auto 20px;\n  margin-top: 20px;\n  background-color: #cf2e2e;\n}\n<\/style>\n<p><\/head><br \/>\n<body><br \/>\n  <!-- Begin Box --><br \/>\n    <img decoding=\"async\" src=\"https:\/\/grow.ee\/wp-content\/uploads\/2023\/09\/Icon7-1-1.png\" alt=\"Icon\"><\/p>\n<h2>Effective<\/h2>\n<p>Grow\u2019s efficient financial service saves your valuable time.<\/p>\n<p>    <img decoding=\"async\" src=\"https:\/\/grow.ee\/wp-content\/uploads\/2023\/09\/Icon7-1-1.png\" alt=\"Icon\"><\/p>\n<h2>Better reporting<\/h2>\n<p>Grow offers you a clear overview of the most important company financial data.<\/p>\n<p>    <img decoding=\"async\" src=\"https:\/\/grow.ee\/wp-content\/uploads\/2023\/09\/Icon7-1-1.png\" alt=\"Icon\"><\/p>\n<h2>Flexible<\/h2>\n<p>Extensive knowledge and experience and capable software will find an answer to every question you have.<\/p>\n<p>  <!-- End Box --><br \/>\n  <!-- Repeat for other boxes --><br \/>\n  <!-- Begin Box --><br \/>\n    <img decoding=\"async\" src=\"https:\/\/grow.ee\/wp-content\/uploads\/2023\/09\/Icon7-1-1.png\" alt=\"Icon\"><\/p>\n<h2>Added value<\/h2>\n<p>We advise you in choosing the best accounting software and, if necessary, interface the new software with the existing one.<\/p>\n<p>    <img decoding=\"async\" src=\"https:\/\/grow.ee\/wp-content\/uploads\/2023\/09\/Icon7-1-1.png\" alt=\"Icon\"><\/p>\n<h2>Over 800 regular customers<\/h2>\n<p>We offer a wide range of financial services and financial consulting to more than 800 domestic and foreign companies on a daily basis.<\/p>\n<p>    <img decoding=\"async\" src=\"https:\/\/grow.ee\/wp-content\/uploads\/2023\/09\/Icon7-1-1.png\" alt=\"Icon\"><\/p>\n<h2>International scope<\/h2>\n<p>Grow Finance is a member of the GGI Alliance, an international association of financial services companies. We cooperate with foreign companies that want to operate on the Estonian market.<\/p>\n<p>  <!-- End Box --><br \/>\n  <!-- Repeat for other boxes --><br \/>\n<\/body>\t\t<\/p>\n<p>FINANCIAL DOCUMENTS TEMPLATES<\/p>\n<p>\t\t\t\t\t\t\t\t\t\t\t\t\t\t\t<img loading=\"lazy\" width=\"86\" height=\"71\" src=\"https:\/\/grow.ee\/wp-content\/uploads\/2024\/02\/Icon7-1-1.png\" alt=\"Icon7 1 1\" decoding=\"async\" \/>\t\t\t\t\t\t\t\t\t\t\t\t\t<\/p>\n<h2\t\t\t\t\t\tclass=\"info-box-title title box-title-style-default wd-fontsize-m\" data-elementor-setting-key=\"title\">\n\t\t\t\t\t\t\t\tBoard member contract\t\t\t\t\t\t<\/h2>\n<p>\t\t\t<a  href=\"https:\/\/grow.ee\/wp-content\/uploads\/2023\/09\/Juhatuse-liikme-leping.doc\"><br \/>\n\t\t\t\t\tDownload<br \/>\n\t\t\t\t\t\t\t<\/a><br \/>\n\t\t\t\t\t\t\t\t\t\t\t\t\t\t\t<img loading=\"lazy\" width=\"86\" height=\"71\" src=\"https:\/\/grow.ee\/wp-content\/uploads\/2023\/09\/Icon7-1-1.png\" alt=\"\" decoding=\"async\" \/>\t\t\t\t\t\t\t\t\t\t\t\t\t<\/p>\n<h2\t\t\t\t\t\tclass=\"info-box-title title box-title-style-default wd-fontsize-m\" data-elementor-setting-key=\"title\">\n\t\t\t\t\t\t\t\tAgreement for the provision of management services\t\t\t\t\t\t<\/h2>\n<p>\t\t\t<a  href=\"https:\/\/grow.ee\/wp-content\/uploads\/2023\/09\/Juhtimisteenuse-osutamise-leping.doc\"><br \/>\n\t\t\t\t\tDownload<br \/>\n\t\t\t\t\t\t\t<\/a><br \/>\n\t\t\t\t\t\t\t\t\t\t\t\t\t\t\t<img loading=\"lazy\" width=\"86\" height=\"71\" src=\"https:\/\/grow.ee\/wp-content\/uploads\/2023\/09\/Icon7-1-1.png\" alt=\"\" decoding=\"async\" \/>\t\t\t\t\t\t\t\t\t\t\t\t\t<\/p>\n<h2\t\t\t\t\t\tclass=\"info-box-title title box-title-style-default wd-fontsize-m\" data-elementor-setting-key=\"title\">\n\t\t\t\t\t\t\t\tAgency agreement\t\t\t\t\t\t<\/h2>\n<p>\t\t\t<a  href=\"https:\/\/grow.ee\/wp-content\/uploads\/2023\/09\/Kasundusleping.doc\"><br \/>\n\t\t\t\t\tDownload<br \/>\n\t\t\t\t\t\t\t<\/a><br \/>\n\t\t\t\t\t\t\t\t\t\t\t\t\t\t\t<img loading=\"lazy\" width=\"86\" height=\"71\" src=\"https:\/\/grow.ee\/wp-content\/uploads\/2023\/09\/Icon7-1-1.png\" alt=\"\" decoding=\"async\" \/>\t\t\t\t\t\t\t\t\t\t\t\t\t<\/p>\n<h2\t\t\t\t\t\tclass=\"info-box-title title box-title-style-default wd-fontsize-m\" data-elementor-setting-key=\"title\">\n\t\t\t\t\t\t\t\tWork contract\t\t\t\t\t\t<\/h2>\n<p>\t\t\t<a  href=\"https:\/\/grow.ee\/wp-content\/uploads\/2023\/09\/Toovotuleping.doc\"><br \/>\n\t\t\t\t\tDownload<br \/>\n\t\t\t\t\t\t\t<\/a><br \/>\n\t\t\t\t\t\t\t\t\t\t\t\t\t\t\t<img loading=\"lazy\" width=\"86\" height=\"71\" src=\"https:\/\/grow.ee\/wp-content\/uploads\/2023\/10\/Icon7-1-1.png\" alt=\"\" decoding=\"async\" \/>\t\t\t\t\t\t\t\t\t\t\t\t\t<\/p>\n<h2\t\t\t\t\t\tclass=\"info-box-title title box-title-style-default wd-fontsize-m\" data-elementor-setting-key=\"title\">\n\t\t\t\t\t\t\t\tAgent agreement\t\t\t\t\t\t<\/h2>\n<p>\t\t\t<a  href=\"https:\/\/grow.ee\/wp-content\/uploads\/2023\/09\/Agendileping.doc\"><br \/>\n\t\t\t\t\tDownload<br \/>\n\t\t\t\t\t\t\t<\/a><br \/>\n\t\t\t\t\t\t\t\t\t\t\t\t\t\t\t<img loading=\"lazy\" width=\"86\" height=\"71\" src=\"https:\/\/grow.ee\/wp-content\/uploads\/2023\/10\/Icon7-1-1.png\" alt=\"\" decoding=\"async\" \/>\t\t\t\t\t\t\t\t\t\t\t\t\t<\/p>\n<h2\t\t\t\t\t\tclass=\"info-box-title title box-title-style-default wd-fontsize-m\" data-elementor-setting-key=\"title\">\n\t\t\t\t\t\t\t\tLoan agreement\t\t\t\t\t\t<\/h2>\n<p>\t\t\t<a  href=\"https:\/\/grow.ee\/wp-content\/uploads\/2023\/09\/Laenuleping.doc\"><br \/>\n\t\t\t\t\tDownload<br \/>\n\t\t\t\t\t\t\t<\/a><\/p>\n<p>Contact<\/p>\n<p>\t\t\t\t\t\t\t\t<img loading=\"lazy\" width=\"50\" height=\"50\" src=\"https:\/\/grow.ee\/wp-content\/uploads\/2024\/02\/location-icon.png\" alt=\"location icon\" decoding=\"async\" \/><br \/>\n\t\t<a style=\"color: #ffffff;\" href=\"https:\/\/maps.app.goo.gl\/8x299MeY3K4s1cDF8\">Grow Finance O\u00dc Veskiposti 2 (AVALA business buildings, Electra 10.floor) 10138 Tallinn<\/a><br \/>\n\t\t\t\t\t\t\t\t<img loading=\"lazy\" width=\"50\" height=\"50\" src=\"https:\/\/grow.ee\/wp-content\/uploads\/2024\/02\/Icon-1.png\" alt=\"Icon 1\" decoding=\"async\" \/><br \/>\n\t\t<a style=\"color: #ffffff;\" href=\"mailto:info@grow.ee\">info@grow.ee<\/a><br \/>\n\t\t\t\t\t\t\t\t<img loading=\"lazy\" width=\"50\" height=\"50\" src=\"https:\/\/grow.ee\/wp-content\/uploads\/2024\/02\/Icon-2.png\" alt=\"Icon 2\" decoding=\"async\" \/><br \/>\n\t\t<a style=\"color: #ffffff;\" href=\"tel:372 5629 3090\">+372 5629 3090<\/a>\t\t<\/p>\n<h3>\n                                Ask for an offer!                            <\/h3>\n<p>                                Find out how our innovative solutions can tidy up your accounting and simplify your business analyses.                            <\/p>\n<style>#gform_wrapper_38[data-form-index=\"2\"].gform-theme,[data-parent-form=\"38_2\"]{--gf-color-primary: #204ce5;--gf-color-primary-rgb: 32, 76, 229;--gf-color-primary-contrast: #fff;--gf-color-primary-contrast-rgb: 255, 255, 255;--gf-color-primary-darker: #001AB3;--gf-color-primary-lighter: #527EFF;--gf-color-secondary: #fff;--gf-color-secondary-rgb: 255, 255, 255;--gf-color-secondary-contrast: #112337;--gf-color-secondary-contrast-rgb: 17, 35, 55;--gf-color-secondary-darker: #F5F5F5;--gf-color-secondary-lighter: #FFFFFF;--gf-color-out-ctrl-light: rgba(17, 35, 55, 0.1);--gf-color-out-ctrl-light-rgb: 17, 35, 55;--gf-color-out-ctrl-light-darker: rgba(104, 110, 119, 0.35);--gf-color-out-ctrl-light-lighter: #F5F5F5;--gf-color-out-ctrl-dark: #585e6a;--gf-color-out-ctrl-dark-rgb: 88, 94, 106;--gf-color-out-ctrl-dark-darker: #112337;--gf-color-out-ctrl-dark-lighter: rgba(17, 35, 55, 0.65);--gf-color-in-ctrl: #fff;--gf-color-in-ctrl-rgb: 255, 255, 255;--gf-color-in-ctrl-contrast: #112337;--gf-color-in-ctrl-contrast-rgb: 17, 35, 55;--gf-color-in-ctrl-darker: #F5F5F5;--gf-color-in-ctrl-lighter: #FFFFFF;--gf-color-in-ctrl-primary: #204ce5;--gf-color-in-ctrl-primary-rgb: 32, 76, 229;--gf-color-in-ctrl-primary-contrast: #fff;--gf-color-in-ctrl-primary-contrast-rgb: 255, 255, 255;--gf-color-in-ctrl-primary-darker: #001AB3;--gf-color-in-ctrl-primary-lighter: #527EFF;--gf-color-in-ctrl-light: rgba(17, 35, 55, 0.1);--gf-color-in-ctrl-light-rgb: 17, 35, 55;--gf-color-in-ctrl-light-darker: rgba(104, 110, 119, 0.35);--gf-color-in-ctrl-light-lighter: #F5F5F5;--gf-color-in-ctrl-dark: #585e6a;--gf-color-in-ctrl-dark-rgb: 88, 94, 106;--gf-color-in-ctrl-dark-darker: #112337;--gf-color-in-ctrl-dark-lighter: rgba(17, 35, 55, 0.65);--gf-radius: 3px;--gf-font-size-secondary: 14px;--gf-font-size-tertiary: 13px;--gf-icon-ctrl-number: url(\"data:image\/svg+xml,%3Csvg width='8' height='14' viewBox='0 0 8 14' fill='none' xmlns='http:\/\/www.w3.org\/2000\/svg'%3E%3Cpath fill-rule='evenodd' clip-rule='evenodd' d='M4 0C4.26522 5.96046e-08 4.51957 0.105357 4.70711 0.292893L7.70711 3.29289C8.09763 3.68342 8.09763 4.31658 7.70711 4.70711C7.31658 5.09763 6.68342 5.09763 6.29289 4.70711L4 2.41421L1.70711 4.70711C1.31658 5.09763 0.683417 5.09763 0.292893 4.70711C-0.0976311 4.31658 -0.097631 3.68342 0.292893 3.29289L3.29289 0.292893C3.48043 0.105357 3.73478 0 4 0ZM0.292893 9.29289C0.683417 8.90237 1.31658 8.90237 1.70711 9.29289L4 11.5858L6.29289 9.29289C6.68342 8.90237 7.31658 8.90237 7.70711 9.29289C8.09763 9.68342 8.09763 10.3166 7.70711 10.7071L4.70711 13.7071C4.31658 14.0976 3.68342 14.0976 3.29289 13.7071L0.292893 10.7071C-0.0976311 10.3166 -0.0976311 9.68342 0.292893 9.29289Z' fill='rgba(17, 35, 55, 0.65)'\/%3E%3C\/svg%3E\");--gf-icon-ctrl-select: url(\"data:image\/svg+xml,%3Csvg width='10' height='6' viewBox='0 0 10 6' fill='none' xmlns='http:\/\/www.w3.org\/2000\/svg'%3E%3Cpath fill-rule='evenodd' clip-rule='evenodd' d='M0.292893 0.292893C0.683417 -0.097631 1.31658 -0.097631 1.70711 0.292893L5 3.58579L8.29289 0.292893C8.68342 -0.0976311 9.31658 -0.0976311 9.70711 0.292893C10.0976 0.683417 10.0976 1.31658 9.70711 1.70711L5.70711 5.70711C5.31658 6.09763 4.68342 6.09763 4.29289 5.70711L0.292893 1.70711C-0.0976311 1.31658 -0.0976311 0.683418 0.292893 0.292893Z' fill='rgba(17, 35, 55, 0.65)'\/%3E%3C\/svg%3E\");--gf-icon-ctrl-search: url(\"data:image\/svg+xml,%3Csvg version='1.1' xmlns='http:\/\/www.w3.org\/2000\/svg' width='640' height='640'%3E%3Cpath d='M256 128c-70.692 0-128 57.308-128 128 0 70.691 57.308 128 128 128 70.691 0 128-57.309 128-128 0-70.692-57.309-128-128-128zM64 256c0-106.039 85.961-192 192-192s192 85.961 192 192c0 41.466-13.146 79.863-35.498 111.248l154.125 154.125c12.496 12.496 12.496 32.758 0 45.254s-32.758 12.496-45.254 0L367.248 412.502C335.862 434.854 297.467 448 256 448c-106.039 0-192-85.962-192-192z' fill='rgba(17, 35, 55, 0.65)'\/%3E%3C\/svg%3E\");--gf-label-space-y-secondary: var(--gf-label-space-y-md-secondary);--gf-ctrl-border-color: #686e77;--gf-ctrl-size: var(--gf-ctrl-size-md);--gf-ctrl-label-color-primary: #112337;--gf-ctrl-label-color-secondary: #112337;--gf-ctrl-choice-size: var(--gf-ctrl-choice-size-md);--gf-ctrl-checkbox-check-size: var(--gf-ctrl-checkbox-check-size-md);--gf-ctrl-radio-check-size: var(--gf-ctrl-radio-check-size-md);--gf-ctrl-btn-font-size: var(--gf-ctrl-btn-font-size-md);--gf-ctrl-btn-padding-x: var(--gf-ctrl-btn-padding-x-md);--gf-ctrl-btn-size: var(--gf-ctrl-btn-size-md);--gf-ctrl-btn-border-color-secondary: #686e77;--gf-ctrl-file-btn-bg-color-hover: #EBEBEB;--gf-field-pg-steps-number-color: rgba(17, 35, 55, 0.8);}<\/style>\n<p class='gform_required_legend'>&quot;*&quot; indicates required fields<\/p>\n<form method='post' enctype='multipart\/form-data'  id='gform_38'  action='\/wp-admin\/admin-ajax.php' data-formid='38' novalidate>\n                        <label class='gfield_label gform-field-label' for='input_38_1'>Name*<\/label><input name='input_1' id='input_38_1' type='text' value='' class='large'    placeholder='Enter your first name' aria-required=\"true\" aria-invalid=\"false\"   \/> <label class='gfield_label gform-field-label' for='input_38_9'>Email*<\/label><input name='input_9' id='input_38_9' type='text' value='' class='large'    placeholder='Enter you email address' aria-required=\"true\" aria-invalid=\"false\"   \/> <label class='gfield_label gform-field-label' for='input_38_6'>Message*<\/label><textarea name='input_6' id='input_38_6' class='textarea medium'    placeholder='Type message here' aria-required=\"true\" aria-invalid=\"false\"   rows='10' cols='50'><\/textarea><\/p>\n<fieldset id=\"field_38_7\"  data-js-reload=\"field_38_7\" >\n<legend class='gfield_label gform-field-label screen-reader-text gfield_label_before_complex' ><\/legend>\n<p>\t\t\t\t\t\t\t\t<input class='gfield-choice-input' name='input_7.1' type='checkbox'  value='I agree with the  &lt;a href=&quot;https:\/\/grow.ee\/privacy-policy\/?lang=en&quot; target=&quot;_blank&quot;&gt; Privacy Policy&lt;\/a&gt; of Grow Finance *'  id='choice_38_7_1'   \/><br \/>\n\t\t\t\t\t\t\t\t<label for='choice_38_7_1' id='label_38_7_1' class='gform-field-label gform-field-label--type-inline'>I agree with the  <a href=\"https:\/\/grow.ee\/privacy-policy\/?lang=en\" target=\"_blank\" rel=\"noopener\"> Privacy Policy<\/a> of Grow Finance *<\/label><br \/>\n\t\t\t\t\t\t\t<\/fieldset>\n<fieldset id=\"field_38_8\"  data-js-reload=\"field_38_8\" >\n<legend class='gfield_label gform-field-label screen-reader-text gfield_label_before_complex' ><\/legend>\n<p>\t\t\t\t\t\t\t\t<input class='gfield-choice-input' name='input_8.1' type='checkbox'  value='I give my consent to Grow Finance to receive news about Grow Finance by e-mail (NB! You can always withdraw your consent)'  id='choice_38_8_1'   \/><br \/>\n\t\t\t\t\t\t\t\t<label for='choice_38_8_1' id='label_38_8_1' class='gform-field-label gform-field-label--type-inline'>I give my consent to Grow Finance to receive news about Grow Finance by e-mail (NB! You can always withdraw your consent)<\/label><br \/>\n\t\t\t\t\t\t\t<\/fieldset>\n<p><label class='gfield_label gform-field-label' for='input_38_10'>Name<\/label><input name='input_10' id='input_38_10' type='text' value='' autocomplete='new-password'\/>This field is for validation purposes and should be left unchanged.<br \/>\n         <input type='submit' id='gform_submit_button_38' class='gform_button button' value='Submit'  onclick='if(window[\"gf_submitting_38\"]){return false;}  if( !jQuery(\"#gform_38\")[0].checkValidity || jQuery(\"#gform_38\")[0].checkValidity()){window[\"gf_submitting_38\"]=true;}  ' onkeypress='if( event.keyCode == 13 ){ if(window[\"gf_submitting_38\"]){return false;} if( !jQuery(\"#gform_38\")[0].checkValidity || jQuery(\"#gform_38\")[0].checkValidity()){window[\"gf_submitting_38\"]=true;}  jQuery(\"#gform_38\").trigger(\"submit\",[true]); }' \/><br \/>\n            <input type='hidden' class='gform_hidden' name='is_submit_38' value='1' \/><br \/>\n            <input type='hidden' class='gform_hidden' name='gform_submit' value='38' \/><br \/>\n            <input type='hidden' class='gform_hidden' name='gform_unique_id' value='' \/><br \/>\n            <input type='hidden' class='gform_hidden' name='state_38' value='WyJbXSIsImNlN2ZhMjFiYWU4Y2Q0MThkZDUyNmI3NGRhZTk1Y2NkIl0=' \/><br \/>\n            <input type='hidden' class='gform_hidden' name='gform_target_page_number_38' id='gform_target_page_number_38' value='0' \/><br \/>\n            <input type='hidden' class='gform_hidden' name='gform_source_page_number_38' id='gform_source_page_number_38' value='1' \/><br \/>\n            <input type='hidden' name='gform_field_values' value='' \/><br \/>\n                        <\/form>\n","protected":false},"excerpt":{"rendered":"<p>Financial services for a growing company Grow Finance &#8211; the best financial professionals have joined forces! VIEW OUR ACCOUNTING PACKAGES What are we doing? Our services Accounting A well-organized accounting service gives business managers the opportunity to see what is happening both inside and around the company. Payroll In addition to various changes in the [&#8230;]\n","protected":false},"author":24,"featured_media":0,"parent":0,"menu_order":0,"comment_status":"closed","ping_status":"closed","template":"elementor_header_footer","meta":{"footnotes":""},"class_list":["post-11235","page","type-page","status-publish","hentry"],"_links":{"self":[{"href":"https:\/\/grow.ee\/en\/wp-json\/wp\/v2\/pages\/11235","targetHints":{"allow":["GET"]}}],"collection":[{"href":"https:\/\/grow.ee\/en\/wp-json\/wp\/v2\/pages"}],"about":[{"href":"https:\/\/grow.ee\/en\/wp-json\/wp\/v2\/types\/page"}],"author":[{"embeddable":true,"href":"https:\/\/grow.ee\/en\/wp-json\/wp\/v2\/users\/24"}],"replies":[{"embeddable":true,"href":"https:\/\/grow.ee\/en\/wp-json\/wp\/v2\/comments?post=11235"}],"version-history":[{"count":42,"href":"https:\/\/grow.ee\/en\/wp-json\/wp\/v2\/pages\/11235\/revisions"}],"predecessor-version":[{"id":12728,"href":"https:\/\/grow.ee\/en\/wp-json\/wp\/v2\/pages\/11235\/revisions\/12728"}],"wp:attachment":[{"href":"https:\/\/grow.ee\/en\/wp-json\/wp\/v2\/media?parent=11235"}],"curies":[{"name":"wp","href":"https:\/\/api.w.org\/{rel}","templated":true}]}}